{"id":8806,"date":"2024-03-21T12:51:56","date_gmt":"2024-03-21T12:51:56","guid":{"rendered":"https:\/\/themeholt.com\/about\/"},"modified":"2024-09-20T12:08:38","modified_gmt":"2024-09-20T12:08:38","slug":"um","status":"publish","type":"page","link":"https:\/\/themeholt.com\/de\/um\/","title":{"rendered":"Um"},"content":{"rendered":"\n<div class=\"wp-block-group\"><div class=\"wp-block-group__inner-container is-layout-flow wp-block-group-is-layout-flow\">\n<div class=\"wp-block-columns are-vertically-aligned-center is-layout-flex wp-container-core-columns-is-layout-9d6595d7 wp-block-columns-is-layout-flex\">\n<div class=\"wp-block-column is-vertically-aligned-center is-layout-flow wp-block-column-is-layout-flow\"><div class=\"wp-block-image\">\n<figure class=\"aligncenter size-full\"><img loading=\"lazy\" decoding=\"async\" width=\"721\" height=\"346\" src=\"https:\/\/themeholt.com\/wp-content\/uploads\/2024\/03\/various-coffee-time-templates-screen_23-2148433369-removebg-preview.png\" alt=\"\" class=\"wp-image-7219\" srcset=\"https:\/\/themeholt.com\/wp-content\/uploads\/2024\/03\/various-coffee-time-templates-screen_23-2148433369-removebg-preview.png 721w, https:\/\/themeholt.com\/wp-content\/uploads\/2024\/03\/various-coffee-time-templates-screen_23-2148433369-removebg-preview-300x144.png 300w, https:\/\/themeholt.com\/wp-content\/uploads\/2024\/03\/various-coffee-time-templates-screen_23-2148433369-removebg-preview-142x68.png 142w, https:\/\/themeholt.com\/wp-content\/uploads\/2024\/03\/various-coffee-time-templates-screen_23-2148433369-removebg-preview-679x326.png 679w, https:\/\/themeholt.com\/wp-content\/uploads\/2024\/03\/various-coffee-time-templates-screen_23-2148433369-removebg-preview-477x229.png 477w, https:\/\/themeholt.com\/wp-content\/uploads\/2024\/03\/various-coffee-time-templates-screen_23-2148433369-removebg-preview-600x288.png 600w\" sizes=\"auto, (max-width: 721px) 100vw, 721px\" \/><\/figure><\/div><\/div>\n\n\n\n<div class=\"wp-block-column is-vertically-aligned-center Welcome-1 is-layout-flow wp-block-column-is-layout-flow\">\n<h1 class=\"wp-block-heading About-Wordpress-head has-black-color has-text-color has-link-color wp-elements-a7fb53cf63cc8cc5d08c9f44887c4013\" id=\"h-betreten-sie-den-weltweit-grossten-marktplatz-fur-tolle-wordpress-themes\">Betreten Sie den weltweit gr\u00f6\u00dften Marktplatz f\u00fcr tolle<br>WordPress-Themes<\/h1>\n\n\n\n<p>Themeholt ist eine Website, die hochwertige WordPress-Themes anbietet, die einfach zu verwenden und f\u00fcr so ziemlich alles geeignet sind. Seit 2020 bietet das in Eindhoven, Niederlande, ans\u00e4ssige Unternehmen einfache, zug\u00e4ngliche WordPress-Themes an, indem es eine Vielzahl von Anforderungen erf\u00fcllt.<br>Themeholt konzentriert sich auf Praktikabilit\u00e4t und Effizienz und erm\u00f6glicht mit seinem \u00fcberlegenen Marktplatz und benutzerfreundlichen Vorlagen eine schnellere Projektabwicklung.<\/p>\n<\/div>\n<\/div>\n<\/div><\/div>\n\n\n\n<p class=\"has-text-align-center\"><\/p>\n\n\n\n<div class=\"wp-block-columns is-layout-flex wp-container-core-columns-is-layout-9d6595d7 wp-block-columns-is-layout-flex\">\n<div class=\"wp-block-column is-layout-flow wp-block-column-is-layout-flow\" id=\"features-2\">\n<h3 class=\"wp-block-heading\" id=\"h-funktionen-des-wordpress-themes\"><strong>Funktionen des WordPress-Themes<\/strong><\/h3>\n<\/div>\n<\/div>\n\n\n\n<div class=\"wp-block-columns is-layout-flex wp-container-core-columns-is-layout-9d6595d7 wp-block-columns-is-layout-flex\">\n<div class=\"wp-block-column is-vertically-aligned-center solid-code1 is-layout-flow wp-block-column-is-layout-flow\">\n<h5 class=\"wp-block-heading has-text-align-center\" id=\"h-solider-code\"><strong>Solider Code<\/strong><\/h5>\n\n\n\n<p class=\"has-text-align-center\">Unsere Designs sind mit sauberem, einfachem Code gestaltet, der schnelle Website- Ladegeschwindigkeiten sowie eine einfache Anpassung gew\u00e4hrleistet.<\/p>\n\n\n\n<p class=\"has-text-align-center\"><\/p>\n<\/div>\n\n\n\n<div class=\"wp-block-column is-vertically-aligned-center solid-code1 is-layout-flow wp-block-column-is-layout-flow\">\n<h5 class=\"wp-block-heading has-text-align-center\" id=\"h-einfache-anpassung\"><strong>Einfache Anpassung<\/strong><\/h5>\n\n\n\n<p class=\"has-text-align-center\">Mit unseren Anpassungstools k\u00f6nnen Sie Ihre Websites ganz einfach personalisieren und gestalten, damit sie genau Ihren Anforderungen entsprechen.<\/p>\n\n\n\n<p class=\"has-text-align-center\"><\/p>\n<\/div>\n\n\n\n<div class=\"wp-block-column is-vertically-aligned-center solid-code1 is-layout-flow wp-block-column-is-layout-flow\">\n<h5 class=\"wp-block-heading has-text-align-center\" id=\"h-seo-optimierung\"><strong>SEO-Optimierung<\/strong><\/h5>\n\n\n\n<p class=\"has-text-align-center\">Keine Sorge, unsere Themen sind f\u00fcr Suchmaschinen optimiert und sorgen f\u00fcr hervorragende Sichtbarkeit und hohe Platzierungen in den SERPs von Google.<\/p>\n\n\n\n<p class=\"has-text-align-center\"><\/p>\n<\/div>\n<\/div>\n\n\n\n<div class=\"wp-block-columns is-layout-flex wp-container-core-columns-is-layout-9d6595d7 wp-block-columns-is-layout-flex\">\n<div class=\"wp-block-column is-vertically-aligned-center solid-code1 is-layout-flow wp-block-column-is-layout-flow\">\n<h5 class=\"wp-block-heading has-text-align-center\" id=\"h-100-mobilfreundliche-designs\"><strong><strong>100 % mobilfreundliche Designs<\/strong><\/strong><\/h5>\n\n\n\n<p class=\"has-text-align-center\">Mit unseren mobil-responsiven Designs passt sich Ihre Website einfach an, um auf<br>verschiedenen Mobilger\u00e4ten sowie Desktop-Computern zu funktionieren.<\/p>\n\n\n\n<p class=\"has-text-align-center\"><\/p>\n<\/div>\n\n\n\n<div class=\"wp-block-column is-vertically-aligned-center solid-code1 is-layout-flow wp-block-column-is-layout-flow\">\n<h5 class=\"wp-block-heading has-text-align-center\" id=\"h-einfache-designoptionen\"><strong><strong><strong>Einfache Designoptionen<\/strong><\/strong><\/strong><\/h5>\n\n\n\n<p class=\"has-text-align-center\">Mit der flexiblen Admin-Dashboard-Option k\u00f6nnen Sie die Website-Inhaltsverwaltung m\u00fchelos und ohne Codierung durchf\u00fchren.<\/p>\n\n\n\n<p class=\"has-text-align-center\"><\/p>\n<\/div>\n\n\n\n<div class=\"wp-block-column is-vertically-aligned-center solid-code1 is-layout-flow wp-block-column-is-layout-flow\">\n<h5 class=\"wp-block-heading has-text-align-center\" id=\"h-dedizierter-support\"><strong><strong>Dedizierter Support<\/strong><\/strong><\/h5>\n\n\n\n<p class=\"has-text-align-center\">Bei Anliegen und Fragen steht Ihnen unser engagiertes und reaktionsschnelles Team rund um die Uhr zur Verf\u00fcgung.<\/p>\n\n\n\n<p class=\"has-text-align-center\"><\/p>\n<\/div>\n<\/div>\n\n\n\n<div class=\"wp-block-columns are-vertically-aligned-center Themeholt Offers-1 is-layout-flex wp-container-core-columns-is-layout-9d6595d7 wp-block-columns-is-layout-flex\">\n<div class=\"wp-block-column is-vertically-aligned-center is-layout-flow wp-block-column-is-layout-flow\" style=\"flex-basis:50%\">\n<div class=\"wp-block-group\"><div class=\"wp-block-group__inner-container is-layout-flow wp-block-group-is-layout-flow\">\n<h2 class=\"wp-block-heading About-Wordpress-head\" id=\"h-themeholt-bietet-innovative-wordpress-themes\"><strong>Themeholt bietet innovative WordPress-Themes!<\/strong><\/h2>\n\n\n\n<p>Bei Themeholt hat unser Team hart daran gearbeitet, eine Sammlung einzigartiger und erschwinglicher WordPress-Themes zu erstellen. Unsere Vorlagen sind darauf ausgelegt, Ihrem Unternehmen, Blog oder Portfolio ein gro\u00dfartiges Aussehen zu verleihen und Ihre Online-Pr\u00e4senz zu st\u00e4rken. Wir glauben daran, die Dinge einfach und stilvoll zu halten.<\/p>\n\n\n\n<p>Unsere Themen vereinen klassische und moderne Stile, um Ihren Inhalt zum Strahlen zu bringen. Egal, ob Sie Firmeninhaber, Blogger, Autor, K\u00fcnstler, Freiberufler, Fotograf, Designer oder Entwickler sind, Sie werden Themeholt lieben.<\/p>\n<\/div><\/div>\n<\/div>\n\n\n\n<div class=\"wp-block-column is-vertically-aligned-center is-layout-flow wp-block-column-is-layout-flow\" style=\"flex-basis:50%\"><div class=\"wp-block-image\">\n<figure class=\"aligncenter size-full\"><img loading=\"lazy\" decoding=\"async\" width=\"478\" height=\"250\" src=\"https:\/\/themeholt.com\/wp-content\/uploads\/2024\/03\/theme-1.jpg\" alt=\"\" class=\"wp-image-7227\" style=\"object-fit:cover\" srcset=\"https:\/\/themeholt.com\/wp-content\/uploads\/2024\/03\/theme-1.jpg 478w, https:\/\/themeholt.com\/wp-content\/uploads\/2024\/03\/theme-1-300x157.jpg 300w, https:\/\/themeholt.com\/wp-content\/uploads\/2024\/03\/theme-1-130x68.jpg 130w\" sizes=\"auto, (max-width: 478px) 100vw, 478px\" \/><\/figure><\/div><\/div>\n<\/div>\n\n\n\n<div class=\"wp-block-columns is-layout-flex wp-container-core-columns-is-layout-9d6595d7 wp-block-columns-is-layout-flex\">\n<div class=\"wp-block-column is-layout-flow wp-block-column-is-layout-flow\" style=\"flex-basis:100%\">\n<div class=\"wp-block-group enjoyed-2\"><div class=\"wp-block-group__inner-container is-layout-flow wp-block-group-is-layout-flow\">\n<div class=\"wp-block-group\"><div class=\"wp-block-group__inner-container is-layout-flow wp-block-group-is-layout-flow\">\n<p>Unser Team aus Entwicklern und Designern ist leidenschaftlich daran interessiert, coole Sachen zu kreieren. Wir finden WordPress gro\u00dfartig, weil es vielseitig, leistungsstark und einfach zu verwenden ist \u2013 perfekt f\u00fcr jeden Entwickler.<\/p>\n\n\n\n<p>Alle unsere Themes werden von uns erstellt, getestet und unterst\u00fctzt. Wenn Sie sich uns anschlie\u00dfen, erhalten Sie Zugriff auf alle unsere Themes, Neuerscheinungen und unser Support-Forum. Wir sind hier, um Ihnen zu helfen, das Beste aus WordPress herauszuholen.<\/p>\n<\/div><\/div>\n<\/div><\/div>\n<\/div>\n<\/div>\n\n\n\n<div class=\"wp-block-columns is-layout-flex wp-container-core-columns-is-layout-9d6595d7 wp-block-columns-is-layout-flex\">\n<div class=\"wp-block-column World-2 is-layout-flow wp-block-column-is-layout-flow\">\n<h2 class=\"wp-block-heading\" id=\"h-unzahlige-designoptionen-auf-knopfdruck\"><strong>Unz\u00e4hlige Designoptionen auf Knopfdruck<\/strong><\/h2>\n\n\n\n<p>Auf Themeholt k\u00f6nnen Sie Ihre ideale Vorlage ausw\u00e4hlen, sie mit einem coolen Bild kombinieren und eine sch\u00f6ne Schriftart ausw\u00e4hlen. Es gibt Tausende von Designoptionen, die hervorragend zusammenpassen.<\/p>\n\n\n\n<p>Unsere Website-Themen sind erstklassig und k\u00f6nnen auf jeder Art von Website verwendet werden. Sie verf\u00fcgen \u00fcber ein Kontaktformular, viele Farboptionen und moderne Designs. Sie k\u00f6nnen sowohl zwischen HTML- als auch Bootstrap-Vorlagen w\u00e4hlen. Noch nie war es so einfach, eine professionelle Website zu erstellen.<\/p>\n\n\n\n<p>Wenn Sie mehr Funktionen und Optionen zum Anpassen Ihrer Website w\u00fcnschen, sind Premium-WordPress-Themes die beste Option f\u00fcr Sie.<\/p>\n<\/div>\n<\/div>\n\n\n\n<p><\/p>\n\n\n\n<div class=\"wp-block-columns is-layout-flex wp-container-core-columns-is-layout-9d6595d7 wp-block-columns-is-layout-flex\">\n<div class=\"wp-block-column is-vertically-aligned-center is-layout-flow wp-block-column-is-layout-flow\" style=\"flex-basis:50%\">\n<div class=\"wp-block-group\"><div class=\"wp-block-group__inner-container is-layout-flow wp-block-group-is-layout-flow\"><div class=\"wp-block-image\">\n<figure class=\"aligncenter size-full\"><a href=\"https:\/\/themeholt.com\/wp-content\/uploads\/2024\/02\/kit-elementor-22-removebg-preview.png\"><img loading=\"lazy\" decoding=\"async\" width=\"632\" height=\"395\" src=\"https:\/\/themeholt.com\/wp-content\/uploads\/2024\/02\/kit-elementor-22-removebg-preview.png\" alt=\"\" class=\"wp-image-6870\" srcset=\"https:\/\/themeholt.com\/wp-content\/uploads\/2024\/02\/kit-elementor-22-removebg-preview.png 632w, https:\/\/themeholt.com\/wp-content\/uploads\/2024\/02\/kit-elementor-22-removebg-preview-300x188.png 300w, https:\/\/themeholt.com\/wp-content\/uploads\/2024\/02\/kit-elementor-22-removebg-preview-109x68.png 109w, https:\/\/themeholt.com\/wp-content\/uploads\/2024\/02\/kit-elementor-22-removebg-preview-622x389.png 622w, https:\/\/themeholt.com\/wp-content\/uploads\/2024\/02\/kit-elementor-22-removebg-preview-477x298.png 477w, https:\/\/themeholt.com\/wp-content\/uploads\/2024\/02\/kit-elementor-22-removebg-preview-600x375.png 600w\" sizes=\"auto, (max-width: 632px) 100vw, 632px\" \/><\/a><\/figure><\/div><\/div><\/div>\n<\/div>\n\n\n\n<div class=\"wp-block-column is-vertically-aligned-center is-layout-flow wp-block-column-is-layout-flow\" style=\"flex-basis:50%\">\n<div class=\"wp-block-group\"><div class=\"wp-block-group__inner-container is-layout-flow wp-block-group-is-layout-flow\">\n<h2 class=\"wp-block-heading About-Wordpress-head\" id=\"h-greifen-sie-auf-eine-endlose-sammlung-von-wordpress-themes-und-vorlagen-zu\">Greifen Sie auf eine endlose Sammlung von WordPress-Themes und -Vorlagen zu.<\/h2>\n<\/div><\/div>\n\n\n\n<p>Bei Themeholt haben wir WordPress-Themes f\u00fcr jeden \u2013 sie sind einfach zu verwenden, sehen auf jedem Ger\u00e4t gro\u00dfartig aus und laden superschnell.<\/p>\n\n\n\n<p>Mit unseren Themes k\u00f6nnen Sie endlich die Website erstellen, von der Sie schon immer getr\u00e4umt haben. Sie sind vollgepackt mit Funktionen und k\u00f6nnen individuell an Ihren Stil angepasst werden.<\/p>\n\n\n\n<p>Wenn Sie die besten WordPress-Themes suchen, sind Sie bei Themeholt genau richtig. Unsere Vorlagen helfen Ihnen, Ihr Unternehmen im besten Licht zu pr\u00e4sentieren.<\/p>\n\n\n\n<p><\/p>\n\n\n\n<p><\/p>\n<\/div>\n<\/div>\n\n\n\n<p>Mit unseren Designs k\u00f6nnen Sie eine voll funktionsf\u00e4hige Website mit all Ihren Produkten und Dienstleistungen erstellen. Und machen Sie sich keine Sorgen um die Kompatibilit\u00e4t \u2013 unsere Designs funktionieren nahtlos mit der neuesten Version von WordPress.<\/p>\n\n\n\n<p>Unsere einfachen, aber wirkungsvollen Designs sorgen daf\u00fcr, dass Ihre Inhalte hervorstechen und die Aufmerksamkeit der Besucher fesseln.<\/p>\n\n\n\n<p>Wir wissen, wie wichtig eine starke Onlinepr\u00e4senz f\u00fcr Unternehmen ist. Deshalb haben wir f\u00fcr Sie die besten WordPress-Themes ausgew\u00e4hlt. Schauen Sie sich um und finden Sie heraus, wie Sie die Besucher Ihrer Website beeindrucken k\u00f6nnen.<\/p>\n","protected":false},"excerpt":{"rendered":"<p>Betreten Sie den weltweit gr\u00f6\u00dften Marktplatz f\u00fcr tolleWordPress-Themes Themeholt ist eine Website, die<a class=\"read-more\" href=\"https:\/\/themeholt.com\/de\/um\/\">&#8230;<\/a><\/p>\n","protected":false},"author":4,"featured_media":8808,"parent":0,"menu_order":0,"comment_status":"closed","ping_status":"closed","template":"","meta":{"_acf_changed":false,"inline_featured_image":false,"footnotes":""},"class_list":["post-8806","page","type-page","status-publish","has-post-thumbnail","hentry"],"acf":[],"yoast_head":"<!-- This site is optimized with the Yoast SEO Premium plugin v22.1 (Yoast SEO v26.0) - https:\/\/yoast.com\/wordpress\/plugins\/seo\/ -->\n<title>About - Innovative WordPress Themes | Themeholt<\/title>\n<meta name=\"description\" content=\"Get innovative WordPress themes at an affordable price. Find unique designs with customizable options and features. Learn more about us!\" \/>\n<meta name=\"robots\" content=\"index, follow, max-snippet:-1, max-image-preview:large, max-video-preview:-1\" \/>\n<link rel=\"canonical\" href=\"https:\/\/themeholt.com\/de\/um\/\" \/>\n<meta property=\"og:locale\" content=\"de_DE\" \/>\n<meta property=\"og:type\" content=\"article\" \/>\n<meta property=\"og:title\" content=\"Um\" \/>\n<meta property=\"og:description\" content=\"Get innovative WordPress themes at an affordable price. Find unique designs with customizable options and features. Learn more about us!\" \/>\n<meta property=\"og:url\" content=\"https:\/\/themeholt.com\/de\/um\/\" \/>\n<meta property=\"og:site_name\" content=\"ThemeHolt\" \/>\n<meta property=\"article:publisher\" content=\"https:\/\/www.facebook.com\/themeholtT\" \/>\n<meta property=\"article:modified_time\" content=\"2024-09-20T12:08:38+00:00\" \/>\n<meta property=\"og:image\" content=\"https:\/\/themeholt.com\/wp-content\/uploads\/2023\/02\/Best-WordPress-Child-Themes-4.jpg\" \/>\n\t<meta property=\"og:image:width\" content=\"1680\" \/>\n\t<meta property=\"og:image:height\" content=\"924\" \/>\n\t<meta property=\"og:image:type\" content=\"image\/jpeg\" \/>\n<meta name=\"twitter:card\" content=\"summary_large_image\" \/>\n<meta name=\"twitter:site\" content=\"@ThemeholtT\" \/>\n<meta name=\"twitter:label1\" content=\"Gesch\u00e4tzte Lesezeit\" \/>\n\t<meta name=\"twitter:data1\" content=\"4\u00a0Minuten\" \/>\n<script type=\"application\/ld+json\" class=\"yoast-schema-graph\">{\"@context\":\"https:\/\/schema.org\",\"@graph\":[{\"@type\":\"WebPage\",\"@id\":\"https:\/\/themeholt.com\/de\/um\/\",\"url\":\"https:\/\/themeholt.com\/de\/um\/\",\"name\":\"About - Innovative WordPress Themes | Themeholt\",\"isPartOf\":{\"@id\":\"https:\/\/themeholt.com\/#website\"},\"primaryImageOfPage\":{\"@id\":\"https:\/\/themeholt.com\/de\/um\/#primaryimage\"},\"image\":{\"@id\":\"https:\/\/themeholt.com\/de\/um\/#primaryimage\"},\"thumbnailUrl\":\"https:\/\/themeholt.com\/wp-content\/uploads\/2023\/02\/Best-WordPress-Child-Themes-4.jpg\",\"datePublished\":\"2024-03-21T12:51:56+00:00\",\"dateModified\":\"2024-09-20T12:08:38+00:00\",\"description\":\"Get innovative WordPress themes at an affordable price. Find unique designs with customizable options and features. Learn more about us!\",\"breadcrumb\":{\"@id\":\"https:\/\/themeholt.com\/de\/um\/#breadcrumb\"},\"inLanguage\":\"de\",\"potentialAction\":[{\"@type\":\"ReadAction\",\"target\":[\"https:\/\/themeholt.com\/de\/um\/\"]}]},{\"@type\":\"ImageObject\",\"inLanguage\":\"de\",\"@id\":\"https:\/\/themeholt.com\/de\/um\/#primaryimage\",\"url\":\"https:\/\/themeholt.com\/wp-content\/uploads\/2023\/02\/Best-WordPress-Child-Themes-4.jpg\",\"contentUrl\":\"https:\/\/themeholt.com\/wp-content\/uploads\/2023\/02\/Best-WordPress-Child-Themes-4.jpg\",\"width\":1680,\"height\":924},{\"@type\":\"BreadcrumbList\",\"@id\":\"https:\/\/themeholt.com\/de\/um\/#breadcrumb\",\"itemListElement\":[{\"@type\":\"ListItem\",\"position\":1,\"name\":\"Home\",\"item\":\"https:\/\/themeholt.com\/de\/\"},{\"@type\":\"ListItem\",\"position\":2,\"name\":\"Um\"}]},{\"@type\":\"WebSite\",\"@id\":\"https:\/\/themeholt.com\/#website\",\"url\":\"https:\/\/themeholt.com\/\",\"name\":\"ThemeHolt\",\"description\":\"Themeholt is a website that offers high-quality WordPress themes\",\"publisher\":{\"@id\":\"https:\/\/themeholt.com\/#organization\"},\"potentialAction\":[{\"@type\":\"SearchAction\",\"target\":{\"@type\":\"EntryPoint\",\"urlTemplate\":\"https:\/\/themeholt.com\/?s={search_term_string}\"},\"query-input\":{\"@type\":\"PropertyValueSpecification\",\"valueRequired\":true,\"valueName\":\"search_term_string\"}}],\"inLanguage\":\"de\"},{\"@type\":\"Organization\",\"@id\":\"https:\/\/themeholt.com\/#organization\",\"name\":\"ThemeHolt\",\"alternateName\":\"ThemeHolt\",\"url\":\"https:\/\/themeholt.com\/\",\"logo\":{\"@type\":\"ImageObject\",\"inLanguage\":\"de\",\"@id\":\"https:\/\/themeholt.com\/#\/schema\/logo\/image\/\",\"url\":\"https:\/\/themeholt.com\/wp-content\/uploads\/2024\/10\/themeholt.png\",\"contentUrl\":\"https:\/\/themeholt.com\/wp-content\/uploads\/2024\/10\/themeholt.png\",\"width\":225,\"height\":225,\"caption\":\"ThemeHolt\"},\"image\":{\"@id\":\"https:\/\/themeholt.com\/#\/schema\/logo\/image\/\"},\"sameAs\":[\"https:\/\/www.facebook.com\/themeholtT\",\"https:\/\/x.com\/ThemeholtT\",\"https:\/\/www.linkedin.com\/company\/themeholt\",\"https:\/\/www.instagram.com\/themeholtt\/\"],\"description\":\"Themeholt is a website that offers high-quality WordPress themes that are easy to use and ready for just about everything. In Eindhoven, Netherlands, since 2020 offering simple, accessible WordPress themes by providing a variety of requirements. Themeholt focuses on practicality and efficiency, allowing faster project completion with its superior marketplace and easy-to-use templates.\",\"legalName\":\"ThemeHolt\",\"foundingDate\":\"2022-11-10\",\"numberOfEmployees\":{\"@type\":\"QuantitativeValue\",\"minValue\":\"51\",\"maxValue\":\"200\"}}]}<\/script>\n<!-- \/ Yoast SEO Premium plugin. -->","yoast_head_json":{"title":"About - Innovative WordPress Themes | Themeholt","description":"Get innovative WordPress themes at an affordable price. Find unique designs with customizable options and features. Learn more about us!","robots":{"index":"index","follow":"follow","max-snippet":"max-snippet:-1","max-image-preview":"max-image-preview:large","max-video-preview":"max-video-preview:-1"},"canonical":"https:\/\/themeholt.com\/de\/um\/","og_locale":"de_DE","og_type":"article","og_title":"Um","og_description":"Get innovative WordPress themes at an affordable price. Find unique designs with customizable options and features. Learn more about us!","og_url":"https:\/\/themeholt.com\/de\/um\/","og_site_name":"ThemeHolt","article_publisher":"https:\/\/www.facebook.com\/themeholtT","article_modified_time":"2024-09-20T12:08:38+00:00","og_image":[{"width":1680,"height":924,"url":"https:\/\/themeholt.com\/wp-content\/uploads\/2023\/02\/Best-WordPress-Child-Themes-4.jpg","type":"image\/jpeg"}],"twitter_card":"summary_large_image","twitter_site":"@ThemeholtT","twitter_misc":{"Gesch\u00e4tzte Lesezeit":"4\u00a0Minuten"},"schema":{"@context":"https:\/\/schema.org","@graph":[{"@type":"WebPage","@id":"https:\/\/themeholt.com\/de\/um\/","url":"https:\/\/themeholt.com\/de\/um\/","name":"About - Innovative WordPress Themes | Themeholt","isPartOf":{"@id":"https:\/\/themeholt.com\/#website"},"primaryImageOfPage":{"@id":"https:\/\/themeholt.com\/de\/um\/#primaryimage"},"image":{"@id":"https:\/\/themeholt.com\/de\/um\/#primaryimage"},"thumbnailUrl":"https:\/\/themeholt.com\/wp-content\/uploads\/2023\/02\/Best-WordPress-Child-Themes-4.jpg","datePublished":"2024-03-21T12:51:56+00:00","dateModified":"2024-09-20T12:08:38+00:00","description":"Get innovative WordPress themes at an affordable price. Find unique designs with customizable options and features. Learn more about us!","breadcrumb":{"@id":"https:\/\/themeholt.com\/de\/um\/#breadcrumb"},"inLanguage":"de","potentialAction":[{"@type":"ReadAction","target":["https:\/\/themeholt.com\/de\/um\/"]}]},{"@type":"ImageObject","inLanguage":"de","@id":"https:\/\/themeholt.com\/de\/um\/#primaryimage","url":"https:\/\/themeholt.com\/wp-content\/uploads\/2023\/02\/Best-WordPress-Child-Themes-4.jpg","contentUrl":"https:\/\/themeholt.com\/wp-content\/uploads\/2023\/02\/Best-WordPress-Child-Themes-4.jpg","width":1680,"height":924},{"@type":"BreadcrumbList","@id":"https:\/\/themeholt.com\/de\/um\/#breadcrumb","itemListElement":[{"@type":"ListItem","position":1,"name":"Home","item":"https:\/\/themeholt.com\/de\/"},{"@type":"ListItem","position":2,"name":"Um"}]},{"@type":"WebSite","@id":"https:\/\/themeholt.com\/#website","url":"https:\/\/themeholt.com\/","name":"ThemeHolt","description":"Themeholt is a website that offers high-quality WordPress themes","publisher":{"@id":"https:\/\/themeholt.com\/#organization"},"potentialAction":[{"@type":"SearchAction","target":{"@type":"EntryPoint","urlTemplate":"https:\/\/themeholt.com\/?s={search_term_string}"},"query-input":{"@type":"PropertyValueSpecification","valueRequired":true,"valueName":"search_term_string"}}],"inLanguage":"de"},{"@type":"Organization","@id":"https:\/\/themeholt.com\/#organization","name":"ThemeHolt","alternateName":"ThemeHolt","url":"https:\/\/themeholt.com\/","logo":{"@type":"ImageObject","inLanguage":"de","@id":"https:\/\/themeholt.com\/#\/schema\/logo\/image\/","url":"https:\/\/themeholt.com\/wp-content\/uploads\/2024\/10\/themeholt.png","contentUrl":"https:\/\/themeholt.com\/wp-content\/uploads\/2024\/10\/themeholt.png","width":225,"height":225,"caption":"ThemeHolt"},"image":{"@id":"https:\/\/themeholt.com\/#\/schema\/logo\/image\/"},"sameAs":["https:\/\/www.facebook.com\/themeholtT","https:\/\/x.com\/ThemeholtT","https:\/\/www.linkedin.com\/company\/themeholt","https:\/\/www.instagram.com\/themeholtt\/"],"description":"Themeholt is a website that offers high-quality WordPress themes that are easy to use and ready for just about everything. In Eindhoven, Netherlands, since 2020 offering simple, accessible WordPress themes by providing a variety of requirements. Themeholt focuses on practicality and efficiency, allowing faster project completion with its superior marketplace and easy-to-use templates.","legalName":"ThemeHolt","foundingDate":"2022-11-10","numberOfEmployees":{"@type":"QuantitativeValue","minValue":"51","maxValue":"200"}}]}},"_links":{"self":[{"href":"https:\/\/themeholt.com\/de\/wp-json\/wp\/v2\/pages\/8806","targetHints":{"allow":["GET"]}}],"collection":[{"href":"https:\/\/themeholt.com\/de\/wp-json\/wp\/v2\/pages"}],"about":[{"href":"https:\/\/themeholt.com\/de\/wp-json\/wp\/v2\/types\/page"}],"author":[{"embeddable":true,"href":"https:\/\/themeholt.com\/de\/wp-json\/wp\/v2\/users\/4"}],"replies":[{"embeddable":true,"href":"https:\/\/themeholt.com\/de\/wp-json\/wp\/v2\/comments?post=8806"}],"version-history":[{"count":11,"href":"https:\/\/themeholt.com\/de\/wp-json\/wp\/v2\/pages\/8806\/revisions"}],"predecessor-version":[{"id":8856,"href":"https:\/\/themeholt.com\/de\/wp-json\/wp\/v2\/pages\/8806\/revisions\/8856"}],"wp:featuredmedia":[{"embeddable":true,"href":"https:\/\/themeholt.com\/de\/wp-json\/wp\/v2\/media\/8808"}],"wp:attachment":[{"href":"https:\/\/themeholt.com\/de\/wp-json\/wp\/v2\/media?parent=8806"}],"curies":[{"name":"wp","href":"https:\/\/api.w.org\/{rel}","templated":true}]}}