{"id":8875,"date":"2024-02-28T13:03:45","date_gmt":"2024-02-28T13:03:45","guid":{"rendered":"https:\/\/themeholt.com\/contact\/"},"modified":"2024-09-24T06:08:27","modified_gmt":"2024-09-24T06:08:27","slug":"kontaktieren-sie-uns","status":"publish","type":"page","link":"https:\/\/themeholt.com\/de\/kontaktieren-sie-uns\/","title":{"rendered":"Kontaktieren Sie uns"},"content":{"rendered":"\n<div class=\"wp-block-columns is-layout-flex wp-container-core-columns-is-layout-9d6595d7 wp-block-columns-is-layout-flex\">\n<div class=\"wp-block-column is-layout-flow wp-block-column-is-layout-flow\">\n<h2 class=\"wp-block-heading has-text-align-center has-text-color has-link-color has-large-font-size wp-elements-2cccd9d7174d629dd7f9a64d9d4838c3\" id=\"h-verbinden-erstellen-und-anpassen-melden-sie-sich-und-lassen-sie-uns-gemeinsam-themen-festlegen\" style=\"color:#405cc2\"><strong>Verbinden, erstellen und anpassen: Melden Sie sich und lassen Sie uns gemeinsam Themen festlegen!<\/strong><\/h2>\n\n\n\n<p class=\"has-text-align-center\"><strong>Willkommen bei Themeholt, einer Website mit WordPress-Themes, die eine umfangreiche Sammlung von Themes f\u00fcr verschiedene Arten von Websites bietet. Wir freuen uns, von Ihnen zu h\u00f6ren, wenn Sie Fragen oder Bedenken haben. So k\u00f6nnen Sie uns kontaktieren:<\/strong><\/p>\n<\/div>\n<\/div>\n\n\n\n<div class=\"wp-block-columns are-vertically-aligned-center is-layout-flex wp-container-core-columns-is-layout-9d6595d7 wp-block-columns-is-layout-flex\">\n<div class=\"wp-block-column is-vertically-aligned-center is-layout-flow wp-block-column-is-layout-flow\">\n<h2 class=\"wp-block-heading has-text-color has-link-color wp-elements-5f6fd0ae6c517b228bb9119edb39e502\" id=\"h-e-mail\" style=\"color:#405cc2\"><strong>E-Mail<\/strong><\/h2>\n\n\n\n<p>Sie erreichen uns per E-Mail an <a href=\"mailto:holttheme@gmail.com\" target=\"_blank\" rel=\"noreferrer noopener\"><a href=\"mailto:info@themeholt.com\" target=\"_blank\" rel=\"noreferrer noopener\">info@themeholt.com<\/a><\/a> f\u00fcr technische Probleme, Fragen oder Feedback zu unseren Themen. Wir werden unser Bestes tun, um an Wochentagen innerhalb von 24 Stunden zu antworten.<\/p>\n\n\n\n<figure class=\"wp-block-image size-full\"><img loading=\"lazy\" decoding=\"async\" width=\"900\" height=\"600\" src=\"https:\/\/themeholt.com\/wp-content\/uploads\/2024\/02\/gradient-homepage-illustration_23-2149247166-1.jpg\" alt=\"\" class=\"wp-image-6921\" srcset=\"https:\/\/themeholt.com\/wp-content\/uploads\/2024\/02\/gradient-homepage-illustration_23-2149247166-1.jpg 900w, https:\/\/themeholt.com\/wp-content\/uploads\/2024\/02\/gradient-homepage-illustration_23-2149247166-1-300x200.jpg 300w, https:\/\/themeholt.com\/wp-content\/uploads\/2024\/02\/gradient-homepage-illustration_23-2149247166-1-768x512.jpg 768w, https:\/\/themeholt.com\/wp-content\/uploads\/2024\/02\/gradient-homepage-illustration_23-2149247166-1-102x68.jpg 102w, https:\/\/themeholt.com\/wp-content\/uploads\/2024\/02\/gradient-homepage-illustration_23-2149247166-1-584x389.jpg 584w, https:\/\/themeholt.com\/wp-content\/uploads\/2024\/02\/gradient-homepage-illustration_23-2149247166-1-760x507.jpg 760w, https:\/\/themeholt.com\/wp-content\/uploads\/2024\/02\/gradient-homepage-illustration_23-2149247166-1-679x453.jpg 679w, https:\/\/themeholt.com\/wp-content\/uploads\/2024\/02\/gradient-homepage-illustration_23-2149247166-1-815x543.jpg 815w, https:\/\/themeholt.com\/wp-content\/uploads\/2024\/02\/gradient-homepage-illustration_23-2149247166-1-647x431.jpg 647w, https:\/\/themeholt.com\/wp-content\/uploads\/2024\/02\/gradient-homepage-illustration_23-2149247166-1-477x318.jpg 477w, https:\/\/themeholt.com\/wp-content\/uploads\/2024\/02\/gradient-homepage-illustration_23-2149247166-1-600x400.jpg 600w\" sizes=\"auto, (max-width: 900px) 100vw, 900px\" \/><\/figure>\n\n\n\n<h2 class=\"wp-block-heading has-text-color has-link-color wp-elements-d8cc33ed24d7f2cf0c3ed389267cf2d5\" id=\"h-live-chat\" style=\"color:#405cc2\"><strong>Live Chat:<\/strong><\/h2>\n\n\n\n<p>F\u00fcr weitere Hilfe nutzen Sie unseren KI-gest\u00fctzten Live-Chat, um sofort Unterst\u00fctzung zu erhalten! Chatten Sie mit einem virtuellen Assistenten, um schnelle L\u00f6sungen f\u00fcr alle Fragen oder Probleme zu erhalten, die Sie haben.<\/p>\n<\/div>\n\n\n\n<div class=\"wp-block-column is-vertically-aligned-center Contact-form-section-1 is-layout-flow wp-block-column-is-layout-flow\">\n<div class=\"wp-block-contact-form-7-contact-form-selector\">\n<div class=\"wpcf7 no-js\" id=\"wpcf7-f828-o1\" lang=\"en\" dir=\"ltr\" data-wpcf7-id=\"828\">\n<div class=\"screen-reader-response\"><p role=\"status\" aria-live=\"polite\" aria-atomic=\"true\"><\/p> <ul><\/ul><\/div>\n<form action=\"\/de\/wp-json\/wp\/v2\/pages\/8875#wpcf7-f828-o1\" method=\"post\" class=\"wpcf7-form init\" aria-label=\"Kontaktformular\" novalidate=\"novalidate\" data-status=\"init\">\n<fieldset class=\"hidden-fields-container\"><input type=\"hidden\" name=\"_wpcf7\" value=\"828\" \/><input type=\"hidden\" name=\"_wpcf7_version\" value=\"6.1.2\" \/><input type=\"hidden\" name=\"_wpcf7_locale\" value=\"en\" \/><input type=\"hidden\" name=\"_wpcf7_unit_tag\" value=\"wpcf7-f828-o1\" \/><input type=\"hidden\" name=\"_wpcf7_container_post\" value=\"0\" \/><input type=\"hidden\" name=\"_wpcf7_posted_data_hash\" value=\"\" \/><input type=\"hidden\" name=\"_wpcf7_recaptcha_response\" value=\"\" \/>\n<\/fieldset>\n<div class=\"contact-page\">\n\t<ul>\n\t\t<li>\n\t\t\t<p><label> Your name <\/label><br \/>\n<span class=\"wpcf7-form-control-wrap\" data-name=\"your-name\"><input size=\"40\" maxlength=\"400\" class=\"wpcf7-form-control wpcf7-text wpcf7-validates-as-required\" aria-required=\"true\" aria-invalid=\"false\" value=\"\" type=\"text\" name=\"your-name\" \/><\/span>\n\t\t\t<\/p>\n\t\t<\/li>\n\t\t<li>\n\t\t\t<p><label> Your email <\/label><br \/>\n<span class=\"wpcf7-form-control-wrap\" data-name=\"your-email\"><input size=\"40\" maxlength=\"400\" class=\"wpcf7-form-control wpcf7-email wpcf7-validates-as-required wpcf7-text wpcf7-validates-as-email\" aria-required=\"true\" aria-invalid=\"false\" value=\"\" type=\"email\" name=\"your-email\" \/><\/span>\n\t\t\t<\/p>\n\t\t<\/li>\n\t\t<li>\n\t\t\t<p><label> Your phone no. <\/label><br \/>\n<span class=\"wpcf7-form-control-wrap\" data-name=\"tel-55\"><input size=\"40\" maxlength=\"400\" class=\"wpcf7-form-control wpcf7-tel wpcf7-validates-as-required wpcf7-text wpcf7-validates-as-tel phone11\" id=\"phone11\" aria-required=\"true\" aria-invalid=\"false\" value=\"\" type=\"tel\" name=\"tel-55\" \/><\/span>\n\t\t\t<\/p>\n\t\t<\/li>\n\t\t<li>\n\t\t\t<p><label> Subject <\/label><br \/>\n<span class=\"wpcf7-form-control-wrap\" data-name=\"your-subject\"><input size=\"40\" maxlength=\"400\" class=\"wpcf7-form-control wpcf7-text wpcf7-validates-as-required\" aria-required=\"true\" aria-invalid=\"false\" value=\"\" type=\"text\" name=\"your-subject\" \/><\/span>\n\t\t\t<\/p>\n\t\t<\/li>\n\t\t<li>\n\t\t\t<p><label> Your message (optional) <\/label><br \/>\n<span class=\"wpcf7-form-control-wrap\" data-name=\"your-message\"><textarea cols=\"40\" rows=\"10\" maxlength=\"2000\" class=\"wpcf7-form-control wpcf7-textarea\" aria-invalid=\"false\" name=\"your-message\"><\/textarea><\/span>\n\t\t\t<\/p>\n\t\t<\/li>\n\t\t<li>\n\t\t<\/li>\n\t\t<li>\n\t\t\t<p><input class=\"wpcf7-form-control wpcf7-submit has-spinner\" type=\"submit\" value=\"Submit\" \/>\n\t\t\t<\/p>\n\t\t<\/li>\n\t<\/ul>\n<\/div><p style=\"display: none !important;\" class=\"akismet-fields-container\" data-prefix=\"_wpcf7_ak_\"><label>&#916;<textarea name=\"_wpcf7_ak_hp_textarea\" cols=\"45\" rows=\"8\" maxlength=\"100\"><\/textarea><\/label><input type=\"hidden\" id=\"ak_js_1\" name=\"_wpcf7_ak_js\" value=\"36\"\/><script>document.getElementById( \"ak_js_1\" ).setAttribute( \"value\", ( new Date() ).getTime() );<\/script><\/p><div class=\"wpcf7-response-output\" aria-hidden=\"true\"><\/div>\n<\/form>\n<\/div>\n<\/div>\n<\/div>\n<\/div>\n\n\n\n<div class=\"wp-block-columns are-vertically-aligned-center Email-live-section is-layout-flex wp-container-core-columns-is-layout-9d6595d7 wp-block-columns-is-layout-flex\">\n<div class=\"wp-block-column is-vertically-aligned-center social media-block-1 is-layout-flow wp-block-column-is-layout-flow\">\n<h2 class=\"wp-block-heading\" id=\"h-soziale-medien\">Soziale Medien:<\/h2>\n\n\n\n<p>Sie k\u00f6nnen uns auch \u00fcber unsere Social-Media-Plattformen erreichen, darunter Facebook, Twitter und Instagram. Folgen Sie uns, um \u00fcber die neuesten Themenver\u00f6ffentlichungen, Aktionen und Neuigkeiten auf dem Laufenden zu bleiben. Sie k\u00f6nnen uns auch \u00fcber diese Plattformen eine Nachricht senden. Wir werden Ihnen bald antworten.<\/p>\n<\/div>\n\n\n\n<div class=\"wp-block-column is-vertically-aligned-center is-layout-flow wp-block-column-is-layout-flow\">\n<figure class=\"wp-block-image size-full\"><img loading=\"lazy\" decoding=\"async\" width=\"740\" height=\"493\" src=\"https:\/\/themeholt.com\/wp-content\/uploads\/2024\/02\/hand-drawn-illustration-people-with-smartphone-marketing_52683-66659.jpg\" alt=\"\" class=\"wp-image-7139\" srcset=\"https:\/\/themeholt.com\/wp-content\/uploads\/2024\/02\/hand-drawn-illustration-people-with-smartphone-marketing_52683-66659.jpg 740w, https:\/\/themeholt.com\/wp-content\/uploads\/2024\/02\/hand-drawn-illustration-people-with-smartphone-marketing_52683-66659-300x200.jpg 300w, https:\/\/themeholt.com\/wp-content\/uploads\/2024\/02\/hand-drawn-illustration-people-with-smartphone-marketing_52683-66659-102x68.jpg 102w, https:\/\/themeholt.com\/wp-content\/uploads\/2024\/02\/hand-drawn-illustration-people-with-smartphone-marketing_52683-66659-584x389.jpg 584w, https:\/\/themeholt.com\/wp-content\/uploads\/2024\/02\/hand-drawn-illustration-people-with-smartphone-marketing_52683-66659-679x452.jpg 679w, https:\/\/themeholt.com\/wp-content\/uploads\/2024\/02\/hand-drawn-illustration-people-with-smartphone-marketing_52683-66659-647x431.jpg 647w, https:\/\/themeholt.com\/wp-content\/uploads\/2024\/02\/hand-drawn-illustration-people-with-smartphone-marketing_52683-66659-477x318.jpg 477w, https:\/\/themeholt.com\/wp-content\/uploads\/2024\/02\/hand-drawn-illustration-people-with-smartphone-marketing_52683-66659-600x400.jpg 600w\" sizes=\"auto, (max-width: 740px) 100vw, 740px\" \/><\/figure>\n<\/div>\n<\/div>\n\n\n\n<div class=\"wp-block-columns are-vertically-aligned-center Email-live-section is-layout-flex wp-container-core-columns-is-layout-9d6595d7 wp-block-columns-is-layout-flex\">\n<div class=\"wp-block-column is-vertically-aligned-center is-layout-flow wp-block-column-is-layout-flow\">\n<figure class=\"wp-block-image size-full\"><img loading=\"lazy\" decoding=\"async\" width=\"826\" height=\"318\" src=\"https:\/\/themeholt.com\/wp-content\/uploads\/2024\/02\/support-typographic-header-idea-web-page-diagnostic-service-providing-web-site-with-updated-technical-information-flat-vector-illustration_613284-2889.jpg\" alt=\"\" class=\"wp-image-7017\" srcset=\"https:\/\/themeholt.com\/wp-content\/uploads\/2024\/02\/support-typographic-header-idea-web-page-diagnostic-service-providing-web-site-with-updated-technical-information-flat-vector-illustration_613284-2889.jpg 826w, https:\/\/themeholt.com\/wp-content\/uploads\/2024\/02\/support-typographic-header-idea-web-page-diagnostic-service-providing-web-site-with-updated-technical-information-flat-vector-illustration_613284-2889-300x115.jpg 300w, https:\/\/themeholt.com\/wp-content\/uploads\/2024\/02\/support-typographic-header-idea-web-page-diagnostic-service-providing-web-site-with-updated-technical-information-flat-vector-illustration_613284-2889-768x296.jpg 768w, https:\/\/themeholt.com\/wp-content\/uploads\/2024\/02\/support-typographic-header-idea-web-page-diagnostic-service-providing-web-site-with-updated-technical-information-flat-vector-illustration_613284-2889-177x68.jpg 177w, https:\/\/themeholt.com\/wp-content\/uploads\/2024\/02\/support-typographic-header-idea-web-page-diagnostic-service-providing-web-site-with-updated-technical-information-flat-vector-illustration_613284-2889-754x290.jpg 754w, https:\/\/themeholt.com\/wp-content\/uploads\/2024\/02\/support-typographic-header-idea-web-page-diagnostic-service-providing-web-site-with-updated-technical-information-flat-vector-illustration_613284-2889-760x293.jpg 760w, https:\/\/themeholt.com\/wp-content\/uploads\/2024\/02\/support-typographic-header-idea-web-page-diagnostic-service-providing-web-site-with-updated-technical-information-flat-vector-illustration_613284-2889-679x261.jpg 679w, https:\/\/themeholt.com\/wp-content\/uploads\/2024\/02\/support-typographic-header-idea-web-page-diagnostic-service-providing-web-site-with-updated-technical-information-flat-vector-illustration_613284-2889-767x295.jpg 767w, https:\/\/themeholt.com\/wp-content\/uploads\/2024\/02\/support-typographic-header-idea-web-page-diagnostic-service-providing-web-site-with-updated-technical-information-flat-vector-illustration_613284-2889-477x184.jpg 477w, https:\/\/themeholt.com\/wp-content\/uploads\/2024\/02\/support-typographic-header-idea-web-page-diagnostic-service-providing-web-site-with-updated-technical-information-flat-vector-illustration_613284-2889-600x231.jpg 600w\" sizes=\"auto, (max-width: 826px) 100vw, 826px\" \/><\/figure>\n<\/div>\n\n\n\n<div class=\"wp-block-column is-vertically-aligned-center FAQs-block-2 is-layout-flow wp-block-column-is-layout-flow\">\n<h2 class=\"wp-block-heading\" id=\"h-unterstutzung\">Unterst\u00fctzung:<\/h2>\n\n\n\n<p>Ihre Fragen, unsere Priorit\u00e4t. Wir sind rund um die Uhr f\u00fcr Ihre Fragen erreichbar. Unsere freundlichen und engagierten Mitarbeiter sind immer da, um Ihnen zu helfen und Sie bei Ihren Fragen oder Anliegen zu unterst\u00fctzen.<\/p>\n\n\n\n<p>Sie k\u00f6nnen auch das Kontaktformular auf unserer Website mit Ihrem Namen, Ihrer E-Mail-Adresse und Telefonnummer ausf\u00fcllen, damit unser Team sich umgehend bei Ihnen meldet. Sie k\u00f6nnen uns jederzeit gerne kontaktieren.<\/p>\n<\/div>\n<\/div>\n\n\n\n<div class=\"wp-block-columns are-vertically-aligned-center Email-live-section is-layout-flex wp-container-core-columns-is-layout-9d6595d7 wp-block-columns-is-layout-flex\">\n<div class=\"wp-block-column is-vertically-aligned-center feedback-block-1 is-layout-flow wp-block-column-is-layout-flow\">\n<h2 class=\"wp-block-heading\" id=\"h-ruckmeldung\">R\u00fcckmeldung:<\/h2>\n\n\n\n<p>Wir sch\u00e4tzen Ihr Feedback und Ihre Vorschl\u00e4ge. Bitte lassen Sie es uns wissen, wenn Sie Kommentare, Vorschl\u00e4ge oder Ideen haben, wie wir unsere Themen oder Dienste verbessern k\u00f6nnen. Dar\u00fcber hinaus sind wir immer auf der Suche nach Verbesserungsm\u00f6glichkeiten und bieten unseren Kunden bessere Erfahrungen.<\/p>\n<\/div>\n\n\n\n<div class=\"wp-block-column is-vertically-aligned-center is-layout-flow wp-block-column-is-layout-flow\">\n<figure class=\"wp-block-image size-full\"><img loading=\"lazy\" decoding=\"async\" width=\"740\" height=\"453\" src=\"https:\/\/themeholt.com\/wp-content\/uploads\/2024\/03\/contact-1.jpg\" alt=\"\" class=\"wp-image-7233\" srcset=\"https:\/\/themeholt.com\/wp-content\/uploads\/2024\/03\/contact-1.jpg 740w, https:\/\/themeholt.com\/wp-content\/uploads\/2024\/03\/contact-1-300x184.jpg 300w, https:\/\/themeholt.com\/wp-content\/uploads\/2024\/03\/contact-1-111x68.jpg 111w, https:\/\/themeholt.com\/wp-content\/uploads\/2024\/03\/contact-1-635x389.jpg 635w, https:\/\/themeholt.com\/wp-content\/uploads\/2024\/03\/contact-1-679x416.jpg 679w, https:\/\/themeholt.com\/wp-content\/uploads\/2024\/03\/contact-1-704x431.jpg 704w, https:\/\/themeholt.com\/wp-content\/uploads\/2024\/03\/contact-1-477x292.jpg 477w, https:\/\/themeholt.com\/wp-content\/uploads\/2024\/03\/contact-1-600x367.jpg 600w\" sizes=\"auto, (max-width: 740px) 100vw, 740px\" \/><\/figure>\n<\/div>\n<\/div>\n\n\n\n\n\n\n\n<p><\/p>\n","protected":false},"excerpt":{"rendered":"<p>Verbinden, erstellen und anpassen: Melden Sie sich und lassen Sie uns gemeinsam Themen<a class=\"read-more\" href=\"https:\/\/themeholt.com\/de\/kontaktieren-sie-uns\/\">&#8230;<\/a><\/p>\n","protected":false},"author":1,"featured_media":8877,"parent":0,"menu_order":0,"comment_status":"closed","ping_status":"closed","template":"","meta":{"_acf_changed":false,"inline_featured_image":false,"footnotes":""},"class_list":["post-8875","page","type-page","status-publish","has-post-thumbnail","hentry"],"acf":[],"yoast_head":"<!-- This site is optimized with the Yoast SEO Premium plugin v22.1 (Yoast SEO v26.0) - https:\/\/yoast.com\/wordpress\/plugins\/seo\/ -->\n<title>Contact Us - Premium WordPress Themes | Moderate Themes<\/title>\n<meta name=\"description\" content=\"Contact us to buy premium WordPress themes at affordable rates. Create a professional and engaging website easily with our modern designs.\" \/>\n<meta name=\"robots\" content=\"index, follow, max-snippet:-1, max-image-preview:large, max-video-preview:-1\" \/>\n<link rel=\"canonical\" href=\"https:\/\/themeholt.com\/de\/kontaktieren-sie-uns\/\" \/>\n<meta property=\"og:locale\" content=\"de_DE\" \/>\n<meta property=\"og:type\" content=\"article\" \/>\n<meta property=\"og:title\" content=\"Kontaktieren Sie uns\" \/>\n<meta property=\"og:description\" content=\"Contact us to buy premium WordPress themes at affordable rates. Create a professional and engaging website easily with our modern designs.\" \/>\n<meta property=\"og:url\" content=\"https:\/\/themeholt.com\/de\/kontaktieren-sie-uns\/\" \/>\n<meta property=\"og:site_name\" content=\"ThemeHolt\" \/>\n<meta property=\"article:publisher\" content=\"https:\/\/www.facebook.com\/themeholtT\" \/>\n<meta property=\"article:modified_time\" content=\"2024-09-24T06:08:27+00:00\" \/>\n<meta property=\"og:image\" content=\"https:\/\/themeholt.com\/wp-content\/uploads\/2023\/03\/themeholt.com-2.jpg\" \/>\n\t<meta property=\"og:image:width\" content=\"1640\" \/>\n\t<meta property=\"og:image:height\" content=\"929\" \/>\n\t<meta property=\"og:image:type\" content=\"image\/jpeg\" \/>\n<meta name=\"twitter:card\" content=\"summary_large_image\" \/>\n<meta name=\"twitter:site\" content=\"@ThemeholtT\" \/>\n<meta name=\"twitter:label1\" content=\"Gesch\u00e4tzte Lesezeit\" \/>\n\t<meta name=\"twitter:data1\" content=\"3\u00a0Minuten\" \/>\n<script type=\"application\/ld+json\" class=\"yoast-schema-graph\">{\"@context\":\"https:\/\/schema.org\",\"@graph\":[{\"@type\":\"WebPage\",\"@id\":\"https:\/\/themeholt.com\/de\/kontaktieren-sie-uns\/\",\"url\":\"https:\/\/themeholt.com\/de\/kontaktieren-sie-uns\/\",\"name\":\"Contact Us - Premium WordPress Themes | Moderate Themes\",\"isPartOf\":{\"@id\":\"https:\/\/themeholt.com\/#website\"},\"primaryImageOfPage\":{\"@id\":\"https:\/\/themeholt.com\/de\/kontaktieren-sie-uns\/#primaryimage\"},\"image\":{\"@id\":\"https:\/\/themeholt.com\/de\/kontaktieren-sie-uns\/#primaryimage\"},\"thumbnailUrl\":\"https:\/\/themeholt.com\/wp-content\/uploads\/2023\/03\/themeholt.com-2.jpg\",\"datePublished\":\"2024-02-28T13:03:45+00:00\",\"dateModified\":\"2024-09-24T06:08:27+00:00\",\"description\":\"Contact us to buy premium WordPress themes at affordable rates. Create a professional and engaging website easily with our modern designs.\",\"breadcrumb\":{\"@id\":\"https:\/\/themeholt.com\/de\/kontaktieren-sie-uns\/#breadcrumb\"},\"inLanguage\":\"de\",\"potentialAction\":[{\"@type\":\"ReadAction\",\"target\":[\"https:\/\/themeholt.com\/de\/kontaktieren-sie-uns\/\"]}]},{\"@type\":\"ImageObject\",\"inLanguage\":\"de\",\"@id\":\"https:\/\/themeholt.com\/de\/kontaktieren-sie-uns\/#primaryimage\",\"url\":\"https:\/\/themeholt.com\/wp-content\/uploads\/2023\/03\/themeholt.com-2.jpg\",\"contentUrl\":\"https:\/\/themeholt.com\/wp-content\/uploads\/2023\/03\/themeholt.com-2.jpg\",\"width\":1640,\"height\":929},{\"@type\":\"BreadcrumbList\",\"@id\":\"https:\/\/themeholt.com\/de\/kontaktieren-sie-uns\/#breadcrumb\",\"itemListElement\":[{\"@type\":\"ListItem\",\"position\":1,\"name\":\"Home\",\"item\":\"https:\/\/themeholt.com\/de\/\"},{\"@type\":\"ListItem\",\"position\":2,\"name\":\"Kontaktieren Sie uns\"}]},{\"@type\":\"WebSite\",\"@id\":\"https:\/\/themeholt.com\/#website\",\"url\":\"https:\/\/themeholt.com\/\",\"name\":\"ThemeHolt\",\"description\":\"Themeholt is a website that offers high-quality WordPress themes\",\"publisher\":{\"@id\":\"https:\/\/themeholt.com\/#organization\"},\"potentialAction\":[{\"@type\":\"SearchAction\",\"target\":{\"@type\":\"EntryPoint\",\"urlTemplate\":\"https:\/\/themeholt.com\/?s={search_term_string}\"},\"query-input\":{\"@type\":\"PropertyValueSpecification\",\"valueRequired\":true,\"valueName\":\"search_term_string\"}}],\"inLanguage\":\"de\"},{\"@type\":\"Organization\",\"@id\":\"https:\/\/themeholt.com\/#organization\",\"name\":\"ThemeHolt\",\"alternateName\":\"ThemeHolt\",\"url\":\"https:\/\/themeholt.com\/\",\"logo\":{\"@type\":\"ImageObject\",\"inLanguage\":\"de\",\"@id\":\"https:\/\/themeholt.com\/#\/schema\/logo\/image\/\",\"url\":\"https:\/\/themeholt.com\/wp-content\/uploads\/2024\/10\/themeholt.png\",\"contentUrl\":\"https:\/\/themeholt.com\/wp-content\/uploads\/2024\/10\/themeholt.png\",\"width\":225,\"height\":225,\"caption\":\"ThemeHolt\"},\"image\":{\"@id\":\"https:\/\/themeholt.com\/#\/schema\/logo\/image\/\"},\"sameAs\":[\"https:\/\/www.facebook.com\/themeholtT\",\"https:\/\/x.com\/ThemeholtT\",\"https:\/\/www.linkedin.com\/company\/themeholt\",\"https:\/\/www.instagram.com\/themeholtt\/\"],\"description\":\"Themeholt is a website that offers high-quality WordPress themes that are easy to use and ready for just about everything. In Eindhoven, Netherlands, since 2020 offering simple, accessible WordPress themes by providing a variety of requirements. Themeholt focuses on practicality and efficiency, allowing faster project completion with its superior marketplace and easy-to-use templates.\",\"legalName\":\"ThemeHolt\",\"foundingDate\":\"2022-11-10\",\"numberOfEmployees\":{\"@type\":\"QuantitativeValue\",\"minValue\":\"51\",\"maxValue\":\"200\"}}]}<\/script>\n<!-- \/ Yoast SEO Premium plugin. -->","yoast_head_json":{"title":"Contact Us - Premium WordPress Themes | Moderate Themes","description":"Contact us to buy premium WordPress themes at affordable rates. Create a professional and engaging website easily with our modern designs.","robots":{"index":"index","follow":"follow","max-snippet":"max-snippet:-1","max-image-preview":"max-image-preview:large","max-video-preview":"max-video-preview:-1"},"canonical":"https:\/\/themeholt.com\/de\/kontaktieren-sie-uns\/","og_locale":"de_DE","og_type":"article","og_title":"Kontaktieren Sie uns","og_description":"Contact us to buy premium WordPress themes at affordable rates. Create a professional and engaging website easily with our modern designs.","og_url":"https:\/\/themeholt.com\/de\/kontaktieren-sie-uns\/","og_site_name":"ThemeHolt","article_publisher":"https:\/\/www.facebook.com\/themeholtT","article_modified_time":"2024-09-24T06:08:27+00:00","og_image":[{"width":1640,"height":929,"url":"https:\/\/themeholt.com\/wp-content\/uploads\/2023\/03\/themeholt.com-2.jpg","type":"image\/jpeg"}],"twitter_card":"summary_large_image","twitter_site":"@ThemeholtT","twitter_misc":{"Gesch\u00e4tzte Lesezeit":"3\u00a0Minuten"},"schema":{"@context":"https:\/\/schema.org","@graph":[{"@type":"WebPage","@id":"https:\/\/themeholt.com\/de\/kontaktieren-sie-uns\/","url":"https:\/\/themeholt.com\/de\/kontaktieren-sie-uns\/","name":"Contact Us - Premium WordPress Themes | Moderate Themes","isPartOf":{"@id":"https:\/\/themeholt.com\/#website"},"primaryImageOfPage":{"@id":"https:\/\/themeholt.com\/de\/kontaktieren-sie-uns\/#primaryimage"},"image":{"@id":"https:\/\/themeholt.com\/de\/kontaktieren-sie-uns\/#primaryimage"},"thumbnailUrl":"https:\/\/themeholt.com\/wp-content\/uploads\/2023\/03\/themeholt.com-2.jpg","datePublished":"2024-02-28T13:03:45+00:00","dateModified":"2024-09-24T06:08:27+00:00","description":"Contact us to buy premium WordPress themes at affordable rates. Create a professional and engaging website easily with our modern designs.","breadcrumb":{"@id":"https:\/\/themeholt.com\/de\/kontaktieren-sie-uns\/#breadcrumb"},"inLanguage":"de","potentialAction":[{"@type":"ReadAction","target":["https:\/\/themeholt.com\/de\/kontaktieren-sie-uns\/"]}]},{"@type":"ImageObject","inLanguage":"de","@id":"https:\/\/themeholt.com\/de\/kontaktieren-sie-uns\/#primaryimage","url":"https:\/\/themeholt.com\/wp-content\/uploads\/2023\/03\/themeholt.com-2.jpg","contentUrl":"https:\/\/themeholt.com\/wp-content\/uploads\/2023\/03\/themeholt.com-2.jpg","width":1640,"height":929},{"@type":"BreadcrumbList","@id":"https:\/\/themeholt.com\/de\/kontaktieren-sie-uns\/#breadcrumb","itemListElement":[{"@type":"ListItem","position":1,"name":"Home","item":"https:\/\/themeholt.com\/de\/"},{"@type":"ListItem","position":2,"name":"Kontaktieren Sie uns"}]},{"@type":"WebSite","@id":"https:\/\/themeholt.com\/#website","url":"https:\/\/themeholt.com\/","name":"ThemeHolt","description":"Themeholt is a website that offers high-quality WordPress themes","publisher":{"@id":"https:\/\/themeholt.com\/#organization"},"potentialAction":[{"@type":"SearchAction","target":{"@type":"EntryPoint","urlTemplate":"https:\/\/themeholt.com\/?s={search_term_string}"},"query-input":{"@type":"PropertyValueSpecification","valueRequired":true,"valueName":"search_term_string"}}],"inLanguage":"de"},{"@type":"Organization","@id":"https:\/\/themeholt.com\/#organization","name":"ThemeHolt","alternateName":"ThemeHolt","url":"https:\/\/themeholt.com\/","logo":{"@type":"ImageObject","inLanguage":"de","@id":"https:\/\/themeholt.com\/#\/schema\/logo\/image\/","url":"https:\/\/themeholt.com\/wp-content\/uploads\/2024\/10\/themeholt.png","contentUrl":"https:\/\/themeholt.com\/wp-content\/uploads\/2024\/10\/themeholt.png","width":225,"height":225,"caption":"ThemeHolt"},"image":{"@id":"https:\/\/themeholt.com\/#\/schema\/logo\/image\/"},"sameAs":["https:\/\/www.facebook.com\/themeholtT","https:\/\/x.com\/ThemeholtT","https:\/\/www.linkedin.com\/company\/themeholt","https:\/\/www.instagram.com\/themeholtt\/"],"description":"Themeholt is a website that offers high-quality WordPress themes that are easy to use and ready for just about everything. In Eindhoven, Netherlands, since 2020 offering simple, accessible WordPress themes by providing a variety of requirements. Themeholt focuses on practicality and efficiency, allowing faster project completion with its superior marketplace and easy-to-use templates.","legalName":"ThemeHolt","foundingDate":"2022-11-10","numberOfEmployees":{"@type":"QuantitativeValue","minValue":"51","maxValue":"200"}}]}},"_links":{"self":[{"href":"https:\/\/themeholt.com\/de\/wp-json\/wp\/v2\/pages\/8875","targetHints":{"allow":["GET"]}}],"collection":[{"href":"https:\/\/themeholt.com\/de\/wp-json\/wp\/v2\/pages"}],"about":[{"href":"https:\/\/themeholt.com\/de\/wp-json\/wp\/v2\/types\/page"}],"author":[{"embeddable":true,"href":"https:\/\/themeholt.com\/de\/wp-json\/wp\/v2\/users\/1"}],"replies":[{"embeddable":true,"href":"https:\/\/themeholt.com\/de\/wp-json\/wp\/v2\/comments?post=8875"}],"version-history":[{"count":5,"href":"https:\/\/themeholt.com\/de\/wp-json\/wp\/v2\/pages\/8875\/revisions"}],"predecessor-version":[{"id":8894,"href":"https:\/\/themeholt.com\/de\/wp-json\/wp\/v2\/pages\/8875\/revisions\/8894"}],"wp:featuredmedia":[{"embeddable":true,"href":"https:\/\/themeholt.com\/de\/wp-json\/wp\/v2\/media\/8877"}],"wp:attachment":[{"href":"https:\/\/themeholt.com\/de\/wp-json\/wp\/v2\/media?parent=8875"}],"curies":[{"name":"wp","href":"https:\/\/api.w.org\/{rel}","templated":true}]}}