{"id":10038,"date":"2023-10-05T06:33:29","date_gmt":"2023-10-05T06:33:29","guid":{"rendered":"https:\/\/themeholt.com\/product\/eventen-event-conference\/"},"modified":"2024-09-26T12:09:54","modified_gmt":"2024-09-26T12:09:54","slug":"eventen-event-konferenz","status":"publish","type":"product","link":"https:\/\/themeholt.com\/de\/product\/eventen-event-konferenz\/","title":{"rendered":"Eventen Event Konferenz"},"content":{"rendered":"<p><span style=\"font-weight: 400\">Das <\/span><b>Conference Event WordPress<\/b><span style=\"font-weight: 400\">Theme ist ein dynamisches und vielseitiges Theme, das Eventorganisatoren und Unternehmen dabei unterst\u00fctzt, beeindruckende und funktionale Websites f\u00fcr Konferenzen, Seminare, Workshops und andere professionelle Zusammenk\u00fcnfte zu erstellen. Dieses Theme bietet eine benutzerfreundliche Oberfl\u00e4che und eine breite Palette anpassbarer Funktionen, mit denen Sie m\u00fchelos Veranstaltungspl\u00e4ne, Redner, Sponsoren und Ticketoptionen pr\u00e4sentieren k\u00f6nnen. <\/span><\/p>\n<p><span style=\"font-weight: 400\">Mit seinem responsiven Design sorgt es f\u00fcr ein nahtloses Benutzererlebnis auf verschiedenen Ger\u00e4ten. Das Theme enth\u00e4lt au\u00dferdem integrierte Social-Media- und E-Commerce-Funktionen, die es einfacher machen, Ihre Veranstaltung online zu bewerben und zu verwalten. Egal, ob Sie ein kleines Meeting oder eine gro\u00dfe Konferenz veranstalten, dieses Theme bietet eine Komplettl\u00f6sung, mit der Sie Ihr Publikum einbeziehen und den Erfolg Ihrer Veranstaltung steigern k\u00f6nnen.<\/span><\/p>\n","protected":false},"excerpt":{"rendered":"<ul>\n<li><span style=\"font-weight: 400\">Kundenspezifische Erfahrungen<\/span><\/li>\n<li><span style=\"font-weight: 400\">Tadelloses Design<\/span><\/li>\n<li><span style=\"font-weight: 400\">Logistische Expertise<\/span><\/li>\n<li><span style=\"font-weight: 400\">Lieferantenkoordination<\/span><\/li>\n<li><span style=\"font-weight: 400\">Budgetmanagement<\/span><\/li>\n<li><span style=\"font-weight: 400\">Krisenmanagement<\/span><\/li>\n<\/ul>\n","protected":false},"featured_media":10039,"template":"","meta":{"_acf_changed":false,"inline_featured_image":false},"product_brand":[],"product_cat":[456],"product_tag":[458,460,461,462],"class_list":{"0":"post-10038","1":"product","2":"type-product","3":"status-publish","4":"has-post-thumbnail","6":"product_cat-wedding-events-de","7":"product_tag-best-events-website-templates-de","8":"product_tag-wedding-wordpress-themes-de","9":"product_tag-wedding-templates-de","10":"product_tag-wedding-theme-ideas-de","12":"first","13":"instock","14":"sale","15":"downloadable","16":"taxable","17":"shipping-taxable","18":"purchasable","19":"product-type-simple"},"acf":[],"yoast_head":"<!-- This site is optimized with the Yoast SEO Premium plugin v22.1 (Yoast SEO v26.0) - https:\/\/yoast.com\/wordpress\/plugins\/seo\/ -->\n<title>Event-Konferenzthema | Responsives WordPress-Theme<\/title>\n<meta name=\"description\" content=\"Finden Sie hier Ihr perfektes Event-Konferenzthema! Einfach zu verwenden, anpassbar und f\u00fcr professionelle Events und Konferenzen konzipiert. Jetzt kaufen!\" \/>\n<meta name=\"robots\" content=\"index, follow, max-snippet:-1, max-image-preview:large, max-video-preview:-1\" \/>\n<link rel=\"canonical\" href=\"https:\/\/themeholt.com\/de\/product\/eventen-event-konferenz\/\" \/>\n<meta property=\"og:locale\" content=\"de_DE\" \/>\n<meta property=\"og:type\" content=\"article\" \/>\n<meta property=\"og:title\" content=\"Eventen Event Konferenz\" \/>\n<meta property=\"og:description\" content=\"Finden Sie hier Ihr perfektes Event-Konferenzthema! Einfach zu verwenden, anpassbar und f\u00fcr professionelle Events und Konferenzen konzipiert. Jetzt kaufen!\" \/>\n<meta property=\"og:url\" content=\"https:\/\/themeholt.com\/de\/product\/eventen-event-konferenz\/\" \/>\n<meta property=\"og:site_name\" content=\"ThemeHolt\" \/>\n<meta property=\"article:publisher\" content=\"https:\/\/www.facebook.com\/themeholtT\" \/>\n<meta property=\"article:modified_time\" content=\"2024-09-26T12:09:54+00:00\" \/>\n<meta property=\"og:image\" content=\"https:\/\/themeholt.com\/wp-content\/uploads\/2023\/10\/31.png\" \/>\n\t<meta property=\"og:image:width\" content=\"1365\" \/>\n\t<meta property=\"og:image:height\" content=\"1321\" \/>\n\t<meta property=\"og:image:type\" content=\"image\/png\" \/>\n<meta name=\"twitter:card\" content=\"summary_large_image\" \/>\n<meta name=\"twitter:site\" content=\"@ThemeholtT\" \/>\n<meta name=\"twitter:label1\" content=\"Gesch\u00e4tzte Lesezeit\" \/>\n\t<meta name=\"twitter:data1\" content=\"1\u00a0Minute\" \/>\n<script type=\"application\/ld+json\" class=\"yoast-schema-graph\">{\"@context\":\"https:\/\/schema.org\",\"@graph\":[{\"@type\":\"WebPage\",\"@id\":\"https:\/\/themeholt.com\/de\/product\/eventen-event-konferenz\/\",\"url\":\"https:\/\/themeholt.com\/de\/product\/eventen-event-konferenz\/\",\"name\":\"Event-Konferenzthema | Responsives WordPress-Theme\",\"isPartOf\":{\"@id\":\"https:\/\/themeholt.com\/#website\"},\"primaryImageOfPage\":{\"@id\":\"https:\/\/themeholt.com\/de\/product\/eventen-event-konferenz\/#primaryimage\"},\"image\":{\"@id\":\"https:\/\/themeholt.com\/de\/product\/eventen-event-konferenz\/#primaryimage\"},\"thumbnailUrl\":\"https:\/\/themeholt.com\/wp-content\/uploads\/2023\/10\/31.png\",\"datePublished\":\"2023-10-05T06:33:29+00:00\",\"dateModified\":\"2024-09-26T12:09:54+00:00\",\"description\":\"Finden Sie hier Ihr perfektes Event-Konferenzthema! Einfach zu verwenden, anpassbar und f\u00fcr professionelle Events und Konferenzen konzipiert. Jetzt kaufen!\",\"breadcrumb\":{\"@id\":\"https:\/\/themeholt.com\/de\/product\/eventen-event-konferenz\/#breadcrumb\"},\"inLanguage\":\"de\",\"potentialAction\":[{\"@type\":\"ReadAction\",\"target\":[\"https:\/\/themeholt.com\/de\/product\/eventen-event-konferenz\/\"]}]},{\"@type\":\"ImageObject\",\"inLanguage\":\"de\",\"@id\":\"https:\/\/themeholt.com\/de\/product\/eventen-event-konferenz\/#primaryimage\",\"url\":\"https:\/\/themeholt.com\/wp-content\/uploads\/2023\/10\/31.png\",\"contentUrl\":\"https:\/\/themeholt.com\/wp-content\/uploads\/2023\/10\/31.png\",\"width\":1365,\"height\":1321},{\"@type\":\"BreadcrumbList\",\"@id\":\"https:\/\/themeholt.com\/de\/product\/eventen-event-konferenz\/#breadcrumb\",\"itemListElement\":[{\"@type\":\"ListItem\",\"position\":1,\"name\":\"Home\",\"item\":\"https:\/\/themeholt.com\/de\/\"},{\"@type\":\"ListItem\",\"position\":2,\"name\":\"Shop\",\"item\":\"https:\/\/themeholt.com\/shop\/\"},{\"@type\":\"ListItem\",\"position\":3,\"name\":\"Eventen Event Konferenz\"}]},{\"@type\":\"WebSite\",\"@id\":\"https:\/\/themeholt.com\/#website\",\"url\":\"https:\/\/themeholt.com\/\",\"name\":\"ThemeHolt\",\"description\":\"Themeholt is a website that offers high-quality WordPress themes\",\"publisher\":{\"@id\":\"https:\/\/themeholt.com\/#organization\"},\"potentialAction\":[{\"@type\":\"SearchAction\",\"target\":{\"@type\":\"EntryPoint\",\"urlTemplate\":\"https:\/\/themeholt.com\/?s={search_term_string}\"},\"query-input\":{\"@type\":\"PropertyValueSpecification\",\"valueRequired\":true,\"valueName\":\"search_term_string\"}}],\"inLanguage\":\"de\"},{\"@type\":\"Organization\",\"@id\":\"https:\/\/themeholt.com\/#organization\",\"name\":\"ThemeHolt\",\"alternateName\":\"ThemeHolt\",\"url\":\"https:\/\/themeholt.com\/\",\"logo\":{\"@type\":\"ImageObject\",\"inLanguage\":\"de\",\"@id\":\"https:\/\/themeholt.com\/#\/schema\/logo\/image\/\",\"url\":\"https:\/\/themeholt.com\/wp-content\/uploads\/2024\/10\/themeholt.png\",\"contentUrl\":\"https:\/\/themeholt.com\/wp-content\/uploads\/2024\/10\/themeholt.png\",\"width\":225,\"height\":225,\"caption\":\"ThemeHolt\"},\"image\":{\"@id\":\"https:\/\/themeholt.com\/#\/schema\/logo\/image\/\"},\"sameAs\":[\"https:\/\/www.facebook.com\/themeholtT\",\"https:\/\/x.com\/ThemeholtT\",\"https:\/\/www.linkedin.com\/company\/themeholt\",\"https:\/\/www.instagram.com\/themeholtt\/\"],\"description\":\"Themeholt is a website that offers high-quality WordPress themes that are easy to use and ready for just about everything. In Eindhoven, Netherlands, since 2020 offering simple, accessible WordPress themes by providing a variety of requirements. Themeholt focuses on practicality and efficiency, allowing faster project completion with its superior marketplace and easy-to-use templates.\",\"legalName\":\"ThemeHolt\",\"foundingDate\":\"2022-11-10\",\"numberOfEmployees\":{\"@type\":\"QuantitativeValue\",\"minValue\":\"51\",\"maxValue\":\"200\"}}]}<\/script>\n<!-- \/ Yoast SEO Premium plugin. -->","yoast_head_json":{"title":"Event-Konferenzthema | Responsives WordPress-Theme","description":"Finden Sie hier Ihr perfektes Event-Konferenzthema! Einfach zu verwenden, anpassbar und f\u00fcr professionelle Events und Konferenzen konzipiert. Jetzt kaufen!","robots":{"index":"index","follow":"follow","max-snippet":"max-snippet:-1","max-image-preview":"max-image-preview:large","max-video-preview":"max-video-preview:-1"},"canonical":"https:\/\/themeholt.com\/de\/product\/eventen-event-konferenz\/","og_locale":"de_DE","og_type":"article","og_title":"Eventen Event Konferenz","og_description":"Finden Sie hier Ihr perfektes Event-Konferenzthema! Einfach zu verwenden, anpassbar und f\u00fcr professionelle Events und Konferenzen konzipiert. Jetzt kaufen!","og_url":"https:\/\/themeholt.com\/de\/product\/eventen-event-konferenz\/","og_site_name":"ThemeHolt","article_publisher":"https:\/\/www.facebook.com\/themeholtT","article_modified_time":"2024-09-26T12:09:54+00:00","og_image":[{"width":1365,"height":1321,"url":"https:\/\/themeholt.com\/wp-content\/uploads\/2023\/10\/31.png","type":"image\/png"}],"twitter_card":"summary_large_image","twitter_site":"@ThemeholtT","twitter_misc":{"Gesch\u00e4tzte Lesezeit":"1\u00a0Minute"},"schema":{"@context":"https:\/\/schema.org","@graph":[{"@type":"WebPage","@id":"https:\/\/themeholt.com\/de\/product\/eventen-event-konferenz\/","url":"https:\/\/themeholt.com\/de\/product\/eventen-event-konferenz\/","name":"Event-Konferenzthema | Responsives WordPress-Theme","isPartOf":{"@id":"https:\/\/themeholt.com\/#website"},"primaryImageOfPage":{"@id":"https:\/\/themeholt.com\/de\/product\/eventen-event-konferenz\/#primaryimage"},"image":{"@id":"https:\/\/themeholt.com\/de\/product\/eventen-event-konferenz\/#primaryimage"},"thumbnailUrl":"https:\/\/themeholt.com\/wp-content\/uploads\/2023\/10\/31.png","datePublished":"2023-10-05T06:33:29+00:00","dateModified":"2024-09-26T12:09:54+00:00","description":"Finden Sie hier Ihr perfektes Event-Konferenzthema! Einfach zu verwenden, anpassbar und f\u00fcr professionelle Events und Konferenzen konzipiert. Jetzt kaufen!","breadcrumb":{"@id":"https:\/\/themeholt.com\/de\/product\/eventen-event-konferenz\/#breadcrumb"},"inLanguage":"de","potentialAction":[{"@type":"ReadAction","target":["https:\/\/themeholt.com\/de\/product\/eventen-event-konferenz\/"]}]},{"@type":"ImageObject","inLanguage":"de","@id":"https:\/\/themeholt.com\/de\/product\/eventen-event-konferenz\/#primaryimage","url":"https:\/\/themeholt.com\/wp-content\/uploads\/2023\/10\/31.png","contentUrl":"https:\/\/themeholt.com\/wp-content\/uploads\/2023\/10\/31.png","width":1365,"height":1321},{"@type":"BreadcrumbList","@id":"https:\/\/themeholt.com\/de\/product\/eventen-event-konferenz\/#breadcrumb","itemListElement":[{"@type":"ListItem","position":1,"name":"Home","item":"https:\/\/themeholt.com\/de\/"},{"@type":"ListItem","position":2,"name":"Shop","item":"https:\/\/themeholt.com\/shop\/"},{"@type":"ListItem","position":3,"name":"Eventen Event Konferenz"}]},{"@type":"WebSite","@id":"https:\/\/themeholt.com\/#website","url":"https:\/\/themeholt.com\/","name":"ThemeHolt","description":"Themeholt is a website that offers high-quality WordPress themes","publisher":{"@id":"https:\/\/themeholt.com\/#organization"},"potentialAction":[{"@type":"SearchAction","target":{"@type":"EntryPoint","urlTemplate":"https:\/\/themeholt.com\/?s={search_term_string}"},"query-input":{"@type":"PropertyValueSpecification","valueRequired":true,"valueName":"search_term_string"}}],"inLanguage":"de"},{"@type":"Organization","@id":"https:\/\/themeholt.com\/#organization","name":"ThemeHolt","alternateName":"ThemeHolt","url":"https:\/\/themeholt.com\/","logo":{"@type":"ImageObject","inLanguage":"de","@id":"https:\/\/themeholt.com\/#\/schema\/logo\/image\/","url":"https:\/\/themeholt.com\/wp-content\/uploads\/2024\/10\/themeholt.png","contentUrl":"https:\/\/themeholt.com\/wp-content\/uploads\/2024\/10\/themeholt.png","width":225,"height":225,"caption":"ThemeHolt"},"image":{"@id":"https:\/\/themeholt.com\/#\/schema\/logo\/image\/"},"sameAs":["https:\/\/www.facebook.com\/themeholtT","https:\/\/x.com\/ThemeholtT","https:\/\/www.linkedin.com\/company\/themeholt","https:\/\/www.instagram.com\/themeholtt\/"],"description":"Themeholt is a website that offers high-quality WordPress themes that are easy to use and ready for just about everything. In Eindhoven, Netherlands, since 2020 offering simple, accessible WordPress themes by providing a variety of requirements. Themeholt focuses on practicality and efficiency, allowing faster project completion with its superior marketplace and easy-to-use templates.","legalName":"ThemeHolt","foundingDate":"2022-11-10","numberOfEmployees":{"@type":"QuantitativeValue","minValue":"51","maxValue":"200"}}]}},"_links":{"self":[{"href":"https:\/\/themeholt.com\/de\/wp-json\/wp\/v2\/product\/10038","targetHints":{"allow":["GET"]}}],"collection":[{"href":"https:\/\/themeholt.com\/de\/wp-json\/wp\/v2\/product"}],"about":[{"href":"https:\/\/themeholt.com\/de\/wp-json\/wp\/v2\/types\/product"}],"wp:featuredmedia":[{"embeddable":true,"href":"https:\/\/themeholt.com\/de\/wp-json\/wp\/v2\/media\/10039"}],"wp:attachment":[{"href":"https:\/\/themeholt.com\/de\/wp-json\/wp\/v2\/media?parent=10038"}],"wp:term":[{"taxonomy":"product_brand","embeddable":true,"href":"https:\/\/themeholt.com\/de\/wp-json\/wp\/v2\/product_brand?post=10038"},{"taxonomy":"product_cat","embeddable":true,"href":"https:\/\/themeholt.com\/de\/wp-json\/wp\/v2\/product_cat?post=10038"},{"taxonomy":"product_tag","embeddable":true,"href":"https:\/\/themeholt.com\/de\/wp-json\/wp\/v2\/product_tag?post=10038"}],"curies":[{"name":"wp","href":"https:\/\/api.w.org\/{rel}","templated":true}]}}