{"id":10142,"date":"2023-10-04T10:56:45","date_gmt":"2023-10-04T10:56:45","guid":{"rendered":"https:\/\/themeholt.com\/product\/fashoes-minimal-fashion-store\/"},"modified":"2024-09-30T09:46:19","modified_gmt":"2024-09-30T09:46:19","slug":"fashoes-minimal-fashion-store","status":"publish","type":"product","link":"https:\/\/themeholt.com\/de\/product\/fashoes-minimal-fashion-store\/","title":{"rendered":"Fashoes Minimal Fashion Store"},"content":{"rendered":"<p><span style=\"font-weight: 400\">Das <\/span><b>Trendy Shoe Collection WordPress Theme<\/b><span style=\"font-weight: 400\"> ist eine topaktuelle und stilvolle Vorlage, die speziell f\u00fcr die modebewusste Schuhbranche entwickelt wurde. Dieses Theme bietet ein elegantes und modernes Design, das die neuesten Schuhtrends perfekt zur Geltung bringt und sich daher ideal f\u00fcr Schuhh\u00e4ndler und -designer eignet. Mit einer \u00fcbersichtlichen und benutzerfreundlichen Oberfl\u00e4che sorgt es f\u00fcr ein nahtloses Browsing-Erlebnis f\u00fcr Ihre Besucher. <\/span><\/p>\n<p><span style=\"font-weight: 400\">Das Theme enth\u00e4lt anpassbare Funktionen und Widgets, mit denen Sie Ihre Schuhkollektion m\u00fchelos pr\u00e4sentieren, Produktdetails hervorheben und \u00fcber ein ansprechendes und mobilfreundliches Layout mit Kunden interagieren k\u00f6nnen. Verbessern Sie die \u00c4sthetik und Funktionalit\u00e4t Ihres Online-Schuhgesch\u00e4fts mit diesem Theme, das Sie an der Spitze der Modewelt h\u00e4lt.<\/span><\/p>\n","protected":false},"excerpt":{"rendered":"<ul>\n<li><span style=\"font-weight: 400\">Online-Shops<\/span><\/li>\n<li><span style=\"font-weight: 400\">24\/7-Zug\u00e4nglichkeit<\/span><\/li>\n<li><span style=\"font-weight: 400\">Produktvielfalt<\/span><\/li>\n<li><span style=\"font-weight: 400\">Bequemlichkeit<\/span><\/li>\n<li><span style=\"font-weight: 400\">Kosteneinsparungen<\/span><\/li>\n<li><span style=\"font-weight: 400\">Globale Reichweite<\/span><\/li>\n<\/ul>\n","protected":false},"featured_media":10143,"template":"","meta":{"_acf_changed":false,"inline_featured_image":false},"product_brand":[],"product_cat":[445],"product_tag":[447,448,449],"class_list":{"0":"post-10142","1":"product","2":"type-product","3":"status-publish","4":"has-post-thumbnail","6":"product_cat-ecommerce-de","7":"product_tag-best-ecommerce-themes-de","8":"product_tag-best-woo-commerce-wordpress-theme-de","9":"product_tag-ecommerce-theme-de","11":"first","12":"instock","13":"sale","14":"downloadable","15":"taxable","16":"shipping-taxable","17":"purchasable","18":"product-type-simple"},"acf":[],"yoast_head":"<!-- This site is optimized with the Yoast SEO Premium plugin v22.1 (Yoast SEO v26.0) - https:\/\/yoast.com\/wordpress\/plugins\/seo\/ -->\n<title>Entdecken Sie das neueste trendige Schuhkollektion-WordPress-Theme<\/title>\n<meta name=\"description\" content=\"Holen Sie sich das perfekte WordPress-Theme f\u00fcr Ihren Schuhladen! Es ist benutzerfreundlich, elegant und vollst\u00e4ndig anpassbar \u2013 perfekt f\u00fcr die Online-Pr\u00e4sentation und den Online-Verkauf von Schuhen.\" \/>\n<meta name=\"robots\" content=\"index, follow, max-snippet:-1, max-image-preview:large, max-video-preview:-1\" \/>\n<link rel=\"canonical\" href=\"https:\/\/themeholt.com\/de\/product\/fashoes-minimal-fashion-store\/\" \/>\n<meta property=\"og:locale\" content=\"de_DE\" \/>\n<meta property=\"og:type\" content=\"article\" \/>\n<meta property=\"og:title\" content=\"Fashoes Minimal Fashion Store\" \/>\n<meta property=\"og:description\" content=\"Holen Sie sich das perfekte WordPress-Theme f\u00fcr Ihren Schuhladen! Es ist benutzerfreundlich, elegant und vollst\u00e4ndig anpassbar \u2013 perfekt f\u00fcr die Online-Pr\u00e4sentation und den Online-Verkauf von Schuhen.\" \/>\n<meta property=\"og:url\" content=\"https:\/\/themeholt.com\/de\/product\/fashoes-minimal-fashion-store\/\" \/>\n<meta property=\"og:site_name\" content=\"ThemeHolt\" \/>\n<meta property=\"article:publisher\" content=\"https:\/\/www.facebook.com\/themeholtT\" \/>\n<meta property=\"article:modified_time\" content=\"2024-09-30T09:46:19+00:00\" \/>\n<meta property=\"og:image\" content=\"https:\/\/themeholt.com\/wp-content\/uploads\/2023\/10\/101.png\" \/>\n\t<meta property=\"og:image:width\" content=\"1362\" \/>\n\t<meta property=\"og:image:height\" content=\"1132\" \/>\n\t<meta property=\"og:image:type\" content=\"image\/png\" \/>\n<meta name=\"twitter:card\" content=\"summary_large_image\" \/>\n<meta name=\"twitter:site\" content=\"@ThemeholtT\" \/>\n<meta name=\"twitter:label1\" content=\"Gesch\u00e4tzte Lesezeit\" \/>\n\t<meta name=\"twitter:data1\" content=\"1\u00a0Minute\" \/>\n<script type=\"application\/ld+json\" class=\"yoast-schema-graph\">{\"@context\":\"https:\/\/schema.org\",\"@graph\":[{\"@type\":\"WebPage\",\"@id\":\"https:\/\/themeholt.com\/de\/product\/fashoes-minimal-fashion-store\/\",\"url\":\"https:\/\/themeholt.com\/de\/product\/fashoes-minimal-fashion-store\/\",\"name\":\"Entdecken Sie das neueste trendige Schuhkollektion-WordPress-Theme\",\"isPartOf\":{\"@id\":\"https:\/\/themeholt.com\/#website\"},\"primaryImageOfPage\":{\"@id\":\"https:\/\/themeholt.com\/de\/product\/fashoes-minimal-fashion-store\/#primaryimage\"},\"image\":{\"@id\":\"https:\/\/themeholt.com\/de\/product\/fashoes-minimal-fashion-store\/#primaryimage\"},\"thumbnailUrl\":\"https:\/\/themeholt.com\/wp-content\/uploads\/2023\/10\/101.png\",\"datePublished\":\"2023-10-04T10:56:45+00:00\",\"dateModified\":\"2024-09-30T09:46:19+00:00\",\"description\":\"Holen Sie sich das perfekte WordPress-Theme f\u00fcr Ihren Schuhladen! Es ist benutzerfreundlich, elegant und vollst\u00e4ndig anpassbar \u2013 perfekt f\u00fcr die Online-Pr\u00e4sentation und den Online-Verkauf von Schuhen.\",\"breadcrumb\":{\"@id\":\"https:\/\/themeholt.com\/de\/product\/fashoes-minimal-fashion-store\/#breadcrumb\"},\"inLanguage\":\"de\",\"potentialAction\":[{\"@type\":\"ReadAction\",\"target\":[\"https:\/\/themeholt.com\/de\/product\/fashoes-minimal-fashion-store\/\"]}]},{\"@type\":\"ImageObject\",\"inLanguage\":\"de\",\"@id\":\"https:\/\/themeholt.com\/de\/product\/fashoes-minimal-fashion-store\/#primaryimage\",\"url\":\"https:\/\/themeholt.com\/wp-content\/uploads\/2023\/10\/101.png\",\"contentUrl\":\"https:\/\/themeholt.com\/wp-content\/uploads\/2023\/10\/101.png\",\"width\":1362,\"height\":1132},{\"@type\":\"BreadcrumbList\",\"@id\":\"https:\/\/themeholt.com\/de\/product\/fashoes-minimal-fashion-store\/#breadcrumb\",\"itemListElement\":[{\"@type\":\"ListItem\",\"position\":1,\"name\":\"Home\",\"item\":\"https:\/\/themeholt.com\/de\/\"},{\"@type\":\"ListItem\",\"position\":2,\"name\":\"Shop\",\"item\":\"https:\/\/themeholt.com\/shop\/\"},{\"@type\":\"ListItem\",\"position\":3,\"name\":\"Fashoes Minimal Fashion Store\"}]},{\"@type\":\"WebSite\",\"@id\":\"https:\/\/themeholt.com\/#website\",\"url\":\"https:\/\/themeholt.com\/\",\"name\":\"ThemeHolt\",\"description\":\"Themeholt is a website that offers high-quality WordPress themes\",\"publisher\":{\"@id\":\"https:\/\/themeholt.com\/#organization\"},\"potentialAction\":[{\"@type\":\"SearchAction\",\"target\":{\"@type\":\"EntryPoint\",\"urlTemplate\":\"https:\/\/themeholt.com\/?s={search_term_string}\"},\"query-input\":{\"@type\":\"PropertyValueSpecification\",\"valueRequired\":true,\"valueName\":\"search_term_string\"}}],\"inLanguage\":\"de\"},{\"@type\":\"Organization\",\"@id\":\"https:\/\/themeholt.com\/#organization\",\"name\":\"ThemeHolt\",\"alternateName\":\"ThemeHolt\",\"url\":\"https:\/\/themeholt.com\/\",\"logo\":{\"@type\":\"ImageObject\",\"inLanguage\":\"de\",\"@id\":\"https:\/\/themeholt.com\/#\/schema\/logo\/image\/\",\"url\":\"https:\/\/themeholt.com\/wp-content\/uploads\/2024\/10\/themeholt.png\",\"contentUrl\":\"https:\/\/themeholt.com\/wp-content\/uploads\/2024\/10\/themeholt.png\",\"width\":225,\"height\":225,\"caption\":\"ThemeHolt\"},\"image\":{\"@id\":\"https:\/\/themeholt.com\/#\/schema\/logo\/image\/\"},\"sameAs\":[\"https:\/\/www.facebook.com\/themeholtT\",\"https:\/\/x.com\/ThemeholtT\",\"https:\/\/www.linkedin.com\/company\/themeholt\",\"https:\/\/www.instagram.com\/themeholtt\/\"],\"description\":\"Themeholt is a website that offers high-quality WordPress themes that are easy to use and ready for just about everything. In Eindhoven, Netherlands, since 2020 offering simple, accessible WordPress themes by providing a variety of requirements. Themeholt focuses on practicality and efficiency, allowing faster project completion with its superior marketplace and easy-to-use templates.\",\"legalName\":\"ThemeHolt\",\"foundingDate\":\"2022-11-10\",\"numberOfEmployees\":{\"@type\":\"QuantitativeValue\",\"minValue\":\"51\",\"maxValue\":\"200\"}}]}<\/script>\n<!-- \/ Yoast SEO Premium plugin. -->","yoast_head_json":{"title":"Entdecken Sie das neueste trendige Schuhkollektion-WordPress-Theme","description":"Holen Sie sich das perfekte WordPress-Theme f\u00fcr Ihren Schuhladen! Es ist benutzerfreundlich, elegant und vollst\u00e4ndig anpassbar \u2013 perfekt f\u00fcr die Online-Pr\u00e4sentation und den Online-Verkauf von Schuhen.","robots":{"index":"index","follow":"follow","max-snippet":"max-snippet:-1","max-image-preview":"max-image-preview:large","max-video-preview":"max-video-preview:-1"},"canonical":"https:\/\/themeholt.com\/de\/product\/fashoes-minimal-fashion-store\/","og_locale":"de_DE","og_type":"article","og_title":"Fashoes Minimal Fashion Store","og_description":"Holen Sie sich das perfekte WordPress-Theme f\u00fcr Ihren Schuhladen! Es ist benutzerfreundlich, elegant und vollst\u00e4ndig anpassbar \u2013 perfekt f\u00fcr die Online-Pr\u00e4sentation und den Online-Verkauf von Schuhen.","og_url":"https:\/\/themeholt.com\/de\/product\/fashoes-minimal-fashion-store\/","og_site_name":"ThemeHolt","article_publisher":"https:\/\/www.facebook.com\/themeholtT","article_modified_time":"2024-09-30T09:46:19+00:00","og_image":[{"width":1362,"height":1132,"url":"https:\/\/themeholt.com\/wp-content\/uploads\/2023\/10\/101.png","type":"image\/png"}],"twitter_card":"summary_large_image","twitter_site":"@ThemeholtT","twitter_misc":{"Gesch\u00e4tzte Lesezeit":"1\u00a0Minute"},"schema":{"@context":"https:\/\/schema.org","@graph":[{"@type":"WebPage","@id":"https:\/\/themeholt.com\/de\/product\/fashoes-minimal-fashion-store\/","url":"https:\/\/themeholt.com\/de\/product\/fashoes-minimal-fashion-store\/","name":"Entdecken Sie das neueste trendige Schuhkollektion-WordPress-Theme","isPartOf":{"@id":"https:\/\/themeholt.com\/#website"},"primaryImageOfPage":{"@id":"https:\/\/themeholt.com\/de\/product\/fashoes-minimal-fashion-store\/#primaryimage"},"image":{"@id":"https:\/\/themeholt.com\/de\/product\/fashoes-minimal-fashion-store\/#primaryimage"},"thumbnailUrl":"https:\/\/themeholt.com\/wp-content\/uploads\/2023\/10\/101.png","datePublished":"2023-10-04T10:56:45+00:00","dateModified":"2024-09-30T09:46:19+00:00","description":"Holen Sie sich das perfekte WordPress-Theme f\u00fcr Ihren Schuhladen! Es ist benutzerfreundlich, elegant und vollst\u00e4ndig anpassbar \u2013 perfekt f\u00fcr die Online-Pr\u00e4sentation und den Online-Verkauf von Schuhen.","breadcrumb":{"@id":"https:\/\/themeholt.com\/de\/product\/fashoes-minimal-fashion-store\/#breadcrumb"},"inLanguage":"de","potentialAction":[{"@type":"ReadAction","target":["https:\/\/themeholt.com\/de\/product\/fashoes-minimal-fashion-store\/"]}]},{"@type":"ImageObject","inLanguage":"de","@id":"https:\/\/themeholt.com\/de\/product\/fashoes-minimal-fashion-store\/#primaryimage","url":"https:\/\/themeholt.com\/wp-content\/uploads\/2023\/10\/101.png","contentUrl":"https:\/\/themeholt.com\/wp-content\/uploads\/2023\/10\/101.png","width":1362,"height":1132},{"@type":"BreadcrumbList","@id":"https:\/\/themeholt.com\/de\/product\/fashoes-minimal-fashion-store\/#breadcrumb","itemListElement":[{"@type":"ListItem","position":1,"name":"Home","item":"https:\/\/themeholt.com\/de\/"},{"@type":"ListItem","position":2,"name":"Shop","item":"https:\/\/themeholt.com\/shop\/"},{"@type":"ListItem","position":3,"name":"Fashoes Minimal Fashion Store"}]},{"@type":"WebSite","@id":"https:\/\/themeholt.com\/#website","url":"https:\/\/themeholt.com\/","name":"ThemeHolt","description":"Themeholt is a website that offers high-quality WordPress themes","publisher":{"@id":"https:\/\/themeholt.com\/#organization"},"potentialAction":[{"@type":"SearchAction","target":{"@type":"EntryPoint","urlTemplate":"https:\/\/themeholt.com\/?s={search_term_string}"},"query-input":{"@type":"PropertyValueSpecification","valueRequired":true,"valueName":"search_term_string"}}],"inLanguage":"de"},{"@type":"Organization","@id":"https:\/\/themeholt.com\/#organization","name":"ThemeHolt","alternateName":"ThemeHolt","url":"https:\/\/themeholt.com\/","logo":{"@type":"ImageObject","inLanguage":"de","@id":"https:\/\/themeholt.com\/#\/schema\/logo\/image\/","url":"https:\/\/themeholt.com\/wp-content\/uploads\/2024\/10\/themeholt.png","contentUrl":"https:\/\/themeholt.com\/wp-content\/uploads\/2024\/10\/themeholt.png","width":225,"height":225,"caption":"ThemeHolt"},"image":{"@id":"https:\/\/themeholt.com\/#\/schema\/logo\/image\/"},"sameAs":["https:\/\/www.facebook.com\/themeholtT","https:\/\/x.com\/ThemeholtT","https:\/\/www.linkedin.com\/company\/themeholt","https:\/\/www.instagram.com\/themeholtt\/"],"description":"Themeholt is a website that offers high-quality WordPress themes that are easy to use and ready for just about everything. In Eindhoven, Netherlands, since 2020 offering simple, accessible WordPress themes by providing a variety of requirements. Themeholt focuses on practicality and efficiency, allowing faster project completion with its superior marketplace and easy-to-use templates.","legalName":"ThemeHolt","foundingDate":"2022-11-10","numberOfEmployees":{"@type":"QuantitativeValue","minValue":"51","maxValue":"200"}}]}},"_links":{"self":[{"href":"https:\/\/themeholt.com\/de\/wp-json\/wp\/v2\/product\/10142","targetHints":{"allow":["GET"]}}],"collection":[{"href":"https:\/\/themeholt.com\/de\/wp-json\/wp\/v2\/product"}],"about":[{"href":"https:\/\/themeholt.com\/de\/wp-json\/wp\/v2\/types\/product"}],"wp:featuredmedia":[{"embeddable":true,"href":"https:\/\/themeholt.com\/de\/wp-json\/wp\/v2\/media\/10143"}],"wp:attachment":[{"href":"https:\/\/themeholt.com\/de\/wp-json\/wp\/v2\/media?parent=10142"}],"wp:term":[{"taxonomy":"product_brand","embeddable":true,"href":"https:\/\/themeholt.com\/de\/wp-json\/wp\/v2\/product_brand?post=10142"},{"taxonomy":"product_cat","embeddable":true,"href":"https:\/\/themeholt.com\/de\/wp-json\/wp\/v2\/product_cat?post=10142"},{"taxonomy":"product_tag","embeddable":true,"href":"https:\/\/themeholt.com\/de\/wp-json\/wp\/v2\/product_tag?post=10142"}],"curies":[{"name":"wp","href":"https:\/\/api.w.org\/{rel}","templated":true}]}}