{"id":10171,"date":"2022-04-25T09:51:54","date_gmt":"2022-04-25T09:51:54","guid":{"rendered":"https:\/\/themeholt.com\/product\/music\/"},"modified":"2024-09-30T10:00:16","modified_gmt":"2024-09-30T10:00:16","slug":"musik","status":"publish","type":"product","link":"https:\/\/themeholt.com\/de\/product\/musik\/","title":{"rendered":"Musik"},"content":{"rendered":"<p><span style=\"font-weight: 400\">Willkommen in unserem Blog, der dem<\/span><b> besten Musik-WordPress-Theme<\/b><span style=\"font-weight: 400\"> gewidmet ist. Hier feiern wir die transformative Kraft der Musik und helfen Musikern und Musikliebhabern, eine au\u00dfergew\u00f6hnliche Online-Pr\u00e4senz aufzubauen.<\/span><\/p>\n<p><span style=\"font-weight: 400\">In diesem <\/span><b>WordPress-Musik-Theme<\/b><span style=\"font-weight: 400\"> erkunden wir verschiedene Aspekte der Musikbranche und bieten wertvolle Einblicke und praktische Ratschl\u00e4ge, die Ihnen helfen, auf Ihrer musikalischen Reise erfolgreich zu sein. Egal, ob Sie Solok\u00fcnstler, Teil einer Band oder Musikproduzent sind, unsere Artikel behandeln verschiedene Themen, die f\u00fcr Ihre Karriere und Leidenschaft f\u00fcr Musik relevant sind.<\/span><\/p>\n<p><span style=\"font-weight: 400\">Bleiben Sie durch unsere umfassenden Rezensionen und Features \u00fcber die neuesten Musiktrends, Branchennachrichten und bahnbrechenden K\u00fcnstler auf dem Laufenden. Wir tauchen tief in verschiedene Genres ein, erforschen ihre Geschichte, ihre Merkmale und einflussreichen Pers\u00f6nlichkeiten und vermitteln Ihnen ein umfassendes Verst\u00e4ndnis der vielf\u00e4ltigen Musiklandschaft.<\/span><\/p>\n","protected":false},"excerpt":{"rendered":"<ul>\n<li style=\"font-weight: 400\"><span style=\"font-weight: 400\">Unbegrenzt viele Stile erstellen<\/span><\/li>\n<li style=\"font-weight: 400\"><span style=\"font-weight: 400\">Hauptfunktionen von Soundboard<\/span><\/li>\n<li style=\"font-weight: 400\"><span style=\"font-weight: 400\">Beeindruckende Fotoalben<\/span><\/li>\n<li style=\"font-weight: 400\"><span style=\"font-weight: 400\">Unbegrenzt viele Layouts, Farben und Schriftarten<\/span><\/li>\n<li style=\"font-weight: 400\"><span style=\"font-weight: 400\">Retina HD und Responsive Design<\/span><\/li>\n<li style=\"font-weight: 400\"><span style=\"font-weight: 400\">Parallax-Hintergrundeffekte<\/span><\/li>\n<li style=\"font-weight: 400\"><span style=\"font-weight: 400\">Support<\/span><\/li>\n<\/ul>\n","protected":false},"featured_media":10172,"template":"","meta":{"_acf_changed":false,"inline_featured_image":false},"product_brand":[],"product_cat":[483],"product_tag":[484,485,486,487,488],"class_list":{"0":"post-10171","1":"product","2":"type-product","3":"status-publish","4":"has-post-thumbnail","6":"product_cat-exclusive-themes-de","7":"product_tag-best-music-theme-de","8":"product_tag-explore-music-by-theme-de","9":"product_tag-lists-of-music-by-theme-de","10":"product_tag-music-website-templates-de","11":"product_tag-music-wordpress-theme-de","13":"first","14":"instock","15":"sale","16":"downloadable","17":"taxable","18":"shipping-taxable","19":"purchasable","20":"product-type-simple"},"acf":[],"yoast_head":"<!-- This site is optimized with the Yoast SEO Premium plugin v22.1 (Yoast SEO v26.0) - https:\/\/yoast.com\/wordpress\/plugins\/seo\/ -->\n<title>Musik-WordPress-Themes 2023 \u2013 Bestes Musik-WordPress-Theme<\/title>\n<meta name=\"description\" content=\"Entfesseln Sie die Kraft der Musik mit unserem besten Musik-WordPress-Theme. Zeigen Sie Ihre Leidenschaft, treten Sie mit Fans in Kontakt und schaffen Sie eine harmonische Online-Pr\u00e4senz. Jetzt kaufen!\" \/>\n<meta name=\"robots\" content=\"index, follow, max-snippet:-1, max-image-preview:large, max-video-preview:-1\" \/>\n<link rel=\"canonical\" href=\"https:\/\/themeholt.com\/de\/product\/musik\/\" \/>\n<meta property=\"og:locale\" content=\"de_DE\" \/>\n<meta property=\"og:type\" content=\"article\" \/>\n<meta property=\"og:title\" content=\"Musik\" \/>\n<meta property=\"og:description\" content=\"Entfesseln Sie die Kraft der Musik mit unserem besten Musik-WordPress-Theme. Zeigen Sie Ihre Leidenschaft, treten Sie mit Fans in Kontakt und schaffen Sie eine harmonische Online-Pr\u00e4senz. Jetzt kaufen!\" \/>\n<meta property=\"og:url\" content=\"https:\/\/themeholt.com\/de\/product\/musik\/\" \/>\n<meta property=\"og:site_name\" content=\"ThemeHolt\" \/>\n<meta property=\"article:publisher\" content=\"https:\/\/www.facebook.com\/themeholtT\" \/>\n<meta property=\"article:modified_time\" content=\"2024-09-30T10:00:16+00:00\" \/>\n<meta property=\"og:image\" content=\"https:\/\/themeholt.com\/wp-content\/uploads\/2022\/04\/famous-Music-Band-theme.jpg\" \/>\n\t<meta property=\"og:image:width\" content=\"1300\" \/>\n\t<meta property=\"og:image:height\" content=\"1300\" \/>\n\t<meta property=\"og:image:type\" content=\"image\/jpeg\" \/>\n<meta name=\"twitter:card\" content=\"summary_large_image\" \/>\n<meta name=\"twitter:site\" content=\"@ThemeholtT\" \/>\n<meta name=\"twitter:label1\" content=\"Gesch\u00e4tzte Lesezeit\" \/>\n\t<meta name=\"twitter:data1\" content=\"1\u00a0Minute\" \/>\n<script type=\"application\/ld+json\" class=\"yoast-schema-graph\">{\"@context\":\"https:\/\/schema.org\",\"@graph\":[{\"@type\":\"WebPage\",\"@id\":\"https:\/\/themeholt.com\/de\/product\/musik\/\",\"url\":\"https:\/\/themeholt.com\/de\/product\/musik\/\",\"name\":\"Musik-WordPress-Themes 2023 \u2013 Bestes Musik-WordPress-Theme\",\"isPartOf\":{\"@id\":\"https:\/\/themeholt.com\/#website\"},\"primaryImageOfPage\":{\"@id\":\"https:\/\/themeholt.com\/de\/product\/musik\/#primaryimage\"},\"image\":{\"@id\":\"https:\/\/themeholt.com\/de\/product\/musik\/#primaryimage\"},\"thumbnailUrl\":\"https:\/\/themeholt.com\/wp-content\/uploads\/2022\/04\/famous-Music-Band-theme.jpg\",\"datePublished\":\"2022-04-25T09:51:54+00:00\",\"dateModified\":\"2024-09-30T10:00:16+00:00\",\"description\":\"Entfesseln Sie die Kraft der Musik mit unserem besten Musik-WordPress-Theme. Zeigen Sie Ihre Leidenschaft, treten Sie mit Fans in Kontakt und schaffen Sie eine harmonische Online-Pr\u00e4senz. Jetzt kaufen!\",\"breadcrumb\":{\"@id\":\"https:\/\/themeholt.com\/de\/product\/musik\/#breadcrumb\"},\"inLanguage\":\"de\",\"potentialAction\":[{\"@type\":\"ReadAction\",\"target\":[\"https:\/\/themeholt.com\/de\/product\/musik\/\"]}]},{\"@type\":\"ImageObject\",\"inLanguage\":\"de\",\"@id\":\"https:\/\/themeholt.com\/de\/product\/musik\/#primaryimage\",\"url\":\"https:\/\/themeholt.com\/wp-content\/uploads\/2022\/04\/famous-Music-Band-theme.jpg\",\"contentUrl\":\"https:\/\/themeholt.com\/wp-content\/uploads\/2022\/04\/famous-Music-Band-theme.jpg\",\"width\":1300,\"height\":1300},{\"@type\":\"BreadcrumbList\",\"@id\":\"https:\/\/themeholt.com\/de\/product\/musik\/#breadcrumb\",\"itemListElement\":[{\"@type\":\"ListItem\",\"position\":1,\"name\":\"Home\",\"item\":\"https:\/\/themeholt.com\/de\/\"},{\"@type\":\"ListItem\",\"position\":2,\"name\":\"Shop\",\"item\":\"https:\/\/themeholt.com\/shop\/\"},{\"@type\":\"ListItem\",\"position\":3,\"name\":\"Musik\"}]},{\"@type\":\"WebSite\",\"@id\":\"https:\/\/themeholt.com\/#website\",\"url\":\"https:\/\/themeholt.com\/\",\"name\":\"ThemeHolt\",\"description\":\"Themeholt is a website that offers high-quality WordPress themes\",\"publisher\":{\"@id\":\"https:\/\/themeholt.com\/#organization\"},\"potentialAction\":[{\"@type\":\"SearchAction\",\"target\":{\"@type\":\"EntryPoint\",\"urlTemplate\":\"https:\/\/themeholt.com\/?s={search_term_string}\"},\"query-input\":{\"@type\":\"PropertyValueSpecification\",\"valueRequired\":true,\"valueName\":\"search_term_string\"}}],\"inLanguage\":\"de\"},{\"@type\":\"Organization\",\"@id\":\"https:\/\/themeholt.com\/#organization\",\"name\":\"ThemeHolt\",\"alternateName\":\"ThemeHolt\",\"url\":\"https:\/\/themeholt.com\/\",\"logo\":{\"@type\":\"ImageObject\",\"inLanguage\":\"de\",\"@id\":\"https:\/\/themeholt.com\/#\/schema\/logo\/image\/\",\"url\":\"https:\/\/themeholt.com\/wp-content\/uploads\/2024\/10\/themeholt.png\",\"contentUrl\":\"https:\/\/themeholt.com\/wp-content\/uploads\/2024\/10\/themeholt.png\",\"width\":225,\"height\":225,\"caption\":\"ThemeHolt\"},\"image\":{\"@id\":\"https:\/\/themeholt.com\/#\/schema\/logo\/image\/\"},\"sameAs\":[\"https:\/\/www.facebook.com\/themeholtT\",\"https:\/\/x.com\/ThemeholtT\",\"https:\/\/www.linkedin.com\/company\/themeholt\",\"https:\/\/www.instagram.com\/themeholtt\/\"],\"description\":\"Themeholt is a website that offers high-quality WordPress themes that are easy to use and ready for just about everything. In Eindhoven, Netherlands, since 2020 offering simple, accessible WordPress themes by providing a variety of requirements. Themeholt focuses on practicality and efficiency, allowing faster project completion with its superior marketplace and easy-to-use templates.\",\"legalName\":\"ThemeHolt\",\"foundingDate\":\"2022-11-10\",\"numberOfEmployees\":{\"@type\":\"QuantitativeValue\",\"minValue\":\"51\",\"maxValue\":\"200\"}}]}<\/script>\n<!-- \/ Yoast SEO Premium plugin. -->","yoast_head_json":{"title":"Musik-WordPress-Themes 2023 \u2013 Bestes Musik-WordPress-Theme","description":"Entfesseln Sie die Kraft der Musik mit unserem besten Musik-WordPress-Theme. Zeigen Sie Ihre Leidenschaft, treten Sie mit Fans in Kontakt und schaffen Sie eine harmonische Online-Pr\u00e4senz. Jetzt kaufen!","robots":{"index":"index","follow":"follow","max-snippet":"max-snippet:-1","max-image-preview":"max-image-preview:large","max-video-preview":"max-video-preview:-1"},"canonical":"https:\/\/themeholt.com\/de\/product\/musik\/","og_locale":"de_DE","og_type":"article","og_title":"Musik","og_description":"Entfesseln Sie die Kraft der Musik mit unserem besten Musik-WordPress-Theme. Zeigen Sie Ihre Leidenschaft, treten Sie mit Fans in Kontakt und schaffen Sie eine harmonische Online-Pr\u00e4senz. Jetzt kaufen!","og_url":"https:\/\/themeholt.com\/de\/product\/musik\/","og_site_name":"ThemeHolt","article_publisher":"https:\/\/www.facebook.com\/themeholtT","article_modified_time":"2024-09-30T10:00:16+00:00","og_image":[{"width":1300,"height":1300,"url":"https:\/\/themeholt.com\/wp-content\/uploads\/2022\/04\/famous-Music-Band-theme.jpg","type":"image\/jpeg"}],"twitter_card":"summary_large_image","twitter_site":"@ThemeholtT","twitter_misc":{"Gesch\u00e4tzte Lesezeit":"1\u00a0Minute"},"schema":{"@context":"https:\/\/schema.org","@graph":[{"@type":"WebPage","@id":"https:\/\/themeholt.com\/de\/product\/musik\/","url":"https:\/\/themeholt.com\/de\/product\/musik\/","name":"Musik-WordPress-Themes 2023 \u2013 Bestes Musik-WordPress-Theme","isPartOf":{"@id":"https:\/\/themeholt.com\/#website"},"primaryImageOfPage":{"@id":"https:\/\/themeholt.com\/de\/product\/musik\/#primaryimage"},"image":{"@id":"https:\/\/themeholt.com\/de\/product\/musik\/#primaryimage"},"thumbnailUrl":"https:\/\/themeholt.com\/wp-content\/uploads\/2022\/04\/famous-Music-Band-theme.jpg","datePublished":"2022-04-25T09:51:54+00:00","dateModified":"2024-09-30T10:00:16+00:00","description":"Entfesseln Sie die Kraft der Musik mit unserem besten Musik-WordPress-Theme. Zeigen Sie Ihre Leidenschaft, treten Sie mit Fans in Kontakt und schaffen Sie eine harmonische Online-Pr\u00e4senz. Jetzt kaufen!","breadcrumb":{"@id":"https:\/\/themeholt.com\/de\/product\/musik\/#breadcrumb"},"inLanguage":"de","potentialAction":[{"@type":"ReadAction","target":["https:\/\/themeholt.com\/de\/product\/musik\/"]}]},{"@type":"ImageObject","inLanguage":"de","@id":"https:\/\/themeholt.com\/de\/product\/musik\/#primaryimage","url":"https:\/\/themeholt.com\/wp-content\/uploads\/2022\/04\/famous-Music-Band-theme.jpg","contentUrl":"https:\/\/themeholt.com\/wp-content\/uploads\/2022\/04\/famous-Music-Band-theme.jpg","width":1300,"height":1300},{"@type":"BreadcrumbList","@id":"https:\/\/themeholt.com\/de\/product\/musik\/#breadcrumb","itemListElement":[{"@type":"ListItem","position":1,"name":"Home","item":"https:\/\/themeholt.com\/de\/"},{"@type":"ListItem","position":2,"name":"Shop","item":"https:\/\/themeholt.com\/shop\/"},{"@type":"ListItem","position":3,"name":"Musik"}]},{"@type":"WebSite","@id":"https:\/\/themeholt.com\/#website","url":"https:\/\/themeholt.com\/","name":"ThemeHolt","description":"Themeholt is a website that offers high-quality WordPress themes","publisher":{"@id":"https:\/\/themeholt.com\/#organization"},"potentialAction":[{"@type":"SearchAction","target":{"@type":"EntryPoint","urlTemplate":"https:\/\/themeholt.com\/?s={search_term_string}"},"query-input":{"@type":"PropertyValueSpecification","valueRequired":true,"valueName":"search_term_string"}}],"inLanguage":"de"},{"@type":"Organization","@id":"https:\/\/themeholt.com\/#organization","name":"ThemeHolt","alternateName":"ThemeHolt","url":"https:\/\/themeholt.com\/","logo":{"@type":"ImageObject","inLanguage":"de","@id":"https:\/\/themeholt.com\/#\/schema\/logo\/image\/","url":"https:\/\/themeholt.com\/wp-content\/uploads\/2024\/10\/themeholt.png","contentUrl":"https:\/\/themeholt.com\/wp-content\/uploads\/2024\/10\/themeholt.png","width":225,"height":225,"caption":"ThemeHolt"},"image":{"@id":"https:\/\/themeholt.com\/#\/schema\/logo\/image\/"},"sameAs":["https:\/\/www.facebook.com\/themeholtT","https:\/\/x.com\/ThemeholtT","https:\/\/www.linkedin.com\/company\/themeholt","https:\/\/www.instagram.com\/themeholtt\/"],"description":"Themeholt is a website that offers high-quality WordPress themes that are easy to use and ready for just about everything. In Eindhoven, Netherlands, since 2020 offering simple, accessible WordPress themes by providing a variety of requirements. Themeholt focuses on practicality and efficiency, allowing faster project completion with its superior marketplace and easy-to-use templates.","legalName":"ThemeHolt","foundingDate":"2022-11-10","numberOfEmployees":{"@type":"QuantitativeValue","minValue":"51","maxValue":"200"}}]}},"_links":{"self":[{"href":"https:\/\/themeholt.com\/de\/wp-json\/wp\/v2\/product\/10171","targetHints":{"allow":["GET"]}}],"collection":[{"href":"https:\/\/themeholt.com\/de\/wp-json\/wp\/v2\/product"}],"about":[{"href":"https:\/\/themeholt.com\/de\/wp-json\/wp\/v2\/types\/product"}],"wp:featuredmedia":[{"embeddable":true,"href":"https:\/\/themeholt.com\/de\/wp-json\/wp\/v2\/media\/10172"}],"wp:attachment":[{"href":"https:\/\/themeholt.com\/de\/wp-json\/wp\/v2\/media?parent=10171"}],"wp:term":[{"taxonomy":"product_brand","embeddable":true,"href":"https:\/\/themeholt.com\/de\/wp-json\/wp\/v2\/product_brand?post=10171"},{"taxonomy":"product_cat","embeddable":true,"href":"https:\/\/themeholt.com\/de\/wp-json\/wp\/v2\/product_cat?post=10171"},{"taxonomy":"product_tag","embeddable":true,"href":"https:\/\/themeholt.com\/de\/wp-json\/wp\/v2\/product_tag?post=10171"}],"curies":[{"name":"wp","href":"https:\/\/api.w.org\/{rel}","templated":true}]}}