{"id":10190,"date":"2022-04-22T13:07:37","date_gmt":"2022-04-22T13:07:37","guid":{"rendered":"https:\/\/themeholt.com\/product\/church\/"},"modified":"2024-09-30T10:08:19","modified_gmt":"2024-09-30T10:08:19","slug":"kirche","status":"publish","type":"product","link":"https:\/\/themeholt.com\/de\/product\/kirche\/","title":{"rendered":"Kirche"},"content":{"rendered":"<p><span style=\"font-weight: 400\">Willkommen in der Welt von <\/span><b>Church Website Theme<\/b><span style=\"font-weight: 400\">, wo Glaube und Technologie zusammenkommen, um ein digitales Heiligtum f\u00fcr Ihre Gemeinde zu schaffen. Wir stellen Church vor, ein transformatives Theme, das die Online-Pr\u00e4senz Ihrer Kirche st\u00e4rken und Ihre Gemeinde wie nie zuvor verbinden soll.<\/span><\/p>\n<p><span style=\"font-weight: 400\">Mit seinem eleganten und spirituellen Design schafft <\/span><b>Church WordPress Themes<\/b><span style=\"font-weight: 400\"> die B\u00fchne f\u00fcr ein tiefgr\u00fcndiges und ansprechendes Blog-Erlebnis. Das Theme bietet eine Vielzahl anpassbarer Layouts, mit denen Sie Ihre Predigten, Andachten, Gemeindeveranstaltungen und inspirierenden Inhalte wundersch\u00f6n pr\u00e4sentieren k\u00f6nnen. Ob Pfarrer, Kirchenf\u00fchrer oder leidenschaftliches Mitglied, Church bietet die perfekte Plattform, um Ihre Botschaften der Hoffnung, Liebe und des Glaubens zu teilen.<\/span><\/p>\n","protected":false},"excerpt":{"rendered":"<article id=\"post-136\" class=\"post tf_clearfix post-136 type-post status-publish format-standard has-post-thumbnail hentry category-sermon has-post-title has-post-date has-post-category has-post-tag has-post-comment has-post-author \">\n<div class=\"post-content\">\n<div class=\"post-content-inner\">\n<div class=\"entry-content\">\n<ul>\n<li>Religi\u00f6ses Design<\/li>\n<li>Spendensystem<\/li>\n<li>Predigtverwaltung<\/li>\n<li>Veranstaltungsverwaltung<\/li>\n<li>Anpassbare Seiten<\/li>\n<li>Gebetsanfragen<\/li>\n<li>Freiwilligenverwaltung<\/li>\n<li>Blogging-Funktionen<\/li>\n<li>Predigt-Podcasting<\/li>\n<li>Laufende Unterst\u00fctzung und Updates<\/li>\n<\/ul>\n<\/div>\n<\/div>\n<\/div>\n<\/article>\n","protected":false},"featured_media":10192,"template":"","meta":{"_acf_changed":false,"inline_featured_image":false},"product_brand":[],"product_cat":[475],"product_tag":[495,496,497],"class_list":{"0":"post-10190","1":"product","2":"type-product","3":"status-publish","4":"has-post-thumbnail","6":"product_cat-new-arrivals-de","7":"product_tag-church-themes-de","8":"product_tag-holy-wordpress-themes-de","9":"product_tag-religious-wordpress-themes-de","11":"first","12":"instock","13":"sale","14":"downloadable","15":"taxable","16":"shipping-taxable","17":"purchasable","18":"product-type-simple"},"acf":[],"yoast_head":"<!-- This site is optimized with the Yoast SEO Premium plugin v22.1 (Yoast SEO v26.0) - https:\/\/yoast.com\/wordpress\/plugins\/seo\/ -->\n<title>Religi\u00f6se WordPress-Themes | WordPress-Kirchenthema<\/title>\n<meta name=\"description\" content=\"Finden Sie ein benutzerfreundliches WordPress-Kirchenthema f\u00fcr Ihre religi\u00f6se Website. Erstellen Sie eine benutzerfreundliche Oberfl\u00e4che f\u00fcr Ihre Website. Jetzt holen!\" \/>\n<meta name=\"robots\" content=\"index, follow, max-snippet:-1, max-image-preview:large, max-video-preview:-1\" \/>\n<link rel=\"canonical\" href=\"https:\/\/themeholt.com\/de\/product\/kirche\/\" \/>\n<meta property=\"og:locale\" content=\"de_DE\" \/>\n<meta property=\"og:type\" content=\"article\" \/>\n<meta property=\"og:title\" content=\"Kirche\" \/>\n<meta property=\"og:description\" content=\"Finden Sie ein benutzerfreundliches WordPress-Kirchenthema f\u00fcr Ihre religi\u00f6se Website. Erstellen Sie eine benutzerfreundliche Oberfl\u00e4che f\u00fcr Ihre Website. Jetzt holen!\" \/>\n<meta property=\"og:url\" content=\"https:\/\/themeholt.com\/de\/product\/kirche\/\" \/>\n<meta property=\"og:site_name\" content=\"ThemeHolt\" \/>\n<meta property=\"article:publisher\" content=\"https:\/\/www.facebook.com\/themeholtT\" \/>\n<meta property=\"article:modified_time\" content=\"2024-09-30T10:08:19+00:00\" \/>\n<meta property=\"og:image\" content=\"https:\/\/themeholt.com\/wp-content\/uploads\/2022\/04\/Catholic-Church-Theme-1.jpg\" \/>\n\t<meta property=\"og:image:width\" content=\"1300\" \/>\n\t<meta property=\"og:image:height\" content=\"1283\" \/>\n\t<meta property=\"og:image:type\" content=\"image\/jpeg\" \/>\n<meta name=\"twitter:card\" content=\"summary_large_image\" \/>\n<meta name=\"twitter:site\" content=\"@ThemeholtT\" \/>\n<meta name=\"twitter:label1\" content=\"Gesch\u00e4tzte Lesezeit\" \/>\n\t<meta name=\"twitter:data1\" content=\"1\u00a0Minute\" \/>\n<script type=\"application\/ld+json\" class=\"yoast-schema-graph\">{\"@context\":\"https:\/\/schema.org\",\"@graph\":[{\"@type\":\"WebPage\",\"@id\":\"https:\/\/themeholt.com\/de\/product\/kirche\/\",\"url\":\"https:\/\/themeholt.com\/de\/product\/kirche\/\",\"name\":\"Religi\u00f6se WordPress-Themes | WordPress-Kirchenthema\",\"isPartOf\":{\"@id\":\"https:\/\/themeholt.com\/#website\"},\"primaryImageOfPage\":{\"@id\":\"https:\/\/themeholt.com\/de\/product\/kirche\/#primaryimage\"},\"image\":{\"@id\":\"https:\/\/themeholt.com\/de\/product\/kirche\/#primaryimage\"},\"thumbnailUrl\":\"https:\/\/themeholt.com\/wp-content\/uploads\/2022\/04\/Catholic-Church-Theme-1.jpg\",\"datePublished\":\"2022-04-22T13:07:37+00:00\",\"dateModified\":\"2024-09-30T10:08:19+00:00\",\"description\":\"Finden Sie ein benutzerfreundliches WordPress-Kirchenthema f\u00fcr Ihre religi\u00f6se Website. Erstellen Sie eine benutzerfreundliche Oberfl\u00e4che f\u00fcr Ihre Website. Jetzt holen!\",\"breadcrumb\":{\"@id\":\"https:\/\/themeholt.com\/de\/product\/kirche\/#breadcrumb\"},\"inLanguage\":\"de\",\"potentialAction\":[{\"@type\":\"ReadAction\",\"target\":[\"https:\/\/themeholt.com\/de\/product\/kirche\/\"]}]},{\"@type\":\"ImageObject\",\"inLanguage\":\"de\",\"@id\":\"https:\/\/themeholt.com\/de\/product\/kirche\/#primaryimage\",\"url\":\"https:\/\/themeholt.com\/wp-content\/uploads\/2022\/04\/Catholic-Church-Theme-1.jpg\",\"contentUrl\":\"https:\/\/themeholt.com\/wp-content\/uploads\/2022\/04\/Catholic-Church-Theme-1.jpg\",\"width\":1300,\"height\":1283},{\"@type\":\"BreadcrumbList\",\"@id\":\"https:\/\/themeholt.com\/de\/product\/kirche\/#breadcrumb\",\"itemListElement\":[{\"@type\":\"ListItem\",\"position\":1,\"name\":\"Home\",\"item\":\"https:\/\/themeholt.com\/de\/\"},{\"@type\":\"ListItem\",\"position\":2,\"name\":\"Shop\",\"item\":\"https:\/\/themeholt.com\/shop\/\"},{\"@type\":\"ListItem\",\"position\":3,\"name\":\"Kirche\"}]},{\"@type\":\"WebSite\",\"@id\":\"https:\/\/themeholt.com\/#website\",\"url\":\"https:\/\/themeholt.com\/\",\"name\":\"ThemeHolt\",\"description\":\"Themeholt is a website that offers high-quality WordPress themes\",\"publisher\":{\"@id\":\"https:\/\/themeholt.com\/#organization\"},\"potentialAction\":[{\"@type\":\"SearchAction\",\"target\":{\"@type\":\"EntryPoint\",\"urlTemplate\":\"https:\/\/themeholt.com\/?s={search_term_string}\"},\"query-input\":{\"@type\":\"PropertyValueSpecification\",\"valueRequired\":true,\"valueName\":\"search_term_string\"}}],\"inLanguage\":\"de\"},{\"@type\":\"Organization\",\"@id\":\"https:\/\/themeholt.com\/#organization\",\"name\":\"ThemeHolt\",\"alternateName\":\"ThemeHolt\",\"url\":\"https:\/\/themeholt.com\/\",\"logo\":{\"@type\":\"ImageObject\",\"inLanguage\":\"de\",\"@id\":\"https:\/\/themeholt.com\/#\/schema\/logo\/image\/\",\"url\":\"https:\/\/themeholt.com\/wp-content\/uploads\/2024\/10\/themeholt.png\",\"contentUrl\":\"https:\/\/themeholt.com\/wp-content\/uploads\/2024\/10\/themeholt.png\",\"width\":225,\"height\":225,\"caption\":\"ThemeHolt\"},\"image\":{\"@id\":\"https:\/\/themeholt.com\/#\/schema\/logo\/image\/\"},\"sameAs\":[\"https:\/\/www.facebook.com\/themeholtT\",\"https:\/\/x.com\/ThemeholtT\",\"https:\/\/www.linkedin.com\/company\/themeholt\",\"https:\/\/www.instagram.com\/themeholtt\/\"],\"description\":\"Themeholt is a website that offers high-quality WordPress themes that are easy to use and ready for just about everything. In Eindhoven, Netherlands, since 2020 offering simple, accessible WordPress themes by providing a variety of requirements. Themeholt focuses on practicality and efficiency, allowing faster project completion with its superior marketplace and easy-to-use templates.\",\"legalName\":\"ThemeHolt\",\"foundingDate\":\"2022-11-10\",\"numberOfEmployees\":{\"@type\":\"QuantitativeValue\",\"minValue\":\"51\",\"maxValue\":\"200\"}}]}<\/script>\n<!-- \/ Yoast SEO Premium plugin. -->","yoast_head_json":{"title":"Religi\u00f6se WordPress-Themes | WordPress-Kirchenthema","description":"Finden Sie ein benutzerfreundliches WordPress-Kirchenthema f\u00fcr Ihre religi\u00f6se Website. Erstellen Sie eine benutzerfreundliche Oberfl\u00e4che f\u00fcr Ihre Website. Jetzt holen!","robots":{"index":"index","follow":"follow","max-snippet":"max-snippet:-1","max-image-preview":"max-image-preview:large","max-video-preview":"max-video-preview:-1"},"canonical":"https:\/\/themeholt.com\/de\/product\/kirche\/","og_locale":"de_DE","og_type":"article","og_title":"Kirche","og_description":"Finden Sie ein benutzerfreundliches WordPress-Kirchenthema f\u00fcr Ihre religi\u00f6se Website. Erstellen Sie eine benutzerfreundliche Oberfl\u00e4che f\u00fcr Ihre Website. Jetzt holen!","og_url":"https:\/\/themeholt.com\/de\/product\/kirche\/","og_site_name":"ThemeHolt","article_publisher":"https:\/\/www.facebook.com\/themeholtT","article_modified_time":"2024-09-30T10:08:19+00:00","og_image":[{"width":1300,"height":1283,"url":"https:\/\/themeholt.com\/wp-content\/uploads\/2022\/04\/Catholic-Church-Theme-1.jpg","type":"image\/jpeg"}],"twitter_card":"summary_large_image","twitter_site":"@ThemeholtT","twitter_misc":{"Gesch\u00e4tzte Lesezeit":"1\u00a0Minute"},"schema":{"@context":"https:\/\/schema.org","@graph":[{"@type":"WebPage","@id":"https:\/\/themeholt.com\/de\/product\/kirche\/","url":"https:\/\/themeholt.com\/de\/product\/kirche\/","name":"Religi\u00f6se WordPress-Themes | WordPress-Kirchenthema","isPartOf":{"@id":"https:\/\/themeholt.com\/#website"},"primaryImageOfPage":{"@id":"https:\/\/themeholt.com\/de\/product\/kirche\/#primaryimage"},"image":{"@id":"https:\/\/themeholt.com\/de\/product\/kirche\/#primaryimage"},"thumbnailUrl":"https:\/\/themeholt.com\/wp-content\/uploads\/2022\/04\/Catholic-Church-Theme-1.jpg","datePublished":"2022-04-22T13:07:37+00:00","dateModified":"2024-09-30T10:08:19+00:00","description":"Finden Sie ein benutzerfreundliches WordPress-Kirchenthema f\u00fcr Ihre religi\u00f6se Website. Erstellen Sie eine benutzerfreundliche Oberfl\u00e4che f\u00fcr Ihre Website. Jetzt holen!","breadcrumb":{"@id":"https:\/\/themeholt.com\/de\/product\/kirche\/#breadcrumb"},"inLanguage":"de","potentialAction":[{"@type":"ReadAction","target":["https:\/\/themeholt.com\/de\/product\/kirche\/"]}]},{"@type":"ImageObject","inLanguage":"de","@id":"https:\/\/themeholt.com\/de\/product\/kirche\/#primaryimage","url":"https:\/\/themeholt.com\/wp-content\/uploads\/2022\/04\/Catholic-Church-Theme-1.jpg","contentUrl":"https:\/\/themeholt.com\/wp-content\/uploads\/2022\/04\/Catholic-Church-Theme-1.jpg","width":1300,"height":1283},{"@type":"BreadcrumbList","@id":"https:\/\/themeholt.com\/de\/product\/kirche\/#breadcrumb","itemListElement":[{"@type":"ListItem","position":1,"name":"Home","item":"https:\/\/themeholt.com\/de\/"},{"@type":"ListItem","position":2,"name":"Shop","item":"https:\/\/themeholt.com\/shop\/"},{"@type":"ListItem","position":3,"name":"Kirche"}]},{"@type":"WebSite","@id":"https:\/\/themeholt.com\/#website","url":"https:\/\/themeholt.com\/","name":"ThemeHolt","description":"Themeholt is a website that offers high-quality WordPress themes","publisher":{"@id":"https:\/\/themeholt.com\/#organization"},"potentialAction":[{"@type":"SearchAction","target":{"@type":"EntryPoint","urlTemplate":"https:\/\/themeholt.com\/?s={search_term_string}"},"query-input":{"@type":"PropertyValueSpecification","valueRequired":true,"valueName":"search_term_string"}}],"inLanguage":"de"},{"@type":"Organization","@id":"https:\/\/themeholt.com\/#organization","name":"ThemeHolt","alternateName":"ThemeHolt","url":"https:\/\/themeholt.com\/","logo":{"@type":"ImageObject","inLanguage":"de","@id":"https:\/\/themeholt.com\/#\/schema\/logo\/image\/","url":"https:\/\/themeholt.com\/wp-content\/uploads\/2024\/10\/themeholt.png","contentUrl":"https:\/\/themeholt.com\/wp-content\/uploads\/2024\/10\/themeholt.png","width":225,"height":225,"caption":"ThemeHolt"},"image":{"@id":"https:\/\/themeholt.com\/#\/schema\/logo\/image\/"},"sameAs":["https:\/\/www.facebook.com\/themeholtT","https:\/\/x.com\/ThemeholtT","https:\/\/www.linkedin.com\/company\/themeholt","https:\/\/www.instagram.com\/themeholtt\/"],"description":"Themeholt is a website that offers high-quality WordPress themes that are easy to use and ready for just about everything. In Eindhoven, Netherlands, since 2020 offering simple, accessible WordPress themes by providing a variety of requirements. Themeholt focuses on practicality and efficiency, allowing faster project completion with its superior marketplace and easy-to-use templates.","legalName":"ThemeHolt","foundingDate":"2022-11-10","numberOfEmployees":{"@type":"QuantitativeValue","minValue":"51","maxValue":"200"}}]}},"_links":{"self":[{"href":"https:\/\/themeholt.com\/de\/wp-json\/wp\/v2\/product\/10190","targetHints":{"allow":["GET"]}}],"collection":[{"href":"https:\/\/themeholt.com\/de\/wp-json\/wp\/v2\/product"}],"about":[{"href":"https:\/\/themeholt.com\/de\/wp-json\/wp\/v2\/types\/product"}],"wp:featuredmedia":[{"embeddable":true,"href":"https:\/\/themeholt.com\/de\/wp-json\/wp\/v2\/media\/10192"}],"wp:attachment":[{"href":"https:\/\/themeholt.com\/de\/wp-json\/wp\/v2\/media?parent=10190"}],"wp:term":[{"taxonomy":"product_brand","embeddable":true,"href":"https:\/\/themeholt.com\/de\/wp-json\/wp\/v2\/product_brand?post=10190"},{"taxonomy":"product_cat","embeddable":true,"href":"https:\/\/themeholt.com\/de\/wp-json\/wp\/v2\/product_cat?post=10190"},{"taxonomy":"product_tag","embeddable":true,"href":"https:\/\/themeholt.com\/de\/wp-json\/wp\/v2\/product_tag?post=10190"}],"curies":[{"name":"wp","href":"https:\/\/api.w.org\/{rel}","templated":true}]}}