{"id":10202,"date":"2022-04-22T13:01:50","date_gmt":"2022-04-22T13:01:50","guid":{"rendered":"https:\/\/themeholt.com\/product\/agency-3\/"},"modified":"2024-09-30T10:21:58","modified_gmt":"2024-09-30T10:21:58","slug":"agentur-3","status":"publish","type":"product","link":"https:\/\/themeholt.com\/de\/product\/agentur-3\/","title":{"rendered":"Agentur 3"},"content":{"rendered":"<p><span style=\"font-weight: 400\">Willkommen in der Welt von Agency 3, wo Kreativit\u00e4t auf Funktionalit\u00e4t trifft in <\/span><b>Best Agency 3 WordPress Themes<\/b><span style=\"font-weight: 400\">. Wenn Sie eine Agentur sind, die nach der perfekten Plattform sucht, um Ihre Arbeit zu pr\u00e4sentieren und Ihr Publikum zu fesseln, sind Sie hier richtig. Agency 3 bietet viele Funktionen und Anpassungsoptionen und ist damit eine der besten Optionen f\u00fcr Agenturen aller Art.<\/span><\/p>\n<p><span style=\"font-weight: 400\">Eines der herausragenden Merkmale von Agency 3 sind seine atemberaubenden Portfolio-Layouts. Mit mehreren Optionen k\u00f6nnen Sie Ihre Projekte m\u00fchelos auf optisch ansprechende und organisierte Weise anzeigen. Egal, ob Sie gitterbasierte Galerien, Mauerwerk-artige Darstellungen oder sogar interaktive Schieberegler bevorzugen, <\/span><b>Ultra WordPress Agency 3 Themes<\/b><span style=\"font-weight: 400\"> werden Sie begeistern. Dieses Design bietet die Flexibilit\u00e4t, Ihre Arbeit auf eine Weise zu pr\u00e4sentieren, die den einzigartigen Stil und die \u00c4sthetik Ihrer Agentur wirklich widerspiegelt.<\/span><\/p>\n","protected":false},"excerpt":{"rendered":"<ul>\n<li>Serviceseiten<\/li>\n<li>Blogging-Funktionen<\/li>\n<li>SEO-Optimierung<\/li>\n<li>Integration sozialer Medien<\/li>\n<li>Anpassungsoptionen<\/li>\n<li>Fallstudien<\/li>\n<li>Laufender Support und Updates<\/li>\n<li>Teammitglieder<\/li>\n<li>Testimonials<\/li>\n<li>Preistabellen<\/li>\n<li>Kontaktformulare<\/li>\n<li>Integration mit Projektmanagement-Tools<\/li>\n<li>Benutzerdefinierte Widgets<\/li>\n<li>Kunden-Login<\/li>\n<\/ul>\n","protected":false},"featured_media":10204,"template":"","meta":{"_acf_changed":false,"inline_featured_image":false},"product_brand":[],"product_cat":[499],"product_tag":[500,501,502,503],"class_list":{"0":"post-10202","1":"product","2":"type-product","3":"status-publish","4":"has-post-thumbnail","6":"product_cat-premium-themes-de","7":"product_tag-advance-business-themes-de","8":"product_tag-business-de","9":"product_tag-business-wordpress-themes-de","10":"product_tag-themes-for-bussiness-event-de","12":"first","13":"instock","14":"sale","15":"downloadable","16":"taxable","17":"shipping-taxable","18":"purchasable","19":"product-type-simple"},"acf":[],"yoast_head":"<!-- This site is optimized with the Yoast SEO Premium plugin v22.1 (Yoast SEO v26.0) - https:\/\/yoast.com\/wordpress\/plugins\/seo\/ -->\n<title>WordPress-Themes f\u00fcr Agenturen | Website-Vorlagen f\u00fcr Agenturen<\/title>\n<meta name=\"description\" content=\"Entdecken Sie die besten Website-Vorlagen f\u00fcr Ihre Agentur. Sehen Sie sich unsere einfachen, stilvollen und benutzerfreundlichen Designs an, die perfekt f\u00fcr Agenturen geeignet sind. Jetzt einkaufen!\" \/>\n<meta name=\"robots\" content=\"index, follow, max-snippet:-1, max-image-preview:large, max-video-preview:-1\" \/>\n<link rel=\"canonical\" href=\"https:\/\/themeholt.com\/de\/product\/agentur-3\/\" \/>\n<meta property=\"og:locale\" content=\"de_DE\" \/>\n<meta property=\"og:type\" content=\"article\" \/>\n<meta property=\"og:title\" content=\"Agentur 3\" \/>\n<meta property=\"og:description\" content=\"Entdecken Sie die besten Website-Vorlagen f\u00fcr Ihre Agentur. Sehen Sie sich unsere einfachen, stilvollen und benutzerfreundlichen Designs an, die perfekt f\u00fcr Agenturen geeignet sind. Jetzt einkaufen!\" \/>\n<meta property=\"og:url\" content=\"https:\/\/themeholt.com\/de\/product\/agentur-3\/\" \/>\n<meta property=\"og:site_name\" content=\"ThemeHolt\" \/>\n<meta property=\"article:publisher\" content=\"https:\/\/www.facebook.com\/themeholtT\" \/>\n<meta property=\"article:modified_time\" content=\"2024-09-30T10:21:58+00:00\" \/>\n<meta property=\"og:image\" content=\"https:\/\/themeholt.com\/wp-content\/uploads\/2022\/04\/Website-Builder-Theme-1.jpg\" \/>\n\t<meta property=\"og:image:width\" content=\"1300\" \/>\n\t<meta property=\"og:image:height\" content=\"1300\" \/>\n\t<meta property=\"og:image:type\" content=\"image\/jpeg\" \/>\n<meta name=\"twitter:card\" content=\"summary_large_image\" \/>\n<meta name=\"twitter:site\" content=\"@ThemeholtT\" \/>\n<meta name=\"twitter:label1\" content=\"Gesch\u00e4tzte Lesezeit\" \/>\n\t<meta name=\"twitter:data1\" content=\"1\u00a0Minute\" \/>\n<script type=\"application\/ld+json\" class=\"yoast-schema-graph\">{\"@context\":\"https:\/\/schema.org\",\"@graph\":[{\"@type\":\"WebPage\",\"@id\":\"https:\/\/themeholt.com\/de\/product\/agentur-3\/\",\"url\":\"https:\/\/themeholt.com\/de\/product\/agentur-3\/\",\"name\":\"WordPress-Themes f\u00fcr Agenturen | Website-Vorlagen f\u00fcr Agenturen\",\"isPartOf\":{\"@id\":\"https:\/\/themeholt.com\/#website\"},\"primaryImageOfPage\":{\"@id\":\"https:\/\/themeholt.com\/de\/product\/agentur-3\/#primaryimage\"},\"image\":{\"@id\":\"https:\/\/themeholt.com\/de\/product\/agentur-3\/#primaryimage\"},\"thumbnailUrl\":\"https:\/\/themeholt.com\/wp-content\/uploads\/2022\/04\/Website-Builder-Theme-1.jpg\",\"datePublished\":\"2022-04-22T13:01:50+00:00\",\"dateModified\":\"2024-09-30T10:21:58+00:00\",\"description\":\"Entdecken Sie die besten Website-Vorlagen f\u00fcr Ihre Agentur. Sehen Sie sich unsere einfachen, stilvollen und benutzerfreundlichen Designs an, die perfekt f\u00fcr Agenturen geeignet sind. Jetzt einkaufen!\",\"breadcrumb\":{\"@id\":\"https:\/\/themeholt.com\/de\/product\/agentur-3\/#breadcrumb\"},\"inLanguage\":\"de\",\"potentialAction\":[{\"@type\":\"ReadAction\",\"target\":[\"https:\/\/themeholt.com\/de\/product\/agentur-3\/\"]}]},{\"@type\":\"ImageObject\",\"inLanguage\":\"de\",\"@id\":\"https:\/\/themeholt.com\/de\/product\/agentur-3\/#primaryimage\",\"url\":\"https:\/\/themeholt.com\/wp-content\/uploads\/2022\/04\/Website-Builder-Theme-1.jpg\",\"contentUrl\":\"https:\/\/themeholt.com\/wp-content\/uploads\/2022\/04\/Website-Builder-Theme-1.jpg\",\"width\":1300,\"height\":1300},{\"@type\":\"BreadcrumbList\",\"@id\":\"https:\/\/themeholt.com\/de\/product\/agentur-3\/#breadcrumb\",\"itemListElement\":[{\"@type\":\"ListItem\",\"position\":1,\"name\":\"Home\",\"item\":\"https:\/\/themeholt.com\/de\/\"},{\"@type\":\"ListItem\",\"position\":2,\"name\":\"Shop\",\"item\":\"https:\/\/themeholt.com\/shop\/\"},{\"@type\":\"ListItem\",\"position\":3,\"name\":\"Agentur 3\"}]},{\"@type\":\"WebSite\",\"@id\":\"https:\/\/themeholt.com\/#website\",\"url\":\"https:\/\/themeholt.com\/\",\"name\":\"ThemeHolt\",\"description\":\"Themeholt is a website that offers high-quality WordPress themes\",\"publisher\":{\"@id\":\"https:\/\/themeholt.com\/#organization\"},\"potentialAction\":[{\"@type\":\"SearchAction\",\"target\":{\"@type\":\"EntryPoint\",\"urlTemplate\":\"https:\/\/themeholt.com\/?s={search_term_string}\"},\"query-input\":{\"@type\":\"PropertyValueSpecification\",\"valueRequired\":true,\"valueName\":\"search_term_string\"}}],\"inLanguage\":\"de\"},{\"@type\":\"Organization\",\"@id\":\"https:\/\/themeholt.com\/#organization\",\"name\":\"ThemeHolt\",\"alternateName\":\"ThemeHolt\",\"url\":\"https:\/\/themeholt.com\/\",\"logo\":{\"@type\":\"ImageObject\",\"inLanguage\":\"de\",\"@id\":\"https:\/\/themeholt.com\/#\/schema\/logo\/image\/\",\"url\":\"https:\/\/themeholt.com\/wp-content\/uploads\/2024\/10\/themeholt.png\",\"contentUrl\":\"https:\/\/themeholt.com\/wp-content\/uploads\/2024\/10\/themeholt.png\",\"width\":225,\"height\":225,\"caption\":\"ThemeHolt\"},\"image\":{\"@id\":\"https:\/\/themeholt.com\/#\/schema\/logo\/image\/\"},\"sameAs\":[\"https:\/\/www.facebook.com\/themeholtT\",\"https:\/\/x.com\/ThemeholtT\",\"https:\/\/www.linkedin.com\/company\/themeholt\",\"https:\/\/www.instagram.com\/themeholtt\/\"],\"description\":\"Themeholt is a website that offers high-quality WordPress themes that are easy to use and ready for just about everything. In Eindhoven, Netherlands, since 2020 offering simple, accessible WordPress themes by providing a variety of requirements. Themeholt focuses on practicality and efficiency, allowing faster project completion with its superior marketplace and easy-to-use templates.\",\"legalName\":\"ThemeHolt\",\"foundingDate\":\"2022-11-10\",\"numberOfEmployees\":{\"@type\":\"QuantitativeValue\",\"minValue\":\"51\",\"maxValue\":\"200\"}}]}<\/script>\n<!-- \/ Yoast SEO Premium plugin. -->","yoast_head_json":{"title":"WordPress-Themes f\u00fcr Agenturen | Website-Vorlagen f\u00fcr Agenturen","description":"Entdecken Sie die besten Website-Vorlagen f\u00fcr Ihre Agentur. Sehen Sie sich unsere einfachen, stilvollen und benutzerfreundlichen Designs an, die perfekt f\u00fcr Agenturen geeignet sind. Jetzt einkaufen!","robots":{"index":"index","follow":"follow","max-snippet":"max-snippet:-1","max-image-preview":"max-image-preview:large","max-video-preview":"max-video-preview:-1"},"canonical":"https:\/\/themeholt.com\/de\/product\/agentur-3\/","og_locale":"de_DE","og_type":"article","og_title":"Agentur 3","og_description":"Entdecken Sie die besten Website-Vorlagen f\u00fcr Ihre Agentur. Sehen Sie sich unsere einfachen, stilvollen und benutzerfreundlichen Designs an, die perfekt f\u00fcr Agenturen geeignet sind. Jetzt einkaufen!","og_url":"https:\/\/themeholt.com\/de\/product\/agentur-3\/","og_site_name":"ThemeHolt","article_publisher":"https:\/\/www.facebook.com\/themeholtT","article_modified_time":"2024-09-30T10:21:58+00:00","og_image":[{"width":1300,"height":1300,"url":"https:\/\/themeholt.com\/wp-content\/uploads\/2022\/04\/Website-Builder-Theme-1.jpg","type":"image\/jpeg"}],"twitter_card":"summary_large_image","twitter_site":"@ThemeholtT","twitter_misc":{"Gesch\u00e4tzte Lesezeit":"1\u00a0Minute"},"schema":{"@context":"https:\/\/schema.org","@graph":[{"@type":"WebPage","@id":"https:\/\/themeholt.com\/de\/product\/agentur-3\/","url":"https:\/\/themeholt.com\/de\/product\/agentur-3\/","name":"WordPress-Themes f\u00fcr Agenturen | Website-Vorlagen f\u00fcr Agenturen","isPartOf":{"@id":"https:\/\/themeholt.com\/#website"},"primaryImageOfPage":{"@id":"https:\/\/themeholt.com\/de\/product\/agentur-3\/#primaryimage"},"image":{"@id":"https:\/\/themeholt.com\/de\/product\/agentur-3\/#primaryimage"},"thumbnailUrl":"https:\/\/themeholt.com\/wp-content\/uploads\/2022\/04\/Website-Builder-Theme-1.jpg","datePublished":"2022-04-22T13:01:50+00:00","dateModified":"2024-09-30T10:21:58+00:00","description":"Entdecken Sie die besten Website-Vorlagen f\u00fcr Ihre Agentur. Sehen Sie sich unsere einfachen, stilvollen und benutzerfreundlichen Designs an, die perfekt f\u00fcr Agenturen geeignet sind. Jetzt einkaufen!","breadcrumb":{"@id":"https:\/\/themeholt.com\/de\/product\/agentur-3\/#breadcrumb"},"inLanguage":"de","potentialAction":[{"@type":"ReadAction","target":["https:\/\/themeholt.com\/de\/product\/agentur-3\/"]}]},{"@type":"ImageObject","inLanguage":"de","@id":"https:\/\/themeholt.com\/de\/product\/agentur-3\/#primaryimage","url":"https:\/\/themeholt.com\/wp-content\/uploads\/2022\/04\/Website-Builder-Theme-1.jpg","contentUrl":"https:\/\/themeholt.com\/wp-content\/uploads\/2022\/04\/Website-Builder-Theme-1.jpg","width":1300,"height":1300},{"@type":"BreadcrumbList","@id":"https:\/\/themeholt.com\/de\/product\/agentur-3\/#breadcrumb","itemListElement":[{"@type":"ListItem","position":1,"name":"Home","item":"https:\/\/themeholt.com\/de\/"},{"@type":"ListItem","position":2,"name":"Shop","item":"https:\/\/themeholt.com\/shop\/"},{"@type":"ListItem","position":3,"name":"Agentur 3"}]},{"@type":"WebSite","@id":"https:\/\/themeholt.com\/#website","url":"https:\/\/themeholt.com\/","name":"ThemeHolt","description":"Themeholt is a website that offers high-quality WordPress themes","publisher":{"@id":"https:\/\/themeholt.com\/#organization"},"potentialAction":[{"@type":"SearchAction","target":{"@type":"EntryPoint","urlTemplate":"https:\/\/themeholt.com\/?s={search_term_string}"},"query-input":{"@type":"PropertyValueSpecification","valueRequired":true,"valueName":"search_term_string"}}],"inLanguage":"de"},{"@type":"Organization","@id":"https:\/\/themeholt.com\/#organization","name":"ThemeHolt","alternateName":"ThemeHolt","url":"https:\/\/themeholt.com\/","logo":{"@type":"ImageObject","inLanguage":"de","@id":"https:\/\/themeholt.com\/#\/schema\/logo\/image\/","url":"https:\/\/themeholt.com\/wp-content\/uploads\/2024\/10\/themeholt.png","contentUrl":"https:\/\/themeholt.com\/wp-content\/uploads\/2024\/10\/themeholt.png","width":225,"height":225,"caption":"ThemeHolt"},"image":{"@id":"https:\/\/themeholt.com\/#\/schema\/logo\/image\/"},"sameAs":["https:\/\/www.facebook.com\/themeholtT","https:\/\/x.com\/ThemeholtT","https:\/\/www.linkedin.com\/company\/themeholt","https:\/\/www.instagram.com\/themeholtt\/"],"description":"Themeholt is a website that offers high-quality WordPress themes that are easy to use and ready for just about everything. In Eindhoven, Netherlands, since 2020 offering simple, accessible WordPress themes by providing a variety of requirements. Themeholt focuses on practicality and efficiency, allowing faster project completion with its superior marketplace and easy-to-use templates.","legalName":"ThemeHolt","foundingDate":"2022-11-10","numberOfEmployees":{"@type":"QuantitativeValue","minValue":"51","maxValue":"200"}}]}},"_links":{"self":[{"href":"https:\/\/themeholt.com\/de\/wp-json\/wp\/v2\/product\/10202","targetHints":{"allow":["GET"]}}],"collection":[{"href":"https:\/\/themeholt.com\/de\/wp-json\/wp\/v2\/product"}],"about":[{"href":"https:\/\/themeholt.com\/de\/wp-json\/wp\/v2\/types\/product"}],"wp:featuredmedia":[{"embeddable":true,"href":"https:\/\/themeholt.com\/de\/wp-json\/wp\/v2\/media\/10204"}],"wp:attachment":[{"href":"https:\/\/themeholt.com\/de\/wp-json\/wp\/v2\/media?parent=10202"}],"wp:term":[{"taxonomy":"product_brand","embeddable":true,"href":"https:\/\/themeholt.com\/de\/wp-json\/wp\/v2\/product_brand?post=10202"},{"taxonomy":"product_cat","embeddable":true,"href":"https:\/\/themeholt.com\/de\/wp-json\/wp\/v2\/product_cat?post=10202"},{"taxonomy":"product_tag","embeddable":true,"href":"https:\/\/themeholt.com\/de\/wp-json\/wp\/v2\/product_tag?post=10202"}],"curies":[{"name":"wp","href":"https:\/\/api.w.org\/{rel}","templated":true}]}}