{"id":10295,"date":"2023-09-20T12:22:42","date_gmt":"2023-09-20T12:22:42","guid":{"rendered":"https:\/\/themeholt.com\/product\/fitgym-fitness-gym\/"},"modified":"2024-09-30T10:58:46","modified_gmt":"2024-09-30T10:58:46","slug":"fitgym-fitness-studio","status":"publish","type":"product","link":"https:\/\/themeholt.com\/de\/product\/fitgym-fitness-studio\/","title":{"rendered":"Fitgym Fitness-Studio"},"content":{"rendered":"<p><span style=\"font-weight: 400\">Das <\/span><b>Gym-WordPress-Theme<\/b><span style=\"font-weight: 400\"> ist eine vielseitige und dynamische Vorlage, die f\u00fcr Fitnessbegeisterte und Profis entwickelt wurde. Mit seinem eleganten und modernen Design bietet dieses Theme eine perfekte Plattform f\u00fcr Fitnessstudios, Fitnesszentren, Personal Trainer und gesundheitsbezogene Websites. Es ist mit wichtigen Funktionen wie Stundenpl\u00e4nen, Trainerprofilen und einem Fitness-Blog ausgestattet, sodass Sie ganz einfach Dienstleistungen pr\u00e4sentieren, Veranstaltungen bewerben und wertvolle Gesundheitstipps teilen k\u00f6nnen. <\/span><\/p>\n<p><span style=\"font-weight: 400\">Anpassungsoptionen erm\u00f6glichen es Benutzern, das Theme an ihre Marke und ihren Stil anzupassen und so eine einzigartige und ansprechende Online-Pr\u00e4senz sicherzustellen. Egal, ob Sie ein Fitnessstudio betreiben oder Fitnessberatung anbieten, dieses Theme ist ein leistungsstarkes Tool, mit dem Sie Ihre Zielgruppe erreichen und Ihre Online-Ziele erreichen k\u00f6nnen.<\/span><\/p>\n","protected":false},"excerpt":{"rendered":"<ul>\n<li><span style=\"font-weight: 400\">Schlankes und modernes Design<\/span><\/li>\n<li><span style=\"font-weight: 400\">Reaktionsschnell und mobilfreundlich<\/span><\/li>\n<li><span style=\"font-weight: 400\">Eventmanagement<\/span><\/li>\n<li><span style=\"font-weight: 400\">Countdown-Timer<\/span><\/li>\n<li><span style=\"font-weight: 400\">Streckenplanung<\/span><\/li>\n<li><span style=\"font-weight: 400\">L\u00e4uferprofile<\/span><\/li>\n<\/ul>\n","protected":false},"featured_media":10297,"template":"","meta":{"_acf_changed":false,"inline_featured_image":false},"product_brand":[],"product_cat":[480],"product_tag":[481,504,505],"class_list":{"0":"post-10295","1":"product","2":"type-product","3":"status-publish","4":"has-post-thumbnail","6":"product_cat-fitness-de","7":"product_tag-best-fitness-wordpress-theme-de","8":"product_tag-best-yoga-wordpress-themes-de","9":"product_tag-affordable-yoga-gym-wordpress-templates-de","11":"first","12":"instock","13":"sale","14":"downloadable","15":"taxable","16":"shipping-taxable","17":"purchasable","18":"product-type-simple"},"acf":[],"yoast_head":"<!-- This site is optimized with the Yoast SEO Premium plugin v22.1 (Yoast SEO v26.0) - https:\/\/yoast.com\/wordpress\/plugins\/seo\/ -->\n<title>Premium-Gym-WordPress-Theme f\u00fcr eine fitte und stylische Website<\/title>\n<meta name=\"description\" content=\"Investieren Sie in ein Premium-WordPress-Theme f\u00fcr Ihre Fitnessstudio-Website. Vollgepackt mit Fitnessfunktionen, reaktionsschnell und anpassbar f\u00fcr Ihr Fitnessgesch\u00e4ft. Jetzt kaufen!\" \/>\n<meta name=\"robots\" content=\"index, follow, max-snippet:-1, max-image-preview:large, max-video-preview:-1\" \/>\n<link rel=\"canonical\" href=\"https:\/\/themeholt.com\/de\/product\/fitgym-fitness-studio\/\" \/>\n<meta property=\"og:locale\" content=\"de_DE\" \/>\n<meta property=\"og:type\" content=\"article\" \/>\n<meta property=\"og:title\" content=\"Fitgym Fitness-Studio\" \/>\n<meta property=\"og:description\" content=\"Investieren Sie in ein Premium-WordPress-Theme f\u00fcr Ihre Fitnessstudio-Website. Vollgepackt mit Fitnessfunktionen, reaktionsschnell und anpassbar f\u00fcr Ihr Fitnessgesch\u00e4ft. Jetzt kaufen!\" \/>\n<meta property=\"og:url\" content=\"https:\/\/themeholt.com\/de\/product\/fitgym-fitness-studio\/\" \/>\n<meta property=\"og:site_name\" content=\"ThemeHolt\" \/>\n<meta property=\"article:publisher\" content=\"https:\/\/www.facebook.com\/themeholtT\" \/>\n<meta property=\"article:modified_time\" content=\"2024-09-30T10:58:46+00:00\" \/>\n<meta property=\"og:image\" content=\"https:\/\/themeholt.com\/wp-content\/uploads\/2023\/09\/51.png\" \/>\n\t<meta property=\"og:image:width\" content=\"1365\" \/>\n\t<meta property=\"og:image:height\" content=\"1393\" \/>\n\t<meta property=\"og:image:type\" content=\"image\/png\" \/>\n<meta name=\"twitter:card\" content=\"summary_large_image\" \/>\n<meta name=\"twitter:site\" content=\"@ThemeholtT\" \/>\n<meta name=\"twitter:label1\" content=\"Gesch\u00e4tzte Lesezeit\" \/>\n\t<meta name=\"twitter:data1\" content=\"1\u00a0Minute\" \/>\n<script type=\"application\/ld+json\" class=\"yoast-schema-graph\">{\"@context\":\"https:\/\/schema.org\",\"@graph\":[{\"@type\":\"WebPage\",\"@id\":\"https:\/\/themeholt.com\/de\/product\/fitgym-fitness-studio\/\",\"url\":\"https:\/\/themeholt.com\/de\/product\/fitgym-fitness-studio\/\",\"name\":\"Premium-Gym-WordPress-Theme f\u00fcr eine fitte und stylische Website\",\"isPartOf\":{\"@id\":\"https:\/\/themeholt.com\/#website\"},\"primaryImageOfPage\":{\"@id\":\"https:\/\/themeholt.com\/de\/product\/fitgym-fitness-studio\/#primaryimage\"},\"image\":{\"@id\":\"https:\/\/themeholt.com\/de\/product\/fitgym-fitness-studio\/#primaryimage\"},\"thumbnailUrl\":\"https:\/\/themeholt.com\/wp-content\/uploads\/2023\/09\/51.png\",\"datePublished\":\"2023-09-20T12:22:42+00:00\",\"dateModified\":\"2024-09-30T10:58:46+00:00\",\"description\":\"Investieren Sie in ein Premium-WordPress-Theme f\u00fcr Ihre Fitnessstudio-Website. Vollgepackt mit Fitnessfunktionen, reaktionsschnell und anpassbar f\u00fcr Ihr Fitnessgesch\u00e4ft. Jetzt kaufen!\",\"breadcrumb\":{\"@id\":\"https:\/\/themeholt.com\/de\/product\/fitgym-fitness-studio\/#breadcrumb\"},\"inLanguage\":\"de\",\"potentialAction\":[{\"@type\":\"ReadAction\",\"target\":[\"https:\/\/themeholt.com\/de\/product\/fitgym-fitness-studio\/\"]}]},{\"@type\":\"ImageObject\",\"inLanguage\":\"de\",\"@id\":\"https:\/\/themeholt.com\/de\/product\/fitgym-fitness-studio\/#primaryimage\",\"url\":\"https:\/\/themeholt.com\/wp-content\/uploads\/2023\/09\/51.png\",\"contentUrl\":\"https:\/\/themeholt.com\/wp-content\/uploads\/2023\/09\/51.png\",\"width\":1365,\"height\":1393},{\"@type\":\"BreadcrumbList\",\"@id\":\"https:\/\/themeholt.com\/de\/product\/fitgym-fitness-studio\/#breadcrumb\",\"itemListElement\":[{\"@type\":\"ListItem\",\"position\":1,\"name\":\"Home\",\"item\":\"https:\/\/themeholt.com\/de\/\"},{\"@type\":\"ListItem\",\"position\":2,\"name\":\"Shop\",\"item\":\"https:\/\/themeholt.com\/shop\/\"},{\"@type\":\"ListItem\",\"position\":3,\"name\":\"Fitgym Fitness-Studio\"}]},{\"@type\":\"WebSite\",\"@id\":\"https:\/\/themeholt.com\/#website\",\"url\":\"https:\/\/themeholt.com\/\",\"name\":\"ThemeHolt\",\"description\":\"Themeholt is a website that offers high-quality WordPress themes\",\"publisher\":{\"@id\":\"https:\/\/themeholt.com\/#organization\"},\"potentialAction\":[{\"@type\":\"SearchAction\",\"target\":{\"@type\":\"EntryPoint\",\"urlTemplate\":\"https:\/\/themeholt.com\/?s={search_term_string}\"},\"query-input\":{\"@type\":\"PropertyValueSpecification\",\"valueRequired\":true,\"valueName\":\"search_term_string\"}}],\"inLanguage\":\"de\"},{\"@type\":\"Organization\",\"@id\":\"https:\/\/themeholt.com\/#organization\",\"name\":\"ThemeHolt\",\"alternateName\":\"ThemeHolt\",\"url\":\"https:\/\/themeholt.com\/\",\"logo\":{\"@type\":\"ImageObject\",\"inLanguage\":\"de\",\"@id\":\"https:\/\/themeholt.com\/#\/schema\/logo\/image\/\",\"url\":\"https:\/\/themeholt.com\/wp-content\/uploads\/2024\/10\/themeholt.png\",\"contentUrl\":\"https:\/\/themeholt.com\/wp-content\/uploads\/2024\/10\/themeholt.png\",\"width\":225,\"height\":225,\"caption\":\"ThemeHolt\"},\"image\":{\"@id\":\"https:\/\/themeholt.com\/#\/schema\/logo\/image\/\"},\"sameAs\":[\"https:\/\/www.facebook.com\/themeholtT\",\"https:\/\/x.com\/ThemeholtT\",\"https:\/\/www.linkedin.com\/company\/themeholt\",\"https:\/\/www.instagram.com\/themeholtt\/\"],\"description\":\"Themeholt is a website that offers high-quality WordPress themes that are easy to use and ready for just about everything. In Eindhoven, Netherlands, since 2020 offering simple, accessible WordPress themes by providing a variety of requirements. Themeholt focuses on practicality and efficiency, allowing faster project completion with its superior marketplace and easy-to-use templates.\",\"legalName\":\"ThemeHolt\",\"foundingDate\":\"2022-11-10\",\"numberOfEmployees\":{\"@type\":\"QuantitativeValue\",\"minValue\":\"51\",\"maxValue\":\"200\"}}]}<\/script>\n<!-- \/ Yoast SEO Premium plugin. -->","yoast_head_json":{"title":"Premium-Gym-WordPress-Theme f\u00fcr eine fitte und stylische Website","description":"Investieren Sie in ein Premium-WordPress-Theme f\u00fcr Ihre Fitnessstudio-Website. Vollgepackt mit Fitnessfunktionen, reaktionsschnell und anpassbar f\u00fcr Ihr Fitnessgesch\u00e4ft. Jetzt kaufen!","robots":{"index":"index","follow":"follow","max-snippet":"max-snippet:-1","max-image-preview":"max-image-preview:large","max-video-preview":"max-video-preview:-1"},"canonical":"https:\/\/themeholt.com\/de\/product\/fitgym-fitness-studio\/","og_locale":"de_DE","og_type":"article","og_title":"Fitgym Fitness-Studio","og_description":"Investieren Sie in ein Premium-WordPress-Theme f\u00fcr Ihre Fitnessstudio-Website. Vollgepackt mit Fitnessfunktionen, reaktionsschnell und anpassbar f\u00fcr Ihr Fitnessgesch\u00e4ft. Jetzt kaufen!","og_url":"https:\/\/themeholt.com\/de\/product\/fitgym-fitness-studio\/","og_site_name":"ThemeHolt","article_publisher":"https:\/\/www.facebook.com\/themeholtT","article_modified_time":"2024-09-30T10:58:46+00:00","og_image":[{"width":1365,"height":1393,"url":"https:\/\/themeholt.com\/wp-content\/uploads\/2023\/09\/51.png","type":"image\/png"}],"twitter_card":"summary_large_image","twitter_site":"@ThemeholtT","twitter_misc":{"Gesch\u00e4tzte Lesezeit":"1\u00a0Minute"},"schema":{"@context":"https:\/\/schema.org","@graph":[{"@type":"WebPage","@id":"https:\/\/themeholt.com\/de\/product\/fitgym-fitness-studio\/","url":"https:\/\/themeholt.com\/de\/product\/fitgym-fitness-studio\/","name":"Premium-Gym-WordPress-Theme f\u00fcr eine fitte und stylische Website","isPartOf":{"@id":"https:\/\/themeholt.com\/#website"},"primaryImageOfPage":{"@id":"https:\/\/themeholt.com\/de\/product\/fitgym-fitness-studio\/#primaryimage"},"image":{"@id":"https:\/\/themeholt.com\/de\/product\/fitgym-fitness-studio\/#primaryimage"},"thumbnailUrl":"https:\/\/themeholt.com\/wp-content\/uploads\/2023\/09\/51.png","datePublished":"2023-09-20T12:22:42+00:00","dateModified":"2024-09-30T10:58:46+00:00","description":"Investieren Sie in ein Premium-WordPress-Theme f\u00fcr Ihre Fitnessstudio-Website. Vollgepackt mit Fitnessfunktionen, reaktionsschnell und anpassbar f\u00fcr Ihr Fitnessgesch\u00e4ft. Jetzt kaufen!","breadcrumb":{"@id":"https:\/\/themeholt.com\/de\/product\/fitgym-fitness-studio\/#breadcrumb"},"inLanguage":"de","potentialAction":[{"@type":"ReadAction","target":["https:\/\/themeholt.com\/de\/product\/fitgym-fitness-studio\/"]}]},{"@type":"ImageObject","inLanguage":"de","@id":"https:\/\/themeholt.com\/de\/product\/fitgym-fitness-studio\/#primaryimage","url":"https:\/\/themeholt.com\/wp-content\/uploads\/2023\/09\/51.png","contentUrl":"https:\/\/themeholt.com\/wp-content\/uploads\/2023\/09\/51.png","width":1365,"height":1393},{"@type":"BreadcrumbList","@id":"https:\/\/themeholt.com\/de\/product\/fitgym-fitness-studio\/#breadcrumb","itemListElement":[{"@type":"ListItem","position":1,"name":"Home","item":"https:\/\/themeholt.com\/de\/"},{"@type":"ListItem","position":2,"name":"Shop","item":"https:\/\/themeholt.com\/shop\/"},{"@type":"ListItem","position":3,"name":"Fitgym Fitness-Studio"}]},{"@type":"WebSite","@id":"https:\/\/themeholt.com\/#website","url":"https:\/\/themeholt.com\/","name":"ThemeHolt","description":"Themeholt is a website that offers high-quality WordPress themes","publisher":{"@id":"https:\/\/themeholt.com\/#organization"},"potentialAction":[{"@type":"SearchAction","target":{"@type":"EntryPoint","urlTemplate":"https:\/\/themeholt.com\/?s={search_term_string}"},"query-input":{"@type":"PropertyValueSpecification","valueRequired":true,"valueName":"search_term_string"}}],"inLanguage":"de"},{"@type":"Organization","@id":"https:\/\/themeholt.com\/#organization","name":"ThemeHolt","alternateName":"ThemeHolt","url":"https:\/\/themeholt.com\/","logo":{"@type":"ImageObject","inLanguage":"de","@id":"https:\/\/themeholt.com\/#\/schema\/logo\/image\/","url":"https:\/\/themeholt.com\/wp-content\/uploads\/2024\/10\/themeholt.png","contentUrl":"https:\/\/themeholt.com\/wp-content\/uploads\/2024\/10\/themeholt.png","width":225,"height":225,"caption":"ThemeHolt"},"image":{"@id":"https:\/\/themeholt.com\/#\/schema\/logo\/image\/"},"sameAs":["https:\/\/www.facebook.com\/themeholtT","https:\/\/x.com\/ThemeholtT","https:\/\/www.linkedin.com\/company\/themeholt","https:\/\/www.instagram.com\/themeholtt\/"],"description":"Themeholt is a website that offers high-quality WordPress themes that are easy to use and ready for just about everything. In Eindhoven, Netherlands, since 2020 offering simple, accessible WordPress themes by providing a variety of requirements. Themeholt focuses on practicality and efficiency, allowing faster project completion with its superior marketplace and easy-to-use templates.","legalName":"ThemeHolt","foundingDate":"2022-11-10","numberOfEmployees":{"@type":"QuantitativeValue","minValue":"51","maxValue":"200"}}]}},"_links":{"self":[{"href":"https:\/\/themeholt.com\/de\/wp-json\/wp\/v2\/product\/10295","targetHints":{"allow":["GET"]}}],"collection":[{"href":"https:\/\/themeholt.com\/de\/wp-json\/wp\/v2\/product"}],"about":[{"href":"https:\/\/themeholt.com\/de\/wp-json\/wp\/v2\/types\/product"}],"wp:featuredmedia":[{"embeddable":true,"href":"https:\/\/themeholt.com\/de\/wp-json\/wp\/v2\/media\/10297"}],"wp:attachment":[{"href":"https:\/\/themeholt.com\/de\/wp-json\/wp\/v2\/media?parent=10295"}],"wp:term":[{"taxonomy":"product_brand","embeddable":true,"href":"https:\/\/themeholt.com\/de\/wp-json\/wp\/v2\/product_brand?post=10295"},{"taxonomy":"product_cat","embeddable":true,"href":"https:\/\/themeholt.com\/de\/wp-json\/wp\/v2\/product_cat?post=10295"},{"taxonomy":"product_tag","embeddable":true,"href":"https:\/\/themeholt.com\/de\/wp-json\/wp\/v2\/product_tag?post=10295"}],"curies":[{"name":"wp","href":"https:\/\/api.w.org\/{rel}","templated":true}]}}