{"id":10328,"date":"2022-04-21T19:20:53","date_gmt":"2022-04-21T19:20:53","guid":{"rendered":"https:\/\/themeholt.com\/product\/gadgets\/"},"modified":"2024-09-30T11:04:08","modified_gmt":"2024-09-30T11:04:08","slug":"geraete","status":"publish","type":"product","link":"https:\/\/themeholt.com\/de\/product\/geraete\/","title":{"rendered":"Ger\u00e4te"},"content":{"rendered":"<p><span style=\"font-weight: 400\">In der schnelllebigen Welt der Gadgets und Technologie ist eine optisch ansprechende und funktionale Website f\u00fcr die Pr\u00e4sentation Ihrer neuesten technischen Produkte von entscheidender Bedeutung. Unsere Sammlung von <\/span><b>WordPress-Themes f\u00fcr Gadgets<\/b><span style=\"font-weight: 400\"> bietet eine Reihe von Optionen zum Erstellen einer atemberaubenden Website, die die Essenz der Innovation einf\u00e4ngt und Ihre Gadgets mit Stil pr\u00e4sentiert. In diesem Blogbeitrag werden wir die aufregenden Funktionen und Vorteile dieser WordPress-Themes erkunden und wie sie Ihnen helfen k\u00f6nnen, eine ansprechende Online-Pr\u00e4senz f\u00fcr Ihr Gadget-Gesch\u00e4ft oder Ihren Tech-Blog zu erstellen.<\/span><\/p>\n<p><span style=\"font-weight: 400\">Unsere Sammlung von <\/span><b>Gadgets WordPress<\/b><span style=\"font-weight: 400\"><strong>Theme 2023<\/strong> bietet die perfekte Plattform, um Ihre neuesten technischen Produkte zu pr\u00e4sentieren, Ihre Erkenntnisse zu teilen und mit Ihrem Publikum zu interagieren. Mit elegantem Design, anpassbaren Funktionen, E-Commerce-Kompatibilit\u00e4t und mobilfreundlichen Layouts bieten diese Designs die Tools, die Sie ben\u00f6tigen, um eine fesselnde Online-Pr\u00e4senz f\u00fcr Ihr Gadget-Gesch\u00e4ft oder Ihren Tech-Blog zu erstellen. Nutzen Sie die Leistungsf\u00e4higkeit unserer WordPress-Designs f\u00fcr Gadgets und steigern Sie Ihre Online-Pr\u00e4senz in der Welt der Technologie.<\/p>\n","protected":false},"excerpt":{"rendered":"<ul>\n<li>WooCommerce-kompatibel<\/li>\n<li>Unbegrenzte Produktseitenlayouts<\/li>\n<li>Unbegrenzte Kategorielayouts<\/li>\n<li>Unbegrenzter Header-Stil<\/li>\n<li>\u00dcbersetzungsbereit<\/li>\n<li>SEO-optimiert<\/li>\n<li>Bloggen mit Stil<\/li>\n<li>Katalogmodus<\/li>\n<li>Zuverl\u00e4ssiger Support<\/li>\n<\/ul>\n","protected":false},"featured_media":10329,"template":"","meta":{"_acf_changed":false,"inline_featured_image":false},"product_brand":[],"product_cat":[499],"product_tag":[413,416,519,520],"class_list":{"0":"post-10328","1":"product","2":"type-product","3":"status-publish","4":"has-post-thumbnail","6":"product_cat-premium-themes-de","7":"product_tag-technology-themes-de","8":"product_tag-technology-templates-de","9":"product_tag-gadgets-de","10":"product_tag-gadgets-themes-de","12":"first","13":"instock","14":"sale","15":"downloadable","16":"taxable","17":"shipping-taxable","18":"purchasable","19":"product-type-simple"},"acf":[],"yoast_head":"<!-- This site is optimized with the Yoast SEO Premium plugin v22.1 (Yoast SEO v26.0) - https:\/\/yoast.com\/wordpress\/plugins\/seo\/ -->\n<title>Premium-Gadget-Themes | Kostenlose WordPress-Themes f\u00fcr Gadgets<\/title>\n<meta name=\"description\" content=\"Holen Sie sich die perfekten WordPress-Themes f\u00fcr Gadgets und Technik f\u00fcr Ihre Website. Pr\u00e4sentieren Sie Gadgets, Technik und mehr mit Stil. Einfache Einrichtung und Anpassung. Jetzt kaufen!\" \/>\n<meta name=\"robots\" content=\"index, follow, max-snippet:-1, max-image-preview:large, max-video-preview:-1\" \/>\n<link rel=\"canonical\" href=\"https:\/\/themeholt.com\/de\/product\/geraete\/\" \/>\n<meta property=\"og:locale\" content=\"de_DE\" \/>\n<meta property=\"og:type\" content=\"article\" \/>\n<meta property=\"og:title\" content=\"Ger\u00e4te\" \/>\n<meta property=\"og:description\" content=\"Holen Sie sich die perfekten WordPress-Themes f\u00fcr Gadgets und Technik f\u00fcr Ihre Website. Pr\u00e4sentieren Sie Gadgets, Technik und mehr mit Stil. Einfache Einrichtung und Anpassung. Jetzt kaufen!\" \/>\n<meta property=\"og:url\" content=\"https:\/\/themeholt.com\/de\/product\/geraete\/\" \/>\n<meta property=\"og:site_name\" content=\"ThemeHolt\" \/>\n<meta property=\"article:publisher\" content=\"https:\/\/www.facebook.com\/themeholtT\" \/>\n<meta property=\"article:modified_time\" content=\"2024-09-30T11:04:08+00:00\" \/>\n<meta property=\"og:image\" content=\"https:\/\/themeholt.com\/wp-content\/uploads\/2022\/04\/Best-Electronic-Gadgets-Home-page.jpg\" \/>\n\t<meta property=\"og:image:width\" content=\"1300\" \/>\n\t<meta property=\"og:image:height\" content=\"1300\" \/>\n\t<meta property=\"og:image:type\" content=\"image\/jpeg\" \/>\n<meta name=\"twitter:card\" content=\"summary_large_image\" \/>\n<meta name=\"twitter:site\" content=\"@ThemeholtT\" \/>\n<meta name=\"twitter:label1\" content=\"Gesch\u00e4tzte Lesezeit\" \/>\n\t<meta name=\"twitter:data1\" content=\"1\u00a0Minute\" \/>\n<script type=\"application\/ld+json\" class=\"yoast-schema-graph\">{\"@context\":\"https:\/\/schema.org\",\"@graph\":[{\"@type\":\"WebPage\",\"@id\":\"https:\/\/themeholt.com\/de\/product\/geraete\/\",\"url\":\"https:\/\/themeholt.com\/de\/product\/geraete\/\",\"name\":\"Premium-Gadget-Themes | Kostenlose WordPress-Themes f\u00fcr Gadgets\",\"isPartOf\":{\"@id\":\"https:\/\/themeholt.com\/#website\"},\"primaryImageOfPage\":{\"@id\":\"https:\/\/themeholt.com\/de\/product\/geraete\/#primaryimage\"},\"image\":{\"@id\":\"https:\/\/themeholt.com\/de\/product\/geraete\/#primaryimage\"},\"thumbnailUrl\":\"https:\/\/themeholt.com\/wp-content\/uploads\/2022\/04\/Best-Electronic-Gadgets-Home-page.jpg\",\"datePublished\":\"2022-04-21T19:20:53+00:00\",\"dateModified\":\"2024-09-30T11:04:08+00:00\",\"description\":\"Holen Sie sich die perfekten WordPress-Themes f\u00fcr Gadgets und Technik f\u00fcr Ihre Website. Pr\u00e4sentieren Sie Gadgets, Technik und mehr mit Stil. Einfache Einrichtung und Anpassung. Jetzt kaufen!\",\"breadcrumb\":{\"@id\":\"https:\/\/themeholt.com\/de\/product\/geraete\/#breadcrumb\"},\"inLanguage\":\"de\",\"potentialAction\":[{\"@type\":\"ReadAction\",\"target\":[\"https:\/\/themeholt.com\/de\/product\/geraete\/\"]}]},{\"@type\":\"ImageObject\",\"inLanguage\":\"de\",\"@id\":\"https:\/\/themeholt.com\/de\/product\/geraete\/#primaryimage\",\"url\":\"https:\/\/themeholt.com\/wp-content\/uploads\/2022\/04\/Best-Electronic-Gadgets-Home-page.jpg\",\"contentUrl\":\"https:\/\/themeholt.com\/wp-content\/uploads\/2022\/04\/Best-Electronic-Gadgets-Home-page.jpg\",\"width\":1300,\"height\":1300},{\"@type\":\"BreadcrumbList\",\"@id\":\"https:\/\/themeholt.com\/de\/product\/geraete\/#breadcrumb\",\"itemListElement\":[{\"@type\":\"ListItem\",\"position\":1,\"name\":\"Home\",\"item\":\"https:\/\/themeholt.com\/de\/\"},{\"@type\":\"ListItem\",\"position\":2,\"name\":\"Shop\",\"item\":\"https:\/\/themeholt.com\/shop\/\"},{\"@type\":\"ListItem\",\"position\":3,\"name\":\"Ger\u00e4te\"}]},{\"@type\":\"WebSite\",\"@id\":\"https:\/\/themeholt.com\/#website\",\"url\":\"https:\/\/themeholt.com\/\",\"name\":\"ThemeHolt\",\"description\":\"Themeholt is a website that offers high-quality WordPress themes\",\"publisher\":{\"@id\":\"https:\/\/themeholt.com\/#organization\"},\"potentialAction\":[{\"@type\":\"SearchAction\",\"target\":{\"@type\":\"EntryPoint\",\"urlTemplate\":\"https:\/\/themeholt.com\/?s={search_term_string}\"},\"query-input\":{\"@type\":\"PropertyValueSpecification\",\"valueRequired\":true,\"valueName\":\"search_term_string\"}}],\"inLanguage\":\"de\"},{\"@type\":\"Organization\",\"@id\":\"https:\/\/themeholt.com\/#organization\",\"name\":\"ThemeHolt\",\"alternateName\":\"ThemeHolt\",\"url\":\"https:\/\/themeholt.com\/\",\"logo\":{\"@type\":\"ImageObject\",\"inLanguage\":\"de\",\"@id\":\"https:\/\/themeholt.com\/#\/schema\/logo\/image\/\",\"url\":\"https:\/\/themeholt.com\/wp-content\/uploads\/2024\/10\/themeholt.png\",\"contentUrl\":\"https:\/\/themeholt.com\/wp-content\/uploads\/2024\/10\/themeholt.png\",\"width\":225,\"height\":225,\"caption\":\"ThemeHolt\"},\"image\":{\"@id\":\"https:\/\/themeholt.com\/#\/schema\/logo\/image\/\"},\"sameAs\":[\"https:\/\/www.facebook.com\/themeholtT\",\"https:\/\/x.com\/ThemeholtT\",\"https:\/\/www.linkedin.com\/company\/themeholt\",\"https:\/\/www.instagram.com\/themeholtt\/\"],\"description\":\"Themeholt is a website that offers high-quality WordPress themes that are easy to use and ready for just about everything. In Eindhoven, Netherlands, since 2020 offering simple, accessible WordPress themes by providing a variety of requirements. Themeholt focuses on practicality and efficiency, allowing faster project completion with its superior marketplace and easy-to-use templates.\",\"legalName\":\"ThemeHolt\",\"foundingDate\":\"2022-11-10\",\"numberOfEmployees\":{\"@type\":\"QuantitativeValue\",\"minValue\":\"51\",\"maxValue\":\"200\"}}]}<\/script>\n<!-- \/ Yoast SEO Premium plugin. -->","yoast_head_json":{"title":"Premium-Gadget-Themes | Kostenlose WordPress-Themes f\u00fcr Gadgets","description":"Holen Sie sich die perfekten WordPress-Themes f\u00fcr Gadgets und Technik f\u00fcr Ihre Website. Pr\u00e4sentieren Sie Gadgets, Technik und mehr mit Stil. Einfache Einrichtung und Anpassung. Jetzt kaufen!","robots":{"index":"index","follow":"follow","max-snippet":"max-snippet:-1","max-image-preview":"max-image-preview:large","max-video-preview":"max-video-preview:-1"},"canonical":"https:\/\/themeholt.com\/de\/product\/geraete\/","og_locale":"de_DE","og_type":"article","og_title":"Ger\u00e4te","og_description":"Holen Sie sich die perfekten WordPress-Themes f\u00fcr Gadgets und Technik f\u00fcr Ihre Website. Pr\u00e4sentieren Sie Gadgets, Technik und mehr mit Stil. Einfache Einrichtung und Anpassung. Jetzt kaufen!","og_url":"https:\/\/themeholt.com\/de\/product\/geraete\/","og_site_name":"ThemeHolt","article_publisher":"https:\/\/www.facebook.com\/themeholtT","article_modified_time":"2024-09-30T11:04:08+00:00","og_image":[{"width":1300,"height":1300,"url":"https:\/\/themeholt.com\/wp-content\/uploads\/2022\/04\/Best-Electronic-Gadgets-Home-page.jpg","type":"image\/jpeg"}],"twitter_card":"summary_large_image","twitter_site":"@ThemeholtT","twitter_misc":{"Gesch\u00e4tzte Lesezeit":"1\u00a0Minute"},"schema":{"@context":"https:\/\/schema.org","@graph":[{"@type":"WebPage","@id":"https:\/\/themeholt.com\/de\/product\/geraete\/","url":"https:\/\/themeholt.com\/de\/product\/geraete\/","name":"Premium-Gadget-Themes | Kostenlose WordPress-Themes f\u00fcr Gadgets","isPartOf":{"@id":"https:\/\/themeholt.com\/#website"},"primaryImageOfPage":{"@id":"https:\/\/themeholt.com\/de\/product\/geraete\/#primaryimage"},"image":{"@id":"https:\/\/themeholt.com\/de\/product\/geraete\/#primaryimage"},"thumbnailUrl":"https:\/\/themeholt.com\/wp-content\/uploads\/2022\/04\/Best-Electronic-Gadgets-Home-page.jpg","datePublished":"2022-04-21T19:20:53+00:00","dateModified":"2024-09-30T11:04:08+00:00","description":"Holen Sie sich die perfekten WordPress-Themes f\u00fcr Gadgets und Technik f\u00fcr Ihre Website. Pr\u00e4sentieren Sie Gadgets, Technik und mehr mit Stil. Einfache Einrichtung und Anpassung. Jetzt kaufen!","breadcrumb":{"@id":"https:\/\/themeholt.com\/de\/product\/geraete\/#breadcrumb"},"inLanguage":"de","potentialAction":[{"@type":"ReadAction","target":["https:\/\/themeholt.com\/de\/product\/geraete\/"]}]},{"@type":"ImageObject","inLanguage":"de","@id":"https:\/\/themeholt.com\/de\/product\/geraete\/#primaryimage","url":"https:\/\/themeholt.com\/wp-content\/uploads\/2022\/04\/Best-Electronic-Gadgets-Home-page.jpg","contentUrl":"https:\/\/themeholt.com\/wp-content\/uploads\/2022\/04\/Best-Electronic-Gadgets-Home-page.jpg","width":1300,"height":1300},{"@type":"BreadcrumbList","@id":"https:\/\/themeholt.com\/de\/product\/geraete\/#breadcrumb","itemListElement":[{"@type":"ListItem","position":1,"name":"Home","item":"https:\/\/themeholt.com\/de\/"},{"@type":"ListItem","position":2,"name":"Shop","item":"https:\/\/themeholt.com\/shop\/"},{"@type":"ListItem","position":3,"name":"Ger\u00e4te"}]},{"@type":"WebSite","@id":"https:\/\/themeholt.com\/#website","url":"https:\/\/themeholt.com\/","name":"ThemeHolt","description":"Themeholt is a website that offers high-quality WordPress themes","publisher":{"@id":"https:\/\/themeholt.com\/#organization"},"potentialAction":[{"@type":"SearchAction","target":{"@type":"EntryPoint","urlTemplate":"https:\/\/themeholt.com\/?s={search_term_string}"},"query-input":{"@type":"PropertyValueSpecification","valueRequired":true,"valueName":"search_term_string"}}],"inLanguage":"de"},{"@type":"Organization","@id":"https:\/\/themeholt.com\/#organization","name":"ThemeHolt","alternateName":"ThemeHolt","url":"https:\/\/themeholt.com\/","logo":{"@type":"ImageObject","inLanguage":"de","@id":"https:\/\/themeholt.com\/#\/schema\/logo\/image\/","url":"https:\/\/themeholt.com\/wp-content\/uploads\/2024\/10\/themeholt.png","contentUrl":"https:\/\/themeholt.com\/wp-content\/uploads\/2024\/10\/themeholt.png","width":225,"height":225,"caption":"ThemeHolt"},"image":{"@id":"https:\/\/themeholt.com\/#\/schema\/logo\/image\/"},"sameAs":["https:\/\/www.facebook.com\/themeholtT","https:\/\/x.com\/ThemeholtT","https:\/\/www.linkedin.com\/company\/themeholt","https:\/\/www.instagram.com\/themeholtt\/"],"description":"Themeholt is a website that offers high-quality WordPress themes that are easy to use and ready for just about everything. In Eindhoven, Netherlands, since 2020 offering simple, accessible WordPress themes by providing a variety of requirements. Themeholt focuses on practicality and efficiency, allowing faster project completion with its superior marketplace and easy-to-use templates.","legalName":"ThemeHolt","foundingDate":"2022-11-10","numberOfEmployees":{"@type":"QuantitativeValue","minValue":"51","maxValue":"200"}}]}},"_links":{"self":[{"href":"https:\/\/themeholt.com\/de\/wp-json\/wp\/v2\/product\/10328","targetHints":{"allow":["GET"]}}],"collection":[{"href":"https:\/\/themeholt.com\/de\/wp-json\/wp\/v2\/product"}],"about":[{"href":"https:\/\/themeholt.com\/de\/wp-json\/wp\/v2\/types\/product"}],"wp:featuredmedia":[{"embeddable":true,"href":"https:\/\/themeholt.com\/de\/wp-json\/wp\/v2\/media\/10329"}],"wp:attachment":[{"href":"https:\/\/themeholt.com\/de\/wp-json\/wp\/v2\/media?parent=10328"}],"wp:term":[{"taxonomy":"product_brand","embeddable":true,"href":"https:\/\/themeholt.com\/de\/wp-json\/wp\/v2\/product_brand?post=10328"},{"taxonomy":"product_cat","embeddable":true,"href":"https:\/\/themeholt.com\/de\/wp-json\/wp\/v2\/product_cat?post=10328"},{"taxonomy":"product_tag","embeddable":true,"href":"https:\/\/themeholt.com\/de\/wp-json\/wp\/v2\/product_tag?post=10328"}],"curies":[{"name":"wp","href":"https:\/\/api.w.org\/{rel}","templated":true}]}}