{"id":10344,"date":"2022-04-25T11:03:13","date_gmt":"2022-04-25T11:03:13","guid":{"rendered":"https:\/\/themeholt.com\/product\/agency\/"},"modified":"2024-10-01T09:01:00","modified_gmt":"2024-10-01T09:01:00","slug":"agentur","status":"publish","type":"product","link":"https:\/\/themeholt.com\/de\/product\/agentur\/","title":{"rendered":"Agentur"},"content":{"rendered":"<p><span style=\"font-weight: 400\">Im digitalen Zeitalter ist eine optisch ansprechende und funktionale Website f\u00fcr jede Agentur, die eine solide Onlinepr\u00e4senz aufbauen m\u00f6chte, von entscheidender Bedeutung. Mit unserer Sammlung <\/span><b>WordPress-Themes f\u00fcr Agenturen<\/b><span style=\"font-weight: 400\"> k\u00f6nnen Sie die Macht freisetzen, um atemberaubende Websites zu erstellen, die Ihr Publikum fesseln, Ihre Dienste pr\u00e4sentieren und das Gesch\u00e4ftswachstum vorantreiben. Von anpassbaren Designs und nahtloser Integration mit WordPress bis hin zu responsiven Layouts und erweiterten Funktionen bieten unsere Themes die perfekte Grundlage f\u00fcr die Erstellung einer professionellen und wirkungsvollen Website. Ob Sie eine Kreativagentur, ein Marketingunternehmen, ein Designstudio oder eine andere Art von Agentur sind, bieten wir Ihnen die Vielseitigkeit und Flexibilit\u00e4t, die Sie brauchen, um sich von der Konkurrenz abzuheben und Kunden anzuziehen. <\/span><\/p>\n<p><span style=\"font-weight: 400\">Eine gut gestaltete und funktionale Website ist der Grundstein, um Glaubw\u00fcrdigkeit aufzubauen, Kunden anzuziehen und die Dienste Ihrer Agentur zu pr\u00e4sentieren. Mit unserer gro\u00dfen Auswahl an <\/span><b>besten WordPress-Themes f\u00fcr Agenturen<\/b><span style=\"font-weight: 400\"> k\u00f6nnen Sie atemberaubende Websites erstellen, die Ihr Publikum fesseln und das Unternehmenswachstum f\u00f6rdern. <\/span><\/p>\n","protected":false},"excerpt":{"rendered":"<ul>\n<li>Vollst\u00e4ndig anpassbar<\/li>\n<li>\u00dcbersetzungsbereit<\/li>\n<li>Parallax-Ebenen<\/li>\n<li>SEO-freundlich<\/li>\n<li>Vollst\u00e4ndig reaktionsf\u00e4hig<\/li>\n<li>Retina-f\u00e4hig<\/li>\n<li>WooCommerce-kompatibel<\/li>\n<li>Unterst\u00fctzung f\u00fcr untergeordnete Designs<\/li>\n<li>Kundensupport<\/li>\n<\/ul>\n","protected":false},"featured_media":10345,"template":"","meta":{"_acf_changed":false,"inline_featured_image":false},"product_brand":[],"product_cat":[499],"product_tag":[400,527,528,529,530],"class_list":{"0":"post-10344","1":"product","2":"type-product","3":"status-publish","4":"has-post-thumbnail","6":"product_cat-premium-themes-de","7":"product_tag-best-agency-wordpress-theme-de","8":"product_tag-agency-theme-wordpress-de","9":"product_tag-agency-wordpress-themes-de","10":"product_tag-best-creative-agency-wordpress-themes-de","11":"product_tag-creative-agency-website-templates-de","13":"first","14":"instock","15":"sale","16":"downloadable","17":"taxable","18":"shipping-taxable","19":"purchasable","20":"product-type-simple"},"acf":[],"yoast_head":"<!-- This site is optimized with the Yoast SEO Premium plugin v22.1 (Yoast SEO v26.0) - https:\/\/yoast.com\/wordpress\/plugins\/seo\/ -->\n<title>Wordpress-Themes f\u00fcr Agenturen | Bestes Wordpress-Theme f\u00fcr Agenturen<\/title>\n<meta name=\"description\" content=\"Finden Sie das beste WordPress-Theme f\u00fcr Ihre Agentur. Erstellen Sie eine Website mit responsiven und professionellen Designs mit anpassbaren Funktionen. Kontaktieren Sie uns jetzt!\" \/>\n<meta name=\"robots\" content=\"index, follow, max-snippet:-1, max-image-preview:large, max-video-preview:-1\" \/>\n<link rel=\"canonical\" href=\"https:\/\/themeholt.com\/de\/product\/agentur\/\" \/>\n<meta property=\"og:locale\" content=\"de_DE\" \/>\n<meta property=\"og:type\" content=\"article\" \/>\n<meta property=\"og:title\" content=\"Agentur\" \/>\n<meta property=\"og:description\" content=\"Finden Sie das beste WordPress-Theme f\u00fcr Ihre Agentur. Erstellen Sie eine Website mit responsiven und professionellen Designs mit anpassbaren Funktionen. Kontaktieren Sie uns jetzt!\" \/>\n<meta property=\"og:url\" content=\"https:\/\/themeholt.com\/de\/product\/agentur\/\" \/>\n<meta property=\"og:site_name\" content=\"ThemeHolt\" \/>\n<meta property=\"article:publisher\" content=\"https:\/\/www.facebook.com\/themeholtT\" \/>\n<meta property=\"article:modified_time\" content=\"2024-10-01T09:01:00+00:00\" \/>\n<meta property=\"og:image\" content=\"https:\/\/themeholt.com\/wp-content\/uploads\/2022\/04\/Agency-company-theme.jpg\" \/>\n\t<meta property=\"og:image:width\" content=\"1300\" \/>\n\t<meta property=\"og:image:height\" content=\"1283\" \/>\n\t<meta property=\"og:image:type\" content=\"image\/jpeg\" \/>\n<meta name=\"twitter:card\" content=\"summary_large_image\" \/>\n<meta name=\"twitter:site\" content=\"@ThemeholtT\" \/>\n<meta name=\"twitter:label1\" content=\"Gesch\u00e4tzte Lesezeit\" \/>\n\t<meta name=\"twitter:data1\" content=\"1\u00a0Minute\" \/>\n<script type=\"application\/ld+json\" class=\"yoast-schema-graph\">{\"@context\":\"https:\/\/schema.org\",\"@graph\":[{\"@type\":\"WebPage\",\"@id\":\"https:\/\/themeholt.com\/de\/product\/agentur\/\",\"url\":\"https:\/\/themeholt.com\/de\/product\/agentur\/\",\"name\":\"Wordpress-Themes f\u00fcr Agenturen | Bestes Wordpress-Theme f\u00fcr Agenturen\",\"isPartOf\":{\"@id\":\"https:\/\/themeholt.com\/#website\"},\"primaryImageOfPage\":{\"@id\":\"https:\/\/themeholt.com\/de\/product\/agentur\/#primaryimage\"},\"image\":{\"@id\":\"https:\/\/themeholt.com\/de\/product\/agentur\/#primaryimage\"},\"thumbnailUrl\":\"https:\/\/themeholt.com\/wp-content\/uploads\/2022\/04\/Agency-company-theme.jpg\",\"datePublished\":\"2022-04-25T11:03:13+00:00\",\"dateModified\":\"2024-10-01T09:01:00+00:00\",\"description\":\"Finden Sie das beste WordPress-Theme f\u00fcr Ihre Agentur. Erstellen Sie eine Website mit responsiven und professionellen Designs mit anpassbaren Funktionen. Kontaktieren Sie uns jetzt!\",\"breadcrumb\":{\"@id\":\"https:\/\/themeholt.com\/de\/product\/agentur\/#breadcrumb\"},\"inLanguage\":\"de\",\"potentialAction\":[{\"@type\":\"ReadAction\",\"target\":[\"https:\/\/themeholt.com\/de\/product\/agentur\/\"]}]},{\"@type\":\"ImageObject\",\"inLanguage\":\"de\",\"@id\":\"https:\/\/themeholt.com\/de\/product\/agentur\/#primaryimage\",\"url\":\"https:\/\/themeholt.com\/wp-content\/uploads\/2022\/04\/Agency-company-theme.jpg\",\"contentUrl\":\"https:\/\/themeholt.com\/wp-content\/uploads\/2022\/04\/Agency-company-theme.jpg\",\"width\":1300,\"height\":1283},{\"@type\":\"BreadcrumbList\",\"@id\":\"https:\/\/themeholt.com\/de\/product\/agentur\/#breadcrumb\",\"itemListElement\":[{\"@type\":\"ListItem\",\"position\":1,\"name\":\"Home\",\"item\":\"https:\/\/themeholt.com\/de\/\"},{\"@type\":\"ListItem\",\"position\":2,\"name\":\"Shop\",\"item\":\"https:\/\/themeholt.com\/shop\/\"},{\"@type\":\"ListItem\",\"position\":3,\"name\":\"Agentur\"}]},{\"@type\":\"WebSite\",\"@id\":\"https:\/\/themeholt.com\/#website\",\"url\":\"https:\/\/themeholt.com\/\",\"name\":\"ThemeHolt\",\"description\":\"Themeholt is a website that offers high-quality WordPress themes\",\"publisher\":{\"@id\":\"https:\/\/themeholt.com\/#organization\"},\"potentialAction\":[{\"@type\":\"SearchAction\",\"target\":{\"@type\":\"EntryPoint\",\"urlTemplate\":\"https:\/\/themeholt.com\/?s={search_term_string}\"},\"query-input\":{\"@type\":\"PropertyValueSpecification\",\"valueRequired\":true,\"valueName\":\"search_term_string\"}}],\"inLanguage\":\"de\"},{\"@type\":\"Organization\",\"@id\":\"https:\/\/themeholt.com\/#organization\",\"name\":\"ThemeHolt\",\"alternateName\":\"ThemeHolt\",\"url\":\"https:\/\/themeholt.com\/\",\"logo\":{\"@type\":\"ImageObject\",\"inLanguage\":\"de\",\"@id\":\"https:\/\/themeholt.com\/#\/schema\/logo\/image\/\",\"url\":\"https:\/\/themeholt.com\/wp-content\/uploads\/2024\/10\/themeholt.png\",\"contentUrl\":\"https:\/\/themeholt.com\/wp-content\/uploads\/2024\/10\/themeholt.png\",\"width\":225,\"height\":225,\"caption\":\"ThemeHolt\"},\"image\":{\"@id\":\"https:\/\/themeholt.com\/#\/schema\/logo\/image\/\"},\"sameAs\":[\"https:\/\/www.facebook.com\/themeholtT\",\"https:\/\/x.com\/ThemeholtT\",\"https:\/\/www.linkedin.com\/company\/themeholt\",\"https:\/\/www.instagram.com\/themeholtt\/\"],\"description\":\"Themeholt is a website that offers high-quality WordPress themes that are easy to use and ready for just about everything. In Eindhoven, Netherlands, since 2020 offering simple, accessible WordPress themes by providing a variety of requirements. Themeholt focuses on practicality and efficiency, allowing faster project completion with its superior marketplace and easy-to-use templates.\",\"legalName\":\"ThemeHolt\",\"foundingDate\":\"2022-11-10\",\"numberOfEmployees\":{\"@type\":\"QuantitativeValue\",\"minValue\":\"51\",\"maxValue\":\"200\"}}]}<\/script>\n<!-- \/ Yoast SEO Premium plugin. -->","yoast_head_json":{"title":"Wordpress-Themes f\u00fcr Agenturen | Bestes Wordpress-Theme f\u00fcr Agenturen","description":"Finden Sie das beste WordPress-Theme f\u00fcr Ihre Agentur. Erstellen Sie eine Website mit responsiven und professionellen Designs mit anpassbaren Funktionen. Kontaktieren Sie uns jetzt!","robots":{"index":"index","follow":"follow","max-snippet":"max-snippet:-1","max-image-preview":"max-image-preview:large","max-video-preview":"max-video-preview:-1"},"canonical":"https:\/\/themeholt.com\/de\/product\/agentur\/","og_locale":"de_DE","og_type":"article","og_title":"Agentur","og_description":"Finden Sie das beste WordPress-Theme f\u00fcr Ihre Agentur. Erstellen Sie eine Website mit responsiven und professionellen Designs mit anpassbaren Funktionen. Kontaktieren Sie uns jetzt!","og_url":"https:\/\/themeholt.com\/de\/product\/agentur\/","og_site_name":"ThemeHolt","article_publisher":"https:\/\/www.facebook.com\/themeholtT","article_modified_time":"2024-10-01T09:01:00+00:00","og_image":[{"width":1300,"height":1283,"url":"https:\/\/themeholt.com\/wp-content\/uploads\/2022\/04\/Agency-company-theme.jpg","type":"image\/jpeg"}],"twitter_card":"summary_large_image","twitter_site":"@ThemeholtT","twitter_misc":{"Gesch\u00e4tzte Lesezeit":"1\u00a0Minute"},"schema":{"@context":"https:\/\/schema.org","@graph":[{"@type":"WebPage","@id":"https:\/\/themeholt.com\/de\/product\/agentur\/","url":"https:\/\/themeholt.com\/de\/product\/agentur\/","name":"Wordpress-Themes f\u00fcr Agenturen | Bestes Wordpress-Theme f\u00fcr Agenturen","isPartOf":{"@id":"https:\/\/themeholt.com\/#website"},"primaryImageOfPage":{"@id":"https:\/\/themeholt.com\/de\/product\/agentur\/#primaryimage"},"image":{"@id":"https:\/\/themeholt.com\/de\/product\/agentur\/#primaryimage"},"thumbnailUrl":"https:\/\/themeholt.com\/wp-content\/uploads\/2022\/04\/Agency-company-theme.jpg","datePublished":"2022-04-25T11:03:13+00:00","dateModified":"2024-10-01T09:01:00+00:00","description":"Finden Sie das beste WordPress-Theme f\u00fcr Ihre Agentur. Erstellen Sie eine Website mit responsiven und professionellen Designs mit anpassbaren Funktionen. Kontaktieren Sie uns jetzt!","breadcrumb":{"@id":"https:\/\/themeholt.com\/de\/product\/agentur\/#breadcrumb"},"inLanguage":"de","potentialAction":[{"@type":"ReadAction","target":["https:\/\/themeholt.com\/de\/product\/agentur\/"]}]},{"@type":"ImageObject","inLanguage":"de","@id":"https:\/\/themeholt.com\/de\/product\/agentur\/#primaryimage","url":"https:\/\/themeholt.com\/wp-content\/uploads\/2022\/04\/Agency-company-theme.jpg","contentUrl":"https:\/\/themeholt.com\/wp-content\/uploads\/2022\/04\/Agency-company-theme.jpg","width":1300,"height":1283},{"@type":"BreadcrumbList","@id":"https:\/\/themeholt.com\/de\/product\/agentur\/#breadcrumb","itemListElement":[{"@type":"ListItem","position":1,"name":"Home","item":"https:\/\/themeholt.com\/de\/"},{"@type":"ListItem","position":2,"name":"Shop","item":"https:\/\/themeholt.com\/shop\/"},{"@type":"ListItem","position":3,"name":"Agentur"}]},{"@type":"WebSite","@id":"https:\/\/themeholt.com\/#website","url":"https:\/\/themeholt.com\/","name":"ThemeHolt","description":"Themeholt is a website that offers high-quality WordPress themes","publisher":{"@id":"https:\/\/themeholt.com\/#organization"},"potentialAction":[{"@type":"SearchAction","target":{"@type":"EntryPoint","urlTemplate":"https:\/\/themeholt.com\/?s={search_term_string}"},"query-input":{"@type":"PropertyValueSpecification","valueRequired":true,"valueName":"search_term_string"}}],"inLanguage":"de"},{"@type":"Organization","@id":"https:\/\/themeholt.com\/#organization","name":"ThemeHolt","alternateName":"ThemeHolt","url":"https:\/\/themeholt.com\/","logo":{"@type":"ImageObject","inLanguage":"de","@id":"https:\/\/themeholt.com\/#\/schema\/logo\/image\/","url":"https:\/\/themeholt.com\/wp-content\/uploads\/2024\/10\/themeholt.png","contentUrl":"https:\/\/themeholt.com\/wp-content\/uploads\/2024\/10\/themeholt.png","width":225,"height":225,"caption":"ThemeHolt"},"image":{"@id":"https:\/\/themeholt.com\/#\/schema\/logo\/image\/"},"sameAs":["https:\/\/www.facebook.com\/themeholtT","https:\/\/x.com\/ThemeholtT","https:\/\/www.linkedin.com\/company\/themeholt","https:\/\/www.instagram.com\/themeholtt\/"],"description":"Themeholt is a website that offers high-quality WordPress themes that are easy to use and ready for just about everything. In Eindhoven, Netherlands, since 2020 offering simple, accessible WordPress themes by providing a variety of requirements. Themeholt focuses on practicality and efficiency, allowing faster project completion with its superior marketplace and easy-to-use templates.","legalName":"ThemeHolt","foundingDate":"2022-11-10","numberOfEmployees":{"@type":"QuantitativeValue","minValue":"51","maxValue":"200"}}]}},"_links":{"self":[{"href":"https:\/\/themeholt.com\/de\/wp-json\/wp\/v2\/product\/10344","targetHints":{"allow":["GET"]}}],"collection":[{"href":"https:\/\/themeholt.com\/de\/wp-json\/wp\/v2\/product"}],"about":[{"href":"https:\/\/themeholt.com\/de\/wp-json\/wp\/v2\/types\/product"}],"wp:featuredmedia":[{"embeddable":true,"href":"https:\/\/themeholt.com\/de\/wp-json\/wp\/v2\/media\/10345"}],"wp:attachment":[{"href":"https:\/\/themeholt.com\/de\/wp-json\/wp\/v2\/media?parent=10344"}],"wp:term":[{"taxonomy":"product_brand","embeddable":true,"href":"https:\/\/themeholt.com\/de\/wp-json\/wp\/v2\/product_brand?post=10344"},{"taxonomy":"product_cat","embeddable":true,"href":"https:\/\/themeholt.com\/de\/wp-json\/wp\/v2\/product_cat?post=10344"},{"taxonomy":"product_tag","embeddable":true,"href":"https:\/\/themeholt.com\/de\/wp-json\/wp\/v2\/product_tag?post=10344"}],"curies":[{"name":"wp","href":"https:\/\/api.w.org\/{rel}","templated":true}]}}