{"id":10359,"date":"2022-04-25T10:46:49","date_gmt":"2022-04-25T10:46:49","guid":{"rendered":"https:\/\/themeholt.com\/product\/fitness\/"},"modified":"2024-10-01T09:12:09","modified_gmt":"2024-10-01T09:12:09","slug":"fitness","status":"publish","type":"product","link":"https:\/\/themeholt.com\/de\/product\/fitness\/","title":{"rendered":"Fitness"},"content":{"rendered":"<p><span style=\"font-weight: 400\">In der Fitness- und Wellnesswelt ist eine solide Onlinepr\u00e4senz unerl\u00e4sslich, um Kunden anzuziehen und Ihre Dienstleistungen zu pr\u00e4sentieren. Mit unserem <\/span><b>Fitness-WordPress-Theme<\/b><span style=\"font-weight: 400\"> k\u00f6nnen Sie eine leistungsstarke und optisch beeindruckende Website erstellen, die die Energie und Vitalit\u00e4t Ihres Fitnessunternehmens widerspiegelt. <\/span><\/p>\n<p><span style=\"font-weight: 400\">Unser <\/span><b>Fitness-WordPress-Theme<\/b><span style=\"font-weight: 400\"> bietet eine umfassende L\u00f6sung zum Erstellen einer robusten und optisch beeindruckenden Website f\u00fcr Ihr Fitnessunternehmen. Mit seinem dynamischen Design, den speziellen Fitnessfunktionen, der nahtlosen Integration mit WordPress und dem reaktionsschnellen Layout erm\u00f6glicht Ihnen unser Theme, eine solide Onlinepr\u00e4senz aufzubauen, Kunden anzuziehen und eine florierende Fitnessmarke aufzubauen. Nutzen Sie die Kraft und f\u00fchren Sie Ihr Fitnessunternehmen zu neuen H\u00f6hen des Erfolgs und der Wirkung.<\/span><\/p>\n","protected":false},"excerpt":{"rendered":"<ul>\n<li>\u00dcbersetzungsf\u00e4hige Designs<\/li>\n<li>Hochgradig anpassbar<\/li>\n<li>WooCommerce-kompatibel<\/li>\n<li>Mobilfreundlich<\/li>\n<li>Superschnell<\/li>\n<li>Sauber codiert<\/li>\n<li>Globale Farboption<\/li>\n<li>Retina-f\u00e4higes Display<\/li>\n<li>Kundensupport rund um die Uhr<\/li>\n<\/ul>\n","protected":false},"featured_media":10360,"template":"","meta":{"_acf_changed":false,"inline_featured_image":false},"product_brand":[],"product_cat":[499],"product_tag":[435,481,482,536],"class_list":{"0":"post-10359","1":"product","2":"type-product","3":"status-publish","4":"has-post-thumbnail","6":"product_cat-premium-themes-de","7":"product_tag-health-and-fitness-themes-de","8":"product_tag-best-fitness-wordpress-theme-de","9":"product_tag-fitness-wordpress-theme-de","10":"product_tag-group-workout-themes-de","12":"first","13":"instock","14":"sale","15":"downloadable","16":"taxable","17":"shipping-taxable","18":"purchasable","19":"product-type-simple"},"acf":[],"yoast_head":"<!-- This site is optimized with the Yoast SEO Premium plugin v22.1 (Yoast SEO v26.0) - https:\/\/yoast.com\/wordpress\/plugins\/seo\/ -->\n<title>Fitness-WordPress-Theme | Beste Fitness-Themen<\/title>\n<meta name=\"description\" content=\"Werden Sie fit und inspirieren Sie andere mit unserem kostenlosen Fitness-WordPress-Theme. Erstellen Sie eine leistungsstarke und optisch beeindruckende Website f\u00fcr Ihr Fitnessunternehmen.\" \/>\n<meta name=\"robots\" content=\"index, follow, max-snippet:-1, max-image-preview:large, max-video-preview:-1\" \/>\n<link rel=\"canonical\" href=\"https:\/\/themeholt.com\/de\/product\/fitness\/\" \/>\n<meta property=\"og:locale\" content=\"de_DE\" \/>\n<meta property=\"og:type\" content=\"article\" \/>\n<meta property=\"og:title\" content=\"Fitness\" \/>\n<meta property=\"og:description\" content=\"Werden Sie fit und inspirieren Sie andere mit unserem kostenlosen Fitness-WordPress-Theme. Erstellen Sie eine leistungsstarke und optisch beeindruckende Website f\u00fcr Ihr Fitnessunternehmen.\" \/>\n<meta property=\"og:url\" content=\"https:\/\/themeholt.com\/de\/product\/fitness\/\" \/>\n<meta property=\"og:site_name\" content=\"ThemeHolt\" \/>\n<meta property=\"article:publisher\" content=\"https:\/\/www.facebook.com\/themeholtT\" \/>\n<meta property=\"article:modified_time\" content=\"2024-10-01T09:12:09+00:00\" \/>\n<meta property=\"og:image\" content=\"https:\/\/themeholt.com\/wp-content\/uploads\/2022\/04\/bodybuilding-Theme.jpg\" \/>\n\t<meta property=\"og:image:width\" content=\"1300\" \/>\n\t<meta property=\"og:image:height\" content=\"1283\" \/>\n\t<meta property=\"og:image:type\" content=\"image\/jpeg\" \/>\n<meta name=\"twitter:card\" content=\"summary_large_image\" \/>\n<meta name=\"twitter:site\" content=\"@ThemeholtT\" \/>\n<meta name=\"twitter:label1\" content=\"Gesch\u00e4tzte Lesezeit\" \/>\n\t<meta name=\"twitter:data1\" content=\"1\u00a0Minute\" \/>\n<script type=\"application\/ld+json\" class=\"yoast-schema-graph\">{\"@context\":\"https:\/\/schema.org\",\"@graph\":[{\"@type\":\"WebPage\",\"@id\":\"https:\/\/themeholt.com\/de\/product\/fitness\/\",\"url\":\"https:\/\/themeholt.com\/de\/product\/fitness\/\",\"name\":\"Fitness-WordPress-Theme | Beste Fitness-Themen\",\"isPartOf\":{\"@id\":\"https:\/\/themeholt.com\/#website\"},\"primaryImageOfPage\":{\"@id\":\"https:\/\/themeholt.com\/de\/product\/fitness\/#primaryimage\"},\"image\":{\"@id\":\"https:\/\/themeholt.com\/de\/product\/fitness\/#primaryimage\"},\"thumbnailUrl\":\"https:\/\/themeholt.com\/wp-content\/uploads\/2022\/04\/bodybuilding-Theme.jpg\",\"datePublished\":\"2022-04-25T10:46:49+00:00\",\"dateModified\":\"2024-10-01T09:12:09+00:00\",\"description\":\"Werden Sie fit und inspirieren Sie andere mit unserem kostenlosen Fitness-WordPress-Theme. Erstellen Sie eine leistungsstarke und optisch beeindruckende Website f\u00fcr Ihr Fitnessunternehmen.\",\"breadcrumb\":{\"@id\":\"https:\/\/themeholt.com\/de\/product\/fitness\/#breadcrumb\"},\"inLanguage\":\"de\",\"potentialAction\":[{\"@type\":\"ReadAction\",\"target\":[\"https:\/\/themeholt.com\/de\/product\/fitness\/\"]}]},{\"@type\":\"ImageObject\",\"inLanguage\":\"de\",\"@id\":\"https:\/\/themeholt.com\/de\/product\/fitness\/#primaryimage\",\"url\":\"https:\/\/themeholt.com\/wp-content\/uploads\/2022\/04\/bodybuilding-Theme.jpg\",\"contentUrl\":\"https:\/\/themeholt.com\/wp-content\/uploads\/2022\/04\/bodybuilding-Theme.jpg\",\"width\":1300,\"height\":1283},{\"@type\":\"BreadcrumbList\",\"@id\":\"https:\/\/themeholt.com\/de\/product\/fitness\/#breadcrumb\",\"itemListElement\":[{\"@type\":\"ListItem\",\"position\":1,\"name\":\"Home\",\"item\":\"https:\/\/themeholt.com\/de\/\"},{\"@type\":\"ListItem\",\"position\":2,\"name\":\"Shop\",\"item\":\"https:\/\/themeholt.com\/shop\/\"},{\"@type\":\"ListItem\",\"position\":3,\"name\":\"Fitness\"}]},{\"@type\":\"WebSite\",\"@id\":\"https:\/\/themeholt.com\/#website\",\"url\":\"https:\/\/themeholt.com\/\",\"name\":\"ThemeHolt\",\"description\":\"Themeholt is a website that offers high-quality WordPress themes\",\"publisher\":{\"@id\":\"https:\/\/themeholt.com\/#organization\"},\"potentialAction\":[{\"@type\":\"SearchAction\",\"target\":{\"@type\":\"EntryPoint\",\"urlTemplate\":\"https:\/\/themeholt.com\/?s={search_term_string}\"},\"query-input\":{\"@type\":\"PropertyValueSpecification\",\"valueRequired\":true,\"valueName\":\"search_term_string\"}}],\"inLanguage\":\"de\"},{\"@type\":\"Organization\",\"@id\":\"https:\/\/themeholt.com\/#organization\",\"name\":\"ThemeHolt\",\"alternateName\":\"ThemeHolt\",\"url\":\"https:\/\/themeholt.com\/\",\"logo\":{\"@type\":\"ImageObject\",\"inLanguage\":\"de\",\"@id\":\"https:\/\/themeholt.com\/#\/schema\/logo\/image\/\",\"url\":\"https:\/\/themeholt.com\/wp-content\/uploads\/2024\/10\/themeholt.png\",\"contentUrl\":\"https:\/\/themeholt.com\/wp-content\/uploads\/2024\/10\/themeholt.png\",\"width\":225,\"height\":225,\"caption\":\"ThemeHolt\"},\"image\":{\"@id\":\"https:\/\/themeholt.com\/#\/schema\/logo\/image\/\"},\"sameAs\":[\"https:\/\/www.facebook.com\/themeholtT\",\"https:\/\/x.com\/ThemeholtT\",\"https:\/\/www.linkedin.com\/company\/themeholt\",\"https:\/\/www.instagram.com\/themeholtt\/\"],\"description\":\"Themeholt is a website that offers high-quality WordPress themes that are easy to use and ready for just about everything. In Eindhoven, Netherlands, since 2020 offering simple, accessible WordPress themes by providing a variety of requirements. Themeholt focuses on practicality and efficiency, allowing faster project completion with its superior marketplace and easy-to-use templates.\",\"legalName\":\"ThemeHolt\",\"foundingDate\":\"2022-11-10\",\"numberOfEmployees\":{\"@type\":\"QuantitativeValue\",\"minValue\":\"51\",\"maxValue\":\"200\"}}]}<\/script>\n<!-- \/ Yoast SEO Premium plugin. -->","yoast_head_json":{"title":"Fitness-WordPress-Theme | Beste Fitness-Themen","description":"Werden Sie fit und inspirieren Sie andere mit unserem kostenlosen Fitness-WordPress-Theme. Erstellen Sie eine leistungsstarke und optisch beeindruckende Website f\u00fcr Ihr Fitnessunternehmen.","robots":{"index":"index","follow":"follow","max-snippet":"max-snippet:-1","max-image-preview":"max-image-preview:large","max-video-preview":"max-video-preview:-1"},"canonical":"https:\/\/themeholt.com\/de\/product\/fitness\/","og_locale":"de_DE","og_type":"article","og_title":"Fitness","og_description":"Werden Sie fit und inspirieren Sie andere mit unserem kostenlosen Fitness-WordPress-Theme. Erstellen Sie eine leistungsstarke und optisch beeindruckende Website f\u00fcr Ihr Fitnessunternehmen.","og_url":"https:\/\/themeholt.com\/de\/product\/fitness\/","og_site_name":"ThemeHolt","article_publisher":"https:\/\/www.facebook.com\/themeholtT","article_modified_time":"2024-10-01T09:12:09+00:00","og_image":[{"width":1300,"height":1283,"url":"https:\/\/themeholt.com\/wp-content\/uploads\/2022\/04\/bodybuilding-Theme.jpg","type":"image\/jpeg"}],"twitter_card":"summary_large_image","twitter_site":"@ThemeholtT","twitter_misc":{"Gesch\u00e4tzte Lesezeit":"1\u00a0Minute"},"schema":{"@context":"https:\/\/schema.org","@graph":[{"@type":"WebPage","@id":"https:\/\/themeholt.com\/de\/product\/fitness\/","url":"https:\/\/themeholt.com\/de\/product\/fitness\/","name":"Fitness-WordPress-Theme | Beste Fitness-Themen","isPartOf":{"@id":"https:\/\/themeholt.com\/#website"},"primaryImageOfPage":{"@id":"https:\/\/themeholt.com\/de\/product\/fitness\/#primaryimage"},"image":{"@id":"https:\/\/themeholt.com\/de\/product\/fitness\/#primaryimage"},"thumbnailUrl":"https:\/\/themeholt.com\/wp-content\/uploads\/2022\/04\/bodybuilding-Theme.jpg","datePublished":"2022-04-25T10:46:49+00:00","dateModified":"2024-10-01T09:12:09+00:00","description":"Werden Sie fit und inspirieren Sie andere mit unserem kostenlosen Fitness-WordPress-Theme. Erstellen Sie eine leistungsstarke und optisch beeindruckende Website f\u00fcr Ihr Fitnessunternehmen.","breadcrumb":{"@id":"https:\/\/themeholt.com\/de\/product\/fitness\/#breadcrumb"},"inLanguage":"de","potentialAction":[{"@type":"ReadAction","target":["https:\/\/themeholt.com\/de\/product\/fitness\/"]}]},{"@type":"ImageObject","inLanguage":"de","@id":"https:\/\/themeholt.com\/de\/product\/fitness\/#primaryimage","url":"https:\/\/themeholt.com\/wp-content\/uploads\/2022\/04\/bodybuilding-Theme.jpg","contentUrl":"https:\/\/themeholt.com\/wp-content\/uploads\/2022\/04\/bodybuilding-Theme.jpg","width":1300,"height":1283},{"@type":"BreadcrumbList","@id":"https:\/\/themeholt.com\/de\/product\/fitness\/#breadcrumb","itemListElement":[{"@type":"ListItem","position":1,"name":"Home","item":"https:\/\/themeholt.com\/de\/"},{"@type":"ListItem","position":2,"name":"Shop","item":"https:\/\/themeholt.com\/shop\/"},{"@type":"ListItem","position":3,"name":"Fitness"}]},{"@type":"WebSite","@id":"https:\/\/themeholt.com\/#website","url":"https:\/\/themeholt.com\/","name":"ThemeHolt","description":"Themeholt is a website that offers high-quality WordPress themes","publisher":{"@id":"https:\/\/themeholt.com\/#organization"},"potentialAction":[{"@type":"SearchAction","target":{"@type":"EntryPoint","urlTemplate":"https:\/\/themeholt.com\/?s={search_term_string}"},"query-input":{"@type":"PropertyValueSpecification","valueRequired":true,"valueName":"search_term_string"}}],"inLanguage":"de"},{"@type":"Organization","@id":"https:\/\/themeholt.com\/#organization","name":"ThemeHolt","alternateName":"ThemeHolt","url":"https:\/\/themeholt.com\/","logo":{"@type":"ImageObject","inLanguage":"de","@id":"https:\/\/themeholt.com\/#\/schema\/logo\/image\/","url":"https:\/\/themeholt.com\/wp-content\/uploads\/2024\/10\/themeholt.png","contentUrl":"https:\/\/themeholt.com\/wp-content\/uploads\/2024\/10\/themeholt.png","width":225,"height":225,"caption":"ThemeHolt"},"image":{"@id":"https:\/\/themeholt.com\/#\/schema\/logo\/image\/"},"sameAs":["https:\/\/www.facebook.com\/themeholtT","https:\/\/x.com\/ThemeholtT","https:\/\/www.linkedin.com\/company\/themeholt","https:\/\/www.instagram.com\/themeholtt\/"],"description":"Themeholt is a website that offers high-quality WordPress themes that are easy to use and ready for just about everything. In Eindhoven, Netherlands, since 2020 offering simple, accessible WordPress themes by providing a variety of requirements. Themeholt focuses on practicality and efficiency, allowing faster project completion with its superior marketplace and easy-to-use templates.","legalName":"ThemeHolt","foundingDate":"2022-11-10","numberOfEmployees":{"@type":"QuantitativeValue","minValue":"51","maxValue":"200"}}]}},"_links":{"self":[{"href":"https:\/\/themeholt.com\/de\/wp-json\/wp\/v2\/product\/10359","targetHints":{"allow":["GET"]}}],"collection":[{"href":"https:\/\/themeholt.com\/de\/wp-json\/wp\/v2\/product"}],"about":[{"href":"https:\/\/themeholt.com\/de\/wp-json\/wp\/v2\/types\/product"}],"wp:featuredmedia":[{"embeddable":true,"href":"https:\/\/themeholt.com\/de\/wp-json\/wp\/v2\/media\/10360"}],"wp:attachment":[{"href":"https:\/\/themeholt.com\/de\/wp-json\/wp\/v2\/media?parent=10359"}],"wp:term":[{"taxonomy":"product_brand","embeddable":true,"href":"https:\/\/themeholt.com\/de\/wp-json\/wp\/v2\/product_brand?post=10359"},{"taxonomy":"product_cat","embeddable":true,"href":"https:\/\/themeholt.com\/de\/wp-json\/wp\/v2\/product_cat?post=10359"},{"taxonomy":"product_tag","embeddable":true,"href":"https:\/\/themeholt.com\/de\/wp-json\/wp\/v2\/product_tag?post=10359"}],"curies":[{"name":"wp","href":"https:\/\/api.w.org\/{rel}","templated":true}]}}