{"id":10389,"date":"2022-04-25T10:19:35","date_gmt":"2022-04-25T10:19:35","guid":{"rendered":"https:\/\/themeholt.com\/product\/photography\/"},"modified":"2024-10-01T09:38:06","modified_gmt":"2024-10-01T09:38:06","slug":"fotografie","status":"publish","type":"product","link":"https:\/\/themeholt.com\/de\/product\/fotografie\/","title":{"rendered":"Fotografie"},"content":{"rendered":"<p><span style=\"font-weight: 400\">Wir stellen Photography vor, das ultimative <\/span><b>WordPress-Theme f\u00fcr Fotografie<\/b><span style=\"font-weight: 400\"> ma\u00dfgeschneidert f\u00fcr Fotografen und visuelle Geschichtenerz\u00e4hler. Mit seinem eleganten Design und seinen leistungsstarken Funktionen bietet Photography eine nahtlose Plattform, um Ihr Talent zu pr\u00e4sentieren und Ihre faszinierenden Bilder mit der Welt zu teilen.<\/span><\/p>\n<p><span style=\"font-weight: 400\">Eines der herausragenden Merkmale von Photography sind seine atemberaubenden Portfolio-Layouts. Von gitterbasierten Galerien bis hin zu mauerwerkartigen Darstellungen haben Sie die Freiheit, Ihre Arbeit auf visuell beeindruckende Weise zu kuratieren. Durch das Erstellen mehrerer Portfolios k\u00f6nnen Sie Ihre Fotos nach Themen, Projekten oder jeder anderen Kategorie organisieren, die Ihrer k\u00fcnstlerischen Vision entspricht.<\/span><\/p>\n<p><span style=\"font-weight: 400\">Das Theme bietet auch verschiedene Anpassungsoptionen, mit denen Sie Ihre Website personalisieren k\u00f6nnen, um Ihren einzigartigen Stil widerzuspiegeln. W\u00e4hlen Sie aus verschiedenen anpassbaren Farbschemata, Schriftarten und Layoutoptionen, um eine Website zu erstellen, die Ihre kreative Vision wirklich widerspiegelt. Mit <\/span><b>Best<\/b> <b>Fotografie-WordPress-Theme<\/b><span style=\"font-weight: 400\"> haben Sie die vollst\u00e4ndige Kontrolle \u00fcber das Erscheinungsbild Ihres Online-Portfolios.<\/span><\/p>\n","protected":false},"excerpt":{"rendered":"<ul>\n<li>Responsives Design<\/li>\n<li>Styling-Optionen<\/li>\n<li>Vollst\u00e4ndig anpassbar<\/li>\n<li>\u00dcbersetzungsbereit<\/li>\n<li>Schneller und freundlicher Support<\/li>\n<li>Mehrere Galerie-Layouts<\/li>\n<li>Lightbox-Support<\/li>\n<li>Video-Support<\/li>\n<li>Anpassbare Kontaktseiten<\/li>\n<li>Kundenpr\u00fcfung<\/li>\n<li>Google Maps-Integration<\/li>\n<li>Anpassbare Fu\u00dfzeile<\/li>\n<\/ul>\n","protected":false},"featured_media":10390,"template":"","meta":{"_acf_changed":false,"inline_featured_image":false},"product_brand":[],"product_cat":[483],"product_tag":[553,554,555,556],"class_list":{"0":"post-10389","1":"product","2":"type-product","3":"status-publish","4":"has-post-thumbnail","6":"product_cat-exclusive-themes-de","7":"product_tag-art-photography-themes-de","8":"product_tag-best-photography-themes-de","9":"product_tag-deep-photography-themes-de","10":"product_tag-popular-photography-themes-de","12":"first","13":"instock","14":"sale","15":"downloadable","16":"taxable","17":"shipping-taxable","18":"purchasable","19":"product-type-simple"},"acf":[],"yoast_head":"<!-- This site is optimized with the Yoast SEO Premium plugin v22.1 (Yoast SEO v26.0) - https:\/\/yoast.com\/wordpress\/plugins\/seo\/ -->\n<title>Fotografie-WordPress-Theme - Die besten Fotografie-Themes<\/title>\n<meta name=\"description\" content=\"Halten Sie die Essenz des Lebens mit atemberaubenden Bildern fest \u2013 mit der Fotografie, einem fesselnden WordPress-Theme zum Thema Fotografie, das Ihre F\u00e4higkeiten zur Geltung bringt.\" \/>\n<meta name=\"robots\" content=\"index, follow, max-snippet:-1, max-image-preview:large, max-video-preview:-1\" \/>\n<link rel=\"canonical\" href=\"https:\/\/themeholt.com\/de\/product\/fotografie\/\" \/>\n<meta property=\"og:locale\" content=\"de_DE\" \/>\n<meta property=\"og:type\" content=\"article\" \/>\n<meta property=\"og:title\" content=\"Fotografie\" \/>\n<meta property=\"og:description\" content=\"Halten Sie die Essenz des Lebens mit atemberaubenden Bildern fest \u2013 mit der Fotografie, einem fesselnden WordPress-Theme zum Thema Fotografie, das Ihre F\u00e4higkeiten zur Geltung bringt.\" \/>\n<meta property=\"og:url\" content=\"https:\/\/themeholt.com\/de\/product\/fotografie\/\" \/>\n<meta property=\"og:site_name\" content=\"ThemeHolt\" \/>\n<meta property=\"article:publisher\" content=\"https:\/\/www.facebook.com\/themeholtT\" \/>\n<meta property=\"article:modified_time\" content=\"2024-10-01T09:38:06+00:00\" \/>\n<meta property=\"og:image\" content=\"https:\/\/themeholt.com\/wp-content\/uploads\/2022\/04\/Creative-Ultra-Photography-theme.jpg\" \/>\n\t<meta property=\"og:image:width\" content=\"1300\" \/>\n\t<meta property=\"og:image:height\" content=\"1283\" \/>\n\t<meta property=\"og:image:type\" content=\"image\/jpeg\" \/>\n<meta name=\"twitter:card\" content=\"summary_large_image\" \/>\n<meta name=\"twitter:site\" content=\"@ThemeholtT\" \/>\n<meta name=\"twitter:label1\" content=\"Gesch\u00e4tzte Lesezeit\" \/>\n\t<meta name=\"twitter:data1\" content=\"1\u00a0Minute\" \/>\n<script type=\"application\/ld+json\" class=\"yoast-schema-graph\">{\"@context\":\"https:\/\/schema.org\",\"@graph\":[{\"@type\":\"WebPage\",\"@id\":\"https:\/\/themeholt.com\/de\/product\/fotografie\/\",\"url\":\"https:\/\/themeholt.com\/de\/product\/fotografie\/\",\"name\":\"Fotografie-WordPress-Theme - Die besten Fotografie-Themes\",\"isPartOf\":{\"@id\":\"https:\/\/themeholt.com\/#website\"},\"primaryImageOfPage\":{\"@id\":\"https:\/\/themeholt.com\/de\/product\/fotografie\/#primaryimage\"},\"image\":{\"@id\":\"https:\/\/themeholt.com\/de\/product\/fotografie\/#primaryimage\"},\"thumbnailUrl\":\"https:\/\/themeholt.com\/wp-content\/uploads\/2022\/04\/Creative-Ultra-Photography-theme.jpg\",\"datePublished\":\"2022-04-25T10:19:35+00:00\",\"dateModified\":\"2024-10-01T09:38:06+00:00\",\"description\":\"Halten Sie die Essenz des Lebens mit atemberaubenden Bildern fest \u2013 mit der Fotografie, einem fesselnden WordPress-Theme zum Thema Fotografie, das Ihre F\u00e4higkeiten zur Geltung bringt.\",\"breadcrumb\":{\"@id\":\"https:\/\/themeholt.com\/de\/product\/fotografie\/#breadcrumb\"},\"inLanguage\":\"de\",\"potentialAction\":[{\"@type\":\"ReadAction\",\"target\":[\"https:\/\/themeholt.com\/de\/product\/fotografie\/\"]}]},{\"@type\":\"ImageObject\",\"inLanguage\":\"de\",\"@id\":\"https:\/\/themeholt.com\/de\/product\/fotografie\/#primaryimage\",\"url\":\"https:\/\/themeholt.com\/wp-content\/uploads\/2022\/04\/Creative-Ultra-Photography-theme.jpg\",\"contentUrl\":\"https:\/\/themeholt.com\/wp-content\/uploads\/2022\/04\/Creative-Ultra-Photography-theme.jpg\",\"width\":1300,\"height\":1283},{\"@type\":\"BreadcrumbList\",\"@id\":\"https:\/\/themeholt.com\/de\/product\/fotografie\/#breadcrumb\",\"itemListElement\":[{\"@type\":\"ListItem\",\"position\":1,\"name\":\"Home\",\"item\":\"https:\/\/themeholt.com\/de\/\"},{\"@type\":\"ListItem\",\"position\":2,\"name\":\"Shop\",\"item\":\"https:\/\/themeholt.com\/shop\/\"},{\"@type\":\"ListItem\",\"position\":3,\"name\":\"Fotografie\"}]},{\"@type\":\"WebSite\",\"@id\":\"https:\/\/themeholt.com\/#website\",\"url\":\"https:\/\/themeholt.com\/\",\"name\":\"ThemeHolt\",\"description\":\"Themeholt is a website that offers high-quality WordPress themes\",\"publisher\":{\"@id\":\"https:\/\/themeholt.com\/#organization\"},\"potentialAction\":[{\"@type\":\"SearchAction\",\"target\":{\"@type\":\"EntryPoint\",\"urlTemplate\":\"https:\/\/themeholt.com\/?s={search_term_string}\"},\"query-input\":{\"@type\":\"PropertyValueSpecification\",\"valueRequired\":true,\"valueName\":\"search_term_string\"}}],\"inLanguage\":\"de\"},{\"@type\":\"Organization\",\"@id\":\"https:\/\/themeholt.com\/#organization\",\"name\":\"ThemeHolt\",\"alternateName\":\"ThemeHolt\",\"url\":\"https:\/\/themeholt.com\/\",\"logo\":{\"@type\":\"ImageObject\",\"inLanguage\":\"de\",\"@id\":\"https:\/\/themeholt.com\/#\/schema\/logo\/image\/\",\"url\":\"https:\/\/themeholt.com\/wp-content\/uploads\/2024\/10\/themeholt.png\",\"contentUrl\":\"https:\/\/themeholt.com\/wp-content\/uploads\/2024\/10\/themeholt.png\",\"width\":225,\"height\":225,\"caption\":\"ThemeHolt\"},\"image\":{\"@id\":\"https:\/\/themeholt.com\/#\/schema\/logo\/image\/\"},\"sameAs\":[\"https:\/\/www.facebook.com\/themeholtT\",\"https:\/\/x.com\/ThemeholtT\",\"https:\/\/www.linkedin.com\/company\/themeholt\",\"https:\/\/www.instagram.com\/themeholtt\/\"],\"description\":\"Themeholt is a website that offers high-quality WordPress themes that are easy to use and ready for just about everything. In Eindhoven, Netherlands, since 2020 offering simple, accessible WordPress themes by providing a variety of requirements. Themeholt focuses on practicality and efficiency, allowing faster project completion with its superior marketplace and easy-to-use templates.\",\"legalName\":\"ThemeHolt\",\"foundingDate\":\"2022-11-10\",\"numberOfEmployees\":{\"@type\":\"QuantitativeValue\",\"minValue\":\"51\",\"maxValue\":\"200\"}}]}<\/script>\n<!-- \/ Yoast SEO Premium plugin. -->","yoast_head_json":{"title":"Fotografie-WordPress-Theme - Die besten Fotografie-Themes","description":"Halten Sie die Essenz des Lebens mit atemberaubenden Bildern fest \u2013 mit der Fotografie, einem fesselnden WordPress-Theme zum Thema Fotografie, das Ihre F\u00e4higkeiten zur Geltung bringt.","robots":{"index":"index","follow":"follow","max-snippet":"max-snippet:-1","max-image-preview":"max-image-preview:large","max-video-preview":"max-video-preview:-1"},"canonical":"https:\/\/themeholt.com\/de\/product\/fotografie\/","og_locale":"de_DE","og_type":"article","og_title":"Fotografie","og_description":"Halten Sie die Essenz des Lebens mit atemberaubenden Bildern fest \u2013 mit der Fotografie, einem fesselnden WordPress-Theme zum Thema Fotografie, das Ihre F\u00e4higkeiten zur Geltung bringt.","og_url":"https:\/\/themeholt.com\/de\/product\/fotografie\/","og_site_name":"ThemeHolt","article_publisher":"https:\/\/www.facebook.com\/themeholtT","article_modified_time":"2024-10-01T09:38:06+00:00","og_image":[{"width":1300,"height":1283,"url":"https:\/\/themeholt.com\/wp-content\/uploads\/2022\/04\/Creative-Ultra-Photography-theme.jpg","type":"image\/jpeg"}],"twitter_card":"summary_large_image","twitter_site":"@ThemeholtT","twitter_misc":{"Gesch\u00e4tzte Lesezeit":"1\u00a0Minute"},"schema":{"@context":"https:\/\/schema.org","@graph":[{"@type":"WebPage","@id":"https:\/\/themeholt.com\/de\/product\/fotografie\/","url":"https:\/\/themeholt.com\/de\/product\/fotografie\/","name":"Fotografie-WordPress-Theme - Die besten Fotografie-Themes","isPartOf":{"@id":"https:\/\/themeholt.com\/#website"},"primaryImageOfPage":{"@id":"https:\/\/themeholt.com\/de\/product\/fotografie\/#primaryimage"},"image":{"@id":"https:\/\/themeholt.com\/de\/product\/fotografie\/#primaryimage"},"thumbnailUrl":"https:\/\/themeholt.com\/wp-content\/uploads\/2022\/04\/Creative-Ultra-Photography-theme.jpg","datePublished":"2022-04-25T10:19:35+00:00","dateModified":"2024-10-01T09:38:06+00:00","description":"Halten Sie die Essenz des Lebens mit atemberaubenden Bildern fest \u2013 mit der Fotografie, einem fesselnden WordPress-Theme zum Thema Fotografie, das Ihre F\u00e4higkeiten zur Geltung bringt.","breadcrumb":{"@id":"https:\/\/themeholt.com\/de\/product\/fotografie\/#breadcrumb"},"inLanguage":"de","potentialAction":[{"@type":"ReadAction","target":["https:\/\/themeholt.com\/de\/product\/fotografie\/"]}]},{"@type":"ImageObject","inLanguage":"de","@id":"https:\/\/themeholt.com\/de\/product\/fotografie\/#primaryimage","url":"https:\/\/themeholt.com\/wp-content\/uploads\/2022\/04\/Creative-Ultra-Photography-theme.jpg","contentUrl":"https:\/\/themeholt.com\/wp-content\/uploads\/2022\/04\/Creative-Ultra-Photography-theme.jpg","width":1300,"height":1283},{"@type":"BreadcrumbList","@id":"https:\/\/themeholt.com\/de\/product\/fotografie\/#breadcrumb","itemListElement":[{"@type":"ListItem","position":1,"name":"Home","item":"https:\/\/themeholt.com\/de\/"},{"@type":"ListItem","position":2,"name":"Shop","item":"https:\/\/themeholt.com\/shop\/"},{"@type":"ListItem","position":3,"name":"Fotografie"}]},{"@type":"WebSite","@id":"https:\/\/themeholt.com\/#website","url":"https:\/\/themeholt.com\/","name":"ThemeHolt","description":"Themeholt is a website that offers high-quality WordPress themes","publisher":{"@id":"https:\/\/themeholt.com\/#organization"},"potentialAction":[{"@type":"SearchAction","target":{"@type":"EntryPoint","urlTemplate":"https:\/\/themeholt.com\/?s={search_term_string}"},"query-input":{"@type":"PropertyValueSpecification","valueRequired":true,"valueName":"search_term_string"}}],"inLanguage":"de"},{"@type":"Organization","@id":"https:\/\/themeholt.com\/#organization","name":"ThemeHolt","alternateName":"ThemeHolt","url":"https:\/\/themeholt.com\/","logo":{"@type":"ImageObject","inLanguage":"de","@id":"https:\/\/themeholt.com\/#\/schema\/logo\/image\/","url":"https:\/\/themeholt.com\/wp-content\/uploads\/2024\/10\/themeholt.png","contentUrl":"https:\/\/themeholt.com\/wp-content\/uploads\/2024\/10\/themeholt.png","width":225,"height":225,"caption":"ThemeHolt"},"image":{"@id":"https:\/\/themeholt.com\/#\/schema\/logo\/image\/"},"sameAs":["https:\/\/www.facebook.com\/themeholtT","https:\/\/x.com\/ThemeholtT","https:\/\/www.linkedin.com\/company\/themeholt","https:\/\/www.instagram.com\/themeholtt\/"],"description":"Themeholt is a website that offers high-quality WordPress themes that are easy to use and ready for just about everything. In Eindhoven, Netherlands, since 2020 offering simple, accessible WordPress themes by providing a variety of requirements. Themeholt focuses on practicality and efficiency, allowing faster project completion with its superior marketplace and easy-to-use templates.","legalName":"ThemeHolt","foundingDate":"2022-11-10","numberOfEmployees":{"@type":"QuantitativeValue","minValue":"51","maxValue":"200"}}]}},"_links":{"self":[{"href":"https:\/\/themeholt.com\/de\/wp-json\/wp\/v2\/product\/10389","targetHints":{"allow":["GET"]}}],"collection":[{"href":"https:\/\/themeholt.com\/de\/wp-json\/wp\/v2\/product"}],"about":[{"href":"https:\/\/themeholt.com\/de\/wp-json\/wp\/v2\/types\/product"}],"wp:featuredmedia":[{"embeddable":true,"href":"https:\/\/themeholt.com\/de\/wp-json\/wp\/v2\/media\/10390"}],"wp:attachment":[{"href":"https:\/\/themeholt.com\/de\/wp-json\/wp\/v2\/media?parent=10389"}],"wp:term":[{"taxonomy":"product_brand","embeddable":true,"href":"https:\/\/themeholt.com\/de\/wp-json\/wp\/v2\/product_brand?post=10389"},{"taxonomy":"product_cat","embeddable":true,"href":"https:\/\/themeholt.com\/de\/wp-json\/wp\/v2\/product_cat?post=10389"},{"taxonomy":"product_tag","embeddable":true,"href":"https:\/\/themeholt.com\/de\/wp-json\/wp\/v2\/product_tag?post=10389"}],"curies":[{"name":"wp","href":"https:\/\/api.w.org\/{rel}","templated":true}]}}