{"id":10408,"date":"2022-04-25T09:18:50","date_gmt":"2022-04-25T09:18:50","guid":{"rendered":"https:\/\/themeholt.com\/product\/coffee\/"},"modified":"2024-10-01T10:05:49","modified_gmt":"2024-10-01T10:05:49","slug":"kaffee","status":"publish","type":"product","link":"https:\/\/themeholt.com\/de\/product\/kaffee\/","title":{"rendered":"Kaffee"},"content":{"rendered":"<p><span style=\"font-weight: 400\">Wenn Sie eine au\u00dfergew\u00f6hnliche Website f\u00fcr ein Caf\u00e9 erstellen m\u00f6chten, ist das<\/span><b>Moderate Coffee Shop Theme<\/b><span style=\"font-weight: 400\">zweifelsohne die perfekte Wahl! Dieses Theme bietet eine beeindruckende Sammlung vorgefertigter Start- und Innenseiten, die m\u00fchelos an Ihre Bed\u00fcrfnisse angepasst werden k\u00f6nnen. Mit seinen vielseitigen Funktionen und seinem tadellosen Design ist dieses Theme ideal f\u00fcr Caf\u00e9s, Bars und \u00e4hnliche Unternehmen geeignet und sorgt daf\u00fcr, dass Ihre Website heraussticht.<\/span><\/p>\n<p><span style=\"font-weight: 400\">Eines der herausragenden Merkmale der <\/span><b>Coffee Shop Themes<\/b><span style=\"font-weight: 400\">ist sein tadelloses Men\u00fclayout. Die Anzeige Ihrer Getr\u00e4nkekarte in h\u00f6chstem Stil war noch nie so einfach. Sie k\u00f6nnen Ihr umfangreiches Getr\u00e4nkesortiment pr\u00e4sentieren, von aromatischem Kaffee bis hin zu k\u00f6stlichen Tees und erfrischenden Smoothies. Mit verschiedenen optisch ansprechenden und benutzerfreundlichen Men\u00fcvorlagen k\u00f6nnen Sie Ihr Angebot auf eine Weise pr\u00e4sentieren, die Besucher fesselt und sie dazu verleitet, Ihre k\u00f6stlichen Kreationen zu probieren.<\/span><\/p>\n","protected":false},"excerpt":{"rendered":"<ul>\n<li style=\"font-weight: 400\"><span style=\"font-weight: 400\">Elementor<\/span><\/li>\n<li style=\"font-weight: 400\"><span style=\"font-weight: 400\">Erstaunliche Elemente f\u00fcr Caf\u00e9s &amp; Cafeterias<\/span><\/li>\n<li style=\"font-weight: 400\"><span style=\"font-weight: 400\">Sch\u00f6ne Getr\u00e4nkekarten-Layouts<\/span><\/li>\n<li style=\"font-weight: 400\"><span style=\"font-weight: 400\">Perfekt f\u00fcr jedes Bistro, Caf\u00e9 oder jede Bar<\/span><\/li>\n<li style=\"font-weight: 400\"><span style=\"font-weight: 400\">Typografieoptionen<\/span><\/li>\n<li style=\"font-weight: 400\"><span style=\"font-weight: 400\">Gut dokumentiert<\/span><\/li>\n<li style=\"font-weight: 400\"><span style=\"font-weight: 400\">Vollst\u00e4ndig reaktionsf\u00e4hig<\/span><\/li>\n<li style=\"font-weight: 400\"><span style=\"font-weight: 400\">WooCommerce<\/span><\/li>\n<li style=\"font-weight: 400\"><span style=\"font-weight: 400\">Kundensupport<\/span><\/li>\n<\/ul>\n","protected":false},"featured_media":10409,"template":"","meta":{"_acf_changed":false,"inline_featured_image":false},"product_brand":[],"product_cat":[483],"product_tag":[570,571,572,573],"class_list":{"0":"post-10408","1":"product","2":"type-product","3":"status-publish","4":"has-post-thumbnail","6":"product_cat-exclusive-themes-de","7":"product_tag-coffee-shop-wordpress-themes-de","8":"product_tag-coffee-theme-de","9":"product_tag-coffee-website-templates-de","10":"product_tag-coffee-wordpress-themes-de","12":"first","13":"instock","14":"sale","15":"downloadable","16":"taxable","17":"shipping-taxable","18":"purchasable","19":"product-type-simple"},"acf":[],"yoast_head":"<!-- This site is optimized with the Yoast SEO Premium plugin v22.1 (Yoast SEO v26.0) - https:\/\/yoast.com\/wordpress\/plugins\/seo\/ -->\n<title>Kaffee-Website-Vorlagen | Coffee-Shop-WordPress-Themen<\/title>\n<meta name=\"description\" content=\"Entdecken Sie die Onlinepr\u00e4senz Ihres Caf\u00e9s mit fesselnden Caf\u00e9-Themen. Passen Sie Ihr einzigartiges Ambiente und Ihre Angebote individuell an und pr\u00e4sentieren Sie sie.\" \/>\n<meta name=\"robots\" content=\"index, follow, max-snippet:-1, max-image-preview:large, max-video-preview:-1\" \/>\n<link rel=\"canonical\" href=\"https:\/\/themeholt.com\/de\/product\/kaffee\/\" \/>\n<meta property=\"og:locale\" content=\"de_DE\" \/>\n<meta property=\"og:type\" content=\"article\" \/>\n<meta property=\"og:title\" content=\"Kaffee\" \/>\n<meta property=\"og:description\" content=\"Entdecken Sie die Onlinepr\u00e4senz Ihres Caf\u00e9s mit fesselnden Caf\u00e9-Themen. Passen Sie Ihr einzigartiges Ambiente und Ihre Angebote individuell an und pr\u00e4sentieren Sie sie.\" \/>\n<meta property=\"og:url\" content=\"https:\/\/themeholt.com\/de\/product\/kaffee\/\" \/>\n<meta property=\"og:site_name\" content=\"ThemeHolt\" \/>\n<meta property=\"article:publisher\" content=\"https:\/\/www.facebook.com\/themeholtT\" \/>\n<meta property=\"article:modified_time\" content=\"2024-10-01T10:05:49+00:00\" \/>\n<meta property=\"og:image\" content=\"https:\/\/themeholt.com\/wp-content\/uploads\/2022\/04\/best-coffee-theme.jpg\" \/>\n\t<meta property=\"og:image:width\" content=\"1300\" \/>\n\t<meta property=\"og:image:height\" content=\"1283\" \/>\n\t<meta property=\"og:image:type\" content=\"image\/jpeg\" \/>\n<meta name=\"twitter:card\" content=\"summary_large_image\" \/>\n<meta name=\"twitter:site\" content=\"@ThemeholtT\" \/>\n<meta name=\"twitter:label1\" content=\"Gesch\u00e4tzte Lesezeit\" \/>\n\t<meta name=\"twitter:data1\" content=\"1\u00a0Minute\" \/>\n<script type=\"application\/ld+json\" class=\"yoast-schema-graph\">{\"@context\":\"https:\/\/schema.org\",\"@graph\":[{\"@type\":\"WebPage\",\"@id\":\"https:\/\/themeholt.com\/de\/product\/kaffee\/\",\"url\":\"https:\/\/themeholt.com\/de\/product\/kaffee\/\",\"name\":\"Kaffee-Website-Vorlagen | Coffee-Shop-WordPress-Themen\",\"isPartOf\":{\"@id\":\"https:\/\/themeholt.com\/#website\"},\"primaryImageOfPage\":{\"@id\":\"https:\/\/themeholt.com\/de\/product\/kaffee\/#primaryimage\"},\"image\":{\"@id\":\"https:\/\/themeholt.com\/de\/product\/kaffee\/#primaryimage\"},\"thumbnailUrl\":\"https:\/\/themeholt.com\/wp-content\/uploads\/2022\/04\/best-coffee-theme.jpg\",\"datePublished\":\"2022-04-25T09:18:50+00:00\",\"dateModified\":\"2024-10-01T10:05:49+00:00\",\"description\":\"Entdecken Sie die Onlinepr\u00e4senz Ihres Caf\u00e9s mit fesselnden Caf\u00e9-Themen. Passen Sie Ihr einzigartiges Ambiente und Ihre Angebote individuell an und pr\u00e4sentieren Sie sie.\",\"breadcrumb\":{\"@id\":\"https:\/\/themeholt.com\/de\/product\/kaffee\/#breadcrumb\"},\"inLanguage\":\"de\",\"potentialAction\":[{\"@type\":\"ReadAction\",\"target\":[\"https:\/\/themeholt.com\/de\/product\/kaffee\/\"]}]},{\"@type\":\"ImageObject\",\"inLanguage\":\"de\",\"@id\":\"https:\/\/themeholt.com\/de\/product\/kaffee\/#primaryimage\",\"url\":\"https:\/\/themeholt.com\/wp-content\/uploads\/2022\/04\/best-coffee-theme.jpg\",\"contentUrl\":\"https:\/\/themeholt.com\/wp-content\/uploads\/2022\/04\/best-coffee-theme.jpg\",\"width\":1300,\"height\":1283},{\"@type\":\"BreadcrumbList\",\"@id\":\"https:\/\/themeholt.com\/de\/product\/kaffee\/#breadcrumb\",\"itemListElement\":[{\"@type\":\"ListItem\",\"position\":1,\"name\":\"Home\",\"item\":\"https:\/\/themeholt.com\/de\/\"},{\"@type\":\"ListItem\",\"position\":2,\"name\":\"Shop\",\"item\":\"https:\/\/themeholt.com\/shop\/\"},{\"@type\":\"ListItem\",\"position\":3,\"name\":\"Kaffee\"}]},{\"@type\":\"WebSite\",\"@id\":\"https:\/\/themeholt.com\/#website\",\"url\":\"https:\/\/themeholt.com\/\",\"name\":\"ThemeHolt\",\"description\":\"Themeholt is a website that offers high-quality WordPress themes\",\"publisher\":{\"@id\":\"https:\/\/themeholt.com\/#organization\"},\"potentialAction\":[{\"@type\":\"SearchAction\",\"target\":{\"@type\":\"EntryPoint\",\"urlTemplate\":\"https:\/\/themeholt.com\/?s={search_term_string}\"},\"query-input\":{\"@type\":\"PropertyValueSpecification\",\"valueRequired\":true,\"valueName\":\"search_term_string\"}}],\"inLanguage\":\"de\"},{\"@type\":\"Organization\",\"@id\":\"https:\/\/themeholt.com\/#organization\",\"name\":\"ThemeHolt\",\"alternateName\":\"ThemeHolt\",\"url\":\"https:\/\/themeholt.com\/\",\"logo\":{\"@type\":\"ImageObject\",\"inLanguage\":\"de\",\"@id\":\"https:\/\/themeholt.com\/#\/schema\/logo\/image\/\",\"url\":\"https:\/\/themeholt.com\/wp-content\/uploads\/2024\/10\/themeholt.png\",\"contentUrl\":\"https:\/\/themeholt.com\/wp-content\/uploads\/2024\/10\/themeholt.png\",\"width\":225,\"height\":225,\"caption\":\"ThemeHolt\"},\"image\":{\"@id\":\"https:\/\/themeholt.com\/#\/schema\/logo\/image\/\"},\"sameAs\":[\"https:\/\/www.facebook.com\/themeholtT\",\"https:\/\/x.com\/ThemeholtT\",\"https:\/\/www.linkedin.com\/company\/themeholt\",\"https:\/\/www.instagram.com\/themeholtt\/\"],\"description\":\"Themeholt is a website that offers high-quality WordPress themes that are easy to use and ready for just about everything. In Eindhoven, Netherlands, since 2020 offering simple, accessible WordPress themes by providing a variety of requirements. Themeholt focuses on practicality and efficiency, allowing faster project completion with its superior marketplace and easy-to-use templates.\",\"legalName\":\"ThemeHolt\",\"foundingDate\":\"2022-11-10\",\"numberOfEmployees\":{\"@type\":\"QuantitativeValue\",\"minValue\":\"51\",\"maxValue\":\"200\"}}]}<\/script>\n<!-- \/ Yoast SEO Premium plugin. -->","yoast_head_json":{"title":"Kaffee-Website-Vorlagen | Coffee-Shop-WordPress-Themen","description":"Entdecken Sie die Onlinepr\u00e4senz Ihres Caf\u00e9s mit fesselnden Caf\u00e9-Themen. Passen Sie Ihr einzigartiges Ambiente und Ihre Angebote individuell an und pr\u00e4sentieren Sie sie.","robots":{"index":"index","follow":"follow","max-snippet":"max-snippet:-1","max-image-preview":"max-image-preview:large","max-video-preview":"max-video-preview:-1"},"canonical":"https:\/\/themeholt.com\/de\/product\/kaffee\/","og_locale":"de_DE","og_type":"article","og_title":"Kaffee","og_description":"Entdecken Sie die Onlinepr\u00e4senz Ihres Caf\u00e9s mit fesselnden Caf\u00e9-Themen. Passen Sie Ihr einzigartiges Ambiente und Ihre Angebote individuell an und pr\u00e4sentieren Sie sie.","og_url":"https:\/\/themeholt.com\/de\/product\/kaffee\/","og_site_name":"ThemeHolt","article_publisher":"https:\/\/www.facebook.com\/themeholtT","article_modified_time":"2024-10-01T10:05:49+00:00","og_image":[{"width":1300,"height":1283,"url":"https:\/\/themeholt.com\/wp-content\/uploads\/2022\/04\/best-coffee-theme.jpg","type":"image\/jpeg"}],"twitter_card":"summary_large_image","twitter_site":"@ThemeholtT","twitter_misc":{"Gesch\u00e4tzte Lesezeit":"1\u00a0Minute"},"schema":{"@context":"https:\/\/schema.org","@graph":[{"@type":"WebPage","@id":"https:\/\/themeholt.com\/de\/product\/kaffee\/","url":"https:\/\/themeholt.com\/de\/product\/kaffee\/","name":"Kaffee-Website-Vorlagen | Coffee-Shop-WordPress-Themen","isPartOf":{"@id":"https:\/\/themeholt.com\/#website"},"primaryImageOfPage":{"@id":"https:\/\/themeholt.com\/de\/product\/kaffee\/#primaryimage"},"image":{"@id":"https:\/\/themeholt.com\/de\/product\/kaffee\/#primaryimage"},"thumbnailUrl":"https:\/\/themeholt.com\/wp-content\/uploads\/2022\/04\/best-coffee-theme.jpg","datePublished":"2022-04-25T09:18:50+00:00","dateModified":"2024-10-01T10:05:49+00:00","description":"Entdecken Sie die Onlinepr\u00e4senz Ihres Caf\u00e9s mit fesselnden Caf\u00e9-Themen. Passen Sie Ihr einzigartiges Ambiente und Ihre Angebote individuell an und pr\u00e4sentieren Sie sie.","breadcrumb":{"@id":"https:\/\/themeholt.com\/de\/product\/kaffee\/#breadcrumb"},"inLanguage":"de","potentialAction":[{"@type":"ReadAction","target":["https:\/\/themeholt.com\/de\/product\/kaffee\/"]}]},{"@type":"ImageObject","inLanguage":"de","@id":"https:\/\/themeholt.com\/de\/product\/kaffee\/#primaryimage","url":"https:\/\/themeholt.com\/wp-content\/uploads\/2022\/04\/best-coffee-theme.jpg","contentUrl":"https:\/\/themeholt.com\/wp-content\/uploads\/2022\/04\/best-coffee-theme.jpg","width":1300,"height":1283},{"@type":"BreadcrumbList","@id":"https:\/\/themeholt.com\/de\/product\/kaffee\/#breadcrumb","itemListElement":[{"@type":"ListItem","position":1,"name":"Home","item":"https:\/\/themeholt.com\/de\/"},{"@type":"ListItem","position":2,"name":"Shop","item":"https:\/\/themeholt.com\/shop\/"},{"@type":"ListItem","position":3,"name":"Kaffee"}]},{"@type":"WebSite","@id":"https:\/\/themeholt.com\/#website","url":"https:\/\/themeholt.com\/","name":"ThemeHolt","description":"Themeholt is a website that offers high-quality WordPress themes","publisher":{"@id":"https:\/\/themeholt.com\/#organization"},"potentialAction":[{"@type":"SearchAction","target":{"@type":"EntryPoint","urlTemplate":"https:\/\/themeholt.com\/?s={search_term_string}"},"query-input":{"@type":"PropertyValueSpecification","valueRequired":true,"valueName":"search_term_string"}}],"inLanguage":"de"},{"@type":"Organization","@id":"https:\/\/themeholt.com\/#organization","name":"ThemeHolt","alternateName":"ThemeHolt","url":"https:\/\/themeholt.com\/","logo":{"@type":"ImageObject","inLanguage":"de","@id":"https:\/\/themeholt.com\/#\/schema\/logo\/image\/","url":"https:\/\/themeholt.com\/wp-content\/uploads\/2024\/10\/themeholt.png","contentUrl":"https:\/\/themeholt.com\/wp-content\/uploads\/2024\/10\/themeholt.png","width":225,"height":225,"caption":"ThemeHolt"},"image":{"@id":"https:\/\/themeholt.com\/#\/schema\/logo\/image\/"},"sameAs":["https:\/\/www.facebook.com\/themeholtT","https:\/\/x.com\/ThemeholtT","https:\/\/www.linkedin.com\/company\/themeholt","https:\/\/www.instagram.com\/themeholtt\/"],"description":"Themeholt is a website that offers high-quality WordPress themes that are easy to use and ready for just about everything. In Eindhoven, Netherlands, since 2020 offering simple, accessible WordPress themes by providing a variety of requirements. Themeholt focuses on practicality and efficiency, allowing faster project completion with its superior marketplace and easy-to-use templates.","legalName":"ThemeHolt","foundingDate":"2022-11-10","numberOfEmployees":{"@type":"QuantitativeValue","minValue":"51","maxValue":"200"}}]}},"_links":{"self":[{"href":"https:\/\/themeholt.com\/de\/wp-json\/wp\/v2\/product\/10408","targetHints":{"allow":["GET"]}}],"collection":[{"href":"https:\/\/themeholt.com\/de\/wp-json\/wp\/v2\/product"}],"about":[{"href":"https:\/\/themeholt.com\/de\/wp-json\/wp\/v2\/types\/product"}],"wp:featuredmedia":[{"embeddable":true,"href":"https:\/\/themeholt.com\/de\/wp-json\/wp\/v2\/media\/10409"}],"wp:attachment":[{"href":"https:\/\/themeholt.com\/de\/wp-json\/wp\/v2\/media?parent=10408"}],"wp:term":[{"taxonomy":"product_brand","embeddable":true,"href":"https:\/\/themeholt.com\/de\/wp-json\/wp\/v2\/product_brand?post=10408"},{"taxonomy":"product_cat","embeddable":true,"href":"https:\/\/themeholt.com\/de\/wp-json\/wp\/v2\/product_cat?post=10408"},{"taxonomy":"product_tag","embeddable":true,"href":"https:\/\/themeholt.com\/de\/wp-json\/wp\/v2\/product_tag?post=10408"}],"curies":[{"name":"wp","href":"https:\/\/api.w.org\/{rel}","templated":true}]}}