{"id":10433,"date":"2022-04-21T19:44:37","date_gmt":"2022-04-21T19:44:37","guid":{"rendered":"https:\/\/themeholt.com\/product\/fashion\/"},"modified":"2024-10-01T10:19:30","modified_gmt":"2024-10-01T10:19:30","slug":"mode","status":"publish","type":"product","link":"https:\/\/themeholt.com\/de\/product\/mode\/","title":{"rendered":"Mode"},"content":{"rendered":"<p><span style=\"font-weight: 400\">In der dynamischen und sich st\u00e4ndig weiterentwickelnden Welt der Mode dient Ihre Website als digitale Darstellung Ihrer Marke und pr\u00e4sentiert Ihren einzigartigen Stil, Ihre Produkte und Ihre \u00c4sthetik. Mit unserem <\/span><b>Fashion-WordPress-Theme<\/b><span style=\"font-weight: 400\"> k\u00f6nnen Sie Ihrer Mode-Website ein neues Niveau an Eleganz, Raffinesse und visueller Attraktivit\u00e4t verleihen. Unser Theme wurde speziell f\u00fcr die Modebranche entwickelt und bietet eine leistungsstarke Plattform, um Ihr Publikum zu fesseln, einen bleibenden Eindruck zu hinterlassen und Ihre Online-Pr\u00e4senz zu verbessern. In diesem Blogbeitrag werden die bemerkenswerten Funktionen und Vorteile untersucht und wie sie Ihre Mode-Website in ein atemberaubendes Online-Ziel verwandeln k\u00f6nnen.<\/span><\/p>\n","protected":false},"excerpt":{"rendered":"<ul>\n<li>Stilvolles Design<\/li>\n<li>E-Commerce-Integration<\/li>\n<li>Lookbooks<\/li>\n<li>Social-Media-Integration<\/li>\n<li>Anpassbare Seiten<\/li>\n<li>Modeblogs<\/li>\n<li>Produktfilterung<\/li>\n<li>Mobile Optimierung<\/li>\n<li>Hochwertige Bilder<\/li>\n<li>Laufender Support und Updates<\/li>\n<\/ul>\n","protected":false},"featured_media":10434,"template":"","meta":{"_acf_changed":false,"inline_featured_image":false},"product_brand":[],"product_cat":[475],"product_tag":[421,580],"class_list":{"0":"post-10433","1":"product","2":"type-product","3":"status-publish","4":"has-post-thumbnail","6":"product_cat-new-arrivals-de","7":"product_tag-fashion-theme-de","8":"product_tag-fashion-de","10":"first","11":"instock","12":"sale","13":"downloadable","14":"taxable","15":"shipping-taxable","16":"purchasable","17":"product-type-simple"},"acf":[],"yoast_head":"<!-- This site is optimized with the Yoast SEO Premium plugin v22.1 (Yoast SEO v26.0) - https:\/\/yoast.com\/wordpress\/plugins\/seo\/ -->\n<title>Mode-WordPress-Theme | Premium-Modethemen<\/title>\n<meta name=\"description\" content=\"Werten Sie Ihre Modewebsite mit unserem atemberaubenden Fashion-WordPress-Theme auf. Pr\u00e4sentieren Sie Ihren Stil, Ihre Produkte und Ihre Marke mit Eleganz und Raffinesse.\" \/>\n<meta name=\"robots\" content=\"index, follow, max-snippet:-1, max-image-preview:large, max-video-preview:-1\" \/>\n<link rel=\"canonical\" href=\"https:\/\/themeholt.com\/de\/product\/mode\/\" \/>\n<meta property=\"og:locale\" content=\"de_DE\" \/>\n<meta property=\"og:type\" content=\"article\" \/>\n<meta property=\"og:title\" content=\"Mode\" \/>\n<meta property=\"og:description\" content=\"Werten Sie Ihre Modewebsite mit unserem atemberaubenden Fashion-WordPress-Theme auf. Pr\u00e4sentieren Sie Ihren Stil, Ihre Produkte und Ihre Marke mit Eleganz und Raffinesse.\" \/>\n<meta property=\"og:url\" content=\"https:\/\/themeholt.com\/de\/product\/mode\/\" \/>\n<meta property=\"og:site_name\" content=\"ThemeHolt\" \/>\n<meta property=\"article:publisher\" content=\"https:\/\/www.facebook.com\/themeholtT\" \/>\n<meta property=\"article:modified_time\" content=\"2024-10-01T10:19:30+00:00\" \/>\n<meta property=\"og:image\" content=\"https:\/\/themeholt.com\/wp-content\/uploads\/2022\/04\/Fashion-Designing-theme.jpg\" \/>\n\t<meta property=\"og:image:width\" content=\"1300\" \/>\n\t<meta property=\"og:image:height\" content=\"1283\" \/>\n\t<meta property=\"og:image:type\" content=\"image\/jpeg\" \/>\n<meta name=\"twitter:card\" content=\"summary_large_image\" \/>\n<meta name=\"twitter:site\" content=\"@ThemeholtT\" \/>\n<meta name=\"twitter:label1\" content=\"Gesch\u00e4tzte Lesezeit\" \/>\n\t<meta name=\"twitter:data1\" content=\"1\u00a0Minute\" \/>\n<script type=\"application\/ld+json\" class=\"yoast-schema-graph\">{\"@context\":\"https:\/\/schema.org\",\"@graph\":[{\"@type\":\"WebPage\",\"@id\":\"https:\/\/themeholt.com\/de\/product\/mode\/\",\"url\":\"https:\/\/themeholt.com\/de\/product\/mode\/\",\"name\":\"Mode-WordPress-Theme | Premium-Modethemen\",\"isPartOf\":{\"@id\":\"https:\/\/themeholt.com\/#website\"},\"primaryImageOfPage\":{\"@id\":\"https:\/\/themeholt.com\/de\/product\/mode\/#primaryimage\"},\"image\":{\"@id\":\"https:\/\/themeholt.com\/de\/product\/mode\/#primaryimage\"},\"thumbnailUrl\":\"https:\/\/themeholt.com\/wp-content\/uploads\/2022\/04\/Fashion-Designing-theme.jpg\",\"datePublished\":\"2022-04-21T19:44:37+00:00\",\"dateModified\":\"2024-10-01T10:19:30+00:00\",\"description\":\"Werten Sie Ihre Modewebsite mit unserem atemberaubenden Fashion-WordPress-Theme auf. Pr\u00e4sentieren Sie Ihren Stil, Ihre Produkte und Ihre Marke mit Eleganz und Raffinesse.\",\"breadcrumb\":{\"@id\":\"https:\/\/themeholt.com\/de\/product\/mode\/#breadcrumb\"},\"inLanguage\":\"de\",\"potentialAction\":[{\"@type\":\"ReadAction\",\"target\":[\"https:\/\/themeholt.com\/de\/product\/mode\/\"]}]},{\"@type\":\"ImageObject\",\"inLanguage\":\"de\",\"@id\":\"https:\/\/themeholt.com\/de\/product\/mode\/#primaryimage\",\"url\":\"https:\/\/themeholt.com\/wp-content\/uploads\/2022\/04\/Fashion-Designing-theme.jpg\",\"contentUrl\":\"https:\/\/themeholt.com\/wp-content\/uploads\/2022\/04\/Fashion-Designing-theme.jpg\",\"width\":1300,\"height\":1283},{\"@type\":\"BreadcrumbList\",\"@id\":\"https:\/\/themeholt.com\/de\/product\/mode\/#breadcrumb\",\"itemListElement\":[{\"@type\":\"ListItem\",\"position\":1,\"name\":\"Home\",\"item\":\"https:\/\/themeholt.com\/de\/\"},{\"@type\":\"ListItem\",\"position\":2,\"name\":\"Shop\",\"item\":\"https:\/\/themeholt.com\/shop\/\"},{\"@type\":\"ListItem\",\"position\":3,\"name\":\"Mode\"}]},{\"@type\":\"WebSite\",\"@id\":\"https:\/\/themeholt.com\/#website\",\"url\":\"https:\/\/themeholt.com\/\",\"name\":\"ThemeHolt\",\"description\":\"Themeholt is a website that offers high-quality WordPress themes\",\"publisher\":{\"@id\":\"https:\/\/themeholt.com\/#organization\"},\"potentialAction\":[{\"@type\":\"SearchAction\",\"target\":{\"@type\":\"EntryPoint\",\"urlTemplate\":\"https:\/\/themeholt.com\/?s={search_term_string}\"},\"query-input\":{\"@type\":\"PropertyValueSpecification\",\"valueRequired\":true,\"valueName\":\"search_term_string\"}}],\"inLanguage\":\"de\"},{\"@type\":\"Organization\",\"@id\":\"https:\/\/themeholt.com\/#organization\",\"name\":\"ThemeHolt\",\"alternateName\":\"ThemeHolt\",\"url\":\"https:\/\/themeholt.com\/\",\"logo\":{\"@type\":\"ImageObject\",\"inLanguage\":\"de\",\"@id\":\"https:\/\/themeholt.com\/#\/schema\/logo\/image\/\",\"url\":\"https:\/\/themeholt.com\/wp-content\/uploads\/2024\/10\/themeholt.png\",\"contentUrl\":\"https:\/\/themeholt.com\/wp-content\/uploads\/2024\/10\/themeholt.png\",\"width\":225,\"height\":225,\"caption\":\"ThemeHolt\"},\"image\":{\"@id\":\"https:\/\/themeholt.com\/#\/schema\/logo\/image\/\"},\"sameAs\":[\"https:\/\/www.facebook.com\/themeholtT\",\"https:\/\/x.com\/ThemeholtT\",\"https:\/\/www.linkedin.com\/company\/themeholt\",\"https:\/\/www.instagram.com\/themeholtt\/\"],\"description\":\"Themeholt is a website that offers high-quality WordPress themes that are easy to use and ready for just about everything. In Eindhoven, Netherlands, since 2020 offering simple, accessible WordPress themes by providing a variety of requirements. Themeholt focuses on practicality and efficiency, allowing faster project completion with its superior marketplace and easy-to-use templates.\",\"legalName\":\"ThemeHolt\",\"foundingDate\":\"2022-11-10\",\"numberOfEmployees\":{\"@type\":\"QuantitativeValue\",\"minValue\":\"51\",\"maxValue\":\"200\"}}]}<\/script>\n<!-- \/ Yoast SEO Premium plugin. -->","yoast_head_json":{"title":"Mode-WordPress-Theme | Premium-Modethemen","description":"Werten Sie Ihre Modewebsite mit unserem atemberaubenden Fashion-WordPress-Theme auf. Pr\u00e4sentieren Sie Ihren Stil, Ihre Produkte und Ihre Marke mit Eleganz und Raffinesse.","robots":{"index":"index","follow":"follow","max-snippet":"max-snippet:-1","max-image-preview":"max-image-preview:large","max-video-preview":"max-video-preview:-1"},"canonical":"https:\/\/themeholt.com\/de\/product\/mode\/","og_locale":"de_DE","og_type":"article","og_title":"Mode","og_description":"Werten Sie Ihre Modewebsite mit unserem atemberaubenden Fashion-WordPress-Theme auf. Pr\u00e4sentieren Sie Ihren Stil, Ihre Produkte und Ihre Marke mit Eleganz und Raffinesse.","og_url":"https:\/\/themeholt.com\/de\/product\/mode\/","og_site_name":"ThemeHolt","article_publisher":"https:\/\/www.facebook.com\/themeholtT","article_modified_time":"2024-10-01T10:19:30+00:00","og_image":[{"width":1300,"height":1283,"url":"https:\/\/themeholt.com\/wp-content\/uploads\/2022\/04\/Fashion-Designing-theme.jpg","type":"image\/jpeg"}],"twitter_card":"summary_large_image","twitter_site":"@ThemeholtT","twitter_misc":{"Gesch\u00e4tzte Lesezeit":"1\u00a0Minute"},"schema":{"@context":"https:\/\/schema.org","@graph":[{"@type":"WebPage","@id":"https:\/\/themeholt.com\/de\/product\/mode\/","url":"https:\/\/themeholt.com\/de\/product\/mode\/","name":"Mode-WordPress-Theme | Premium-Modethemen","isPartOf":{"@id":"https:\/\/themeholt.com\/#website"},"primaryImageOfPage":{"@id":"https:\/\/themeholt.com\/de\/product\/mode\/#primaryimage"},"image":{"@id":"https:\/\/themeholt.com\/de\/product\/mode\/#primaryimage"},"thumbnailUrl":"https:\/\/themeholt.com\/wp-content\/uploads\/2022\/04\/Fashion-Designing-theme.jpg","datePublished":"2022-04-21T19:44:37+00:00","dateModified":"2024-10-01T10:19:30+00:00","description":"Werten Sie Ihre Modewebsite mit unserem atemberaubenden Fashion-WordPress-Theme auf. Pr\u00e4sentieren Sie Ihren Stil, Ihre Produkte und Ihre Marke mit Eleganz und Raffinesse.","breadcrumb":{"@id":"https:\/\/themeholt.com\/de\/product\/mode\/#breadcrumb"},"inLanguage":"de","potentialAction":[{"@type":"ReadAction","target":["https:\/\/themeholt.com\/de\/product\/mode\/"]}]},{"@type":"ImageObject","inLanguage":"de","@id":"https:\/\/themeholt.com\/de\/product\/mode\/#primaryimage","url":"https:\/\/themeholt.com\/wp-content\/uploads\/2022\/04\/Fashion-Designing-theme.jpg","contentUrl":"https:\/\/themeholt.com\/wp-content\/uploads\/2022\/04\/Fashion-Designing-theme.jpg","width":1300,"height":1283},{"@type":"BreadcrumbList","@id":"https:\/\/themeholt.com\/de\/product\/mode\/#breadcrumb","itemListElement":[{"@type":"ListItem","position":1,"name":"Home","item":"https:\/\/themeholt.com\/de\/"},{"@type":"ListItem","position":2,"name":"Shop","item":"https:\/\/themeholt.com\/shop\/"},{"@type":"ListItem","position":3,"name":"Mode"}]},{"@type":"WebSite","@id":"https:\/\/themeholt.com\/#website","url":"https:\/\/themeholt.com\/","name":"ThemeHolt","description":"Themeholt is a website that offers high-quality WordPress themes","publisher":{"@id":"https:\/\/themeholt.com\/#organization"},"potentialAction":[{"@type":"SearchAction","target":{"@type":"EntryPoint","urlTemplate":"https:\/\/themeholt.com\/?s={search_term_string}"},"query-input":{"@type":"PropertyValueSpecification","valueRequired":true,"valueName":"search_term_string"}}],"inLanguage":"de"},{"@type":"Organization","@id":"https:\/\/themeholt.com\/#organization","name":"ThemeHolt","alternateName":"ThemeHolt","url":"https:\/\/themeholt.com\/","logo":{"@type":"ImageObject","inLanguage":"de","@id":"https:\/\/themeholt.com\/#\/schema\/logo\/image\/","url":"https:\/\/themeholt.com\/wp-content\/uploads\/2024\/10\/themeholt.png","contentUrl":"https:\/\/themeholt.com\/wp-content\/uploads\/2024\/10\/themeholt.png","width":225,"height":225,"caption":"ThemeHolt"},"image":{"@id":"https:\/\/themeholt.com\/#\/schema\/logo\/image\/"},"sameAs":["https:\/\/www.facebook.com\/themeholtT","https:\/\/x.com\/ThemeholtT","https:\/\/www.linkedin.com\/company\/themeholt","https:\/\/www.instagram.com\/themeholtt\/"],"description":"Themeholt is a website that offers high-quality WordPress themes that are easy to use and ready for just about everything. In Eindhoven, Netherlands, since 2020 offering simple, accessible WordPress themes by providing a variety of requirements. Themeholt focuses on practicality and efficiency, allowing faster project completion with its superior marketplace and easy-to-use templates.","legalName":"ThemeHolt","foundingDate":"2022-11-10","numberOfEmployees":{"@type":"QuantitativeValue","minValue":"51","maxValue":"200"}}]}},"_links":{"self":[{"href":"https:\/\/themeholt.com\/de\/wp-json\/wp\/v2\/product\/10433","targetHints":{"allow":["GET"]}}],"collection":[{"href":"https:\/\/themeholt.com\/de\/wp-json\/wp\/v2\/product"}],"about":[{"href":"https:\/\/themeholt.com\/de\/wp-json\/wp\/v2\/types\/product"}],"wp:featuredmedia":[{"embeddable":true,"href":"https:\/\/themeholt.com\/de\/wp-json\/wp\/v2\/media\/10434"}],"wp:attachment":[{"href":"https:\/\/themeholt.com\/de\/wp-json\/wp\/v2\/media?parent=10433"}],"wp:term":[{"taxonomy":"product_brand","embeddable":true,"href":"https:\/\/themeholt.com\/de\/wp-json\/wp\/v2\/product_brand?post=10433"},{"taxonomy":"product_cat","embeddable":true,"href":"https:\/\/themeholt.com\/de\/wp-json\/wp\/v2\/product_cat?post=10433"},{"taxonomy":"product_tag","embeddable":true,"href":"https:\/\/themeholt.com\/de\/wp-json\/wp\/v2\/product_tag?post=10433"}],"curies":[{"name":"wp","href":"https:\/\/api.w.org\/{rel}","templated":true}]}}