{"id":10448,"date":"2022-04-21T19:28:39","date_gmt":"2022-04-21T19:28:39","guid":{"rendered":"https:\/\/themeholt.com\/product\/foundation\/"},"modified":"2024-10-01T10:32:47","modified_gmt":"2024-10-01T10:32:47","slug":"stiftung","status":"publish","type":"product","link":"https:\/\/themeholt.com\/de\/product\/stiftung\/","title":{"rendered":"Stiftung"},"content":{"rendered":"<p><span style=\"font-weight: 400\">Im heutigen digitalen Zeitalter ben\u00f6tigen Organisationen eine solide Onlinepr\u00e4senz, um ihre Mission effektiv zu kommunizieren, ihr Publikum zu begeistern und ihre Ziele voranzutreiben. Mit unserem Foundation-Theme, einem der <strong>Foundation<\/strong> <\/span><b>Themes f\u00fcr Organisationen<\/b><span style=\"font-weight: 400\">, k\u00f6nnen Sie eine professionelle und wirkungsvolle Website erstellen, die die Werte, Projekte und Erfolge Ihrer Organisation pr\u00e4sentiert. In diesem Blogbeitrag werden die au\u00dfergew\u00f6hnlichen Funktionen und Vorteile von Foundation untersucht und wie es die Onlinepr\u00e4senz Ihrer Organisation verbessern kann.<\/span><\/p>\n<p><span style=\"font-weight: 400\">Foundation ist ein leistungsstarkes und vielseitiges Theme, das Organisationen dabei unterst\u00fctzt, eine professionelle und wirkungsvolle Onlinepr\u00e4senz zu erstellen. Mit seinem robusten Design, <\/span><b>WordPress Foundation Themes <\/b>f\u00fcr Organisationen <span style=\"font-weight: 400\">ansprechenden Inhaltsanzeige, nahtloser Integration und mobilfreundlichem Layout ist Foundation die ideale Wahl f\u00fcr Organisationen, die ihre Onlinepr\u00e4senz verbessern m\u00f6chten. Nutzen Sie die Leistungsf\u00e4higkeit von Foundation und erstellen Sie eine Website, die die Mission, die Werte und die Wirkung Ihres Unternehmens widerspiegelt und gleichzeitig Ihr Publikum effektiv einbindet und Ihre Ziele vorantreibt.<\/span><\/p>\n","protected":false},"excerpt":{"rendered":"<ul>\n<li>Leistungsstarker Seitenersteller<\/li>\n<li>Responsives Design<\/li>\n<li>SEO-optimiert<\/li>\n<li>Retina-f\u00e4hig<\/li>\n<li>WooCommerce-kompatibel<\/li>\n<li>Kundensupport<\/li>\n<\/ul>\n","protected":false},"featured_media":10449,"template":"","meta":{"_acf_changed":false,"inline_featured_image":false},"product_brand":[],"product_cat":[468],"product_tag":[587,588],"class_list":{"0":"post-10448","1":"product","2":"type-product","3":"status-publish","4":"has-post-thumbnail","6":"product_cat-best-seller-de","7":"product_tag-foundation-de","8":"product_tag-foundation-theme-de","10":"first","11":"instock","12":"sale","13":"downloadable","14":"taxable","15":"shipping-taxable","16":"purchasable","17":"product-type-simple"},"acf":[],"yoast_head":"<!-- This site is optimized with the Yoast SEO Premium plugin v22.1 (Yoast SEO v26.0) - https:\/\/yoast.com\/wordpress\/plugins\/seo\/ -->\n<title>WordPress Foundation-Themen | Foundation-WordPress-Vorlagen<\/title>\n<meta name=\"description\" content=\"Verbessern Sie die Online-Pr\u00e4senz Ihres Unternehmens mit den besten WordPress-Grundthemen f\u00fcr Unternehmen. Erstellen Sie eine professionelle und wirkungsvolle Website\" \/>\n<meta name=\"robots\" content=\"index, follow, max-snippet:-1, max-image-preview:large, max-video-preview:-1\" \/>\n<link rel=\"canonical\" href=\"https:\/\/themeholt.com\/de\/product\/stiftung\/\" \/>\n<meta property=\"og:locale\" content=\"de_DE\" \/>\n<meta property=\"og:type\" content=\"article\" \/>\n<meta property=\"og:title\" content=\"Stiftung\" \/>\n<meta property=\"og:description\" content=\"Verbessern Sie die Online-Pr\u00e4senz Ihres Unternehmens mit den besten WordPress-Grundthemen f\u00fcr Unternehmen. Erstellen Sie eine professionelle und wirkungsvolle Website\" \/>\n<meta property=\"og:url\" content=\"https:\/\/themeholt.com\/de\/product\/stiftung\/\" \/>\n<meta property=\"og:site_name\" content=\"ThemeHolt\" \/>\n<meta property=\"article:publisher\" content=\"https:\/\/www.facebook.com\/themeholtT\" \/>\n<meta property=\"article:modified_time\" content=\"2024-10-01T10:32:47+00:00\" \/>\n<meta property=\"og:image\" content=\"https:\/\/themeholt.com\/wp-content\/uploads\/2022\/04\/Best-Featured-Foundation-Theme.jpg\" \/>\n\t<meta property=\"og:image:width\" content=\"1300\" \/>\n\t<meta property=\"og:image:height\" content=\"1283\" \/>\n\t<meta property=\"og:image:type\" content=\"image\/jpeg\" \/>\n<meta name=\"twitter:card\" content=\"summary_large_image\" \/>\n<meta name=\"twitter:site\" content=\"@ThemeholtT\" \/>\n<meta name=\"twitter:label1\" content=\"Gesch\u00e4tzte Lesezeit\" \/>\n\t<meta name=\"twitter:data1\" content=\"1\u00a0Minute\" \/>\n<script type=\"application\/ld+json\" class=\"yoast-schema-graph\">{\"@context\":\"https:\/\/schema.org\",\"@graph\":[{\"@type\":\"WebPage\",\"@id\":\"https:\/\/themeholt.com\/de\/product\/stiftung\/\",\"url\":\"https:\/\/themeholt.com\/de\/product\/stiftung\/\",\"name\":\"WordPress Foundation-Themen | Foundation-WordPress-Vorlagen\",\"isPartOf\":{\"@id\":\"https:\/\/themeholt.com\/#website\"},\"primaryImageOfPage\":{\"@id\":\"https:\/\/themeholt.com\/de\/product\/stiftung\/#primaryimage\"},\"image\":{\"@id\":\"https:\/\/themeholt.com\/de\/product\/stiftung\/#primaryimage\"},\"thumbnailUrl\":\"https:\/\/themeholt.com\/wp-content\/uploads\/2022\/04\/Best-Featured-Foundation-Theme.jpg\",\"datePublished\":\"2022-04-21T19:28:39+00:00\",\"dateModified\":\"2024-10-01T10:32:47+00:00\",\"description\":\"Verbessern Sie die Online-Pr\u00e4senz Ihres Unternehmens mit den besten WordPress-Grundthemen f\u00fcr Unternehmen. Erstellen Sie eine professionelle und wirkungsvolle Website\",\"breadcrumb\":{\"@id\":\"https:\/\/themeholt.com\/de\/product\/stiftung\/#breadcrumb\"},\"inLanguage\":\"de\",\"potentialAction\":[{\"@type\":\"ReadAction\",\"target\":[\"https:\/\/themeholt.com\/de\/product\/stiftung\/\"]}]},{\"@type\":\"ImageObject\",\"inLanguage\":\"de\",\"@id\":\"https:\/\/themeholt.com\/de\/product\/stiftung\/#primaryimage\",\"url\":\"https:\/\/themeholt.com\/wp-content\/uploads\/2022\/04\/Best-Featured-Foundation-Theme.jpg\",\"contentUrl\":\"https:\/\/themeholt.com\/wp-content\/uploads\/2022\/04\/Best-Featured-Foundation-Theme.jpg\",\"width\":1300,\"height\":1283},{\"@type\":\"BreadcrumbList\",\"@id\":\"https:\/\/themeholt.com\/de\/product\/stiftung\/#breadcrumb\",\"itemListElement\":[{\"@type\":\"ListItem\",\"position\":1,\"name\":\"Home\",\"item\":\"https:\/\/themeholt.com\/de\/\"},{\"@type\":\"ListItem\",\"position\":2,\"name\":\"Shop\",\"item\":\"https:\/\/themeholt.com\/shop\/\"},{\"@type\":\"ListItem\",\"position\":3,\"name\":\"Stiftung\"}]},{\"@type\":\"WebSite\",\"@id\":\"https:\/\/themeholt.com\/#website\",\"url\":\"https:\/\/themeholt.com\/\",\"name\":\"ThemeHolt\",\"description\":\"Themeholt is a website that offers high-quality WordPress themes\",\"publisher\":{\"@id\":\"https:\/\/themeholt.com\/#organization\"},\"potentialAction\":[{\"@type\":\"SearchAction\",\"target\":{\"@type\":\"EntryPoint\",\"urlTemplate\":\"https:\/\/themeholt.com\/?s={search_term_string}\"},\"query-input\":{\"@type\":\"PropertyValueSpecification\",\"valueRequired\":true,\"valueName\":\"search_term_string\"}}],\"inLanguage\":\"de\"},{\"@type\":\"Organization\",\"@id\":\"https:\/\/themeholt.com\/#organization\",\"name\":\"ThemeHolt\",\"alternateName\":\"ThemeHolt\",\"url\":\"https:\/\/themeholt.com\/\",\"logo\":{\"@type\":\"ImageObject\",\"inLanguage\":\"de\",\"@id\":\"https:\/\/themeholt.com\/#\/schema\/logo\/image\/\",\"url\":\"https:\/\/themeholt.com\/wp-content\/uploads\/2024\/10\/themeholt.png\",\"contentUrl\":\"https:\/\/themeholt.com\/wp-content\/uploads\/2024\/10\/themeholt.png\",\"width\":225,\"height\":225,\"caption\":\"ThemeHolt\"},\"image\":{\"@id\":\"https:\/\/themeholt.com\/#\/schema\/logo\/image\/\"},\"sameAs\":[\"https:\/\/www.facebook.com\/themeholtT\",\"https:\/\/x.com\/ThemeholtT\",\"https:\/\/www.linkedin.com\/company\/themeholt\",\"https:\/\/www.instagram.com\/themeholtt\/\"],\"description\":\"Themeholt is a website that offers high-quality WordPress themes that are easy to use and ready for just about everything. In Eindhoven, Netherlands, since 2020 offering simple, accessible WordPress themes by providing a variety of requirements. Themeholt focuses on practicality and efficiency, allowing faster project completion with its superior marketplace and easy-to-use templates.\",\"legalName\":\"ThemeHolt\",\"foundingDate\":\"2022-11-10\",\"numberOfEmployees\":{\"@type\":\"QuantitativeValue\",\"minValue\":\"51\",\"maxValue\":\"200\"}}]}<\/script>\n<!-- \/ Yoast SEO Premium plugin. -->","yoast_head_json":{"title":"WordPress Foundation-Themen | Foundation-WordPress-Vorlagen","description":"Verbessern Sie die Online-Pr\u00e4senz Ihres Unternehmens mit den besten WordPress-Grundthemen f\u00fcr Unternehmen. Erstellen Sie eine professionelle und wirkungsvolle Website","robots":{"index":"index","follow":"follow","max-snippet":"max-snippet:-1","max-image-preview":"max-image-preview:large","max-video-preview":"max-video-preview:-1"},"canonical":"https:\/\/themeholt.com\/de\/product\/stiftung\/","og_locale":"de_DE","og_type":"article","og_title":"Stiftung","og_description":"Verbessern Sie die Online-Pr\u00e4senz Ihres Unternehmens mit den besten WordPress-Grundthemen f\u00fcr Unternehmen. Erstellen Sie eine professionelle und wirkungsvolle Website","og_url":"https:\/\/themeholt.com\/de\/product\/stiftung\/","og_site_name":"ThemeHolt","article_publisher":"https:\/\/www.facebook.com\/themeholtT","article_modified_time":"2024-10-01T10:32:47+00:00","og_image":[{"width":1300,"height":1283,"url":"https:\/\/themeholt.com\/wp-content\/uploads\/2022\/04\/Best-Featured-Foundation-Theme.jpg","type":"image\/jpeg"}],"twitter_card":"summary_large_image","twitter_site":"@ThemeholtT","twitter_misc":{"Gesch\u00e4tzte Lesezeit":"1\u00a0Minute"},"schema":{"@context":"https:\/\/schema.org","@graph":[{"@type":"WebPage","@id":"https:\/\/themeholt.com\/de\/product\/stiftung\/","url":"https:\/\/themeholt.com\/de\/product\/stiftung\/","name":"WordPress Foundation-Themen | Foundation-WordPress-Vorlagen","isPartOf":{"@id":"https:\/\/themeholt.com\/#website"},"primaryImageOfPage":{"@id":"https:\/\/themeholt.com\/de\/product\/stiftung\/#primaryimage"},"image":{"@id":"https:\/\/themeholt.com\/de\/product\/stiftung\/#primaryimage"},"thumbnailUrl":"https:\/\/themeholt.com\/wp-content\/uploads\/2022\/04\/Best-Featured-Foundation-Theme.jpg","datePublished":"2022-04-21T19:28:39+00:00","dateModified":"2024-10-01T10:32:47+00:00","description":"Verbessern Sie die Online-Pr\u00e4senz Ihres Unternehmens mit den besten WordPress-Grundthemen f\u00fcr Unternehmen. Erstellen Sie eine professionelle und wirkungsvolle Website","breadcrumb":{"@id":"https:\/\/themeholt.com\/de\/product\/stiftung\/#breadcrumb"},"inLanguage":"de","potentialAction":[{"@type":"ReadAction","target":["https:\/\/themeholt.com\/de\/product\/stiftung\/"]}]},{"@type":"ImageObject","inLanguage":"de","@id":"https:\/\/themeholt.com\/de\/product\/stiftung\/#primaryimage","url":"https:\/\/themeholt.com\/wp-content\/uploads\/2022\/04\/Best-Featured-Foundation-Theme.jpg","contentUrl":"https:\/\/themeholt.com\/wp-content\/uploads\/2022\/04\/Best-Featured-Foundation-Theme.jpg","width":1300,"height":1283},{"@type":"BreadcrumbList","@id":"https:\/\/themeholt.com\/de\/product\/stiftung\/#breadcrumb","itemListElement":[{"@type":"ListItem","position":1,"name":"Home","item":"https:\/\/themeholt.com\/de\/"},{"@type":"ListItem","position":2,"name":"Shop","item":"https:\/\/themeholt.com\/shop\/"},{"@type":"ListItem","position":3,"name":"Stiftung"}]},{"@type":"WebSite","@id":"https:\/\/themeholt.com\/#website","url":"https:\/\/themeholt.com\/","name":"ThemeHolt","description":"Themeholt is a website that offers high-quality WordPress themes","publisher":{"@id":"https:\/\/themeholt.com\/#organization"},"potentialAction":[{"@type":"SearchAction","target":{"@type":"EntryPoint","urlTemplate":"https:\/\/themeholt.com\/?s={search_term_string}"},"query-input":{"@type":"PropertyValueSpecification","valueRequired":true,"valueName":"search_term_string"}}],"inLanguage":"de"},{"@type":"Organization","@id":"https:\/\/themeholt.com\/#organization","name":"ThemeHolt","alternateName":"ThemeHolt","url":"https:\/\/themeholt.com\/","logo":{"@type":"ImageObject","inLanguage":"de","@id":"https:\/\/themeholt.com\/#\/schema\/logo\/image\/","url":"https:\/\/themeholt.com\/wp-content\/uploads\/2024\/10\/themeholt.png","contentUrl":"https:\/\/themeholt.com\/wp-content\/uploads\/2024\/10\/themeholt.png","width":225,"height":225,"caption":"ThemeHolt"},"image":{"@id":"https:\/\/themeholt.com\/#\/schema\/logo\/image\/"},"sameAs":["https:\/\/www.facebook.com\/themeholtT","https:\/\/x.com\/ThemeholtT","https:\/\/www.linkedin.com\/company\/themeholt","https:\/\/www.instagram.com\/themeholtt\/"],"description":"Themeholt is a website that offers high-quality WordPress themes that are easy to use and ready for just about everything. In Eindhoven, Netherlands, since 2020 offering simple, accessible WordPress themes by providing a variety of requirements. Themeholt focuses on practicality and efficiency, allowing faster project completion with its superior marketplace and easy-to-use templates.","legalName":"ThemeHolt","foundingDate":"2022-11-10","numberOfEmployees":{"@type":"QuantitativeValue","minValue":"51","maxValue":"200"}}]}},"_links":{"self":[{"href":"https:\/\/themeholt.com\/de\/wp-json\/wp\/v2\/product\/10448","targetHints":{"allow":["GET"]}}],"collection":[{"href":"https:\/\/themeholt.com\/de\/wp-json\/wp\/v2\/product"}],"about":[{"href":"https:\/\/themeholt.com\/de\/wp-json\/wp\/v2\/types\/product"}],"wp:featuredmedia":[{"embeddable":true,"href":"https:\/\/themeholt.com\/de\/wp-json\/wp\/v2\/media\/10449"}],"wp:attachment":[{"href":"https:\/\/themeholt.com\/de\/wp-json\/wp\/v2\/media?parent=10448"}],"wp:term":[{"taxonomy":"product_brand","embeddable":true,"href":"https:\/\/themeholt.com\/de\/wp-json\/wp\/v2\/product_brand?post=10448"},{"taxonomy":"product_cat","embeddable":true,"href":"https:\/\/themeholt.com\/de\/wp-json\/wp\/v2\/product_cat?post=10448"},{"taxonomy":"product_tag","embeddable":true,"href":"https:\/\/themeholt.com\/de\/wp-json\/wp\/v2\/product_tag?post=10448"}],"curies":[{"name":"wp","href":"https:\/\/api.w.org\/{rel}","templated":true}]}}