{"id":9155,"date":"2024-04-01T05:20:34","date_gmt":"2024-04-01T05:20:34","guid":{"rendered":"https:\/\/themeholt.com\/product\/appik-responsive-app-muse-template\/"},"modified":"2024-09-25T11:01:38","modified_gmt":"2024-09-25T11:01:38","slug":"appik-responsive-app-muse-vorlage","status":"publish","type":"product","link":"https:\/\/themeholt.com\/de\/product\/appik-responsive-app-muse-vorlage\/","title":{"rendered":"Appik \u2013 Responsive App Muse-Vorlage"},"content":{"rendered":"<p><span style=\"font-weight: 400\">Das moderne und stilvolle Appik &#8211; Responsive App Muse Template wurde speziell f\u00fcr die Anzeige mobiler Anwendungen entwickelt. Dank des responsiven Designs sieht Ihre App auf jedem Ger\u00e4t fantastisch aus, von Smartphones \u00fcber Tablets bis hin zu Desktops. Dank des einfachen Layouts, der lebendigen Farben und der einfachen Navigation des Templates k\u00f6nnen Benutzer die Features und Funktionen Ihrer App ganz einfach kennenlernen.\u00a0<\/span><\/p>\n<p><span style=\"font-weight: 400\">Appik bietet den idealen Ort, um die Alleinstellungsmerkmale Ihrer App zu pr\u00e4sentieren und neue Kunden zu gewinnen, unabh\u00e4ngig davon, ob Sie f\u00fcr eine neue Social-Media-Plattform, ein Produktivit\u00e4tstool oder Gaming-Software werben.<\/span><\/p>\n","protected":false},"excerpt":{"rendered":"<ul>\n<li style=\"font-weight: 400\"><span style=\"font-weight: 400\">Modernes Design<\/span><\/li>\n<li style=\"font-weight: 400\"><span style=\"font-weight: 400\">Mobile Reaktionsf\u00e4higkeit<\/span><\/li>\n<li style=\"font-weight: 400\"><span style=\"font-weight: 400\">Anpassungsoptionen<\/span><\/li>\n<li style=\"font-weight: 400\"><span style=\"font-weight: 400\">Integrationsfunktionen<\/span><\/li>\n<li style=\"font-weight: 400\"><span style=\"font-weight: 400\">SEO-freundlich<\/span><\/li>\n<li style=\"font-weight: 400\"><span style=\"font-weight: 400\">Kundenservice<\/span><\/li>\n<li style=\"font-weight: 400\"><span style=\"font-weight: 400\">Vielseitigkeit<\/span><\/li>\n<li style=\"font-weight: 400\"><span style=\"font-weight: 400\">Funktionen zur Lead-Generierung<\/span><\/li>\n<\/ul>\n","protected":false},"featured_media":9157,"template":"","meta":{"_acf_changed":false,"inline_featured_image":false},"product_brand":[],"product_cat":[370],"product_tag":[],"class_list":{"0":"post-9155","1":"product","2":"type-product","3":"status-publish","4":"has-post-thumbnail","6":"product_cat-landing-pages-de","8":"first","9":"instock","10":"sale","11":"downloadable","12":"taxable","13":"shipping-taxable","14":"purchasable","15":"product-type-simple"},"acf":[],"yoast_head":"<!-- This site is optimized with the Yoast SEO Premium plugin v22.1 (Yoast SEO v26.0) - https:\/\/yoast.com\/wordpress\/plugins\/seo\/ -->\n<title>WordPress-Themes | Responsive App-Vorlage<\/title>\n<meta name=\"description\" content=\"Holen Sie sich die responsive App-Vorlage f\u00fcr einen trendigen, modernen Look. Sie ist einfach zu verwenden, anpassbar und perfekt f\u00fcr die Erstellung professioneller Websites. Jetzt kaufen!\" \/>\n<meta name=\"robots\" content=\"index, follow, max-snippet:-1, max-image-preview:large, max-video-preview:-1\" \/>\n<link rel=\"canonical\" href=\"https:\/\/themeholt.com\/de\/product\/appik-responsive-app-muse-vorlage\/\" \/>\n<meta property=\"og:locale\" content=\"de_DE\" \/>\n<meta property=\"og:type\" content=\"article\" \/>\n<meta property=\"og:title\" content=\"Appik \u2013 Responsive App Muse-Vorlage\" \/>\n<meta property=\"og:description\" content=\"Holen Sie sich die responsive App-Vorlage f\u00fcr einen trendigen, modernen Look. Sie ist einfach zu verwenden, anpassbar und perfekt f\u00fcr die Erstellung professioneller Websites. Jetzt kaufen!\" \/>\n<meta property=\"og:url\" content=\"https:\/\/themeholt.com\/de\/product\/appik-responsive-app-muse-vorlage\/\" \/>\n<meta property=\"og:site_name\" content=\"ThemeHolt\" \/>\n<meta property=\"article:publisher\" content=\"https:\/\/www.facebook.com\/themeholtT\" \/>\n<meta property=\"article:modified_time\" content=\"2024-09-25T11:01:38+00:00\" \/>\n<meta property=\"og:image\" content=\"https:\/\/themeholt.com\/wp-content\/uploads\/2024\/04\/Home.png\" \/>\n\t<meta property=\"og:image:width\" content=\"1358\" \/>\n\t<meta property=\"og:image:height\" content=\"1125\" \/>\n\t<meta property=\"og:image:type\" content=\"image\/png\" \/>\n<meta name=\"twitter:card\" content=\"summary_large_image\" \/>\n<meta name=\"twitter:site\" content=\"@ThemeholtT\" \/>\n<meta name=\"twitter:label1\" content=\"Gesch\u00e4tzte Lesezeit\" \/>\n\t<meta name=\"twitter:data1\" content=\"1\u00a0Minute\" \/>\n<script type=\"application\/ld+json\" class=\"yoast-schema-graph\">{\"@context\":\"https:\/\/schema.org\",\"@graph\":[{\"@type\":\"WebPage\",\"@id\":\"https:\/\/themeholt.com\/de\/product\/appik-responsive-app-muse-vorlage\/\",\"url\":\"https:\/\/themeholt.com\/de\/product\/appik-responsive-app-muse-vorlage\/\",\"name\":\"WordPress-Themes | Responsive App-Vorlage\",\"isPartOf\":{\"@id\":\"https:\/\/themeholt.com\/#website\"},\"primaryImageOfPage\":{\"@id\":\"https:\/\/themeholt.com\/de\/product\/appik-responsive-app-muse-vorlage\/#primaryimage\"},\"image\":{\"@id\":\"https:\/\/themeholt.com\/de\/product\/appik-responsive-app-muse-vorlage\/#primaryimage\"},\"thumbnailUrl\":\"https:\/\/themeholt.com\/wp-content\/uploads\/2024\/04\/Home.png\",\"datePublished\":\"2024-04-01T05:20:34+00:00\",\"dateModified\":\"2024-09-25T11:01:38+00:00\",\"description\":\"Holen Sie sich die responsive App-Vorlage f\u00fcr einen trendigen, modernen Look. Sie ist einfach zu verwenden, anpassbar und perfekt f\u00fcr die Erstellung professioneller Websites. Jetzt kaufen!\",\"breadcrumb\":{\"@id\":\"https:\/\/themeholt.com\/de\/product\/appik-responsive-app-muse-vorlage\/#breadcrumb\"},\"inLanguage\":\"de\",\"potentialAction\":[{\"@type\":\"ReadAction\",\"target\":[\"https:\/\/themeholt.com\/de\/product\/appik-responsive-app-muse-vorlage\/\"]}]},{\"@type\":\"ImageObject\",\"inLanguage\":\"de\",\"@id\":\"https:\/\/themeholt.com\/de\/product\/appik-responsive-app-muse-vorlage\/#primaryimage\",\"url\":\"https:\/\/themeholt.com\/wp-content\/uploads\/2024\/04\/Home.png\",\"contentUrl\":\"https:\/\/themeholt.com\/wp-content\/uploads\/2024\/04\/Home.png\",\"width\":1358,\"height\":1125},{\"@type\":\"BreadcrumbList\",\"@id\":\"https:\/\/themeholt.com\/de\/product\/appik-responsive-app-muse-vorlage\/#breadcrumb\",\"itemListElement\":[{\"@type\":\"ListItem\",\"position\":1,\"name\":\"Home\",\"item\":\"https:\/\/themeholt.com\/de\/\"},{\"@type\":\"ListItem\",\"position\":2,\"name\":\"Shop\",\"item\":\"https:\/\/themeholt.com\/shop\/\"},{\"@type\":\"ListItem\",\"position\":3,\"name\":\"Appik \u2013 Responsive App Muse-Vorlage\"}]},{\"@type\":\"WebSite\",\"@id\":\"https:\/\/themeholt.com\/#website\",\"url\":\"https:\/\/themeholt.com\/\",\"name\":\"ThemeHolt\",\"description\":\"Themeholt is a website that offers high-quality WordPress themes\",\"publisher\":{\"@id\":\"https:\/\/themeholt.com\/#organization\"},\"potentialAction\":[{\"@type\":\"SearchAction\",\"target\":{\"@type\":\"EntryPoint\",\"urlTemplate\":\"https:\/\/themeholt.com\/?s={search_term_string}\"},\"query-input\":{\"@type\":\"PropertyValueSpecification\",\"valueRequired\":true,\"valueName\":\"search_term_string\"}}],\"inLanguage\":\"de\"},{\"@type\":\"Organization\",\"@id\":\"https:\/\/themeholt.com\/#organization\",\"name\":\"ThemeHolt\",\"alternateName\":\"ThemeHolt\",\"url\":\"https:\/\/themeholt.com\/\",\"logo\":{\"@type\":\"ImageObject\",\"inLanguage\":\"de\",\"@id\":\"https:\/\/themeholt.com\/#\/schema\/logo\/image\/\",\"url\":\"https:\/\/themeholt.com\/wp-content\/uploads\/2024\/10\/themeholt.png\",\"contentUrl\":\"https:\/\/themeholt.com\/wp-content\/uploads\/2024\/10\/themeholt.png\",\"width\":225,\"height\":225,\"caption\":\"ThemeHolt\"},\"image\":{\"@id\":\"https:\/\/themeholt.com\/#\/schema\/logo\/image\/\"},\"sameAs\":[\"https:\/\/www.facebook.com\/themeholtT\",\"https:\/\/x.com\/ThemeholtT\",\"https:\/\/www.linkedin.com\/company\/themeholt\",\"https:\/\/www.instagram.com\/themeholtt\/\"],\"description\":\"Themeholt is a website that offers high-quality WordPress themes that are easy to use and ready for just about everything. In Eindhoven, Netherlands, since 2020 offering simple, accessible WordPress themes by providing a variety of requirements. Themeholt focuses on practicality and efficiency, allowing faster project completion with its superior marketplace and easy-to-use templates.\",\"legalName\":\"ThemeHolt\",\"foundingDate\":\"2022-11-10\",\"numberOfEmployees\":{\"@type\":\"QuantitativeValue\",\"minValue\":\"51\",\"maxValue\":\"200\"}}]}<\/script>\n<!-- \/ Yoast SEO Premium plugin. -->","yoast_head_json":{"title":"WordPress-Themes | Responsive App-Vorlage","description":"Holen Sie sich die responsive App-Vorlage f\u00fcr einen trendigen, modernen Look. Sie ist einfach zu verwenden, anpassbar und perfekt f\u00fcr die Erstellung professioneller Websites. Jetzt kaufen!","robots":{"index":"index","follow":"follow","max-snippet":"max-snippet:-1","max-image-preview":"max-image-preview:large","max-video-preview":"max-video-preview:-1"},"canonical":"https:\/\/themeholt.com\/de\/product\/appik-responsive-app-muse-vorlage\/","og_locale":"de_DE","og_type":"article","og_title":"Appik \u2013 Responsive App Muse-Vorlage","og_description":"Holen Sie sich die responsive App-Vorlage f\u00fcr einen trendigen, modernen Look. Sie ist einfach zu verwenden, anpassbar und perfekt f\u00fcr die Erstellung professioneller Websites. Jetzt kaufen!","og_url":"https:\/\/themeholt.com\/de\/product\/appik-responsive-app-muse-vorlage\/","og_site_name":"ThemeHolt","article_publisher":"https:\/\/www.facebook.com\/themeholtT","article_modified_time":"2024-09-25T11:01:38+00:00","og_image":[{"width":1358,"height":1125,"url":"https:\/\/themeholt.com\/wp-content\/uploads\/2024\/04\/Home.png","type":"image\/png"}],"twitter_card":"summary_large_image","twitter_site":"@ThemeholtT","twitter_misc":{"Gesch\u00e4tzte Lesezeit":"1\u00a0Minute"},"schema":{"@context":"https:\/\/schema.org","@graph":[{"@type":"WebPage","@id":"https:\/\/themeholt.com\/de\/product\/appik-responsive-app-muse-vorlage\/","url":"https:\/\/themeholt.com\/de\/product\/appik-responsive-app-muse-vorlage\/","name":"WordPress-Themes | Responsive App-Vorlage","isPartOf":{"@id":"https:\/\/themeholt.com\/#website"},"primaryImageOfPage":{"@id":"https:\/\/themeholt.com\/de\/product\/appik-responsive-app-muse-vorlage\/#primaryimage"},"image":{"@id":"https:\/\/themeholt.com\/de\/product\/appik-responsive-app-muse-vorlage\/#primaryimage"},"thumbnailUrl":"https:\/\/themeholt.com\/wp-content\/uploads\/2024\/04\/Home.png","datePublished":"2024-04-01T05:20:34+00:00","dateModified":"2024-09-25T11:01:38+00:00","description":"Holen Sie sich die responsive App-Vorlage f\u00fcr einen trendigen, modernen Look. Sie ist einfach zu verwenden, anpassbar und perfekt f\u00fcr die Erstellung professioneller Websites. Jetzt kaufen!","breadcrumb":{"@id":"https:\/\/themeholt.com\/de\/product\/appik-responsive-app-muse-vorlage\/#breadcrumb"},"inLanguage":"de","potentialAction":[{"@type":"ReadAction","target":["https:\/\/themeholt.com\/de\/product\/appik-responsive-app-muse-vorlage\/"]}]},{"@type":"ImageObject","inLanguage":"de","@id":"https:\/\/themeholt.com\/de\/product\/appik-responsive-app-muse-vorlage\/#primaryimage","url":"https:\/\/themeholt.com\/wp-content\/uploads\/2024\/04\/Home.png","contentUrl":"https:\/\/themeholt.com\/wp-content\/uploads\/2024\/04\/Home.png","width":1358,"height":1125},{"@type":"BreadcrumbList","@id":"https:\/\/themeholt.com\/de\/product\/appik-responsive-app-muse-vorlage\/#breadcrumb","itemListElement":[{"@type":"ListItem","position":1,"name":"Home","item":"https:\/\/themeholt.com\/de\/"},{"@type":"ListItem","position":2,"name":"Shop","item":"https:\/\/themeholt.com\/shop\/"},{"@type":"ListItem","position":3,"name":"Appik \u2013 Responsive App Muse-Vorlage"}]},{"@type":"WebSite","@id":"https:\/\/themeholt.com\/#website","url":"https:\/\/themeholt.com\/","name":"ThemeHolt","description":"Themeholt is a website that offers high-quality WordPress themes","publisher":{"@id":"https:\/\/themeholt.com\/#organization"},"potentialAction":[{"@type":"SearchAction","target":{"@type":"EntryPoint","urlTemplate":"https:\/\/themeholt.com\/?s={search_term_string}"},"query-input":{"@type":"PropertyValueSpecification","valueRequired":true,"valueName":"search_term_string"}}],"inLanguage":"de"},{"@type":"Organization","@id":"https:\/\/themeholt.com\/#organization","name":"ThemeHolt","alternateName":"ThemeHolt","url":"https:\/\/themeholt.com\/","logo":{"@type":"ImageObject","inLanguage":"de","@id":"https:\/\/themeholt.com\/#\/schema\/logo\/image\/","url":"https:\/\/themeholt.com\/wp-content\/uploads\/2024\/10\/themeholt.png","contentUrl":"https:\/\/themeholt.com\/wp-content\/uploads\/2024\/10\/themeholt.png","width":225,"height":225,"caption":"ThemeHolt"},"image":{"@id":"https:\/\/themeholt.com\/#\/schema\/logo\/image\/"},"sameAs":["https:\/\/www.facebook.com\/themeholtT","https:\/\/x.com\/ThemeholtT","https:\/\/www.linkedin.com\/company\/themeholt","https:\/\/www.instagram.com\/themeholtt\/"],"description":"Themeholt is a website that offers high-quality WordPress themes that are easy to use and ready for just about everything. In Eindhoven, Netherlands, since 2020 offering simple, accessible WordPress themes by providing a variety of requirements. Themeholt focuses on practicality and efficiency, allowing faster project completion with its superior marketplace and easy-to-use templates.","legalName":"ThemeHolt","foundingDate":"2022-11-10","numberOfEmployees":{"@type":"QuantitativeValue","minValue":"51","maxValue":"200"}}]}},"_links":{"self":[{"href":"https:\/\/themeholt.com\/de\/wp-json\/wp\/v2\/product\/9155","targetHints":{"allow":["GET"]}}],"collection":[{"href":"https:\/\/themeholt.com\/de\/wp-json\/wp\/v2\/product"}],"about":[{"href":"https:\/\/themeholt.com\/de\/wp-json\/wp\/v2\/types\/product"}],"wp:featuredmedia":[{"embeddable":true,"href":"https:\/\/themeholt.com\/de\/wp-json\/wp\/v2\/media\/9157"}],"wp:attachment":[{"href":"https:\/\/themeholt.com\/de\/wp-json\/wp\/v2\/media?parent=9155"}],"wp:term":[{"taxonomy":"product_brand","embeddable":true,"href":"https:\/\/themeholt.com\/de\/wp-json\/wp\/v2\/product_brand?post=9155"},{"taxonomy":"product_cat","embeddable":true,"href":"https:\/\/themeholt.com\/de\/wp-json\/wp\/v2\/product_cat?post=9155"},{"taxonomy":"product_tag","embeddable":true,"href":"https:\/\/themeholt.com\/de\/wp-json\/wp\/v2\/product_tag?post=9155"}],"curies":[{"name":"wp","href":"https:\/\/api.w.org\/{rel}","templated":true}]}}