{"id":9167,"date":"2024-04-01T05:13:35","date_gmt":"2024-04-01T05:13:35","guid":{"rendered":"https:\/\/themeholt.com\/product\/foodera-unbounce-food-landing-page-template\/"},"modified":"2024-09-25T11:01:55","modified_gmt":"2024-09-25T11:01:55","slug":"foodera-unbounce-landingpage-vorlage-fuer-lebensmittel","status":"publish","type":"product","link":"https:\/\/themeholt.com\/de\/product\/foodera-unbounce-landingpage-vorlage-fuer-lebensmittel\/","title":{"rendered":"Foodera \u2013 Unbounce-Landingpage-Vorlage f\u00fcr Lebensmittel"},"content":{"rendered":"<p><span style=\"font-weight: 400\">Die Foodera Unbounce Food Landing Page-Vorlage ist eine moderne und effektive M\u00f6glichkeit, Unternehmen hervorzuheben, die mit Lebensmitteln zu tun haben. Dank des innovativen und ansprechenden Designs wird Ihre Website auf allen Bildschirmen, einschlie\u00dflich Desktops und Mobiltelefonen, gro\u00dfartig aussehen. Sie k\u00f6nnen Ihre Angebote einfach pr\u00e4sentieren und potenzielle Kunden mit Bereichen f\u00fcr Erfahrungsberichte, Kontaktformulare und Men\u00fcs ansprechen, die alle individuell angepasst sind. Egal, ob sie nach dem Men\u00fc Ihres Restaurants suchen oder eine Online-Reservierung vornehmen m\u00f6chten, Besucher k\u00f6nnen die ben\u00f6tigten Informationen leicht finden.\u00a0<\/span><\/p>\n<p><span style=\"font-weight: 400\">Dank der klaren Struktur und der einfachen Navigation der Vorlage wurde Foodera sowohl hinsichtlich der Geschwindigkeit als auch der Suchmaschinenoptimierung angepasst. Dies tr\u00e4gt dazu bei, dass Ihre Website in den Suchmaschinenergebnissen h\u00f6her eingestuft wird und Besuchern ein einfaches Surferlebnis geboten wird.<\/span><\/p>\n","protected":false},"excerpt":{"rendered":"<ul>\n<li style=\"font-weight: 400\"><span style=\"font-weight: 400\">Modernes Design<\/span><\/li>\n<li style=\"font-weight: 400\"><span style=\"font-weight: 400\">Mobile Reaktionsf\u00e4higkeit<\/span><\/li>\n<li style=\"font-weight: 400\"><span style=\"font-weight: 400\">Anpassungsoptionen<\/span><\/li>\n<li style=\"font-weight: 400\"><span style=\"font-weight: 400\">Integrationsfunktionen<\/span><\/li>\n<li style=\"font-weight: 400\"><span style=\"font-weight: 400\">SEO-freundlich<\/span><\/li>\n<li style=\"font-weight: 400\"><span style=\"font-weight: 400\">Kundenservice<\/span><\/li>\n<li style=\"font-weight: 400\"><span style=\"font-weight: 400\">Funktionen zur Lead-Generierung<\/span><\/li>\n<\/ul>\n","protected":false},"featured_media":9169,"template":"","meta":{"_acf_changed":false,"inline_featured_image":false},"product_brand":[],"product_cat":[370],"product_tag":[],"class_list":{"0":"post-9167","1":"product","2":"type-product","3":"status-publish","4":"has-post-thumbnail","6":"product_cat-landing-pages-de","8":"first","9":"instock","10":"sale","11":"downloadable","12":"taxable","13":"shipping-taxable","14":"purchasable","15":"product-type-simple"},"acf":[],"yoast_head":"<!-- This site is optimized with the Yoast SEO Premium plugin v22.1 (Yoast SEO v26.0) - https:\/\/yoast.com\/wordpress\/plugins\/seo\/ -->\n<title>Landingpage-Vorlage f\u00fcr Lebensmittel | Themeholt<\/title>\n<meta name=\"description\" content=\"Erstellen Sie ganz einfach eine Website mit unserer Landingpage-Vorlage f\u00fcr Lebensmittel. Pr\u00e4sentieren Sie Ihre Gerichte auf ansprechende Weise. Anpassbares und ansprechendes Design f\u00fcr Ihr Lebensmittelgesch\u00e4ft.\" \/>\n<meta name=\"robots\" content=\"index, follow, max-snippet:-1, max-image-preview:large, max-video-preview:-1\" \/>\n<link rel=\"canonical\" href=\"https:\/\/themeholt.com\/de\/product\/foodera-unbounce-landingpage-vorlage-fuer-lebensmittel\/\" \/>\n<meta property=\"og:locale\" content=\"de_DE\" \/>\n<meta property=\"og:type\" content=\"article\" \/>\n<meta property=\"og:title\" content=\"Foodera \u2013 Unbounce-Landingpage-Vorlage f\u00fcr Lebensmittel\" \/>\n<meta property=\"og:description\" content=\"Erstellen Sie ganz einfach eine Website mit unserer Landingpage-Vorlage f\u00fcr Lebensmittel. Pr\u00e4sentieren Sie Ihre Gerichte auf ansprechende Weise. Anpassbares und ansprechendes Design f\u00fcr Ihr Lebensmittelgesch\u00e4ft.\" \/>\n<meta property=\"og:url\" content=\"https:\/\/themeholt.com\/de\/product\/foodera-unbounce-landingpage-vorlage-fuer-lebensmittel\/\" \/>\n<meta property=\"og:site_name\" content=\"ThemeHolt\" \/>\n<meta property=\"article:publisher\" content=\"https:\/\/www.facebook.com\/themeholtT\" \/>\n<meta property=\"article:modified_time\" content=\"2024-09-25T11:01:55+00:00\" \/>\n<meta property=\"og:image\" content=\"https:\/\/themeholt.com\/wp-content\/uploads\/2024\/04\/unbouncepages-com-foodera-storefront-envato-elements.png\" \/>\n\t<meta property=\"og:image:width\" content=\"1365\" \/>\n\t<meta property=\"og:image:height\" content=\"851\" \/>\n\t<meta property=\"og:image:type\" content=\"image\/png\" \/>\n<meta name=\"twitter:card\" content=\"summary_large_image\" \/>\n<meta name=\"twitter:site\" content=\"@ThemeholtT\" \/>\n<meta name=\"twitter:label1\" content=\"Gesch\u00e4tzte Lesezeit\" \/>\n\t<meta name=\"twitter:data1\" content=\"1\u00a0Minute\" \/>\n<script type=\"application\/ld+json\" class=\"yoast-schema-graph\">{\"@context\":\"https:\/\/schema.org\",\"@graph\":[{\"@type\":\"WebPage\",\"@id\":\"https:\/\/themeholt.com\/de\/product\/foodera-unbounce-landingpage-vorlage-fuer-lebensmittel\/\",\"url\":\"https:\/\/themeholt.com\/de\/product\/foodera-unbounce-landingpage-vorlage-fuer-lebensmittel\/\",\"name\":\"Landingpage-Vorlage f\u00fcr Lebensmittel | Themeholt\",\"isPartOf\":{\"@id\":\"https:\/\/themeholt.com\/#website\"},\"primaryImageOfPage\":{\"@id\":\"https:\/\/themeholt.com\/de\/product\/foodera-unbounce-landingpage-vorlage-fuer-lebensmittel\/#primaryimage\"},\"image\":{\"@id\":\"https:\/\/themeholt.com\/de\/product\/foodera-unbounce-landingpage-vorlage-fuer-lebensmittel\/#primaryimage\"},\"thumbnailUrl\":\"https:\/\/themeholt.com\/wp-content\/uploads\/2024\/04\/unbouncepages-com-foodera-storefront-envato-elements.png\",\"datePublished\":\"2024-04-01T05:13:35+00:00\",\"dateModified\":\"2024-09-25T11:01:55+00:00\",\"description\":\"Erstellen Sie ganz einfach eine Website mit unserer Landingpage-Vorlage f\u00fcr Lebensmittel. Pr\u00e4sentieren Sie Ihre Gerichte auf ansprechende Weise. Anpassbares und ansprechendes Design f\u00fcr Ihr Lebensmittelgesch\u00e4ft.\",\"breadcrumb\":{\"@id\":\"https:\/\/themeholt.com\/de\/product\/foodera-unbounce-landingpage-vorlage-fuer-lebensmittel\/#breadcrumb\"},\"inLanguage\":\"de\",\"potentialAction\":[{\"@type\":\"ReadAction\",\"target\":[\"https:\/\/themeholt.com\/de\/product\/foodera-unbounce-landingpage-vorlage-fuer-lebensmittel\/\"]}]},{\"@type\":\"ImageObject\",\"inLanguage\":\"de\",\"@id\":\"https:\/\/themeholt.com\/de\/product\/foodera-unbounce-landingpage-vorlage-fuer-lebensmittel\/#primaryimage\",\"url\":\"https:\/\/themeholt.com\/wp-content\/uploads\/2024\/04\/unbouncepages-com-foodera-storefront-envato-elements.png\",\"contentUrl\":\"https:\/\/themeholt.com\/wp-content\/uploads\/2024\/04\/unbouncepages-com-foodera-storefront-envato-elements.png\",\"width\":1365,\"height\":851},{\"@type\":\"BreadcrumbList\",\"@id\":\"https:\/\/themeholt.com\/de\/product\/foodera-unbounce-landingpage-vorlage-fuer-lebensmittel\/#breadcrumb\",\"itemListElement\":[{\"@type\":\"ListItem\",\"position\":1,\"name\":\"Home\",\"item\":\"https:\/\/themeholt.com\/de\/\"},{\"@type\":\"ListItem\",\"position\":2,\"name\":\"Shop\",\"item\":\"https:\/\/themeholt.com\/shop\/\"},{\"@type\":\"ListItem\",\"position\":3,\"name\":\"Foodera \u2013 Unbounce-Landingpage-Vorlage f\u00fcr Lebensmittel\"}]},{\"@type\":\"WebSite\",\"@id\":\"https:\/\/themeholt.com\/#website\",\"url\":\"https:\/\/themeholt.com\/\",\"name\":\"ThemeHolt\",\"description\":\"Themeholt is a website that offers high-quality WordPress themes\",\"publisher\":{\"@id\":\"https:\/\/themeholt.com\/#organization\"},\"potentialAction\":[{\"@type\":\"SearchAction\",\"target\":{\"@type\":\"EntryPoint\",\"urlTemplate\":\"https:\/\/themeholt.com\/?s={search_term_string}\"},\"query-input\":{\"@type\":\"PropertyValueSpecification\",\"valueRequired\":true,\"valueName\":\"search_term_string\"}}],\"inLanguage\":\"de\"},{\"@type\":\"Organization\",\"@id\":\"https:\/\/themeholt.com\/#organization\",\"name\":\"ThemeHolt\",\"alternateName\":\"ThemeHolt\",\"url\":\"https:\/\/themeholt.com\/\",\"logo\":{\"@type\":\"ImageObject\",\"inLanguage\":\"de\",\"@id\":\"https:\/\/themeholt.com\/#\/schema\/logo\/image\/\",\"url\":\"https:\/\/themeholt.com\/wp-content\/uploads\/2024\/10\/themeholt.png\",\"contentUrl\":\"https:\/\/themeholt.com\/wp-content\/uploads\/2024\/10\/themeholt.png\",\"width\":225,\"height\":225,\"caption\":\"ThemeHolt\"},\"image\":{\"@id\":\"https:\/\/themeholt.com\/#\/schema\/logo\/image\/\"},\"sameAs\":[\"https:\/\/www.facebook.com\/themeholtT\",\"https:\/\/x.com\/ThemeholtT\",\"https:\/\/www.linkedin.com\/company\/themeholt\",\"https:\/\/www.instagram.com\/themeholtt\/\"],\"description\":\"Themeholt is a website that offers high-quality WordPress themes that are easy to use and ready for just about everything. In Eindhoven, Netherlands, since 2020 offering simple, accessible WordPress themes by providing a variety of requirements. Themeholt focuses on practicality and efficiency, allowing faster project completion with its superior marketplace and easy-to-use templates.\",\"legalName\":\"ThemeHolt\",\"foundingDate\":\"2022-11-10\",\"numberOfEmployees\":{\"@type\":\"QuantitativeValue\",\"minValue\":\"51\",\"maxValue\":\"200\"}}]}<\/script>\n<!-- \/ Yoast SEO Premium plugin. -->","yoast_head_json":{"title":"Landingpage-Vorlage f\u00fcr Lebensmittel | Themeholt","description":"Erstellen Sie ganz einfach eine Website mit unserer Landingpage-Vorlage f\u00fcr Lebensmittel. Pr\u00e4sentieren Sie Ihre Gerichte auf ansprechende Weise. Anpassbares und ansprechendes Design f\u00fcr Ihr Lebensmittelgesch\u00e4ft.","robots":{"index":"index","follow":"follow","max-snippet":"max-snippet:-1","max-image-preview":"max-image-preview:large","max-video-preview":"max-video-preview:-1"},"canonical":"https:\/\/themeholt.com\/de\/product\/foodera-unbounce-landingpage-vorlage-fuer-lebensmittel\/","og_locale":"de_DE","og_type":"article","og_title":"Foodera \u2013 Unbounce-Landingpage-Vorlage f\u00fcr Lebensmittel","og_description":"Erstellen Sie ganz einfach eine Website mit unserer Landingpage-Vorlage f\u00fcr Lebensmittel. Pr\u00e4sentieren Sie Ihre Gerichte auf ansprechende Weise. Anpassbares und ansprechendes Design f\u00fcr Ihr Lebensmittelgesch\u00e4ft.","og_url":"https:\/\/themeholt.com\/de\/product\/foodera-unbounce-landingpage-vorlage-fuer-lebensmittel\/","og_site_name":"ThemeHolt","article_publisher":"https:\/\/www.facebook.com\/themeholtT","article_modified_time":"2024-09-25T11:01:55+00:00","og_image":[{"width":1365,"height":851,"url":"https:\/\/themeholt.com\/wp-content\/uploads\/2024\/04\/unbouncepages-com-foodera-storefront-envato-elements.png","type":"image\/png"}],"twitter_card":"summary_large_image","twitter_site":"@ThemeholtT","twitter_misc":{"Gesch\u00e4tzte Lesezeit":"1\u00a0Minute"},"schema":{"@context":"https:\/\/schema.org","@graph":[{"@type":"WebPage","@id":"https:\/\/themeholt.com\/de\/product\/foodera-unbounce-landingpage-vorlage-fuer-lebensmittel\/","url":"https:\/\/themeholt.com\/de\/product\/foodera-unbounce-landingpage-vorlage-fuer-lebensmittel\/","name":"Landingpage-Vorlage f\u00fcr Lebensmittel | Themeholt","isPartOf":{"@id":"https:\/\/themeholt.com\/#website"},"primaryImageOfPage":{"@id":"https:\/\/themeholt.com\/de\/product\/foodera-unbounce-landingpage-vorlage-fuer-lebensmittel\/#primaryimage"},"image":{"@id":"https:\/\/themeholt.com\/de\/product\/foodera-unbounce-landingpage-vorlage-fuer-lebensmittel\/#primaryimage"},"thumbnailUrl":"https:\/\/themeholt.com\/wp-content\/uploads\/2024\/04\/unbouncepages-com-foodera-storefront-envato-elements.png","datePublished":"2024-04-01T05:13:35+00:00","dateModified":"2024-09-25T11:01:55+00:00","description":"Erstellen Sie ganz einfach eine Website mit unserer Landingpage-Vorlage f\u00fcr Lebensmittel. Pr\u00e4sentieren Sie Ihre Gerichte auf ansprechende Weise. Anpassbares und ansprechendes Design f\u00fcr Ihr Lebensmittelgesch\u00e4ft.","breadcrumb":{"@id":"https:\/\/themeholt.com\/de\/product\/foodera-unbounce-landingpage-vorlage-fuer-lebensmittel\/#breadcrumb"},"inLanguage":"de","potentialAction":[{"@type":"ReadAction","target":["https:\/\/themeholt.com\/de\/product\/foodera-unbounce-landingpage-vorlage-fuer-lebensmittel\/"]}]},{"@type":"ImageObject","inLanguage":"de","@id":"https:\/\/themeholt.com\/de\/product\/foodera-unbounce-landingpage-vorlage-fuer-lebensmittel\/#primaryimage","url":"https:\/\/themeholt.com\/wp-content\/uploads\/2024\/04\/unbouncepages-com-foodera-storefront-envato-elements.png","contentUrl":"https:\/\/themeholt.com\/wp-content\/uploads\/2024\/04\/unbouncepages-com-foodera-storefront-envato-elements.png","width":1365,"height":851},{"@type":"BreadcrumbList","@id":"https:\/\/themeholt.com\/de\/product\/foodera-unbounce-landingpage-vorlage-fuer-lebensmittel\/#breadcrumb","itemListElement":[{"@type":"ListItem","position":1,"name":"Home","item":"https:\/\/themeholt.com\/de\/"},{"@type":"ListItem","position":2,"name":"Shop","item":"https:\/\/themeholt.com\/shop\/"},{"@type":"ListItem","position":3,"name":"Foodera \u2013 Unbounce-Landingpage-Vorlage f\u00fcr Lebensmittel"}]},{"@type":"WebSite","@id":"https:\/\/themeholt.com\/#website","url":"https:\/\/themeholt.com\/","name":"ThemeHolt","description":"Themeholt is a website that offers high-quality WordPress themes","publisher":{"@id":"https:\/\/themeholt.com\/#organization"},"potentialAction":[{"@type":"SearchAction","target":{"@type":"EntryPoint","urlTemplate":"https:\/\/themeholt.com\/?s={search_term_string}"},"query-input":{"@type":"PropertyValueSpecification","valueRequired":true,"valueName":"search_term_string"}}],"inLanguage":"de"},{"@type":"Organization","@id":"https:\/\/themeholt.com\/#organization","name":"ThemeHolt","alternateName":"ThemeHolt","url":"https:\/\/themeholt.com\/","logo":{"@type":"ImageObject","inLanguage":"de","@id":"https:\/\/themeholt.com\/#\/schema\/logo\/image\/","url":"https:\/\/themeholt.com\/wp-content\/uploads\/2024\/10\/themeholt.png","contentUrl":"https:\/\/themeholt.com\/wp-content\/uploads\/2024\/10\/themeholt.png","width":225,"height":225,"caption":"ThemeHolt"},"image":{"@id":"https:\/\/themeholt.com\/#\/schema\/logo\/image\/"},"sameAs":["https:\/\/www.facebook.com\/themeholtT","https:\/\/x.com\/ThemeholtT","https:\/\/www.linkedin.com\/company\/themeholt","https:\/\/www.instagram.com\/themeholtt\/"],"description":"Themeholt is a website that offers high-quality WordPress themes that are easy to use and ready for just about everything. In Eindhoven, Netherlands, since 2020 offering simple, accessible WordPress themes by providing a variety of requirements. Themeholt focuses on practicality and efficiency, allowing faster project completion with its superior marketplace and easy-to-use templates.","legalName":"ThemeHolt","foundingDate":"2022-11-10","numberOfEmployees":{"@type":"QuantitativeValue","minValue":"51","maxValue":"200"}}]}},"_links":{"self":[{"href":"https:\/\/themeholt.com\/de\/wp-json\/wp\/v2\/product\/9167","targetHints":{"allow":["GET"]}}],"collection":[{"href":"https:\/\/themeholt.com\/de\/wp-json\/wp\/v2\/product"}],"about":[{"href":"https:\/\/themeholt.com\/de\/wp-json\/wp\/v2\/types\/product"}],"wp:featuredmedia":[{"embeddable":true,"href":"https:\/\/themeholt.com\/de\/wp-json\/wp\/v2\/media\/9169"}],"wp:attachment":[{"href":"https:\/\/themeholt.com\/de\/wp-json\/wp\/v2\/media?parent=9167"}],"wp:term":[{"taxonomy":"product_brand","embeddable":true,"href":"https:\/\/themeholt.com\/de\/wp-json\/wp\/v2\/product_brand?post=9167"},{"taxonomy":"product_cat","embeddable":true,"href":"https:\/\/themeholt.com\/de\/wp-json\/wp\/v2\/product_cat?post=9167"},{"taxonomy":"product_tag","embeddable":true,"href":"https:\/\/themeholt.com\/de\/wp-json\/wp\/v2\/product_tag?post=9167"}],"curies":[{"name":"wp","href":"https:\/\/api.w.org\/{rel}","templated":true}]}}