{"id":9201,"date":"2024-04-01T05:04:34","date_gmt":"2024-04-01T05:04:34","guid":{"rendered":"https:\/\/themeholt.com\/product\/yogawa-yoga-unbounce-landing-page-template\/"},"modified":"2024-09-25T11:08:28","modified_gmt":"2024-09-25T11:08:28","slug":"yogawa-yoga-unbounce-landingpage-vorlage","status":"publish","type":"product","link":"https:\/\/themeholt.com\/de\/product\/yogawa-yoga-unbounce-landingpage-vorlage\/","title":{"rendered":"Yogawa \u2013 Yoga Unbounce-Landingpage-Vorlage"},"content":{"rendered":"<p><span style=\"font-weight: 400\">Die Yogawa Yoga Unbounce Landing Page-Vorlage wurde entwickelt, um eine ruhige und einladende Online-Pr\u00e4senz f\u00fcr Yogalehrer, Studios und Wellnesszentren zu schaffen. Das klare und minimalistische Design konzentriert sich darauf, die Essenz des Yoga hervorzuheben und Entspannung und Achtsamkeit zu f\u00f6rdern. Mit einfachen Anpassungsoptionen k\u00f6nnen Sie Ihre Yogakurse, Workshops, Retreats und Lehrerprofile elegant pr\u00e4sentieren.\u00a0<\/span><\/p>\n<p><span style=\"font-weight: 400\">Die Vorlage ist mobil-responsiv, sorgt f\u00fcr ein nahtloses Erlebnis auf allen Ger\u00e4ten und ist f\u00fcr die Lead-Generierung optimiert, sodass Sie das Interesse potenzieller Kunden effektiv wecken k\u00f6nnen. Yogawa ist in Unbounce integriert, einen leistungsstarken Landingpage-Builder, und bietet Flexibilit\u00e4t und Einfachheit bei der Erstellung fesselnder Landingpages, die mit dem Ethos Ihrer Yoga-Marke im Einklang stehen.<\/span><\/p>\n","protected":false},"excerpt":{"rendered":"<ul>\n<li style=\"font-weight: 400\"><span style=\"font-weight: 400\">Vollst\u00e4ndig responsives Design<\/span><\/li>\n<li style=\"font-weight: 400\"><span style=\"font-weight: 400\">Sehr einfach anzupassen<\/span><\/li>\n<li style=\"font-weight: 400\"><span style=\"font-weight: 400\">Google Web Font<\/span><\/li>\n<li style=\"font-weight: 400\"><span style=\"font-weight: 400\">Leistungsstarke Designoptionen<\/span><\/li>\n<li style=\"font-weight: 400\"><span style=\"font-weight: 400\">Team<\/span><\/li>\n<li>Modernes Design<\/li>\n<li><span style=\"font-weight: 400\">SEO-freundlich<\/span><\/li>\n<li style=\"font-weight: 400\"><span style=\"font-weight: 400\">Referenzen<\/span><\/li>\n<\/ul>\n","protected":false},"featured_media":9203,"template":"","meta":{"_acf_changed":false,"inline_featured_image":false},"product_brand":[],"product_cat":[370],"product_tag":[],"class_list":{"0":"post-9201","1":"product","2":"type-product","3":"status-publish","4":"has-post-thumbnail","6":"product_cat-landing-pages-de","8":"first","9":"instock","10":"sale","11":"downloadable","12":"taxable","13":"shipping-taxable","14":"purchasable","15":"product-type-simple"},"acf":[],"yoast_head":"<!-- This site is optimized with the Yoast SEO Premium plugin v22.1 (Yoast SEO v26.0) - https:\/\/yoast.com\/wordpress\/plugins\/seo\/ -->\n<title>Yogawa \u2013 Yoga Unbounce-Landingpage-Vorlage - ThemeHolt<\/title>\n<meta name=\"robots\" content=\"index, follow, max-snippet:-1, max-image-preview:large, max-video-preview:-1\" \/>\n<link rel=\"canonical\" href=\"https:\/\/themeholt.com\/de\/product\/yogawa-yoga-unbounce-landingpage-vorlage\/\" \/>\n<meta property=\"og:locale\" content=\"de_DE\" \/>\n<meta property=\"og:type\" content=\"article\" \/>\n<meta property=\"og:title\" content=\"Yogawa \u2013 Yoga Unbounce-Landingpage-Vorlage\" \/>\n<meta property=\"og:description\" content=\"Vollst\u00e4ndig responsives Design  Sehr einfach anzupassen  Google Web Font  Leistungsstarke Designoptionen  Team  Modernes Design  SEO-freundlich  Referenzen\" \/>\n<meta property=\"og:url\" content=\"https:\/\/themeholt.com\/de\/product\/yogawa-yoga-unbounce-landingpage-vorlage\/\" \/>\n<meta property=\"og:site_name\" content=\"ThemeHolt\" \/>\n<meta property=\"article:publisher\" content=\"https:\/\/www.facebook.com\/themeholtT\" \/>\n<meta property=\"article:modified_time\" content=\"2024-09-25T11:08:28+00:00\" \/>\n<meta property=\"og:image\" content=\"https:\/\/themeholt.com\/wp-content\/uploads\/2024\/04\/unbouncepages-com-yogawa-storefront-envato-elements.png\" \/>\n\t<meta property=\"og:image:width\" content=\"1364\" \/>\n\t<meta property=\"og:image:height\" content=\"850\" \/>\n\t<meta property=\"og:image:type\" content=\"image\/png\" \/>\n<meta name=\"twitter:card\" content=\"summary_large_image\" \/>\n<meta name=\"twitter:site\" content=\"@ThemeholtT\" \/>\n<meta name=\"twitter:label1\" content=\"Gesch\u00e4tzte Lesezeit\" \/>\n\t<meta name=\"twitter:data1\" content=\"1\u00a0Minute\" \/>\n<script type=\"application\/ld+json\" class=\"yoast-schema-graph\">{\"@context\":\"https:\/\/schema.org\",\"@graph\":[{\"@type\":\"WebPage\",\"@id\":\"https:\/\/themeholt.com\/de\/product\/yogawa-yoga-unbounce-landingpage-vorlage\/\",\"url\":\"https:\/\/themeholt.com\/de\/product\/yogawa-yoga-unbounce-landingpage-vorlage\/\",\"name\":\"Yogawa \u2013 Yoga Unbounce-Landingpage-Vorlage - ThemeHolt\",\"isPartOf\":{\"@id\":\"https:\/\/themeholt.com\/#website\"},\"primaryImageOfPage\":{\"@id\":\"https:\/\/themeholt.com\/de\/product\/yogawa-yoga-unbounce-landingpage-vorlage\/#primaryimage\"},\"image\":{\"@id\":\"https:\/\/themeholt.com\/de\/product\/yogawa-yoga-unbounce-landingpage-vorlage\/#primaryimage\"},\"thumbnailUrl\":\"https:\/\/themeholt.com\/wp-content\/uploads\/2024\/04\/unbouncepages-com-yogawa-storefront-envato-elements.png\",\"datePublished\":\"2024-04-01T05:04:34+00:00\",\"dateModified\":\"2024-09-25T11:08:28+00:00\",\"breadcrumb\":{\"@id\":\"https:\/\/themeholt.com\/de\/product\/yogawa-yoga-unbounce-landingpage-vorlage\/#breadcrumb\"},\"inLanguage\":\"de\",\"potentialAction\":[{\"@type\":\"ReadAction\",\"target\":[\"https:\/\/themeholt.com\/de\/product\/yogawa-yoga-unbounce-landingpage-vorlage\/\"]}]},{\"@type\":\"ImageObject\",\"inLanguage\":\"de\",\"@id\":\"https:\/\/themeholt.com\/de\/product\/yogawa-yoga-unbounce-landingpage-vorlage\/#primaryimage\",\"url\":\"https:\/\/themeholt.com\/wp-content\/uploads\/2024\/04\/unbouncepages-com-yogawa-storefront-envato-elements.png\",\"contentUrl\":\"https:\/\/themeholt.com\/wp-content\/uploads\/2024\/04\/unbouncepages-com-yogawa-storefront-envato-elements.png\",\"width\":1364,\"height\":850},{\"@type\":\"BreadcrumbList\",\"@id\":\"https:\/\/themeholt.com\/de\/product\/yogawa-yoga-unbounce-landingpage-vorlage\/#breadcrumb\",\"itemListElement\":[{\"@type\":\"ListItem\",\"position\":1,\"name\":\"Home\",\"item\":\"https:\/\/themeholt.com\/de\/\"},{\"@type\":\"ListItem\",\"position\":2,\"name\":\"Shop\",\"item\":\"https:\/\/themeholt.com\/shop\/\"},{\"@type\":\"ListItem\",\"position\":3,\"name\":\"Yogawa \u2013 Yoga Unbounce-Landingpage-Vorlage\"}]},{\"@type\":\"WebSite\",\"@id\":\"https:\/\/themeholt.com\/#website\",\"url\":\"https:\/\/themeholt.com\/\",\"name\":\"ThemeHolt\",\"description\":\"Themeholt is a website that offers high-quality WordPress themes\",\"publisher\":{\"@id\":\"https:\/\/themeholt.com\/#organization\"},\"potentialAction\":[{\"@type\":\"SearchAction\",\"target\":{\"@type\":\"EntryPoint\",\"urlTemplate\":\"https:\/\/themeholt.com\/?s={search_term_string}\"},\"query-input\":{\"@type\":\"PropertyValueSpecification\",\"valueRequired\":true,\"valueName\":\"search_term_string\"}}],\"inLanguage\":\"de\"},{\"@type\":\"Organization\",\"@id\":\"https:\/\/themeholt.com\/#organization\",\"name\":\"ThemeHolt\",\"alternateName\":\"ThemeHolt\",\"url\":\"https:\/\/themeholt.com\/\",\"logo\":{\"@type\":\"ImageObject\",\"inLanguage\":\"de\",\"@id\":\"https:\/\/themeholt.com\/#\/schema\/logo\/image\/\",\"url\":\"https:\/\/themeholt.com\/wp-content\/uploads\/2024\/10\/themeholt.png\",\"contentUrl\":\"https:\/\/themeholt.com\/wp-content\/uploads\/2024\/10\/themeholt.png\",\"width\":225,\"height\":225,\"caption\":\"ThemeHolt\"},\"image\":{\"@id\":\"https:\/\/themeholt.com\/#\/schema\/logo\/image\/\"},\"sameAs\":[\"https:\/\/www.facebook.com\/themeholtT\",\"https:\/\/x.com\/ThemeholtT\",\"https:\/\/www.linkedin.com\/company\/themeholt\",\"https:\/\/www.instagram.com\/themeholtt\/\"],\"description\":\"Themeholt is a website that offers high-quality WordPress themes that are easy to use and ready for just about everything. In Eindhoven, Netherlands, since 2020 offering simple, accessible WordPress themes by providing a variety of requirements. Themeholt focuses on practicality and efficiency, allowing faster project completion with its superior marketplace and easy-to-use templates.\",\"legalName\":\"ThemeHolt\",\"foundingDate\":\"2022-11-10\",\"numberOfEmployees\":{\"@type\":\"QuantitativeValue\",\"minValue\":\"51\",\"maxValue\":\"200\"}}]}<\/script>\n<!-- \/ Yoast SEO Premium plugin. -->","yoast_head_json":{"title":"Yogawa \u2013 Yoga Unbounce-Landingpage-Vorlage - ThemeHolt","robots":{"index":"index","follow":"follow","max-snippet":"max-snippet:-1","max-image-preview":"max-image-preview:large","max-video-preview":"max-video-preview:-1"},"canonical":"https:\/\/themeholt.com\/de\/product\/yogawa-yoga-unbounce-landingpage-vorlage\/","og_locale":"de_DE","og_type":"article","og_title":"Yogawa \u2013 Yoga Unbounce-Landingpage-Vorlage","og_description":"Vollst\u00e4ndig responsives Design  Sehr einfach anzupassen  Google Web Font  Leistungsstarke Designoptionen  Team  Modernes Design  SEO-freundlich  Referenzen","og_url":"https:\/\/themeholt.com\/de\/product\/yogawa-yoga-unbounce-landingpage-vorlage\/","og_site_name":"ThemeHolt","article_publisher":"https:\/\/www.facebook.com\/themeholtT","article_modified_time":"2024-09-25T11:08:28+00:00","og_image":[{"width":1364,"height":850,"url":"https:\/\/themeholt.com\/wp-content\/uploads\/2024\/04\/unbouncepages-com-yogawa-storefront-envato-elements.png","type":"image\/png"}],"twitter_card":"summary_large_image","twitter_site":"@ThemeholtT","twitter_misc":{"Gesch\u00e4tzte Lesezeit":"1\u00a0Minute"},"schema":{"@context":"https:\/\/schema.org","@graph":[{"@type":"WebPage","@id":"https:\/\/themeholt.com\/de\/product\/yogawa-yoga-unbounce-landingpage-vorlage\/","url":"https:\/\/themeholt.com\/de\/product\/yogawa-yoga-unbounce-landingpage-vorlage\/","name":"Yogawa \u2013 Yoga Unbounce-Landingpage-Vorlage - ThemeHolt","isPartOf":{"@id":"https:\/\/themeholt.com\/#website"},"primaryImageOfPage":{"@id":"https:\/\/themeholt.com\/de\/product\/yogawa-yoga-unbounce-landingpage-vorlage\/#primaryimage"},"image":{"@id":"https:\/\/themeholt.com\/de\/product\/yogawa-yoga-unbounce-landingpage-vorlage\/#primaryimage"},"thumbnailUrl":"https:\/\/themeholt.com\/wp-content\/uploads\/2024\/04\/unbouncepages-com-yogawa-storefront-envato-elements.png","datePublished":"2024-04-01T05:04:34+00:00","dateModified":"2024-09-25T11:08:28+00:00","breadcrumb":{"@id":"https:\/\/themeholt.com\/de\/product\/yogawa-yoga-unbounce-landingpage-vorlage\/#breadcrumb"},"inLanguage":"de","potentialAction":[{"@type":"ReadAction","target":["https:\/\/themeholt.com\/de\/product\/yogawa-yoga-unbounce-landingpage-vorlage\/"]}]},{"@type":"ImageObject","inLanguage":"de","@id":"https:\/\/themeholt.com\/de\/product\/yogawa-yoga-unbounce-landingpage-vorlage\/#primaryimage","url":"https:\/\/themeholt.com\/wp-content\/uploads\/2024\/04\/unbouncepages-com-yogawa-storefront-envato-elements.png","contentUrl":"https:\/\/themeholt.com\/wp-content\/uploads\/2024\/04\/unbouncepages-com-yogawa-storefront-envato-elements.png","width":1364,"height":850},{"@type":"BreadcrumbList","@id":"https:\/\/themeholt.com\/de\/product\/yogawa-yoga-unbounce-landingpage-vorlage\/#breadcrumb","itemListElement":[{"@type":"ListItem","position":1,"name":"Home","item":"https:\/\/themeholt.com\/de\/"},{"@type":"ListItem","position":2,"name":"Shop","item":"https:\/\/themeholt.com\/shop\/"},{"@type":"ListItem","position":3,"name":"Yogawa \u2013 Yoga Unbounce-Landingpage-Vorlage"}]},{"@type":"WebSite","@id":"https:\/\/themeholt.com\/#website","url":"https:\/\/themeholt.com\/","name":"ThemeHolt","description":"Themeholt is a website that offers high-quality WordPress themes","publisher":{"@id":"https:\/\/themeholt.com\/#organization"},"potentialAction":[{"@type":"SearchAction","target":{"@type":"EntryPoint","urlTemplate":"https:\/\/themeholt.com\/?s={search_term_string}"},"query-input":{"@type":"PropertyValueSpecification","valueRequired":true,"valueName":"search_term_string"}}],"inLanguage":"de"},{"@type":"Organization","@id":"https:\/\/themeholt.com\/#organization","name":"ThemeHolt","alternateName":"ThemeHolt","url":"https:\/\/themeholt.com\/","logo":{"@type":"ImageObject","inLanguage":"de","@id":"https:\/\/themeholt.com\/#\/schema\/logo\/image\/","url":"https:\/\/themeholt.com\/wp-content\/uploads\/2024\/10\/themeholt.png","contentUrl":"https:\/\/themeholt.com\/wp-content\/uploads\/2024\/10\/themeholt.png","width":225,"height":225,"caption":"ThemeHolt"},"image":{"@id":"https:\/\/themeholt.com\/#\/schema\/logo\/image\/"},"sameAs":["https:\/\/www.facebook.com\/themeholtT","https:\/\/x.com\/ThemeholtT","https:\/\/www.linkedin.com\/company\/themeholt","https:\/\/www.instagram.com\/themeholtt\/"],"description":"Themeholt is a website that offers high-quality WordPress themes that are easy to use and ready for just about everything. In Eindhoven, Netherlands, since 2020 offering simple, accessible WordPress themes by providing a variety of requirements. Themeholt focuses on practicality and efficiency, allowing faster project completion with its superior marketplace and easy-to-use templates.","legalName":"ThemeHolt","foundingDate":"2022-11-10","numberOfEmployees":{"@type":"QuantitativeValue","minValue":"51","maxValue":"200"}}]}},"_links":{"self":[{"href":"https:\/\/themeholt.com\/de\/wp-json\/wp\/v2\/product\/9201","targetHints":{"allow":["GET"]}}],"collection":[{"href":"https:\/\/themeholt.com\/de\/wp-json\/wp\/v2\/product"}],"about":[{"href":"https:\/\/themeholt.com\/de\/wp-json\/wp\/v2\/types\/product"}],"wp:featuredmedia":[{"embeddable":true,"href":"https:\/\/themeholt.com\/de\/wp-json\/wp\/v2\/media\/9203"}],"wp:attachment":[{"href":"https:\/\/themeholt.com\/de\/wp-json\/wp\/v2\/media?parent=9201"}],"wp:term":[{"taxonomy":"product_brand","embeddable":true,"href":"https:\/\/themeholt.com\/de\/wp-json\/wp\/v2\/product_brand?post=9201"},{"taxonomy":"product_cat","embeddable":true,"href":"https:\/\/themeholt.com\/de\/wp-json\/wp\/v2\/product_cat?post=9201"},{"taxonomy":"product_tag","embeddable":true,"href":"https:\/\/themeholt.com\/de\/wp-json\/wp\/v2\/product_tag?post=9201"}],"curies":[{"name":"wp","href":"https:\/\/api.w.org\/{rel}","templated":true}]}}