{"id":9547,"date":"2024-03-29T06:18:39","date_gmt":"2024-03-29T06:18:39","guid":{"rendered":"https:\/\/themeholt.com\/product\/mediclick-medical-landing-page-wordpress-theme\/"},"modified":"2024-09-25T09:38:48","modified_gmt":"2024-09-25T09:38:48","slug":"mediclick-wordpress-theme-fuer-medizinische-landingpages","status":"publish","type":"product","link":"https:\/\/themeholt.com\/de\/product\/mediclick-wordpress-theme-fuer-medizinische-landingpages\/","title":{"rendered":"Mediclick \u2013 WordPress-Theme f\u00fcr medizinische Landingpages"},"content":{"rendered":"<p><span style=\"font-weight: 400\">Wir freuen uns, Ihnen unser modernes medizinisches WordPress-Theme vorstellen zu k\u00f6nnen, das sorgf\u00e4ltig entwickelt wurde, um die Anforderungen von Kliniken, Krankenh\u00e4usern und \u00c4rzten zu erf\u00fcllen. Unser Theme bietet dank seines eleganten Designs sowohl medizinischem Fachpersonal als auch Patienten eine einfache Navigation und Zug\u00e4nglichkeit.<\/span><\/p>\n<p><span style=\"font-weight: 400\">Integrierte Gesundheitsfunktionen, interaktive Terminkalender, ausgefeilte Patientenverwaltungstools und konfigurierbare Terminbuchungssysteme sind einige der wichtigsten Funktionen. Da das Theme vollst\u00e4ndig responsiv ist, l\u00e4uft es reibungslos auf allen Arten von Ger\u00e4ten.<\/span><\/p>\n","protected":false},"excerpt":{"rendered":"<ul>\n<li>Klares Design<\/li>\n<li>Professionelles Erscheinungsbild<\/li>\n<li>Reaktionsf\u00e4higes Layout<\/li>\n<li>SEO optimiert<\/li>\n<li>Vollst\u00e4ndig anpassbar<\/li>\n<li>Sicherheit und Compliance<\/li>\n<\/ul>\n","protected":false},"featured_media":9549,"template":"","meta":{"_acf_changed":false,"inline_featured_image":false},"product_brand":[],"product_cat":[1768],"product_tag":[],"class_list":{"0":"post-9547","1":"product","2":"type-product","3":"status-publish","4":"has-post-thumbnail","6":"product_cat-landing-pages-es","8":"first","9":"instock","10":"sale","11":"downloadable","12":"taxable","13":"shipping-taxable","14":"purchasable","15":"product-type-simple"},"acf":[],"yoast_head":"<!-- This site is optimized with the Yoast SEO Premium plugin v22.1 (Yoast SEO v26.0) - https:\/\/yoast.com\/wordpress\/plugins\/seo\/ -->\n<title>Medical WordPress Theme | Healthcare Website Templates<\/title>\n<meta name=\"description\" content=\"Get our medical wordpress theme for a professional, user-friendly healthcare website. Perfect for clinics, and hospitals. Easy to customize and use!\" \/>\n<meta name=\"robots\" content=\"index, follow, max-snippet:-1, max-image-preview:large, max-video-preview:-1\" \/>\n<link rel=\"canonical\" href=\"https:\/\/themeholt.com\/de\/product\/mediclick-wordpress-theme-fuer-medizinische-landingpages\/\" \/>\n<meta property=\"og:locale\" content=\"de_DE\" \/>\n<meta property=\"og:type\" content=\"article\" \/>\n<meta property=\"og:title\" content=\"Mediclick \u2013 WordPress-Theme f\u00fcr medizinische Landingpages\" \/>\n<meta property=\"og:description\" content=\"Get our medical wordpress theme for a professional, user-friendly healthcare website. Perfect for clinics, and hospitals. Easy to customize and use!\" \/>\n<meta property=\"og:url\" content=\"https:\/\/themeholt.com\/de\/product\/mediclick-wordpress-theme-fuer-medizinische-landingpages\/\" \/>\n<meta property=\"og:site_name\" content=\"ThemeHolt\" \/>\n<meta property=\"article:publisher\" content=\"https:\/\/www.facebook.com\/themeholtT\" \/>\n<meta property=\"article:modified_time\" content=\"2024-09-25T09:38:48+00:00\" \/>\n<meta property=\"og:image\" content=\"https:\/\/themeholt.com\/wp-content\/uploads\/2024\/03\/Home-2-\u2013-Medical.png\" \/>\n\t<meta property=\"og:image:width\" content=\"1365\" \/>\n\t<meta property=\"og:image:height\" content=\"1052\" \/>\n\t<meta property=\"og:image:type\" content=\"image\/png\" \/>\n<meta name=\"twitter:card\" content=\"summary_large_image\" \/>\n<meta name=\"twitter:site\" content=\"@ThemeholtT\" \/>\n<meta name=\"twitter:label1\" content=\"Gesch\u00e4tzte Lesezeit\" \/>\n\t<meta name=\"twitter:data1\" content=\"1\u00a0Minute\" \/>\n<script type=\"application\/ld+json\" class=\"yoast-schema-graph\">{\"@context\":\"https:\/\/schema.org\",\"@graph\":[{\"@type\":\"WebPage\",\"@id\":\"https:\/\/themeholt.com\/de\/product\/mediclick-wordpress-theme-fuer-medizinische-landingpages\/\",\"url\":\"https:\/\/themeholt.com\/de\/product\/mediclick-wordpress-theme-fuer-medizinische-landingpages\/\",\"name\":\"Medical WordPress Theme | Healthcare Website Templates\",\"isPartOf\":{\"@id\":\"https:\/\/themeholt.com\/#website\"},\"primaryImageOfPage\":{\"@id\":\"https:\/\/themeholt.com\/de\/product\/mediclick-wordpress-theme-fuer-medizinische-landingpages\/#primaryimage\"},\"image\":{\"@id\":\"https:\/\/themeholt.com\/de\/product\/mediclick-wordpress-theme-fuer-medizinische-landingpages\/#primaryimage\"},\"thumbnailUrl\":\"https:\/\/themeholt.com\/wp-content\/uploads\/2024\/03\/Home-2-\u2013-Medical.png\",\"datePublished\":\"2024-03-29T06:18:39+00:00\",\"dateModified\":\"2024-09-25T09:38:48+00:00\",\"description\":\"Get our medical wordpress theme for a professional, user-friendly healthcare website. Perfect for clinics, and hospitals. Easy to customize and use!\",\"breadcrumb\":{\"@id\":\"https:\/\/themeholt.com\/de\/product\/mediclick-wordpress-theme-fuer-medizinische-landingpages\/#breadcrumb\"},\"inLanguage\":\"de\",\"potentialAction\":[{\"@type\":\"ReadAction\",\"target\":[\"https:\/\/themeholt.com\/de\/product\/mediclick-wordpress-theme-fuer-medizinische-landingpages\/\"]}]},{\"@type\":\"ImageObject\",\"inLanguage\":\"de\",\"@id\":\"https:\/\/themeholt.com\/de\/product\/mediclick-wordpress-theme-fuer-medizinische-landingpages\/#primaryimage\",\"url\":\"https:\/\/themeholt.com\/wp-content\/uploads\/2024\/03\/Home-2-\u2013-Medical.png\",\"contentUrl\":\"https:\/\/themeholt.com\/wp-content\/uploads\/2024\/03\/Home-2-\u2013-Medical.png\",\"width\":1365,\"height\":1052},{\"@type\":\"BreadcrumbList\",\"@id\":\"https:\/\/themeholt.com\/de\/product\/mediclick-wordpress-theme-fuer-medizinische-landingpages\/#breadcrumb\",\"itemListElement\":[{\"@type\":\"ListItem\",\"position\":1,\"name\":\"Home\",\"item\":\"https:\/\/themeholt.com\/de\/\"},{\"@type\":\"ListItem\",\"position\":2,\"name\":\"Shop\",\"item\":\"https:\/\/themeholt.com\/shop\/\"},{\"@type\":\"ListItem\",\"position\":3,\"name\":\"Mediclick \u2013 WordPress-Theme f\u00fcr medizinische Landingpages\"}]},{\"@type\":\"WebSite\",\"@id\":\"https:\/\/themeholt.com\/#website\",\"url\":\"https:\/\/themeholt.com\/\",\"name\":\"ThemeHolt\",\"description\":\"Themeholt is a website that offers high-quality WordPress themes\",\"publisher\":{\"@id\":\"https:\/\/themeholt.com\/#organization\"},\"potentialAction\":[{\"@type\":\"SearchAction\",\"target\":{\"@type\":\"EntryPoint\",\"urlTemplate\":\"https:\/\/themeholt.com\/?s={search_term_string}\"},\"query-input\":{\"@type\":\"PropertyValueSpecification\",\"valueRequired\":true,\"valueName\":\"search_term_string\"}}],\"inLanguage\":\"de\"},{\"@type\":\"Organization\",\"@id\":\"https:\/\/themeholt.com\/#organization\",\"name\":\"ThemeHolt\",\"alternateName\":\"ThemeHolt\",\"url\":\"https:\/\/themeholt.com\/\",\"logo\":{\"@type\":\"ImageObject\",\"inLanguage\":\"de\",\"@id\":\"https:\/\/themeholt.com\/#\/schema\/logo\/image\/\",\"url\":\"https:\/\/themeholt.com\/wp-content\/uploads\/2024\/10\/themeholt.png\",\"contentUrl\":\"https:\/\/themeholt.com\/wp-content\/uploads\/2024\/10\/themeholt.png\",\"width\":225,\"height\":225,\"caption\":\"ThemeHolt\"},\"image\":{\"@id\":\"https:\/\/themeholt.com\/#\/schema\/logo\/image\/\"},\"sameAs\":[\"https:\/\/www.facebook.com\/themeholtT\",\"https:\/\/x.com\/ThemeholtT\",\"https:\/\/www.linkedin.com\/company\/themeholt\",\"https:\/\/www.instagram.com\/themeholtt\/\"],\"description\":\"Themeholt is a website that offers high-quality WordPress themes that are easy to use and ready for just about everything. In Eindhoven, Netherlands, since 2020 offering simple, accessible WordPress themes by providing a variety of requirements. Themeholt focuses on practicality and efficiency, allowing faster project completion with its superior marketplace and easy-to-use templates.\",\"legalName\":\"ThemeHolt\",\"foundingDate\":\"2022-11-10\",\"numberOfEmployees\":{\"@type\":\"QuantitativeValue\",\"minValue\":\"51\",\"maxValue\":\"200\"}}]}<\/script>\n<!-- \/ Yoast SEO Premium plugin. -->","yoast_head_json":{"title":"Medical WordPress Theme | Healthcare Website Templates","description":"Get our medical wordpress theme for a professional, user-friendly healthcare website. Perfect for clinics, and hospitals. Easy to customize and use!","robots":{"index":"index","follow":"follow","max-snippet":"max-snippet:-1","max-image-preview":"max-image-preview:large","max-video-preview":"max-video-preview:-1"},"canonical":"https:\/\/themeholt.com\/de\/product\/mediclick-wordpress-theme-fuer-medizinische-landingpages\/","og_locale":"de_DE","og_type":"article","og_title":"Mediclick \u2013 WordPress-Theme f\u00fcr medizinische Landingpages","og_description":"Get our medical wordpress theme for a professional, user-friendly healthcare website. Perfect for clinics, and hospitals. Easy to customize and use!","og_url":"https:\/\/themeholt.com\/de\/product\/mediclick-wordpress-theme-fuer-medizinische-landingpages\/","og_site_name":"ThemeHolt","article_publisher":"https:\/\/www.facebook.com\/themeholtT","article_modified_time":"2024-09-25T09:38:48+00:00","og_image":[{"width":1365,"height":1052,"url":"https:\/\/themeholt.com\/wp-content\/uploads\/2024\/03\/Home-2-\u2013-Medical.png","type":"image\/png"}],"twitter_card":"summary_large_image","twitter_site":"@ThemeholtT","twitter_misc":{"Gesch\u00e4tzte Lesezeit":"1\u00a0Minute"},"schema":{"@context":"https:\/\/schema.org","@graph":[{"@type":"WebPage","@id":"https:\/\/themeholt.com\/de\/product\/mediclick-wordpress-theme-fuer-medizinische-landingpages\/","url":"https:\/\/themeholt.com\/de\/product\/mediclick-wordpress-theme-fuer-medizinische-landingpages\/","name":"Medical WordPress Theme | Healthcare Website Templates","isPartOf":{"@id":"https:\/\/themeholt.com\/#website"},"primaryImageOfPage":{"@id":"https:\/\/themeholt.com\/de\/product\/mediclick-wordpress-theme-fuer-medizinische-landingpages\/#primaryimage"},"image":{"@id":"https:\/\/themeholt.com\/de\/product\/mediclick-wordpress-theme-fuer-medizinische-landingpages\/#primaryimage"},"thumbnailUrl":"https:\/\/themeholt.com\/wp-content\/uploads\/2024\/03\/Home-2-\u2013-Medical.png","datePublished":"2024-03-29T06:18:39+00:00","dateModified":"2024-09-25T09:38:48+00:00","description":"Get our medical wordpress theme for a professional, user-friendly healthcare website. Perfect for clinics, and hospitals. Easy to customize and use!","breadcrumb":{"@id":"https:\/\/themeholt.com\/de\/product\/mediclick-wordpress-theme-fuer-medizinische-landingpages\/#breadcrumb"},"inLanguage":"de","potentialAction":[{"@type":"ReadAction","target":["https:\/\/themeholt.com\/de\/product\/mediclick-wordpress-theme-fuer-medizinische-landingpages\/"]}]},{"@type":"ImageObject","inLanguage":"de","@id":"https:\/\/themeholt.com\/de\/product\/mediclick-wordpress-theme-fuer-medizinische-landingpages\/#primaryimage","url":"https:\/\/themeholt.com\/wp-content\/uploads\/2024\/03\/Home-2-\u2013-Medical.png","contentUrl":"https:\/\/themeholt.com\/wp-content\/uploads\/2024\/03\/Home-2-\u2013-Medical.png","width":1365,"height":1052},{"@type":"BreadcrumbList","@id":"https:\/\/themeholt.com\/de\/product\/mediclick-wordpress-theme-fuer-medizinische-landingpages\/#breadcrumb","itemListElement":[{"@type":"ListItem","position":1,"name":"Home","item":"https:\/\/themeholt.com\/de\/"},{"@type":"ListItem","position":2,"name":"Shop","item":"https:\/\/themeholt.com\/shop\/"},{"@type":"ListItem","position":3,"name":"Mediclick \u2013 WordPress-Theme f\u00fcr medizinische Landingpages"}]},{"@type":"WebSite","@id":"https:\/\/themeholt.com\/#website","url":"https:\/\/themeholt.com\/","name":"ThemeHolt","description":"Themeholt is a website that offers high-quality WordPress themes","publisher":{"@id":"https:\/\/themeholt.com\/#organization"},"potentialAction":[{"@type":"SearchAction","target":{"@type":"EntryPoint","urlTemplate":"https:\/\/themeholt.com\/?s={search_term_string}"},"query-input":{"@type":"PropertyValueSpecification","valueRequired":true,"valueName":"search_term_string"}}],"inLanguage":"de"},{"@type":"Organization","@id":"https:\/\/themeholt.com\/#organization","name":"ThemeHolt","alternateName":"ThemeHolt","url":"https:\/\/themeholt.com\/","logo":{"@type":"ImageObject","inLanguage":"de","@id":"https:\/\/themeholt.com\/#\/schema\/logo\/image\/","url":"https:\/\/themeholt.com\/wp-content\/uploads\/2024\/10\/themeholt.png","contentUrl":"https:\/\/themeholt.com\/wp-content\/uploads\/2024\/10\/themeholt.png","width":225,"height":225,"caption":"ThemeHolt"},"image":{"@id":"https:\/\/themeholt.com\/#\/schema\/logo\/image\/"},"sameAs":["https:\/\/www.facebook.com\/themeholtT","https:\/\/x.com\/ThemeholtT","https:\/\/www.linkedin.com\/company\/themeholt","https:\/\/www.instagram.com\/themeholtt\/"],"description":"Themeholt is a website that offers high-quality WordPress themes that are easy to use and ready for just about everything. In Eindhoven, Netherlands, since 2020 offering simple, accessible WordPress themes by providing a variety of requirements. Themeholt focuses on practicality and efficiency, allowing faster project completion with its superior marketplace and easy-to-use templates.","legalName":"ThemeHolt","foundingDate":"2022-11-10","numberOfEmployees":{"@type":"QuantitativeValue","minValue":"51","maxValue":"200"}}]}},"_links":{"self":[{"href":"https:\/\/themeholt.com\/de\/wp-json\/wp\/v2\/product\/9547","targetHints":{"allow":["GET"]}}],"collection":[{"href":"https:\/\/themeholt.com\/de\/wp-json\/wp\/v2\/product"}],"about":[{"href":"https:\/\/themeholt.com\/de\/wp-json\/wp\/v2\/types\/product"}],"wp:featuredmedia":[{"embeddable":true,"href":"https:\/\/themeholt.com\/de\/wp-json\/wp\/v2\/media\/9549"}],"wp:attachment":[{"href":"https:\/\/themeholt.com\/de\/wp-json\/wp\/v2\/media?parent=9547"}],"wp:term":[{"taxonomy":"product_brand","embeddable":true,"href":"https:\/\/themeholt.com\/de\/wp-json\/wp\/v2\/product_brand?post=9547"},{"taxonomy":"product_cat","embeddable":true,"href":"https:\/\/themeholt.com\/de\/wp-json\/wp\/v2\/product_cat?post=9547"},{"taxonomy":"product_tag","embeddable":true,"href":"https:\/\/themeholt.com\/de\/wp-json\/wp\/v2\/product_tag?post=9547"}],"curies":[{"name":"wp","href":"https:\/\/api.w.org\/{rel}","templated":true}]}}