{"id":9556,"date":"2024-02-29T04:58:52","date_gmt":"2024-02-29T04:58:52","guid":{"rendered":"https:\/\/themeholt.com\/product\/elementor-pro-essential-plan\/"},"modified":"2024-09-25T09:44:33","modified_gmt":"2024-09-25T09:44:33","slug":"elementor-pro-essential-plan","status":"publish","type":"product","link":"https:\/\/themeholt.com\/de\/product\/elementor-pro-essential-plan\/","title":{"rendered":"Elementor Pro Essential Plan"},"content":{"rendered":"<p><span style=\"font-weight: 400\">Mit dem Essential Plan Elementor erhalten Sie au\u00dfergew\u00f6hnliche F\u00e4higkeiten f\u00fcr Ihre Website. Sie k\u00f6nnen damit das Layout Ihrer Website ganz einfach gestalten und anpassen, ohne dass Sie technische Kenntnisse ben\u00f6tigen. Mit den erweiterten Funktionen k\u00f6nnen Sie Ihrer Website ein \u00e4u\u00dferst professionelles und absolut einzigartiges Aussehen verleihen. Verabschieden Sie sich von langweiligen Vorlagen, denn mit diesem Tool hebt sich Ihre Website vom Rest ab. Egal, ob Sie Anf\u00e4nger oder Profi sind, mit dem Essential Plan Elementor wird das Erstellen von Websites zum Kinderspiel. Wenn Sie also m\u00f6chten, dass Ihre Website gl\u00e4nzt und mehr Besucher anzieht, ist dies das richtige Tool f\u00fcr Sie.<\/span><\/p>\n","protected":false},"excerpt":{"rendered":"<ul>\n<li>Zugriff auf bis zu 1 Premium-Site<\/li>\n<li>Exklusiver Kundensupport<\/li>\n<li>50 professionelle Widgets<\/li>\n<li>Anpassbarer Theme-Creator<\/li>\n<li>Interaktive Inhaltsintegration<\/li>\n<li>Erweiterter Formular-Designer<\/li>\n<\/ul>\n","protected":false},"featured_media":9558,"template":"","meta":{"_acf_changed":false,"inline_featured_image":false},"product_brand":[],"product_cat":[1771],"product_tag":[],"class_list":{"0":"post-9556","1":"product","2":"type-product","3":"status-publish","4":"has-post-thumbnail","6":"product_cat-elementor-pro-es","8":"first","9":"instock","10":"sale","11":"downloadable","12":"virtual","13":"taxable","14":"purchasable","15":"product-type-simple"},"acf":[],"yoast_head":"<!-- This site is optimized with the Yoast SEO Premium plugin v22.1 (Yoast SEO v26.0) - https:\/\/yoast.com\/wordpress\/plugins\/seo\/ -->\n<title>Elementor Pro Essential Page Builder | Themeholt<\/title>\n<meta name=\"description\" content=\"Get the Elementor Pro Essential Plan for website building. Enjoy advanced features, easy customization, and professional designs for your WordPress site.\" \/>\n<meta name=\"robots\" content=\"index, follow, max-snippet:-1, max-image-preview:large, max-video-preview:-1\" \/>\n<link rel=\"canonical\" href=\"https:\/\/themeholt.com\/product\/elementor-pro-essential-plan\/\" \/>\n<meta property=\"og:locale\" content=\"de_DE\" \/>\n<meta property=\"og:type\" content=\"article\" \/>\n<meta property=\"og:title\" content=\"Elementor Pro Essential Plan\" \/>\n<meta property=\"og:description\" content=\"Get the Elementor Pro Essential Plan for website building. Enjoy advanced features, easy customization, and professional designs for your WordPress site.\" \/>\n<meta property=\"og:url\" content=\"https:\/\/themeholt.com\/product\/elementor-pro-essential-plan\/\" \/>\n<meta property=\"og:site_name\" content=\"ThemeHolt\" \/>\n<meta property=\"article:publisher\" content=\"https:\/\/www.facebook.com\/themeholtT\" \/>\n<meta property=\"article:modified_time\" content=\"2024-09-25T09:44:33+00:00\" \/>\n<meta property=\"og:image\" content=\"https:\/\/themeholt.com\/wp-content\/uploads\/2024\/02\/elementor-pro-768x432-1.jpg\" \/>\n\t<meta property=\"og:image:width\" content=\"768\" \/>\n\t<meta property=\"og:image:height\" content=\"432\" \/>\n\t<meta property=\"og:image:type\" content=\"image\/jpeg\" \/>\n<meta name=\"twitter:card\" content=\"summary_large_image\" \/>\n<meta name=\"twitter:site\" content=\"@ThemeholtT\" \/>\n<meta name=\"twitter:label1\" content=\"Gesch\u00e4tzte Lesezeit\" \/>\n\t<meta name=\"twitter:data1\" content=\"1\u00a0Minute\" \/>\n<script type=\"application\/ld+json\" class=\"yoast-schema-graph\">{\"@context\":\"https:\/\/schema.org\",\"@graph\":[{\"@type\":\"WebPage\",\"@id\":\"https:\/\/themeholt.com\/product\/elementor-pro-essential-plan\/\",\"url\":\"https:\/\/themeholt.com\/product\/elementor-pro-essential-plan\/\",\"name\":\"Elementor Pro Essential Page Builder | Themeholt\",\"isPartOf\":{\"@id\":\"https:\/\/www.cyan-dolphin-864669.hostingersite.com\/de\/#website\"},\"primaryImageOfPage\":{\"@id\":\"https:\/\/themeholt.com\/product\/elementor-pro-essential-plan\/#primaryimage\"},\"image\":{\"@id\":\"https:\/\/themeholt.com\/product\/elementor-pro-essential-plan\/#primaryimage\"},\"thumbnailUrl\":\"https:\/\/themeholt.com\/wp-content\/uploads\/2024\/02\/elementor-pro-768x432-1.jpg\",\"datePublished\":\"2024-02-29T04:58:52+00:00\",\"dateModified\":\"2024-09-25T09:44:33+00:00\",\"description\":\"Get the Elementor Pro Essential Plan for website building. Enjoy advanced features, easy customization, and professional designs for your WordPress site.\",\"breadcrumb\":{\"@id\":\"https:\/\/themeholt.com\/product\/elementor-pro-essential-plan\/#breadcrumb\"},\"inLanguage\":\"de\",\"potentialAction\":[{\"@type\":\"ReadAction\",\"target\":[\"https:\/\/themeholt.com\/product\/elementor-pro-essential-plan\/\"]}]},{\"@type\":\"ImageObject\",\"inLanguage\":\"de\",\"@id\":\"https:\/\/themeholt.com\/product\/elementor-pro-essential-plan\/#primaryimage\",\"url\":\"https:\/\/themeholt.com\/wp-content\/uploads\/2024\/02\/elementor-pro-768x432-1.jpg\",\"contentUrl\":\"https:\/\/themeholt.com\/wp-content\/uploads\/2024\/02\/elementor-pro-768x432-1.jpg\",\"width\":768,\"height\":432},{\"@type\":\"BreadcrumbList\",\"@id\":\"https:\/\/themeholt.com\/product\/elementor-pro-essential-plan\/#breadcrumb\",\"itemListElement\":[{\"@type\":\"ListItem\",\"position\":1,\"name\":\"Home\",\"item\":\"https:\/\/www.cyan-dolphin-864669.hostingersite.com\/de\/\"},{\"@type\":\"ListItem\",\"position\":2,\"name\":\"Shop\",\"item\":\"https:\/\/themeholt.com\/shop\/\"},{\"@type\":\"ListItem\",\"position\":3,\"name\":\"Elementor Pro Essential Plan\"}]},{\"@type\":\"WebSite\",\"@id\":\"https:\/\/www.cyan-dolphin-864669.hostingersite.com\/de\/#website\",\"url\":\"https:\/\/www.cyan-dolphin-864669.hostingersite.com\/de\/\",\"name\":\"ThemeHolt\",\"description\":\"Themeholt is a website that offers high-quality WordPress themes\",\"publisher\":{\"@id\":\"https:\/\/www.cyan-dolphin-864669.hostingersite.com\/de\/#organization\"},\"potentialAction\":[{\"@type\":\"SearchAction\",\"target\":{\"@type\":\"EntryPoint\",\"urlTemplate\":\"https:\/\/www.cyan-dolphin-864669.hostingersite.com\/de\/?s={search_term_string}\"},\"query-input\":{\"@type\":\"PropertyValueSpecification\",\"valueRequired\":true,\"valueName\":\"search_term_string\"}}],\"inLanguage\":\"de\"},{\"@type\":\"Organization\",\"@id\":\"https:\/\/www.cyan-dolphin-864669.hostingersite.com\/de\/#organization\",\"name\":\"ThemeHolt\",\"alternateName\":\"ThemeHolt\",\"url\":\"https:\/\/www.cyan-dolphin-864669.hostingersite.com\/de\/\",\"logo\":{\"@type\":\"ImageObject\",\"inLanguage\":\"de\",\"@id\":\"https:\/\/www.cyan-dolphin-864669.hostingersite.com\/de\/#\/schema\/logo\/image\/\",\"url\":\"https:\/\/themeholt.com\/wp-content\/uploads\/2024\/10\/themeholt.png\",\"contentUrl\":\"https:\/\/themeholt.com\/wp-content\/uploads\/2024\/10\/themeholt.png\",\"width\":225,\"height\":225,\"caption\":\"ThemeHolt\"},\"image\":{\"@id\":\"https:\/\/www.cyan-dolphin-864669.hostingersite.com\/de\/#\/schema\/logo\/image\/\"},\"sameAs\":[\"https:\/\/www.facebook.com\/themeholtT\",\"https:\/\/x.com\/ThemeholtT\",\"https:\/\/www.linkedin.com\/company\/themeholt\",\"https:\/\/www.instagram.com\/themeholtt\/\"],\"description\":\"Themeholt is a website that offers high-quality WordPress themes that are easy to use and ready for just about everything. In Eindhoven, Netherlands, since 2020 offering simple, accessible WordPress themes by providing a variety of requirements. Themeholt focuses on practicality and efficiency, allowing faster project completion with its superior marketplace and easy-to-use templates.\",\"legalName\":\"ThemeHolt\",\"foundingDate\":\"2022-11-10\",\"numberOfEmployees\":{\"@type\":\"QuantitativeValue\",\"minValue\":\"51\",\"maxValue\":\"200\"}}]}<\/script>\n<!-- \/ Yoast SEO Premium plugin. -->","yoast_head_json":{"title":"Elementor Pro Essential Page Builder | Themeholt","description":"Get the Elementor Pro Essential Plan for website building. Enjoy advanced features, easy customization, and professional designs for your WordPress site.","robots":{"index":"index","follow":"follow","max-snippet":"max-snippet:-1","max-image-preview":"max-image-preview:large","max-video-preview":"max-video-preview:-1"},"canonical":"https:\/\/themeholt.com\/product\/elementor-pro-essential-plan\/","og_locale":"de_DE","og_type":"article","og_title":"Elementor Pro Essential Plan","og_description":"Get the Elementor Pro Essential Plan for website building. Enjoy advanced features, easy customization, and professional designs for your WordPress site.","og_url":"https:\/\/themeholt.com\/product\/elementor-pro-essential-plan\/","og_site_name":"ThemeHolt","article_publisher":"https:\/\/www.facebook.com\/themeholtT","article_modified_time":"2024-09-25T09:44:33+00:00","og_image":[{"width":768,"height":432,"url":"https:\/\/themeholt.com\/wp-content\/uploads\/2024\/02\/elementor-pro-768x432-1.jpg","type":"image\/jpeg"}],"twitter_card":"summary_large_image","twitter_site":"@ThemeholtT","twitter_misc":{"Gesch\u00e4tzte Lesezeit":"1\u00a0Minute"},"schema":{"@context":"https:\/\/schema.org","@graph":[{"@type":"WebPage","@id":"https:\/\/themeholt.com\/product\/elementor-pro-essential-plan\/","url":"https:\/\/themeholt.com\/product\/elementor-pro-essential-plan\/","name":"Elementor Pro Essential Page Builder | Themeholt","isPartOf":{"@id":"https:\/\/www.cyan-dolphin-864669.hostingersite.com\/de\/#website"},"primaryImageOfPage":{"@id":"https:\/\/themeholt.com\/product\/elementor-pro-essential-plan\/#primaryimage"},"image":{"@id":"https:\/\/themeholt.com\/product\/elementor-pro-essential-plan\/#primaryimage"},"thumbnailUrl":"https:\/\/themeholt.com\/wp-content\/uploads\/2024\/02\/elementor-pro-768x432-1.jpg","datePublished":"2024-02-29T04:58:52+00:00","dateModified":"2024-09-25T09:44:33+00:00","description":"Get the Elementor Pro Essential Plan for website building. Enjoy advanced features, easy customization, and professional designs for your WordPress site.","breadcrumb":{"@id":"https:\/\/themeholt.com\/product\/elementor-pro-essential-plan\/#breadcrumb"},"inLanguage":"de","potentialAction":[{"@type":"ReadAction","target":["https:\/\/themeholt.com\/product\/elementor-pro-essential-plan\/"]}]},{"@type":"ImageObject","inLanguage":"de","@id":"https:\/\/themeholt.com\/product\/elementor-pro-essential-plan\/#primaryimage","url":"https:\/\/themeholt.com\/wp-content\/uploads\/2024\/02\/elementor-pro-768x432-1.jpg","contentUrl":"https:\/\/themeholt.com\/wp-content\/uploads\/2024\/02\/elementor-pro-768x432-1.jpg","width":768,"height":432},{"@type":"BreadcrumbList","@id":"https:\/\/themeholt.com\/product\/elementor-pro-essential-plan\/#breadcrumb","itemListElement":[{"@type":"ListItem","position":1,"name":"Home","item":"https:\/\/www.cyan-dolphin-864669.hostingersite.com\/de\/"},{"@type":"ListItem","position":2,"name":"Shop","item":"https:\/\/themeholt.com\/shop\/"},{"@type":"ListItem","position":3,"name":"Elementor Pro Essential Plan"}]},{"@type":"WebSite","@id":"https:\/\/www.cyan-dolphin-864669.hostingersite.com\/de\/#website","url":"https:\/\/www.cyan-dolphin-864669.hostingersite.com\/de\/","name":"ThemeHolt","description":"Themeholt is a website that offers high-quality WordPress themes","publisher":{"@id":"https:\/\/www.cyan-dolphin-864669.hostingersite.com\/de\/#organization"},"potentialAction":[{"@type":"SearchAction","target":{"@type":"EntryPoint","urlTemplate":"https:\/\/www.cyan-dolphin-864669.hostingersite.com\/de\/?s={search_term_string}"},"query-input":{"@type":"PropertyValueSpecification","valueRequired":true,"valueName":"search_term_string"}}],"inLanguage":"de"},{"@type":"Organization","@id":"https:\/\/www.cyan-dolphin-864669.hostingersite.com\/de\/#organization","name":"ThemeHolt","alternateName":"ThemeHolt","url":"https:\/\/www.cyan-dolphin-864669.hostingersite.com\/de\/","logo":{"@type":"ImageObject","inLanguage":"de","@id":"https:\/\/www.cyan-dolphin-864669.hostingersite.com\/de\/#\/schema\/logo\/image\/","url":"https:\/\/themeholt.com\/wp-content\/uploads\/2024\/10\/themeholt.png","contentUrl":"https:\/\/themeholt.com\/wp-content\/uploads\/2024\/10\/themeholt.png","width":225,"height":225,"caption":"ThemeHolt"},"image":{"@id":"https:\/\/www.cyan-dolphin-864669.hostingersite.com\/de\/#\/schema\/logo\/image\/"},"sameAs":["https:\/\/www.facebook.com\/themeholtT","https:\/\/x.com\/ThemeholtT","https:\/\/www.linkedin.com\/company\/themeholt","https:\/\/www.instagram.com\/themeholtt\/"],"description":"Themeholt is a website that offers high-quality WordPress themes that are easy to use and ready for just about everything. In Eindhoven, Netherlands, since 2020 offering simple, accessible WordPress themes by providing a variety of requirements. Themeholt focuses on practicality and efficiency, allowing faster project completion with its superior marketplace and easy-to-use templates.","legalName":"ThemeHolt","foundingDate":"2022-11-10","numberOfEmployees":{"@type":"QuantitativeValue","minValue":"51","maxValue":"200"}}]}},"_links":{"self":[{"href":"https:\/\/themeholt.com\/de\/wp-json\/wp\/v2\/product\/9556","targetHints":{"allow":["GET"]}}],"collection":[{"href":"https:\/\/themeholt.com\/de\/wp-json\/wp\/v2\/product"}],"about":[{"href":"https:\/\/themeholt.com\/de\/wp-json\/wp\/v2\/types\/product"}],"wp:featuredmedia":[{"embeddable":true,"href":"https:\/\/themeholt.com\/de\/wp-json\/wp\/v2\/media\/9558"}],"wp:attachment":[{"href":"https:\/\/themeholt.com\/de\/wp-json\/wp\/v2\/media?parent=9556"}],"wp:term":[{"taxonomy":"product_brand","embeddable":true,"href":"https:\/\/themeholt.com\/de\/wp-json\/wp\/v2\/product_brand?post=9556"},{"taxonomy":"product_cat","embeddable":true,"href":"https:\/\/themeholt.com\/de\/wp-json\/wp\/v2\/product_cat?post=9556"},{"taxonomy":"product_tag","embeddable":true,"href":"https:\/\/themeholt.com\/de\/wp-json\/wp\/v2\/product_tag?post=9556"}],"curies":[{"name":"wp","href":"https:\/\/api.w.org\/{rel}","templated":true}]}}