{"id":9603,"date":"2023-10-11T08:15:26","date_gmt":"2023-10-11T08:15:26","guid":{"rendered":"https:\/\/themeholt.com\/product\/skat-corporatebusiness\/"},"modified":"2024-09-25T12:14:06","modified_gmt":"2024-09-25T12:14:06","slug":"skat-firmenkundengeschaeft","status":"publish","type":"product","link":"https:\/\/themeholt.com\/de\/product\/skat-firmenkundengeschaeft\/","title":{"rendered":"Skat Firmenkundengesch\u00e4ft"},"content":{"rendered":"<p>Skat Corporate Business Product ist eine vielseitige und umfassende Gesch\u00e4ftsl\u00f6sung, die auf die spezifischen Anforderungen von Konzernen und Unternehmen zugeschnitten ist.<strong>WordPress-Themes f\u00fcr Unternehmen<\/strong> bietet eine Reihe ma\u00dfgeschneiderter Funktionen und Dienste zur Optimierung der Unternehmensabl\u00e4ufe, Steigerung der Produktivit\u00e4t und Unterst\u00fctzung strategischer Entscheidungen.<\/p>\n<p>Ob Finanzmanagement, Projektverfolgung, HR-Funktionen oder Datenanalyse \u2013 das Skat Corporate Business-Produkt bietet eine einheitliche Plattform, mit der Unternehmen ihre Gesch\u00e4ftsprozesse effizient verwalten, betriebliche Komplexit\u00e4ten reduzieren und ihr Wachstum vorantreiben k\u00f6nnen. Mit seiner benutzerfreundlichen Oberfl\u00e4che und den anpassbaren Optionen ist dieses Produkt ein wertvolles Tool f\u00fcr Gro\u00dfunternehmen, die ihre Arbeitsabl\u00e4ufe optimieren und erfolgreicher sein m\u00f6chten.<\/p>\n","protected":false},"excerpt":{"rendered":"<ul>\n<li>Professionelles Design<\/li>\n<li>Responsives Layout<\/li>\n<li>SEO-optimiert<\/li>\n<li>Vollst\u00e4ndig anpassbar<\/li>\n<li>Elementor Page Builder<\/li>\n<li>WooCommerce-f\u00e4hig<\/li>\n<li>Integration mit Business-Tools<\/li>\n<\/ul>\n","protected":false},"featured_media":9604,"template":"","meta":{"_acf_changed":false,"inline_featured_image":false},"product_brand":[],"product_cat":[376],"product_tag":[377,378,379,380],"class_list":{"0":"post-9603","1":"product","2":"type-product","3":"status-publish","4":"has-post-thumbnail","6":"product_cat-corporate-business-de","7":"product_tag-affordable-corporate-business-de","8":"product_tag-corporate-business-de","9":"product_tag-corporate-style-de","10":"product_tag-corporate-theme-de","12":"first","13":"instock","14":"sale","15":"downloadable","16":"taxable","17":"shipping-taxable","18":"purchasable","19":"product-type-simple"},"acf":[],"yoast_head":"<!-- This site is optimized with the Yoast SEO Premium plugin v22.1 (Yoast SEO v26.0) - https:\/\/yoast.com\/wordpress\/plugins\/seo\/ -->\n<title>Skat Firmenkundengesch\u00e4ft | Firmenkundengesch\u00e4ft | Firmenstil<\/title>\n<meta name=\"description\" content=\"F\u00f6rdern Sie Ihren Firmenauftritt mit skat Corporate Business. Pr\u00e4sentieren Sie sich effizient mit schlichtem Design und kraftvollem Stil. Ihr Unternehmenserfolg beginnt hier!\" \/>\n<meta name=\"robots\" content=\"index, follow, max-snippet:-1, max-image-preview:large, max-video-preview:-1\" \/>\n<link rel=\"canonical\" href=\"https:\/\/themeholt.com\/de\/product\/skat-firmenkundengeschaeft\/\" \/>\n<meta property=\"og:locale\" content=\"de_DE\" \/>\n<meta property=\"og:type\" content=\"article\" \/>\n<meta property=\"og:title\" content=\"Skat Firmenkundengesch\u00e4ft\" \/>\n<meta property=\"og:description\" content=\"F\u00f6rdern Sie Ihren Firmenauftritt mit skat Corporate Business. Pr\u00e4sentieren Sie sich effizient mit schlichtem Design und kraftvollem Stil. Ihr Unternehmenserfolg beginnt hier!\" \/>\n<meta property=\"og:url\" content=\"https:\/\/themeholt.com\/de\/product\/skat-firmenkundengeschaeft\/\" \/>\n<meta property=\"og:site_name\" content=\"ThemeHolt\" \/>\n<meta property=\"article:publisher\" content=\"https:\/\/www.facebook.com\/themeholtT\" \/>\n<meta property=\"article:modified_time\" content=\"2024-09-25T12:14:06+00:00\" \/>\n<meta property=\"og:image\" content=\"https:\/\/themeholt.com\/wp-content\/uploads\/2023\/10\/56-1.png\" \/>\n\t<meta property=\"og:image:width\" content=\"1365\" \/>\n\t<meta property=\"og:image:height\" content=\"1296\" \/>\n\t<meta property=\"og:image:type\" content=\"image\/png\" \/>\n<meta name=\"twitter:card\" content=\"summary_large_image\" \/>\n<meta name=\"twitter:site\" content=\"@ThemeholtT\" \/>\n<meta name=\"twitter:label1\" content=\"Gesch\u00e4tzte Lesezeit\" \/>\n\t<meta name=\"twitter:data1\" content=\"1\u00a0Minute\" \/>\n<script type=\"application\/ld+json\" class=\"yoast-schema-graph\">{\"@context\":\"https:\/\/schema.org\",\"@graph\":[{\"@type\":\"WebPage\",\"@id\":\"https:\/\/themeholt.com\/de\/product\/skat-firmenkundengeschaeft\/\",\"url\":\"https:\/\/themeholt.com\/de\/product\/skat-firmenkundengeschaeft\/\",\"name\":\"Skat Firmenkundengesch\u00e4ft | Firmenkundengesch\u00e4ft | Firmenstil\",\"isPartOf\":{\"@id\":\"https:\/\/themeholt.com\/#website\"},\"primaryImageOfPage\":{\"@id\":\"https:\/\/themeholt.com\/de\/product\/skat-firmenkundengeschaeft\/#primaryimage\"},\"image\":{\"@id\":\"https:\/\/themeholt.com\/de\/product\/skat-firmenkundengeschaeft\/#primaryimage\"},\"thumbnailUrl\":\"https:\/\/themeholt.com\/wp-content\/uploads\/2023\/10\/56-1.png\",\"datePublished\":\"2023-10-11T08:15:26+00:00\",\"dateModified\":\"2024-09-25T12:14:06+00:00\",\"description\":\"F\u00f6rdern Sie Ihren Firmenauftritt mit skat Corporate Business. Pr\u00e4sentieren Sie sich effizient mit schlichtem Design und kraftvollem Stil. Ihr Unternehmenserfolg beginnt hier!\",\"breadcrumb\":{\"@id\":\"https:\/\/themeholt.com\/de\/product\/skat-firmenkundengeschaeft\/#breadcrumb\"},\"inLanguage\":\"de\",\"potentialAction\":[{\"@type\":\"ReadAction\",\"target\":[\"https:\/\/themeholt.com\/de\/product\/skat-firmenkundengeschaeft\/\"]}]},{\"@type\":\"ImageObject\",\"inLanguage\":\"de\",\"@id\":\"https:\/\/themeholt.com\/de\/product\/skat-firmenkundengeschaeft\/#primaryimage\",\"url\":\"https:\/\/themeholt.com\/wp-content\/uploads\/2023\/10\/56-1.png\",\"contentUrl\":\"https:\/\/themeholt.com\/wp-content\/uploads\/2023\/10\/56-1.png\",\"width\":1365,\"height\":1296},{\"@type\":\"BreadcrumbList\",\"@id\":\"https:\/\/themeholt.com\/de\/product\/skat-firmenkundengeschaeft\/#breadcrumb\",\"itemListElement\":[{\"@type\":\"ListItem\",\"position\":1,\"name\":\"Home\",\"item\":\"https:\/\/themeholt.com\/de\/\"},{\"@type\":\"ListItem\",\"position\":2,\"name\":\"Shop\",\"item\":\"https:\/\/themeholt.com\/shop\/\"},{\"@type\":\"ListItem\",\"position\":3,\"name\":\"Skat Firmenkundengesch\u00e4ft\"}]},{\"@type\":\"WebSite\",\"@id\":\"https:\/\/themeholt.com\/#website\",\"url\":\"https:\/\/themeholt.com\/\",\"name\":\"ThemeHolt\",\"description\":\"Themeholt is a website that offers high-quality WordPress themes\",\"publisher\":{\"@id\":\"https:\/\/themeholt.com\/#organization\"},\"potentialAction\":[{\"@type\":\"SearchAction\",\"target\":{\"@type\":\"EntryPoint\",\"urlTemplate\":\"https:\/\/themeholt.com\/?s={search_term_string}\"},\"query-input\":{\"@type\":\"PropertyValueSpecification\",\"valueRequired\":true,\"valueName\":\"search_term_string\"}}],\"inLanguage\":\"de\"},{\"@type\":\"Organization\",\"@id\":\"https:\/\/themeholt.com\/#organization\",\"name\":\"ThemeHolt\",\"alternateName\":\"ThemeHolt\",\"url\":\"https:\/\/themeholt.com\/\",\"logo\":{\"@type\":\"ImageObject\",\"inLanguage\":\"de\",\"@id\":\"https:\/\/themeholt.com\/#\/schema\/logo\/image\/\",\"url\":\"https:\/\/themeholt.com\/wp-content\/uploads\/2024\/10\/themeholt.png\",\"contentUrl\":\"https:\/\/themeholt.com\/wp-content\/uploads\/2024\/10\/themeholt.png\",\"width\":225,\"height\":225,\"caption\":\"ThemeHolt\"},\"image\":{\"@id\":\"https:\/\/themeholt.com\/#\/schema\/logo\/image\/\"},\"sameAs\":[\"https:\/\/www.facebook.com\/themeholtT\",\"https:\/\/x.com\/ThemeholtT\",\"https:\/\/www.linkedin.com\/company\/themeholt\",\"https:\/\/www.instagram.com\/themeholtt\/\"],\"description\":\"Themeholt is a website that offers high-quality WordPress themes that are easy to use and ready for just about everything. In Eindhoven, Netherlands, since 2020 offering simple, accessible WordPress themes by providing a variety of requirements. Themeholt focuses on practicality and efficiency, allowing faster project completion with its superior marketplace and easy-to-use templates.\",\"legalName\":\"ThemeHolt\",\"foundingDate\":\"2022-11-10\",\"numberOfEmployees\":{\"@type\":\"QuantitativeValue\",\"minValue\":\"51\",\"maxValue\":\"200\"}}]}<\/script>\n<!-- \/ Yoast SEO Premium plugin. -->","yoast_head_json":{"title":"Skat Firmenkundengesch\u00e4ft | Firmenkundengesch\u00e4ft | Firmenstil","description":"F\u00f6rdern Sie Ihren Firmenauftritt mit skat Corporate Business. Pr\u00e4sentieren Sie sich effizient mit schlichtem Design und kraftvollem Stil. Ihr Unternehmenserfolg beginnt hier!","robots":{"index":"index","follow":"follow","max-snippet":"max-snippet:-1","max-image-preview":"max-image-preview:large","max-video-preview":"max-video-preview:-1"},"canonical":"https:\/\/themeholt.com\/de\/product\/skat-firmenkundengeschaeft\/","og_locale":"de_DE","og_type":"article","og_title":"Skat Firmenkundengesch\u00e4ft","og_description":"F\u00f6rdern Sie Ihren Firmenauftritt mit skat Corporate Business. Pr\u00e4sentieren Sie sich effizient mit schlichtem Design und kraftvollem Stil. Ihr Unternehmenserfolg beginnt hier!","og_url":"https:\/\/themeholt.com\/de\/product\/skat-firmenkundengeschaeft\/","og_site_name":"ThemeHolt","article_publisher":"https:\/\/www.facebook.com\/themeholtT","article_modified_time":"2024-09-25T12:14:06+00:00","og_image":[{"width":1365,"height":1296,"url":"https:\/\/themeholt.com\/wp-content\/uploads\/2023\/10\/56-1.png","type":"image\/png"}],"twitter_card":"summary_large_image","twitter_site":"@ThemeholtT","twitter_misc":{"Gesch\u00e4tzte Lesezeit":"1\u00a0Minute"},"schema":{"@context":"https:\/\/schema.org","@graph":[{"@type":"WebPage","@id":"https:\/\/themeholt.com\/de\/product\/skat-firmenkundengeschaeft\/","url":"https:\/\/themeholt.com\/de\/product\/skat-firmenkundengeschaeft\/","name":"Skat Firmenkundengesch\u00e4ft | Firmenkundengesch\u00e4ft | Firmenstil","isPartOf":{"@id":"https:\/\/themeholt.com\/#website"},"primaryImageOfPage":{"@id":"https:\/\/themeholt.com\/de\/product\/skat-firmenkundengeschaeft\/#primaryimage"},"image":{"@id":"https:\/\/themeholt.com\/de\/product\/skat-firmenkundengeschaeft\/#primaryimage"},"thumbnailUrl":"https:\/\/themeholt.com\/wp-content\/uploads\/2023\/10\/56-1.png","datePublished":"2023-10-11T08:15:26+00:00","dateModified":"2024-09-25T12:14:06+00:00","description":"F\u00f6rdern Sie Ihren Firmenauftritt mit skat Corporate Business. Pr\u00e4sentieren Sie sich effizient mit schlichtem Design und kraftvollem Stil. Ihr Unternehmenserfolg beginnt hier!","breadcrumb":{"@id":"https:\/\/themeholt.com\/de\/product\/skat-firmenkundengeschaeft\/#breadcrumb"},"inLanguage":"de","potentialAction":[{"@type":"ReadAction","target":["https:\/\/themeholt.com\/de\/product\/skat-firmenkundengeschaeft\/"]}]},{"@type":"ImageObject","inLanguage":"de","@id":"https:\/\/themeholt.com\/de\/product\/skat-firmenkundengeschaeft\/#primaryimage","url":"https:\/\/themeholt.com\/wp-content\/uploads\/2023\/10\/56-1.png","contentUrl":"https:\/\/themeholt.com\/wp-content\/uploads\/2023\/10\/56-1.png","width":1365,"height":1296},{"@type":"BreadcrumbList","@id":"https:\/\/themeholt.com\/de\/product\/skat-firmenkundengeschaeft\/#breadcrumb","itemListElement":[{"@type":"ListItem","position":1,"name":"Home","item":"https:\/\/themeholt.com\/de\/"},{"@type":"ListItem","position":2,"name":"Shop","item":"https:\/\/themeholt.com\/shop\/"},{"@type":"ListItem","position":3,"name":"Skat Firmenkundengesch\u00e4ft"}]},{"@type":"WebSite","@id":"https:\/\/themeholt.com\/#website","url":"https:\/\/themeholt.com\/","name":"ThemeHolt","description":"Themeholt is a website that offers high-quality WordPress themes","publisher":{"@id":"https:\/\/themeholt.com\/#organization"},"potentialAction":[{"@type":"SearchAction","target":{"@type":"EntryPoint","urlTemplate":"https:\/\/themeholt.com\/?s={search_term_string}"},"query-input":{"@type":"PropertyValueSpecification","valueRequired":true,"valueName":"search_term_string"}}],"inLanguage":"de"},{"@type":"Organization","@id":"https:\/\/themeholt.com\/#organization","name":"ThemeHolt","alternateName":"ThemeHolt","url":"https:\/\/themeholt.com\/","logo":{"@type":"ImageObject","inLanguage":"de","@id":"https:\/\/themeholt.com\/#\/schema\/logo\/image\/","url":"https:\/\/themeholt.com\/wp-content\/uploads\/2024\/10\/themeholt.png","contentUrl":"https:\/\/themeholt.com\/wp-content\/uploads\/2024\/10\/themeholt.png","width":225,"height":225,"caption":"ThemeHolt"},"image":{"@id":"https:\/\/themeholt.com\/#\/schema\/logo\/image\/"},"sameAs":["https:\/\/www.facebook.com\/themeholtT","https:\/\/x.com\/ThemeholtT","https:\/\/www.linkedin.com\/company\/themeholt","https:\/\/www.instagram.com\/themeholtt\/"],"description":"Themeholt is a website that offers high-quality WordPress themes that are easy to use and ready for just about everything. In Eindhoven, Netherlands, since 2020 offering simple, accessible WordPress themes by providing a variety of requirements. Themeholt focuses on practicality and efficiency, allowing faster project completion with its superior marketplace and easy-to-use templates.","legalName":"ThemeHolt","foundingDate":"2022-11-10","numberOfEmployees":{"@type":"QuantitativeValue","minValue":"51","maxValue":"200"}}]}},"_links":{"self":[{"href":"https:\/\/themeholt.com\/de\/wp-json\/wp\/v2\/product\/9603","targetHints":{"allow":["GET"]}}],"collection":[{"href":"https:\/\/themeholt.com\/de\/wp-json\/wp\/v2\/product"}],"about":[{"href":"https:\/\/themeholt.com\/de\/wp-json\/wp\/v2\/types\/product"}],"wp:featuredmedia":[{"embeddable":true,"href":"https:\/\/themeholt.com\/de\/wp-json\/wp\/v2\/media\/9604"}],"wp:attachment":[{"href":"https:\/\/themeholt.com\/de\/wp-json\/wp\/v2\/media?parent=9603"}],"wp:term":[{"taxonomy":"product_brand","embeddable":true,"href":"https:\/\/themeholt.com\/de\/wp-json\/wp\/v2\/product_brand?post=9603"},{"taxonomy":"product_cat","embeddable":true,"href":"https:\/\/themeholt.com\/de\/wp-json\/wp\/v2\/product_cat?post=9603"},{"taxonomy":"product_tag","embeddable":true,"href":"https:\/\/themeholt.com\/de\/wp-json\/wp\/v2\/product_tag?post=9603"}],"curies":[{"name":"wp","href":"https:\/\/api.w.org\/{rel}","templated":true}]}}