{"id":9608,"date":"2023-10-11T08:13:18","date_gmt":"2023-10-11T08:13:18","guid":{"rendered":"https:\/\/themeholt.com\/product\/gocorps-corporate-business-service\/"},"modified":"2024-09-25T10:27:36","modified_gmt":"2024-09-25T10:27:36","slug":"gocorps-unternehmensdienstleistungen","status":"publish","type":"product","link":"https:\/\/themeholt.com\/de\/product\/gocorps-unternehmensdienstleistungen\/","title":{"rendered":"Gocorps Unternehmensdienstleistungen"},"content":{"rendered":"<p>Der GoCorps WordPress Corporate Business Service ist die ultimative L\u00f6sung f\u00fcr Unternehmen, die ihre Webpr\u00e4senz verbessern und ihre Gesch\u00e4ftsprozesse optimieren m\u00f6chten. Dieser Service wurde f\u00fcr die moderne Unternehmenslandschaft entwickelt und ist eine umfassende, benutzerfreundliche und vielseitige Plattform, die Unternehmen zu Spitzenleistungen verhilft.<\/p>\n<p>Im Mittelpunkt von GoCorps steht das Engagement f\u00fcr reibungslose Abl\u00e4ufe. Es bietet eine Reihe von Funktionen, die verschiedene Aspekte des Unternehmensmanagements optimieren sollen, von der Finanzverfolgung und Personalverwaltung bis hin zur Projekt- und Aufgabenkoordination. Die benutzerfreundliche Oberfl\u00e4che stellt sicher, dass Unternehmen ihre t\u00e4glichen Abl\u00e4ufe effizient verwalten und gleichzeitig die Komplexit\u00e4t reduzieren k\u00f6nnen.<\/p>\n","protected":false},"excerpt":{"rendered":"<ul>\n<li>Klares Design<\/li>\n<li>Professionelles Erscheinungsbild<\/li>\n<li>Reaktionsf\u00e4higes Layout<\/li>\n<li>SEO optimiert<\/li>\n<li>Vollst\u00e4ndig anpassbares Design<\/li>\n<li>Elementor-Seitenersteller<\/li>\n<li>WooCommerce-f\u00e4hig<\/li>\n<li>Sicherheit und Compliance<\/li>\n<\/ul>\n","protected":false},"featured_media":9609,"template":"","meta":{"_acf_changed":false,"inline_featured_image":false},"product_brand":[],"product_cat":[376],"product_tag":[377,381,382,383],"class_list":{"0":"post-9608","1":"product","2":"type-product","3":"status-publish","4":"has-post-thumbnail","6":"product_cat-corporate-business-de","7":"product_tag-affordable-corporate-business-de","8":"product_tag-corporate-business-service-de","9":"product_tag-corporate-design-de","10":"product_tag-professional-theme-de","12":"first","13":"instock","14":"sale","15":"downloadable","16":"taxable","17":"shipping-taxable","18":"purchasable","19":"product-type-simple"},"acf":[],"yoast_head":"<!-- This site is optimized with the Yoast SEO Premium plugin v22.1 (Yoast SEO v26.0) - https:\/\/yoast.com\/wordpress\/plugins\/seo\/ -->\n<title>GoCorps Corporate Business Service | Corporate Style | Themeholt<\/title>\n<meta name=\"description\" content=\"Transform your business image with gocorps corporate business service .Take your brand to new heights with corporate style themes from Themeholt. Shop now!\" \/>\n<meta name=\"robots\" content=\"index, follow, max-snippet:-1, max-image-preview:large, max-video-preview:-1\" \/>\n<link rel=\"canonical\" href=\"https:\/\/themeholt.com\/de\/product\/gocorps-unternehmensdienstleistungen\/\" \/>\n<meta property=\"og:locale\" content=\"de_DE\" \/>\n<meta property=\"og:type\" content=\"article\" \/>\n<meta property=\"og:title\" content=\"Gocorps Unternehmensdienstleistungen\" \/>\n<meta property=\"og:description\" content=\"Transform your business image with gocorps corporate business service .Take your brand to new heights with corporate style themes from Themeholt. Shop now!\" \/>\n<meta property=\"og:url\" content=\"https:\/\/themeholt.com\/de\/product\/gocorps-unternehmensdienstleistungen\/\" \/>\n<meta property=\"og:site_name\" content=\"ThemeHolt\" \/>\n<meta property=\"article:publisher\" content=\"https:\/\/www.facebook.com\/themeholtT\" \/>\n<meta property=\"article:modified_time\" content=\"2024-09-25T10:27:36+00:00\" \/>\n<meta property=\"og:image\" content=\"https:\/\/themeholt.com\/wp-content\/uploads\/2023\/10\/51-1.png\" \/>\n\t<meta property=\"og:image:width\" content=\"1365\" \/>\n\t<meta property=\"og:image:height\" content=\"1092\" \/>\n\t<meta property=\"og:image:type\" content=\"image\/png\" \/>\n<meta name=\"twitter:card\" content=\"summary_large_image\" \/>\n<meta name=\"twitter:site\" content=\"@ThemeholtT\" \/>\n<meta name=\"twitter:label1\" content=\"Gesch\u00e4tzte Lesezeit\" \/>\n\t<meta name=\"twitter:data1\" content=\"1\u00a0Minute\" \/>\n<script type=\"application\/ld+json\" class=\"yoast-schema-graph\">{\"@context\":\"https:\/\/schema.org\",\"@graph\":[{\"@type\":\"WebPage\",\"@id\":\"https:\/\/themeholt.com\/de\/product\/gocorps-unternehmensdienstleistungen\/\",\"url\":\"https:\/\/themeholt.com\/de\/product\/gocorps-unternehmensdienstleistungen\/\",\"name\":\"GoCorps Corporate Business Service | Corporate Style | Themeholt\",\"isPartOf\":{\"@id\":\"https:\/\/themeholt.com\/#website\"},\"primaryImageOfPage\":{\"@id\":\"https:\/\/themeholt.com\/de\/product\/gocorps-unternehmensdienstleistungen\/#primaryimage\"},\"image\":{\"@id\":\"https:\/\/themeholt.com\/de\/product\/gocorps-unternehmensdienstleistungen\/#primaryimage\"},\"thumbnailUrl\":\"https:\/\/themeholt.com\/wp-content\/uploads\/2023\/10\/51-1.png\",\"datePublished\":\"2023-10-11T08:13:18+00:00\",\"dateModified\":\"2024-09-25T10:27:36+00:00\",\"description\":\"Transform your business image with gocorps corporate business service .Take your brand to new heights with corporate style themes from Themeholt. Shop now!\",\"breadcrumb\":{\"@id\":\"https:\/\/themeholt.com\/de\/product\/gocorps-unternehmensdienstleistungen\/#breadcrumb\"},\"inLanguage\":\"de\",\"potentialAction\":[{\"@type\":\"ReadAction\",\"target\":[\"https:\/\/themeholt.com\/de\/product\/gocorps-unternehmensdienstleistungen\/\"]}]},{\"@type\":\"ImageObject\",\"inLanguage\":\"de\",\"@id\":\"https:\/\/themeholt.com\/de\/product\/gocorps-unternehmensdienstleistungen\/#primaryimage\",\"url\":\"https:\/\/themeholt.com\/wp-content\/uploads\/2023\/10\/51-1.png\",\"contentUrl\":\"https:\/\/themeholt.com\/wp-content\/uploads\/2023\/10\/51-1.png\",\"width\":1365,\"height\":1092},{\"@type\":\"BreadcrumbList\",\"@id\":\"https:\/\/themeholt.com\/de\/product\/gocorps-unternehmensdienstleistungen\/#breadcrumb\",\"itemListElement\":[{\"@type\":\"ListItem\",\"position\":1,\"name\":\"Home\",\"item\":\"https:\/\/themeholt.com\/de\/\"},{\"@type\":\"ListItem\",\"position\":2,\"name\":\"Shop\",\"item\":\"https:\/\/themeholt.com\/shop\/\"},{\"@type\":\"ListItem\",\"position\":3,\"name\":\"Gocorps Unternehmensdienstleistungen\"}]},{\"@type\":\"WebSite\",\"@id\":\"https:\/\/themeholt.com\/#website\",\"url\":\"https:\/\/themeholt.com\/\",\"name\":\"ThemeHolt\",\"description\":\"Themeholt is a website that offers high-quality WordPress themes\",\"publisher\":{\"@id\":\"https:\/\/themeholt.com\/#organization\"},\"potentialAction\":[{\"@type\":\"SearchAction\",\"target\":{\"@type\":\"EntryPoint\",\"urlTemplate\":\"https:\/\/themeholt.com\/?s={search_term_string}\"},\"query-input\":{\"@type\":\"PropertyValueSpecification\",\"valueRequired\":true,\"valueName\":\"search_term_string\"}}],\"inLanguage\":\"de\"},{\"@type\":\"Organization\",\"@id\":\"https:\/\/themeholt.com\/#organization\",\"name\":\"ThemeHolt\",\"alternateName\":\"ThemeHolt\",\"url\":\"https:\/\/themeholt.com\/\",\"logo\":{\"@type\":\"ImageObject\",\"inLanguage\":\"de\",\"@id\":\"https:\/\/themeholt.com\/#\/schema\/logo\/image\/\",\"url\":\"https:\/\/themeholt.com\/wp-content\/uploads\/2024\/10\/themeholt.png\",\"contentUrl\":\"https:\/\/themeholt.com\/wp-content\/uploads\/2024\/10\/themeholt.png\",\"width\":225,\"height\":225,\"caption\":\"ThemeHolt\"},\"image\":{\"@id\":\"https:\/\/themeholt.com\/#\/schema\/logo\/image\/\"},\"sameAs\":[\"https:\/\/www.facebook.com\/themeholtT\",\"https:\/\/x.com\/ThemeholtT\",\"https:\/\/www.linkedin.com\/company\/themeholt\",\"https:\/\/www.instagram.com\/themeholtt\/\"],\"description\":\"Themeholt is a website that offers high-quality WordPress themes that are easy to use and ready for just about everything. In Eindhoven, Netherlands, since 2020 offering simple, accessible WordPress themes by providing a variety of requirements. Themeholt focuses on practicality and efficiency, allowing faster project completion with its superior marketplace and easy-to-use templates.\",\"legalName\":\"ThemeHolt\",\"foundingDate\":\"2022-11-10\",\"numberOfEmployees\":{\"@type\":\"QuantitativeValue\",\"minValue\":\"51\",\"maxValue\":\"200\"}}]}<\/script>\n<!-- \/ Yoast SEO Premium plugin. -->","yoast_head_json":{"title":"GoCorps Corporate Business Service | Corporate Style | Themeholt","description":"Transform your business image with gocorps corporate business service .Take your brand to new heights with corporate style themes from Themeholt. Shop now!","robots":{"index":"index","follow":"follow","max-snippet":"max-snippet:-1","max-image-preview":"max-image-preview:large","max-video-preview":"max-video-preview:-1"},"canonical":"https:\/\/themeholt.com\/de\/product\/gocorps-unternehmensdienstleistungen\/","og_locale":"de_DE","og_type":"article","og_title":"Gocorps Unternehmensdienstleistungen","og_description":"Transform your business image with gocorps corporate business service .Take your brand to new heights with corporate style themes from Themeholt. Shop now!","og_url":"https:\/\/themeholt.com\/de\/product\/gocorps-unternehmensdienstleistungen\/","og_site_name":"ThemeHolt","article_publisher":"https:\/\/www.facebook.com\/themeholtT","article_modified_time":"2024-09-25T10:27:36+00:00","og_image":[{"width":1365,"height":1092,"url":"https:\/\/themeholt.com\/wp-content\/uploads\/2023\/10\/51-1.png","type":"image\/png"}],"twitter_card":"summary_large_image","twitter_site":"@ThemeholtT","twitter_misc":{"Gesch\u00e4tzte Lesezeit":"1\u00a0Minute"},"schema":{"@context":"https:\/\/schema.org","@graph":[{"@type":"WebPage","@id":"https:\/\/themeholt.com\/de\/product\/gocorps-unternehmensdienstleistungen\/","url":"https:\/\/themeholt.com\/de\/product\/gocorps-unternehmensdienstleistungen\/","name":"GoCorps Corporate Business Service | Corporate Style | Themeholt","isPartOf":{"@id":"https:\/\/themeholt.com\/#website"},"primaryImageOfPage":{"@id":"https:\/\/themeholt.com\/de\/product\/gocorps-unternehmensdienstleistungen\/#primaryimage"},"image":{"@id":"https:\/\/themeholt.com\/de\/product\/gocorps-unternehmensdienstleistungen\/#primaryimage"},"thumbnailUrl":"https:\/\/themeholt.com\/wp-content\/uploads\/2023\/10\/51-1.png","datePublished":"2023-10-11T08:13:18+00:00","dateModified":"2024-09-25T10:27:36+00:00","description":"Transform your business image with gocorps corporate business service .Take your brand to new heights with corporate style themes from Themeholt. Shop now!","breadcrumb":{"@id":"https:\/\/themeholt.com\/de\/product\/gocorps-unternehmensdienstleistungen\/#breadcrumb"},"inLanguage":"de","potentialAction":[{"@type":"ReadAction","target":["https:\/\/themeholt.com\/de\/product\/gocorps-unternehmensdienstleistungen\/"]}]},{"@type":"ImageObject","inLanguage":"de","@id":"https:\/\/themeholt.com\/de\/product\/gocorps-unternehmensdienstleistungen\/#primaryimage","url":"https:\/\/themeholt.com\/wp-content\/uploads\/2023\/10\/51-1.png","contentUrl":"https:\/\/themeholt.com\/wp-content\/uploads\/2023\/10\/51-1.png","width":1365,"height":1092},{"@type":"BreadcrumbList","@id":"https:\/\/themeholt.com\/de\/product\/gocorps-unternehmensdienstleistungen\/#breadcrumb","itemListElement":[{"@type":"ListItem","position":1,"name":"Home","item":"https:\/\/themeholt.com\/de\/"},{"@type":"ListItem","position":2,"name":"Shop","item":"https:\/\/themeholt.com\/shop\/"},{"@type":"ListItem","position":3,"name":"Gocorps Unternehmensdienstleistungen"}]},{"@type":"WebSite","@id":"https:\/\/themeholt.com\/#website","url":"https:\/\/themeholt.com\/","name":"ThemeHolt","description":"Themeholt is a website that offers high-quality WordPress themes","publisher":{"@id":"https:\/\/themeholt.com\/#organization"},"potentialAction":[{"@type":"SearchAction","target":{"@type":"EntryPoint","urlTemplate":"https:\/\/themeholt.com\/?s={search_term_string}"},"query-input":{"@type":"PropertyValueSpecification","valueRequired":true,"valueName":"search_term_string"}}],"inLanguage":"de"},{"@type":"Organization","@id":"https:\/\/themeholt.com\/#organization","name":"ThemeHolt","alternateName":"ThemeHolt","url":"https:\/\/themeholt.com\/","logo":{"@type":"ImageObject","inLanguage":"de","@id":"https:\/\/themeholt.com\/#\/schema\/logo\/image\/","url":"https:\/\/themeholt.com\/wp-content\/uploads\/2024\/10\/themeholt.png","contentUrl":"https:\/\/themeholt.com\/wp-content\/uploads\/2024\/10\/themeholt.png","width":225,"height":225,"caption":"ThemeHolt"},"image":{"@id":"https:\/\/themeholt.com\/#\/schema\/logo\/image\/"},"sameAs":["https:\/\/www.facebook.com\/themeholtT","https:\/\/x.com\/ThemeholtT","https:\/\/www.linkedin.com\/company\/themeholt","https:\/\/www.instagram.com\/themeholtt\/"],"description":"Themeholt is a website that offers high-quality WordPress themes that are easy to use and ready for just about everything. In Eindhoven, Netherlands, since 2020 offering simple, accessible WordPress themes by providing a variety of requirements. Themeholt focuses on practicality and efficiency, allowing faster project completion with its superior marketplace and easy-to-use templates.","legalName":"ThemeHolt","foundingDate":"2022-11-10","numberOfEmployees":{"@type":"QuantitativeValue","minValue":"51","maxValue":"200"}}]}},"_links":{"self":[{"href":"https:\/\/themeholt.com\/de\/wp-json\/wp\/v2\/product\/9608","targetHints":{"allow":["GET"]}}],"collection":[{"href":"https:\/\/themeholt.com\/de\/wp-json\/wp\/v2\/product"}],"about":[{"href":"https:\/\/themeholt.com\/de\/wp-json\/wp\/v2\/types\/product"}],"wp:featuredmedia":[{"embeddable":true,"href":"https:\/\/themeholt.com\/de\/wp-json\/wp\/v2\/media\/9609"}],"wp:attachment":[{"href":"https:\/\/themeholt.com\/de\/wp-json\/wp\/v2\/media?parent=9608"}],"wp:term":[{"taxonomy":"product_brand","embeddable":true,"href":"https:\/\/themeholt.com\/de\/wp-json\/wp\/v2\/product_brand?post=9608"},{"taxonomy":"product_cat","embeddable":true,"href":"https:\/\/themeholt.com\/de\/wp-json\/wp\/v2\/product_cat?post=9608"},{"taxonomy":"product_tag","embeddable":true,"href":"https:\/\/themeholt.com\/de\/wp-json\/wp\/v2\/product_tag?post=9608"}],"curies":[{"name":"wp","href":"https:\/\/api.w.org\/{rel}","templated":true}]}}