{"id":9613,"date":"2023-10-11T07:31:04","date_gmt":"2023-10-11T07:31:04","guid":{"rendered":"https:\/\/themeholt.com\/product\/taxation-tax-advisor-financial-consulting\/"},"modified":"2024-09-25T10:32:48","modified_gmt":"2024-09-25T10:32:48","slug":"steuern-steuerberater-finanzberatung","status":"publish","type":"product","link":"https:\/\/themeholt.com\/de\/product\/steuern-steuerberater-finanzberatung\/","title":{"rendered":"Steuern Steuerberater Finanzberatung"},"content":{"rendered":"<p>Das \u201eTaxation Tax Advisor Financial Consulting WordPress Theme\u201c ist ein leistungsstarkes und vielseitiges Website-Theme, das speziell f\u00fcr Fachleute und Unternehmen im Bereich Steuern, Finanzberatung und Consulting entwickelt wurde. Dieses Theme wurde sorgf\u00e4ltig entwickelt, um die besonderen Anforderungen von Unternehmen und Einzelpersonen zu erf\u00fcllen, die steuerbezogene Dienstleistungen anbieten, und ist daher die ideale Wahl f\u00fcr die Erstellung einer professionellen und informativen Online-Pr\u00e4senz.<\/p>\n<p>Es bietet eine umfassende L\u00f6sung f\u00fcr Steuerfachleute und Finanzberater, um eine professionelle Online-Pr\u00e4senz aufzubauen, Kunden zu gewinnen und wertvolle Ressourcen und Dienstleistungen im Bereich Steuern und Finanzen bereitzustellen. Es ist ein unverzichtbares Tool f\u00fcr alle, die ihr Steuer- und Finanzberatungsgesch\u00e4ft ausbauen m\u00f6chten.<\/p>\n","protected":false},"excerpt":{"rendered":"<ul>\n<li>Ressourcenfreigabe<\/li>\n<li>Reaktionsschnell und benutzerfreundlich<\/li>\n<li>Inhaltsflexibilit\u00e4t<\/li>\n<li>Professionelles Design<\/li>\n<li>Reaktionsf\u00e4higes Layout<\/li>\n<li>SEO optimiert<\/li>\n<li>Vollst\u00e4ndig anpassbares Design<\/li>\n<\/ul>\n","protected":false},"featured_media":9614,"template":"","meta":{"_acf_changed":false,"inline_featured_image":false},"product_brand":[],"product_cat":[376],"product_tag":[377,384,385,386],"class_list":{"0":"post-9613","1":"product","2":"type-product","3":"status-publish","4":"has-post-thumbnail","6":"product_cat-corporate-business-de","7":"product_tag-affordable-corporate-business-de","8":"product_tag-financial-consulting-theme-de","9":"product_tag-professionals-financial-consulting-de","10":"product_tag-tax-advisor-de","12":"first","13":"instock","14":"sale","15":"downloadable","16":"taxable","17":"shipping-taxable","18":"purchasable","19":"product-type-simple"},"acf":[],"yoast_head":"<!-- This site is optimized with the Yoast SEO Premium plugin v22.1 (Yoast SEO v26.0) - https:\/\/yoast.com\/wordpress\/plugins\/seo\/ -->\n<title>Taxation Tax Advisor Financial Consulting | Themeholt<\/title>\n<meta name=\"description\" content=\"Maximize savings with expert taxation tax advisor financial consulting themes . Strategic financial consulting for smarter taxation at Themeholt .\" \/>\n<meta name=\"robots\" content=\"index, follow, max-snippet:-1, max-image-preview:large, max-video-preview:-1\" \/>\n<link rel=\"canonical\" href=\"https:\/\/themeholt.com\/de\/product\/steuern-steuerberater-finanzberatung\/\" \/>\n<meta property=\"og:locale\" content=\"de_DE\" \/>\n<meta property=\"og:type\" content=\"article\" \/>\n<meta property=\"og:title\" content=\"Steuern Steuerberater Finanzberatung\" \/>\n<meta property=\"og:description\" content=\"Maximize savings with expert taxation tax advisor financial consulting themes . Strategic financial consulting for smarter taxation at Themeholt .\" \/>\n<meta property=\"og:url\" content=\"https:\/\/themeholt.com\/de\/product\/steuern-steuerberater-finanzberatung\/\" \/>\n<meta property=\"og:site_name\" content=\"ThemeHolt\" \/>\n<meta property=\"article:publisher\" content=\"https:\/\/www.facebook.com\/themeholtT\" \/>\n<meta property=\"article:modified_time\" content=\"2024-09-25T10:32:48+00:00\" \/>\n<meta property=\"og:image\" content=\"https:\/\/themeholt.com\/wp-content\/uploads\/2023\/10\/46-2.png\" \/>\n\t<meta property=\"og:image:width\" content=\"1355\" \/>\n\t<meta property=\"og:image:height\" content=\"1137\" \/>\n\t<meta property=\"og:image:type\" content=\"image\/png\" \/>\n<meta name=\"twitter:card\" content=\"summary_large_image\" \/>\n<meta name=\"twitter:site\" content=\"@ThemeholtT\" \/>\n<meta name=\"twitter:label1\" content=\"Gesch\u00e4tzte Lesezeit\" \/>\n\t<meta name=\"twitter:data1\" content=\"1\u00a0Minute\" \/>\n<script type=\"application\/ld+json\" class=\"yoast-schema-graph\">{\"@context\":\"https:\/\/schema.org\",\"@graph\":[{\"@type\":\"WebPage\",\"@id\":\"https:\/\/themeholt.com\/de\/product\/steuern-steuerberater-finanzberatung\/\",\"url\":\"https:\/\/themeholt.com\/de\/product\/steuern-steuerberater-finanzberatung\/\",\"name\":\"Taxation Tax Advisor Financial Consulting | Themeholt\",\"isPartOf\":{\"@id\":\"https:\/\/themeholt.com\/#website\"},\"primaryImageOfPage\":{\"@id\":\"https:\/\/themeholt.com\/de\/product\/steuern-steuerberater-finanzberatung\/#primaryimage\"},\"image\":{\"@id\":\"https:\/\/themeholt.com\/de\/product\/steuern-steuerberater-finanzberatung\/#primaryimage\"},\"thumbnailUrl\":\"https:\/\/themeholt.com\/wp-content\/uploads\/2023\/10\/46-2.png\",\"datePublished\":\"2023-10-11T07:31:04+00:00\",\"dateModified\":\"2024-09-25T10:32:48+00:00\",\"description\":\"Maximize savings with expert taxation tax advisor financial consulting themes . Strategic financial consulting for smarter taxation at Themeholt .\",\"breadcrumb\":{\"@id\":\"https:\/\/themeholt.com\/de\/product\/steuern-steuerberater-finanzberatung\/#breadcrumb\"},\"inLanguage\":\"de\",\"potentialAction\":[{\"@type\":\"ReadAction\",\"target\":[\"https:\/\/themeholt.com\/de\/product\/steuern-steuerberater-finanzberatung\/\"]}]},{\"@type\":\"ImageObject\",\"inLanguage\":\"de\",\"@id\":\"https:\/\/themeholt.com\/de\/product\/steuern-steuerberater-finanzberatung\/#primaryimage\",\"url\":\"https:\/\/themeholt.com\/wp-content\/uploads\/2023\/10\/46-2.png\",\"contentUrl\":\"https:\/\/themeholt.com\/wp-content\/uploads\/2023\/10\/46-2.png\",\"width\":1355,\"height\":1137},{\"@type\":\"BreadcrumbList\",\"@id\":\"https:\/\/themeholt.com\/de\/product\/steuern-steuerberater-finanzberatung\/#breadcrumb\",\"itemListElement\":[{\"@type\":\"ListItem\",\"position\":1,\"name\":\"Home\",\"item\":\"https:\/\/themeholt.com\/de\/\"},{\"@type\":\"ListItem\",\"position\":2,\"name\":\"Shop\",\"item\":\"https:\/\/themeholt.com\/shop\/\"},{\"@type\":\"ListItem\",\"position\":3,\"name\":\"Steuern Steuerberater Finanzberatung\"}]},{\"@type\":\"WebSite\",\"@id\":\"https:\/\/themeholt.com\/#website\",\"url\":\"https:\/\/themeholt.com\/\",\"name\":\"ThemeHolt\",\"description\":\"Themeholt is a website that offers high-quality WordPress themes\",\"publisher\":{\"@id\":\"https:\/\/themeholt.com\/#organization\"},\"potentialAction\":[{\"@type\":\"SearchAction\",\"target\":{\"@type\":\"EntryPoint\",\"urlTemplate\":\"https:\/\/themeholt.com\/?s={search_term_string}\"},\"query-input\":{\"@type\":\"PropertyValueSpecification\",\"valueRequired\":true,\"valueName\":\"search_term_string\"}}],\"inLanguage\":\"de\"},{\"@type\":\"Organization\",\"@id\":\"https:\/\/themeholt.com\/#organization\",\"name\":\"ThemeHolt\",\"alternateName\":\"ThemeHolt\",\"url\":\"https:\/\/themeholt.com\/\",\"logo\":{\"@type\":\"ImageObject\",\"inLanguage\":\"de\",\"@id\":\"https:\/\/themeholt.com\/#\/schema\/logo\/image\/\",\"url\":\"https:\/\/themeholt.com\/wp-content\/uploads\/2024\/10\/themeholt.png\",\"contentUrl\":\"https:\/\/themeholt.com\/wp-content\/uploads\/2024\/10\/themeholt.png\",\"width\":225,\"height\":225,\"caption\":\"ThemeHolt\"},\"image\":{\"@id\":\"https:\/\/themeholt.com\/#\/schema\/logo\/image\/\"},\"sameAs\":[\"https:\/\/www.facebook.com\/themeholtT\",\"https:\/\/x.com\/ThemeholtT\",\"https:\/\/www.linkedin.com\/company\/themeholt\",\"https:\/\/www.instagram.com\/themeholtt\/\"],\"description\":\"Themeholt is a website that offers high-quality WordPress themes that are easy to use and ready for just about everything. In Eindhoven, Netherlands, since 2020 offering simple, accessible WordPress themes by providing a variety of requirements. Themeholt focuses on practicality and efficiency, allowing faster project completion with its superior marketplace and easy-to-use templates.\",\"legalName\":\"ThemeHolt\",\"foundingDate\":\"2022-11-10\",\"numberOfEmployees\":{\"@type\":\"QuantitativeValue\",\"minValue\":\"51\",\"maxValue\":\"200\"}}]}<\/script>\n<!-- \/ Yoast SEO Premium plugin. -->","yoast_head_json":{"title":"Taxation Tax Advisor Financial Consulting | Themeholt","description":"Maximize savings with expert taxation tax advisor financial consulting themes . Strategic financial consulting for smarter taxation at Themeholt .","robots":{"index":"index","follow":"follow","max-snippet":"max-snippet:-1","max-image-preview":"max-image-preview:large","max-video-preview":"max-video-preview:-1"},"canonical":"https:\/\/themeholt.com\/de\/product\/steuern-steuerberater-finanzberatung\/","og_locale":"de_DE","og_type":"article","og_title":"Steuern Steuerberater Finanzberatung","og_description":"Maximize savings with expert taxation tax advisor financial consulting themes . Strategic financial consulting for smarter taxation at Themeholt .","og_url":"https:\/\/themeholt.com\/de\/product\/steuern-steuerberater-finanzberatung\/","og_site_name":"ThemeHolt","article_publisher":"https:\/\/www.facebook.com\/themeholtT","article_modified_time":"2024-09-25T10:32:48+00:00","og_image":[{"width":1355,"height":1137,"url":"https:\/\/themeholt.com\/wp-content\/uploads\/2023\/10\/46-2.png","type":"image\/png"}],"twitter_card":"summary_large_image","twitter_site":"@ThemeholtT","twitter_misc":{"Gesch\u00e4tzte Lesezeit":"1\u00a0Minute"},"schema":{"@context":"https:\/\/schema.org","@graph":[{"@type":"WebPage","@id":"https:\/\/themeholt.com\/de\/product\/steuern-steuerberater-finanzberatung\/","url":"https:\/\/themeholt.com\/de\/product\/steuern-steuerberater-finanzberatung\/","name":"Taxation Tax Advisor Financial Consulting | Themeholt","isPartOf":{"@id":"https:\/\/themeholt.com\/#website"},"primaryImageOfPage":{"@id":"https:\/\/themeholt.com\/de\/product\/steuern-steuerberater-finanzberatung\/#primaryimage"},"image":{"@id":"https:\/\/themeholt.com\/de\/product\/steuern-steuerberater-finanzberatung\/#primaryimage"},"thumbnailUrl":"https:\/\/themeholt.com\/wp-content\/uploads\/2023\/10\/46-2.png","datePublished":"2023-10-11T07:31:04+00:00","dateModified":"2024-09-25T10:32:48+00:00","description":"Maximize savings with expert taxation tax advisor financial consulting themes . Strategic financial consulting for smarter taxation at Themeholt .","breadcrumb":{"@id":"https:\/\/themeholt.com\/de\/product\/steuern-steuerberater-finanzberatung\/#breadcrumb"},"inLanguage":"de","potentialAction":[{"@type":"ReadAction","target":["https:\/\/themeholt.com\/de\/product\/steuern-steuerberater-finanzberatung\/"]}]},{"@type":"ImageObject","inLanguage":"de","@id":"https:\/\/themeholt.com\/de\/product\/steuern-steuerberater-finanzberatung\/#primaryimage","url":"https:\/\/themeholt.com\/wp-content\/uploads\/2023\/10\/46-2.png","contentUrl":"https:\/\/themeholt.com\/wp-content\/uploads\/2023\/10\/46-2.png","width":1355,"height":1137},{"@type":"BreadcrumbList","@id":"https:\/\/themeholt.com\/de\/product\/steuern-steuerberater-finanzberatung\/#breadcrumb","itemListElement":[{"@type":"ListItem","position":1,"name":"Home","item":"https:\/\/themeholt.com\/de\/"},{"@type":"ListItem","position":2,"name":"Shop","item":"https:\/\/themeholt.com\/shop\/"},{"@type":"ListItem","position":3,"name":"Steuern Steuerberater Finanzberatung"}]},{"@type":"WebSite","@id":"https:\/\/themeholt.com\/#website","url":"https:\/\/themeholt.com\/","name":"ThemeHolt","description":"Themeholt is a website that offers high-quality WordPress themes","publisher":{"@id":"https:\/\/themeholt.com\/#organization"},"potentialAction":[{"@type":"SearchAction","target":{"@type":"EntryPoint","urlTemplate":"https:\/\/themeholt.com\/?s={search_term_string}"},"query-input":{"@type":"PropertyValueSpecification","valueRequired":true,"valueName":"search_term_string"}}],"inLanguage":"de"},{"@type":"Organization","@id":"https:\/\/themeholt.com\/#organization","name":"ThemeHolt","alternateName":"ThemeHolt","url":"https:\/\/themeholt.com\/","logo":{"@type":"ImageObject","inLanguage":"de","@id":"https:\/\/themeholt.com\/#\/schema\/logo\/image\/","url":"https:\/\/themeholt.com\/wp-content\/uploads\/2024\/10\/themeholt.png","contentUrl":"https:\/\/themeholt.com\/wp-content\/uploads\/2024\/10\/themeholt.png","width":225,"height":225,"caption":"ThemeHolt"},"image":{"@id":"https:\/\/themeholt.com\/#\/schema\/logo\/image\/"},"sameAs":["https:\/\/www.facebook.com\/themeholtT","https:\/\/x.com\/ThemeholtT","https:\/\/www.linkedin.com\/company\/themeholt","https:\/\/www.instagram.com\/themeholtt\/"],"description":"Themeholt is a website that offers high-quality WordPress themes that are easy to use and ready for just about everything. In Eindhoven, Netherlands, since 2020 offering simple, accessible WordPress themes by providing a variety of requirements. Themeholt focuses on practicality and efficiency, allowing faster project completion with its superior marketplace and easy-to-use templates.","legalName":"ThemeHolt","foundingDate":"2022-11-10","numberOfEmployees":{"@type":"QuantitativeValue","minValue":"51","maxValue":"200"}}]}},"_links":{"self":[{"href":"https:\/\/themeholt.com\/de\/wp-json\/wp\/v2\/product\/9613","targetHints":{"allow":["GET"]}}],"collection":[{"href":"https:\/\/themeholt.com\/de\/wp-json\/wp\/v2\/product"}],"about":[{"href":"https:\/\/themeholt.com\/de\/wp-json\/wp\/v2\/types\/product"}],"wp:featuredmedia":[{"embeddable":true,"href":"https:\/\/themeholt.com\/de\/wp-json\/wp\/v2\/media\/9614"}],"wp:attachment":[{"href":"https:\/\/themeholt.com\/de\/wp-json\/wp\/v2\/media?parent=9613"}],"wp:term":[{"taxonomy":"product_brand","embeddable":true,"href":"https:\/\/themeholt.com\/de\/wp-json\/wp\/v2\/product_brand?post=9613"},{"taxonomy":"product_cat","embeddable":true,"href":"https:\/\/themeholt.com\/de\/wp-json\/wp\/v2\/product_cat?post=9613"},{"taxonomy":"product_tag","embeddable":true,"href":"https:\/\/themeholt.com\/de\/wp-json\/wp\/v2\/product_tag?post=9613"}],"curies":[{"name":"wp","href":"https:\/\/api.w.org\/{rel}","templated":true}]}}