{"id":9628,"date":"2023-10-11T04:56:47","date_gmt":"2023-10-11T04:56:47","guid":{"rendered":"https:\/\/themeholt.com\/product\/inusti-industrial-factory-business\/"},"modified":"2024-09-25T10:52:31","modified_gmt":"2024-09-25T10:52:31","slug":"inusti-industriefabrik-geschaeft","status":"publish","type":"product","link":"https:\/\/themeholt.com\/de\/product\/inusti-industriefabrik-geschaeft\/","title":{"rendered":"Inusti Industriefabrik Gesch\u00e4ft"},"content":{"rendered":"<p>Erleben Sie den Inbegriff des digitalen Erfolgs f\u00fcr Ihr Industriefabrikgesch\u00e4ft mit dem WordPress-Theme \u201eInusti Industrial Factory Business\u201c. Dieses Theme wurde speziell f\u00fcr Fabriken, Industrieanlagen, Werkst\u00e4tten und Fertigungsunternehmen entwickelt und ist eine Komplettl\u00f6sung zur Verbesserung Ihrer Onlinepr\u00e4senz.<\/p>\n<p>Das WordPress-Theme \u201eInusti Industrial Factory Business\u201c ist die ultimative L\u00f6sung sowohl f\u00fcr etablierte Branchenf\u00fchrer als auch f\u00fcr aufstrebende Fertigungs-Startups. Hinterlassen Sie bei Ihren Kunden einen bleibenden Eindruck, gewinnen Sie ihr Vertrauen und bringen Sie Ihr Unternehmen auf ein neues Niveau. Beginnen Sie noch heute mit Ihrer digitalen Transformation und erleben Sie die bemerkenswerte Auswirkung auf Ihre Onlinepr\u00e4senz.<\/p>\n","protected":false},"excerpt":{"rendered":"<ul>\n<li>Klares Design<\/li>\n<li>Professionelles Erscheinungsbild<\/li>\n<li>Reaktionsf\u00e4higes Layout<\/li>\n<li>SEO optimiert<\/li>\n<li>Vollst\u00e4ndig anpassbares Design<\/li>\n<li>Elementor-Seitenersteller<\/li>\n<li>WooCommerce-f\u00e4hig<\/li>\n<li>Sicherheit und Compliance<\/li>\n<\/ul>\n","protected":false},"featured_media":9629,"template":"","meta":{"_acf_changed":false,"inline_featured_image":false},"product_brand":[],"product_cat":[1772],"product_tag":[1802],"class_list":{"0":"post-9628","1":"product","2":"type-product","3":"status-publish","4":"has-post-thumbnail","6":"product_cat-corporate-business-ru","7":"product_tag-business-wordpress-theme-ru","9":"first","10":"instock","11":"sale","12":"downloadable","13":"taxable","14":"shipping-taxable","15":"purchasable","16":"product-type-simple"},"acf":[],"yoast_head":"<!-- This site is optimized with the Yoast SEO Premium plugin v22.1 (Yoast SEO v26.0) - https:\/\/yoast.com\/wordpress\/plugins\/seo\/ -->\n<title>Inusti Industrial Factory Business | Premium WordPress Themes<\/title>\n<meta name=\"description\" content=\"Transform your industrial factory website with inusti industrial factory business premium WordPress themes. Elevate your business easily. Shop now !\" \/>\n<meta name=\"robots\" content=\"index, follow, max-snippet:-1, max-image-preview:large, max-video-preview:-1\" \/>\n<link rel=\"canonical\" href=\"https:\/\/themeholt.com\/de\/product\/inusti-industriefabrik-geschaeft\/\" \/>\n<meta property=\"og:locale\" content=\"de_DE\" \/>\n<meta property=\"og:type\" content=\"article\" \/>\n<meta property=\"og:title\" content=\"Inusti Industriefabrik Gesch\u00e4ft\" \/>\n<meta property=\"og:description\" content=\"Transform your industrial factory website with inusti industrial factory business premium WordPress themes. Elevate your business easily. Shop now !\" \/>\n<meta property=\"og:url\" content=\"https:\/\/themeholt.com\/de\/product\/inusti-industriefabrik-geschaeft\/\" \/>\n<meta property=\"og:site_name\" content=\"ThemeHolt\" \/>\n<meta property=\"article:publisher\" content=\"https:\/\/www.facebook.com\/themeholtT\" \/>\n<meta property=\"article:modified_time\" content=\"2024-09-25T10:52:31+00:00\" \/>\n<meta property=\"og:image\" content=\"https:\/\/themeholt.com\/wp-content\/uploads\/2023\/10\/356.png\" \/>\n\t<meta property=\"og:image:width\" content=\"1365\" \/>\n\t<meta property=\"og:image:height\" content=\"1202\" \/>\n\t<meta property=\"og:image:type\" content=\"image\/png\" \/>\n<meta name=\"twitter:card\" content=\"summary_large_image\" \/>\n<meta name=\"twitter:site\" content=\"@ThemeholtT\" \/>\n<meta name=\"twitter:label1\" content=\"Gesch\u00e4tzte Lesezeit\" \/>\n\t<meta name=\"twitter:data1\" content=\"1\u00a0Minute\" \/>\n<script type=\"application\/ld+json\" class=\"yoast-schema-graph\">{\"@context\":\"https:\/\/schema.org\",\"@graph\":[{\"@type\":\"WebPage\",\"@id\":\"https:\/\/themeholt.com\/de\/product\/inusti-industriefabrik-geschaeft\/\",\"url\":\"https:\/\/themeholt.com\/de\/product\/inusti-industriefabrik-geschaeft\/\",\"name\":\"Inusti Industrial Factory Business | Premium WordPress Themes\",\"isPartOf\":{\"@id\":\"https:\/\/themeholt.com\/#website\"},\"primaryImageOfPage\":{\"@id\":\"https:\/\/themeholt.com\/de\/product\/inusti-industriefabrik-geschaeft\/#primaryimage\"},\"image\":{\"@id\":\"https:\/\/themeholt.com\/de\/product\/inusti-industriefabrik-geschaeft\/#primaryimage\"},\"thumbnailUrl\":\"https:\/\/themeholt.com\/wp-content\/uploads\/2023\/10\/356.png\",\"datePublished\":\"2023-10-11T04:56:47+00:00\",\"dateModified\":\"2024-09-25T10:52:31+00:00\",\"description\":\"Transform your industrial factory website with inusti industrial factory business premium WordPress themes. Elevate your business easily. Shop now !\",\"breadcrumb\":{\"@id\":\"https:\/\/themeholt.com\/de\/product\/inusti-industriefabrik-geschaeft\/#breadcrumb\"},\"inLanguage\":\"de\",\"potentialAction\":[{\"@type\":\"ReadAction\",\"target\":[\"https:\/\/themeholt.com\/de\/product\/inusti-industriefabrik-geschaeft\/\"]}]},{\"@type\":\"ImageObject\",\"inLanguage\":\"de\",\"@id\":\"https:\/\/themeholt.com\/de\/product\/inusti-industriefabrik-geschaeft\/#primaryimage\",\"url\":\"https:\/\/themeholt.com\/wp-content\/uploads\/2023\/10\/356.png\",\"contentUrl\":\"https:\/\/themeholt.com\/wp-content\/uploads\/2023\/10\/356.png\",\"width\":1365,\"height\":1202},{\"@type\":\"BreadcrumbList\",\"@id\":\"https:\/\/themeholt.com\/de\/product\/inusti-industriefabrik-geschaeft\/#breadcrumb\",\"itemListElement\":[{\"@type\":\"ListItem\",\"position\":1,\"name\":\"Home\",\"item\":\"https:\/\/themeholt.com\/de\/\"},{\"@type\":\"ListItem\",\"position\":2,\"name\":\"Shop\",\"item\":\"https:\/\/themeholt.com\/shop\/\"},{\"@type\":\"ListItem\",\"position\":3,\"name\":\"Inusti Industriefabrik Gesch\u00e4ft\"}]},{\"@type\":\"WebSite\",\"@id\":\"https:\/\/themeholt.com\/#website\",\"url\":\"https:\/\/themeholt.com\/\",\"name\":\"ThemeHolt\",\"description\":\"Themeholt is a website that offers high-quality WordPress themes\",\"publisher\":{\"@id\":\"https:\/\/themeholt.com\/#organization\"},\"potentialAction\":[{\"@type\":\"SearchAction\",\"target\":{\"@type\":\"EntryPoint\",\"urlTemplate\":\"https:\/\/themeholt.com\/?s={search_term_string}\"},\"query-input\":{\"@type\":\"PropertyValueSpecification\",\"valueRequired\":true,\"valueName\":\"search_term_string\"}}],\"inLanguage\":\"de\"},{\"@type\":\"Organization\",\"@id\":\"https:\/\/themeholt.com\/#organization\",\"name\":\"ThemeHolt\",\"alternateName\":\"ThemeHolt\",\"url\":\"https:\/\/themeholt.com\/\",\"logo\":{\"@type\":\"ImageObject\",\"inLanguage\":\"de\",\"@id\":\"https:\/\/themeholt.com\/#\/schema\/logo\/image\/\",\"url\":\"https:\/\/themeholt.com\/wp-content\/uploads\/2024\/10\/themeholt.png\",\"contentUrl\":\"https:\/\/themeholt.com\/wp-content\/uploads\/2024\/10\/themeholt.png\",\"width\":225,\"height\":225,\"caption\":\"ThemeHolt\"},\"image\":{\"@id\":\"https:\/\/themeholt.com\/#\/schema\/logo\/image\/\"},\"sameAs\":[\"https:\/\/www.facebook.com\/themeholtT\",\"https:\/\/x.com\/ThemeholtT\",\"https:\/\/www.linkedin.com\/company\/themeholt\",\"https:\/\/www.instagram.com\/themeholtt\/\"],\"description\":\"Themeholt is a website that offers high-quality WordPress themes that are easy to use and ready for just about everything. In Eindhoven, Netherlands, since 2020 offering simple, accessible WordPress themes by providing a variety of requirements. Themeholt focuses on practicality and efficiency, allowing faster project completion with its superior marketplace and easy-to-use templates.\",\"legalName\":\"ThemeHolt\",\"foundingDate\":\"2022-11-10\",\"numberOfEmployees\":{\"@type\":\"QuantitativeValue\",\"minValue\":\"51\",\"maxValue\":\"200\"}}]}<\/script>\n<!-- \/ Yoast SEO Premium plugin. -->","yoast_head_json":{"title":"Inusti Industrial Factory Business | Premium WordPress Themes","description":"Transform your industrial factory website with inusti industrial factory business premium WordPress themes. Elevate your business easily. Shop now !","robots":{"index":"index","follow":"follow","max-snippet":"max-snippet:-1","max-image-preview":"max-image-preview:large","max-video-preview":"max-video-preview:-1"},"canonical":"https:\/\/themeholt.com\/de\/product\/inusti-industriefabrik-geschaeft\/","og_locale":"de_DE","og_type":"article","og_title":"Inusti Industriefabrik Gesch\u00e4ft","og_description":"Transform your industrial factory website with inusti industrial factory business premium WordPress themes. Elevate your business easily. Shop now !","og_url":"https:\/\/themeholt.com\/de\/product\/inusti-industriefabrik-geschaeft\/","og_site_name":"ThemeHolt","article_publisher":"https:\/\/www.facebook.com\/themeholtT","article_modified_time":"2024-09-25T10:52:31+00:00","og_image":[{"width":1365,"height":1202,"url":"https:\/\/themeholt.com\/wp-content\/uploads\/2023\/10\/356.png","type":"image\/png"}],"twitter_card":"summary_large_image","twitter_site":"@ThemeholtT","twitter_misc":{"Gesch\u00e4tzte Lesezeit":"1\u00a0Minute"},"schema":{"@context":"https:\/\/schema.org","@graph":[{"@type":"WebPage","@id":"https:\/\/themeholt.com\/de\/product\/inusti-industriefabrik-geschaeft\/","url":"https:\/\/themeholt.com\/de\/product\/inusti-industriefabrik-geschaeft\/","name":"Inusti Industrial Factory Business | Premium WordPress Themes","isPartOf":{"@id":"https:\/\/themeholt.com\/#website"},"primaryImageOfPage":{"@id":"https:\/\/themeholt.com\/de\/product\/inusti-industriefabrik-geschaeft\/#primaryimage"},"image":{"@id":"https:\/\/themeholt.com\/de\/product\/inusti-industriefabrik-geschaeft\/#primaryimage"},"thumbnailUrl":"https:\/\/themeholt.com\/wp-content\/uploads\/2023\/10\/356.png","datePublished":"2023-10-11T04:56:47+00:00","dateModified":"2024-09-25T10:52:31+00:00","description":"Transform your industrial factory website with inusti industrial factory business premium WordPress themes. Elevate your business easily. Shop now !","breadcrumb":{"@id":"https:\/\/themeholt.com\/de\/product\/inusti-industriefabrik-geschaeft\/#breadcrumb"},"inLanguage":"de","potentialAction":[{"@type":"ReadAction","target":["https:\/\/themeholt.com\/de\/product\/inusti-industriefabrik-geschaeft\/"]}]},{"@type":"ImageObject","inLanguage":"de","@id":"https:\/\/themeholt.com\/de\/product\/inusti-industriefabrik-geschaeft\/#primaryimage","url":"https:\/\/themeholt.com\/wp-content\/uploads\/2023\/10\/356.png","contentUrl":"https:\/\/themeholt.com\/wp-content\/uploads\/2023\/10\/356.png","width":1365,"height":1202},{"@type":"BreadcrumbList","@id":"https:\/\/themeholt.com\/de\/product\/inusti-industriefabrik-geschaeft\/#breadcrumb","itemListElement":[{"@type":"ListItem","position":1,"name":"Home","item":"https:\/\/themeholt.com\/de\/"},{"@type":"ListItem","position":2,"name":"Shop","item":"https:\/\/themeholt.com\/shop\/"},{"@type":"ListItem","position":3,"name":"Inusti Industriefabrik Gesch\u00e4ft"}]},{"@type":"WebSite","@id":"https:\/\/themeholt.com\/#website","url":"https:\/\/themeholt.com\/","name":"ThemeHolt","description":"Themeholt is a website that offers high-quality WordPress themes","publisher":{"@id":"https:\/\/themeholt.com\/#organization"},"potentialAction":[{"@type":"SearchAction","target":{"@type":"EntryPoint","urlTemplate":"https:\/\/themeholt.com\/?s={search_term_string}"},"query-input":{"@type":"PropertyValueSpecification","valueRequired":true,"valueName":"search_term_string"}}],"inLanguage":"de"},{"@type":"Organization","@id":"https:\/\/themeholt.com\/#organization","name":"ThemeHolt","alternateName":"ThemeHolt","url":"https:\/\/themeholt.com\/","logo":{"@type":"ImageObject","inLanguage":"de","@id":"https:\/\/themeholt.com\/#\/schema\/logo\/image\/","url":"https:\/\/themeholt.com\/wp-content\/uploads\/2024\/10\/themeholt.png","contentUrl":"https:\/\/themeholt.com\/wp-content\/uploads\/2024\/10\/themeholt.png","width":225,"height":225,"caption":"ThemeHolt"},"image":{"@id":"https:\/\/themeholt.com\/#\/schema\/logo\/image\/"},"sameAs":["https:\/\/www.facebook.com\/themeholtT","https:\/\/x.com\/ThemeholtT","https:\/\/www.linkedin.com\/company\/themeholt","https:\/\/www.instagram.com\/themeholtt\/"],"description":"Themeholt is a website that offers high-quality WordPress themes that are easy to use and ready for just about everything. In Eindhoven, Netherlands, since 2020 offering simple, accessible WordPress themes by providing a variety of requirements. Themeholt focuses on practicality and efficiency, allowing faster project completion with its superior marketplace and easy-to-use templates.","legalName":"ThemeHolt","foundingDate":"2022-11-10","numberOfEmployees":{"@type":"QuantitativeValue","minValue":"51","maxValue":"200"}}]}},"_links":{"self":[{"href":"https:\/\/themeholt.com\/de\/wp-json\/wp\/v2\/product\/9628","targetHints":{"allow":["GET"]}}],"collection":[{"href":"https:\/\/themeholt.com\/de\/wp-json\/wp\/v2\/product"}],"about":[{"href":"https:\/\/themeholt.com\/de\/wp-json\/wp\/v2\/types\/product"}],"wp:featuredmedia":[{"embeddable":true,"href":"https:\/\/themeholt.com\/de\/wp-json\/wp\/v2\/media\/9629"}],"wp:attachment":[{"href":"https:\/\/themeholt.com\/de\/wp-json\/wp\/v2\/media?parent=9628"}],"wp:term":[{"taxonomy":"product_brand","embeddable":true,"href":"https:\/\/themeholt.com\/de\/wp-json\/wp\/v2\/product_brand?post=9628"},{"taxonomy":"product_cat","embeddable":true,"href":"https:\/\/themeholt.com\/de\/wp-json\/wp\/v2\/product_cat?post=9628"},{"taxonomy":"product_tag","embeddable":true,"href":"https:\/\/themeholt.com\/de\/wp-json\/wp\/v2\/product_tag?post=9628"}],"curies":[{"name":"wp","href":"https:\/\/api.w.org\/{rel}","templated":true}]}}