{"id":9639,"date":"2023-10-11T04:48:18","date_gmt":"2023-10-11T04:48:18","guid":{"rendered":"https:\/\/themeholt.com\/product\/financerr-business-finance\/"},"modified":"2024-09-25T11:04:01","modified_gmt":"2024-09-25T11:04:01","slug":"finanzier-unternehmensfinanzierung","status":"publish","type":"product","link":"https:\/\/themeholt.com\/de\/product\/finanzier-unternehmensfinanzierung\/","title":{"rendered":"Finanzier Unternehmensfinanzierung"},"content":{"rendered":"<p>In der dynamischen Finanz- und Gesch\u00e4ftswelt ist eine starke Onlinepr\u00e4senz der Schl\u00fcssel zum Erfolg. Unsere Business Finance WordPress-Themes wurden entwickelt, um Finanzinstituten, Wirtschaftspr\u00fcfungsgesellschaften und Unternehmen im Finanzsektor die Tools bereitzustellen, die sie brauchen, um im digitalen Zeitalter erfolgreich zu sein.<\/p>\n<p>Business Finance WordPress-Themes bieten die perfekte L\u00f6sung zur Verbesserung Ihrer Onlinepr\u00e4senz. Hinterlassen Sie einen starken Eindruck, bauen Sie Vertrauen auf und bringen Sie Ihr Finanzgesch\u00e4ft auf ein neues Niveau. Verbessern Sie Ihre Finanzwebsite noch heute und erleben Sie den Unterschied in Ihrer digitalen Pr\u00e4senz. Jetzt loslegen!<\/p>\n<h3><\/h3>\n<h3><\/h3>\n<h3><\/h3>\n<h3><\/h3>\n<h3 class=\"LC20lb MBeuO DKV0Md\"><\/h3>\n","protected":false},"excerpt":{"rendered":"<ul>\n<li>Klares Design<\/li>\n<li>Professionelles Erscheinungsbild<\/li>\n<li>Reaktionsf\u00e4higes Layout<\/li>\n<li>SEO-optimiert<br \/>\nVollst\u00e4ndig anpassbares Design<\/li>\n<li>Elementor-Seitenersteller<\/li>\n<li>WooCommerce-f\u00e4hig<\/li>\n<li>Sicherheit und Compliance<\/li>\n<\/ul>\n","protected":false},"featured_media":9640,"template":"","meta":{"_acf_changed":false,"inline_featured_image":false},"product_brand":[],"product_cat":[1772],"product_tag":[1818],"class_list":{"0":"post-9639","1":"product","2":"type-product","3":"status-publish","4":"has-post-thumbnail","6":"product_cat-corporate-business-ru","7":"product_tag-business-finance-themes-ru","9":"first","10":"instock","11":"sale","12":"downloadable","13":"taxable","14":"shipping-taxable","15":"purchasable","16":"product-type-simple"},"acf":[],"yoast_head":"<!-- This site is optimized with the Yoast SEO Premium plugin v22.1 (Yoast SEO v26.0) - https:\/\/yoast.com\/wordpress\/plugins\/seo\/ -->\n<title>Finance WordPress Themes | Business Finance Themes<\/title>\n<meta name=\"description\" content=\"Unlock financial success with financerr business finance solutions and themes. Elevate your financial plans with customised tools &amp; themes . Explore now !\" \/>\n<meta name=\"robots\" content=\"index, follow, max-snippet:-1, max-image-preview:large, max-video-preview:-1\" \/>\n<link rel=\"canonical\" href=\"https:\/\/themeholt.com\/de\/product\/finanzier-unternehmensfinanzierung\/\" \/>\n<meta property=\"og:locale\" content=\"de_DE\" \/>\n<meta property=\"og:type\" content=\"article\" \/>\n<meta property=\"og:title\" content=\"Finanzier Unternehmensfinanzierung\" \/>\n<meta property=\"og:description\" content=\"Unlock financial success with financerr business finance solutions and themes. Elevate your financial plans with customised tools &amp; themes . Explore now !\" \/>\n<meta property=\"og:url\" content=\"https:\/\/themeholt.com\/de\/product\/finanzier-unternehmensfinanzierung\/\" \/>\n<meta property=\"og:site_name\" content=\"ThemeHolt\" \/>\n<meta property=\"article:publisher\" content=\"https:\/\/www.facebook.com\/themeholtT\" \/>\n<meta property=\"article:modified_time\" content=\"2024-09-25T11:04:01+00:00\" \/>\n<meta property=\"og:image\" content=\"https:\/\/themeholt.com\/wp-content\/uploads\/2023\/10\/346.png\" \/>\n\t<meta property=\"og:image:width\" content=\"1358\" \/>\n\t<meta property=\"og:image:height\" content=\"1118\" \/>\n\t<meta property=\"og:image:type\" content=\"image\/png\" \/>\n<meta name=\"twitter:card\" content=\"summary_large_image\" \/>\n<meta name=\"twitter:site\" content=\"@ThemeholtT\" \/>\n<meta name=\"twitter:label1\" content=\"Gesch\u00e4tzte Lesezeit\" \/>\n\t<meta name=\"twitter:data1\" content=\"1\u00a0Minute\" \/>\n<script type=\"application\/ld+json\" class=\"yoast-schema-graph\">{\"@context\":\"https:\/\/schema.org\",\"@graph\":[{\"@type\":\"WebPage\",\"@id\":\"https:\/\/themeholt.com\/de\/product\/finanzier-unternehmensfinanzierung\/\",\"url\":\"https:\/\/themeholt.com\/de\/product\/finanzier-unternehmensfinanzierung\/\",\"name\":\"Finance WordPress Themes | Business Finance Themes\",\"isPartOf\":{\"@id\":\"https:\/\/themeholt.com\/#website\"},\"primaryImageOfPage\":{\"@id\":\"https:\/\/themeholt.com\/de\/product\/finanzier-unternehmensfinanzierung\/#primaryimage\"},\"image\":{\"@id\":\"https:\/\/themeholt.com\/de\/product\/finanzier-unternehmensfinanzierung\/#primaryimage\"},\"thumbnailUrl\":\"https:\/\/themeholt.com\/wp-content\/uploads\/2023\/10\/346.png\",\"datePublished\":\"2023-10-11T04:48:18+00:00\",\"dateModified\":\"2024-09-25T11:04:01+00:00\",\"description\":\"Unlock financial success with financerr business finance solutions and themes. Elevate your financial plans with customised tools & themes . Explore now !\",\"breadcrumb\":{\"@id\":\"https:\/\/themeholt.com\/de\/product\/finanzier-unternehmensfinanzierung\/#breadcrumb\"},\"inLanguage\":\"de\",\"potentialAction\":[{\"@type\":\"ReadAction\",\"target\":[\"https:\/\/themeholt.com\/de\/product\/finanzier-unternehmensfinanzierung\/\"]}]},{\"@type\":\"ImageObject\",\"inLanguage\":\"de\",\"@id\":\"https:\/\/themeholt.com\/de\/product\/finanzier-unternehmensfinanzierung\/#primaryimage\",\"url\":\"https:\/\/themeholt.com\/wp-content\/uploads\/2023\/10\/346.png\",\"contentUrl\":\"https:\/\/themeholt.com\/wp-content\/uploads\/2023\/10\/346.png\",\"width\":1358,\"height\":1118},{\"@type\":\"BreadcrumbList\",\"@id\":\"https:\/\/themeholt.com\/de\/product\/finanzier-unternehmensfinanzierung\/#breadcrumb\",\"itemListElement\":[{\"@type\":\"ListItem\",\"position\":1,\"name\":\"Home\",\"item\":\"https:\/\/themeholt.com\/de\/\"},{\"@type\":\"ListItem\",\"position\":2,\"name\":\"Shop\",\"item\":\"https:\/\/themeholt.com\/shop\/\"},{\"@type\":\"ListItem\",\"position\":3,\"name\":\"Finanzier Unternehmensfinanzierung\"}]},{\"@type\":\"WebSite\",\"@id\":\"https:\/\/themeholt.com\/#website\",\"url\":\"https:\/\/themeholt.com\/\",\"name\":\"ThemeHolt\",\"description\":\"Themeholt is a website that offers high-quality WordPress themes\",\"publisher\":{\"@id\":\"https:\/\/themeholt.com\/#organization\"},\"potentialAction\":[{\"@type\":\"SearchAction\",\"target\":{\"@type\":\"EntryPoint\",\"urlTemplate\":\"https:\/\/themeholt.com\/?s={search_term_string}\"},\"query-input\":{\"@type\":\"PropertyValueSpecification\",\"valueRequired\":true,\"valueName\":\"search_term_string\"}}],\"inLanguage\":\"de\"},{\"@type\":\"Organization\",\"@id\":\"https:\/\/themeholt.com\/#organization\",\"name\":\"ThemeHolt\",\"alternateName\":\"ThemeHolt\",\"url\":\"https:\/\/themeholt.com\/\",\"logo\":{\"@type\":\"ImageObject\",\"inLanguage\":\"de\",\"@id\":\"https:\/\/themeholt.com\/#\/schema\/logo\/image\/\",\"url\":\"https:\/\/themeholt.com\/wp-content\/uploads\/2024\/10\/themeholt.png\",\"contentUrl\":\"https:\/\/themeholt.com\/wp-content\/uploads\/2024\/10\/themeholt.png\",\"width\":225,\"height\":225,\"caption\":\"ThemeHolt\"},\"image\":{\"@id\":\"https:\/\/themeholt.com\/#\/schema\/logo\/image\/\"},\"sameAs\":[\"https:\/\/www.facebook.com\/themeholtT\",\"https:\/\/x.com\/ThemeholtT\",\"https:\/\/www.linkedin.com\/company\/themeholt\",\"https:\/\/www.instagram.com\/themeholtt\/\"],\"description\":\"Themeholt is a website that offers high-quality WordPress themes that are easy to use and ready for just about everything. In Eindhoven, Netherlands, since 2020 offering simple, accessible WordPress themes by providing a variety of requirements. Themeholt focuses on practicality and efficiency, allowing faster project completion with its superior marketplace and easy-to-use templates.\",\"legalName\":\"ThemeHolt\",\"foundingDate\":\"2022-11-10\",\"numberOfEmployees\":{\"@type\":\"QuantitativeValue\",\"minValue\":\"51\",\"maxValue\":\"200\"}}]}<\/script>\n<!-- \/ Yoast SEO Premium plugin. -->","yoast_head_json":{"title":"Finance WordPress Themes | Business Finance Themes","description":"Unlock financial success with financerr business finance solutions and themes. Elevate your financial plans with customised tools & themes . Explore now !","robots":{"index":"index","follow":"follow","max-snippet":"max-snippet:-1","max-image-preview":"max-image-preview:large","max-video-preview":"max-video-preview:-1"},"canonical":"https:\/\/themeholt.com\/de\/product\/finanzier-unternehmensfinanzierung\/","og_locale":"de_DE","og_type":"article","og_title":"Finanzier Unternehmensfinanzierung","og_description":"Unlock financial success with financerr business finance solutions and themes. Elevate your financial plans with customised tools & themes . Explore now !","og_url":"https:\/\/themeholt.com\/de\/product\/finanzier-unternehmensfinanzierung\/","og_site_name":"ThemeHolt","article_publisher":"https:\/\/www.facebook.com\/themeholtT","article_modified_time":"2024-09-25T11:04:01+00:00","og_image":[{"width":1358,"height":1118,"url":"https:\/\/themeholt.com\/wp-content\/uploads\/2023\/10\/346.png","type":"image\/png"}],"twitter_card":"summary_large_image","twitter_site":"@ThemeholtT","twitter_misc":{"Gesch\u00e4tzte Lesezeit":"1\u00a0Minute"},"schema":{"@context":"https:\/\/schema.org","@graph":[{"@type":"WebPage","@id":"https:\/\/themeholt.com\/de\/product\/finanzier-unternehmensfinanzierung\/","url":"https:\/\/themeholt.com\/de\/product\/finanzier-unternehmensfinanzierung\/","name":"Finance WordPress Themes | Business Finance Themes","isPartOf":{"@id":"https:\/\/themeholt.com\/#website"},"primaryImageOfPage":{"@id":"https:\/\/themeholt.com\/de\/product\/finanzier-unternehmensfinanzierung\/#primaryimage"},"image":{"@id":"https:\/\/themeholt.com\/de\/product\/finanzier-unternehmensfinanzierung\/#primaryimage"},"thumbnailUrl":"https:\/\/themeholt.com\/wp-content\/uploads\/2023\/10\/346.png","datePublished":"2023-10-11T04:48:18+00:00","dateModified":"2024-09-25T11:04:01+00:00","description":"Unlock financial success with financerr business finance solutions and themes. Elevate your financial plans with customised tools & themes . Explore now !","breadcrumb":{"@id":"https:\/\/themeholt.com\/de\/product\/finanzier-unternehmensfinanzierung\/#breadcrumb"},"inLanguage":"de","potentialAction":[{"@type":"ReadAction","target":["https:\/\/themeholt.com\/de\/product\/finanzier-unternehmensfinanzierung\/"]}]},{"@type":"ImageObject","inLanguage":"de","@id":"https:\/\/themeholt.com\/de\/product\/finanzier-unternehmensfinanzierung\/#primaryimage","url":"https:\/\/themeholt.com\/wp-content\/uploads\/2023\/10\/346.png","contentUrl":"https:\/\/themeholt.com\/wp-content\/uploads\/2023\/10\/346.png","width":1358,"height":1118},{"@type":"BreadcrumbList","@id":"https:\/\/themeholt.com\/de\/product\/finanzier-unternehmensfinanzierung\/#breadcrumb","itemListElement":[{"@type":"ListItem","position":1,"name":"Home","item":"https:\/\/themeholt.com\/de\/"},{"@type":"ListItem","position":2,"name":"Shop","item":"https:\/\/themeholt.com\/shop\/"},{"@type":"ListItem","position":3,"name":"Finanzier Unternehmensfinanzierung"}]},{"@type":"WebSite","@id":"https:\/\/themeholt.com\/#website","url":"https:\/\/themeholt.com\/","name":"ThemeHolt","description":"Themeholt is a website that offers high-quality WordPress themes","publisher":{"@id":"https:\/\/themeholt.com\/#organization"},"potentialAction":[{"@type":"SearchAction","target":{"@type":"EntryPoint","urlTemplate":"https:\/\/themeholt.com\/?s={search_term_string}"},"query-input":{"@type":"PropertyValueSpecification","valueRequired":true,"valueName":"search_term_string"}}],"inLanguage":"de"},{"@type":"Organization","@id":"https:\/\/themeholt.com\/#organization","name":"ThemeHolt","alternateName":"ThemeHolt","url":"https:\/\/themeholt.com\/","logo":{"@type":"ImageObject","inLanguage":"de","@id":"https:\/\/themeholt.com\/#\/schema\/logo\/image\/","url":"https:\/\/themeholt.com\/wp-content\/uploads\/2024\/10\/themeholt.png","contentUrl":"https:\/\/themeholt.com\/wp-content\/uploads\/2024\/10\/themeholt.png","width":225,"height":225,"caption":"ThemeHolt"},"image":{"@id":"https:\/\/themeholt.com\/#\/schema\/logo\/image\/"},"sameAs":["https:\/\/www.facebook.com\/themeholtT","https:\/\/x.com\/ThemeholtT","https:\/\/www.linkedin.com\/company\/themeholt","https:\/\/www.instagram.com\/themeholtt\/"],"description":"Themeholt is a website that offers high-quality WordPress themes that are easy to use and ready for just about everything. In Eindhoven, Netherlands, since 2020 offering simple, accessible WordPress themes by providing a variety of requirements. Themeholt focuses on practicality and efficiency, allowing faster project completion with its superior marketplace and easy-to-use templates.","legalName":"ThemeHolt","foundingDate":"2022-11-10","numberOfEmployees":{"@type":"QuantitativeValue","minValue":"51","maxValue":"200"}}]}},"_links":{"self":[{"href":"https:\/\/themeholt.com\/de\/wp-json\/wp\/v2\/product\/9639","targetHints":{"allow":["GET"]}}],"collection":[{"href":"https:\/\/themeholt.com\/de\/wp-json\/wp\/v2\/product"}],"about":[{"href":"https:\/\/themeholt.com\/de\/wp-json\/wp\/v2\/types\/product"}],"wp:featuredmedia":[{"embeddable":true,"href":"https:\/\/themeholt.com\/de\/wp-json\/wp\/v2\/media\/9640"}],"wp:attachment":[{"href":"https:\/\/themeholt.com\/de\/wp-json\/wp\/v2\/media?parent=9639"}],"wp:term":[{"taxonomy":"product_brand","embeddable":true,"href":"https:\/\/themeholt.com\/de\/wp-json\/wp\/v2\/product_brand?post=9639"},{"taxonomy":"product_cat","embeddable":true,"href":"https:\/\/themeholt.com\/de\/wp-json\/wp\/v2\/product_cat?post=9639"},{"taxonomy":"product_tag","embeddable":true,"href":"https:\/\/themeholt.com\/de\/wp-json\/wp\/v2\/product_tag?post=9639"}],"curies":[{"name":"wp","href":"https:\/\/api.w.org\/{rel}","templated":true}]}}