{"id":9644,"date":"2023-10-11T04:37:46","date_gmt":"2023-10-11T04:37:46","guid":{"rendered":"https:\/\/themeholt.com\/product\/virtable-virtual-assistant-business\/"},"modified":"2024-09-25T11:08:55","modified_gmt":"2024-09-25T11:08:55","slug":"virtable-virtueller-assistent-business","status":"publish","type":"product","link":"https:\/\/themeholt.com\/de\/product\/virtable-virtueller-assistent-business\/","title":{"rendered":"Virtable Virtueller Assistent Business"},"content":{"rendered":"<p>Bringen Sie Ihr virtuelles Assistenzgesch\u00e4ft mit unserem Virtual Assistant Business Theme auf ein neues Niveau. Dieses speziell entwickelte WordPress-Theme ist der Schl\u00fcssel, um Ihr Fachwissen zu pr\u00e4sentieren, mit Kunden in Kontakt zu treten und Ihre Dienste mit einer professionellen Online-Pr\u00e4senz zu optimieren.<\/p>\n<p>Egal, ob Sie ein etablierter virtueller Assistent sind oder Ihre freiberufliche Laufbahn beginnen, das Virtual Assistant Business Theme ist Ihr Tor zu einer leistungsstarken Online-Pr\u00e4senz. Bauen Sie Vertrauen auf, pr\u00e4sentieren Sie Ihre F\u00e4higkeiten und ziehen Sie Kunden an, die auf der Suche nach einem zuverl\u00e4ssigen virtuellen Assistenten sind. Bringen Sie Ihr virtuelles Assistenzgesch\u00e4ft noch heute auf ein neues Niveau und erleben Sie, wie Ihre Karriere neue H\u00f6hen erreicht. Beginnen Sie jetzt, um die Transformation Ihrer digitalen Pr\u00e4senz zu erleben.<\/p>\n<h3 class=\"LC20lb MBeuO DKV0Md\"><\/h3>\n","protected":false},"excerpt":{"rendered":"<ul>\n<li>Klares Design<\/li>\n<li>Professionelles Erscheinungsbild<\/li>\n<li>Reaktionsf\u00e4higes Layout<\/li>\n<li>SEO optimiert<\/li>\n<li>Vollst\u00e4ndig anpassbares Design<\/li>\n<li>Elementor-Seitenersteller<\/li>\n<li>WooCommerce-f\u00e4hig<\/li>\n<li>Sicherheit und Compliance<\/li>\n<\/ul>\n","protected":false},"featured_media":9645,"template":"","meta":{"_acf_changed":false,"inline_featured_image":false},"product_brand":[],"product_cat":[1772],"product_tag":[1833],"class_list":{"0":"post-9644","1":"product","2":"type-product","3":"status-publish","4":"has-post-thumbnail","6":"product_cat-corporate-business-ru","7":"product_tag-virtual-assistant-business-ru","9":"first","10":"instock","11":"sale","12":"downloadable","13":"taxable","14":"shipping-taxable","15":"purchasable","16":"product-type-simple"},"acf":[],"yoast_head":"<!-- This site is optimized with the Yoast SEO Premium plugin v22.1 (Yoast SEO v26.0) - https:\/\/yoast.com\/wordpress\/plugins\/seo\/ -->\n<title>Virtable Virtual Assistant Business | Corporate Business<\/title>\n<meta name=\"description\" content=\"Elevate your business with virtable virtual assistant business and afforfable WordPress themes. Boost productivity with our reliable corporate solutions.\" \/>\n<meta name=\"robots\" content=\"index, follow, max-snippet:-1, max-image-preview:large, max-video-preview:-1\" \/>\n<link rel=\"canonical\" href=\"https:\/\/themeholt.com\/de\/product\/virtable-virtueller-assistent-business\/\" \/>\n<meta property=\"og:locale\" content=\"de_DE\" \/>\n<meta property=\"og:type\" content=\"article\" \/>\n<meta property=\"og:title\" content=\"Virtable Virtueller Assistent Business\" \/>\n<meta property=\"og:description\" content=\"Elevate your business with virtable virtual assistant business and afforfable WordPress themes. Boost productivity with our reliable corporate solutions.\" \/>\n<meta property=\"og:url\" content=\"https:\/\/themeholt.com\/de\/product\/virtable-virtueller-assistent-business\/\" \/>\n<meta property=\"og:site_name\" content=\"ThemeHolt\" \/>\n<meta property=\"article:publisher\" content=\"https:\/\/www.facebook.com\/themeholtT\" \/>\n<meta property=\"article:modified_time\" content=\"2024-09-25T11:08:55+00:00\" \/>\n<meta property=\"og:image\" content=\"https:\/\/themeholt.com\/wp-content\/uploads\/2023\/10\/341.png\" \/>\n\t<meta property=\"og:image:width\" content=\"1295\" \/>\n\t<meta property=\"og:image:height\" content=\"1066\" \/>\n\t<meta property=\"og:image:type\" content=\"image\/png\" \/>\n<meta name=\"twitter:card\" content=\"summary_large_image\" \/>\n<meta name=\"twitter:site\" content=\"@ThemeholtT\" \/>\n<meta name=\"twitter:label1\" content=\"Gesch\u00e4tzte Lesezeit\" \/>\n\t<meta name=\"twitter:data1\" content=\"1\u00a0Minute\" \/>\n<script type=\"application\/ld+json\" class=\"yoast-schema-graph\">{\"@context\":\"https:\/\/schema.org\",\"@graph\":[{\"@type\":\"WebPage\",\"@id\":\"https:\/\/themeholt.com\/de\/product\/virtable-virtueller-assistent-business\/\",\"url\":\"https:\/\/themeholt.com\/de\/product\/virtable-virtueller-assistent-business\/\",\"name\":\"Virtable Virtual Assistant Business | Corporate Business\",\"isPartOf\":{\"@id\":\"https:\/\/themeholt.com\/#website\"},\"primaryImageOfPage\":{\"@id\":\"https:\/\/themeholt.com\/de\/product\/virtable-virtueller-assistent-business\/#primaryimage\"},\"image\":{\"@id\":\"https:\/\/themeholt.com\/de\/product\/virtable-virtueller-assistent-business\/#primaryimage\"},\"thumbnailUrl\":\"https:\/\/themeholt.com\/wp-content\/uploads\/2023\/10\/341.png\",\"datePublished\":\"2023-10-11T04:37:46+00:00\",\"dateModified\":\"2024-09-25T11:08:55+00:00\",\"description\":\"Elevate your business with virtable virtual assistant business and afforfable WordPress themes. Boost productivity with our reliable corporate solutions.\",\"breadcrumb\":{\"@id\":\"https:\/\/themeholt.com\/de\/product\/virtable-virtueller-assistent-business\/#breadcrumb\"},\"inLanguage\":\"de\",\"potentialAction\":[{\"@type\":\"ReadAction\",\"target\":[\"https:\/\/themeholt.com\/de\/product\/virtable-virtueller-assistent-business\/\"]}]},{\"@type\":\"ImageObject\",\"inLanguage\":\"de\",\"@id\":\"https:\/\/themeholt.com\/de\/product\/virtable-virtueller-assistent-business\/#primaryimage\",\"url\":\"https:\/\/themeholt.com\/wp-content\/uploads\/2023\/10\/341.png\",\"contentUrl\":\"https:\/\/themeholt.com\/wp-content\/uploads\/2023\/10\/341.png\",\"width\":1295,\"height\":1066},{\"@type\":\"BreadcrumbList\",\"@id\":\"https:\/\/themeholt.com\/de\/product\/virtable-virtueller-assistent-business\/#breadcrumb\",\"itemListElement\":[{\"@type\":\"ListItem\",\"position\":1,\"name\":\"Home\",\"item\":\"https:\/\/themeholt.com\/de\/\"},{\"@type\":\"ListItem\",\"position\":2,\"name\":\"Shop\",\"item\":\"https:\/\/themeholt.com\/shop\/\"},{\"@type\":\"ListItem\",\"position\":3,\"name\":\"Virtable Virtueller Assistent Business\"}]},{\"@type\":\"WebSite\",\"@id\":\"https:\/\/themeholt.com\/#website\",\"url\":\"https:\/\/themeholt.com\/\",\"name\":\"ThemeHolt\",\"description\":\"Themeholt is a website that offers high-quality WordPress themes\",\"publisher\":{\"@id\":\"https:\/\/themeholt.com\/#organization\"},\"potentialAction\":[{\"@type\":\"SearchAction\",\"target\":{\"@type\":\"EntryPoint\",\"urlTemplate\":\"https:\/\/themeholt.com\/?s={search_term_string}\"},\"query-input\":{\"@type\":\"PropertyValueSpecification\",\"valueRequired\":true,\"valueName\":\"search_term_string\"}}],\"inLanguage\":\"de\"},{\"@type\":\"Organization\",\"@id\":\"https:\/\/themeholt.com\/#organization\",\"name\":\"ThemeHolt\",\"alternateName\":\"ThemeHolt\",\"url\":\"https:\/\/themeholt.com\/\",\"logo\":{\"@type\":\"ImageObject\",\"inLanguage\":\"de\",\"@id\":\"https:\/\/themeholt.com\/#\/schema\/logo\/image\/\",\"url\":\"https:\/\/themeholt.com\/wp-content\/uploads\/2024\/10\/themeholt.png\",\"contentUrl\":\"https:\/\/themeholt.com\/wp-content\/uploads\/2024\/10\/themeholt.png\",\"width\":225,\"height\":225,\"caption\":\"ThemeHolt\"},\"image\":{\"@id\":\"https:\/\/themeholt.com\/#\/schema\/logo\/image\/\"},\"sameAs\":[\"https:\/\/www.facebook.com\/themeholtT\",\"https:\/\/x.com\/ThemeholtT\",\"https:\/\/www.linkedin.com\/company\/themeholt\",\"https:\/\/www.instagram.com\/themeholtt\/\"],\"description\":\"Themeholt is a website that offers high-quality WordPress themes that are easy to use and ready for just about everything. In Eindhoven, Netherlands, since 2020 offering simple, accessible WordPress themes by providing a variety of requirements. Themeholt focuses on practicality and efficiency, allowing faster project completion with its superior marketplace and easy-to-use templates.\",\"legalName\":\"ThemeHolt\",\"foundingDate\":\"2022-11-10\",\"numberOfEmployees\":{\"@type\":\"QuantitativeValue\",\"minValue\":\"51\",\"maxValue\":\"200\"}}]}<\/script>\n<!-- \/ Yoast SEO Premium plugin. -->","yoast_head_json":{"title":"Virtable Virtual Assistant Business | Corporate Business","description":"Elevate your business with virtable virtual assistant business and afforfable WordPress themes. Boost productivity with our reliable corporate solutions.","robots":{"index":"index","follow":"follow","max-snippet":"max-snippet:-1","max-image-preview":"max-image-preview:large","max-video-preview":"max-video-preview:-1"},"canonical":"https:\/\/themeholt.com\/de\/product\/virtable-virtueller-assistent-business\/","og_locale":"de_DE","og_type":"article","og_title":"Virtable Virtueller Assistent Business","og_description":"Elevate your business with virtable virtual assistant business and afforfable WordPress themes. Boost productivity with our reliable corporate solutions.","og_url":"https:\/\/themeholt.com\/de\/product\/virtable-virtueller-assistent-business\/","og_site_name":"ThemeHolt","article_publisher":"https:\/\/www.facebook.com\/themeholtT","article_modified_time":"2024-09-25T11:08:55+00:00","og_image":[{"width":1295,"height":1066,"url":"https:\/\/themeholt.com\/wp-content\/uploads\/2023\/10\/341.png","type":"image\/png"}],"twitter_card":"summary_large_image","twitter_site":"@ThemeholtT","twitter_misc":{"Gesch\u00e4tzte Lesezeit":"1\u00a0Minute"},"schema":{"@context":"https:\/\/schema.org","@graph":[{"@type":"WebPage","@id":"https:\/\/themeholt.com\/de\/product\/virtable-virtueller-assistent-business\/","url":"https:\/\/themeholt.com\/de\/product\/virtable-virtueller-assistent-business\/","name":"Virtable Virtual Assistant Business | Corporate Business","isPartOf":{"@id":"https:\/\/themeholt.com\/#website"},"primaryImageOfPage":{"@id":"https:\/\/themeholt.com\/de\/product\/virtable-virtueller-assistent-business\/#primaryimage"},"image":{"@id":"https:\/\/themeholt.com\/de\/product\/virtable-virtueller-assistent-business\/#primaryimage"},"thumbnailUrl":"https:\/\/themeholt.com\/wp-content\/uploads\/2023\/10\/341.png","datePublished":"2023-10-11T04:37:46+00:00","dateModified":"2024-09-25T11:08:55+00:00","description":"Elevate your business with virtable virtual assistant business and afforfable WordPress themes. Boost productivity with our reliable corporate solutions.","breadcrumb":{"@id":"https:\/\/themeholt.com\/de\/product\/virtable-virtueller-assistent-business\/#breadcrumb"},"inLanguage":"de","potentialAction":[{"@type":"ReadAction","target":["https:\/\/themeholt.com\/de\/product\/virtable-virtueller-assistent-business\/"]}]},{"@type":"ImageObject","inLanguage":"de","@id":"https:\/\/themeholt.com\/de\/product\/virtable-virtueller-assistent-business\/#primaryimage","url":"https:\/\/themeholt.com\/wp-content\/uploads\/2023\/10\/341.png","contentUrl":"https:\/\/themeholt.com\/wp-content\/uploads\/2023\/10\/341.png","width":1295,"height":1066},{"@type":"BreadcrumbList","@id":"https:\/\/themeholt.com\/de\/product\/virtable-virtueller-assistent-business\/#breadcrumb","itemListElement":[{"@type":"ListItem","position":1,"name":"Home","item":"https:\/\/themeholt.com\/de\/"},{"@type":"ListItem","position":2,"name":"Shop","item":"https:\/\/themeholt.com\/shop\/"},{"@type":"ListItem","position":3,"name":"Virtable Virtueller Assistent Business"}]},{"@type":"WebSite","@id":"https:\/\/themeholt.com\/#website","url":"https:\/\/themeholt.com\/","name":"ThemeHolt","description":"Themeholt is a website that offers high-quality WordPress themes","publisher":{"@id":"https:\/\/themeholt.com\/#organization"},"potentialAction":[{"@type":"SearchAction","target":{"@type":"EntryPoint","urlTemplate":"https:\/\/themeholt.com\/?s={search_term_string}"},"query-input":{"@type":"PropertyValueSpecification","valueRequired":true,"valueName":"search_term_string"}}],"inLanguage":"de"},{"@type":"Organization","@id":"https:\/\/themeholt.com\/#organization","name":"ThemeHolt","alternateName":"ThemeHolt","url":"https:\/\/themeholt.com\/","logo":{"@type":"ImageObject","inLanguage":"de","@id":"https:\/\/themeholt.com\/#\/schema\/logo\/image\/","url":"https:\/\/themeholt.com\/wp-content\/uploads\/2024\/10\/themeholt.png","contentUrl":"https:\/\/themeholt.com\/wp-content\/uploads\/2024\/10\/themeholt.png","width":225,"height":225,"caption":"ThemeHolt"},"image":{"@id":"https:\/\/themeholt.com\/#\/schema\/logo\/image\/"},"sameAs":["https:\/\/www.facebook.com\/themeholtT","https:\/\/x.com\/ThemeholtT","https:\/\/www.linkedin.com\/company\/themeholt","https:\/\/www.instagram.com\/themeholtt\/"],"description":"Themeholt is a website that offers high-quality WordPress themes that are easy to use and ready for just about everything. In Eindhoven, Netherlands, since 2020 offering simple, accessible WordPress themes by providing a variety of requirements. Themeholt focuses on practicality and efficiency, allowing faster project completion with its superior marketplace and easy-to-use templates.","legalName":"ThemeHolt","foundingDate":"2022-11-10","numberOfEmployees":{"@type":"QuantitativeValue","minValue":"51","maxValue":"200"}}]}},"_links":{"self":[{"href":"https:\/\/themeholt.com\/de\/wp-json\/wp\/v2\/product\/9644","targetHints":{"allow":["GET"]}}],"collection":[{"href":"https:\/\/themeholt.com\/de\/wp-json\/wp\/v2\/product"}],"about":[{"href":"https:\/\/themeholt.com\/de\/wp-json\/wp\/v2\/types\/product"}],"wp:featuredmedia":[{"embeddable":true,"href":"https:\/\/themeholt.com\/de\/wp-json\/wp\/v2\/media\/9645"}],"wp:attachment":[{"href":"https:\/\/themeholt.com\/de\/wp-json\/wp\/v2\/media?parent=9644"}],"wp:term":[{"taxonomy":"product_brand","embeddable":true,"href":"https:\/\/themeholt.com\/de\/wp-json\/wp\/v2\/product_brand?post=9644"},{"taxonomy":"product_cat","embeddable":true,"href":"https:\/\/themeholt.com\/de\/wp-json\/wp\/v2\/product_cat?post=9644"},{"taxonomy":"product_tag","embeddable":true,"href":"https:\/\/themeholt.com\/de\/wp-json\/wp\/v2\/product_tag?post=9644"}],"curies":[{"name":"wp","href":"https:\/\/api.w.org\/{rel}","templated":true}]}}