{"id":9667,"date":"2023-10-10T06:03:39","date_gmt":"2023-10-10T06:03:39","guid":{"rendered":"https:\/\/themeholt.com\/product\/smash-badminton-school-sports-club\/"},"modified":"2024-09-25T11:40:55","modified_gmt":"2024-09-25T11:40:55","slug":"smash-badminton-schulsportverein","status":"publish","type":"product","link":"https:\/\/themeholt.com\/de\/product\/smash-badminton-schulsportverein\/","title":{"rendered":"Smash Badminton Schulsportverein"},"content":{"rendered":"<p><span style=\"font-weight: 400\">Wir pr\u00e4sentieren das <\/span><b>Badminton Schulsport WordPress Theme<\/b><span style=\"font-weight: 400\">\u00a0die ultimative L\u00f6sung f\u00fcr Sportbegeisterte, Schulen und Vereine, die eine dynamische Onlinepr\u00e4senz aufbauen m\u00f6chten. Um all Ihren Badminton-bezogenen Anforderungen gerecht zu werden, bietet dieses Theme die ideale Kombination aus Funktionalit\u00e4t und \u00c4sthetik.<\/span><\/p>\n<p><span style=\"font-weight: 400\">Mit der benutzerfreundlichen Oberfl\u00e4che k\u00f6nnen Sie m\u00fchelos die Erfolge Ihres Teams pr\u00e4sentieren, Spiele planen und ansprechende Inhalte teilen. Das responsive Design des Themes sorgt daf\u00fcr, dass Ihre Website auf allen Ger\u00e4ten gut aussieht.<\/span><\/p>\n<p><span style=\"font-weight: 400\">Sie k\u00f6nnen Ihre Site mit ihren Funktionen an Ihre Bed\u00fcrfnisse anpassen, sodass Sie im Handumdrehen eine einzigartige und ansprechende Plattform f\u00fcr Ihre Badminton-Community erstellen k\u00f6nnen. Begr\u00fc\u00dfen Sie die Zukunft der Sportf\u00f6rderung mit diesem au\u00dfergew\u00f6hnlichen WordPress-Theme.<\/span><\/p>\n","protected":false},"excerpt":{"rendered":"<ul>\n<li><span style=\"font-weight: 400\">Professionelle Funktionen<\/span><\/li>\n<li><span style=\"font-weight: 400\">Anspruchsvolles Design<\/span><\/li>\n<li><span style=\"font-weight: 400\">Individuelle Gestaltung<\/span><\/li>\n<li><span style=\"font-weight: 400\">Schnelle Ladezeiten<\/span><\/li>\n<li><span style=\"font-weight: 400\">Professionelles Design<\/span><\/li>\n<li><span style=\"font-weight: 400\">Reaktionsf\u00e4higes Layout<\/span><\/li>\n<li><span style=\"font-weight: 400\">SEO optimiert<\/span><\/li>\n<\/ul>\n","protected":false},"featured_media":9668,"template":"","meta":{"_acf_changed":false,"inline_featured_image":false},"product_brand":[],"product_cat":[1827],"product_tag":[1830],"class_list":{"0":"post-9667","1":"product","2":"type-product","3":"status-publish","4":"has-post-thumbnail","6":"product_cat-sports-ru","7":"product_tag-sports-wordpress-theme-ru","9":"first","10":"instock","11":"sale","12":"downloadable","13":"taxable","14":"shipping-taxable","15":"purchasable","16":"product-type-simple"},"acf":[],"yoast_head":"<!-- This site is optimized with the Yoast SEO Premium plugin v22.1 (Yoast SEO v26.0) - https:\/\/yoast.com\/wordpress\/plugins\/seo\/ -->\n<title>Badminton School Sports WordPress Theme | Ultimate Solution for Sports Websites<\/title>\n<meta name=\"description\" content=\"Discover the perfect theme for your school sports website with our Badminton School Sports Wordpress theme. Engage your students and athletes with a dynamic and user-friendly design. Get started today!\" \/>\n<meta name=\"robots\" content=\"index, follow, max-snippet:-1, max-image-preview:large, max-video-preview:-1\" \/>\n<link rel=\"canonical\" href=\"https:\/\/themeholt.com\/de\/product\/smash-badminton-schulsportverein\/\" \/>\n<meta property=\"og:locale\" content=\"de_DE\" \/>\n<meta property=\"og:type\" content=\"article\" \/>\n<meta property=\"og:title\" content=\"Smash Badminton Schulsportverein\" \/>\n<meta property=\"og:description\" content=\"Discover the perfect theme for your school sports website with our Badminton School Sports Wordpress theme. Engage your students and athletes with a dynamic and user-friendly design. Get started today!\" \/>\n<meta property=\"og:url\" content=\"https:\/\/themeholt.com\/de\/product\/smash-badminton-schulsportverein\/\" \/>\n<meta property=\"og:site_name\" content=\"ThemeHolt\" \/>\n<meta property=\"article:publisher\" content=\"https:\/\/www.facebook.com\/themeholtT\" \/>\n<meta property=\"article:modified_time\" content=\"2024-09-25T11:40:55+00:00\" \/>\n<meta property=\"og:image\" content=\"https:\/\/themeholt.com\/wp-content\/uploads\/2023\/10\/321.png\" \/>\n\t<meta property=\"og:image:width\" content=\"1365\" \/>\n\t<meta property=\"og:image:height\" content=\"1199\" \/>\n\t<meta property=\"og:image:type\" content=\"image\/png\" \/>\n<meta name=\"twitter:card\" content=\"summary_large_image\" \/>\n<meta name=\"twitter:site\" content=\"@ThemeholtT\" \/>\n<meta name=\"twitter:label1\" content=\"Gesch\u00e4tzte Lesezeit\" \/>\n\t<meta name=\"twitter:data1\" content=\"1\u00a0Minute\" \/>\n<script type=\"application\/ld+json\" class=\"yoast-schema-graph\">{\"@context\":\"https:\/\/schema.org\",\"@graph\":[{\"@type\":\"WebPage\",\"@id\":\"https:\/\/themeholt.com\/de\/product\/smash-badminton-schulsportverein\/\",\"url\":\"https:\/\/themeholt.com\/de\/product\/smash-badminton-schulsportverein\/\",\"name\":\"Badminton School Sports WordPress Theme | Ultimate Solution for Sports Websites\",\"isPartOf\":{\"@id\":\"https:\/\/themeholt.com\/#website\"},\"primaryImageOfPage\":{\"@id\":\"https:\/\/themeholt.com\/de\/product\/smash-badminton-schulsportverein\/#primaryimage\"},\"image\":{\"@id\":\"https:\/\/themeholt.com\/de\/product\/smash-badminton-schulsportverein\/#primaryimage\"},\"thumbnailUrl\":\"https:\/\/themeholt.com\/wp-content\/uploads\/2023\/10\/321.png\",\"datePublished\":\"2023-10-10T06:03:39+00:00\",\"dateModified\":\"2024-09-25T11:40:55+00:00\",\"description\":\"Discover the perfect theme for your school sports website with our Badminton School Sports Wordpress theme. Engage your students and athletes with a dynamic and user-friendly design. Get started today!\",\"breadcrumb\":{\"@id\":\"https:\/\/themeholt.com\/de\/product\/smash-badminton-schulsportverein\/#breadcrumb\"},\"inLanguage\":\"de\",\"potentialAction\":[{\"@type\":\"ReadAction\",\"target\":[\"https:\/\/themeholt.com\/de\/product\/smash-badminton-schulsportverein\/\"]}]},{\"@type\":\"ImageObject\",\"inLanguage\":\"de\",\"@id\":\"https:\/\/themeholt.com\/de\/product\/smash-badminton-schulsportverein\/#primaryimage\",\"url\":\"https:\/\/themeholt.com\/wp-content\/uploads\/2023\/10\/321.png\",\"contentUrl\":\"https:\/\/themeholt.com\/wp-content\/uploads\/2023\/10\/321.png\",\"width\":1365,\"height\":1199},{\"@type\":\"BreadcrumbList\",\"@id\":\"https:\/\/themeholt.com\/de\/product\/smash-badminton-schulsportverein\/#breadcrumb\",\"itemListElement\":[{\"@type\":\"ListItem\",\"position\":1,\"name\":\"Home\",\"item\":\"https:\/\/themeholt.com\/de\/\"},{\"@type\":\"ListItem\",\"position\":2,\"name\":\"Shop\",\"item\":\"https:\/\/themeholt.com\/shop\/\"},{\"@type\":\"ListItem\",\"position\":3,\"name\":\"Smash Badminton Schulsportverein\"}]},{\"@type\":\"WebSite\",\"@id\":\"https:\/\/themeholt.com\/#website\",\"url\":\"https:\/\/themeholt.com\/\",\"name\":\"ThemeHolt\",\"description\":\"Themeholt is a website that offers high-quality WordPress themes\",\"publisher\":{\"@id\":\"https:\/\/themeholt.com\/#organization\"},\"potentialAction\":[{\"@type\":\"SearchAction\",\"target\":{\"@type\":\"EntryPoint\",\"urlTemplate\":\"https:\/\/themeholt.com\/?s={search_term_string}\"},\"query-input\":{\"@type\":\"PropertyValueSpecification\",\"valueRequired\":true,\"valueName\":\"search_term_string\"}}],\"inLanguage\":\"de\"},{\"@type\":\"Organization\",\"@id\":\"https:\/\/themeholt.com\/#organization\",\"name\":\"ThemeHolt\",\"alternateName\":\"ThemeHolt\",\"url\":\"https:\/\/themeholt.com\/\",\"logo\":{\"@type\":\"ImageObject\",\"inLanguage\":\"de\",\"@id\":\"https:\/\/themeholt.com\/#\/schema\/logo\/image\/\",\"url\":\"https:\/\/themeholt.com\/wp-content\/uploads\/2024\/10\/themeholt.png\",\"contentUrl\":\"https:\/\/themeholt.com\/wp-content\/uploads\/2024\/10\/themeholt.png\",\"width\":225,\"height\":225,\"caption\":\"ThemeHolt\"},\"image\":{\"@id\":\"https:\/\/themeholt.com\/#\/schema\/logo\/image\/\"},\"sameAs\":[\"https:\/\/www.facebook.com\/themeholtT\",\"https:\/\/x.com\/ThemeholtT\",\"https:\/\/www.linkedin.com\/company\/themeholt\",\"https:\/\/www.instagram.com\/themeholtt\/\"],\"description\":\"Themeholt is a website that offers high-quality WordPress themes that are easy to use and ready for just about everything. In Eindhoven, Netherlands, since 2020 offering simple, accessible WordPress themes by providing a variety of requirements. Themeholt focuses on practicality and efficiency, allowing faster project completion with its superior marketplace and easy-to-use templates.\",\"legalName\":\"ThemeHolt\",\"foundingDate\":\"2022-11-10\",\"numberOfEmployees\":{\"@type\":\"QuantitativeValue\",\"minValue\":\"51\",\"maxValue\":\"200\"}}]}<\/script>\n<!-- \/ Yoast SEO Premium plugin. -->","yoast_head_json":{"title":"Badminton School Sports WordPress Theme | Ultimate Solution for Sports Websites","description":"Discover the perfect theme for your school sports website with our Badminton School Sports Wordpress theme. Engage your students and athletes with a dynamic and user-friendly design. Get started today!","robots":{"index":"index","follow":"follow","max-snippet":"max-snippet:-1","max-image-preview":"max-image-preview:large","max-video-preview":"max-video-preview:-1"},"canonical":"https:\/\/themeholt.com\/de\/product\/smash-badminton-schulsportverein\/","og_locale":"de_DE","og_type":"article","og_title":"Smash Badminton Schulsportverein","og_description":"Discover the perfect theme for your school sports website with our Badminton School Sports Wordpress theme. Engage your students and athletes with a dynamic and user-friendly design. Get started today!","og_url":"https:\/\/themeholt.com\/de\/product\/smash-badminton-schulsportverein\/","og_site_name":"ThemeHolt","article_publisher":"https:\/\/www.facebook.com\/themeholtT","article_modified_time":"2024-09-25T11:40:55+00:00","og_image":[{"width":1365,"height":1199,"url":"https:\/\/themeholt.com\/wp-content\/uploads\/2023\/10\/321.png","type":"image\/png"}],"twitter_card":"summary_large_image","twitter_site":"@ThemeholtT","twitter_misc":{"Gesch\u00e4tzte Lesezeit":"1\u00a0Minute"},"schema":{"@context":"https:\/\/schema.org","@graph":[{"@type":"WebPage","@id":"https:\/\/themeholt.com\/de\/product\/smash-badminton-schulsportverein\/","url":"https:\/\/themeholt.com\/de\/product\/smash-badminton-schulsportverein\/","name":"Badminton School Sports WordPress Theme | Ultimate Solution for Sports Websites","isPartOf":{"@id":"https:\/\/themeholt.com\/#website"},"primaryImageOfPage":{"@id":"https:\/\/themeholt.com\/de\/product\/smash-badminton-schulsportverein\/#primaryimage"},"image":{"@id":"https:\/\/themeholt.com\/de\/product\/smash-badminton-schulsportverein\/#primaryimage"},"thumbnailUrl":"https:\/\/themeholt.com\/wp-content\/uploads\/2023\/10\/321.png","datePublished":"2023-10-10T06:03:39+00:00","dateModified":"2024-09-25T11:40:55+00:00","description":"Discover the perfect theme for your school sports website with our Badminton School Sports Wordpress theme. Engage your students and athletes with a dynamic and user-friendly design. Get started today!","breadcrumb":{"@id":"https:\/\/themeholt.com\/de\/product\/smash-badminton-schulsportverein\/#breadcrumb"},"inLanguage":"de","potentialAction":[{"@type":"ReadAction","target":["https:\/\/themeholt.com\/de\/product\/smash-badminton-schulsportverein\/"]}]},{"@type":"ImageObject","inLanguage":"de","@id":"https:\/\/themeholt.com\/de\/product\/smash-badminton-schulsportverein\/#primaryimage","url":"https:\/\/themeholt.com\/wp-content\/uploads\/2023\/10\/321.png","contentUrl":"https:\/\/themeholt.com\/wp-content\/uploads\/2023\/10\/321.png","width":1365,"height":1199},{"@type":"BreadcrumbList","@id":"https:\/\/themeholt.com\/de\/product\/smash-badminton-schulsportverein\/#breadcrumb","itemListElement":[{"@type":"ListItem","position":1,"name":"Home","item":"https:\/\/themeholt.com\/de\/"},{"@type":"ListItem","position":2,"name":"Shop","item":"https:\/\/themeholt.com\/shop\/"},{"@type":"ListItem","position":3,"name":"Smash Badminton Schulsportverein"}]},{"@type":"WebSite","@id":"https:\/\/themeholt.com\/#website","url":"https:\/\/themeholt.com\/","name":"ThemeHolt","description":"Themeholt is a website that offers high-quality WordPress themes","publisher":{"@id":"https:\/\/themeholt.com\/#organization"},"potentialAction":[{"@type":"SearchAction","target":{"@type":"EntryPoint","urlTemplate":"https:\/\/themeholt.com\/?s={search_term_string}"},"query-input":{"@type":"PropertyValueSpecification","valueRequired":true,"valueName":"search_term_string"}}],"inLanguage":"de"},{"@type":"Organization","@id":"https:\/\/themeholt.com\/#organization","name":"ThemeHolt","alternateName":"ThemeHolt","url":"https:\/\/themeholt.com\/","logo":{"@type":"ImageObject","inLanguage":"de","@id":"https:\/\/themeholt.com\/#\/schema\/logo\/image\/","url":"https:\/\/themeholt.com\/wp-content\/uploads\/2024\/10\/themeholt.png","contentUrl":"https:\/\/themeholt.com\/wp-content\/uploads\/2024\/10\/themeholt.png","width":225,"height":225,"caption":"ThemeHolt"},"image":{"@id":"https:\/\/themeholt.com\/#\/schema\/logo\/image\/"},"sameAs":["https:\/\/www.facebook.com\/themeholtT","https:\/\/x.com\/ThemeholtT","https:\/\/www.linkedin.com\/company\/themeholt","https:\/\/www.instagram.com\/themeholtt\/"],"description":"Themeholt is a website that offers high-quality WordPress themes that are easy to use and ready for just about everything. In Eindhoven, Netherlands, since 2020 offering simple, accessible WordPress themes by providing a variety of requirements. Themeholt focuses on practicality and efficiency, allowing faster project completion with its superior marketplace and easy-to-use templates.","legalName":"ThemeHolt","foundingDate":"2022-11-10","numberOfEmployees":{"@type":"QuantitativeValue","minValue":"51","maxValue":"200"}}]}},"_links":{"self":[{"href":"https:\/\/themeholt.com\/de\/wp-json\/wp\/v2\/product\/9667","targetHints":{"allow":["GET"]}}],"collection":[{"href":"https:\/\/themeholt.com\/de\/wp-json\/wp\/v2\/product"}],"about":[{"href":"https:\/\/themeholt.com\/de\/wp-json\/wp\/v2\/types\/product"}],"wp:featuredmedia":[{"embeddable":true,"href":"https:\/\/themeholt.com\/de\/wp-json\/wp\/v2\/media\/9668"}],"wp:attachment":[{"href":"https:\/\/themeholt.com\/de\/wp-json\/wp\/v2\/media?parent=9667"}],"wp:term":[{"taxonomy":"product_brand","embeddable":true,"href":"https:\/\/themeholt.com\/de\/wp-json\/wp\/v2\/product_brand?post=9667"},{"taxonomy":"product_cat","embeddable":true,"href":"https:\/\/themeholt.com\/de\/wp-json\/wp\/v2\/product_cat?post=9667"},{"taxonomy":"product_tag","embeddable":true,"href":"https:\/\/themeholt.com\/de\/wp-json\/wp\/v2\/product_tag?post=9667"}],"curies":[{"name":"wp","href":"https:\/\/api.w.org\/{rel}","templated":true}]}}