{"id":9683,"date":"2023-10-10T05:58:22","date_gmt":"2023-10-10T05:58:22","guid":{"rendered":"https:\/\/themeholt.com\/product\/rebound-basketball-team-sport-club\/"},"modified":"2024-09-26T05:42:07","modified_gmt":"2024-09-26T05:42:07","slug":"rebound-basketball-team-sport-club","status":"publish","type":"product","link":"https:\/\/themeholt.com\/de\/product\/rebound-basketball-team-sport-club\/","title":{"rendered":"Rebound Basketball Team Sport Club"},"content":{"rendered":"<p><span style=\"font-weight: 400\">Dieses Design wurde sowohl f\u00fcr Profi- als auch Amateurteams entwickelt und ist \u00e4u\u00dferst anpassbar. So k\u00f6nnen Sie Ihre Site m\u00fchelos personalisieren, sodass sie dem einzigartigen Stil und Branding Ihres Teams entspricht. Die integrierten Funktionen erleichtern die Anzeige von Spielerprofilen, Spielpl\u00e4nen und den neuesten Nachrichten, sodass Ihre Fans und Unterst\u00fctzer auf dem Laufenden bleiben und begeistert sind.<\/span><\/p>\n<p><span style=\"font-weight: 400\">Dieses reaktionsschnelle und benutzerfreundliche <\/span><b>Basketball-Teamsport-WordPress-Theme<\/b><span style=\"font-weight: 400\"> sorgt daf\u00fcr, dass Ihre Website auf jedem Ger\u00e4t fantastisch aussieht. Seine intuitive Benutzeroberfl\u00e4che macht die Inhaltsverwaltung zum Kinderspiel, selbst f\u00fcr Benutzer mit minimaler Webentwicklungserfahrung.<\/span><\/p>\n","protected":false},"excerpt":{"rendered":"<ul>\n<li><span style=\"font-weight: 400\">Professionelles Design<\/span><\/li>\n<li><span style=\"font-weight: 400\">Reaktionsf\u00e4higes Layout<\/span><\/li>\n<li><span style=\"font-weight: 400\">SEO optimiert<\/span><\/li>\n<li><span style=\"font-weight: 400\">Vollst\u00e4ndig anpassbar<\/span><\/li>\n<li><span style=\"font-weight: 400\">Elementor-Seitenersteller<\/span><\/li>\n<li><span style=\"font-weight: 400\">WooCommerce-f\u00e4hig<\/span><\/li>\n<li><span style=\"font-weight: 400\">Integration mit Business-Tools<\/span><\/li>\n<\/ul>\n","protected":false},"featured_media":9684,"template":"","meta":{"_acf_changed":false,"inline_featured_image":false},"product_brand":[],"product_cat":[1827],"product_tag":[1830],"class_list":{"0":"post-9683","1":"product","2":"type-product","3":"status-publish","4":"has-post-thumbnail","6":"product_cat-sports-ru","7":"product_tag-sports-wordpress-theme-ru","9":"first","10":"instock","11":"sale","12":"downloadable","13":"taxable","14":"shipping-taxable","15":"purchasable","16":"product-type-simple"},"acf":[],"yoast_head":"<!-- This site is optimized with the Yoast SEO Premium plugin v22.1 (Yoast SEO v26.0) - https:\/\/yoast.com\/wordpress\/plugins\/seo\/ -->\n<title>Sport-WordPress-Theme | Basketball-Team-WordPress-Theme<\/title>\n<meta name=\"description\" content=\"Finden Sie das beste Basketball-WordPress-Theme! Perfekt f\u00fcr Sportblogs, Artikel, Teams und Ligen. Anpassbares, ansprechendes Design. Jetzt holen!\" \/>\n<meta name=\"robots\" content=\"index, follow, max-snippet:-1, max-image-preview:large, max-video-preview:-1\" \/>\n<link rel=\"canonical\" href=\"https:\/\/themeholt.com\/de\/product\/rebound-basketball-team-sport-club\/\" \/>\n<meta property=\"og:locale\" content=\"de_DE\" \/>\n<meta property=\"og:type\" content=\"article\" \/>\n<meta property=\"og:title\" content=\"Rebound Basketball Team Sport Club\" \/>\n<meta property=\"og:description\" content=\"Finden Sie das beste Basketball-WordPress-Theme! Perfekt f\u00fcr Sportblogs, Artikel, Teams und Ligen. Anpassbares, ansprechendes Design. Jetzt holen!\" \/>\n<meta property=\"og:url\" content=\"https:\/\/themeholt.com\/de\/product\/rebound-basketball-team-sport-club\/\" \/>\n<meta property=\"og:site_name\" content=\"ThemeHolt\" \/>\n<meta property=\"article:publisher\" content=\"https:\/\/www.facebook.com\/themeholtT\" \/>\n<meta property=\"article:modified_time\" content=\"2024-09-26T05:42:07+00:00\" \/>\n<meta property=\"og:image\" content=\"https:\/\/themeholt.com\/wp-content\/uploads\/2023\/10\/316.png\" \/>\n\t<meta property=\"og:image:width\" content=\"1326\" \/>\n\t<meta property=\"og:image:height\" content=\"1696\" \/>\n\t<meta property=\"og:image:type\" content=\"image\/png\" \/>\n<meta name=\"twitter:card\" content=\"summary_large_image\" \/>\n<meta name=\"twitter:site\" content=\"@ThemeholtT\" \/>\n<meta name=\"twitter:label1\" content=\"Gesch\u00e4tzte Lesezeit\" \/>\n\t<meta name=\"twitter:data1\" content=\"1\u00a0Minute\" \/>\n<script type=\"application\/ld+json\" class=\"yoast-schema-graph\">{\"@context\":\"https:\/\/schema.org\",\"@graph\":[{\"@type\":\"WebPage\",\"@id\":\"https:\/\/themeholt.com\/de\/product\/rebound-basketball-team-sport-club\/\",\"url\":\"https:\/\/themeholt.com\/de\/product\/rebound-basketball-team-sport-club\/\",\"name\":\"Sport-WordPress-Theme | Basketball-Team-WordPress-Theme\",\"isPartOf\":{\"@id\":\"https:\/\/themeholt.com\/#website\"},\"primaryImageOfPage\":{\"@id\":\"https:\/\/themeholt.com\/de\/product\/rebound-basketball-team-sport-club\/#primaryimage\"},\"image\":{\"@id\":\"https:\/\/themeholt.com\/de\/product\/rebound-basketball-team-sport-club\/#primaryimage\"},\"thumbnailUrl\":\"https:\/\/themeholt.com\/wp-content\/uploads\/2023\/10\/316.png\",\"datePublished\":\"2023-10-10T05:58:22+00:00\",\"dateModified\":\"2024-09-26T05:42:07+00:00\",\"description\":\"Finden Sie das beste Basketball-WordPress-Theme! Perfekt f\u00fcr Sportblogs, Artikel, Teams und Ligen. Anpassbares, ansprechendes Design. Jetzt holen!\",\"breadcrumb\":{\"@id\":\"https:\/\/themeholt.com\/de\/product\/rebound-basketball-team-sport-club\/#breadcrumb\"},\"inLanguage\":\"de\",\"potentialAction\":[{\"@type\":\"ReadAction\",\"target\":[\"https:\/\/themeholt.com\/de\/product\/rebound-basketball-team-sport-club\/\"]}]},{\"@type\":\"ImageObject\",\"inLanguage\":\"de\",\"@id\":\"https:\/\/themeholt.com\/de\/product\/rebound-basketball-team-sport-club\/#primaryimage\",\"url\":\"https:\/\/themeholt.com\/wp-content\/uploads\/2023\/10\/316.png\",\"contentUrl\":\"https:\/\/themeholt.com\/wp-content\/uploads\/2023\/10\/316.png\",\"width\":1326,\"height\":1696},{\"@type\":\"BreadcrumbList\",\"@id\":\"https:\/\/themeholt.com\/de\/product\/rebound-basketball-team-sport-club\/#breadcrumb\",\"itemListElement\":[{\"@type\":\"ListItem\",\"position\":1,\"name\":\"Home\",\"item\":\"https:\/\/themeholt.com\/de\/\"},{\"@type\":\"ListItem\",\"position\":2,\"name\":\"Shop\",\"item\":\"https:\/\/themeholt.com\/shop\/\"},{\"@type\":\"ListItem\",\"position\":3,\"name\":\"Rebound Basketball Team Sport Club\"}]},{\"@type\":\"WebSite\",\"@id\":\"https:\/\/themeholt.com\/#website\",\"url\":\"https:\/\/themeholt.com\/\",\"name\":\"ThemeHolt\",\"description\":\"Themeholt is a website that offers high-quality WordPress themes\",\"publisher\":{\"@id\":\"https:\/\/themeholt.com\/#organization\"},\"potentialAction\":[{\"@type\":\"SearchAction\",\"target\":{\"@type\":\"EntryPoint\",\"urlTemplate\":\"https:\/\/themeholt.com\/?s={search_term_string}\"},\"query-input\":{\"@type\":\"PropertyValueSpecification\",\"valueRequired\":true,\"valueName\":\"search_term_string\"}}],\"inLanguage\":\"de\"},{\"@type\":\"Organization\",\"@id\":\"https:\/\/themeholt.com\/#organization\",\"name\":\"ThemeHolt\",\"alternateName\":\"ThemeHolt\",\"url\":\"https:\/\/themeholt.com\/\",\"logo\":{\"@type\":\"ImageObject\",\"inLanguage\":\"de\",\"@id\":\"https:\/\/themeholt.com\/#\/schema\/logo\/image\/\",\"url\":\"https:\/\/themeholt.com\/wp-content\/uploads\/2024\/10\/themeholt.png\",\"contentUrl\":\"https:\/\/themeholt.com\/wp-content\/uploads\/2024\/10\/themeholt.png\",\"width\":225,\"height\":225,\"caption\":\"ThemeHolt\"},\"image\":{\"@id\":\"https:\/\/themeholt.com\/#\/schema\/logo\/image\/\"},\"sameAs\":[\"https:\/\/www.facebook.com\/themeholtT\",\"https:\/\/x.com\/ThemeholtT\",\"https:\/\/www.linkedin.com\/company\/themeholt\",\"https:\/\/www.instagram.com\/themeholtt\/\"],\"description\":\"Themeholt is a website that offers high-quality WordPress themes that are easy to use and ready for just about everything. In Eindhoven, Netherlands, since 2020 offering simple, accessible WordPress themes by providing a variety of requirements. Themeholt focuses on practicality and efficiency, allowing faster project completion with its superior marketplace and easy-to-use templates.\",\"legalName\":\"ThemeHolt\",\"foundingDate\":\"2022-11-10\",\"numberOfEmployees\":{\"@type\":\"QuantitativeValue\",\"minValue\":\"51\",\"maxValue\":\"200\"}}]}<\/script>\n<!-- \/ Yoast SEO Premium plugin. -->","yoast_head_json":{"title":"Sport-WordPress-Theme | Basketball-Team-WordPress-Theme","description":"Finden Sie das beste Basketball-WordPress-Theme! Perfekt f\u00fcr Sportblogs, Artikel, Teams und Ligen. Anpassbares, ansprechendes Design. Jetzt holen!","robots":{"index":"index","follow":"follow","max-snippet":"max-snippet:-1","max-image-preview":"max-image-preview:large","max-video-preview":"max-video-preview:-1"},"canonical":"https:\/\/themeholt.com\/de\/product\/rebound-basketball-team-sport-club\/","og_locale":"de_DE","og_type":"article","og_title":"Rebound Basketball Team Sport Club","og_description":"Finden Sie das beste Basketball-WordPress-Theme! Perfekt f\u00fcr Sportblogs, Artikel, Teams und Ligen. Anpassbares, ansprechendes Design. Jetzt holen!","og_url":"https:\/\/themeholt.com\/de\/product\/rebound-basketball-team-sport-club\/","og_site_name":"ThemeHolt","article_publisher":"https:\/\/www.facebook.com\/themeholtT","article_modified_time":"2024-09-26T05:42:07+00:00","og_image":[{"width":1326,"height":1696,"url":"https:\/\/themeholt.com\/wp-content\/uploads\/2023\/10\/316.png","type":"image\/png"}],"twitter_card":"summary_large_image","twitter_site":"@ThemeholtT","twitter_misc":{"Gesch\u00e4tzte Lesezeit":"1\u00a0Minute"},"schema":{"@context":"https:\/\/schema.org","@graph":[{"@type":"WebPage","@id":"https:\/\/themeholt.com\/de\/product\/rebound-basketball-team-sport-club\/","url":"https:\/\/themeholt.com\/de\/product\/rebound-basketball-team-sport-club\/","name":"Sport-WordPress-Theme | Basketball-Team-WordPress-Theme","isPartOf":{"@id":"https:\/\/themeholt.com\/#website"},"primaryImageOfPage":{"@id":"https:\/\/themeholt.com\/de\/product\/rebound-basketball-team-sport-club\/#primaryimage"},"image":{"@id":"https:\/\/themeholt.com\/de\/product\/rebound-basketball-team-sport-club\/#primaryimage"},"thumbnailUrl":"https:\/\/themeholt.com\/wp-content\/uploads\/2023\/10\/316.png","datePublished":"2023-10-10T05:58:22+00:00","dateModified":"2024-09-26T05:42:07+00:00","description":"Finden Sie das beste Basketball-WordPress-Theme! Perfekt f\u00fcr Sportblogs, Artikel, Teams und Ligen. Anpassbares, ansprechendes Design. Jetzt holen!","breadcrumb":{"@id":"https:\/\/themeholt.com\/de\/product\/rebound-basketball-team-sport-club\/#breadcrumb"},"inLanguage":"de","potentialAction":[{"@type":"ReadAction","target":["https:\/\/themeholt.com\/de\/product\/rebound-basketball-team-sport-club\/"]}]},{"@type":"ImageObject","inLanguage":"de","@id":"https:\/\/themeholt.com\/de\/product\/rebound-basketball-team-sport-club\/#primaryimage","url":"https:\/\/themeholt.com\/wp-content\/uploads\/2023\/10\/316.png","contentUrl":"https:\/\/themeholt.com\/wp-content\/uploads\/2023\/10\/316.png","width":1326,"height":1696},{"@type":"BreadcrumbList","@id":"https:\/\/themeholt.com\/de\/product\/rebound-basketball-team-sport-club\/#breadcrumb","itemListElement":[{"@type":"ListItem","position":1,"name":"Home","item":"https:\/\/themeholt.com\/de\/"},{"@type":"ListItem","position":2,"name":"Shop","item":"https:\/\/themeholt.com\/shop\/"},{"@type":"ListItem","position":3,"name":"Rebound Basketball Team Sport Club"}]},{"@type":"WebSite","@id":"https:\/\/themeholt.com\/#website","url":"https:\/\/themeholt.com\/","name":"ThemeHolt","description":"Themeholt is a website that offers high-quality WordPress themes","publisher":{"@id":"https:\/\/themeholt.com\/#organization"},"potentialAction":[{"@type":"SearchAction","target":{"@type":"EntryPoint","urlTemplate":"https:\/\/themeholt.com\/?s={search_term_string}"},"query-input":{"@type":"PropertyValueSpecification","valueRequired":true,"valueName":"search_term_string"}}],"inLanguage":"de"},{"@type":"Organization","@id":"https:\/\/themeholt.com\/#organization","name":"ThemeHolt","alternateName":"ThemeHolt","url":"https:\/\/themeholt.com\/","logo":{"@type":"ImageObject","inLanguage":"de","@id":"https:\/\/themeholt.com\/#\/schema\/logo\/image\/","url":"https:\/\/themeholt.com\/wp-content\/uploads\/2024\/10\/themeholt.png","contentUrl":"https:\/\/themeholt.com\/wp-content\/uploads\/2024\/10\/themeholt.png","width":225,"height":225,"caption":"ThemeHolt"},"image":{"@id":"https:\/\/themeholt.com\/#\/schema\/logo\/image\/"},"sameAs":["https:\/\/www.facebook.com\/themeholtT","https:\/\/x.com\/ThemeholtT","https:\/\/www.linkedin.com\/company\/themeholt","https:\/\/www.instagram.com\/themeholtt\/"],"description":"Themeholt is a website that offers high-quality WordPress themes that are easy to use and ready for just about everything. In Eindhoven, Netherlands, since 2020 offering simple, accessible WordPress themes by providing a variety of requirements. Themeholt focuses on practicality and efficiency, allowing faster project completion with its superior marketplace and easy-to-use templates.","legalName":"ThemeHolt","foundingDate":"2022-11-10","numberOfEmployees":{"@type":"QuantitativeValue","minValue":"51","maxValue":"200"}}]}},"_links":{"self":[{"href":"https:\/\/themeholt.com\/de\/wp-json\/wp\/v2\/product\/9683","targetHints":{"allow":["GET"]}}],"collection":[{"href":"https:\/\/themeholt.com\/de\/wp-json\/wp\/v2\/product"}],"about":[{"href":"https:\/\/themeholt.com\/de\/wp-json\/wp\/v2\/types\/product"}],"wp:featuredmedia":[{"embeddable":true,"href":"https:\/\/themeholt.com\/de\/wp-json\/wp\/v2\/media\/9684"}],"wp:attachment":[{"href":"https:\/\/themeholt.com\/de\/wp-json\/wp\/v2\/media?parent=9683"}],"wp:term":[{"taxonomy":"product_brand","embeddable":true,"href":"https:\/\/themeholt.com\/de\/wp-json\/wp\/v2\/product_brand?post=9683"},{"taxonomy":"product_cat","embeddable":true,"href":"https:\/\/themeholt.com\/de\/wp-json\/wp\/v2\/product_cat?post=9683"},{"taxonomy":"product_tag","embeddable":true,"href":"https:\/\/themeholt.com\/de\/wp-json\/wp\/v2\/product_tag?post=9683"}],"curies":[{"name":"wp","href":"https:\/\/api.w.org\/{rel}","templated":true}]}}