{"id":9742,"date":"2023-10-09T10:07:49","date_gmt":"2023-10-09T10:07:49","guid":{"rendered":"https:\/\/themeholt.com\/product\/cryptodax-cryptocurrency\/"},"modified":"2024-09-26T05:54:56","modified_gmt":"2024-09-26T05:54:56","slug":"cryptodax-cryptocurrency","status":"publish","type":"product","link":"https:\/\/themeholt.com\/de\/product\/cryptodax-cryptocurrency\/","title":{"rendered":"Cryptodax Kryptow\u00e4hrung"},"content":{"rendered":"<p><span style=\"font-weight: 400\">Ein <\/span><b>Kryptow\u00e4hrungs-WordPress-Theme<\/b><span style=\"font-weight: 400\"> ist ein vielseitiges und modernes Design, das auf Websites zugeschnitten ist, die sich mit digitalen W\u00e4hrungen, Blockchain-Technologie und Finanzdienstleistungen befassen. Dieses Theme ist ideal f\u00fcr die Pr\u00e4sentation der neuesten Nachrichten, Marktdaten und Handelsinformationen zu Kryptow\u00e4hrungen, da es \u00fcber eine auff\u00e4llige und \u00fcbersichtliche Benutzeroberfl\u00e4che verf\u00fcgt. Benutzer k\u00f6nnen Preisaktualisierungen in Echtzeit verfolgen und ihre Portfolios mit anpassbaren Layouts, modernen Grafiken und interaktiven Elementen verwalten.<\/span><\/p>\n<p><span style=\"font-weight: 400\">H\u00e4ufig sind auch wichtige Plugins f\u00fcr sichere Transaktionen, ICO-Werbung und Community-Engagement enthalten. Websitebesitzer k\u00f6nnen mit einem WordPress-Theme f\u00fcr Kryptow\u00e4hrungen eine elegante Online-Pr\u00e4senz in der sich st\u00e4ndig ver\u00e4ndernden Welt des digitalen Finanzwesens erstellen.<\/span><\/p>\n","protected":false},"excerpt":{"rendered":"<ul>\n<li><span style=\"font-weight: 400\">Testimonials und Fallstudien<\/span><\/li>\n<li><span style=\"font-weight: 400\">Blog-Integration<\/span><\/li>\n<li><span style=\"font-weight: 400\">Kontakt- und Anfrageformulare<\/span><\/li>\n<li><span style=\"font-weight: 400\">SEO-Optimierung<\/span><\/li>\n<li><span style=\"font-weight: 400\">Kundensupport und Updates<\/span><\/li>\n<li><span style=\"font-weight: 400\">Responsive und mobilf\u00e4hig<\/span><\/li>\n<\/ul>\n","protected":false},"featured_media":9744,"template":"","meta":{"_acf_changed":false,"inline_featured_image":false},"product_brand":[],"product_cat":[1820],"product_tag":[1825],"class_list":{"0":"post-9742","1":"product","2":"type-product","3":"status-publish","4":"has-post-thumbnail","6":"product_cat-technology-apps-ru","7":"product_tag-best-mobile-applications-themes-ru","9":"first","10":"instock","11":"sale","12":"downloadable","13":"taxable","14":"shipping-taxable","15":"purchasable","16":"product-type-simple"},"acf":[],"yoast_head":"<!-- This site is optimized with the Yoast SEO Premium plugin v22.1 (Yoast SEO v26.0) - https:\/\/yoast.com\/wordpress\/plugins\/seo\/ -->\n<title>Crypto WordPress Theme | Cryptocurrency WordPress Theme<\/title>\n<meta name=\"description\" content=\"Get the perfect Cryptocurrency WordPress Theme for your website. Easy setup &amp; customization options. Boost your crypto business today. Try it now!\" \/>\n<meta name=\"robots\" content=\"index, follow, max-snippet:-1, max-image-preview:large, max-video-preview:-1\" \/>\n<link rel=\"canonical\" href=\"https:\/\/themeholt.com\/de\/product\/cryptodax-cryptocurrency\/\" \/>\n<meta property=\"og:locale\" content=\"de_DE\" \/>\n<meta property=\"og:type\" content=\"article\" \/>\n<meta property=\"og:title\" content=\"Cryptodax Kryptow\u00e4hrung\" \/>\n<meta property=\"og:description\" content=\"Get the perfect Cryptocurrency WordPress Theme for your website. Easy setup &amp; customization options. Boost your crypto business today. Try it now!\" \/>\n<meta property=\"og:url\" content=\"https:\/\/themeholt.com\/de\/product\/cryptodax-cryptocurrency\/\" \/>\n<meta property=\"og:site_name\" content=\"ThemeHolt\" \/>\n<meta property=\"article:publisher\" content=\"https:\/\/www.facebook.com\/themeholtT\" \/>\n<meta property=\"article:modified_time\" content=\"2024-09-26T05:54:56+00:00\" \/>\n<meta property=\"og:image\" content=\"https:\/\/themeholt.com\/wp-content\/uploads\/2023\/10\/11-3.png\" \/>\n\t<meta property=\"og:image:width\" content=\"1363\" \/>\n\t<meta property=\"og:image:height\" content=\"1517\" \/>\n\t<meta property=\"og:image:type\" content=\"image\/png\" \/>\n<meta name=\"twitter:card\" content=\"summary_large_image\" \/>\n<meta name=\"twitter:site\" content=\"@ThemeholtT\" \/>\n<meta name=\"twitter:label1\" content=\"Gesch\u00e4tzte Lesezeit\" \/>\n\t<meta name=\"twitter:data1\" content=\"1\u00a0Minute\" \/>\n<script type=\"application\/ld+json\" class=\"yoast-schema-graph\">{\"@context\":\"https:\/\/schema.org\",\"@graph\":[{\"@type\":\"WebPage\",\"@id\":\"https:\/\/themeholt.com\/de\/product\/cryptodax-cryptocurrency\/\",\"url\":\"https:\/\/themeholt.com\/de\/product\/cryptodax-cryptocurrency\/\",\"name\":\"Crypto WordPress Theme | Cryptocurrency WordPress Theme\",\"isPartOf\":{\"@id\":\"https:\/\/themeholt.com\/#website\"},\"primaryImageOfPage\":{\"@id\":\"https:\/\/themeholt.com\/de\/product\/cryptodax-cryptocurrency\/#primaryimage\"},\"image\":{\"@id\":\"https:\/\/themeholt.com\/de\/product\/cryptodax-cryptocurrency\/#primaryimage\"},\"thumbnailUrl\":\"https:\/\/themeholt.com\/wp-content\/uploads\/2023\/10\/11-3.png\",\"datePublished\":\"2023-10-09T10:07:49+00:00\",\"dateModified\":\"2024-09-26T05:54:56+00:00\",\"description\":\"Get the perfect Cryptocurrency WordPress Theme for your website. Easy setup & customization options. Boost your crypto business today. Try it now!\",\"breadcrumb\":{\"@id\":\"https:\/\/themeholt.com\/de\/product\/cryptodax-cryptocurrency\/#breadcrumb\"},\"inLanguage\":\"de\",\"potentialAction\":[{\"@type\":\"ReadAction\",\"target\":[\"https:\/\/themeholt.com\/de\/product\/cryptodax-cryptocurrency\/\"]}]},{\"@type\":\"ImageObject\",\"inLanguage\":\"de\",\"@id\":\"https:\/\/themeholt.com\/de\/product\/cryptodax-cryptocurrency\/#primaryimage\",\"url\":\"https:\/\/themeholt.com\/wp-content\/uploads\/2023\/10\/11-3.png\",\"contentUrl\":\"https:\/\/themeholt.com\/wp-content\/uploads\/2023\/10\/11-3.png\",\"width\":1363,\"height\":1517},{\"@type\":\"BreadcrumbList\",\"@id\":\"https:\/\/themeholt.com\/de\/product\/cryptodax-cryptocurrency\/#breadcrumb\",\"itemListElement\":[{\"@type\":\"ListItem\",\"position\":1,\"name\":\"Home\",\"item\":\"https:\/\/themeholt.com\/de\/\"},{\"@type\":\"ListItem\",\"position\":2,\"name\":\"Shop\",\"item\":\"https:\/\/themeholt.com\/shop\/\"},{\"@type\":\"ListItem\",\"position\":3,\"name\":\"Cryptodax Kryptow\u00e4hrung\"}]},{\"@type\":\"WebSite\",\"@id\":\"https:\/\/themeholt.com\/#website\",\"url\":\"https:\/\/themeholt.com\/\",\"name\":\"ThemeHolt\",\"description\":\"Themeholt is a website that offers high-quality WordPress themes\",\"publisher\":{\"@id\":\"https:\/\/themeholt.com\/#organization\"},\"potentialAction\":[{\"@type\":\"SearchAction\",\"target\":{\"@type\":\"EntryPoint\",\"urlTemplate\":\"https:\/\/themeholt.com\/?s={search_term_string}\"},\"query-input\":{\"@type\":\"PropertyValueSpecification\",\"valueRequired\":true,\"valueName\":\"search_term_string\"}}],\"inLanguage\":\"de\"},{\"@type\":\"Organization\",\"@id\":\"https:\/\/themeholt.com\/#organization\",\"name\":\"ThemeHolt\",\"alternateName\":\"ThemeHolt\",\"url\":\"https:\/\/themeholt.com\/\",\"logo\":{\"@type\":\"ImageObject\",\"inLanguage\":\"de\",\"@id\":\"https:\/\/themeholt.com\/#\/schema\/logo\/image\/\",\"url\":\"https:\/\/themeholt.com\/wp-content\/uploads\/2024\/10\/themeholt.png\",\"contentUrl\":\"https:\/\/themeholt.com\/wp-content\/uploads\/2024\/10\/themeholt.png\",\"width\":225,\"height\":225,\"caption\":\"ThemeHolt\"},\"image\":{\"@id\":\"https:\/\/themeholt.com\/#\/schema\/logo\/image\/\"},\"sameAs\":[\"https:\/\/www.facebook.com\/themeholtT\",\"https:\/\/x.com\/ThemeholtT\",\"https:\/\/www.linkedin.com\/company\/themeholt\",\"https:\/\/www.instagram.com\/themeholtt\/\"],\"description\":\"Themeholt is a website that offers high-quality WordPress themes that are easy to use and ready for just about everything. In Eindhoven, Netherlands, since 2020 offering simple, accessible WordPress themes by providing a variety of requirements. Themeholt focuses on practicality and efficiency, allowing faster project completion with its superior marketplace and easy-to-use templates.\",\"legalName\":\"ThemeHolt\",\"foundingDate\":\"2022-11-10\",\"numberOfEmployees\":{\"@type\":\"QuantitativeValue\",\"minValue\":\"51\",\"maxValue\":\"200\"}}]}<\/script>\n<!-- \/ Yoast SEO Premium plugin. -->","yoast_head_json":{"title":"Crypto WordPress Theme | Cryptocurrency WordPress Theme","description":"Get the perfect Cryptocurrency WordPress Theme for your website. Easy setup & customization options. Boost your crypto business today. Try it now!","robots":{"index":"index","follow":"follow","max-snippet":"max-snippet:-1","max-image-preview":"max-image-preview:large","max-video-preview":"max-video-preview:-1"},"canonical":"https:\/\/themeholt.com\/de\/product\/cryptodax-cryptocurrency\/","og_locale":"de_DE","og_type":"article","og_title":"Cryptodax Kryptow\u00e4hrung","og_description":"Get the perfect Cryptocurrency WordPress Theme for your website. Easy setup & customization options. Boost your crypto business today. Try it now!","og_url":"https:\/\/themeholt.com\/de\/product\/cryptodax-cryptocurrency\/","og_site_name":"ThemeHolt","article_publisher":"https:\/\/www.facebook.com\/themeholtT","article_modified_time":"2024-09-26T05:54:56+00:00","og_image":[{"width":1363,"height":1517,"url":"https:\/\/themeholt.com\/wp-content\/uploads\/2023\/10\/11-3.png","type":"image\/png"}],"twitter_card":"summary_large_image","twitter_site":"@ThemeholtT","twitter_misc":{"Gesch\u00e4tzte Lesezeit":"1\u00a0Minute"},"schema":{"@context":"https:\/\/schema.org","@graph":[{"@type":"WebPage","@id":"https:\/\/themeholt.com\/de\/product\/cryptodax-cryptocurrency\/","url":"https:\/\/themeholt.com\/de\/product\/cryptodax-cryptocurrency\/","name":"Crypto WordPress Theme | Cryptocurrency WordPress Theme","isPartOf":{"@id":"https:\/\/themeholt.com\/#website"},"primaryImageOfPage":{"@id":"https:\/\/themeholt.com\/de\/product\/cryptodax-cryptocurrency\/#primaryimage"},"image":{"@id":"https:\/\/themeholt.com\/de\/product\/cryptodax-cryptocurrency\/#primaryimage"},"thumbnailUrl":"https:\/\/themeholt.com\/wp-content\/uploads\/2023\/10\/11-3.png","datePublished":"2023-10-09T10:07:49+00:00","dateModified":"2024-09-26T05:54:56+00:00","description":"Get the perfect Cryptocurrency WordPress Theme for your website. Easy setup & customization options. Boost your crypto business today. Try it now!","breadcrumb":{"@id":"https:\/\/themeholt.com\/de\/product\/cryptodax-cryptocurrency\/#breadcrumb"},"inLanguage":"de","potentialAction":[{"@type":"ReadAction","target":["https:\/\/themeholt.com\/de\/product\/cryptodax-cryptocurrency\/"]}]},{"@type":"ImageObject","inLanguage":"de","@id":"https:\/\/themeholt.com\/de\/product\/cryptodax-cryptocurrency\/#primaryimage","url":"https:\/\/themeholt.com\/wp-content\/uploads\/2023\/10\/11-3.png","contentUrl":"https:\/\/themeholt.com\/wp-content\/uploads\/2023\/10\/11-3.png","width":1363,"height":1517},{"@type":"BreadcrumbList","@id":"https:\/\/themeholt.com\/de\/product\/cryptodax-cryptocurrency\/#breadcrumb","itemListElement":[{"@type":"ListItem","position":1,"name":"Home","item":"https:\/\/themeholt.com\/de\/"},{"@type":"ListItem","position":2,"name":"Shop","item":"https:\/\/themeholt.com\/shop\/"},{"@type":"ListItem","position":3,"name":"Cryptodax Kryptow\u00e4hrung"}]},{"@type":"WebSite","@id":"https:\/\/themeholt.com\/#website","url":"https:\/\/themeholt.com\/","name":"ThemeHolt","description":"Themeholt is a website that offers high-quality WordPress themes","publisher":{"@id":"https:\/\/themeholt.com\/#organization"},"potentialAction":[{"@type":"SearchAction","target":{"@type":"EntryPoint","urlTemplate":"https:\/\/themeholt.com\/?s={search_term_string}"},"query-input":{"@type":"PropertyValueSpecification","valueRequired":true,"valueName":"search_term_string"}}],"inLanguage":"de"},{"@type":"Organization","@id":"https:\/\/themeholt.com\/#organization","name":"ThemeHolt","alternateName":"ThemeHolt","url":"https:\/\/themeholt.com\/","logo":{"@type":"ImageObject","inLanguage":"de","@id":"https:\/\/themeholt.com\/#\/schema\/logo\/image\/","url":"https:\/\/themeholt.com\/wp-content\/uploads\/2024\/10\/themeholt.png","contentUrl":"https:\/\/themeholt.com\/wp-content\/uploads\/2024\/10\/themeholt.png","width":225,"height":225,"caption":"ThemeHolt"},"image":{"@id":"https:\/\/themeholt.com\/#\/schema\/logo\/image\/"},"sameAs":["https:\/\/www.facebook.com\/themeholtT","https:\/\/x.com\/ThemeholtT","https:\/\/www.linkedin.com\/company\/themeholt","https:\/\/www.instagram.com\/themeholtt\/"],"description":"Themeholt is a website that offers high-quality WordPress themes that are easy to use and ready for just about everything. In Eindhoven, Netherlands, since 2020 offering simple, accessible WordPress themes by providing a variety of requirements. Themeholt focuses on practicality and efficiency, allowing faster project completion with its superior marketplace and easy-to-use templates.","legalName":"ThemeHolt","foundingDate":"2022-11-10","numberOfEmployees":{"@type":"QuantitativeValue","minValue":"51","maxValue":"200"}}]}},"_links":{"self":[{"href":"https:\/\/themeholt.com\/de\/wp-json\/wp\/v2\/product\/9742","targetHints":{"allow":["GET"]}}],"collection":[{"href":"https:\/\/themeholt.com\/de\/wp-json\/wp\/v2\/product"}],"about":[{"href":"https:\/\/themeholt.com\/de\/wp-json\/wp\/v2\/types\/product"}],"wp:featuredmedia":[{"embeddable":true,"href":"https:\/\/themeholt.com\/de\/wp-json\/wp\/v2\/media\/9744"}],"wp:attachment":[{"href":"https:\/\/themeholt.com\/de\/wp-json\/wp\/v2\/media?parent=9742"}],"wp:term":[{"taxonomy":"product_brand","embeddable":true,"href":"https:\/\/themeholt.com\/de\/wp-json\/wp\/v2\/product_brand?post=9742"},{"taxonomy":"product_cat","embeddable":true,"href":"https:\/\/themeholt.com\/de\/wp-json\/wp\/v2\/product_cat?post=9742"},{"taxonomy":"product_tag","embeddable":true,"href":"https:\/\/themeholt.com\/de\/wp-json\/wp\/v2\/product_tag?post=9742"}],"curies":[{"name":"wp","href":"https:\/\/api.w.org\/{rel}","templated":true}]}}