{"id":9748,"date":"2023-10-09T09:58:47","date_gmt":"2023-10-09T09:58:47","guid":{"rendered":"https:\/\/themeholt.com\/product\/techno-xpert-software-agency\/"},"modified":"2024-09-26T05:53:56","modified_gmt":"2024-09-26T05:53:56","slug":"techno-xpert-software-agency","status":"publish","type":"product","link":"https:\/\/themeholt.com\/de\/product\/techno-xpert-software-agency\/","title":{"rendered":"Techno Xpert Software Agency"},"content":{"rendered":"<p><span style=\"font-weight: 400\">Das <\/span><b>Xpert Software Agency WordPress Theme <\/b><span style=\"font-weight: 400\">ist eine dynamische und anpassbare Webdesign-Option, die speziell f\u00fcr IT- und Softwareunternehmen entwickelt wurde. Dieses Theme bietet dank seines modernen und benutzerfreundlichen Designs eine gro\u00dfartige M\u00f6glichkeit, Ihre Waren und Dienstleistungen zu pr\u00e4sentieren. Dank seines responsiven Layouts wird Ihre Website auf allen Ger\u00e4ten gro\u00dfartig aussehen. Viele integrierte Funktionen, wie z.\u00a0B. mehrere Seitenlayouts, anpassbare Widgets und ein benutzerfreundliches Admin-Panel, machen es einfach, Ihre Website anzupassen. <\/span><\/p>\n<p><span style=\"font-weight: 400\">Das Theme bietet E-Commerce-Funktionalit\u00e4t sowie eine reibungslose Integration mit bekannten Plugins. Mit diesem Theme k\u00f6nnen Sie eine elegante Online-Pr\u00e4senz aufbauen, die die Kernwerte Ihres Unternehmens perfekt zum Ausdruck bringt, unabh\u00e4ngig davon, wie lange Sie bereits im Gesch\u00e4ft sind.<\/span><\/p>\n","protected":false},"excerpt":{"rendered":"<ul>\n<li><span style=\"font-weight: 400\">Modernes Design und benutzerzentrierte Erfahrung<\/span><\/li>\n<li><span style=\"font-weight: 400\">Funktionsreich und anpassbar<\/span><\/li>\n<li><span style=\"font-weight: 400\">Portfolio-Showcase<\/span><\/li>\n<li><span style=\"font-weight: 400\">Services und L\u00f6sungen<\/span><\/li>\n<li><span style=\"font-weight: 400\">Testimonials und Fallstudien<\/span><\/li>\n<li><span style=\"font-weight: 400\">Blog-Integration<\/span><\/li>\n<\/ul>\n","protected":false},"featured_media":9749,"template":"","meta":{"_acf_changed":false,"inline_featured_image":false},"product_brand":[],"product_cat":[1820],"product_tag":[1825],"class_list":{"0":"post-9748","1":"product","2":"type-product","3":"status-publish","4":"has-post-thumbnail","6":"product_cat-technology-apps-ru","7":"product_tag-best-mobile-applications-themes-ru","9":"first","10":"instock","11":"sale","12":"downloadable","13":"taxable","14":"shipping-taxable","15":"purchasable","16":"product-type-simple"},"acf":[],"yoast_head":"<!-- This site is optimized with the Yoast SEO Premium plugin v22.1 (Yoast SEO v26.0) - https:\/\/yoast.com\/wordpress\/plugins\/seo\/ -->\n<title>Xpert Software Agency WordPress Theme - Streamline Your Digital Presence<\/title>\n<meta name=\"description\" content=\"Discover the ultimate WordPress theme for your software agency with Xpert Software Agency WordPress Theme. Elevate your online presence and showcase your expertise with sleek design and powerful features. Get started today!\" \/>\n<meta name=\"robots\" content=\"index, follow, max-snippet:-1, max-image-preview:large, max-video-preview:-1\" \/>\n<link rel=\"canonical\" href=\"https:\/\/themeholt.com\/de\/product\/techno-xpert-software-agency\/\" \/>\n<meta property=\"og:locale\" content=\"de_DE\" \/>\n<meta property=\"og:type\" content=\"article\" \/>\n<meta property=\"og:title\" content=\"Techno Xpert Software Agency\" \/>\n<meta property=\"og:description\" content=\"Discover the ultimate WordPress theme for your software agency with Xpert Software Agency WordPress Theme. Elevate your online presence and showcase your expertise with sleek design and powerful features. Get started today!\" \/>\n<meta property=\"og:url\" content=\"https:\/\/themeholt.com\/de\/product\/techno-xpert-software-agency\/\" \/>\n<meta property=\"og:site_name\" content=\"ThemeHolt\" \/>\n<meta property=\"article:publisher\" content=\"https:\/\/www.facebook.com\/themeholtT\" \/>\n<meta property=\"article:modified_time\" content=\"2024-09-26T05:53:56+00:00\" \/>\n<meta property=\"og:image\" content=\"https:\/\/themeholt.com\/wp-content\/uploads\/2023\/10\/6-2.png\" \/>\n\t<meta property=\"og:image:width\" content=\"1367\" \/>\n\t<meta property=\"og:image:height\" content=\"1034\" \/>\n\t<meta property=\"og:image:type\" content=\"image\/png\" \/>\n<meta name=\"twitter:card\" content=\"summary_large_image\" \/>\n<meta name=\"twitter:site\" content=\"@ThemeholtT\" \/>\n<meta name=\"twitter:label1\" content=\"Gesch\u00e4tzte Lesezeit\" \/>\n\t<meta name=\"twitter:data1\" content=\"1\u00a0Minute\" \/>\n<script type=\"application\/ld+json\" class=\"yoast-schema-graph\">{\"@context\":\"https:\/\/schema.org\",\"@graph\":[{\"@type\":\"WebPage\",\"@id\":\"https:\/\/themeholt.com\/de\/product\/techno-xpert-software-agency\/\",\"url\":\"https:\/\/themeholt.com\/de\/product\/techno-xpert-software-agency\/\",\"name\":\"Xpert Software Agency WordPress Theme - Streamline Your Digital Presence\",\"isPartOf\":{\"@id\":\"https:\/\/themeholt.com\/#website\"},\"primaryImageOfPage\":{\"@id\":\"https:\/\/themeholt.com\/de\/product\/techno-xpert-software-agency\/#primaryimage\"},\"image\":{\"@id\":\"https:\/\/themeholt.com\/de\/product\/techno-xpert-software-agency\/#primaryimage\"},\"thumbnailUrl\":\"https:\/\/themeholt.com\/wp-content\/uploads\/2023\/10\/6-2.png\",\"datePublished\":\"2023-10-09T09:58:47+00:00\",\"dateModified\":\"2024-09-26T05:53:56+00:00\",\"description\":\"Discover the ultimate WordPress theme for your software agency with Xpert Software Agency WordPress Theme. Elevate your online presence and showcase your expertise with sleek design and powerful features. Get started today!\",\"breadcrumb\":{\"@id\":\"https:\/\/themeholt.com\/de\/product\/techno-xpert-software-agency\/#breadcrumb\"},\"inLanguage\":\"de\",\"potentialAction\":[{\"@type\":\"ReadAction\",\"target\":[\"https:\/\/themeholt.com\/de\/product\/techno-xpert-software-agency\/\"]}]},{\"@type\":\"ImageObject\",\"inLanguage\":\"de\",\"@id\":\"https:\/\/themeholt.com\/de\/product\/techno-xpert-software-agency\/#primaryimage\",\"url\":\"https:\/\/themeholt.com\/wp-content\/uploads\/2023\/10\/6-2.png\",\"contentUrl\":\"https:\/\/themeholt.com\/wp-content\/uploads\/2023\/10\/6-2.png\",\"width\":1367,\"height\":1034},{\"@type\":\"BreadcrumbList\",\"@id\":\"https:\/\/themeholt.com\/de\/product\/techno-xpert-software-agency\/#breadcrumb\",\"itemListElement\":[{\"@type\":\"ListItem\",\"position\":1,\"name\":\"Home\",\"item\":\"https:\/\/themeholt.com\/de\/\"},{\"@type\":\"ListItem\",\"position\":2,\"name\":\"Shop\",\"item\":\"https:\/\/themeholt.com\/shop\/\"},{\"@type\":\"ListItem\",\"position\":3,\"name\":\"Techno Xpert Software Agency\"}]},{\"@type\":\"WebSite\",\"@id\":\"https:\/\/themeholt.com\/#website\",\"url\":\"https:\/\/themeholt.com\/\",\"name\":\"ThemeHolt\",\"description\":\"Themeholt is a website that offers high-quality WordPress themes\",\"publisher\":{\"@id\":\"https:\/\/themeholt.com\/#organization\"},\"potentialAction\":[{\"@type\":\"SearchAction\",\"target\":{\"@type\":\"EntryPoint\",\"urlTemplate\":\"https:\/\/themeholt.com\/?s={search_term_string}\"},\"query-input\":{\"@type\":\"PropertyValueSpecification\",\"valueRequired\":true,\"valueName\":\"search_term_string\"}}],\"inLanguage\":\"de\"},{\"@type\":\"Organization\",\"@id\":\"https:\/\/themeholt.com\/#organization\",\"name\":\"ThemeHolt\",\"alternateName\":\"ThemeHolt\",\"url\":\"https:\/\/themeholt.com\/\",\"logo\":{\"@type\":\"ImageObject\",\"inLanguage\":\"de\",\"@id\":\"https:\/\/themeholt.com\/#\/schema\/logo\/image\/\",\"url\":\"https:\/\/themeholt.com\/wp-content\/uploads\/2024\/10\/themeholt.png\",\"contentUrl\":\"https:\/\/themeholt.com\/wp-content\/uploads\/2024\/10\/themeholt.png\",\"width\":225,\"height\":225,\"caption\":\"ThemeHolt\"},\"image\":{\"@id\":\"https:\/\/themeholt.com\/#\/schema\/logo\/image\/\"},\"sameAs\":[\"https:\/\/www.facebook.com\/themeholtT\",\"https:\/\/x.com\/ThemeholtT\",\"https:\/\/www.linkedin.com\/company\/themeholt\",\"https:\/\/www.instagram.com\/themeholtt\/\"],\"description\":\"Themeholt is a website that offers high-quality WordPress themes that are easy to use and ready for just about everything. In Eindhoven, Netherlands, since 2020 offering simple, accessible WordPress themes by providing a variety of requirements. Themeholt focuses on practicality and efficiency, allowing faster project completion with its superior marketplace and easy-to-use templates.\",\"legalName\":\"ThemeHolt\",\"foundingDate\":\"2022-11-10\",\"numberOfEmployees\":{\"@type\":\"QuantitativeValue\",\"minValue\":\"51\",\"maxValue\":\"200\"}}]}<\/script>\n<!-- \/ Yoast SEO Premium plugin. -->","yoast_head_json":{"title":"Xpert Software Agency WordPress Theme - Streamline Your Digital Presence","description":"Discover the ultimate WordPress theme for your software agency with Xpert Software Agency WordPress Theme. Elevate your online presence and showcase your expertise with sleek design and powerful features. Get started today!","robots":{"index":"index","follow":"follow","max-snippet":"max-snippet:-1","max-image-preview":"max-image-preview:large","max-video-preview":"max-video-preview:-1"},"canonical":"https:\/\/themeholt.com\/de\/product\/techno-xpert-software-agency\/","og_locale":"de_DE","og_type":"article","og_title":"Techno Xpert Software Agency","og_description":"Discover the ultimate WordPress theme for your software agency with Xpert Software Agency WordPress Theme. Elevate your online presence and showcase your expertise with sleek design and powerful features. Get started today!","og_url":"https:\/\/themeholt.com\/de\/product\/techno-xpert-software-agency\/","og_site_name":"ThemeHolt","article_publisher":"https:\/\/www.facebook.com\/themeholtT","article_modified_time":"2024-09-26T05:53:56+00:00","og_image":[{"width":1367,"height":1034,"url":"https:\/\/themeholt.com\/wp-content\/uploads\/2023\/10\/6-2.png","type":"image\/png"}],"twitter_card":"summary_large_image","twitter_site":"@ThemeholtT","twitter_misc":{"Gesch\u00e4tzte Lesezeit":"1\u00a0Minute"},"schema":{"@context":"https:\/\/schema.org","@graph":[{"@type":"WebPage","@id":"https:\/\/themeholt.com\/de\/product\/techno-xpert-software-agency\/","url":"https:\/\/themeholt.com\/de\/product\/techno-xpert-software-agency\/","name":"Xpert Software Agency WordPress Theme - Streamline Your Digital Presence","isPartOf":{"@id":"https:\/\/themeholt.com\/#website"},"primaryImageOfPage":{"@id":"https:\/\/themeholt.com\/de\/product\/techno-xpert-software-agency\/#primaryimage"},"image":{"@id":"https:\/\/themeholt.com\/de\/product\/techno-xpert-software-agency\/#primaryimage"},"thumbnailUrl":"https:\/\/themeholt.com\/wp-content\/uploads\/2023\/10\/6-2.png","datePublished":"2023-10-09T09:58:47+00:00","dateModified":"2024-09-26T05:53:56+00:00","description":"Discover the ultimate WordPress theme for your software agency with Xpert Software Agency WordPress Theme. Elevate your online presence and showcase your expertise with sleek design and powerful features. Get started today!","breadcrumb":{"@id":"https:\/\/themeholt.com\/de\/product\/techno-xpert-software-agency\/#breadcrumb"},"inLanguage":"de","potentialAction":[{"@type":"ReadAction","target":["https:\/\/themeholt.com\/de\/product\/techno-xpert-software-agency\/"]}]},{"@type":"ImageObject","inLanguage":"de","@id":"https:\/\/themeholt.com\/de\/product\/techno-xpert-software-agency\/#primaryimage","url":"https:\/\/themeholt.com\/wp-content\/uploads\/2023\/10\/6-2.png","contentUrl":"https:\/\/themeholt.com\/wp-content\/uploads\/2023\/10\/6-2.png","width":1367,"height":1034},{"@type":"BreadcrumbList","@id":"https:\/\/themeholt.com\/de\/product\/techno-xpert-software-agency\/#breadcrumb","itemListElement":[{"@type":"ListItem","position":1,"name":"Home","item":"https:\/\/themeholt.com\/de\/"},{"@type":"ListItem","position":2,"name":"Shop","item":"https:\/\/themeholt.com\/shop\/"},{"@type":"ListItem","position":3,"name":"Techno Xpert Software Agency"}]},{"@type":"WebSite","@id":"https:\/\/themeholt.com\/#website","url":"https:\/\/themeholt.com\/","name":"ThemeHolt","description":"Themeholt is a website that offers high-quality WordPress themes","publisher":{"@id":"https:\/\/themeholt.com\/#organization"},"potentialAction":[{"@type":"SearchAction","target":{"@type":"EntryPoint","urlTemplate":"https:\/\/themeholt.com\/?s={search_term_string}"},"query-input":{"@type":"PropertyValueSpecification","valueRequired":true,"valueName":"search_term_string"}}],"inLanguage":"de"},{"@type":"Organization","@id":"https:\/\/themeholt.com\/#organization","name":"ThemeHolt","alternateName":"ThemeHolt","url":"https:\/\/themeholt.com\/","logo":{"@type":"ImageObject","inLanguage":"de","@id":"https:\/\/themeholt.com\/#\/schema\/logo\/image\/","url":"https:\/\/themeholt.com\/wp-content\/uploads\/2024\/10\/themeholt.png","contentUrl":"https:\/\/themeholt.com\/wp-content\/uploads\/2024\/10\/themeholt.png","width":225,"height":225,"caption":"ThemeHolt"},"image":{"@id":"https:\/\/themeholt.com\/#\/schema\/logo\/image\/"},"sameAs":["https:\/\/www.facebook.com\/themeholtT","https:\/\/x.com\/ThemeholtT","https:\/\/www.linkedin.com\/company\/themeholt","https:\/\/www.instagram.com\/themeholtt\/"],"description":"Themeholt is a website that offers high-quality WordPress themes that are easy to use and ready for just about everything. In Eindhoven, Netherlands, since 2020 offering simple, accessible WordPress themes by providing a variety of requirements. Themeholt focuses on practicality and efficiency, allowing faster project completion with its superior marketplace and easy-to-use templates.","legalName":"ThemeHolt","foundingDate":"2022-11-10","numberOfEmployees":{"@type":"QuantitativeValue","minValue":"51","maxValue":"200"}}]}},"_links":{"self":[{"href":"https:\/\/themeholt.com\/de\/wp-json\/wp\/v2\/product\/9748","targetHints":{"allow":["GET"]}}],"collection":[{"href":"https:\/\/themeholt.com\/de\/wp-json\/wp\/v2\/product"}],"about":[{"href":"https:\/\/themeholt.com\/de\/wp-json\/wp\/v2\/types\/product"}],"wp:featuredmedia":[{"embeddable":true,"href":"https:\/\/themeholt.com\/de\/wp-json\/wp\/v2\/media\/9749"}],"wp:attachment":[{"href":"https:\/\/themeholt.com\/de\/wp-json\/wp\/v2\/media?parent=9748"}],"wp:term":[{"taxonomy":"product_brand","embeddable":true,"href":"https:\/\/themeholt.com\/de\/wp-json\/wp\/v2\/product_brand?post=9748"},{"taxonomy":"product_cat","embeddable":true,"href":"https:\/\/themeholt.com\/de\/wp-json\/wp\/v2\/product_cat?post=9748"},{"taxonomy":"product_tag","embeddable":true,"href":"https:\/\/themeholt.com\/de\/wp-json\/wp\/v2\/product_tag?post=9748"}],"curies":[{"name":"wp","href":"https:\/\/api.w.org\/{rel}","templated":true}]}}