{"id":9767,"date":"2023-10-09T06:26:50","date_gmt":"2023-10-09T06:26:50","guid":{"rendered":"https:\/\/themeholt.com\/product\/favas-woocommerce\/"},"modified":"2024-09-26T06:11:37","modified_gmt":"2024-09-26T06:11:37","slug":"favas-woocommerce","status":"publish","type":"product","link":"https:\/\/themeholt.com\/de\/product\/favas-woocommerce\/","title":{"rendered":"Favas Woocommerce"},"content":{"rendered":"<p><span style=\"font-weight: 400\">Das\u00a0<\/span><b>WooCommerce-WordPress-Theme Favas<\/b><span style=\"font-weight: 400\"> ist eine vielseitige und elegante E-Commerce-L\u00f6sung, die Ihren Online-Shop aufwerten soll. Die leistungsstarken Funktionen und die benutzerfreundliche Oberfl\u00e4che von Favas erm\u00f6glichen Ihnen die Erstellung eines attraktiven und n\u00fctzlichen Online-Shops. Dank der reibungslosen Integration mit WooCommerce sorgt dieses Theme daf\u00fcr, dass Ihre Kunden schnell und einfach einkaufen k\u00f6nnen.<\/span><\/p>\n<p><span style=\"font-weight: 400\">Mit all den Anpassungsoptionen, die Favas bietet, k\u00f6nnen Sie Ihre Website so gestalten, dass sie die unverwechselbare Identit\u00e4t Ihres Unternehmens genau widerspiegelt. Dank des responsiven Designs wird Ihre Website auf allen Ger\u00e4ten fantastisch aussehen und die Benutzer werden das glatte, klare Layout lieben. Dar\u00fcber hinaus tragen die SEO-Optimierung und die schnellen Ladegeschwindigkeiten des Designs dazu bei, den Website-Verkehr zu erh\u00f6hen.<\/span><\/p>\n","protected":false},"excerpt":{"rendered":"<ul>\n<li><span style=\"font-weight: 400\">Eine nahtlose Fusion aus WooCommerce und WordPress<\/span><\/li>\n<li><span style=\"font-weight: 400\">Atemberaubendes Design und Anpassungsm\u00f6glichkeiten<\/span><\/li>\n<li><span style=\"font-weight: 400\">Optimiert f\u00fcr E-Commerce-Erfolg<\/span><\/li>\n<li><span style=\"font-weight: 400\">Nahtlose Integration von WooCommerce-Funktionen<\/span><\/li>\n<li><span style=\"font-weight: 400\">Erweiterte SEO-Funktionen<\/span><\/li>\n<li><span style=\"font-weight: 400\">Erstklassiger Support und Dokumentation<\/span><\/li>\n<\/ul>\n","protected":false},"featured_media":9768,"template":"","meta":{"_acf_changed":false,"inline_featured_image":false},"product_brand":[],"product_cat":[242],"product_tag":[86,169,282,283],"class_list":{"0":"post-9767","1":"product","2":"type-product","3":"status-publish","4":"has-post-thumbnail","6":"product_cat-fashion-beauty","7":"product_tag-fashion-theme","8":"product_tag-best-spa-beauty-salon-wordpress-themes","9":"product_tag-best-fashion-website-themes","10":"product_tag-affordable-fashion-and-beauty-themes","12":"first","13":"instock","14":"sale","15":"downloadable","16":"taxable","17":"shipping-taxable","18":"purchasable","19":"product-type-simple"},"acf":[],"yoast_head":"<!-- This site is optimized with the Yoast SEO Premium plugin v22.1 (Yoast SEO v26.0) - https:\/\/yoast.com\/wordpress\/plugins\/seo\/ -->\n<title>WooCommerce WordPress Theme | WooCommerce themes<\/title>\n<meta name=\"description\" content=\"Get the perfect WooCommerce WordPress theme to create a beautiful online store. Easy to customize, responsive design, and built-in eCommerce features for your shop.\" \/>\n<meta name=\"robots\" content=\"index, follow, max-snippet:-1, max-image-preview:large, max-video-preview:-1\" \/>\n<link rel=\"canonical\" href=\"https:\/\/themeholt.com\/de\/product\/favas-woocommerce\/\" \/>\n<meta property=\"og:locale\" content=\"de_DE\" \/>\n<meta property=\"og:type\" content=\"article\" \/>\n<meta property=\"og:title\" content=\"Favas Woocommerce\" \/>\n<meta property=\"og:description\" content=\"Get the perfect WooCommerce WordPress theme to create a beautiful online store. Easy to customize, responsive design, and built-in eCommerce features for your shop.\" \/>\n<meta property=\"og:url\" content=\"https:\/\/themeholt.com\/de\/product\/favas-woocommerce\/\" \/>\n<meta property=\"og:site_name\" content=\"ThemeHolt\" \/>\n<meta property=\"article:publisher\" content=\"https:\/\/www.facebook.com\/themeholtT\" \/>\n<meta property=\"article:modified_time\" content=\"2024-09-26T06:11:37+00:00\" \/>\n<meta property=\"og:image\" content=\"https:\/\/themeholt.com\/wp-content\/uploads\/2023\/10\/276.png\" \/>\n\t<meta property=\"og:image:width\" content=\"1365\" \/>\n\t<meta property=\"og:image:height\" content=\"1059\" \/>\n\t<meta property=\"og:image:type\" content=\"image\/png\" \/>\n<meta name=\"twitter:card\" content=\"summary_large_image\" \/>\n<meta name=\"twitter:site\" content=\"@ThemeholtT\" \/>\n<meta name=\"twitter:label1\" content=\"Gesch\u00e4tzte Lesezeit\" \/>\n\t<meta name=\"twitter:data1\" content=\"1\u00a0Minute\" \/>\n<script type=\"application\/ld+json\" class=\"yoast-schema-graph\">{\"@context\":\"https:\/\/schema.org\",\"@graph\":[{\"@type\":\"WebPage\",\"@id\":\"https:\/\/themeholt.com\/de\/product\/favas-woocommerce\/\",\"url\":\"https:\/\/themeholt.com\/de\/product\/favas-woocommerce\/\",\"name\":\"WooCommerce WordPress Theme | WooCommerce themes\",\"isPartOf\":{\"@id\":\"https:\/\/themeholt.com\/#website\"},\"primaryImageOfPage\":{\"@id\":\"https:\/\/themeholt.com\/de\/product\/favas-woocommerce\/#primaryimage\"},\"image\":{\"@id\":\"https:\/\/themeholt.com\/de\/product\/favas-woocommerce\/#primaryimage\"},\"thumbnailUrl\":\"https:\/\/themeholt.com\/wp-content\/uploads\/2023\/10\/276.png\",\"datePublished\":\"2023-10-09T06:26:50+00:00\",\"dateModified\":\"2024-09-26T06:11:37+00:00\",\"description\":\"Get the perfect WooCommerce WordPress theme to create a beautiful online store. Easy to customize, responsive design, and built-in eCommerce features for your shop.\",\"breadcrumb\":{\"@id\":\"https:\/\/themeholt.com\/de\/product\/favas-woocommerce\/#breadcrumb\"},\"inLanguage\":\"de\",\"potentialAction\":[{\"@type\":\"ReadAction\",\"target\":[\"https:\/\/themeholt.com\/de\/product\/favas-woocommerce\/\"]}]},{\"@type\":\"ImageObject\",\"inLanguage\":\"de\",\"@id\":\"https:\/\/themeholt.com\/de\/product\/favas-woocommerce\/#primaryimage\",\"url\":\"https:\/\/themeholt.com\/wp-content\/uploads\/2023\/10\/276.png\",\"contentUrl\":\"https:\/\/themeholt.com\/wp-content\/uploads\/2023\/10\/276.png\",\"width\":1365,\"height\":1059},{\"@type\":\"BreadcrumbList\",\"@id\":\"https:\/\/themeholt.com\/de\/product\/favas-woocommerce\/#breadcrumb\",\"itemListElement\":[{\"@type\":\"ListItem\",\"position\":1,\"name\":\"Home\",\"item\":\"https:\/\/themeholt.com\/de\/\"},{\"@type\":\"ListItem\",\"position\":2,\"name\":\"Shop\",\"item\":\"https:\/\/themeholt.com\/shop\/\"},{\"@type\":\"ListItem\",\"position\":3,\"name\":\"Favas Woocommerce\"}]},{\"@type\":\"WebSite\",\"@id\":\"https:\/\/themeholt.com\/#website\",\"url\":\"https:\/\/themeholt.com\/\",\"name\":\"ThemeHolt\",\"description\":\"Themeholt is a website that offers high-quality WordPress themes\",\"publisher\":{\"@id\":\"https:\/\/themeholt.com\/#organization\"},\"potentialAction\":[{\"@type\":\"SearchAction\",\"target\":{\"@type\":\"EntryPoint\",\"urlTemplate\":\"https:\/\/themeholt.com\/?s={search_term_string}\"},\"query-input\":{\"@type\":\"PropertyValueSpecification\",\"valueRequired\":true,\"valueName\":\"search_term_string\"}}],\"inLanguage\":\"de\"},{\"@type\":\"Organization\",\"@id\":\"https:\/\/themeholt.com\/#organization\",\"name\":\"ThemeHolt\",\"alternateName\":\"ThemeHolt\",\"url\":\"https:\/\/themeholt.com\/\",\"logo\":{\"@type\":\"ImageObject\",\"inLanguage\":\"de\",\"@id\":\"https:\/\/themeholt.com\/#\/schema\/logo\/image\/\",\"url\":\"https:\/\/themeholt.com\/wp-content\/uploads\/2024\/10\/themeholt.png\",\"contentUrl\":\"https:\/\/themeholt.com\/wp-content\/uploads\/2024\/10\/themeholt.png\",\"width\":225,\"height\":225,\"caption\":\"ThemeHolt\"},\"image\":{\"@id\":\"https:\/\/themeholt.com\/#\/schema\/logo\/image\/\"},\"sameAs\":[\"https:\/\/www.facebook.com\/themeholtT\",\"https:\/\/x.com\/ThemeholtT\",\"https:\/\/www.linkedin.com\/company\/themeholt\",\"https:\/\/www.instagram.com\/themeholtt\/\"],\"description\":\"Themeholt is a website that offers high-quality WordPress themes that are easy to use and ready for just about everything. In Eindhoven, Netherlands, since 2020 offering simple, accessible WordPress themes by providing a variety of requirements. Themeholt focuses on practicality and efficiency, allowing faster project completion with its superior marketplace and easy-to-use templates.\",\"legalName\":\"ThemeHolt\",\"foundingDate\":\"2022-11-10\",\"numberOfEmployees\":{\"@type\":\"QuantitativeValue\",\"minValue\":\"51\",\"maxValue\":\"200\"}}]}<\/script>\n<!-- \/ Yoast SEO Premium plugin. -->","yoast_head_json":{"title":"WooCommerce WordPress Theme | WooCommerce themes","description":"Get the perfect WooCommerce WordPress theme to create a beautiful online store. Easy to customize, responsive design, and built-in eCommerce features for your shop.","robots":{"index":"index","follow":"follow","max-snippet":"max-snippet:-1","max-image-preview":"max-image-preview:large","max-video-preview":"max-video-preview:-1"},"canonical":"https:\/\/themeholt.com\/de\/product\/favas-woocommerce\/","og_locale":"de_DE","og_type":"article","og_title":"Favas Woocommerce","og_description":"Get the perfect WooCommerce WordPress theme to create a beautiful online store. Easy to customize, responsive design, and built-in eCommerce features for your shop.","og_url":"https:\/\/themeholt.com\/de\/product\/favas-woocommerce\/","og_site_name":"ThemeHolt","article_publisher":"https:\/\/www.facebook.com\/themeholtT","article_modified_time":"2024-09-26T06:11:37+00:00","og_image":[{"width":1365,"height":1059,"url":"https:\/\/themeholt.com\/wp-content\/uploads\/2023\/10\/276.png","type":"image\/png"}],"twitter_card":"summary_large_image","twitter_site":"@ThemeholtT","twitter_misc":{"Gesch\u00e4tzte Lesezeit":"1\u00a0Minute"},"schema":{"@context":"https:\/\/schema.org","@graph":[{"@type":"WebPage","@id":"https:\/\/themeholt.com\/de\/product\/favas-woocommerce\/","url":"https:\/\/themeholt.com\/de\/product\/favas-woocommerce\/","name":"WooCommerce WordPress Theme | WooCommerce themes","isPartOf":{"@id":"https:\/\/themeholt.com\/#website"},"primaryImageOfPage":{"@id":"https:\/\/themeholt.com\/de\/product\/favas-woocommerce\/#primaryimage"},"image":{"@id":"https:\/\/themeholt.com\/de\/product\/favas-woocommerce\/#primaryimage"},"thumbnailUrl":"https:\/\/themeholt.com\/wp-content\/uploads\/2023\/10\/276.png","datePublished":"2023-10-09T06:26:50+00:00","dateModified":"2024-09-26T06:11:37+00:00","description":"Get the perfect WooCommerce WordPress theme to create a beautiful online store. Easy to customize, responsive design, and built-in eCommerce features for your shop.","breadcrumb":{"@id":"https:\/\/themeholt.com\/de\/product\/favas-woocommerce\/#breadcrumb"},"inLanguage":"de","potentialAction":[{"@type":"ReadAction","target":["https:\/\/themeholt.com\/de\/product\/favas-woocommerce\/"]}]},{"@type":"ImageObject","inLanguage":"de","@id":"https:\/\/themeholt.com\/de\/product\/favas-woocommerce\/#primaryimage","url":"https:\/\/themeholt.com\/wp-content\/uploads\/2023\/10\/276.png","contentUrl":"https:\/\/themeholt.com\/wp-content\/uploads\/2023\/10\/276.png","width":1365,"height":1059},{"@type":"BreadcrumbList","@id":"https:\/\/themeholt.com\/de\/product\/favas-woocommerce\/#breadcrumb","itemListElement":[{"@type":"ListItem","position":1,"name":"Home","item":"https:\/\/themeholt.com\/de\/"},{"@type":"ListItem","position":2,"name":"Shop","item":"https:\/\/themeholt.com\/shop\/"},{"@type":"ListItem","position":3,"name":"Favas Woocommerce"}]},{"@type":"WebSite","@id":"https:\/\/themeholt.com\/#website","url":"https:\/\/themeholt.com\/","name":"ThemeHolt","description":"Themeholt is a website that offers high-quality WordPress themes","publisher":{"@id":"https:\/\/themeholt.com\/#organization"},"potentialAction":[{"@type":"SearchAction","target":{"@type":"EntryPoint","urlTemplate":"https:\/\/themeholt.com\/?s={search_term_string}"},"query-input":{"@type":"PropertyValueSpecification","valueRequired":true,"valueName":"search_term_string"}}],"inLanguage":"de"},{"@type":"Organization","@id":"https:\/\/themeholt.com\/#organization","name":"ThemeHolt","alternateName":"ThemeHolt","url":"https:\/\/themeholt.com\/","logo":{"@type":"ImageObject","inLanguage":"de","@id":"https:\/\/themeholt.com\/#\/schema\/logo\/image\/","url":"https:\/\/themeholt.com\/wp-content\/uploads\/2024\/10\/themeholt.png","contentUrl":"https:\/\/themeholt.com\/wp-content\/uploads\/2024\/10\/themeholt.png","width":225,"height":225,"caption":"ThemeHolt"},"image":{"@id":"https:\/\/themeholt.com\/#\/schema\/logo\/image\/"},"sameAs":["https:\/\/www.facebook.com\/themeholtT","https:\/\/x.com\/ThemeholtT","https:\/\/www.linkedin.com\/company\/themeholt","https:\/\/www.instagram.com\/themeholtt\/"],"description":"Themeholt is a website that offers high-quality WordPress themes that are easy to use and ready for just about everything. In Eindhoven, Netherlands, since 2020 offering simple, accessible WordPress themes by providing a variety of requirements. Themeholt focuses on practicality and efficiency, allowing faster project completion with its superior marketplace and easy-to-use templates.","legalName":"ThemeHolt","foundingDate":"2022-11-10","numberOfEmployees":{"@type":"QuantitativeValue","minValue":"51","maxValue":"200"}}]}},"_links":{"self":[{"href":"https:\/\/themeholt.com\/de\/wp-json\/wp\/v2\/product\/9767","targetHints":{"allow":["GET"]}}],"collection":[{"href":"https:\/\/themeholt.com\/de\/wp-json\/wp\/v2\/product"}],"about":[{"href":"https:\/\/themeholt.com\/de\/wp-json\/wp\/v2\/types\/product"}],"wp:featuredmedia":[{"embeddable":true,"href":"https:\/\/themeholt.com\/de\/wp-json\/wp\/v2\/media\/9768"}],"wp:attachment":[{"href":"https:\/\/themeholt.com\/de\/wp-json\/wp\/v2\/media?parent=9767"}],"wp:term":[{"taxonomy":"product_brand","embeddable":true,"href":"https:\/\/themeholt.com\/de\/wp-json\/wp\/v2\/product_brand?post=9767"},{"taxonomy":"product_cat","embeddable":true,"href":"https:\/\/themeholt.com\/de\/wp-json\/wp\/v2\/product_cat?post=9767"},{"taxonomy":"product_tag","embeddable":true,"href":"https:\/\/themeholt.com\/de\/wp-json\/wp\/v2\/product_tag?post=9767"}],"curies":[{"name":"wp","href":"https:\/\/api.w.org\/{rel}","templated":true}]}}