{"id":9772,"date":"2023-10-09T06:22:02","date_gmt":"2023-10-09T06:22:02","guid":{"rendered":"https:\/\/themeholt.com\/product\/edel-luxury-jewelry\/"},"modified":"2024-09-26T07:27:00","modified_gmt":"2024-09-26T07:27:00","slug":"edel-luxusschmuck","status":"publish","type":"product","link":"https:\/\/themeholt.com\/de\/product\/edel-luxusschmuck\/","title":{"rendered":"Edel Luxusschmuck"},"content":{"rendered":"<p><span style=\"font-weight: 400\">Ein<\/span><b> WordPress-Theme f\u00fcr Luxusschmuck<\/b><span style=\"font-weight: 400\"> strahlt Eleganz und Raffinesse aus und ist auf hochwertige Schmuckmarken und Boutiquen zugeschnitten. Dank seines durchdachten Designs verbindet es Funktionalit\u00e4t und Stil perfekt. Dank des eleganten und benutzerfreundlichen Designs des Themes k\u00f6nnen Benutzer ihre wundersch\u00f6nen Schmuckkollektionen in all ihrer Pracht pr\u00e4sentieren. W\u00e4hrend die anpassbaren Optionen es einfach machen, den unterschiedlichen Stil Ihrer Marke anzupassen, garantiert das ansprechende Design ein gro\u00dfartiges Browsing-Erlebnis auf jedem Ger\u00e4t.<\/span><\/p>\n<p><span style=\"font-weight: 400\">Es ist ideal f\u00fcr Unternehmen, die wachsen m\u00f6chten, da die Integration mit E-Commerce-Plugins den Online-Verkauf vereinfacht. Verbessern Sie die Online-Sichtbarkeit Ihres Schmuckgesch\u00e4fts mit diesem luxuri\u00f6sen und einfachen WordPress-Theme.<\/span><\/p>\n","protected":false},"excerpt":{"rendered":"<ul>\n<li><span style=\"font-weight: 400\">Eine nahtlose Fusion aus WooCommerce und WordPress<\/span><\/li>\n<li><span style=\"font-weight: 400\">Atemberaubendes Design und Anpassungsm\u00f6glichkeiten<\/span><\/li>\n<li><span style=\"font-weight: 400\">Optimiert f\u00fcr E-Commerce-Erfolg<\/span><\/li>\n<li><span style=\"font-weight: 400\">Nahtlose Integration von WooCommerce-Funktionen<\/span><\/li>\n<li><span style=\"font-weight: 400\">Erweiterte SEO-Funktionen<\/span><\/li>\n<li><span style=\"font-weight: 400\">Erstklassiger Support und Dokumentation<\/span><\/li>\n<\/ul>\n","protected":false},"featured_media":9773,"template":"","meta":{"_acf_changed":false,"inline_featured_image":false},"product_brand":[],"product_cat":[417],"product_tag":[418,419,421],"class_list":{"0":"post-9772","1":"product","2":"type-product","3":"status-publish","4":"has-post-thumbnail","6":"product_cat-fashion-beauty-de","7":"product_tag-affordable-fashion-and-beauty-themes-de","8":"product_tag-best-fashion-website-themes-de","9":"product_tag-fashion-theme-de","11":"first","12":"instock","13":"sale","14":"downloadable","15":"taxable","16":"shipping-taxable","17":"purchasable","18":"product-type-simple"},"acf":[],"yoast_head":"<!-- This site is optimized with the Yoast SEO Premium plugin v22.1 (Yoast SEO v26.0) - https:\/\/yoast.com\/wordpress\/plugins\/seo\/ -->\n<title>Schmuck-WordPress-Theme | Website-Vorlage f\u00fcr Schmuckgesch\u00e4fte<\/title>\n<meta name=\"description\" content=\"Finden Sie die perfekte Website-Vorlage f\u00fcr Ihren Juwelier, um Ihre Kollektion online zu pr\u00e4sentieren. Erstellen Sie eine professionelle Website, die Kunden anzieht und den Umsatz steigert.\" \/>\n<meta name=\"robots\" content=\"index, follow, max-snippet:-1, max-image-preview:large, max-video-preview:-1\" \/>\n<link rel=\"canonical\" href=\"https:\/\/themeholt.com\/de\/product\/edel-luxusschmuck\/\" \/>\n<meta property=\"og:locale\" content=\"de_DE\" \/>\n<meta property=\"og:type\" content=\"article\" \/>\n<meta property=\"og:title\" content=\"Edel Luxusschmuck\" \/>\n<meta property=\"og:description\" content=\"Finden Sie die perfekte Website-Vorlage f\u00fcr Ihren Juwelier, um Ihre Kollektion online zu pr\u00e4sentieren. Erstellen Sie eine professionelle Website, die Kunden anzieht und den Umsatz steigert.\" \/>\n<meta property=\"og:url\" content=\"https:\/\/themeholt.com\/de\/product\/edel-luxusschmuck\/\" \/>\n<meta property=\"og:site_name\" content=\"ThemeHolt\" \/>\n<meta property=\"article:publisher\" content=\"https:\/\/www.facebook.com\/themeholtT\" \/>\n<meta property=\"article:modified_time\" content=\"2024-09-26T07:27:00+00:00\" \/>\n<meta property=\"og:image\" content=\"https:\/\/themeholt.com\/wp-content\/uploads\/2023\/10\/271.png\" \/>\n\t<meta property=\"og:image:width\" content=\"1365\" \/>\n\t<meta property=\"og:image:height\" content=\"1283\" \/>\n\t<meta property=\"og:image:type\" content=\"image\/png\" \/>\n<meta name=\"twitter:card\" content=\"summary_large_image\" \/>\n<meta name=\"twitter:site\" content=\"@ThemeholtT\" \/>\n<meta name=\"twitter:label1\" content=\"Gesch\u00e4tzte Lesezeit\" \/>\n\t<meta name=\"twitter:data1\" content=\"1\u00a0Minute\" \/>\n<script type=\"application\/ld+json\" class=\"yoast-schema-graph\">{\"@context\":\"https:\/\/schema.org\",\"@graph\":[{\"@type\":\"WebPage\",\"@id\":\"https:\/\/themeholt.com\/de\/product\/edel-luxusschmuck\/\",\"url\":\"https:\/\/themeholt.com\/de\/product\/edel-luxusschmuck\/\",\"name\":\"Schmuck-WordPress-Theme | Website-Vorlage f\u00fcr Schmuckgesch\u00e4fte\",\"isPartOf\":{\"@id\":\"https:\/\/themeholt.com\/#website\"},\"primaryImageOfPage\":{\"@id\":\"https:\/\/themeholt.com\/de\/product\/edel-luxusschmuck\/#primaryimage\"},\"image\":{\"@id\":\"https:\/\/themeholt.com\/de\/product\/edel-luxusschmuck\/#primaryimage\"},\"thumbnailUrl\":\"https:\/\/themeholt.com\/wp-content\/uploads\/2023\/10\/271.png\",\"datePublished\":\"2023-10-09T06:22:02+00:00\",\"dateModified\":\"2024-09-26T07:27:00+00:00\",\"description\":\"Finden Sie die perfekte Website-Vorlage f\u00fcr Ihren Juwelier, um Ihre Kollektion online zu pr\u00e4sentieren. Erstellen Sie eine professionelle Website, die Kunden anzieht und den Umsatz steigert.\",\"breadcrumb\":{\"@id\":\"https:\/\/themeholt.com\/de\/product\/edel-luxusschmuck\/#breadcrumb\"},\"inLanguage\":\"de\",\"potentialAction\":[{\"@type\":\"ReadAction\",\"target\":[\"https:\/\/themeholt.com\/de\/product\/edel-luxusschmuck\/\"]}]},{\"@type\":\"ImageObject\",\"inLanguage\":\"de\",\"@id\":\"https:\/\/themeholt.com\/de\/product\/edel-luxusschmuck\/#primaryimage\",\"url\":\"https:\/\/themeholt.com\/wp-content\/uploads\/2023\/10\/271.png\",\"contentUrl\":\"https:\/\/themeholt.com\/wp-content\/uploads\/2023\/10\/271.png\",\"width\":1365,\"height\":1283},{\"@type\":\"BreadcrumbList\",\"@id\":\"https:\/\/themeholt.com\/de\/product\/edel-luxusschmuck\/#breadcrumb\",\"itemListElement\":[{\"@type\":\"ListItem\",\"position\":1,\"name\":\"Home\",\"item\":\"https:\/\/themeholt.com\/de\/\"},{\"@type\":\"ListItem\",\"position\":2,\"name\":\"Shop\",\"item\":\"https:\/\/themeholt.com\/shop\/\"},{\"@type\":\"ListItem\",\"position\":3,\"name\":\"Edel Luxusschmuck\"}]},{\"@type\":\"WebSite\",\"@id\":\"https:\/\/themeholt.com\/#website\",\"url\":\"https:\/\/themeholt.com\/\",\"name\":\"ThemeHolt\",\"description\":\"Themeholt is a website that offers high-quality WordPress themes\",\"publisher\":{\"@id\":\"https:\/\/themeholt.com\/#organization\"},\"potentialAction\":[{\"@type\":\"SearchAction\",\"target\":{\"@type\":\"EntryPoint\",\"urlTemplate\":\"https:\/\/themeholt.com\/?s={search_term_string}\"},\"query-input\":{\"@type\":\"PropertyValueSpecification\",\"valueRequired\":true,\"valueName\":\"search_term_string\"}}],\"inLanguage\":\"de\"},{\"@type\":\"Organization\",\"@id\":\"https:\/\/themeholt.com\/#organization\",\"name\":\"ThemeHolt\",\"alternateName\":\"ThemeHolt\",\"url\":\"https:\/\/themeholt.com\/\",\"logo\":{\"@type\":\"ImageObject\",\"inLanguage\":\"de\",\"@id\":\"https:\/\/themeholt.com\/#\/schema\/logo\/image\/\",\"url\":\"https:\/\/themeholt.com\/wp-content\/uploads\/2024\/10\/themeholt.png\",\"contentUrl\":\"https:\/\/themeholt.com\/wp-content\/uploads\/2024\/10\/themeholt.png\",\"width\":225,\"height\":225,\"caption\":\"ThemeHolt\"},\"image\":{\"@id\":\"https:\/\/themeholt.com\/#\/schema\/logo\/image\/\"},\"sameAs\":[\"https:\/\/www.facebook.com\/themeholtT\",\"https:\/\/x.com\/ThemeholtT\",\"https:\/\/www.linkedin.com\/company\/themeholt\",\"https:\/\/www.instagram.com\/themeholtt\/\"],\"description\":\"Themeholt is a website that offers high-quality WordPress themes that are easy to use and ready for just about everything. In Eindhoven, Netherlands, since 2020 offering simple, accessible WordPress themes by providing a variety of requirements. Themeholt focuses on practicality and efficiency, allowing faster project completion with its superior marketplace and easy-to-use templates.\",\"legalName\":\"ThemeHolt\",\"foundingDate\":\"2022-11-10\",\"numberOfEmployees\":{\"@type\":\"QuantitativeValue\",\"minValue\":\"51\",\"maxValue\":\"200\"}}]}<\/script>\n<!-- \/ Yoast SEO Premium plugin. -->","yoast_head_json":{"title":"Schmuck-WordPress-Theme | Website-Vorlage f\u00fcr Schmuckgesch\u00e4fte","description":"Finden Sie die perfekte Website-Vorlage f\u00fcr Ihren Juwelier, um Ihre Kollektion online zu pr\u00e4sentieren. Erstellen Sie eine professionelle Website, die Kunden anzieht und den Umsatz steigert.","robots":{"index":"index","follow":"follow","max-snippet":"max-snippet:-1","max-image-preview":"max-image-preview:large","max-video-preview":"max-video-preview:-1"},"canonical":"https:\/\/themeholt.com\/de\/product\/edel-luxusschmuck\/","og_locale":"de_DE","og_type":"article","og_title":"Edel Luxusschmuck","og_description":"Finden Sie die perfekte Website-Vorlage f\u00fcr Ihren Juwelier, um Ihre Kollektion online zu pr\u00e4sentieren. Erstellen Sie eine professionelle Website, die Kunden anzieht und den Umsatz steigert.","og_url":"https:\/\/themeholt.com\/de\/product\/edel-luxusschmuck\/","og_site_name":"ThemeHolt","article_publisher":"https:\/\/www.facebook.com\/themeholtT","article_modified_time":"2024-09-26T07:27:00+00:00","og_image":[{"width":1365,"height":1283,"url":"https:\/\/themeholt.com\/wp-content\/uploads\/2023\/10\/271.png","type":"image\/png"}],"twitter_card":"summary_large_image","twitter_site":"@ThemeholtT","twitter_misc":{"Gesch\u00e4tzte Lesezeit":"1\u00a0Minute"},"schema":{"@context":"https:\/\/schema.org","@graph":[{"@type":"WebPage","@id":"https:\/\/themeholt.com\/de\/product\/edel-luxusschmuck\/","url":"https:\/\/themeholt.com\/de\/product\/edel-luxusschmuck\/","name":"Schmuck-WordPress-Theme | Website-Vorlage f\u00fcr Schmuckgesch\u00e4fte","isPartOf":{"@id":"https:\/\/themeholt.com\/#website"},"primaryImageOfPage":{"@id":"https:\/\/themeholt.com\/de\/product\/edel-luxusschmuck\/#primaryimage"},"image":{"@id":"https:\/\/themeholt.com\/de\/product\/edel-luxusschmuck\/#primaryimage"},"thumbnailUrl":"https:\/\/themeholt.com\/wp-content\/uploads\/2023\/10\/271.png","datePublished":"2023-10-09T06:22:02+00:00","dateModified":"2024-09-26T07:27:00+00:00","description":"Finden Sie die perfekte Website-Vorlage f\u00fcr Ihren Juwelier, um Ihre Kollektion online zu pr\u00e4sentieren. Erstellen Sie eine professionelle Website, die Kunden anzieht und den Umsatz steigert.","breadcrumb":{"@id":"https:\/\/themeholt.com\/de\/product\/edel-luxusschmuck\/#breadcrumb"},"inLanguage":"de","potentialAction":[{"@type":"ReadAction","target":["https:\/\/themeholt.com\/de\/product\/edel-luxusschmuck\/"]}]},{"@type":"ImageObject","inLanguage":"de","@id":"https:\/\/themeholt.com\/de\/product\/edel-luxusschmuck\/#primaryimage","url":"https:\/\/themeholt.com\/wp-content\/uploads\/2023\/10\/271.png","contentUrl":"https:\/\/themeholt.com\/wp-content\/uploads\/2023\/10\/271.png","width":1365,"height":1283},{"@type":"BreadcrumbList","@id":"https:\/\/themeholt.com\/de\/product\/edel-luxusschmuck\/#breadcrumb","itemListElement":[{"@type":"ListItem","position":1,"name":"Home","item":"https:\/\/themeholt.com\/de\/"},{"@type":"ListItem","position":2,"name":"Shop","item":"https:\/\/themeholt.com\/shop\/"},{"@type":"ListItem","position":3,"name":"Edel Luxusschmuck"}]},{"@type":"WebSite","@id":"https:\/\/themeholt.com\/#website","url":"https:\/\/themeholt.com\/","name":"ThemeHolt","description":"Themeholt is a website that offers high-quality WordPress themes","publisher":{"@id":"https:\/\/themeholt.com\/#organization"},"potentialAction":[{"@type":"SearchAction","target":{"@type":"EntryPoint","urlTemplate":"https:\/\/themeholt.com\/?s={search_term_string}"},"query-input":{"@type":"PropertyValueSpecification","valueRequired":true,"valueName":"search_term_string"}}],"inLanguage":"de"},{"@type":"Organization","@id":"https:\/\/themeholt.com\/#organization","name":"ThemeHolt","alternateName":"ThemeHolt","url":"https:\/\/themeholt.com\/","logo":{"@type":"ImageObject","inLanguage":"de","@id":"https:\/\/themeholt.com\/#\/schema\/logo\/image\/","url":"https:\/\/themeholt.com\/wp-content\/uploads\/2024\/10\/themeholt.png","contentUrl":"https:\/\/themeholt.com\/wp-content\/uploads\/2024\/10\/themeholt.png","width":225,"height":225,"caption":"ThemeHolt"},"image":{"@id":"https:\/\/themeholt.com\/#\/schema\/logo\/image\/"},"sameAs":["https:\/\/www.facebook.com\/themeholtT","https:\/\/x.com\/ThemeholtT","https:\/\/www.linkedin.com\/company\/themeholt","https:\/\/www.instagram.com\/themeholtt\/"],"description":"Themeholt is a website that offers high-quality WordPress themes that are easy to use and ready for just about everything. In Eindhoven, Netherlands, since 2020 offering simple, accessible WordPress themes by providing a variety of requirements. Themeholt focuses on practicality and efficiency, allowing faster project completion with its superior marketplace and easy-to-use templates.","legalName":"ThemeHolt","foundingDate":"2022-11-10","numberOfEmployees":{"@type":"QuantitativeValue","minValue":"51","maxValue":"200"}}]}},"_links":{"self":[{"href":"https:\/\/themeholt.com\/de\/wp-json\/wp\/v2\/product\/9772","targetHints":{"allow":["GET"]}}],"collection":[{"href":"https:\/\/themeholt.com\/de\/wp-json\/wp\/v2\/product"}],"about":[{"href":"https:\/\/themeholt.com\/de\/wp-json\/wp\/v2\/types\/product"}],"wp:featuredmedia":[{"embeddable":true,"href":"https:\/\/themeholt.com\/de\/wp-json\/wp\/v2\/media\/9773"}],"wp:attachment":[{"href":"https:\/\/themeholt.com\/de\/wp-json\/wp\/v2\/media?parent=9772"}],"wp:term":[{"taxonomy":"product_brand","embeddable":true,"href":"https:\/\/themeholt.com\/de\/wp-json\/wp\/v2\/product_brand?post=9772"},{"taxonomy":"product_cat","embeddable":true,"href":"https:\/\/themeholt.com\/de\/wp-json\/wp\/v2\/product_cat?post=9772"},{"taxonomy":"product_tag","embeddable":true,"href":"https:\/\/themeholt.com\/de\/wp-json\/wp\/v2\/product_tag?post=9772"}],"curies":[{"name":"wp","href":"https:\/\/api.w.org\/{rel}","templated":true}]}}