{"id":9830,"date":"2023-10-09T05:31:31","date_gmt":"2023-10-09T05:31:31","guid":{"rendered":"https:\/\/themeholt.com\/product\/fooditi-restaurant-cafe\/"},"modified":"2024-09-26T09:19:55","modified_gmt":"2024-09-26T09:19:55","slug":"fooditi-restaurant-cafe","status":"publish","type":"product","link":"https:\/\/themeholt.com\/de\/product\/fooditi-restaurant-cafe\/","title":{"rendered":"Fooditi Restaurant Cafe"},"content":{"rendered":"<p><span style=\"font-weight: 400\">Das <\/span><b>Restaurant Cafe WordPress Theme<\/b><span style=\"font-weight: 400\"> ist eine vielseitige und optisch ansprechende Vorlage, die die Onlinepr\u00e4senz von Restaurants und Caf\u00e9s verbessern soll. Dieses Theme bietet Restaurantbesitzern und Kunden ein reibungsloses und einfaches Erlebnis. Dank seines gekonnten und modernen Layouts, das auch eine einladende Atmosph\u00e4re schafft, pr\u00e4sentiert es Ihr Men\u00fc, Ihre Dienstleistungen und Ihre Umgebung effektiv. <\/span><\/p>\n<p><span style=\"font-weight: 400\">Sie k\u00f6nnen die Funktionen des Designs ganz einfach anpassen, um sie an Ihre Marke und Ihren Stil Ihrer Website anzupassen. Mit Funktionen wie benutzerfreundlichen Men\u00fcs und Online-Reservierungssystemen soll dieses Design das Gesamterlebnis f\u00fcr Kunden verbessern, was es zu einer gro\u00dfartigen Option f\u00fcr jedes Restaurant macht, das eine fesselnde Online-Pr\u00e4senz aufbauen m\u00f6chte.<\/span><\/p>\n","protected":false},"excerpt":{"rendered":"<ul>\n<li><span style=\"font-weight: 400\">Ein nahtloses Online-Erlebnis<\/span><\/li>\n<li><span style=\"font-weight: 400\">Reaktionsschnell und mobilfreundlich<\/span><\/li>\n<li><span style=\"font-weight: 400\">Hervorragende Analysen<\/span><\/li>\n<li><span style=\"font-weight: 400\">Blogging-Plattform<\/span><\/li>\n<li><span style=\"font-weight: 400\">Social-Media-Integration<\/span><\/li>\n<li><span style=\"font-weight: 400\">Interaktives Men\u00fc<\/span><\/li>\n<li><span style=\"font-weight: 400\">Reservierungen leicht gemacht<\/span><\/li>\n<li><span style=\"font-weight: 400\">Visuelle Gen\u00fcsse<\/span><\/li>\n<li><span style=\"font-weight: 400\">Eine kulinarische Reise beginnt<\/span><\/li>\n<\/ul>\n","protected":false},"featured_media":9831,"template":"","meta":{"_acf_changed":false,"inline_featured_image":false},"product_brand":[],"product_cat":[422],"product_tag":[423,424,425,426],"class_list":{"0":"post-9830","1":"product","2":"type-product","3":"status-publish","4":"has-post-thumbnail","6":"product_cat-food-resturant-de","7":"product_tag-affordable-restaurant-website-theme-ideas-de","8":"product_tag-best-restaurant-themes-ideas-de","9":"product_tag-fast-food-restaurant-themes-de","10":"product_tag-best-food-website-themes-de","12":"first","13":"instock","14":"sale","15":"downloadable","16":"taxable","17":"shipping-taxable","18":"purchasable","19":"product-type-simple"},"acf":[],"yoast_head":"<!-- This site is optimized with the Yoast SEO Premium plugin v22.1 (Yoast SEO v26.0) - https:\/\/yoast.com\/wordpress\/plugins\/seo\/ -->\n<title>Themen f\u00fcr Fast-Food-Restaurants | Die besten Themen f\u00fcr Food-Websites<\/title>\n<meta name=\"description\" content=\"Holen Sie sich die besten Themen f\u00fcr Food-Websites! W\u00e4hlen Sie aus wundersch\u00f6nen Designs f\u00fcr Ihr Restaurant, Caf\u00e9 oder Ihren Food-Blog. Erstellen Sie ganz einfach eine beeindruckende Online-Pr\u00e4senz.\" \/>\n<meta name=\"robots\" content=\"index, follow, max-snippet:-1, max-image-preview:large, max-video-preview:-1\" \/>\n<link rel=\"canonical\" href=\"https:\/\/themeholt.com\/de\/product\/fooditi-restaurant-cafe\/\" \/>\n<meta property=\"og:locale\" content=\"de_DE\" \/>\n<meta property=\"og:type\" content=\"article\" \/>\n<meta property=\"og:title\" content=\"Fooditi Restaurant Cafe\" \/>\n<meta property=\"og:description\" content=\"Holen Sie sich die besten Themen f\u00fcr Food-Websites! W\u00e4hlen Sie aus wundersch\u00f6nen Designs f\u00fcr Ihr Restaurant, Caf\u00e9 oder Ihren Food-Blog. Erstellen Sie ganz einfach eine beeindruckende Online-Pr\u00e4senz.\" \/>\n<meta property=\"og:url\" content=\"https:\/\/themeholt.com\/de\/product\/fooditi-restaurant-cafe\/\" \/>\n<meta property=\"og:site_name\" content=\"ThemeHolt\" \/>\n<meta property=\"article:publisher\" content=\"https:\/\/www.facebook.com\/themeholtT\" \/>\n<meta property=\"article:modified_time\" content=\"2024-09-26T09:19:55+00:00\" \/>\n<meta property=\"og:image\" content=\"https:\/\/themeholt.com\/wp-content\/uploads\/2023\/10\/231.png\" \/>\n\t<meta property=\"og:image:width\" content=\"1365\" \/>\n\t<meta property=\"og:image:height\" content=\"1001\" \/>\n\t<meta property=\"og:image:type\" content=\"image\/png\" \/>\n<meta name=\"twitter:card\" content=\"summary_large_image\" \/>\n<meta name=\"twitter:site\" content=\"@ThemeholtT\" \/>\n<meta name=\"twitter:label1\" content=\"Gesch\u00e4tzte Lesezeit\" \/>\n\t<meta name=\"twitter:data1\" content=\"1\u00a0Minute\" \/>\n<script type=\"application\/ld+json\" class=\"yoast-schema-graph\">{\"@context\":\"https:\/\/schema.org\",\"@graph\":[{\"@type\":\"WebPage\",\"@id\":\"https:\/\/themeholt.com\/de\/product\/fooditi-restaurant-cafe\/\",\"url\":\"https:\/\/themeholt.com\/de\/product\/fooditi-restaurant-cafe\/\",\"name\":\"Themen f\u00fcr Fast-Food-Restaurants | Die besten Themen f\u00fcr Food-Websites\",\"isPartOf\":{\"@id\":\"https:\/\/themeholt.com\/#website\"},\"primaryImageOfPage\":{\"@id\":\"https:\/\/themeholt.com\/de\/product\/fooditi-restaurant-cafe\/#primaryimage\"},\"image\":{\"@id\":\"https:\/\/themeholt.com\/de\/product\/fooditi-restaurant-cafe\/#primaryimage\"},\"thumbnailUrl\":\"https:\/\/themeholt.com\/wp-content\/uploads\/2023\/10\/231.png\",\"datePublished\":\"2023-10-09T05:31:31+00:00\",\"dateModified\":\"2024-09-26T09:19:55+00:00\",\"description\":\"Holen Sie sich die besten Themen f\u00fcr Food-Websites! W\u00e4hlen Sie aus wundersch\u00f6nen Designs f\u00fcr Ihr Restaurant, Caf\u00e9 oder Ihren Food-Blog. Erstellen Sie ganz einfach eine beeindruckende Online-Pr\u00e4senz.\",\"breadcrumb\":{\"@id\":\"https:\/\/themeholt.com\/de\/product\/fooditi-restaurant-cafe\/#breadcrumb\"},\"inLanguage\":\"de\",\"potentialAction\":[{\"@type\":\"ReadAction\",\"target\":[\"https:\/\/themeholt.com\/de\/product\/fooditi-restaurant-cafe\/\"]}]},{\"@type\":\"ImageObject\",\"inLanguage\":\"de\",\"@id\":\"https:\/\/themeholt.com\/de\/product\/fooditi-restaurant-cafe\/#primaryimage\",\"url\":\"https:\/\/themeholt.com\/wp-content\/uploads\/2023\/10\/231.png\",\"contentUrl\":\"https:\/\/themeholt.com\/wp-content\/uploads\/2023\/10\/231.png\",\"width\":1365,\"height\":1001},{\"@type\":\"BreadcrumbList\",\"@id\":\"https:\/\/themeholt.com\/de\/product\/fooditi-restaurant-cafe\/#breadcrumb\",\"itemListElement\":[{\"@type\":\"ListItem\",\"position\":1,\"name\":\"Home\",\"item\":\"https:\/\/themeholt.com\/de\/\"},{\"@type\":\"ListItem\",\"position\":2,\"name\":\"Shop\",\"item\":\"https:\/\/themeholt.com\/shop\/\"},{\"@type\":\"ListItem\",\"position\":3,\"name\":\"Fooditi Restaurant Cafe\"}]},{\"@type\":\"WebSite\",\"@id\":\"https:\/\/themeholt.com\/#website\",\"url\":\"https:\/\/themeholt.com\/\",\"name\":\"ThemeHolt\",\"description\":\"Themeholt is a website that offers high-quality WordPress themes\",\"publisher\":{\"@id\":\"https:\/\/themeholt.com\/#organization\"},\"potentialAction\":[{\"@type\":\"SearchAction\",\"target\":{\"@type\":\"EntryPoint\",\"urlTemplate\":\"https:\/\/themeholt.com\/?s={search_term_string}\"},\"query-input\":{\"@type\":\"PropertyValueSpecification\",\"valueRequired\":true,\"valueName\":\"search_term_string\"}}],\"inLanguage\":\"de\"},{\"@type\":\"Organization\",\"@id\":\"https:\/\/themeholt.com\/#organization\",\"name\":\"ThemeHolt\",\"alternateName\":\"ThemeHolt\",\"url\":\"https:\/\/themeholt.com\/\",\"logo\":{\"@type\":\"ImageObject\",\"inLanguage\":\"de\",\"@id\":\"https:\/\/themeholt.com\/#\/schema\/logo\/image\/\",\"url\":\"https:\/\/themeholt.com\/wp-content\/uploads\/2024\/10\/themeholt.png\",\"contentUrl\":\"https:\/\/themeholt.com\/wp-content\/uploads\/2024\/10\/themeholt.png\",\"width\":225,\"height\":225,\"caption\":\"ThemeHolt\"},\"image\":{\"@id\":\"https:\/\/themeholt.com\/#\/schema\/logo\/image\/\"},\"sameAs\":[\"https:\/\/www.facebook.com\/themeholtT\",\"https:\/\/x.com\/ThemeholtT\",\"https:\/\/www.linkedin.com\/company\/themeholt\",\"https:\/\/www.instagram.com\/themeholtt\/\"],\"description\":\"Themeholt is a website that offers high-quality WordPress themes that are easy to use and ready for just about everything. In Eindhoven, Netherlands, since 2020 offering simple, accessible WordPress themes by providing a variety of requirements. Themeholt focuses on practicality and efficiency, allowing faster project completion with its superior marketplace and easy-to-use templates.\",\"legalName\":\"ThemeHolt\",\"foundingDate\":\"2022-11-10\",\"numberOfEmployees\":{\"@type\":\"QuantitativeValue\",\"minValue\":\"51\",\"maxValue\":\"200\"}}]}<\/script>\n<!-- \/ Yoast SEO Premium plugin. -->","yoast_head_json":{"title":"Themen f\u00fcr Fast-Food-Restaurants | Die besten Themen f\u00fcr Food-Websites","description":"Holen Sie sich die besten Themen f\u00fcr Food-Websites! W\u00e4hlen Sie aus wundersch\u00f6nen Designs f\u00fcr Ihr Restaurant, Caf\u00e9 oder Ihren Food-Blog. Erstellen Sie ganz einfach eine beeindruckende Online-Pr\u00e4senz.","robots":{"index":"index","follow":"follow","max-snippet":"max-snippet:-1","max-image-preview":"max-image-preview:large","max-video-preview":"max-video-preview:-1"},"canonical":"https:\/\/themeholt.com\/de\/product\/fooditi-restaurant-cafe\/","og_locale":"de_DE","og_type":"article","og_title":"Fooditi Restaurant Cafe","og_description":"Holen Sie sich die besten Themen f\u00fcr Food-Websites! W\u00e4hlen Sie aus wundersch\u00f6nen Designs f\u00fcr Ihr Restaurant, Caf\u00e9 oder Ihren Food-Blog. Erstellen Sie ganz einfach eine beeindruckende Online-Pr\u00e4senz.","og_url":"https:\/\/themeholt.com\/de\/product\/fooditi-restaurant-cafe\/","og_site_name":"ThemeHolt","article_publisher":"https:\/\/www.facebook.com\/themeholtT","article_modified_time":"2024-09-26T09:19:55+00:00","og_image":[{"width":1365,"height":1001,"url":"https:\/\/themeholt.com\/wp-content\/uploads\/2023\/10\/231.png","type":"image\/png"}],"twitter_card":"summary_large_image","twitter_site":"@ThemeholtT","twitter_misc":{"Gesch\u00e4tzte Lesezeit":"1\u00a0Minute"},"schema":{"@context":"https:\/\/schema.org","@graph":[{"@type":"WebPage","@id":"https:\/\/themeholt.com\/de\/product\/fooditi-restaurant-cafe\/","url":"https:\/\/themeholt.com\/de\/product\/fooditi-restaurant-cafe\/","name":"Themen f\u00fcr Fast-Food-Restaurants | Die besten Themen f\u00fcr Food-Websites","isPartOf":{"@id":"https:\/\/themeholt.com\/#website"},"primaryImageOfPage":{"@id":"https:\/\/themeholt.com\/de\/product\/fooditi-restaurant-cafe\/#primaryimage"},"image":{"@id":"https:\/\/themeholt.com\/de\/product\/fooditi-restaurant-cafe\/#primaryimage"},"thumbnailUrl":"https:\/\/themeholt.com\/wp-content\/uploads\/2023\/10\/231.png","datePublished":"2023-10-09T05:31:31+00:00","dateModified":"2024-09-26T09:19:55+00:00","description":"Holen Sie sich die besten Themen f\u00fcr Food-Websites! W\u00e4hlen Sie aus wundersch\u00f6nen Designs f\u00fcr Ihr Restaurant, Caf\u00e9 oder Ihren Food-Blog. Erstellen Sie ganz einfach eine beeindruckende Online-Pr\u00e4senz.","breadcrumb":{"@id":"https:\/\/themeholt.com\/de\/product\/fooditi-restaurant-cafe\/#breadcrumb"},"inLanguage":"de","potentialAction":[{"@type":"ReadAction","target":["https:\/\/themeholt.com\/de\/product\/fooditi-restaurant-cafe\/"]}]},{"@type":"ImageObject","inLanguage":"de","@id":"https:\/\/themeholt.com\/de\/product\/fooditi-restaurant-cafe\/#primaryimage","url":"https:\/\/themeholt.com\/wp-content\/uploads\/2023\/10\/231.png","contentUrl":"https:\/\/themeholt.com\/wp-content\/uploads\/2023\/10\/231.png","width":1365,"height":1001},{"@type":"BreadcrumbList","@id":"https:\/\/themeholt.com\/de\/product\/fooditi-restaurant-cafe\/#breadcrumb","itemListElement":[{"@type":"ListItem","position":1,"name":"Home","item":"https:\/\/themeholt.com\/de\/"},{"@type":"ListItem","position":2,"name":"Shop","item":"https:\/\/themeholt.com\/shop\/"},{"@type":"ListItem","position":3,"name":"Fooditi Restaurant Cafe"}]},{"@type":"WebSite","@id":"https:\/\/themeholt.com\/#website","url":"https:\/\/themeholt.com\/","name":"ThemeHolt","description":"Themeholt is a website that offers high-quality WordPress themes","publisher":{"@id":"https:\/\/themeholt.com\/#organization"},"potentialAction":[{"@type":"SearchAction","target":{"@type":"EntryPoint","urlTemplate":"https:\/\/themeholt.com\/?s={search_term_string}"},"query-input":{"@type":"PropertyValueSpecification","valueRequired":true,"valueName":"search_term_string"}}],"inLanguage":"de"},{"@type":"Organization","@id":"https:\/\/themeholt.com\/#organization","name":"ThemeHolt","alternateName":"ThemeHolt","url":"https:\/\/themeholt.com\/","logo":{"@type":"ImageObject","inLanguage":"de","@id":"https:\/\/themeholt.com\/#\/schema\/logo\/image\/","url":"https:\/\/themeholt.com\/wp-content\/uploads\/2024\/10\/themeholt.png","contentUrl":"https:\/\/themeholt.com\/wp-content\/uploads\/2024\/10\/themeholt.png","width":225,"height":225,"caption":"ThemeHolt"},"image":{"@id":"https:\/\/themeholt.com\/#\/schema\/logo\/image\/"},"sameAs":["https:\/\/www.facebook.com\/themeholtT","https:\/\/x.com\/ThemeholtT","https:\/\/www.linkedin.com\/company\/themeholt","https:\/\/www.instagram.com\/themeholtt\/"],"description":"Themeholt is a website that offers high-quality WordPress themes that are easy to use and ready for just about everything. In Eindhoven, Netherlands, since 2020 offering simple, accessible WordPress themes by providing a variety of requirements. Themeholt focuses on practicality and efficiency, allowing faster project completion with its superior marketplace and easy-to-use templates.","legalName":"ThemeHolt","foundingDate":"2022-11-10","numberOfEmployees":{"@type":"QuantitativeValue","minValue":"51","maxValue":"200"}}]}},"_links":{"self":[{"href":"https:\/\/themeholt.com\/de\/wp-json\/wp\/v2\/product\/9830","targetHints":{"allow":["GET"]}}],"collection":[{"href":"https:\/\/themeholt.com\/de\/wp-json\/wp\/v2\/product"}],"about":[{"href":"https:\/\/themeholt.com\/de\/wp-json\/wp\/v2\/types\/product"}],"wp:featuredmedia":[{"embeddable":true,"href":"https:\/\/themeholt.com\/de\/wp-json\/wp\/v2\/media\/9831"}],"wp:attachment":[{"href":"https:\/\/themeholt.com\/de\/wp-json\/wp\/v2\/media?parent=9830"}],"wp:term":[{"taxonomy":"product_brand","embeddable":true,"href":"https:\/\/themeholt.com\/de\/wp-json\/wp\/v2\/product_brand?post=9830"},{"taxonomy":"product_cat","embeddable":true,"href":"https:\/\/themeholt.com\/de\/wp-json\/wp\/v2\/product_cat?post=9830"},{"taxonomy":"product_tag","embeddable":true,"href":"https:\/\/themeholt.com\/de\/wp-json\/wp\/v2\/product_tag?post=9830"}],"curies":[{"name":"wp","href":"https:\/\/api.w.org\/{rel}","templated":true}]}}