{"id":9976,"date":"2023-10-06T07:30:41","date_gmt":"2023-10-06T07:30:41","guid":{"rendered":"https:\/\/themeholt.com\/product\/hillcrest-interior-design\/"},"modified":"2024-09-26T10:48:27","modified_gmt":"2024-09-26T10:48:27","slug":"hillcrest-innenarchitektur","status":"publish","type":"product","link":"https:\/\/themeholt.com\/de\/product\/hillcrest-innenarchitektur\/","title":{"rendered":"Hillcrest Innenarchitektur"},"content":{"rendered":"<p><span style=\"font-weight: 400\">Eine<\/span><b> sch\u00f6ne Inneneinrichtung<\/b><span style=\"font-weight: 400\">ist eine melodische Mischung aus Kreativit\u00e4t und Funktionalit\u00e4t, die einen Raum schafft, der W\u00e4rme, Komfort und \u00e4sthetische Anziehungskraft ausstrahlt. Die Grundlage eines solchen Designs sind durchdachte Farbschemata, bei denen die Farbt\u00f6ne sorgf\u00e4ltig ausgew\u00e4hlt werden, um Stimmung und Atmosph\u00e4re zu erzeugen. Diese Farben erg\u00e4nzen sich gegenseitig und schaffen eine kompatible und einladende Umgebung.<\/span><\/p>\n<p><span style=\"font-weight: 400\">Die Wahl der M\u00f6bel und des Dekors spielt eine entscheidende Rolle bei der Definition des Charakters des Raums. Hochwertige M\u00f6bel bieten nicht nur Komfort, sondern tragen auch zum allgemeinen visuellen Charme bei. Sie sind so angeordnet, dass sowohl der Komfort als auch die effiziente Raumausnutzung maximiert werden, wodurch ein Gleichgewicht entsteht, das es den Bewohnern erm\u00f6glicht, ihre Wohnbereiche in vollen Z\u00fcgen zu genie\u00dfen.<\/span><\/p>\n","protected":false},"excerpt":{"rendered":"<ul>\n<li><span style=\"font-weight: 400\">Schlankes und modernes Design<\/span><\/li>\n<li><span style=\"font-weight: 400\">Anpassungsoptionen<\/span><\/li>\n<li><span style=\"font-weight: 400\">Responsive und mobilfreundlich<\/span><\/li>\n<li><span style=\"font-weight: 400\">Drag-and-Drop-Seitenersteller<\/span><\/li>\n<li><span style=\"font-weight: 400\">Portfolio-Showcase<\/span><\/li>\n<li><span style=\"font-weight: 400\">Blog-Integration<\/span><\/li>\n<\/ul>\n","protected":false},"featured_media":9977,"template":"","meta":{"_acf_changed":false,"inline_featured_image":false},"product_brand":[],"product_cat":[439],"product_tag":[440,441,442],"class_list":{"0":"post-9976","1":"product","2":"type-product","3":"status-publish","4":"has-post-thumbnail","6":"product_cat-interior-designing-real-estate-de","7":"product_tag-best-interior-website-templates-de","8":"product_tag-home-decor-wordpress-themes-de","9":"product_tag-interior-design-wordpress-theme-de","11":"first","12":"instock","13":"sale","14":"downloadable","15":"taxable","16":"shipping-taxable","17":"purchasable","18":"product-type-simple"},"acf":[],"yoast_head":"<!-- This site is optimized with the Yoast SEO Premium plugin v22.1 (Yoast SEO v26.0) - https:\/\/yoast.com\/wordpress\/plugins\/seo\/ -->\n<title>WordPress-Theme f\u00fcr Innenarchitektur | WordPress-Theme f\u00fcr Dekor<\/title>\n<meta name=\"description\" content=\"Kaufen Sie ein stilvolles WordPress-Theme f\u00fcr Innenarchitektur mit einfacher Anpassung. Es ist perfekt f\u00fcr die Pr\u00e4sentation Ihres Designportfolios. Erstellen Sie jetzt eine professionelle Website!\" \/>\n<meta name=\"robots\" content=\"index, follow, max-snippet:-1, max-image-preview:large, max-video-preview:-1\" \/>\n<link rel=\"canonical\" href=\"https:\/\/themeholt.com\/de\/product\/hillcrest-innenarchitektur\/\" \/>\n<meta property=\"og:locale\" content=\"de_DE\" \/>\n<meta property=\"og:type\" content=\"article\" \/>\n<meta property=\"og:title\" content=\"Hillcrest Innenarchitektur\" \/>\n<meta property=\"og:description\" content=\"Kaufen Sie ein stilvolles WordPress-Theme f\u00fcr Innenarchitektur mit einfacher Anpassung. Es ist perfekt f\u00fcr die Pr\u00e4sentation Ihres Designportfolios. Erstellen Sie jetzt eine professionelle Website!\" \/>\n<meta property=\"og:url\" content=\"https:\/\/themeholt.com\/de\/product\/hillcrest-innenarchitektur\/\" \/>\n<meta property=\"og:site_name\" content=\"ThemeHolt\" \/>\n<meta property=\"article:publisher\" content=\"https:\/\/www.facebook.com\/themeholtT\" \/>\n<meta property=\"article:modified_time\" content=\"2024-09-26T10:48:27+00:00\" \/>\n<meta property=\"og:image\" content=\"https:\/\/themeholt.com\/wp-content\/uploads\/2023\/10\/21-2.png\" \/>\n\t<meta property=\"og:image:width\" content=\"1364\" \/>\n\t<meta property=\"og:image:height\" content=\"935\" \/>\n\t<meta property=\"og:image:type\" content=\"image\/png\" \/>\n<meta name=\"twitter:card\" content=\"summary_large_image\" \/>\n<meta name=\"twitter:site\" content=\"@ThemeholtT\" \/>\n<meta name=\"twitter:label1\" content=\"Gesch\u00e4tzte Lesezeit\" \/>\n\t<meta name=\"twitter:data1\" content=\"1\u00a0Minute\" \/>\n<script type=\"application\/ld+json\" class=\"yoast-schema-graph\">{\"@context\":\"https:\/\/schema.org\",\"@graph\":[{\"@type\":\"WebPage\",\"@id\":\"https:\/\/themeholt.com\/de\/product\/hillcrest-innenarchitektur\/\",\"url\":\"https:\/\/themeholt.com\/de\/product\/hillcrest-innenarchitektur\/\",\"name\":\"WordPress-Theme f\u00fcr Innenarchitektur | WordPress-Theme f\u00fcr Dekor\",\"isPartOf\":{\"@id\":\"https:\/\/themeholt.com\/#website\"},\"primaryImageOfPage\":{\"@id\":\"https:\/\/themeholt.com\/de\/product\/hillcrest-innenarchitektur\/#primaryimage\"},\"image\":{\"@id\":\"https:\/\/themeholt.com\/de\/product\/hillcrest-innenarchitektur\/#primaryimage\"},\"thumbnailUrl\":\"https:\/\/themeholt.com\/wp-content\/uploads\/2023\/10\/21-2.png\",\"datePublished\":\"2023-10-06T07:30:41+00:00\",\"dateModified\":\"2024-09-26T10:48:27+00:00\",\"description\":\"Kaufen Sie ein stilvolles WordPress-Theme f\u00fcr Innenarchitektur mit einfacher Anpassung. Es ist perfekt f\u00fcr die Pr\u00e4sentation Ihres Designportfolios. Erstellen Sie jetzt eine professionelle Website!\",\"breadcrumb\":{\"@id\":\"https:\/\/themeholt.com\/de\/product\/hillcrest-innenarchitektur\/#breadcrumb\"},\"inLanguage\":\"de\",\"potentialAction\":[{\"@type\":\"ReadAction\",\"target\":[\"https:\/\/themeholt.com\/de\/product\/hillcrest-innenarchitektur\/\"]}]},{\"@type\":\"ImageObject\",\"inLanguage\":\"de\",\"@id\":\"https:\/\/themeholt.com\/de\/product\/hillcrest-innenarchitektur\/#primaryimage\",\"url\":\"https:\/\/themeholt.com\/wp-content\/uploads\/2023\/10\/21-2.png\",\"contentUrl\":\"https:\/\/themeholt.com\/wp-content\/uploads\/2023\/10\/21-2.png\",\"width\":1364,\"height\":935},{\"@type\":\"BreadcrumbList\",\"@id\":\"https:\/\/themeholt.com\/de\/product\/hillcrest-innenarchitektur\/#breadcrumb\",\"itemListElement\":[{\"@type\":\"ListItem\",\"position\":1,\"name\":\"Home\",\"item\":\"https:\/\/themeholt.com\/de\/\"},{\"@type\":\"ListItem\",\"position\":2,\"name\":\"Shop\",\"item\":\"https:\/\/themeholt.com\/shop\/\"},{\"@type\":\"ListItem\",\"position\":3,\"name\":\"Hillcrest Innenarchitektur\"}]},{\"@type\":\"WebSite\",\"@id\":\"https:\/\/themeholt.com\/#website\",\"url\":\"https:\/\/themeholt.com\/\",\"name\":\"ThemeHolt\",\"description\":\"Themeholt is a website that offers high-quality WordPress themes\",\"publisher\":{\"@id\":\"https:\/\/themeholt.com\/#organization\"},\"potentialAction\":[{\"@type\":\"SearchAction\",\"target\":{\"@type\":\"EntryPoint\",\"urlTemplate\":\"https:\/\/themeholt.com\/?s={search_term_string}\"},\"query-input\":{\"@type\":\"PropertyValueSpecification\",\"valueRequired\":true,\"valueName\":\"search_term_string\"}}],\"inLanguage\":\"de\"},{\"@type\":\"Organization\",\"@id\":\"https:\/\/themeholt.com\/#organization\",\"name\":\"ThemeHolt\",\"alternateName\":\"ThemeHolt\",\"url\":\"https:\/\/themeholt.com\/\",\"logo\":{\"@type\":\"ImageObject\",\"inLanguage\":\"de\",\"@id\":\"https:\/\/themeholt.com\/#\/schema\/logo\/image\/\",\"url\":\"https:\/\/themeholt.com\/wp-content\/uploads\/2024\/10\/themeholt.png\",\"contentUrl\":\"https:\/\/themeholt.com\/wp-content\/uploads\/2024\/10\/themeholt.png\",\"width\":225,\"height\":225,\"caption\":\"ThemeHolt\"},\"image\":{\"@id\":\"https:\/\/themeholt.com\/#\/schema\/logo\/image\/\"},\"sameAs\":[\"https:\/\/www.facebook.com\/themeholtT\",\"https:\/\/x.com\/ThemeholtT\",\"https:\/\/www.linkedin.com\/company\/themeholt\",\"https:\/\/www.instagram.com\/themeholtt\/\"],\"description\":\"Themeholt is a website that offers high-quality WordPress themes that are easy to use and ready for just about everything. In Eindhoven, Netherlands, since 2020 offering simple, accessible WordPress themes by providing a variety of requirements. Themeholt focuses on practicality and efficiency, allowing faster project completion with its superior marketplace and easy-to-use templates.\",\"legalName\":\"ThemeHolt\",\"foundingDate\":\"2022-11-10\",\"numberOfEmployees\":{\"@type\":\"QuantitativeValue\",\"minValue\":\"51\",\"maxValue\":\"200\"}}]}<\/script>\n<!-- \/ Yoast SEO Premium plugin. -->","yoast_head_json":{"title":"WordPress-Theme f\u00fcr Innenarchitektur | WordPress-Theme f\u00fcr Dekor","description":"Kaufen Sie ein stilvolles WordPress-Theme f\u00fcr Innenarchitektur mit einfacher Anpassung. Es ist perfekt f\u00fcr die Pr\u00e4sentation Ihres Designportfolios. Erstellen Sie jetzt eine professionelle Website!","robots":{"index":"index","follow":"follow","max-snippet":"max-snippet:-1","max-image-preview":"max-image-preview:large","max-video-preview":"max-video-preview:-1"},"canonical":"https:\/\/themeholt.com\/de\/product\/hillcrest-innenarchitektur\/","og_locale":"de_DE","og_type":"article","og_title":"Hillcrest Innenarchitektur","og_description":"Kaufen Sie ein stilvolles WordPress-Theme f\u00fcr Innenarchitektur mit einfacher Anpassung. Es ist perfekt f\u00fcr die Pr\u00e4sentation Ihres Designportfolios. Erstellen Sie jetzt eine professionelle Website!","og_url":"https:\/\/themeholt.com\/de\/product\/hillcrest-innenarchitektur\/","og_site_name":"ThemeHolt","article_publisher":"https:\/\/www.facebook.com\/themeholtT","article_modified_time":"2024-09-26T10:48:27+00:00","og_image":[{"width":1364,"height":935,"url":"https:\/\/themeholt.com\/wp-content\/uploads\/2023\/10\/21-2.png","type":"image\/png"}],"twitter_card":"summary_large_image","twitter_site":"@ThemeholtT","twitter_misc":{"Gesch\u00e4tzte Lesezeit":"1\u00a0Minute"},"schema":{"@context":"https:\/\/schema.org","@graph":[{"@type":"WebPage","@id":"https:\/\/themeholt.com\/de\/product\/hillcrest-innenarchitektur\/","url":"https:\/\/themeholt.com\/de\/product\/hillcrest-innenarchitektur\/","name":"WordPress-Theme f\u00fcr Innenarchitektur | WordPress-Theme f\u00fcr Dekor","isPartOf":{"@id":"https:\/\/themeholt.com\/#website"},"primaryImageOfPage":{"@id":"https:\/\/themeholt.com\/de\/product\/hillcrest-innenarchitektur\/#primaryimage"},"image":{"@id":"https:\/\/themeholt.com\/de\/product\/hillcrest-innenarchitektur\/#primaryimage"},"thumbnailUrl":"https:\/\/themeholt.com\/wp-content\/uploads\/2023\/10\/21-2.png","datePublished":"2023-10-06T07:30:41+00:00","dateModified":"2024-09-26T10:48:27+00:00","description":"Kaufen Sie ein stilvolles WordPress-Theme f\u00fcr Innenarchitektur mit einfacher Anpassung. Es ist perfekt f\u00fcr die Pr\u00e4sentation Ihres Designportfolios. Erstellen Sie jetzt eine professionelle Website!","breadcrumb":{"@id":"https:\/\/themeholt.com\/de\/product\/hillcrest-innenarchitektur\/#breadcrumb"},"inLanguage":"de","potentialAction":[{"@type":"ReadAction","target":["https:\/\/themeholt.com\/de\/product\/hillcrest-innenarchitektur\/"]}]},{"@type":"ImageObject","inLanguage":"de","@id":"https:\/\/themeholt.com\/de\/product\/hillcrest-innenarchitektur\/#primaryimage","url":"https:\/\/themeholt.com\/wp-content\/uploads\/2023\/10\/21-2.png","contentUrl":"https:\/\/themeholt.com\/wp-content\/uploads\/2023\/10\/21-2.png","width":1364,"height":935},{"@type":"BreadcrumbList","@id":"https:\/\/themeholt.com\/de\/product\/hillcrest-innenarchitektur\/#breadcrumb","itemListElement":[{"@type":"ListItem","position":1,"name":"Home","item":"https:\/\/themeholt.com\/de\/"},{"@type":"ListItem","position":2,"name":"Shop","item":"https:\/\/themeholt.com\/shop\/"},{"@type":"ListItem","position":3,"name":"Hillcrest Innenarchitektur"}]},{"@type":"WebSite","@id":"https:\/\/themeholt.com\/#website","url":"https:\/\/themeholt.com\/","name":"ThemeHolt","description":"Themeholt is a website that offers high-quality WordPress themes","publisher":{"@id":"https:\/\/themeholt.com\/#organization"},"potentialAction":[{"@type":"SearchAction","target":{"@type":"EntryPoint","urlTemplate":"https:\/\/themeholt.com\/?s={search_term_string}"},"query-input":{"@type":"PropertyValueSpecification","valueRequired":true,"valueName":"search_term_string"}}],"inLanguage":"de"},{"@type":"Organization","@id":"https:\/\/themeholt.com\/#organization","name":"ThemeHolt","alternateName":"ThemeHolt","url":"https:\/\/themeholt.com\/","logo":{"@type":"ImageObject","inLanguage":"de","@id":"https:\/\/themeholt.com\/#\/schema\/logo\/image\/","url":"https:\/\/themeholt.com\/wp-content\/uploads\/2024\/10\/themeholt.png","contentUrl":"https:\/\/themeholt.com\/wp-content\/uploads\/2024\/10\/themeholt.png","width":225,"height":225,"caption":"ThemeHolt"},"image":{"@id":"https:\/\/themeholt.com\/#\/schema\/logo\/image\/"},"sameAs":["https:\/\/www.facebook.com\/themeholtT","https:\/\/x.com\/ThemeholtT","https:\/\/www.linkedin.com\/company\/themeholt","https:\/\/www.instagram.com\/themeholtt\/"],"description":"Themeholt is a website that offers high-quality WordPress themes that are easy to use and ready for just about everything. In Eindhoven, Netherlands, since 2020 offering simple, accessible WordPress themes by providing a variety of requirements. Themeholt focuses on practicality and efficiency, allowing faster project completion with its superior marketplace and easy-to-use templates.","legalName":"ThemeHolt","foundingDate":"2022-11-10","numberOfEmployees":{"@type":"QuantitativeValue","minValue":"51","maxValue":"200"}}]}},"_links":{"self":[{"href":"https:\/\/themeholt.com\/de\/wp-json\/wp\/v2\/product\/9976","targetHints":{"allow":["GET"]}}],"collection":[{"href":"https:\/\/themeholt.com\/de\/wp-json\/wp\/v2\/product"}],"about":[{"href":"https:\/\/themeholt.com\/de\/wp-json\/wp\/v2\/types\/product"}],"wp:featuredmedia":[{"embeddable":true,"href":"https:\/\/themeholt.com\/de\/wp-json\/wp\/v2\/media\/9977"}],"wp:attachment":[{"href":"https:\/\/themeholt.com\/de\/wp-json\/wp\/v2\/media?parent=9976"}],"wp:term":[{"taxonomy":"product_brand","embeddable":true,"href":"https:\/\/themeholt.com\/de\/wp-json\/wp\/v2\/product_brand?post=9976"},{"taxonomy":"product_cat","embeddable":true,"href":"https:\/\/themeholt.com\/de\/wp-json\/wp\/v2\/product_cat?post=9976"},{"taxonomy":"product_tag","embeddable":true,"href":"https:\/\/themeholt.com\/de\/wp-json\/wp\/v2\/product_tag?post=9976"}],"curies":[{"name":"wp","href":"https:\/\/api.w.org\/{rel}","templated":true}]}}