{"id":9998,"date":"2023-10-05T12:14:10","date_gmt":"2023-10-05T12:14:10","guid":{"rendered":"https:\/\/themeholt.com\/product\/haizea-creative-portfolio\/"},"modified":"2024-09-26T11:20:35","modified_gmt":"2024-09-26T11:20:35","slug":"haizea-creative-portfolio","status":"publish","type":"product","link":"https:\/\/themeholt.com\/de\/product\/haizea-creative-portfolio\/","title":{"rendered":"Haizea Creative Portfolio"},"content":{"rendered":"<p><span style=\"font-weight: 400\">Ein <\/span><b>WordPress-Theme f\u00fcr Programmiererportfolios<\/b><span style=\"font-weight: 400\"> ist eine leistungsstarke und vielseitige Vorlage, die f\u00fcr Entwickler und Programmierer entwickelt wurde, um ihre F\u00e4higkeiten, Projekte und Erfolge auf optisch ansprechende und \u00fcbersichtliche Weise zu pr\u00e4sentieren. Dieses Theme wurde speziell f\u00fcr die besonderen Bed\u00fcrfnisse von Programmierern entwickelt und bietet ein klares und schlichtes Design, das Code und Projektpr\u00e4sentation hervorhebt. <\/span><\/p>\n<p><span style=\"font-weight: 400\">Es enth\u00e4lt normalerweise anpassbare Abschnitte f\u00fcr Projekte, Codeausschnitte und einen speziellen Blog zum Teilen von Erkenntnissen und Wissen. Mit ansprechendem Design, reibungsloser Navigation und robusten Anpassungsoptionen erm\u00f6glicht dieses Theme Programmierern, eine professionelle Online-Pr\u00e4senz zu erstellen, potenzielle Kunden, Arbeitgeber oder Mitarbeiter anzuziehen und gleichzeitig ihr technisches Fachwissen hervorzuheben.<\/span><\/p>\n","protected":false},"excerpt":{"rendered":"<ul>\n<li><span style=\"font-weight: 400\">Auff\u00e4lliges visuelles Design<\/span><\/li>\n<li><span style=\"font-weight: 400\">Einfache Anpassung<\/span><\/li>\n<li><span style=\"font-weight: 400\">Interaktives Portfolio<\/span><\/li>\n<li><span style=\"font-weight: 400\">Lebenslaufabschnitte<\/span><\/li>\n<li><span style=\"font-weight: 400\">Installation mit einem Klick<\/span><\/li>\n<li><span style=\"font-weight: 400\">Laufender Support und Updates<\/span><\/li>\n<\/ul>\n","protected":false},"featured_media":9999,"template":"","meta":{"_acf_changed":false,"inline_featured_image":false},"product_brand":[],"product_cat":[451],"product_tag":[452,453,454],"class_list":{"0":"post-9998","1":"product","2":"type-product","3":"status-publish","4":"has-post-thumbnail","6":"product_cat-portfolio-resume-de","7":"product_tag-best-resume-cv-themes-de","8":"product_tag-personal-resume-themes-de","9":"product_tag-personal-resume-wordpress-themes-de","11":"first","12":"instock","13":"sale","14":"downloadable","15":"taxable","16":"shipping-taxable","17":"purchasable","18":"product-type-simple"},"acf":[],"yoast_head":"<!-- This site is optimized with the Yoast SEO Premium plugin v22.1 (Yoast SEO v26.0) - https:\/\/yoast.com\/wordpress\/plugins\/seo\/ -->\n<title>WordPress-Theme f\u00fcr Programmierer-Portfolio | WordPress-Theme<\/title>\n<meta name=\"description\" content=\"Kaufen Sie das perfekte WordPress-Theme f\u00fcr Ihr Programmierer-Portfolio. Mit einem modernen, professionellen Theme k\u00f6nnen Sie Ihre F\u00e4higkeiten, Projekte und Erfahrungen pr\u00e4sentieren.\" \/>\n<meta name=\"robots\" content=\"index, follow, max-snippet:-1, max-image-preview:large, max-video-preview:-1\" \/>\n<link rel=\"canonical\" href=\"https:\/\/themeholt.com\/de\/product\/haizea-creative-portfolio\/\" \/>\n<meta property=\"og:locale\" content=\"de_DE\" \/>\n<meta property=\"og:type\" content=\"article\" \/>\n<meta property=\"og:title\" content=\"Haizea Creative Portfolio\" \/>\n<meta property=\"og:description\" content=\"Kaufen Sie das perfekte WordPress-Theme f\u00fcr Ihr Programmierer-Portfolio. Mit einem modernen, professionellen Theme k\u00f6nnen Sie Ihre F\u00e4higkeiten, Projekte und Erfahrungen pr\u00e4sentieren.\" \/>\n<meta property=\"og:url\" content=\"https:\/\/themeholt.com\/de\/product\/haizea-creative-portfolio\/\" \/>\n<meta property=\"og:site_name\" content=\"ThemeHolt\" \/>\n<meta property=\"article:publisher\" content=\"https:\/\/www.facebook.com\/themeholtT\" \/>\n<meta property=\"article:modified_time\" content=\"2024-09-26T11:20:35+00:00\" \/>\n<meta property=\"og:image\" content=\"https:\/\/themeholt.com\/wp-content\/uploads\/2023\/10\/16-1.png\" \/>\n\t<meta property=\"og:image:width\" content=\"1360\" \/>\n\t<meta property=\"og:image:height\" content=\"1328\" \/>\n\t<meta property=\"og:image:type\" content=\"image\/png\" \/>\n<meta name=\"twitter:card\" content=\"summary_large_image\" \/>\n<meta name=\"twitter:site\" content=\"@ThemeholtT\" \/>\n<meta name=\"twitter:label1\" content=\"Gesch\u00e4tzte Lesezeit\" \/>\n\t<meta name=\"twitter:data1\" content=\"1\u00a0Minute\" \/>\n<script type=\"application\/ld+json\" class=\"yoast-schema-graph\">{\"@context\":\"https:\/\/schema.org\",\"@graph\":[{\"@type\":\"WebPage\",\"@id\":\"https:\/\/themeholt.com\/de\/product\/haizea-creative-portfolio\/\",\"url\":\"https:\/\/themeholt.com\/de\/product\/haizea-creative-portfolio\/\",\"name\":\"WordPress-Theme f\u00fcr Programmierer-Portfolio | WordPress-Theme\",\"isPartOf\":{\"@id\":\"https:\/\/themeholt.com\/#website\"},\"primaryImageOfPage\":{\"@id\":\"https:\/\/themeholt.com\/de\/product\/haizea-creative-portfolio\/#primaryimage\"},\"image\":{\"@id\":\"https:\/\/themeholt.com\/de\/product\/haizea-creative-portfolio\/#primaryimage\"},\"thumbnailUrl\":\"https:\/\/themeholt.com\/wp-content\/uploads\/2023\/10\/16-1.png\",\"datePublished\":\"2023-10-05T12:14:10+00:00\",\"dateModified\":\"2024-09-26T11:20:35+00:00\",\"description\":\"Kaufen Sie das perfekte WordPress-Theme f\u00fcr Ihr Programmierer-Portfolio. Mit einem modernen, professionellen Theme k\u00f6nnen Sie Ihre F\u00e4higkeiten, Projekte und Erfahrungen pr\u00e4sentieren.\",\"breadcrumb\":{\"@id\":\"https:\/\/themeholt.com\/de\/product\/haizea-creative-portfolio\/#breadcrumb\"},\"inLanguage\":\"de\",\"potentialAction\":[{\"@type\":\"ReadAction\",\"target\":[\"https:\/\/themeholt.com\/de\/product\/haizea-creative-portfolio\/\"]}]},{\"@type\":\"ImageObject\",\"inLanguage\":\"de\",\"@id\":\"https:\/\/themeholt.com\/de\/product\/haizea-creative-portfolio\/#primaryimage\",\"url\":\"https:\/\/themeholt.com\/wp-content\/uploads\/2023\/10\/16-1.png\",\"contentUrl\":\"https:\/\/themeholt.com\/wp-content\/uploads\/2023\/10\/16-1.png\",\"width\":1360,\"height\":1328},{\"@type\":\"BreadcrumbList\",\"@id\":\"https:\/\/themeholt.com\/de\/product\/haizea-creative-portfolio\/#breadcrumb\",\"itemListElement\":[{\"@type\":\"ListItem\",\"position\":1,\"name\":\"Home\",\"item\":\"https:\/\/themeholt.com\/de\/\"},{\"@type\":\"ListItem\",\"position\":2,\"name\":\"Shop\",\"item\":\"https:\/\/themeholt.com\/shop\/\"},{\"@type\":\"ListItem\",\"position\":3,\"name\":\"Haizea Creative Portfolio\"}]},{\"@type\":\"WebSite\",\"@id\":\"https:\/\/themeholt.com\/#website\",\"url\":\"https:\/\/themeholt.com\/\",\"name\":\"ThemeHolt\",\"description\":\"Themeholt is a website that offers high-quality WordPress themes\",\"publisher\":{\"@id\":\"https:\/\/themeholt.com\/#organization\"},\"potentialAction\":[{\"@type\":\"SearchAction\",\"target\":{\"@type\":\"EntryPoint\",\"urlTemplate\":\"https:\/\/themeholt.com\/?s={search_term_string}\"},\"query-input\":{\"@type\":\"PropertyValueSpecification\",\"valueRequired\":true,\"valueName\":\"search_term_string\"}}],\"inLanguage\":\"de\"},{\"@type\":\"Organization\",\"@id\":\"https:\/\/themeholt.com\/#organization\",\"name\":\"ThemeHolt\",\"alternateName\":\"ThemeHolt\",\"url\":\"https:\/\/themeholt.com\/\",\"logo\":{\"@type\":\"ImageObject\",\"inLanguage\":\"de\",\"@id\":\"https:\/\/themeholt.com\/#\/schema\/logo\/image\/\",\"url\":\"https:\/\/themeholt.com\/wp-content\/uploads\/2024\/10\/themeholt.png\",\"contentUrl\":\"https:\/\/themeholt.com\/wp-content\/uploads\/2024\/10\/themeholt.png\",\"width\":225,\"height\":225,\"caption\":\"ThemeHolt\"},\"image\":{\"@id\":\"https:\/\/themeholt.com\/#\/schema\/logo\/image\/\"},\"sameAs\":[\"https:\/\/www.facebook.com\/themeholtT\",\"https:\/\/x.com\/ThemeholtT\",\"https:\/\/www.linkedin.com\/company\/themeholt\",\"https:\/\/www.instagram.com\/themeholtt\/\"],\"description\":\"Themeholt is a website that offers high-quality WordPress themes that are easy to use and ready for just about everything. In Eindhoven, Netherlands, since 2020 offering simple, accessible WordPress themes by providing a variety of requirements. Themeholt focuses on practicality and efficiency, allowing faster project completion with its superior marketplace and easy-to-use templates.\",\"legalName\":\"ThemeHolt\",\"foundingDate\":\"2022-11-10\",\"numberOfEmployees\":{\"@type\":\"QuantitativeValue\",\"minValue\":\"51\",\"maxValue\":\"200\"}}]}<\/script>\n<!-- \/ Yoast SEO Premium plugin. -->","yoast_head_json":{"title":"WordPress-Theme f\u00fcr Programmierer-Portfolio | WordPress-Theme","description":"Kaufen Sie das perfekte WordPress-Theme f\u00fcr Ihr Programmierer-Portfolio. Mit einem modernen, professionellen Theme k\u00f6nnen Sie Ihre F\u00e4higkeiten, Projekte und Erfahrungen pr\u00e4sentieren.","robots":{"index":"index","follow":"follow","max-snippet":"max-snippet:-1","max-image-preview":"max-image-preview:large","max-video-preview":"max-video-preview:-1"},"canonical":"https:\/\/themeholt.com\/de\/product\/haizea-creative-portfolio\/","og_locale":"de_DE","og_type":"article","og_title":"Haizea Creative Portfolio","og_description":"Kaufen Sie das perfekte WordPress-Theme f\u00fcr Ihr Programmierer-Portfolio. Mit einem modernen, professionellen Theme k\u00f6nnen Sie Ihre F\u00e4higkeiten, Projekte und Erfahrungen pr\u00e4sentieren.","og_url":"https:\/\/themeholt.com\/de\/product\/haizea-creative-portfolio\/","og_site_name":"ThemeHolt","article_publisher":"https:\/\/www.facebook.com\/themeholtT","article_modified_time":"2024-09-26T11:20:35+00:00","og_image":[{"width":1360,"height":1328,"url":"https:\/\/themeholt.com\/wp-content\/uploads\/2023\/10\/16-1.png","type":"image\/png"}],"twitter_card":"summary_large_image","twitter_site":"@ThemeholtT","twitter_misc":{"Gesch\u00e4tzte Lesezeit":"1\u00a0Minute"},"schema":{"@context":"https:\/\/schema.org","@graph":[{"@type":"WebPage","@id":"https:\/\/themeholt.com\/de\/product\/haizea-creative-portfolio\/","url":"https:\/\/themeholt.com\/de\/product\/haizea-creative-portfolio\/","name":"WordPress-Theme f\u00fcr Programmierer-Portfolio | WordPress-Theme","isPartOf":{"@id":"https:\/\/themeholt.com\/#website"},"primaryImageOfPage":{"@id":"https:\/\/themeholt.com\/de\/product\/haizea-creative-portfolio\/#primaryimage"},"image":{"@id":"https:\/\/themeholt.com\/de\/product\/haizea-creative-portfolio\/#primaryimage"},"thumbnailUrl":"https:\/\/themeholt.com\/wp-content\/uploads\/2023\/10\/16-1.png","datePublished":"2023-10-05T12:14:10+00:00","dateModified":"2024-09-26T11:20:35+00:00","description":"Kaufen Sie das perfekte WordPress-Theme f\u00fcr Ihr Programmierer-Portfolio. Mit einem modernen, professionellen Theme k\u00f6nnen Sie Ihre F\u00e4higkeiten, Projekte und Erfahrungen pr\u00e4sentieren.","breadcrumb":{"@id":"https:\/\/themeholt.com\/de\/product\/haizea-creative-portfolio\/#breadcrumb"},"inLanguage":"de","potentialAction":[{"@type":"ReadAction","target":["https:\/\/themeholt.com\/de\/product\/haizea-creative-portfolio\/"]}]},{"@type":"ImageObject","inLanguage":"de","@id":"https:\/\/themeholt.com\/de\/product\/haizea-creative-portfolio\/#primaryimage","url":"https:\/\/themeholt.com\/wp-content\/uploads\/2023\/10\/16-1.png","contentUrl":"https:\/\/themeholt.com\/wp-content\/uploads\/2023\/10\/16-1.png","width":1360,"height":1328},{"@type":"BreadcrumbList","@id":"https:\/\/themeholt.com\/de\/product\/haizea-creative-portfolio\/#breadcrumb","itemListElement":[{"@type":"ListItem","position":1,"name":"Home","item":"https:\/\/themeholt.com\/de\/"},{"@type":"ListItem","position":2,"name":"Shop","item":"https:\/\/themeholt.com\/shop\/"},{"@type":"ListItem","position":3,"name":"Haizea Creative Portfolio"}]},{"@type":"WebSite","@id":"https:\/\/themeholt.com\/#website","url":"https:\/\/themeholt.com\/","name":"ThemeHolt","description":"Themeholt is a website that offers high-quality WordPress themes","publisher":{"@id":"https:\/\/themeholt.com\/#organization"},"potentialAction":[{"@type":"SearchAction","target":{"@type":"EntryPoint","urlTemplate":"https:\/\/themeholt.com\/?s={search_term_string}"},"query-input":{"@type":"PropertyValueSpecification","valueRequired":true,"valueName":"search_term_string"}}],"inLanguage":"de"},{"@type":"Organization","@id":"https:\/\/themeholt.com\/#organization","name":"ThemeHolt","alternateName":"ThemeHolt","url":"https:\/\/themeholt.com\/","logo":{"@type":"ImageObject","inLanguage":"de","@id":"https:\/\/themeholt.com\/#\/schema\/logo\/image\/","url":"https:\/\/themeholt.com\/wp-content\/uploads\/2024\/10\/themeholt.png","contentUrl":"https:\/\/themeholt.com\/wp-content\/uploads\/2024\/10\/themeholt.png","width":225,"height":225,"caption":"ThemeHolt"},"image":{"@id":"https:\/\/themeholt.com\/#\/schema\/logo\/image\/"},"sameAs":["https:\/\/www.facebook.com\/themeholtT","https:\/\/x.com\/ThemeholtT","https:\/\/www.linkedin.com\/company\/themeholt","https:\/\/www.instagram.com\/themeholtt\/"],"description":"Themeholt is a website that offers high-quality WordPress themes that are easy to use and ready for just about everything. In Eindhoven, Netherlands, since 2020 offering simple, accessible WordPress themes by providing a variety of requirements. Themeholt focuses on practicality and efficiency, allowing faster project completion with its superior marketplace and easy-to-use templates.","legalName":"ThemeHolt","foundingDate":"2022-11-10","numberOfEmployees":{"@type":"QuantitativeValue","minValue":"51","maxValue":"200"}}]}},"_links":{"self":[{"href":"https:\/\/themeholt.com\/de\/wp-json\/wp\/v2\/product\/9998","targetHints":{"allow":["GET"]}}],"collection":[{"href":"https:\/\/themeholt.com\/de\/wp-json\/wp\/v2\/product"}],"about":[{"href":"https:\/\/themeholt.com\/de\/wp-json\/wp\/v2\/types\/product"}],"wp:featuredmedia":[{"embeddable":true,"href":"https:\/\/themeholt.com\/de\/wp-json\/wp\/v2\/media\/9999"}],"wp:attachment":[{"href":"https:\/\/themeholt.com\/de\/wp-json\/wp\/v2\/media?parent=9998"}],"wp:term":[{"taxonomy":"product_brand","embeddable":true,"href":"https:\/\/themeholt.com\/de\/wp-json\/wp\/v2\/product_brand?post=9998"},{"taxonomy":"product_cat","embeddable":true,"href":"https:\/\/themeholt.com\/de\/wp-json\/wp\/v2\/product_cat?post=9998"},{"taxonomy":"product_tag","embeddable":true,"href":"https:\/\/themeholt.com\/de\/wp-json\/wp\/v2\/product_tag?post=9998"}],"curies":[{"name":"wp","href":"https:\/\/api.w.org\/{rel}","templated":true}]}}