{"id":30245,"date":"2024-03-21T12:51:56","date_gmt":"2024-03-21T12:51:56","guid":{"rendered":"https:\/\/themeholt.com\/about\/"},"modified":"2024-12-13T04:44:45","modified_gmt":"2024-12-13T04:44:45","slug":"acerca-de","status":"publish","type":"page","link":"https:\/\/themeholt.com\/es\/acerca-de\/","title":{"rendered":"Acerca de"},"content":{"rendered":"\n<div class=\"wp-block-group\"><div class=\"wp-block-group__inner-container is-layout-flow wp-block-group-is-layout-flow\">\n<div class=\"wp-block-columns are-vertically-aligned-center is-layout-flex wp-container-core-columns-is-layout-9d6595d7 wp-block-columns-is-layout-flex\">\n<div class=\"wp-block-column is-vertically-aligned-center is-layout-flow wp-block-column-is-layout-flow\"><div class=\"wp-block-image\">\n<figure class=\"aligncenter size-full\"><img loading=\"lazy\" decoding=\"async\" width=\"721\" height=\"346\" src=\"https:\/\/themeholt.com\/wp-content\/uploads\/2024\/03\/various-coffee-time-templates-screen_23-2148433369-removebg-preview.png\" alt=\"\" class=\"wp-image-7219\" srcset=\"https:\/\/themeholt.com\/wp-content\/uploads\/2024\/03\/various-coffee-time-templates-screen_23-2148433369-removebg-preview.png 721w, https:\/\/themeholt.com\/wp-content\/uploads\/2024\/03\/various-coffee-time-templates-screen_23-2148433369-removebg-preview-300x144.png 300w, https:\/\/themeholt.com\/wp-content\/uploads\/2024\/03\/various-coffee-time-templates-screen_23-2148433369-removebg-preview-142x68.png 142w, https:\/\/themeholt.com\/wp-content\/uploads\/2024\/03\/various-coffee-time-templates-screen_23-2148433369-removebg-preview-679x326.png 679w, https:\/\/themeholt.com\/wp-content\/uploads\/2024\/03\/various-coffee-time-templates-screen_23-2148433369-removebg-preview-477x229.png 477w, https:\/\/themeholt.com\/wp-content\/uploads\/2024\/03\/various-coffee-time-templates-screen_23-2148433369-removebg-preview-600x288.png 600w\" sizes=\"auto, (max-width: 721px) 100vw, 721px\" \/><\/figure><\/div><\/div>\n\n\n\n<div class=\"wp-block-column is-vertically-aligned-center Welcome-1 is-layout-flow wp-block-column-is-layout-flow\">\n<h1 class=\"wp-block-heading About-Wordpress-head has-black-color has-text-color has-link-color wp-elements-f23c36c88a695e2776c2485368c0bd60\" id=\"h-ingresa-al-mercado-mas-grande-del-mundo-de-increibles-temas-de-wordpress\"><strong>Ingresa al mercado m\u00e1s grande del mundo de incre\u00edbles temas de WordPress<\/strong><\/h1>\n\n\n\n<p>Themeholt es un sitio web que ofrece temas de WordPress de alta calidad, f\u00e1ciles de usar y listos para casi todo. En Eindhoven, Pa\u00edses Bajos, desde 2020 ofrece temas de WordPress simples y accesibles que satisfacen una variedad de requisitos.<\/p>\n\n\n\n<p>Themeholt se centra en la practicidad y la eficiencia, lo que permite completar proyectos m\u00e1s r\u00e1pido con su mercado superior y plantillas f\u00e1ciles de usar.<\/p>\n<\/div>\n<\/div>\n<\/div><\/div>\n\n\n\n<p class=\"has-text-align-center\"><\/p>\n\n\n\n<div class=\"wp-block-columns is-layout-flex wp-container-core-columns-is-layout-9d6595d7 wp-block-columns-is-layout-flex\">\n<div class=\"wp-block-column is-layout-flow wp-block-column-is-layout-flow\" id=\"features-2\">\n<h3 class=\"wp-block-heading\" id=\"h-wordpress-theme-features\"><strong>WordPress Theme Features<\/strong><\/h3>\n<\/div>\n<\/div>\n\n\n\n<div class=\"wp-block-columns is-layout-flex wp-container-core-columns-is-layout-9d6595d7 wp-block-columns-is-layout-flex\">\n<div class=\"wp-block-column is-vertically-aligned-center solid-code1 is-layout-flow wp-block-column-is-layout-flow\">\n<h5 class=\"wp-block-heading has-text-align-center\" id=\"h-codigo-solido\"><strong>C\u00f3digo s\u00f3lido<\/strong><\/h5>\n\n\n\n<p class=\"has-text-align-center\">Nuestros temas est\u00e1n dise\u00f1ados con una codificaci\u00f3n limpia y sencilla, lo que garantiza velocidades de carga r\u00e1pidas del sitio web y una f\u00e1cil personalizaci\u00f3n.<\/p>\n<\/div>\n\n\n\n<div class=\"wp-block-column is-vertically-aligned-center solid-code1 is-layout-flow wp-block-column-is-layout-flow\">\n<h5 class=\"wp-block-heading has-text-align-center\" id=\"h-facil-personalizacion\"><strong>F\u00e1cil personalizaci\u00f3n<\/strong><\/h5>\n\n\n\n<p class=\"has-text-align-center\">Con nuestras herramientas de personalizaci\u00f3n, puede personalizar y dise\u00f1ar f\u00e1cilmente sus sitios web para que aparezcan exactamente como sus requisitos.<\/p>\n<\/div>\n\n\n\n<div class=\"wp-block-column is-vertically-aligned-center solid-code1 is-layout-flow wp-block-column-is-layout-flow\">\n<h5 class=\"wp-block-heading has-text-align-center\" id=\"h-optimizacion-seo\"><strong>Optimizaci\u00f3n SEO<\/strong><\/h5>\n\n\n\n<p class=\"has-text-align-center\">No te preocupes, nuestros temas est\u00e1n optimizados para motores de b\u00fasqueda, lo que garantiza una excelente visibilidad y altas clasificaciones en el SERP de Google.<\/p>\n<\/div>\n<\/div>\n\n\n\n<div class=\"wp-block-columns is-layout-flex wp-container-core-columns-is-layout-9d6595d7 wp-block-columns-is-layout-flex\">\n<div class=\"wp-block-column is-vertically-aligned-center solid-code1 is-layout-flow wp-block-column-is-layout-flow\">\n<h5 class=\"wp-block-heading has-text-align-center\" id=\"h-temas-100-compatibles-con-dispositivos-moviles\"><strong><strong>Temas 100% compatibles con dispositivos m\u00f3viles<\/strong><\/strong><\/h5>\n\n\n\n<p class=\"has-text-align-center\">Con nuestros temas adaptables a dispositivos m\u00f3viles, su sitio web simplemente se ajusta para funcionar en diferentes dispositivos m\u00f3viles y computadoras de escritorio.<\/p>\n<\/div>\n\n\n\n<div class=\"wp-block-column is-vertically-aligned-center solid-code1 is-layout-flow wp-block-column-is-layout-flow\">\n<h5 class=\"wp-block-heading has-text-align-center\" id=\"h-opciones-de-tema-sencillas\"><strong><strong><strong>Opciones de tema sencillas<\/strong><\/strong><\/strong><\/h5>\n\n\n\n<p class=\"has-text-align-center\">Con la opci\u00f3n de panel de administraci\u00f3n flexible, puede gestionar sin esfuerzo el contenido del sitio web sin necesidad de codificaci\u00f3n.<\/p>\n<\/div>\n\n\n\n<div class=\"wp-block-column is-vertically-aligned-center solid-code1 is-layout-flow wp-block-column-is-layout-flow\">\n<h5 class=\"wp-block-heading has-text-align-center\" id=\"h-soporte-dedicado\"><strong><strong>Soporte dedicado<\/strong><\/strong><\/h5>\n\n\n\n<p class=\"has-text-align-center\">Para cualquier inquietud o pregunta, nuestro equipo dedicado y receptivo est\u00e1 siempre disponible las 24 horas, los 7 d\u00edas de la semana.<\/p>\n<\/div>\n<\/div>\n\n\n\n<div class=\"wp-block-columns are-vertically-aligned-center Themeholt Offers-1 is-layout-flex wp-container-core-columns-is-layout-9d6595d7 wp-block-columns-is-layout-flex\">\n<div class=\"wp-block-column is-vertically-aligned-center is-layout-flow wp-block-column-is-layout-flow\" style=\"flex-basis:50%\">\n<div class=\"wp-block-group\"><div class=\"wp-block-group__inner-container is-layout-flow wp-block-group-is-layout-flow\">\n<h2 class=\"wp-block-heading About-Wordpress-head\" id=\"h-themeholt-ofrece-temas-innovadores-para-wordpress\"><strong>\u00a1Themeholt ofrece temas innovadores para WordPress!<\/strong><\/h2>\n\n\n\n<p>En Themeholt, nuestro equipo trabaj\u00f3 duro para crear una colecci\u00f3n de temas de WordPress \u00fanicos y asequibles. Nuestras plantillas est\u00e1n dise\u00f1adas para ayudar a que su empresa, blog o portafolio luzca genial y mejore su presencia en l\u00ednea. Creemos en mantener las cosas simples y con estilo.<\/p>\n\n\n\n<p>Nuestros temas combinan estilos cl\u00e1sicos y modernos para que su contenido brille. Ya sea que sea propietario de una empresa, bloguero, escritor, artista, profesional independiente, fot\u00f3grafo, dise\u00f1ador o desarrollador, le encantar\u00e1 Themeholt.<\/p>\n<\/div><\/div>\n<\/div>\n\n\n\n<div class=\"wp-block-column is-vertically-aligned-center is-layout-flow wp-block-column-is-layout-flow\" style=\"flex-basis:50%\"><div class=\"wp-block-image\">\n<figure class=\"aligncenter size-full\"><img loading=\"lazy\" decoding=\"async\" width=\"478\" height=\"250\" src=\"https:\/\/themeholt.com\/wp-content\/uploads\/2024\/03\/theme-1.jpg\" alt=\"\" class=\"wp-image-7227\" style=\"object-fit:cover\" srcset=\"https:\/\/themeholt.com\/wp-content\/uploads\/2024\/03\/theme-1.jpg 478w, https:\/\/themeholt.com\/wp-content\/uploads\/2024\/03\/theme-1-300x157.jpg 300w, https:\/\/themeholt.com\/wp-content\/uploads\/2024\/03\/theme-1-130x68.jpg 130w\" sizes=\"auto, (max-width: 478px) 100vw, 478px\" \/><\/figure><\/div><\/div>\n<\/div>\n\n\n\n<div class=\"wp-block-columns is-layout-flex wp-container-core-columns-is-layout-9d6595d7 wp-block-columns-is-layout-flex\">\n<div class=\"wp-block-column is-layout-flow wp-block-column-is-layout-flow\" style=\"flex-basis:100%\">\n<div class=\"wp-block-group enjoyed-2\"><div class=\"wp-block-group__inner-container is-layout-flow wp-block-group-is-layout-flow\">\n<div class=\"wp-block-group\"><div class=\"wp-block-group__inner-container is-layout-flow wp-block-group-is-layout-flow\">\n<p>Nuestro equipo de desarrolladores y dise\u00f1adores se apasiona por crear cosas geniales. Creemos que WordPress es incre\u00edble porque es vers\u00e1til, s\u00f3lido y f\u00e1cil de usar, perfecto para cualquier desarrollador.<\/p>\n\n\n\n<p>Todos nuestros temas est\u00e1n hechos, probados y respaldados por nosotros. Cuando te unes a nosotros, obtienes acceso a todos nuestros temas, nuevos lanzamientos y nuestro foro de soporte. Estamos aqu\u00ed para ayudarte a aprovechar WordPress al m\u00e1ximo.<\/p>\n<\/div><\/div>\n<\/div><\/div>\n<\/div>\n<\/div>\n\n\n\n<div class=\"wp-block-columns is-layout-flex wp-container-core-columns-is-layout-9d6595d7 wp-block-columns-is-layout-flex\">\n<div class=\"wp-block-column World-2 is-layout-flow wp-block-column-is-layout-flow\">\n<h2 class=\"wp-block-heading\" id=\"h-innumerables-opciones-de-diseno-a-tu-alcance\"><strong>Innumerables opciones de dise\u00f1o a tu alcance<\/strong><\/h2>\n\n\n\n<p>En Themeholt, puedes elegir tu plantilla ideal, combinarla con una imagen genial y elegir una fuente bonita. Hay miles de opciones de dise\u00f1o que funcionan muy bien juntas.<\/p>\n\n\n\n<p>Nuestros temas para sitios web son de primera categor\u00eda y se pueden usar en cualquier tipo de sitio web. Vienen con un formulario de contacto, muchas opciones de color y dise\u00f1os modernos. Puedes elegir entre plantillas HTML y Bootstrap. Crear un sitio web profesional nunca ha sido tan f\u00e1cil para nadie.<\/p>\n\n\n\n<p>Si quieres m\u00e1s funciones y opciones para personalizar tu sitio web, los temas premium de WordPress son la mejor opci\u00f3n para ti.<\/p>\n<\/div>\n<\/div>\n\n\n\n<p><\/p>\n\n\n\n<div class=\"wp-block-columns is-layout-flex wp-container-core-columns-is-layout-9d6595d7 wp-block-columns-is-layout-flex\">\n<div class=\"wp-block-column is-vertically-aligned-center is-layout-flow wp-block-column-is-layout-flow\" style=\"flex-basis:50%\">\n<div class=\"wp-block-group\"><div class=\"wp-block-group__inner-container is-layout-flow wp-block-group-is-layout-flow\"><div class=\"wp-block-image\">\n<figure class=\"aligncenter size-full\"><a href=\"https:\/\/themeholt.com\/wp-content\/uploads\/2024\/02\/kit-elementor-22-removebg-preview.png\"><img loading=\"lazy\" decoding=\"async\" width=\"632\" height=\"395\" src=\"https:\/\/themeholt.com\/wp-content\/uploads\/2024\/02\/kit-elementor-22-removebg-preview.png\" alt=\"\" class=\"wp-image-6870\" srcset=\"https:\/\/themeholt.com\/wp-content\/uploads\/2024\/02\/kit-elementor-22-removebg-preview.png 632w, https:\/\/themeholt.com\/wp-content\/uploads\/2024\/02\/kit-elementor-22-removebg-preview-300x188.png 300w, https:\/\/themeholt.com\/wp-content\/uploads\/2024\/02\/kit-elementor-22-removebg-preview-109x68.png 109w, https:\/\/themeholt.com\/wp-content\/uploads\/2024\/02\/kit-elementor-22-removebg-preview-622x389.png 622w, https:\/\/themeholt.com\/wp-content\/uploads\/2024\/02\/kit-elementor-22-removebg-preview-477x298.png 477w, https:\/\/themeholt.com\/wp-content\/uploads\/2024\/02\/kit-elementor-22-removebg-preview-600x375.png 600w\" sizes=\"auto, (max-width: 632px) 100vw, 632px\" \/><\/a><\/figure><\/div><\/div><\/div>\n<\/div>\n\n\n\n<div class=\"wp-block-column is-vertically-aligned-center is-layout-flow wp-block-column-is-layout-flow\" style=\"flex-basis:50%\">\n<div class=\"wp-block-group\"><div class=\"wp-block-group__inner-container is-layout-flow wp-block-group-is-layout-flow\">\n<h2 class=\"wp-block-heading About-Wordpress-head\" id=\"h-acceda-a-una-coleccion-infinita-de-temas-y-plantillas-de-wordpress\"><strong>Acceda a una colecci\u00f3n infinita de temas y plantillas de WordPress.<\/strong><\/h2>\n<\/div><\/div>\n\n\n\n<p>En Themeholt, tenemos temas de WordPress para todos: son f\u00e1ciles de usar, lucen geniales en cualquier dispositivo y se cargan muy r\u00e1pido.<\/p>\n\n\n\n<p>Con nuestros temas, finalmente puedes crear el sitio web que siempre has so\u00f1ado. Est\u00e1n repletos de funciones y se pueden personalizar para que se adapten perfectamente a tu estilo.<\/p>\n\n\n\n<p>Si quieres los mejores temas de WordPress, no busques m\u00e1s que Themeholt. Nuestras plantillas te ayudar\u00e1n a mostrar tu empresa de la mejor manera posible.<\/p>\n\n\n\n<p><\/p>\n\n\n\n<p><\/p>\n<\/div>\n<\/div>\n\n\n\n<p>Puede crear un sitio web completamente funcional con todos sus productos y servicios utilizando nuestros temas. Y no se preocupe por la compatibilidad: nuestros temas funcionan a la perfecci\u00f3n con la \u00faltima versi\u00f3n de WordPress.<\/p>\n\n\n\n<p>Nuestros temas simples pero potentes ayudar\u00e1n a que su contenido se destaque y mantenga a los visitantes interesados.<\/p>\n\n\n\n<p>Entendemos lo importante que es para las empresas tener una fuerte presencia en l\u00ednea. Es por eso que hemos seleccionado cuidadosamente los mejores temas de WordPress para que elija. \u00c9cheles un vistazo y vea c\u00f3mo puede impresionar a los visitantes de su sitio web.<\/p>\n","protected":false},"excerpt":{"rendered":"<p>Ingresa al mercado m\u00e1s grande del mundo de incre\u00edbles temas de WordPress Themeholt<a class=\"read-more\" href=\"https:\/\/themeholt.com\/es\/acerca-de\/\">&#8230;<\/a><\/p>\n","protected":false},"author":4,"featured_media":30247,"parent":0,"menu_order":0,"comment_status":"closed","ping_status":"closed","template":"","meta":{"_acf_changed":false,"inline_featured_image":false,"footnotes":""},"class_list":["post-30245","page","type-page","status-publish","has-post-thumbnail","hentry"],"acf":[],"yoast_head":"<!-- This site is optimized with the Yoast SEO Premium plugin v22.1 (Yoast SEO v26.0) - https:\/\/yoast.com\/wordpress\/plugins\/seo\/ -->\n<title>Acerca de - Temas innovadores de WordPress | Themeholt<\/title>\n<meta name=\"description\" content=\"Obtenga temas innovadores de WordPress a un precio asequible. Encuentre dise\u00f1os \u00fanicos con opciones y funciones personalizables. \u00a1Obtenga m\u00e1s informaci\u00f3n sobre nosotros!\" \/>\n<meta name=\"robots\" content=\"index, follow, max-snippet:-1, max-image-preview:large, max-video-preview:-1\" \/>\n<link rel=\"canonical\" href=\"https:\/\/www.cyan-dolphin-864669.hostingersite.com\/es\/acerca-de\/\" \/>\n<meta property=\"og:locale\" content=\"es_ES\" \/>\n<meta property=\"og:type\" content=\"article\" \/>\n<meta property=\"og:title\" content=\"Acerca de\" \/>\n<meta property=\"og:description\" content=\"Obtenga temas innovadores de WordPress a un precio asequible. Encuentre dise\u00f1os \u00fanicos con opciones y funciones personalizables. \u00a1Obtenga m\u00e1s informaci\u00f3n sobre nosotros!\" \/>\n<meta property=\"og:url\" content=\"https:\/\/www.cyan-dolphin-864669.hostingersite.com\/es\/acerca-de\/\" \/>\n<meta property=\"og:site_name\" content=\"ThemeHolt\" \/>\n<meta property=\"article:publisher\" content=\"https:\/\/www.facebook.com\/themeholtT\" \/>\n<meta property=\"article:modified_time\" content=\"2024-12-13T04:44:45+00:00\" \/>\n<meta property=\"og:image\" content=\"https:\/\/www.cyan-dolphin-864669.hostingersite.com\/wp-content\/uploads\/2023\/02\/Best-WordPress-Child-Themes-4.jpg\" \/>\n\t<meta property=\"og:image:width\" content=\"1680\" \/>\n\t<meta property=\"og:image:height\" content=\"924\" \/>\n\t<meta property=\"og:image:type\" content=\"image\/jpeg\" \/>\n<meta name=\"twitter:card\" content=\"summary_large_image\" \/>\n<meta name=\"twitter:site\" content=\"@ThemeholtT\" \/>\n<meta name=\"twitter:label1\" content=\"Tiempo de lectura\" \/>\n\t<meta name=\"twitter:data1\" content=\"4 minutos\" \/>\n<script type=\"application\/ld+json\" class=\"yoast-schema-graph\">{\"@context\":\"https:\/\/schema.org\",\"@graph\":[{\"@type\":[\"WebPage\",\"AboutPage\"],\"@id\":\"https:\/\/www.cyan-dolphin-864669.hostingersite.com\/es\/acerca-de\/\",\"url\":\"https:\/\/www.cyan-dolphin-864669.hostingersite.com\/es\/acerca-de\/\",\"name\":\"Acerca de - Temas innovadores de WordPress | Themeholt\",\"isPartOf\":{\"@id\":\"https:\/\/themeholt.com\/#website\"},\"primaryImageOfPage\":{\"@id\":\"https:\/\/www.cyan-dolphin-864669.hostingersite.com\/es\/acerca-de\/#primaryimage\"},\"image\":{\"@id\":\"https:\/\/www.cyan-dolphin-864669.hostingersite.com\/es\/acerca-de\/#primaryimage\"},\"thumbnailUrl\":\"https:\/\/themeholt.com\/wp-content\/uploads\/2023\/02\/Best-WordPress-Child-Themes-4.jpg\",\"datePublished\":\"2024-03-21T12:51:56+00:00\",\"dateModified\":\"2024-12-13T04:44:45+00:00\",\"description\":\"Obtenga temas innovadores de WordPress a un precio asequible. Encuentre dise\u00f1os \u00fanicos con opciones y funciones personalizables. \u00a1Obtenga m\u00e1s informaci\u00f3n sobre nosotros!\",\"breadcrumb\":{\"@id\":\"https:\/\/www.cyan-dolphin-864669.hostingersite.com\/es\/acerca-de\/#breadcrumb\"},\"inLanguage\":\"es\",\"potentialAction\":[{\"@type\":\"ReadAction\",\"target\":[\"https:\/\/www.cyan-dolphin-864669.hostingersite.com\/es\/acerca-de\/\"]}]},{\"@type\":\"ImageObject\",\"inLanguage\":\"es\",\"@id\":\"https:\/\/www.cyan-dolphin-864669.hostingersite.com\/es\/acerca-de\/#primaryimage\",\"url\":\"https:\/\/themeholt.com\/wp-content\/uploads\/2023\/02\/Best-WordPress-Child-Themes-4.jpg\",\"contentUrl\":\"https:\/\/themeholt.com\/wp-content\/uploads\/2023\/02\/Best-WordPress-Child-Themes-4.jpg\",\"width\":1680,\"height\":924},{\"@type\":\"BreadcrumbList\",\"@id\":\"https:\/\/www.cyan-dolphin-864669.hostingersite.com\/es\/acerca-de\/#breadcrumb\",\"itemListElement\":[{\"@type\":\"ListItem\",\"position\":1,\"name\":\"Home\",\"item\":\"https:\/\/themeholt.com\/es\/\"},{\"@type\":\"ListItem\",\"position\":2,\"name\":\"Acerca de\"}]},{\"@type\":\"WebSite\",\"@id\":\"https:\/\/themeholt.com\/#website\",\"url\":\"https:\/\/themeholt.com\/\",\"name\":\"ThemeHolt\",\"description\":\"Themeholt is a website that offers high-quality WordPress themes\",\"publisher\":{\"@id\":\"https:\/\/themeholt.com\/#organization\"},\"potentialAction\":[{\"@type\":\"SearchAction\",\"target\":{\"@type\":\"EntryPoint\",\"urlTemplate\":\"https:\/\/themeholt.com\/?s={search_term_string}\"},\"query-input\":{\"@type\":\"PropertyValueSpecification\",\"valueRequired\":true,\"valueName\":\"search_term_string\"}}],\"inLanguage\":\"es\"},{\"@type\":\"Organization\",\"@id\":\"https:\/\/themeholt.com\/#organization\",\"name\":\"ThemeHolt\",\"alternateName\":\"ThemeHolt\",\"url\":\"https:\/\/themeholt.com\/\",\"logo\":{\"@type\":\"ImageObject\",\"inLanguage\":\"es\",\"@id\":\"https:\/\/themeholt.com\/#\/schema\/logo\/image\/\",\"url\":\"https:\/\/themeholt.com\/wp-content\/uploads\/2024\/10\/themeholt.png\",\"contentUrl\":\"https:\/\/themeholt.com\/wp-content\/uploads\/2024\/10\/themeholt.png\",\"width\":225,\"height\":225,\"caption\":\"ThemeHolt\"},\"image\":{\"@id\":\"https:\/\/themeholt.com\/#\/schema\/logo\/image\/\"},\"sameAs\":[\"https:\/\/www.facebook.com\/themeholtT\",\"https:\/\/x.com\/ThemeholtT\",\"https:\/\/www.linkedin.com\/company\/themeholt\",\"https:\/\/www.instagram.com\/themeholtt\/\"],\"description\":\"Themeholt is a website that offers high-quality WordPress themes that are easy to use and ready for just about everything. In Eindhoven, Netherlands, since 2020 offering simple, accessible WordPress themes by providing a variety of requirements. Themeholt focuses on practicality and efficiency, allowing faster project completion with its superior marketplace and easy-to-use templates.\",\"legalName\":\"ThemeHolt\",\"foundingDate\":\"2022-11-10\",\"numberOfEmployees\":{\"@type\":\"QuantitativeValue\",\"minValue\":\"51\",\"maxValue\":\"200\"}}]}<\/script>\n<!-- \/ Yoast SEO Premium plugin. -->","yoast_head_json":{"title":"Acerca de - Temas innovadores de WordPress | Themeholt","description":"Obtenga temas innovadores de WordPress a un precio asequible. Encuentre dise\u00f1os \u00fanicos con opciones y funciones personalizables. \u00a1Obtenga m\u00e1s informaci\u00f3n sobre nosotros!","robots":{"index":"index","follow":"follow","max-snippet":"max-snippet:-1","max-image-preview":"max-image-preview:large","max-video-preview":"max-video-preview:-1"},"canonical":"https:\/\/www.cyan-dolphin-864669.hostingersite.com\/es\/acerca-de\/","og_locale":"es_ES","og_type":"article","og_title":"Acerca de","og_description":"Obtenga temas innovadores de WordPress a un precio asequible. Encuentre dise\u00f1os \u00fanicos con opciones y funciones personalizables. \u00a1Obtenga m\u00e1s informaci\u00f3n sobre nosotros!","og_url":"https:\/\/www.cyan-dolphin-864669.hostingersite.com\/es\/acerca-de\/","og_site_name":"ThemeHolt","article_publisher":"https:\/\/www.facebook.com\/themeholtT","article_modified_time":"2024-12-13T04:44:45+00:00","og_image":[{"width":1680,"height":924,"url":"https:\/\/www.cyan-dolphin-864669.hostingersite.com\/wp-content\/uploads\/2023\/02\/Best-WordPress-Child-Themes-4.jpg","type":"image\/jpeg"}],"twitter_card":"summary_large_image","twitter_site":"@ThemeholtT","twitter_misc":{"Tiempo de lectura":"4 minutos"},"schema":{"@context":"https:\/\/schema.org","@graph":[{"@type":["WebPage","AboutPage"],"@id":"https:\/\/www.cyan-dolphin-864669.hostingersite.com\/es\/acerca-de\/","url":"https:\/\/www.cyan-dolphin-864669.hostingersite.com\/es\/acerca-de\/","name":"Acerca de - Temas innovadores de WordPress | Themeholt","isPartOf":{"@id":"https:\/\/themeholt.com\/#website"},"primaryImageOfPage":{"@id":"https:\/\/www.cyan-dolphin-864669.hostingersite.com\/es\/acerca-de\/#primaryimage"},"image":{"@id":"https:\/\/www.cyan-dolphin-864669.hostingersite.com\/es\/acerca-de\/#primaryimage"},"thumbnailUrl":"https:\/\/themeholt.com\/wp-content\/uploads\/2023\/02\/Best-WordPress-Child-Themes-4.jpg","datePublished":"2024-03-21T12:51:56+00:00","dateModified":"2024-12-13T04:44:45+00:00","description":"Obtenga temas innovadores de WordPress a un precio asequible. Encuentre dise\u00f1os \u00fanicos con opciones y funciones personalizables. \u00a1Obtenga m\u00e1s informaci\u00f3n sobre nosotros!","breadcrumb":{"@id":"https:\/\/www.cyan-dolphin-864669.hostingersite.com\/es\/acerca-de\/#breadcrumb"},"inLanguage":"es","potentialAction":[{"@type":"ReadAction","target":["https:\/\/www.cyan-dolphin-864669.hostingersite.com\/es\/acerca-de\/"]}]},{"@type":"ImageObject","inLanguage":"es","@id":"https:\/\/www.cyan-dolphin-864669.hostingersite.com\/es\/acerca-de\/#primaryimage","url":"https:\/\/themeholt.com\/wp-content\/uploads\/2023\/02\/Best-WordPress-Child-Themes-4.jpg","contentUrl":"https:\/\/themeholt.com\/wp-content\/uploads\/2023\/02\/Best-WordPress-Child-Themes-4.jpg","width":1680,"height":924},{"@type":"BreadcrumbList","@id":"https:\/\/www.cyan-dolphin-864669.hostingersite.com\/es\/acerca-de\/#breadcrumb","itemListElement":[{"@type":"ListItem","position":1,"name":"Home","item":"https:\/\/themeholt.com\/es\/"},{"@type":"ListItem","position":2,"name":"Acerca de"}]},{"@type":"WebSite","@id":"https:\/\/themeholt.com\/#website","url":"https:\/\/themeholt.com\/","name":"ThemeHolt","description":"Themeholt is a website that offers high-quality WordPress themes","publisher":{"@id":"https:\/\/themeholt.com\/#organization"},"potentialAction":[{"@type":"SearchAction","target":{"@type":"EntryPoint","urlTemplate":"https:\/\/themeholt.com\/?s={search_term_string}"},"query-input":{"@type":"PropertyValueSpecification","valueRequired":true,"valueName":"search_term_string"}}],"inLanguage":"es"},{"@type":"Organization","@id":"https:\/\/themeholt.com\/#organization","name":"ThemeHolt","alternateName":"ThemeHolt","url":"https:\/\/themeholt.com\/","logo":{"@type":"ImageObject","inLanguage":"es","@id":"https:\/\/themeholt.com\/#\/schema\/logo\/image\/","url":"https:\/\/themeholt.com\/wp-content\/uploads\/2024\/10\/themeholt.png","contentUrl":"https:\/\/themeholt.com\/wp-content\/uploads\/2024\/10\/themeholt.png","width":225,"height":225,"caption":"ThemeHolt"},"image":{"@id":"https:\/\/themeholt.com\/#\/schema\/logo\/image\/"},"sameAs":["https:\/\/www.facebook.com\/themeholtT","https:\/\/x.com\/ThemeholtT","https:\/\/www.linkedin.com\/company\/themeholt","https:\/\/www.instagram.com\/themeholtt\/"],"description":"Themeholt is a website that offers high-quality WordPress themes that are easy to use and ready for just about everything. In Eindhoven, Netherlands, since 2020 offering simple, accessible WordPress themes by providing a variety of requirements. Themeholt focuses on practicality and efficiency, allowing faster project completion with its superior marketplace and easy-to-use templates.","legalName":"ThemeHolt","foundingDate":"2022-11-10","numberOfEmployees":{"@type":"QuantitativeValue","minValue":"51","maxValue":"200"}}]}},"_links":{"self":[{"href":"https:\/\/themeholt.com\/es\/wp-json\/wp\/v2\/pages\/30245","targetHints":{"allow":["GET"]}}],"collection":[{"href":"https:\/\/themeholt.com\/es\/wp-json\/wp\/v2\/pages"}],"about":[{"href":"https:\/\/themeholt.com\/es\/wp-json\/wp\/v2\/types\/page"}],"author":[{"embeddable":true,"href":"https:\/\/themeholt.com\/es\/wp-json\/wp\/v2\/users\/4"}],"replies":[{"embeddable":true,"href":"https:\/\/themeholt.com\/es\/wp-json\/wp\/v2\/comments?post=30245"}],"version-history":[{"count":1,"href":"https:\/\/themeholt.com\/es\/wp-json\/wp\/v2\/pages\/30245\/revisions"}],"predecessor-version":[{"id":30252,"href":"https:\/\/themeholt.com\/es\/wp-json\/wp\/v2\/pages\/30245\/revisions\/30252"}],"wp:featuredmedia":[{"embeddable":true,"href":"https:\/\/themeholt.com\/es\/wp-json\/wp\/v2\/media\/30247"}],"wp:attachment":[{"href":"https:\/\/themeholt.com\/es\/wp-json\/wp\/v2\/media?parent=30245"}],"curies":[{"name":"wp","href":"https:\/\/api.w.org\/{rel}","templated":true}]}}