{"id":17645,"date":"2024-04-01T05:20:34","date_gmt":"2024-04-01T05:20:34","guid":{"rendered":"https:\/\/themeholt.com\/product\/appik-responsive-app-muse-template\/"},"modified":"2024-11-05T10:30:17","modified_gmt":"2024-11-05T10:30:17","slug":"appik-plantilla-muse-para-aplicacion-responsiva","status":"publish","type":"product","link":"https:\/\/themeholt.com\/es\/product\/appik-plantilla-muse-para-aplicacion-responsiva\/","title":{"rendered":"Appik &#8211; Plantilla muse para aplicaci\u00f3n responsiva"},"content":{"rendered":"<p><span style=\"font-weight: 400\">La moderna y elegante plantilla Appik &#8211; Responsive App Muse fue creada espec\u00edficamente para mostrar aplicaciones m\u00f3viles. Con su dise\u00f1o responsivo, su aplicaci\u00f3n se ver\u00e1 incre\u00edble en cualquier dispositivo, desde tel\u00e9fonos inteligentes hasta tabletas y computadoras de escritorio. Es f\u00e1cil para los usuarios conocer las caracter\u00edsticas y funcionalidades de su aplicaci\u00f3n debido al dise\u00f1o simple de la plantilla, los colores vibrantes y la navegaci\u00f3n sencilla. <\/span><\/p>\n<p><span style=\"font-weight: 400\">Appik ofrece el lugar ideal para mostrar los puntos de venta \u00fanicos de su aplicaci\u00f3n y atraer nuevos clientes, ya sea que est\u00e9 publicitando una nueva plataforma de redes sociales, una herramienta de productividad o un software de juegos.<\/span><\/p>\n","protected":false},"excerpt":{"rendered":"<ul>\n<li style=\"font-weight: 400\"><span style=\"font-weight: 400\">Dise\u00f1o moderno<\/span><\/li>\n<li style=\"font-weight: 400\"><span style=\"font-weight: 400\">Capacidad de respuesta m\u00f3vil<\/span><\/li>\n<li style=\"font-weight: 400\"><span style=\"font-weight: 400\">Opciones de personalizaci\u00f3n<\/span><\/li>\n<li style=\"font-weight: 400\"><span style=\"font-weight: 400\">Capacidades de integraci\u00f3n<\/span><\/li>\n<li style=\"font-weight: 400\"><span style=\"font-weight: 400\">Compatible con SEO<\/span><\/li>\n<li style=\"font-weight: 400\"><span style=\"font-weight: 400\">Atenci\u00f3n al cliente<\/span><\/li>\n<li style=\"font-weight: 400\"><span style=\"font-weight: 400\">Versatilidad<\/span><\/li>\n<li style=\"font-weight: 400\"><span style=\"font-weight: 400\">Funciones de generaci\u00f3n de clientes potenciales<\/span><\/li>\n<\/ul>\n","protected":false},"featured_media":17647,"template":"","meta":{"_acf_changed":false,"inline_featured_image":false},"product_brand":[],"product_cat":[1767,329],"product_tag":[],"class_list":{"0":"post-17645","1":"product","2":"type-product","3":"status-publish","4":"has-post-thumbnail","6":"product_cat-landing-pages-ru","7":"product_cat-landing-pages","9":"first","10":"instock","11":"sale","12":"downloadable","13":"taxable","14":"shipping-taxable","15":"purchasable","16":"product-type-simple"},"acf":[],"yoast_head":"<!-- This site is optimized with the Yoast SEO Premium plugin v22.1 (Yoast SEO v26.0) - https:\/\/yoast.com\/wordpress\/plugins\/seo\/ -->\n<title>Temas de WordPress | Plantilla de aplicaci\u00f3n responsiva<\/title>\n<meta name=\"description\" content=\"Consigue la plantilla de aplicaci\u00f3n responsiva para una apariencia moderna y actual. Es f\u00e1cil de usar, personalizable y perfecta para crear sitios web profesionales. \u00a1C\u00f3mprala ahora!\" \/>\n<meta name=\"robots\" content=\"index, follow, max-snippet:-1, max-image-preview:large, max-video-preview:-1\" \/>\n<link rel=\"canonical\" href=\"https:\/\/themeholt.com\/es\/product\/appik-plantilla-muse-para-aplicacion-responsiva\/\" \/>\n<meta property=\"og:locale\" content=\"es_ES\" \/>\n<meta property=\"og:type\" content=\"article\" \/>\n<meta property=\"og:title\" content=\"Appik - Plantilla muse para aplicaci\u00f3n responsiva\" \/>\n<meta property=\"og:description\" content=\"Consigue la plantilla de aplicaci\u00f3n responsiva para una apariencia moderna y actual. Es f\u00e1cil de usar, personalizable y perfecta para crear sitios web profesionales. \u00a1C\u00f3mprala ahora!\" \/>\n<meta property=\"og:url\" content=\"https:\/\/themeholt.com\/es\/product\/appik-plantilla-muse-para-aplicacion-responsiva\/\" \/>\n<meta property=\"og:site_name\" content=\"ThemeHolt\" \/>\n<meta property=\"article:publisher\" content=\"https:\/\/www.facebook.com\/themeholtT\" \/>\n<meta property=\"article:modified_time\" content=\"2024-11-05T10:30:17+00:00\" \/>\n<meta property=\"og:image\" content=\"https:\/\/themeholt.com\/wp-content\/uploads\/2024\/04\/Home.png\" \/>\n\t<meta property=\"og:image:width\" content=\"1358\" \/>\n\t<meta property=\"og:image:height\" content=\"1125\" \/>\n\t<meta property=\"og:image:type\" content=\"image\/png\" \/>\n<meta name=\"twitter:card\" content=\"summary_large_image\" \/>\n<meta name=\"twitter:site\" content=\"@ThemeholtT\" \/>\n<meta name=\"twitter:label1\" content=\"Tiempo de lectura\" \/>\n\t<meta name=\"twitter:data1\" content=\"1 minuto\" \/>\n<script type=\"application\/ld+json\" class=\"yoast-schema-graph\">{\"@context\":\"https:\/\/schema.org\",\"@graph\":[{\"@type\":\"WebPage\",\"@id\":\"https:\/\/themeholt.com\/es\/product\/appik-plantilla-muse-para-aplicacion-responsiva\/\",\"url\":\"https:\/\/themeholt.com\/es\/product\/appik-plantilla-muse-para-aplicacion-responsiva\/\",\"name\":\"Temas de WordPress | Plantilla de aplicaci\u00f3n responsiva\",\"isPartOf\":{\"@id\":\"https:\/\/themeholt.com\/#website\"},\"primaryImageOfPage\":{\"@id\":\"https:\/\/themeholt.com\/es\/product\/appik-plantilla-muse-para-aplicacion-responsiva\/#primaryimage\"},\"image\":{\"@id\":\"https:\/\/themeholt.com\/es\/product\/appik-plantilla-muse-para-aplicacion-responsiva\/#primaryimage\"},\"thumbnailUrl\":\"https:\/\/themeholt.com\/wp-content\/uploads\/2024\/04\/Home.png\",\"datePublished\":\"2024-04-01T05:20:34+00:00\",\"dateModified\":\"2024-11-05T10:30:17+00:00\",\"description\":\"Consigue la plantilla de aplicaci\u00f3n responsiva para una apariencia moderna y actual. Es f\u00e1cil de usar, personalizable y perfecta para crear sitios web profesionales. \u00a1C\u00f3mprala ahora!\",\"breadcrumb\":{\"@id\":\"https:\/\/themeholt.com\/es\/product\/appik-plantilla-muse-para-aplicacion-responsiva\/#breadcrumb\"},\"inLanguage\":\"es\",\"potentialAction\":[{\"@type\":\"ReadAction\",\"target\":[\"https:\/\/themeholt.com\/es\/product\/appik-plantilla-muse-para-aplicacion-responsiva\/\"]}]},{\"@type\":\"ImageObject\",\"inLanguage\":\"es\",\"@id\":\"https:\/\/themeholt.com\/es\/product\/appik-plantilla-muse-para-aplicacion-responsiva\/#primaryimage\",\"url\":\"https:\/\/themeholt.com\/wp-content\/uploads\/2024\/04\/Home.png\",\"contentUrl\":\"https:\/\/themeholt.com\/wp-content\/uploads\/2024\/04\/Home.png\",\"width\":1358,\"height\":1125},{\"@type\":\"BreadcrumbList\",\"@id\":\"https:\/\/themeholt.com\/es\/product\/appik-plantilla-muse-para-aplicacion-responsiva\/#breadcrumb\",\"itemListElement\":[{\"@type\":\"ListItem\",\"position\":1,\"name\":\"Home\",\"item\":\"https:\/\/themeholt.com\/es\/\"},{\"@type\":\"ListItem\",\"position\":2,\"name\":\"Shop\",\"item\":\"https:\/\/themeholt.com\/shop\/\"},{\"@type\":\"ListItem\",\"position\":3,\"name\":\"Appik &#8211; Plantilla muse para aplicaci\u00f3n responsiva\"}]},{\"@type\":\"WebSite\",\"@id\":\"https:\/\/themeholt.com\/#website\",\"url\":\"https:\/\/themeholt.com\/\",\"name\":\"ThemeHolt\",\"description\":\"Themeholt is a website that offers high-quality WordPress themes\",\"publisher\":{\"@id\":\"https:\/\/themeholt.com\/#organization\"},\"potentialAction\":[{\"@type\":\"SearchAction\",\"target\":{\"@type\":\"EntryPoint\",\"urlTemplate\":\"https:\/\/themeholt.com\/?s={search_term_string}\"},\"query-input\":{\"@type\":\"PropertyValueSpecification\",\"valueRequired\":true,\"valueName\":\"search_term_string\"}}],\"inLanguage\":\"es\"},{\"@type\":\"Organization\",\"@id\":\"https:\/\/themeholt.com\/#organization\",\"name\":\"ThemeHolt\",\"alternateName\":\"ThemeHolt\",\"url\":\"https:\/\/themeholt.com\/\",\"logo\":{\"@type\":\"ImageObject\",\"inLanguage\":\"es\",\"@id\":\"https:\/\/themeholt.com\/#\/schema\/logo\/image\/\",\"url\":\"https:\/\/themeholt.com\/wp-content\/uploads\/2024\/10\/themeholt.png\",\"contentUrl\":\"https:\/\/themeholt.com\/wp-content\/uploads\/2024\/10\/themeholt.png\",\"width\":225,\"height\":225,\"caption\":\"ThemeHolt\"},\"image\":{\"@id\":\"https:\/\/themeholt.com\/#\/schema\/logo\/image\/\"},\"sameAs\":[\"https:\/\/www.facebook.com\/themeholtT\",\"https:\/\/x.com\/ThemeholtT\",\"https:\/\/www.linkedin.com\/company\/themeholt\",\"https:\/\/www.instagram.com\/themeholtt\/\"],\"description\":\"Themeholt is a website that offers high-quality WordPress themes that are easy to use and ready for just about everything. In Eindhoven, Netherlands, since 2020 offering simple, accessible WordPress themes by providing a variety of requirements. Themeholt focuses on practicality and efficiency, allowing faster project completion with its superior marketplace and easy-to-use templates.\",\"legalName\":\"ThemeHolt\",\"foundingDate\":\"2022-11-10\",\"numberOfEmployees\":{\"@type\":\"QuantitativeValue\",\"minValue\":\"51\",\"maxValue\":\"200\"}}]}<\/script>\n<!-- \/ Yoast SEO Premium plugin. -->","yoast_head_json":{"title":"Temas de WordPress | Plantilla de aplicaci\u00f3n responsiva","description":"Consigue la plantilla de aplicaci\u00f3n responsiva para una apariencia moderna y actual. Es f\u00e1cil de usar, personalizable y perfecta para crear sitios web profesionales. \u00a1C\u00f3mprala ahora!","robots":{"index":"index","follow":"follow","max-snippet":"max-snippet:-1","max-image-preview":"max-image-preview:large","max-video-preview":"max-video-preview:-1"},"canonical":"https:\/\/themeholt.com\/es\/product\/appik-plantilla-muse-para-aplicacion-responsiva\/","og_locale":"es_ES","og_type":"article","og_title":"Appik - Plantilla muse para aplicaci\u00f3n responsiva","og_description":"Consigue la plantilla de aplicaci\u00f3n responsiva para una apariencia moderna y actual. Es f\u00e1cil de usar, personalizable y perfecta para crear sitios web profesionales. \u00a1C\u00f3mprala ahora!","og_url":"https:\/\/themeholt.com\/es\/product\/appik-plantilla-muse-para-aplicacion-responsiva\/","og_site_name":"ThemeHolt","article_publisher":"https:\/\/www.facebook.com\/themeholtT","article_modified_time":"2024-11-05T10:30:17+00:00","og_image":[{"width":1358,"height":1125,"url":"https:\/\/themeholt.com\/wp-content\/uploads\/2024\/04\/Home.png","type":"image\/png"}],"twitter_card":"summary_large_image","twitter_site":"@ThemeholtT","twitter_misc":{"Tiempo de lectura":"1 minuto"},"schema":{"@context":"https:\/\/schema.org","@graph":[{"@type":"WebPage","@id":"https:\/\/themeholt.com\/es\/product\/appik-plantilla-muse-para-aplicacion-responsiva\/","url":"https:\/\/themeholt.com\/es\/product\/appik-plantilla-muse-para-aplicacion-responsiva\/","name":"Temas de WordPress | Plantilla de aplicaci\u00f3n responsiva","isPartOf":{"@id":"https:\/\/themeholt.com\/#website"},"primaryImageOfPage":{"@id":"https:\/\/themeholt.com\/es\/product\/appik-plantilla-muse-para-aplicacion-responsiva\/#primaryimage"},"image":{"@id":"https:\/\/themeholt.com\/es\/product\/appik-plantilla-muse-para-aplicacion-responsiva\/#primaryimage"},"thumbnailUrl":"https:\/\/themeholt.com\/wp-content\/uploads\/2024\/04\/Home.png","datePublished":"2024-04-01T05:20:34+00:00","dateModified":"2024-11-05T10:30:17+00:00","description":"Consigue la plantilla de aplicaci\u00f3n responsiva para una apariencia moderna y actual. Es f\u00e1cil de usar, personalizable y perfecta para crear sitios web profesionales. \u00a1C\u00f3mprala ahora!","breadcrumb":{"@id":"https:\/\/themeholt.com\/es\/product\/appik-plantilla-muse-para-aplicacion-responsiva\/#breadcrumb"},"inLanguage":"es","potentialAction":[{"@type":"ReadAction","target":["https:\/\/themeholt.com\/es\/product\/appik-plantilla-muse-para-aplicacion-responsiva\/"]}]},{"@type":"ImageObject","inLanguage":"es","@id":"https:\/\/themeholt.com\/es\/product\/appik-plantilla-muse-para-aplicacion-responsiva\/#primaryimage","url":"https:\/\/themeholt.com\/wp-content\/uploads\/2024\/04\/Home.png","contentUrl":"https:\/\/themeholt.com\/wp-content\/uploads\/2024\/04\/Home.png","width":1358,"height":1125},{"@type":"BreadcrumbList","@id":"https:\/\/themeholt.com\/es\/product\/appik-plantilla-muse-para-aplicacion-responsiva\/#breadcrumb","itemListElement":[{"@type":"ListItem","position":1,"name":"Home","item":"https:\/\/themeholt.com\/es\/"},{"@type":"ListItem","position":2,"name":"Shop","item":"https:\/\/themeholt.com\/shop\/"},{"@type":"ListItem","position":3,"name":"Appik &#8211; Plantilla muse para aplicaci\u00f3n responsiva"}]},{"@type":"WebSite","@id":"https:\/\/themeholt.com\/#website","url":"https:\/\/themeholt.com\/","name":"ThemeHolt","description":"Themeholt is a website that offers high-quality WordPress themes","publisher":{"@id":"https:\/\/themeholt.com\/#organization"},"potentialAction":[{"@type":"SearchAction","target":{"@type":"EntryPoint","urlTemplate":"https:\/\/themeholt.com\/?s={search_term_string}"},"query-input":{"@type":"PropertyValueSpecification","valueRequired":true,"valueName":"search_term_string"}}],"inLanguage":"es"},{"@type":"Organization","@id":"https:\/\/themeholt.com\/#organization","name":"ThemeHolt","alternateName":"ThemeHolt","url":"https:\/\/themeholt.com\/","logo":{"@type":"ImageObject","inLanguage":"es","@id":"https:\/\/themeholt.com\/#\/schema\/logo\/image\/","url":"https:\/\/themeholt.com\/wp-content\/uploads\/2024\/10\/themeholt.png","contentUrl":"https:\/\/themeholt.com\/wp-content\/uploads\/2024\/10\/themeholt.png","width":225,"height":225,"caption":"ThemeHolt"},"image":{"@id":"https:\/\/themeholt.com\/#\/schema\/logo\/image\/"},"sameAs":["https:\/\/www.facebook.com\/themeholtT","https:\/\/x.com\/ThemeholtT","https:\/\/www.linkedin.com\/company\/themeholt","https:\/\/www.instagram.com\/themeholtt\/"],"description":"Themeholt is a website that offers high-quality WordPress themes that are easy to use and ready for just about everything. In Eindhoven, Netherlands, since 2020 offering simple, accessible WordPress themes by providing a variety of requirements. Themeholt focuses on practicality and efficiency, allowing faster project completion with its superior marketplace and easy-to-use templates.","legalName":"ThemeHolt","foundingDate":"2022-11-10","numberOfEmployees":{"@type":"QuantitativeValue","minValue":"51","maxValue":"200"}}]}},"_links":{"self":[{"href":"https:\/\/themeholt.com\/es\/wp-json\/wp\/v2\/product\/17645","targetHints":{"allow":["GET"]}}],"collection":[{"href":"https:\/\/themeholt.com\/es\/wp-json\/wp\/v2\/product"}],"about":[{"href":"https:\/\/themeholt.com\/es\/wp-json\/wp\/v2\/types\/product"}],"wp:featuredmedia":[{"embeddable":true,"href":"https:\/\/themeholt.com\/es\/wp-json\/wp\/v2\/media\/17647"}],"wp:attachment":[{"href":"https:\/\/themeholt.com\/es\/wp-json\/wp\/v2\/media?parent=17645"}],"wp:term":[{"taxonomy":"product_brand","embeddable":true,"href":"https:\/\/themeholt.com\/es\/wp-json\/wp\/v2\/product_brand?post=17645"},{"taxonomy":"product_cat","embeddable":true,"href":"https:\/\/themeholt.com\/es\/wp-json\/wp\/v2\/product_cat?post=17645"},{"taxonomy":"product_tag","embeddable":true,"href":"https:\/\/themeholt.com\/es\/wp-json\/wp\/v2\/product_tag?post=17645"}],"curies":[{"name":"wp","href":"https:\/\/api.w.org\/{rel}","templated":true}]}}