{"id":17685,"date":"2024-04-01T05:13:35","date_gmt":"2024-04-01T05:13:35","guid":{"rendered":"https:\/\/themeholt.com\/product\/foodera-unbounce-food-landing-page-template\/"},"modified":"2024-11-05T10:57:47","modified_gmt":"2024-11-05T10:57:47","slug":"foodera-plantilla-de-pagina-de-destino-de-alimentos-de-unbounce","status":"publish","type":"product","link":"https:\/\/themeholt.com\/es\/product\/foodera-plantilla-de-pagina-de-destino-de-alimentos-de-unbounce\/","title":{"rendered":"Foodera: plantilla de p\u00e1gina de destino de alimentos de Unbounce"},"content":{"rendered":"<p><span style=\"font-weight: 400\">La plantilla de p\u00e1gina de destino de alimentos Foodera Unbounce es una forma moderna y eficaz de destacar los negocios que trabajan con alimentos. Gracias a su dise\u00f1o innovador y responsivo, su sitio web se ver\u00e1 genial en todas las pantallas, incluidas las computadoras de escritorio y los tel\u00e9fonos m\u00f3viles. Puede mostrar simplemente sus ofertas e interactuar con los consumidores potenciales con \u00e1reas para testimonios, formularios de contacto y men\u00fas que est\u00e1n todos personalizados. Ya sea que est\u00e9n buscando el men\u00fa de su restaurante o quieran hacer una reserva en l\u00ednea, los visitantes pueden descubrir f\u00e1cilmente la informaci\u00f3n que necesitan. <\/span><\/p>\n<p><span style=\"font-weight: 400\">Gracias a la estructura clara y la navegaci\u00f3n sencilla de la plantilla, Foodera se ha ajustado tanto para la velocidad como para la optimizaci\u00f3n de los motores de b\u00fasqueda. Esto ayuda a que su sitio web tenga una clasificaci\u00f3n m\u00e1s alta en los resultados de los motores de b\u00fasqueda y brinda a los visitantes una experiencia de navegaci\u00f3n sencilla.<\/span><\/p>\n","protected":false},"excerpt":{"rendered":"<ul>\n<li style=\"font-weight: 400\"><span style=\"font-weight: 400\">Dise\u00f1o moderno<\/span><\/li>\n<li style=\"font-weight: 400\"><span style=\"font-weight: 400\">Capacidad de respuesta m\u00f3vil<\/span><\/li>\n<li style=\"font-weight: 400\"><span style=\"font-weight: 400\">Opciones de personalizaci\u00f3n<\/span><\/li>\n<li style=\"font-weight: 400\"><span style=\"font-weight: 400\">Capacidades de integraci\u00f3n<\/span><\/li>\n<li style=\"font-weight: 400\"><span style=\"font-weight: 400\">Compatible con SEO<\/span><\/li>\n<li style=\"font-weight: 400\"><span style=\"font-weight: 400\">Atenci\u00f3n al cliente<\/span><\/li>\n<li style=\"font-weight: 400\"><span style=\"font-weight: 400\">Funciones de generaci\u00f3n de clientes potenciales<\/span><\/li>\n<\/ul>\n","protected":false},"featured_media":17687,"template":"","meta":{"_acf_changed":false,"inline_featured_image":false},"product_brand":[],"product_cat":[1767,329],"product_tag":[],"class_list":{"0":"post-17685","1":"product","2":"type-product","3":"status-publish","4":"has-post-thumbnail","6":"product_cat-landing-pages-ru","7":"product_cat-landing-pages","9":"first","10":"instock","11":"sale","12":"downloadable","13":"taxable","14":"shipping-taxable","15":"purchasable","16":"product-type-simple"},"acf":[],"yoast_head":"<!-- This site is optimized with the Yoast SEO Premium plugin v22.1 (Yoast SEO v26.0) - https:\/\/yoast.com\/wordpress\/plugins\/seo\/ -->\n<title>Plantilla de p\u00e1gina de destino de comida | Themeholt<\/title>\n<meta name=\"description\" content=\"Cree f\u00e1cilmente un sitio web con nuestra plantilla de p\u00e1gina de destino de alimentos. Muestre sus platos de manera hermosa. Dise\u00f1o personalizable y adaptable para su negocio de alimentos.\" \/>\n<meta name=\"robots\" content=\"index, follow, max-snippet:-1, max-image-preview:large, max-video-preview:-1\" \/>\n<link rel=\"canonical\" href=\"https:\/\/themeholt.com\/es\/product\/foodera-plantilla-de-pagina-de-destino-de-alimentos-de-unbounce\/\" \/>\n<meta property=\"og:locale\" content=\"es_ES\" \/>\n<meta property=\"og:type\" content=\"article\" \/>\n<meta property=\"og:title\" content=\"Foodera: plantilla de p\u00e1gina de destino de alimentos de Unbounce\" \/>\n<meta property=\"og:description\" content=\"Cree f\u00e1cilmente un sitio web con nuestra plantilla de p\u00e1gina de destino de alimentos. Muestre sus platos de manera hermosa. Dise\u00f1o personalizable y adaptable para su negocio de alimentos.\" \/>\n<meta property=\"og:url\" content=\"https:\/\/themeholt.com\/es\/product\/foodera-plantilla-de-pagina-de-destino-de-alimentos-de-unbounce\/\" \/>\n<meta property=\"og:site_name\" content=\"ThemeHolt\" \/>\n<meta property=\"article:publisher\" content=\"https:\/\/www.facebook.com\/themeholtT\" \/>\n<meta property=\"article:modified_time\" content=\"2024-11-05T10:57:47+00:00\" \/>\n<meta property=\"og:image\" content=\"https:\/\/themeholt.com\/wp-content\/uploads\/2024\/04\/unbouncepages-com-foodera-storefront-envato-elements.png\" \/>\n\t<meta property=\"og:image:width\" content=\"1365\" \/>\n\t<meta property=\"og:image:height\" content=\"851\" \/>\n\t<meta property=\"og:image:type\" content=\"image\/png\" \/>\n<meta name=\"twitter:card\" content=\"summary_large_image\" \/>\n<meta name=\"twitter:site\" content=\"@ThemeholtT\" \/>\n<meta name=\"twitter:label1\" content=\"Tiempo de lectura\" \/>\n\t<meta name=\"twitter:data1\" content=\"1 minuto\" \/>\n<script type=\"application\/ld+json\" class=\"yoast-schema-graph\">{\"@context\":\"https:\/\/schema.org\",\"@graph\":[{\"@type\":\"WebPage\",\"@id\":\"https:\/\/themeholt.com\/es\/product\/foodera-plantilla-de-pagina-de-destino-de-alimentos-de-unbounce\/\",\"url\":\"https:\/\/themeholt.com\/es\/product\/foodera-plantilla-de-pagina-de-destino-de-alimentos-de-unbounce\/\",\"name\":\"Plantilla de p\u00e1gina de destino de comida | Themeholt\",\"isPartOf\":{\"@id\":\"https:\/\/themeholt.com\/#website\"},\"primaryImageOfPage\":{\"@id\":\"https:\/\/themeholt.com\/es\/product\/foodera-plantilla-de-pagina-de-destino-de-alimentos-de-unbounce\/#primaryimage\"},\"image\":{\"@id\":\"https:\/\/themeholt.com\/es\/product\/foodera-plantilla-de-pagina-de-destino-de-alimentos-de-unbounce\/#primaryimage\"},\"thumbnailUrl\":\"https:\/\/themeholt.com\/wp-content\/uploads\/2024\/04\/unbouncepages-com-foodera-storefront-envato-elements.png\",\"datePublished\":\"2024-04-01T05:13:35+00:00\",\"dateModified\":\"2024-11-05T10:57:47+00:00\",\"description\":\"Cree f\u00e1cilmente un sitio web con nuestra plantilla de p\u00e1gina de destino de alimentos. Muestre sus platos de manera hermosa. Dise\u00f1o personalizable y adaptable para su negocio de alimentos.\",\"breadcrumb\":{\"@id\":\"https:\/\/themeholt.com\/es\/product\/foodera-plantilla-de-pagina-de-destino-de-alimentos-de-unbounce\/#breadcrumb\"},\"inLanguage\":\"es\",\"potentialAction\":[{\"@type\":\"ReadAction\",\"target\":[\"https:\/\/themeholt.com\/es\/product\/foodera-plantilla-de-pagina-de-destino-de-alimentos-de-unbounce\/\"]}]},{\"@type\":\"ImageObject\",\"inLanguage\":\"es\",\"@id\":\"https:\/\/themeholt.com\/es\/product\/foodera-plantilla-de-pagina-de-destino-de-alimentos-de-unbounce\/#primaryimage\",\"url\":\"https:\/\/themeholt.com\/wp-content\/uploads\/2024\/04\/unbouncepages-com-foodera-storefront-envato-elements.png\",\"contentUrl\":\"https:\/\/themeholt.com\/wp-content\/uploads\/2024\/04\/unbouncepages-com-foodera-storefront-envato-elements.png\",\"width\":1365,\"height\":851},{\"@type\":\"BreadcrumbList\",\"@id\":\"https:\/\/themeholt.com\/es\/product\/foodera-plantilla-de-pagina-de-destino-de-alimentos-de-unbounce\/#breadcrumb\",\"itemListElement\":[{\"@type\":\"ListItem\",\"position\":1,\"name\":\"Home\",\"item\":\"https:\/\/themeholt.com\/es\/\"},{\"@type\":\"ListItem\",\"position\":2,\"name\":\"Shop\",\"item\":\"https:\/\/themeholt.com\/shop\/\"},{\"@type\":\"ListItem\",\"position\":3,\"name\":\"Foodera: plantilla de p\u00e1gina de destino de alimentos de Unbounce\"}]},{\"@type\":\"WebSite\",\"@id\":\"https:\/\/themeholt.com\/#website\",\"url\":\"https:\/\/themeholt.com\/\",\"name\":\"ThemeHolt\",\"description\":\"Themeholt is a website that offers high-quality WordPress themes\",\"publisher\":{\"@id\":\"https:\/\/themeholt.com\/#organization\"},\"potentialAction\":[{\"@type\":\"SearchAction\",\"target\":{\"@type\":\"EntryPoint\",\"urlTemplate\":\"https:\/\/themeholt.com\/?s={search_term_string}\"},\"query-input\":{\"@type\":\"PropertyValueSpecification\",\"valueRequired\":true,\"valueName\":\"search_term_string\"}}],\"inLanguage\":\"es\"},{\"@type\":\"Organization\",\"@id\":\"https:\/\/themeholt.com\/#organization\",\"name\":\"ThemeHolt\",\"alternateName\":\"ThemeHolt\",\"url\":\"https:\/\/themeholt.com\/\",\"logo\":{\"@type\":\"ImageObject\",\"inLanguage\":\"es\",\"@id\":\"https:\/\/themeholt.com\/#\/schema\/logo\/image\/\",\"url\":\"https:\/\/themeholt.com\/wp-content\/uploads\/2024\/10\/themeholt.png\",\"contentUrl\":\"https:\/\/themeholt.com\/wp-content\/uploads\/2024\/10\/themeholt.png\",\"width\":225,\"height\":225,\"caption\":\"ThemeHolt\"},\"image\":{\"@id\":\"https:\/\/themeholt.com\/#\/schema\/logo\/image\/\"},\"sameAs\":[\"https:\/\/www.facebook.com\/themeholtT\",\"https:\/\/x.com\/ThemeholtT\",\"https:\/\/www.linkedin.com\/company\/themeholt\",\"https:\/\/www.instagram.com\/themeholtt\/\"],\"description\":\"Themeholt is a website that offers high-quality WordPress themes that are easy to use and ready for just about everything. In Eindhoven, Netherlands, since 2020 offering simple, accessible WordPress themes by providing a variety of requirements. Themeholt focuses on practicality and efficiency, allowing faster project completion with its superior marketplace and easy-to-use templates.\",\"legalName\":\"ThemeHolt\",\"foundingDate\":\"2022-11-10\",\"numberOfEmployees\":{\"@type\":\"QuantitativeValue\",\"minValue\":\"51\",\"maxValue\":\"200\"}}]}<\/script>\n<!-- \/ Yoast SEO Premium plugin. -->","yoast_head_json":{"title":"Plantilla de p\u00e1gina de destino de comida | Themeholt","description":"Cree f\u00e1cilmente un sitio web con nuestra plantilla de p\u00e1gina de destino de alimentos. Muestre sus platos de manera hermosa. Dise\u00f1o personalizable y adaptable para su negocio de alimentos.","robots":{"index":"index","follow":"follow","max-snippet":"max-snippet:-1","max-image-preview":"max-image-preview:large","max-video-preview":"max-video-preview:-1"},"canonical":"https:\/\/themeholt.com\/es\/product\/foodera-plantilla-de-pagina-de-destino-de-alimentos-de-unbounce\/","og_locale":"es_ES","og_type":"article","og_title":"Foodera: plantilla de p\u00e1gina de destino de alimentos de Unbounce","og_description":"Cree f\u00e1cilmente un sitio web con nuestra plantilla de p\u00e1gina de destino de alimentos. Muestre sus platos de manera hermosa. Dise\u00f1o personalizable y adaptable para su negocio de alimentos.","og_url":"https:\/\/themeholt.com\/es\/product\/foodera-plantilla-de-pagina-de-destino-de-alimentos-de-unbounce\/","og_site_name":"ThemeHolt","article_publisher":"https:\/\/www.facebook.com\/themeholtT","article_modified_time":"2024-11-05T10:57:47+00:00","og_image":[{"width":1365,"height":851,"url":"https:\/\/themeholt.com\/wp-content\/uploads\/2024\/04\/unbouncepages-com-foodera-storefront-envato-elements.png","type":"image\/png"}],"twitter_card":"summary_large_image","twitter_site":"@ThemeholtT","twitter_misc":{"Tiempo de lectura":"1 minuto"},"schema":{"@context":"https:\/\/schema.org","@graph":[{"@type":"WebPage","@id":"https:\/\/themeholt.com\/es\/product\/foodera-plantilla-de-pagina-de-destino-de-alimentos-de-unbounce\/","url":"https:\/\/themeholt.com\/es\/product\/foodera-plantilla-de-pagina-de-destino-de-alimentos-de-unbounce\/","name":"Plantilla de p\u00e1gina de destino de comida | Themeholt","isPartOf":{"@id":"https:\/\/themeholt.com\/#website"},"primaryImageOfPage":{"@id":"https:\/\/themeholt.com\/es\/product\/foodera-plantilla-de-pagina-de-destino-de-alimentos-de-unbounce\/#primaryimage"},"image":{"@id":"https:\/\/themeholt.com\/es\/product\/foodera-plantilla-de-pagina-de-destino-de-alimentos-de-unbounce\/#primaryimage"},"thumbnailUrl":"https:\/\/themeholt.com\/wp-content\/uploads\/2024\/04\/unbouncepages-com-foodera-storefront-envato-elements.png","datePublished":"2024-04-01T05:13:35+00:00","dateModified":"2024-11-05T10:57:47+00:00","description":"Cree f\u00e1cilmente un sitio web con nuestra plantilla de p\u00e1gina de destino de alimentos. Muestre sus platos de manera hermosa. Dise\u00f1o personalizable y adaptable para su negocio de alimentos.","breadcrumb":{"@id":"https:\/\/themeholt.com\/es\/product\/foodera-plantilla-de-pagina-de-destino-de-alimentos-de-unbounce\/#breadcrumb"},"inLanguage":"es","potentialAction":[{"@type":"ReadAction","target":["https:\/\/themeholt.com\/es\/product\/foodera-plantilla-de-pagina-de-destino-de-alimentos-de-unbounce\/"]}]},{"@type":"ImageObject","inLanguage":"es","@id":"https:\/\/themeholt.com\/es\/product\/foodera-plantilla-de-pagina-de-destino-de-alimentos-de-unbounce\/#primaryimage","url":"https:\/\/themeholt.com\/wp-content\/uploads\/2024\/04\/unbouncepages-com-foodera-storefront-envato-elements.png","contentUrl":"https:\/\/themeholt.com\/wp-content\/uploads\/2024\/04\/unbouncepages-com-foodera-storefront-envato-elements.png","width":1365,"height":851},{"@type":"BreadcrumbList","@id":"https:\/\/themeholt.com\/es\/product\/foodera-plantilla-de-pagina-de-destino-de-alimentos-de-unbounce\/#breadcrumb","itemListElement":[{"@type":"ListItem","position":1,"name":"Home","item":"https:\/\/themeholt.com\/es\/"},{"@type":"ListItem","position":2,"name":"Shop","item":"https:\/\/themeholt.com\/shop\/"},{"@type":"ListItem","position":3,"name":"Foodera: plantilla de p\u00e1gina de destino de alimentos de Unbounce"}]},{"@type":"WebSite","@id":"https:\/\/themeholt.com\/#website","url":"https:\/\/themeholt.com\/","name":"ThemeHolt","description":"Themeholt is a website that offers high-quality WordPress themes","publisher":{"@id":"https:\/\/themeholt.com\/#organization"},"potentialAction":[{"@type":"SearchAction","target":{"@type":"EntryPoint","urlTemplate":"https:\/\/themeholt.com\/?s={search_term_string}"},"query-input":{"@type":"PropertyValueSpecification","valueRequired":true,"valueName":"search_term_string"}}],"inLanguage":"es"},{"@type":"Organization","@id":"https:\/\/themeholt.com\/#organization","name":"ThemeHolt","alternateName":"ThemeHolt","url":"https:\/\/themeholt.com\/","logo":{"@type":"ImageObject","inLanguage":"es","@id":"https:\/\/themeholt.com\/#\/schema\/logo\/image\/","url":"https:\/\/themeholt.com\/wp-content\/uploads\/2024\/10\/themeholt.png","contentUrl":"https:\/\/themeholt.com\/wp-content\/uploads\/2024\/10\/themeholt.png","width":225,"height":225,"caption":"ThemeHolt"},"image":{"@id":"https:\/\/themeholt.com\/#\/schema\/logo\/image\/"},"sameAs":["https:\/\/www.facebook.com\/themeholtT","https:\/\/x.com\/ThemeholtT","https:\/\/www.linkedin.com\/company\/themeholt","https:\/\/www.instagram.com\/themeholtt\/"],"description":"Themeholt is a website that offers high-quality WordPress themes that are easy to use and ready for just about everything. In Eindhoven, Netherlands, since 2020 offering simple, accessible WordPress themes by providing a variety of requirements. Themeholt focuses on practicality and efficiency, allowing faster project completion with its superior marketplace and easy-to-use templates.","legalName":"ThemeHolt","foundingDate":"2022-11-10","numberOfEmployees":{"@type":"QuantitativeValue","minValue":"51","maxValue":"200"}}]}},"_links":{"self":[{"href":"https:\/\/themeholt.com\/es\/wp-json\/wp\/v2\/product\/17685","targetHints":{"allow":["GET"]}}],"collection":[{"href":"https:\/\/themeholt.com\/es\/wp-json\/wp\/v2\/product"}],"about":[{"href":"https:\/\/themeholt.com\/es\/wp-json\/wp\/v2\/types\/product"}],"wp:featuredmedia":[{"embeddable":true,"href":"https:\/\/themeholt.com\/es\/wp-json\/wp\/v2\/media\/17687"}],"wp:attachment":[{"href":"https:\/\/themeholt.com\/es\/wp-json\/wp\/v2\/media?parent=17685"}],"wp:term":[{"taxonomy":"product_brand","embeddable":true,"href":"https:\/\/themeholt.com\/es\/wp-json\/wp\/v2\/product_brand?post=17685"},{"taxonomy":"product_cat","embeddable":true,"href":"https:\/\/themeholt.com\/es\/wp-json\/wp\/v2\/product_cat?post=17685"},{"taxonomy":"product_tag","embeddable":true,"href":"https:\/\/themeholt.com\/es\/wp-json\/wp\/v2\/product_tag?post=17685"}],"curies":[{"name":"wp","href":"https:\/\/api.w.org\/{rel}","templated":true}]}}