{"id":17911,"date":"2024-04-01T05:04:34","date_gmt":"2024-04-01T05:04:34","guid":{"rendered":"https:\/\/themeholt.com\/product\/yogawa-yoga-unbounce-landing-page-template\/"},"modified":"2024-11-06T03:21:59","modified_gmt":"2024-11-06T03:21:59","slug":"plantilla-de-pagina-de-destino-de-yoga-unbounce","status":"publish","type":"product","link":"https:\/\/themeholt.com\/es\/product\/plantilla-de-pagina-de-destino-de-yoga-unbounce\/","title":{"rendered":"Plantilla de p\u00e1gina de destino de Yoga Unbounce"},"content":{"rendered":"<p><span style=\"font-weight: 400\">La plantilla de p\u00e1gina de destino Yogawa Yoga Unbounce est\u00e1 dise\u00f1ada para crear una presencia en l\u00ednea serena y acogedora para instructores de yoga, estudios y centros de bienestar. Su dise\u00f1o limpio y minimalista se centra en resaltar la esencia del yoga, promoviendo la relajaci\u00f3n y la atenci\u00f3n plena. Con opciones de personalizaci\u00f3n sencillas, puede mostrar sus clases de yoga, talleres, retiros y perfiles de instructores con elegancia. <\/span><\/p>\n<p><span style=\"font-weight: 400\">La plantilla es compatible con dispositivos m\u00f3viles, lo que garantiza una experiencia perfecta en todos los dispositivos y est\u00e1 optimizada para la generaci\u00f3n de clientes potenciales, lo que le permite captar el inter\u00e9s de los clientes potenciales de manera eficaz. Integrada con Unbounce, un potente generador de p\u00e1ginas de destino, Yogawa ofrece flexibilidad y simplicidad para crear p\u00e1ginas de destino cautivadoras que resuenen con el esp\u00edritu de su marca de yoga.<\/span><\/p>\n","protected":false},"excerpt":{"rendered":"<ul>\n<li style=\"font-weight: 400\"><span style=\"font-weight: 400\">Dise\u00f1o totalmente adaptable<\/span><\/li>\n<li style=\"font-weight: 400\"><span style=\"font-weight: 400\">Muy f\u00e1cil de personalizar<\/span><\/li>\n<li style=\"font-weight: 400\"><span style=\"font-weight: 400\">Fuente web de Google<\/span><\/li>\n<li style=\"font-weight: 400\"><span style=\"font-weight: 400\">Potentes opciones de tema<\/span><\/li>\n<li style=\"font-weight: 400\"><span style=\"font-weight: 400\">Equipo<\/span><\/li>\n<li>Dise\u00f1o moderno<\/li>\n<li><span style=\"font-weight: 400\">Compatible con SEO<\/span><\/li>\n<li style=\"font-weight: 400\"><span style=\"font-weight: 400\">Testimonios<\/span><\/li>\n<\/ul>\n","protected":false},"featured_media":17913,"template":"","meta":{"_acf_changed":false,"inline_featured_image":false},"product_brand":[],"product_cat":[1768],"product_tag":[],"class_list":{"0":"post-17911","1":"product","2":"type-product","3":"status-publish","4":"has-post-thumbnail","6":"product_cat-landing-pages-es","8":"first","9":"instock","10":"sale","11":"downloadable","12":"taxable","13":"shipping-taxable","14":"purchasable","15":"product-type-simple"},"acf":[],"yoast_head":"<!-- This site is optimized with the Yoast SEO Premium plugin v22.1 (Yoast SEO v26.0) - https:\/\/yoast.com\/wordpress\/plugins\/seo\/ -->\n<title>Plantilla de p\u00e1gina de destino de Yoga Unbounce - ThemeHolt<\/title>\n<meta name=\"robots\" content=\"index, follow, max-snippet:-1, max-image-preview:large, max-video-preview:-1\" \/>\n<link rel=\"canonical\" href=\"https:\/\/themeholt.com\/es\/product\/plantilla-de-pagina-de-destino-de-yoga-unbounce\/\" \/>\n<meta property=\"og:locale\" content=\"es_ES\" \/>\n<meta property=\"og:type\" content=\"article\" \/>\n<meta property=\"og:title\" content=\"Plantilla de p\u00e1gina de destino de Yoga Unbounce\" \/>\n<meta property=\"og:description\" content=\"Dise\u00f1o totalmente adaptable Muy f\u00e1cil de personalizar Fuente web de Google Potentes opciones de tema Equipo Dise\u00f1o moderno Compatible con SEO Testimonios\" \/>\n<meta property=\"og:url\" content=\"https:\/\/themeholt.com\/es\/product\/plantilla-de-pagina-de-destino-de-yoga-unbounce\/\" \/>\n<meta property=\"og:site_name\" content=\"ThemeHolt\" \/>\n<meta property=\"article:publisher\" content=\"https:\/\/www.facebook.com\/themeholtT\" \/>\n<meta property=\"article:modified_time\" content=\"2024-11-06T03:21:59+00:00\" \/>\n<meta property=\"og:image\" content=\"https:\/\/themeholt.com\/wp-content\/uploads\/2024\/04\/unbouncepages-com-yogawa-storefront-envato-elements.png\" \/>\n\t<meta property=\"og:image:width\" content=\"1364\" \/>\n\t<meta property=\"og:image:height\" content=\"850\" \/>\n\t<meta property=\"og:image:type\" content=\"image\/png\" \/>\n<meta name=\"twitter:card\" content=\"summary_large_image\" \/>\n<meta name=\"twitter:site\" content=\"@ThemeholtT\" \/>\n<meta name=\"twitter:label1\" content=\"Tiempo de lectura\" \/>\n\t<meta name=\"twitter:data1\" content=\"1 minuto\" \/>\n<script type=\"application\/ld+json\" class=\"yoast-schema-graph\">{\"@context\":\"https:\/\/schema.org\",\"@graph\":[{\"@type\":\"WebPage\",\"@id\":\"https:\/\/themeholt.com\/es\/product\/plantilla-de-pagina-de-destino-de-yoga-unbounce\/\",\"url\":\"https:\/\/themeholt.com\/es\/product\/plantilla-de-pagina-de-destino-de-yoga-unbounce\/\",\"name\":\"Plantilla de p\u00e1gina de destino de Yoga Unbounce - ThemeHolt\",\"isPartOf\":{\"@id\":\"https:\/\/themeholt.com\/#website\"},\"primaryImageOfPage\":{\"@id\":\"https:\/\/themeholt.com\/es\/product\/plantilla-de-pagina-de-destino-de-yoga-unbounce\/#primaryimage\"},\"image\":{\"@id\":\"https:\/\/themeholt.com\/es\/product\/plantilla-de-pagina-de-destino-de-yoga-unbounce\/#primaryimage\"},\"thumbnailUrl\":\"https:\/\/themeholt.com\/wp-content\/uploads\/2024\/04\/unbouncepages-com-yogawa-storefront-envato-elements.png\",\"datePublished\":\"2024-04-01T05:04:34+00:00\",\"dateModified\":\"2024-11-06T03:21:59+00:00\",\"breadcrumb\":{\"@id\":\"https:\/\/themeholt.com\/es\/product\/plantilla-de-pagina-de-destino-de-yoga-unbounce\/#breadcrumb\"},\"inLanguage\":\"es\",\"potentialAction\":[{\"@type\":\"ReadAction\",\"target\":[\"https:\/\/themeholt.com\/es\/product\/plantilla-de-pagina-de-destino-de-yoga-unbounce\/\"]}]},{\"@type\":\"ImageObject\",\"inLanguage\":\"es\",\"@id\":\"https:\/\/themeholt.com\/es\/product\/plantilla-de-pagina-de-destino-de-yoga-unbounce\/#primaryimage\",\"url\":\"https:\/\/themeholt.com\/wp-content\/uploads\/2024\/04\/unbouncepages-com-yogawa-storefront-envato-elements.png\",\"contentUrl\":\"https:\/\/themeholt.com\/wp-content\/uploads\/2024\/04\/unbouncepages-com-yogawa-storefront-envato-elements.png\",\"width\":1364,\"height\":850},{\"@type\":\"BreadcrumbList\",\"@id\":\"https:\/\/themeholt.com\/es\/product\/plantilla-de-pagina-de-destino-de-yoga-unbounce\/#breadcrumb\",\"itemListElement\":[{\"@type\":\"ListItem\",\"position\":1,\"name\":\"Home\",\"item\":\"https:\/\/themeholt.com\/es\/\"},{\"@type\":\"ListItem\",\"position\":2,\"name\":\"Shop\",\"item\":\"https:\/\/themeholt.com\/shop\/\"},{\"@type\":\"ListItem\",\"position\":3,\"name\":\"Plantilla de p\u00e1gina de destino de Yoga Unbounce\"}]},{\"@type\":\"WebSite\",\"@id\":\"https:\/\/themeholt.com\/#website\",\"url\":\"https:\/\/themeholt.com\/\",\"name\":\"ThemeHolt\",\"description\":\"Themeholt is a website that offers high-quality WordPress themes\",\"publisher\":{\"@id\":\"https:\/\/themeholt.com\/#organization\"},\"potentialAction\":[{\"@type\":\"SearchAction\",\"target\":{\"@type\":\"EntryPoint\",\"urlTemplate\":\"https:\/\/themeholt.com\/?s={search_term_string}\"},\"query-input\":{\"@type\":\"PropertyValueSpecification\",\"valueRequired\":true,\"valueName\":\"search_term_string\"}}],\"inLanguage\":\"es\"},{\"@type\":\"Organization\",\"@id\":\"https:\/\/themeholt.com\/#organization\",\"name\":\"ThemeHolt\",\"alternateName\":\"ThemeHolt\",\"url\":\"https:\/\/themeholt.com\/\",\"logo\":{\"@type\":\"ImageObject\",\"inLanguage\":\"es\",\"@id\":\"https:\/\/themeholt.com\/#\/schema\/logo\/image\/\",\"url\":\"https:\/\/themeholt.com\/wp-content\/uploads\/2024\/10\/themeholt.png\",\"contentUrl\":\"https:\/\/themeholt.com\/wp-content\/uploads\/2024\/10\/themeholt.png\",\"width\":225,\"height\":225,\"caption\":\"ThemeHolt\"},\"image\":{\"@id\":\"https:\/\/themeholt.com\/#\/schema\/logo\/image\/\"},\"sameAs\":[\"https:\/\/www.facebook.com\/themeholtT\",\"https:\/\/x.com\/ThemeholtT\",\"https:\/\/www.linkedin.com\/company\/themeholt\",\"https:\/\/www.instagram.com\/themeholtt\/\"],\"description\":\"Themeholt is a website that offers high-quality WordPress themes that are easy to use and ready for just about everything. In Eindhoven, Netherlands, since 2020 offering simple, accessible WordPress themes by providing a variety of requirements. Themeholt focuses on practicality and efficiency, allowing faster project completion with its superior marketplace and easy-to-use templates.\",\"legalName\":\"ThemeHolt\",\"foundingDate\":\"2022-11-10\",\"numberOfEmployees\":{\"@type\":\"QuantitativeValue\",\"minValue\":\"51\",\"maxValue\":\"200\"}}]}<\/script>\n<!-- \/ Yoast SEO Premium plugin. -->","yoast_head_json":{"title":"Plantilla de p\u00e1gina de destino de Yoga Unbounce - ThemeHolt","robots":{"index":"index","follow":"follow","max-snippet":"max-snippet:-1","max-image-preview":"max-image-preview:large","max-video-preview":"max-video-preview:-1"},"canonical":"https:\/\/themeholt.com\/es\/product\/plantilla-de-pagina-de-destino-de-yoga-unbounce\/","og_locale":"es_ES","og_type":"article","og_title":"Plantilla de p\u00e1gina de destino de Yoga Unbounce","og_description":"Dise\u00f1o totalmente adaptable Muy f\u00e1cil de personalizar Fuente web de Google Potentes opciones de tema Equipo Dise\u00f1o moderno Compatible con SEO Testimonios","og_url":"https:\/\/themeholt.com\/es\/product\/plantilla-de-pagina-de-destino-de-yoga-unbounce\/","og_site_name":"ThemeHolt","article_publisher":"https:\/\/www.facebook.com\/themeholtT","article_modified_time":"2024-11-06T03:21:59+00:00","og_image":[{"width":1364,"height":850,"url":"https:\/\/themeholt.com\/wp-content\/uploads\/2024\/04\/unbouncepages-com-yogawa-storefront-envato-elements.png","type":"image\/png"}],"twitter_card":"summary_large_image","twitter_site":"@ThemeholtT","twitter_misc":{"Tiempo de lectura":"1 minuto"},"schema":{"@context":"https:\/\/schema.org","@graph":[{"@type":"WebPage","@id":"https:\/\/themeholt.com\/es\/product\/plantilla-de-pagina-de-destino-de-yoga-unbounce\/","url":"https:\/\/themeholt.com\/es\/product\/plantilla-de-pagina-de-destino-de-yoga-unbounce\/","name":"Plantilla de p\u00e1gina de destino de Yoga Unbounce - ThemeHolt","isPartOf":{"@id":"https:\/\/themeholt.com\/#website"},"primaryImageOfPage":{"@id":"https:\/\/themeholt.com\/es\/product\/plantilla-de-pagina-de-destino-de-yoga-unbounce\/#primaryimage"},"image":{"@id":"https:\/\/themeholt.com\/es\/product\/plantilla-de-pagina-de-destino-de-yoga-unbounce\/#primaryimage"},"thumbnailUrl":"https:\/\/themeholt.com\/wp-content\/uploads\/2024\/04\/unbouncepages-com-yogawa-storefront-envato-elements.png","datePublished":"2024-04-01T05:04:34+00:00","dateModified":"2024-11-06T03:21:59+00:00","breadcrumb":{"@id":"https:\/\/themeholt.com\/es\/product\/plantilla-de-pagina-de-destino-de-yoga-unbounce\/#breadcrumb"},"inLanguage":"es","potentialAction":[{"@type":"ReadAction","target":["https:\/\/themeholt.com\/es\/product\/plantilla-de-pagina-de-destino-de-yoga-unbounce\/"]}]},{"@type":"ImageObject","inLanguage":"es","@id":"https:\/\/themeholt.com\/es\/product\/plantilla-de-pagina-de-destino-de-yoga-unbounce\/#primaryimage","url":"https:\/\/themeholt.com\/wp-content\/uploads\/2024\/04\/unbouncepages-com-yogawa-storefront-envato-elements.png","contentUrl":"https:\/\/themeholt.com\/wp-content\/uploads\/2024\/04\/unbouncepages-com-yogawa-storefront-envato-elements.png","width":1364,"height":850},{"@type":"BreadcrumbList","@id":"https:\/\/themeholt.com\/es\/product\/plantilla-de-pagina-de-destino-de-yoga-unbounce\/#breadcrumb","itemListElement":[{"@type":"ListItem","position":1,"name":"Home","item":"https:\/\/themeholt.com\/es\/"},{"@type":"ListItem","position":2,"name":"Shop","item":"https:\/\/themeholt.com\/shop\/"},{"@type":"ListItem","position":3,"name":"Plantilla de p\u00e1gina de destino de Yoga Unbounce"}]},{"@type":"WebSite","@id":"https:\/\/themeholt.com\/#website","url":"https:\/\/themeholt.com\/","name":"ThemeHolt","description":"Themeholt is a website that offers high-quality WordPress themes","publisher":{"@id":"https:\/\/themeholt.com\/#organization"},"potentialAction":[{"@type":"SearchAction","target":{"@type":"EntryPoint","urlTemplate":"https:\/\/themeholt.com\/?s={search_term_string}"},"query-input":{"@type":"PropertyValueSpecification","valueRequired":true,"valueName":"search_term_string"}}],"inLanguage":"es"},{"@type":"Organization","@id":"https:\/\/themeholt.com\/#organization","name":"ThemeHolt","alternateName":"ThemeHolt","url":"https:\/\/themeholt.com\/","logo":{"@type":"ImageObject","inLanguage":"es","@id":"https:\/\/themeholt.com\/#\/schema\/logo\/image\/","url":"https:\/\/themeholt.com\/wp-content\/uploads\/2024\/10\/themeholt.png","contentUrl":"https:\/\/themeholt.com\/wp-content\/uploads\/2024\/10\/themeholt.png","width":225,"height":225,"caption":"ThemeHolt"},"image":{"@id":"https:\/\/themeholt.com\/#\/schema\/logo\/image\/"},"sameAs":["https:\/\/www.facebook.com\/themeholtT","https:\/\/x.com\/ThemeholtT","https:\/\/www.linkedin.com\/company\/themeholt","https:\/\/www.instagram.com\/themeholtt\/"],"description":"Themeholt is a website that offers high-quality WordPress themes that are easy to use and ready for just about everything. In Eindhoven, Netherlands, since 2020 offering simple, accessible WordPress themes by providing a variety of requirements. Themeholt focuses on practicality and efficiency, allowing faster project completion with its superior marketplace and easy-to-use templates.","legalName":"ThemeHolt","foundingDate":"2022-11-10","numberOfEmployees":{"@type":"QuantitativeValue","minValue":"51","maxValue":"200"}}]}},"_links":{"self":[{"href":"https:\/\/themeholt.com\/es\/wp-json\/wp\/v2\/product\/17911","targetHints":{"allow":["GET"]}}],"collection":[{"href":"https:\/\/themeholt.com\/es\/wp-json\/wp\/v2\/product"}],"about":[{"href":"https:\/\/themeholt.com\/es\/wp-json\/wp\/v2\/types\/product"}],"wp:featuredmedia":[{"embeddable":true,"href":"https:\/\/themeholt.com\/es\/wp-json\/wp\/v2\/media\/17913"}],"wp:attachment":[{"href":"https:\/\/themeholt.com\/es\/wp-json\/wp\/v2\/media?parent=17911"}],"wp:term":[{"taxonomy":"product_brand","embeddable":true,"href":"https:\/\/themeholt.com\/es\/wp-json\/wp\/v2\/product_brand?post=17911"},{"taxonomy":"product_cat","embeddable":true,"href":"https:\/\/themeholt.com\/es\/wp-json\/wp\/v2\/product_cat?post=17911"},{"taxonomy":"product_tag","embeddable":true,"href":"https:\/\/themeholt.com\/es\/wp-json\/wp\/v2\/product_tag?post=17911"}],"curies":[{"name":"wp","href":"https:\/\/api.w.org\/{rel}","templated":true}]}}