{"id":18145,"date":"2024-02-28T12:10:13","date_gmt":"2024-02-28T12:10:13","guid":{"rendered":"https:\/\/themeholt.com\/product\/free-elementor-plan\/"},"modified":"2024-11-06T05:22:36","modified_gmt":"2024-11-06T05:22:36","slug":"plan-gratuito-de-elementor","status":"publish","type":"product","link":"https:\/\/themeholt.com\/es\/product\/plan-gratuito-de-elementor\/","title":{"rendered":"Plan gratuito de Elementor"},"content":{"rendered":"<p><span style=\"font-weight: 400\">El plan gratuito de Elementor te permite crear un hermoso sitio web sin salirte del presupuesto. Incluso si no eres un experto t\u00e9cnico, esta herramienta simplifica el dise\u00f1o y el cambio del dise\u00f1o de tu sitio web. <\/span><span style=\"font-weight: 400\">Es perfecto para cualquiera que quiera crear sitios web sin el requisito de una suscripci\u00f3n paga.<\/span><span style=\"font-weight: 400\">Dile adi\u00f3s a los temas est\u00e1ndar y dale la bienvenida a un sitio web que refleje tu negocio. Lo mejor de todo es que \u00a1no te costar\u00e1 nada! Experimenta el potencial de la creaci\u00f3n de sitios web con el plan gratuito de Elementor y s\u00e9 testigo del aumento de tu presencia en l\u00ednea.<\/span><\/p>\n","protected":false},"excerpt":{"rendered":"<ul>\n<li>Plataforma de creaci\u00f3n de sitios web<\/li>\n<li>30 widgets profesionales<\/li>\n<li>Creador de temas personalizables<\/li>\n<li>Integraci\u00f3n de contenido interactivo<\/li>\n<\/ul>\n","protected":false},"featured_media":18157,"template":"","meta":{"_acf_changed":false,"inline_featured_image":false},"product_brand":[],"product_cat":[1771],"product_tag":[],"class_list":{"0":"post-18145","1":"product","2":"type-product","3":"status-publish","4":"has-post-thumbnail","6":"product_cat-elementor-pro-es","8":"first","9":"instock","10":"downloadable","11":"virtual","12":"taxable","13":"purchasable","14":"product-type-simple"},"acf":[],"yoast_head":"<!-- This site is optimized with the Yoast SEO Premium plugin v22.1 (Yoast SEO v26.0) - https:\/\/yoast.com\/wordpress\/plugins\/seo\/ -->\n<title>Creador de p\u00e1ginas gratuito con Elementor | Themeholt<\/title>\n<meta name=\"description\" content=\"Crea sitios web profesionales f\u00e1cilmente con Free Elementor Page Builder. Funciones de arrastrar y soltar para un dise\u00f1o simple, sin necesidad de codificaci\u00f3n. \u00a1C\u00f3mpralo ahora!\" \/>\n<meta name=\"robots\" content=\"index, follow, max-snippet:-1, max-image-preview:large, max-video-preview:-1\" \/>\n<link rel=\"canonical\" href=\"https:\/\/themeholt.com\/es\/product\/plan-gratuito-de-elementor\/\" \/>\n<meta property=\"og:locale\" content=\"es_ES\" \/>\n<meta property=\"og:type\" content=\"article\" \/>\n<meta property=\"og:title\" content=\"Plan gratuito de Elementor\" \/>\n<meta property=\"og:description\" content=\"Crea sitios web profesionales f\u00e1cilmente con Free Elementor Page Builder. Funciones de arrastrar y soltar para un dise\u00f1o simple, sin necesidad de codificaci\u00f3n. \u00a1C\u00f3mpralo ahora!\" \/>\n<meta property=\"og:url\" content=\"https:\/\/themeholt.com\/es\/product\/plan-gratuito-de-elementor\/\" \/>\n<meta property=\"og:site_name\" content=\"ThemeHolt\" \/>\n<meta property=\"article:publisher\" content=\"https:\/\/www.facebook.com\/themeholtT\" \/>\n<meta property=\"article:modified_time\" content=\"2024-11-06T05:22:36+00:00\" \/>\n<meta property=\"og:image\" content=\"https:\/\/themeholt.com\/wp-content\/uploads\/2024\/02\/Elementor-Review.jpg\" \/>\n\t<meta property=\"og:image:width\" content=\"1280\" \/>\n\t<meta property=\"og:image:height\" content=\"720\" \/>\n\t<meta property=\"og:image:type\" content=\"image\/jpeg\" \/>\n<meta name=\"twitter:card\" content=\"summary_large_image\" \/>\n<meta name=\"twitter:site\" content=\"@ThemeholtT\" \/>\n<meta name=\"twitter:label1\" content=\"Tiempo de lectura\" \/>\n\t<meta name=\"twitter:data1\" content=\"1 minuto\" \/>\n<script type=\"application\/ld+json\" class=\"yoast-schema-graph\">{\"@context\":\"https:\/\/schema.org\",\"@graph\":[{\"@type\":\"WebPage\",\"@id\":\"https:\/\/themeholt.com\/es\/product\/plan-gratuito-de-elementor\/\",\"url\":\"https:\/\/themeholt.com\/es\/product\/plan-gratuito-de-elementor\/\",\"name\":\"Creador de p\u00e1ginas gratuito con Elementor | Themeholt\",\"isPartOf\":{\"@id\":\"https:\/\/themeholt.com\/#website\"},\"primaryImageOfPage\":{\"@id\":\"https:\/\/themeholt.com\/es\/product\/plan-gratuito-de-elementor\/#primaryimage\"},\"image\":{\"@id\":\"https:\/\/themeholt.com\/es\/product\/plan-gratuito-de-elementor\/#primaryimage\"},\"thumbnailUrl\":\"https:\/\/themeholt.com\/wp-content\/uploads\/2024\/02\/Elementor-Review.jpg\",\"datePublished\":\"2024-02-28T12:10:13+00:00\",\"dateModified\":\"2024-11-06T05:22:36+00:00\",\"description\":\"Crea sitios web profesionales f\u00e1cilmente con Free Elementor Page Builder. Funciones de arrastrar y soltar para un dise\u00f1o simple, sin necesidad de codificaci\u00f3n. \u00a1C\u00f3mpralo ahora!\",\"breadcrumb\":{\"@id\":\"https:\/\/themeholt.com\/es\/product\/plan-gratuito-de-elementor\/#breadcrumb\"},\"inLanguage\":\"es\",\"potentialAction\":[{\"@type\":\"ReadAction\",\"target\":[\"https:\/\/themeholt.com\/es\/product\/plan-gratuito-de-elementor\/\"]}]},{\"@type\":\"ImageObject\",\"inLanguage\":\"es\",\"@id\":\"https:\/\/themeholt.com\/es\/product\/plan-gratuito-de-elementor\/#primaryimage\",\"url\":\"https:\/\/themeholt.com\/wp-content\/uploads\/2024\/02\/Elementor-Review.jpg\",\"contentUrl\":\"https:\/\/themeholt.com\/wp-content\/uploads\/2024\/02\/Elementor-Review.jpg\",\"width\":1280,\"height\":720},{\"@type\":\"BreadcrumbList\",\"@id\":\"https:\/\/themeholt.com\/es\/product\/plan-gratuito-de-elementor\/#breadcrumb\",\"itemListElement\":[{\"@type\":\"ListItem\",\"position\":1,\"name\":\"Home\",\"item\":\"https:\/\/themeholt.com\/es\/\"},{\"@type\":\"ListItem\",\"position\":2,\"name\":\"Shop\",\"item\":\"https:\/\/themeholt.com\/shop\/\"},{\"@type\":\"ListItem\",\"position\":3,\"name\":\"Plan gratuito de Elementor\"}]},{\"@type\":\"WebSite\",\"@id\":\"https:\/\/themeholt.com\/#website\",\"url\":\"https:\/\/themeholt.com\/\",\"name\":\"ThemeHolt\",\"description\":\"Themeholt is a website that offers high-quality WordPress themes\",\"publisher\":{\"@id\":\"https:\/\/themeholt.com\/#organization\"},\"potentialAction\":[{\"@type\":\"SearchAction\",\"target\":{\"@type\":\"EntryPoint\",\"urlTemplate\":\"https:\/\/themeholt.com\/?s={search_term_string}\"},\"query-input\":{\"@type\":\"PropertyValueSpecification\",\"valueRequired\":true,\"valueName\":\"search_term_string\"}}],\"inLanguage\":\"es\"},{\"@type\":\"Organization\",\"@id\":\"https:\/\/themeholt.com\/#organization\",\"name\":\"ThemeHolt\",\"alternateName\":\"ThemeHolt\",\"url\":\"https:\/\/themeholt.com\/\",\"logo\":{\"@type\":\"ImageObject\",\"inLanguage\":\"es\",\"@id\":\"https:\/\/themeholt.com\/#\/schema\/logo\/image\/\",\"url\":\"https:\/\/themeholt.com\/wp-content\/uploads\/2024\/10\/themeholt.png\",\"contentUrl\":\"https:\/\/themeholt.com\/wp-content\/uploads\/2024\/10\/themeholt.png\",\"width\":225,\"height\":225,\"caption\":\"ThemeHolt\"},\"image\":{\"@id\":\"https:\/\/themeholt.com\/#\/schema\/logo\/image\/\"},\"sameAs\":[\"https:\/\/www.facebook.com\/themeholtT\",\"https:\/\/x.com\/ThemeholtT\",\"https:\/\/www.linkedin.com\/company\/themeholt\",\"https:\/\/www.instagram.com\/themeholtt\/\"],\"description\":\"Themeholt is a website that offers high-quality WordPress themes that are easy to use and ready for just about everything. In Eindhoven, Netherlands, since 2020 offering simple, accessible WordPress themes by providing a variety of requirements. Themeholt focuses on practicality and efficiency, allowing faster project completion with its superior marketplace and easy-to-use templates.\",\"legalName\":\"ThemeHolt\",\"foundingDate\":\"2022-11-10\",\"numberOfEmployees\":{\"@type\":\"QuantitativeValue\",\"minValue\":\"51\",\"maxValue\":\"200\"}}]}<\/script>\n<!-- \/ Yoast SEO Premium plugin. -->","yoast_head_json":{"title":"Creador de p\u00e1ginas gratuito con Elementor | Themeholt","description":"Crea sitios web profesionales f\u00e1cilmente con Free Elementor Page Builder. Funciones de arrastrar y soltar para un dise\u00f1o simple, sin necesidad de codificaci\u00f3n. \u00a1C\u00f3mpralo ahora!","robots":{"index":"index","follow":"follow","max-snippet":"max-snippet:-1","max-image-preview":"max-image-preview:large","max-video-preview":"max-video-preview:-1"},"canonical":"https:\/\/themeholt.com\/es\/product\/plan-gratuito-de-elementor\/","og_locale":"es_ES","og_type":"article","og_title":"Plan gratuito de Elementor","og_description":"Crea sitios web profesionales f\u00e1cilmente con Free Elementor Page Builder. Funciones de arrastrar y soltar para un dise\u00f1o simple, sin necesidad de codificaci\u00f3n. \u00a1C\u00f3mpralo ahora!","og_url":"https:\/\/themeholt.com\/es\/product\/plan-gratuito-de-elementor\/","og_site_name":"ThemeHolt","article_publisher":"https:\/\/www.facebook.com\/themeholtT","article_modified_time":"2024-11-06T05:22:36+00:00","og_image":[{"width":1280,"height":720,"url":"https:\/\/themeholt.com\/wp-content\/uploads\/2024\/02\/Elementor-Review.jpg","type":"image\/jpeg"}],"twitter_card":"summary_large_image","twitter_site":"@ThemeholtT","twitter_misc":{"Tiempo de lectura":"1 minuto"},"schema":{"@context":"https:\/\/schema.org","@graph":[{"@type":"WebPage","@id":"https:\/\/themeholt.com\/es\/product\/plan-gratuito-de-elementor\/","url":"https:\/\/themeholt.com\/es\/product\/plan-gratuito-de-elementor\/","name":"Creador de p\u00e1ginas gratuito con Elementor | Themeholt","isPartOf":{"@id":"https:\/\/themeholt.com\/#website"},"primaryImageOfPage":{"@id":"https:\/\/themeholt.com\/es\/product\/plan-gratuito-de-elementor\/#primaryimage"},"image":{"@id":"https:\/\/themeholt.com\/es\/product\/plan-gratuito-de-elementor\/#primaryimage"},"thumbnailUrl":"https:\/\/themeholt.com\/wp-content\/uploads\/2024\/02\/Elementor-Review.jpg","datePublished":"2024-02-28T12:10:13+00:00","dateModified":"2024-11-06T05:22:36+00:00","description":"Crea sitios web profesionales f\u00e1cilmente con Free Elementor Page Builder. Funciones de arrastrar y soltar para un dise\u00f1o simple, sin necesidad de codificaci\u00f3n. \u00a1C\u00f3mpralo ahora!","breadcrumb":{"@id":"https:\/\/themeholt.com\/es\/product\/plan-gratuito-de-elementor\/#breadcrumb"},"inLanguage":"es","potentialAction":[{"@type":"ReadAction","target":["https:\/\/themeholt.com\/es\/product\/plan-gratuito-de-elementor\/"]}]},{"@type":"ImageObject","inLanguage":"es","@id":"https:\/\/themeholt.com\/es\/product\/plan-gratuito-de-elementor\/#primaryimage","url":"https:\/\/themeholt.com\/wp-content\/uploads\/2024\/02\/Elementor-Review.jpg","contentUrl":"https:\/\/themeholt.com\/wp-content\/uploads\/2024\/02\/Elementor-Review.jpg","width":1280,"height":720},{"@type":"BreadcrumbList","@id":"https:\/\/themeholt.com\/es\/product\/plan-gratuito-de-elementor\/#breadcrumb","itemListElement":[{"@type":"ListItem","position":1,"name":"Home","item":"https:\/\/themeholt.com\/es\/"},{"@type":"ListItem","position":2,"name":"Shop","item":"https:\/\/themeholt.com\/shop\/"},{"@type":"ListItem","position":3,"name":"Plan gratuito de Elementor"}]},{"@type":"WebSite","@id":"https:\/\/themeholt.com\/#website","url":"https:\/\/themeholt.com\/","name":"ThemeHolt","description":"Themeholt is a website that offers high-quality WordPress themes","publisher":{"@id":"https:\/\/themeholt.com\/#organization"},"potentialAction":[{"@type":"SearchAction","target":{"@type":"EntryPoint","urlTemplate":"https:\/\/themeholt.com\/?s={search_term_string}"},"query-input":{"@type":"PropertyValueSpecification","valueRequired":true,"valueName":"search_term_string"}}],"inLanguage":"es"},{"@type":"Organization","@id":"https:\/\/themeholt.com\/#organization","name":"ThemeHolt","alternateName":"ThemeHolt","url":"https:\/\/themeholt.com\/","logo":{"@type":"ImageObject","inLanguage":"es","@id":"https:\/\/themeholt.com\/#\/schema\/logo\/image\/","url":"https:\/\/themeholt.com\/wp-content\/uploads\/2024\/10\/themeholt.png","contentUrl":"https:\/\/themeholt.com\/wp-content\/uploads\/2024\/10\/themeholt.png","width":225,"height":225,"caption":"ThemeHolt"},"image":{"@id":"https:\/\/themeholt.com\/#\/schema\/logo\/image\/"},"sameAs":["https:\/\/www.facebook.com\/themeholtT","https:\/\/x.com\/ThemeholtT","https:\/\/www.linkedin.com\/company\/themeholt","https:\/\/www.instagram.com\/themeholtt\/"],"description":"Themeholt is a website that offers high-quality WordPress themes that are easy to use and ready for just about everything. In Eindhoven, Netherlands, since 2020 offering simple, accessible WordPress themes by providing a variety of requirements. Themeholt focuses on practicality and efficiency, allowing faster project completion with its superior marketplace and easy-to-use templates.","legalName":"ThemeHolt","foundingDate":"2022-11-10","numberOfEmployees":{"@type":"QuantitativeValue","minValue":"51","maxValue":"200"}}]}},"_links":{"self":[{"href":"https:\/\/themeholt.com\/es\/wp-json\/wp\/v2\/product\/18145","targetHints":{"allow":["GET"]}}],"collection":[{"href":"https:\/\/themeholt.com\/es\/wp-json\/wp\/v2\/product"}],"about":[{"href":"https:\/\/themeholt.com\/es\/wp-json\/wp\/v2\/types\/product"}],"wp:featuredmedia":[{"embeddable":true,"href":"https:\/\/themeholt.com\/es\/wp-json\/wp\/v2\/media\/18157"}],"wp:attachment":[{"href":"https:\/\/themeholt.com\/es\/wp-json\/wp\/v2\/media?parent=18145"}],"wp:term":[{"taxonomy":"product_brand","embeddable":true,"href":"https:\/\/themeholt.com\/es\/wp-json\/wp\/v2\/product_brand?post=18145"},{"taxonomy":"product_cat","embeddable":true,"href":"https:\/\/themeholt.com\/es\/wp-json\/wp\/v2\/product_cat?post=18145"},{"taxonomy":"product_tag","embeddable":true,"href":"https:\/\/themeholt.com\/es\/wp-json\/wp\/v2\/product_tag?post=18145"}],"curies":[{"name":"wp","href":"https:\/\/api.w.org\/{rel}","templated":true}]}}