{"id":18232,"date":"2023-10-11T07:31:04","date_gmt":"2023-10-11T07:31:04","guid":{"rendered":"https:\/\/themeholt.com\/product\/taxation-tax-advisor-financial-consulting\/"},"modified":"2024-11-06T06:26:17","modified_gmt":"2024-11-06T06:26:17","slug":"asesoria-fiscal-asesoria-financiera-impuestos","status":"publish","type":"product","link":"https:\/\/themeholt.com\/es\/product\/asesoria-fiscal-asesoria-financiera-impuestos\/","title":{"rendered":"Asesor\u00eda Fiscal Asesor\u00eda Financiera Impuestos"},"content":{"rendered":"<p>El tema de WordPress \u00abTaxation Tax Advisor Financial Consulting\u00bb es un tema de sitio web potente y vers\u00e1til dise\u00f1ado espec\u00edficamente para profesionales y empresas en el campo de la tributaci\u00f3n, el asesoramiento financiero y la consultor\u00eda. Este tema est\u00e1 cuidadosamente dise\u00f1ado para satisfacer las necesidades \u00fanicas de las empresas y las personas que ofrecen servicios relacionados con los impuestos, lo que lo convierte en una opci\u00f3n ideal para crear una presencia en l\u00ednea profesional e informativa.<\/p>\n<p>Ofrece una soluci\u00f3n integral para que los profesionales de impuestos y los asesores financieros establezcan una presencia en l\u00ednea profesional, atraigan clientes y brinden recursos y servicios valiosos en el campo de la tributaci\u00f3n y las finanzas. Es una herramienta esencial para quienes buscan hacer crecer su negocio de asesor\u00eda fiscal y financiera.<\/p>\n","protected":false},"excerpt":{"rendered":"<ul>\n<li>Compartir recursos<\/li>\n<li>Responsivo y f\u00e1cil de usar<\/li>\n<li>Flexibilidad de contenido<\/li>\n<li>Dise\u00f1o profesional<\/li>\n<li>Dise\u00f1o responsivo<\/li>\n<li>Optimizado para SEO<\/li>\n<li>Tema totalmente personalizable<\/li>\n<\/ul>\n","protected":false},"featured_media":18233,"template":"","meta":{"_acf_changed":false,"inline_featured_image":false},"product_brand":[],"product_cat":[1784],"product_tag":[1785,1786,1787,1788],"class_list":{"0":"post-18232","1":"product","2":"type-product","3":"status-publish","4":"has-post-thumbnail","6":"product_cat-corporate-business-es","7":"product_tag-affordable-corporate-business-es","8":"product_tag-financial-consulting-theme-es","9":"product_tag-professionals-financial-consulting-es","10":"product_tag-tax-advisor-es","12":"first","13":"instock","14":"sale","15":"downloadable","16":"taxable","17":"shipping-taxable","18":"purchasable","19":"product-type-simple"},"acf":[],"yoast_head":"<!-- This site is optimized with the Yoast SEO Premium plugin v22.1 (Yoast SEO v26.0) - https:\/\/yoast.com\/wordpress\/plugins\/seo\/ -->\n<title>Asesor\u00eda fiscal Asesor\u00eda financiera | Themeholt<\/title>\n<meta name=\"description\" content=\"Maximice los ahorros con un asesor fiscal experto en temas de consultor\u00eda financiera. Consultor\u00eda financiera estrat\u00e9gica para una tributaci\u00f3n m\u00e1s inteligente en Themeholt.\" \/>\n<meta name=\"robots\" content=\"index, follow, max-snippet:-1, max-image-preview:large, max-video-preview:-1\" \/>\n<link rel=\"canonical\" href=\"https:\/\/themeholt.com\/es\/product\/asesoria-fiscal-asesoria-financiera-impuestos\/\" \/>\n<meta property=\"og:locale\" content=\"es_ES\" \/>\n<meta property=\"og:type\" content=\"article\" \/>\n<meta property=\"og:title\" content=\"Asesor\u00eda Fiscal Asesor\u00eda Financiera Impuestos\" \/>\n<meta property=\"og:description\" content=\"Maximice los ahorros con un asesor fiscal experto en temas de consultor\u00eda financiera. Consultor\u00eda financiera estrat\u00e9gica para una tributaci\u00f3n m\u00e1s inteligente en Themeholt.\" \/>\n<meta property=\"og:url\" content=\"https:\/\/themeholt.com\/es\/product\/asesoria-fiscal-asesoria-financiera-impuestos\/\" \/>\n<meta property=\"og:site_name\" content=\"ThemeHolt\" \/>\n<meta property=\"article:publisher\" content=\"https:\/\/www.facebook.com\/themeholtT\" \/>\n<meta property=\"article:modified_time\" content=\"2024-11-06T06:26:17+00:00\" \/>\n<meta property=\"og:image\" content=\"https:\/\/themeholt.com\/wp-content\/uploads\/2023\/10\/46-2.png\" \/>\n\t<meta property=\"og:image:width\" content=\"1355\" \/>\n\t<meta property=\"og:image:height\" content=\"1137\" \/>\n\t<meta property=\"og:image:type\" content=\"image\/png\" \/>\n<meta name=\"twitter:card\" content=\"summary_large_image\" \/>\n<meta name=\"twitter:site\" content=\"@ThemeholtT\" \/>\n<meta name=\"twitter:label1\" content=\"Tiempo de lectura\" \/>\n\t<meta name=\"twitter:data1\" content=\"1 minuto\" \/>\n<script type=\"application\/ld+json\" class=\"yoast-schema-graph\">{\"@context\":\"https:\/\/schema.org\",\"@graph\":[{\"@type\":\"WebPage\",\"@id\":\"https:\/\/themeholt.com\/es\/product\/asesoria-fiscal-asesoria-financiera-impuestos\/\",\"url\":\"https:\/\/themeholt.com\/es\/product\/asesoria-fiscal-asesoria-financiera-impuestos\/\",\"name\":\"Asesor\u00eda fiscal Asesor\u00eda financiera | Themeholt\",\"isPartOf\":{\"@id\":\"https:\/\/themeholt.com\/pl\/#website\"},\"primaryImageOfPage\":{\"@id\":\"https:\/\/themeholt.com\/es\/product\/asesoria-fiscal-asesoria-financiera-impuestos\/#primaryimage\"},\"image\":{\"@id\":\"https:\/\/themeholt.com\/es\/product\/asesoria-fiscal-asesoria-financiera-impuestos\/#primaryimage\"},\"thumbnailUrl\":\"https:\/\/themeholt.com\/wp-content\/uploads\/2023\/10\/46-2.png\",\"datePublished\":\"2023-10-11T07:31:04+00:00\",\"dateModified\":\"2024-11-06T06:26:17+00:00\",\"description\":\"Maximice los ahorros con un asesor fiscal experto en temas de consultor\u00eda financiera. Consultor\u00eda financiera estrat\u00e9gica para una tributaci\u00f3n m\u00e1s inteligente en Themeholt.\",\"breadcrumb\":{\"@id\":\"https:\/\/themeholt.com\/es\/product\/asesoria-fiscal-asesoria-financiera-impuestos\/#breadcrumb\"},\"inLanguage\":\"es\",\"potentialAction\":[{\"@type\":\"ReadAction\",\"target\":[\"https:\/\/themeholt.com\/es\/product\/asesoria-fiscal-asesoria-financiera-impuestos\/\"]}]},{\"@type\":\"ImageObject\",\"inLanguage\":\"es\",\"@id\":\"https:\/\/themeholt.com\/es\/product\/asesoria-fiscal-asesoria-financiera-impuestos\/#primaryimage\",\"url\":\"https:\/\/themeholt.com\/wp-content\/uploads\/2023\/10\/46-2.png\",\"contentUrl\":\"https:\/\/themeholt.com\/wp-content\/uploads\/2023\/10\/46-2.png\",\"width\":1355,\"height\":1137},{\"@type\":\"BreadcrumbList\",\"@id\":\"https:\/\/themeholt.com\/es\/product\/asesoria-fiscal-asesoria-financiera-impuestos\/#breadcrumb\",\"itemListElement\":[{\"@type\":\"ListItem\",\"position\":1,\"name\":\"Home\",\"item\":\"https:\/\/themeholt.com\/es\/\"},{\"@type\":\"ListItem\",\"position\":2,\"name\":\"Shop\",\"item\":\"https:\/\/themeholt.com\/pl\/sklep-2\/\"},{\"@type\":\"ListItem\",\"position\":3,\"name\":\"Asesor\u00eda Fiscal Asesor\u00eda Financiera Impuestos\"}]},{\"@type\":\"WebSite\",\"@id\":\"https:\/\/themeholt.com\/pl\/#website\",\"url\":\"https:\/\/themeholt.com\/pl\/\",\"name\":\"ThemeHolt\",\"description\":\"Themeholt is a website that offers high-quality WordPress themes\",\"publisher\":{\"@id\":\"https:\/\/themeholt.com\/pl\/#organization\"},\"potentialAction\":[{\"@type\":\"SearchAction\",\"target\":{\"@type\":\"EntryPoint\",\"urlTemplate\":\"https:\/\/themeholt.com\/pl\/?s={search_term_string}\"},\"query-input\":{\"@type\":\"PropertyValueSpecification\",\"valueRequired\":true,\"valueName\":\"search_term_string\"}}],\"inLanguage\":\"es\"},{\"@type\":\"Organization\",\"@id\":\"https:\/\/themeholt.com\/pl\/#organization\",\"name\":\"ThemeHolt\",\"alternateName\":\"ThemeHolt\",\"url\":\"https:\/\/themeholt.com\/pl\/\",\"logo\":{\"@type\":\"ImageObject\",\"inLanguage\":\"es\",\"@id\":\"https:\/\/themeholt.com\/pl\/#\/schema\/logo\/image\/\",\"url\":\"https:\/\/themeholt.com\/wp-content\/uploads\/2024\/10\/themeholt.png\",\"contentUrl\":\"https:\/\/themeholt.com\/wp-content\/uploads\/2024\/10\/themeholt.png\",\"width\":225,\"height\":225,\"caption\":\"ThemeHolt\"},\"image\":{\"@id\":\"https:\/\/themeholt.com\/pl\/#\/schema\/logo\/image\/\"},\"sameAs\":[\"https:\/\/www.facebook.com\/themeholtT\",\"https:\/\/x.com\/ThemeholtT\",\"https:\/\/www.linkedin.com\/company\/themeholt\",\"https:\/\/www.instagram.com\/themeholtt\/\"],\"description\":\"Themeholt is a website that offers high-quality WordPress themes that are easy to use and ready for just about everything. In Eindhoven, Netherlands, since 2020 offering simple, accessible WordPress themes by providing a variety of requirements. Themeholt focuses on practicality and efficiency, allowing faster project completion with its superior marketplace and easy-to-use templates.\",\"legalName\":\"ThemeHolt\",\"foundingDate\":\"2022-11-10\",\"numberOfEmployees\":{\"@type\":\"QuantitativeValue\",\"minValue\":\"51\",\"maxValue\":\"200\"}}]}<\/script>\n<!-- \/ Yoast SEO Premium plugin. -->","yoast_head_json":{"title":"Asesor\u00eda fiscal Asesor\u00eda financiera | Themeholt","description":"Maximice los ahorros con un asesor fiscal experto en temas de consultor\u00eda financiera. Consultor\u00eda financiera estrat\u00e9gica para una tributaci\u00f3n m\u00e1s inteligente en Themeholt.","robots":{"index":"index","follow":"follow","max-snippet":"max-snippet:-1","max-image-preview":"max-image-preview:large","max-video-preview":"max-video-preview:-1"},"canonical":"https:\/\/themeholt.com\/es\/product\/asesoria-fiscal-asesoria-financiera-impuestos\/","og_locale":"es_ES","og_type":"article","og_title":"Asesor\u00eda Fiscal Asesor\u00eda Financiera Impuestos","og_description":"Maximice los ahorros con un asesor fiscal experto en temas de consultor\u00eda financiera. Consultor\u00eda financiera estrat\u00e9gica para una tributaci\u00f3n m\u00e1s inteligente en Themeholt.","og_url":"https:\/\/themeholt.com\/es\/product\/asesoria-fiscal-asesoria-financiera-impuestos\/","og_site_name":"ThemeHolt","article_publisher":"https:\/\/www.facebook.com\/themeholtT","article_modified_time":"2024-11-06T06:26:17+00:00","og_image":[{"width":1355,"height":1137,"url":"https:\/\/themeholt.com\/wp-content\/uploads\/2023\/10\/46-2.png","type":"image\/png"}],"twitter_card":"summary_large_image","twitter_site":"@ThemeholtT","twitter_misc":{"Tiempo de lectura":"1 minuto"},"schema":{"@context":"https:\/\/schema.org","@graph":[{"@type":"WebPage","@id":"https:\/\/themeholt.com\/es\/product\/asesoria-fiscal-asesoria-financiera-impuestos\/","url":"https:\/\/themeholt.com\/es\/product\/asesoria-fiscal-asesoria-financiera-impuestos\/","name":"Asesor\u00eda fiscal Asesor\u00eda financiera | Themeholt","isPartOf":{"@id":"https:\/\/themeholt.com\/pl\/#website"},"primaryImageOfPage":{"@id":"https:\/\/themeholt.com\/es\/product\/asesoria-fiscal-asesoria-financiera-impuestos\/#primaryimage"},"image":{"@id":"https:\/\/themeholt.com\/es\/product\/asesoria-fiscal-asesoria-financiera-impuestos\/#primaryimage"},"thumbnailUrl":"https:\/\/themeholt.com\/wp-content\/uploads\/2023\/10\/46-2.png","datePublished":"2023-10-11T07:31:04+00:00","dateModified":"2024-11-06T06:26:17+00:00","description":"Maximice los ahorros con un asesor fiscal experto en temas de consultor\u00eda financiera. Consultor\u00eda financiera estrat\u00e9gica para una tributaci\u00f3n m\u00e1s inteligente en Themeholt.","breadcrumb":{"@id":"https:\/\/themeholt.com\/es\/product\/asesoria-fiscal-asesoria-financiera-impuestos\/#breadcrumb"},"inLanguage":"es","potentialAction":[{"@type":"ReadAction","target":["https:\/\/themeholt.com\/es\/product\/asesoria-fiscal-asesoria-financiera-impuestos\/"]}]},{"@type":"ImageObject","inLanguage":"es","@id":"https:\/\/themeholt.com\/es\/product\/asesoria-fiscal-asesoria-financiera-impuestos\/#primaryimage","url":"https:\/\/themeholt.com\/wp-content\/uploads\/2023\/10\/46-2.png","contentUrl":"https:\/\/themeholt.com\/wp-content\/uploads\/2023\/10\/46-2.png","width":1355,"height":1137},{"@type":"BreadcrumbList","@id":"https:\/\/themeholt.com\/es\/product\/asesoria-fiscal-asesoria-financiera-impuestos\/#breadcrumb","itemListElement":[{"@type":"ListItem","position":1,"name":"Home","item":"https:\/\/themeholt.com\/es\/"},{"@type":"ListItem","position":2,"name":"Shop","item":"https:\/\/themeholt.com\/pl\/sklep-2\/"},{"@type":"ListItem","position":3,"name":"Asesor\u00eda Fiscal Asesor\u00eda Financiera Impuestos"}]},{"@type":"WebSite","@id":"https:\/\/themeholt.com\/pl\/#website","url":"https:\/\/themeholt.com\/pl\/","name":"ThemeHolt","description":"Themeholt is a website that offers high-quality WordPress themes","publisher":{"@id":"https:\/\/themeholt.com\/pl\/#organization"},"potentialAction":[{"@type":"SearchAction","target":{"@type":"EntryPoint","urlTemplate":"https:\/\/themeholt.com\/pl\/?s={search_term_string}"},"query-input":{"@type":"PropertyValueSpecification","valueRequired":true,"valueName":"search_term_string"}}],"inLanguage":"es"},{"@type":"Organization","@id":"https:\/\/themeholt.com\/pl\/#organization","name":"ThemeHolt","alternateName":"ThemeHolt","url":"https:\/\/themeholt.com\/pl\/","logo":{"@type":"ImageObject","inLanguage":"es","@id":"https:\/\/themeholt.com\/pl\/#\/schema\/logo\/image\/","url":"https:\/\/themeholt.com\/wp-content\/uploads\/2024\/10\/themeholt.png","contentUrl":"https:\/\/themeholt.com\/wp-content\/uploads\/2024\/10\/themeholt.png","width":225,"height":225,"caption":"ThemeHolt"},"image":{"@id":"https:\/\/themeholt.com\/pl\/#\/schema\/logo\/image\/"},"sameAs":["https:\/\/www.facebook.com\/themeholtT","https:\/\/x.com\/ThemeholtT","https:\/\/www.linkedin.com\/company\/themeholt","https:\/\/www.instagram.com\/themeholtt\/"],"description":"Themeholt is a website that offers high-quality WordPress themes that are easy to use and ready for just about everything. In Eindhoven, Netherlands, since 2020 offering simple, accessible WordPress themes by providing a variety of requirements. Themeholt focuses on practicality and efficiency, allowing faster project completion with its superior marketplace and easy-to-use templates.","legalName":"ThemeHolt","foundingDate":"2022-11-10","numberOfEmployees":{"@type":"QuantitativeValue","minValue":"51","maxValue":"200"}}]}},"_links":{"self":[{"href":"https:\/\/themeholt.com\/es\/wp-json\/wp\/v2\/product\/18232","targetHints":{"allow":["GET"]}}],"collection":[{"href":"https:\/\/themeholt.com\/es\/wp-json\/wp\/v2\/product"}],"about":[{"href":"https:\/\/themeholt.com\/es\/wp-json\/wp\/v2\/types\/product"}],"wp:featuredmedia":[{"embeddable":true,"href":"https:\/\/themeholt.com\/es\/wp-json\/wp\/v2\/media\/18233"}],"wp:attachment":[{"href":"https:\/\/themeholt.com\/es\/wp-json\/wp\/v2\/media?parent=18232"}],"wp:term":[{"taxonomy":"product_brand","embeddable":true,"href":"https:\/\/themeholt.com\/es\/wp-json\/wp\/v2\/product_brand?post=18232"},{"taxonomy":"product_cat","embeddable":true,"href":"https:\/\/themeholt.com\/es\/wp-json\/wp\/v2\/product_cat?post=18232"},{"taxonomy":"product_tag","embeddable":true,"href":"https:\/\/themeholt.com\/es\/wp-json\/wp\/v2\/product_tag?post=18232"}],"curies":[{"name":"wp","href":"https:\/\/api.w.org\/{rel}","templated":true}]}}