{"id":18244,"date":"2024-02-09T10:18:20","date_gmt":"2024-02-09T10:18:20","guid":{"rendered":"https:\/\/themeholt.com\/product\/yoast-seo-free-plugin\/"},"modified":"2024-11-06T06:39:50","modified_gmt":"2024-11-06T06:39:50","slug":"plugin-gratuito-de-yoast-seo","status":"publish","type":"product","link":"https:\/\/themeholt.com\/es\/product\/plugin-gratuito-de-yoast-seo\/","title":{"rendered":"Plugin gratuito de Yoast SEO"},"content":{"rendered":"<p><span style=\"font-weight: 400\">Yoast SEO Free es un potente complemento dise\u00f1ado para mejorar la visibilidad de su sitio web en los motores de b\u00fasqueda sin esfuerzo. Con m\u00e1s de 10 millones de usuarios en todo el mundo, se destaca como la herramienta de SEO m\u00e1s utilizada a nivel mundial. Este complemento garantiza que su sitio est\u00e9 optimizado t\u00e9cnicamente para los motores de b\u00fasqueda, manejando todos los aspectos t\u00e9cnicos de SEO necesarios de manera autom\u00e1tica. Todo lo que necesita para iniciar su viaje hacia una mejor clasificaci\u00f3n en los motores de b\u00fasqueda est\u00e1 a su alcance con Yoast SEO Free. Agiliza el proceso, haci\u00e9ndolo f\u00e1cil de usar y efectivo. Mejore el rendimiento de su sitio web con esta herramienta confiable, imprescindible para cualquier propietario de un sitio web que desee mejorar su presencia en l\u00ednea.<\/span><\/p>\n","protected":false},"excerpt":{"rendered":"<ul>\n<li><span style=\"font-weight: 400\">Mejora tu posicionamiento en las b\u00fasquedas con todo lo que necesitas<\/span><\/li>\n<li><span style=\"font-weight: 400\">Un clic, SEO perfecto para siempre<\/span><\/li>\n<li><span style=\"font-weight: 400\">M\u00e1s de 10 millones de personas conf\u00edan en nosotros, \u00a1la herramienta de SEO n.\u00b0 1 a nivel mundial!<\/span><\/li>\n<\/ul>\n","protected":false},"featured_media":18247,"template":"","meta":{"_acf_changed":false,"inline_featured_image":false},"product_brand":[],"product_cat":[321],"product_tag":[],"class_list":{"0":"post-18244","1":"product","2":"type-product","3":"status-publish","4":"has-post-thumbnail","6":"product_cat-plugins","8":"first","9":"instock","10":"downloadable","11":"virtual","12":"taxable","13":"purchasable","14":"product-type-simple"},"acf":[],"yoast_head":"<!-- This site is optimized with the Yoast SEO Premium plugin v22.1 (Yoast SEO v26.0) - https:\/\/yoast.com\/wordpress\/plugins\/seo\/ -->\n<title>Plugin gratuito de Yoast SEO - ThemeHolt<\/title>\n<meta name=\"robots\" content=\"index, follow, max-snippet:-1, max-image-preview:large, max-video-preview:-1\" \/>\n<link rel=\"canonical\" href=\"https:\/\/themeholt.com\/es\/product\/plugin-gratuito-de-yoast-seo\/\" \/>\n<meta property=\"og:locale\" content=\"es_ES\" \/>\n<meta property=\"og:type\" content=\"article\" \/>\n<meta property=\"og:title\" content=\"Plugin gratuito de Yoast SEO\" \/>\n<meta property=\"og:description\" content=\"Mejora tu posicionamiento en las b\u00fasquedas con todo lo que necesitas Un clic, SEO perfecto para siempre M\u00e1s de 10 millones de personas conf\u00edan en nosotros, \u00a1la herramienta de SEO n.\u00b0 1 a nivel mundial!\" \/>\n<meta property=\"og:url\" content=\"https:\/\/themeholt.com\/es\/product\/plugin-gratuito-de-yoast-seo\/\" \/>\n<meta property=\"og:site_name\" content=\"ThemeHolt\" \/>\n<meta property=\"article:publisher\" content=\"https:\/\/www.facebook.com\/themeholtT\" \/>\n<meta property=\"article:modified_time\" content=\"2024-11-06T06:39:50+00:00\" \/>\n<meta property=\"og:image\" content=\"https:\/\/themeholt.com\/wp-content\/uploads\/2024\/02\/yoast-video-seo.jpg\" \/>\n\t<meta property=\"og:image:width\" content=\"2000\" \/>\n\t<meta property=\"og:image:height\" content=\"1334\" \/>\n\t<meta property=\"og:image:type\" content=\"image\/jpeg\" \/>\n<meta name=\"twitter:card\" content=\"summary_large_image\" \/>\n<meta name=\"twitter:site\" content=\"@ThemeholtT\" \/>\n<meta name=\"twitter:label1\" content=\"Tiempo de lectura\" \/>\n\t<meta name=\"twitter:data1\" content=\"1 minuto\" \/>\n<script type=\"application\/ld+json\" class=\"yoast-schema-graph\">{\"@context\":\"https:\/\/schema.org\",\"@graph\":[{\"@type\":\"WebPage\",\"@id\":\"https:\/\/themeholt.com\/es\/product\/plugin-gratuito-de-yoast-seo\/\",\"url\":\"https:\/\/themeholt.com\/es\/product\/plugin-gratuito-de-yoast-seo\/\",\"name\":\"Plugin gratuito de Yoast SEO - ThemeHolt\",\"isPartOf\":{\"@id\":\"https:\/\/themeholt.com\/#website\"},\"primaryImageOfPage\":{\"@id\":\"https:\/\/themeholt.com\/es\/product\/plugin-gratuito-de-yoast-seo\/#primaryimage\"},\"image\":{\"@id\":\"https:\/\/themeholt.com\/es\/product\/plugin-gratuito-de-yoast-seo\/#primaryimage\"},\"thumbnailUrl\":\"https:\/\/themeholt.com\/wp-content\/uploads\/2024\/02\/yoast-video-seo.jpg\",\"datePublished\":\"2024-02-09T10:18:20+00:00\",\"dateModified\":\"2024-11-06T06:39:50+00:00\",\"breadcrumb\":{\"@id\":\"https:\/\/themeholt.com\/es\/product\/plugin-gratuito-de-yoast-seo\/#breadcrumb\"},\"inLanguage\":\"es\",\"potentialAction\":[{\"@type\":\"ReadAction\",\"target\":[\"https:\/\/themeholt.com\/es\/product\/plugin-gratuito-de-yoast-seo\/\"]}]},{\"@type\":\"ImageObject\",\"inLanguage\":\"es\",\"@id\":\"https:\/\/themeholt.com\/es\/product\/plugin-gratuito-de-yoast-seo\/#primaryimage\",\"url\":\"https:\/\/themeholt.com\/wp-content\/uploads\/2024\/02\/yoast-video-seo.jpg\",\"contentUrl\":\"https:\/\/themeholt.com\/wp-content\/uploads\/2024\/02\/yoast-video-seo.jpg\",\"width\":2000,\"height\":1334},{\"@type\":\"BreadcrumbList\",\"@id\":\"https:\/\/themeholt.com\/es\/product\/plugin-gratuito-de-yoast-seo\/#breadcrumb\",\"itemListElement\":[{\"@type\":\"ListItem\",\"position\":1,\"name\":\"Home\",\"item\":\"https:\/\/themeholt.com\/es\/\"},{\"@type\":\"ListItem\",\"position\":2,\"name\":\"Shop\",\"item\":\"https:\/\/themeholt.com\/shop\/\"},{\"@type\":\"ListItem\",\"position\":3,\"name\":\"Plugin gratuito de Yoast SEO\"}]},{\"@type\":\"WebSite\",\"@id\":\"https:\/\/themeholt.com\/#website\",\"url\":\"https:\/\/themeholt.com\/\",\"name\":\"ThemeHolt\",\"description\":\"Themeholt is a website that offers high-quality WordPress themes\",\"publisher\":{\"@id\":\"https:\/\/themeholt.com\/#organization\"},\"potentialAction\":[{\"@type\":\"SearchAction\",\"target\":{\"@type\":\"EntryPoint\",\"urlTemplate\":\"https:\/\/themeholt.com\/?s={search_term_string}\"},\"query-input\":{\"@type\":\"PropertyValueSpecification\",\"valueRequired\":true,\"valueName\":\"search_term_string\"}}],\"inLanguage\":\"es\"},{\"@type\":\"Organization\",\"@id\":\"https:\/\/themeholt.com\/#organization\",\"name\":\"ThemeHolt\",\"alternateName\":\"ThemeHolt\",\"url\":\"https:\/\/themeholt.com\/\",\"logo\":{\"@type\":\"ImageObject\",\"inLanguage\":\"es\",\"@id\":\"https:\/\/themeholt.com\/#\/schema\/logo\/image\/\",\"url\":\"https:\/\/themeholt.com\/wp-content\/uploads\/2024\/10\/themeholt.png\",\"contentUrl\":\"https:\/\/themeholt.com\/wp-content\/uploads\/2024\/10\/themeholt.png\",\"width\":225,\"height\":225,\"caption\":\"ThemeHolt\"},\"image\":{\"@id\":\"https:\/\/themeholt.com\/#\/schema\/logo\/image\/\"},\"sameAs\":[\"https:\/\/www.facebook.com\/themeholtT\",\"https:\/\/x.com\/ThemeholtT\",\"https:\/\/www.linkedin.com\/company\/themeholt\",\"https:\/\/www.instagram.com\/themeholtt\/\"],\"description\":\"Themeholt is a website that offers high-quality WordPress themes that are easy to use and ready for just about everything. In Eindhoven, Netherlands, since 2020 offering simple, accessible WordPress themes by providing a variety of requirements. Themeholt focuses on practicality and efficiency, allowing faster project completion with its superior marketplace and easy-to-use templates.\",\"legalName\":\"ThemeHolt\",\"foundingDate\":\"2022-11-10\",\"numberOfEmployees\":{\"@type\":\"QuantitativeValue\",\"minValue\":\"51\",\"maxValue\":\"200\"}}]}<\/script>\n<!-- \/ Yoast SEO Premium plugin. -->","yoast_head_json":{"title":"Plugin gratuito de Yoast SEO - ThemeHolt","robots":{"index":"index","follow":"follow","max-snippet":"max-snippet:-1","max-image-preview":"max-image-preview:large","max-video-preview":"max-video-preview:-1"},"canonical":"https:\/\/themeholt.com\/es\/product\/plugin-gratuito-de-yoast-seo\/","og_locale":"es_ES","og_type":"article","og_title":"Plugin gratuito de Yoast SEO","og_description":"Mejora tu posicionamiento en las b\u00fasquedas con todo lo que necesitas Un clic, SEO perfecto para siempre M\u00e1s de 10 millones de personas conf\u00edan en nosotros, \u00a1la herramienta de SEO n.\u00b0 1 a nivel mundial!","og_url":"https:\/\/themeholt.com\/es\/product\/plugin-gratuito-de-yoast-seo\/","og_site_name":"ThemeHolt","article_publisher":"https:\/\/www.facebook.com\/themeholtT","article_modified_time":"2024-11-06T06:39:50+00:00","og_image":[{"width":2000,"height":1334,"url":"https:\/\/themeholt.com\/wp-content\/uploads\/2024\/02\/yoast-video-seo.jpg","type":"image\/jpeg"}],"twitter_card":"summary_large_image","twitter_site":"@ThemeholtT","twitter_misc":{"Tiempo de lectura":"1 minuto"},"schema":{"@context":"https:\/\/schema.org","@graph":[{"@type":"WebPage","@id":"https:\/\/themeholt.com\/es\/product\/plugin-gratuito-de-yoast-seo\/","url":"https:\/\/themeholt.com\/es\/product\/plugin-gratuito-de-yoast-seo\/","name":"Plugin gratuito de Yoast SEO - ThemeHolt","isPartOf":{"@id":"https:\/\/themeholt.com\/#website"},"primaryImageOfPage":{"@id":"https:\/\/themeholt.com\/es\/product\/plugin-gratuito-de-yoast-seo\/#primaryimage"},"image":{"@id":"https:\/\/themeholt.com\/es\/product\/plugin-gratuito-de-yoast-seo\/#primaryimage"},"thumbnailUrl":"https:\/\/themeholt.com\/wp-content\/uploads\/2024\/02\/yoast-video-seo.jpg","datePublished":"2024-02-09T10:18:20+00:00","dateModified":"2024-11-06T06:39:50+00:00","breadcrumb":{"@id":"https:\/\/themeholt.com\/es\/product\/plugin-gratuito-de-yoast-seo\/#breadcrumb"},"inLanguage":"es","potentialAction":[{"@type":"ReadAction","target":["https:\/\/themeholt.com\/es\/product\/plugin-gratuito-de-yoast-seo\/"]}]},{"@type":"ImageObject","inLanguage":"es","@id":"https:\/\/themeholt.com\/es\/product\/plugin-gratuito-de-yoast-seo\/#primaryimage","url":"https:\/\/themeholt.com\/wp-content\/uploads\/2024\/02\/yoast-video-seo.jpg","contentUrl":"https:\/\/themeholt.com\/wp-content\/uploads\/2024\/02\/yoast-video-seo.jpg","width":2000,"height":1334},{"@type":"BreadcrumbList","@id":"https:\/\/themeholt.com\/es\/product\/plugin-gratuito-de-yoast-seo\/#breadcrumb","itemListElement":[{"@type":"ListItem","position":1,"name":"Home","item":"https:\/\/themeholt.com\/es\/"},{"@type":"ListItem","position":2,"name":"Shop","item":"https:\/\/themeholt.com\/shop\/"},{"@type":"ListItem","position":3,"name":"Plugin gratuito de Yoast SEO"}]},{"@type":"WebSite","@id":"https:\/\/themeholt.com\/#website","url":"https:\/\/themeholt.com\/","name":"ThemeHolt","description":"Themeholt is a website that offers high-quality WordPress themes","publisher":{"@id":"https:\/\/themeholt.com\/#organization"},"potentialAction":[{"@type":"SearchAction","target":{"@type":"EntryPoint","urlTemplate":"https:\/\/themeholt.com\/?s={search_term_string}"},"query-input":{"@type":"PropertyValueSpecification","valueRequired":true,"valueName":"search_term_string"}}],"inLanguage":"es"},{"@type":"Organization","@id":"https:\/\/themeholt.com\/#organization","name":"ThemeHolt","alternateName":"ThemeHolt","url":"https:\/\/themeholt.com\/","logo":{"@type":"ImageObject","inLanguage":"es","@id":"https:\/\/themeholt.com\/#\/schema\/logo\/image\/","url":"https:\/\/themeholt.com\/wp-content\/uploads\/2024\/10\/themeholt.png","contentUrl":"https:\/\/themeholt.com\/wp-content\/uploads\/2024\/10\/themeholt.png","width":225,"height":225,"caption":"ThemeHolt"},"image":{"@id":"https:\/\/themeholt.com\/#\/schema\/logo\/image\/"},"sameAs":["https:\/\/www.facebook.com\/themeholtT","https:\/\/x.com\/ThemeholtT","https:\/\/www.linkedin.com\/company\/themeholt","https:\/\/www.instagram.com\/themeholtt\/"],"description":"Themeholt is a website that offers high-quality WordPress themes that are easy to use and ready for just about everything. In Eindhoven, Netherlands, since 2020 offering simple, accessible WordPress themes by providing a variety of requirements. Themeholt focuses on practicality and efficiency, allowing faster project completion with its superior marketplace and easy-to-use templates.","legalName":"ThemeHolt","foundingDate":"2022-11-10","numberOfEmployees":{"@type":"QuantitativeValue","minValue":"51","maxValue":"200"}}]}},"_links":{"self":[{"href":"https:\/\/themeholt.com\/es\/wp-json\/wp\/v2\/product\/18244","targetHints":{"allow":["GET"]}}],"collection":[{"href":"https:\/\/themeholt.com\/es\/wp-json\/wp\/v2\/product"}],"about":[{"href":"https:\/\/themeholt.com\/es\/wp-json\/wp\/v2\/types\/product"}],"wp:featuredmedia":[{"embeddable":true,"href":"https:\/\/themeholt.com\/es\/wp-json\/wp\/v2\/media\/18247"}],"wp:attachment":[{"href":"https:\/\/themeholt.com\/es\/wp-json\/wp\/v2\/media?parent=18244"}],"wp:term":[{"taxonomy":"product_brand","embeddable":true,"href":"https:\/\/themeholt.com\/es\/wp-json\/wp\/v2\/product_brand?post=18244"},{"taxonomy":"product_cat","embeddable":true,"href":"https:\/\/themeholt.com\/es\/wp-json\/wp\/v2\/product_cat?post=18244"},{"taxonomy":"product_tag","embeddable":true,"href":"https:\/\/themeholt.com\/es\/wp-json\/wp\/v2\/product_tag?post=18244"}],"curies":[{"name":"wp","href":"https:\/\/api.w.org\/{rel}","templated":true}]}}