{"id":18250,"date":"2024-02-09T10:24:22","date_gmt":"2024-02-09T10:24:22","guid":{"rendered":"https:\/\/themeholt.com\/product\/yoast-seo-premium-plugin\/"},"modified":"2024-11-06T06:50:20","modified_gmt":"2024-11-06T06:50:20","slug":"complemento-yoast-seo-premium","status":"publish","type":"product","link":"https:\/\/themeholt.com\/es\/product\/complemento-yoast-seo-premium\/","title":{"rendered":"Complemento Yoast SEO Premium"},"content":{"rendered":"<p><span style=\"font-weight: 400\">Yoast SEO Premium es un potente complemento dise\u00f1ado para mejorar la clasificaci\u00f3n de su sitio web en los motores de b\u00fasqueda. Obtenga acceso anticipado a funciones y herramientas avanzadas para obtener una ventaja competitiva. Mejore su contenido con palabras clave espec\u00edficas y optimice para mejorar la participaci\u00f3n del usuario. El complemento genera datos de estructura de esquema compatibles con SEO, lo que garantiza que los motores de b\u00fasqueda comprendan mejor su contenido. La creaci\u00f3n autom\u00e1tica de enlaces de navegaci\u00f3n de t\u00edtulo optimiza la estructura de su sitio tanto para los usuarios como para los motores de b\u00fasqueda. Se beneficiar\u00e1 de recomendaciones y an\u00e1lisis de calidad de contenido en tiempo real, lo que garantiza que su contenido cumpla con los est\u00e1ndares de SEO. D\u00edgale adi\u00f3s a los enlaces rotos, lo que garantiza una navegaci\u00f3n fluida en el sitio para una experiencia de usuario perfecta. El complemento tambi\u00e9n maneja aspectos t\u00e9cnicos de SEO sin esfuerzo, automatizando el proceso de optimizaci\u00f3n para un mejor rendimiento del sitio web.<\/span><\/p>\n<p>&nbsp;<\/p>\n","protected":false},"excerpt":{"rendered":"<ul>\n<li>Acceso anticipado a funciones y herramientas modernas<\/li>\n<li>Posici\u00f3n m\u00e1s alta en los motores de b\u00fasqueda con palabras clave espec\u00edficas<\/li>\n<li>Optimizaci\u00f3n de palabras clave para una mayor participaci\u00f3n del usuario<\/li>\n<li>Genera datos de estructura de esquema compatibles con SEO<\/li>\n<li>Creaci\u00f3n autom\u00e1tica de enlaces de navegaci\u00f3n de t\u00edtulo<\/li>\n<li>Calidad de contenido y recomendaciones de contenido en tiempo real<\/li>\n<li>Eliminaci\u00f3n de enlaces rotos para una navegaci\u00f3n fluida en el sitio<\/li>\n<li>Gesti\u00f3n t\u00e9cnica automatizada de SEO para una optimizaci\u00f3n sin esfuerzo<\/li>\n<\/ul>\n","protected":false},"featured_media":18253,"template":"","meta":{"_acf_changed":false,"inline_featured_image":false},"product_brand":[],"product_cat":[1795],"product_tag":[],"class_list":{"0":"post-18250","1":"product","2":"type-product","3":"status-publish","4":"has-post-thumbnail","6":"product_cat-plugins-es","8":"first","9":"instock","10":"sale","11":"downloadable","12":"virtual","13":"taxable","14":"purchasable","15":"product-type-simple"},"acf":[],"yoast_head":"<!-- This site is optimized with the Yoast SEO Premium plugin v22.1 (Yoast SEO v26.0) - https:\/\/yoast.com\/wordpress\/plugins\/seo\/ -->\n<title>Complemento Yoast SEO Premium - ThemeHolt<\/title>\n<meta name=\"robots\" content=\"index, follow, max-snippet:-1, max-image-preview:large, max-video-preview:-1\" \/>\n<link rel=\"canonical\" href=\"https:\/\/themeholt.com\/es\/product\/complemento-yoast-seo-premium\/\" \/>\n<meta property=\"og:locale\" content=\"es_ES\" \/>\n<meta property=\"og:type\" content=\"article\" \/>\n<meta property=\"og:title\" content=\"Complemento Yoast SEO Premium\" \/>\n<meta property=\"og:description\" content=\"Acceso anticipado a funciones y herramientas modernas Posici\u00f3n m\u00e1s alta en los motores de b\u00fasqueda con palabras clave espec\u00edficas Optimizaci\u00f3n de palabras clave para una mayor participaci\u00f3n del usuario Genera datos de estructura de esquema compatibles con SEO Creaci\u00f3n autom\u00e1tica de enlaces de navegaci\u00f3n de t\u00edtulo Calidad de contenido y recomendaciones de contenido en tiempo real Eliminaci\u00f3n de enlaces rotos para una navegaci\u00f3n fluida en el sitio Gesti\u00f3n t\u00e9cnica automatizada de SEO para una optimizaci\u00f3n sin esfuerzo\" \/>\n<meta property=\"og:url\" content=\"https:\/\/themeholt.com\/es\/product\/complemento-yoast-seo-premium\/\" \/>\n<meta property=\"og:site_name\" content=\"ThemeHolt\" \/>\n<meta property=\"article:publisher\" content=\"https:\/\/www.facebook.com\/themeholtT\" \/>\n<meta property=\"article:modified_time\" content=\"2024-11-06T06:50:20+00:00\" \/>\n<meta property=\"og:image\" content=\"https:\/\/themeholt.com\/wp-content\/uploads\/2024\/02\/yoast-local-seo.jpg\" \/>\n\t<meta property=\"og:image:width\" content=\"2000\" \/>\n\t<meta property=\"og:image:height\" content=\"1333\" \/>\n\t<meta property=\"og:image:type\" content=\"image\/jpeg\" \/>\n<meta name=\"twitter:card\" content=\"summary_large_image\" \/>\n<meta name=\"twitter:site\" content=\"@ThemeholtT\" \/>\n<meta name=\"twitter:label1\" content=\"Tiempo de lectura\" \/>\n\t<meta name=\"twitter:data1\" content=\"1 minuto\" \/>\n<script type=\"application\/ld+json\" class=\"yoast-schema-graph\">{\"@context\":\"https:\/\/schema.org\",\"@graph\":[{\"@type\":\"WebPage\",\"@id\":\"https:\/\/themeholt.com\/es\/product\/complemento-yoast-seo-premium\/\",\"url\":\"https:\/\/themeholt.com\/es\/product\/complemento-yoast-seo-premium\/\",\"name\":\"Complemento Yoast SEO Premium - ThemeHolt\",\"isPartOf\":{\"@id\":\"https:\/\/themeholt.com\/#website\"},\"primaryImageOfPage\":{\"@id\":\"https:\/\/themeholt.com\/es\/product\/complemento-yoast-seo-premium\/#primaryimage\"},\"image\":{\"@id\":\"https:\/\/themeholt.com\/es\/product\/complemento-yoast-seo-premium\/#primaryimage\"},\"thumbnailUrl\":\"https:\/\/themeholt.com\/wp-content\/uploads\/2024\/02\/yoast-local-seo.jpg\",\"datePublished\":\"2024-02-09T10:24:22+00:00\",\"dateModified\":\"2024-11-06T06:50:20+00:00\",\"breadcrumb\":{\"@id\":\"https:\/\/themeholt.com\/es\/product\/complemento-yoast-seo-premium\/#breadcrumb\"},\"inLanguage\":\"es\",\"potentialAction\":[{\"@type\":\"ReadAction\",\"target\":[\"https:\/\/themeholt.com\/es\/product\/complemento-yoast-seo-premium\/\"]}]},{\"@type\":\"ImageObject\",\"inLanguage\":\"es\",\"@id\":\"https:\/\/themeholt.com\/es\/product\/complemento-yoast-seo-premium\/#primaryimage\",\"url\":\"https:\/\/themeholt.com\/wp-content\/uploads\/2024\/02\/yoast-local-seo.jpg\",\"contentUrl\":\"https:\/\/themeholt.com\/wp-content\/uploads\/2024\/02\/yoast-local-seo.jpg\",\"width\":2000,\"height\":1333},{\"@type\":\"BreadcrumbList\",\"@id\":\"https:\/\/themeholt.com\/es\/product\/complemento-yoast-seo-premium\/#breadcrumb\",\"itemListElement\":[{\"@type\":\"ListItem\",\"position\":1,\"name\":\"Home\",\"item\":\"https:\/\/themeholt.com\/es\/\"},{\"@type\":\"ListItem\",\"position\":2,\"name\":\"Shop\",\"item\":\"https:\/\/themeholt.com\/shop\/\"},{\"@type\":\"ListItem\",\"position\":3,\"name\":\"Complemento Yoast SEO Premium\"}]},{\"@type\":\"WebSite\",\"@id\":\"https:\/\/themeholt.com\/#website\",\"url\":\"https:\/\/themeholt.com\/\",\"name\":\"ThemeHolt\",\"description\":\"Themeholt is a website that offers high-quality WordPress themes\",\"publisher\":{\"@id\":\"https:\/\/themeholt.com\/#organization\"},\"potentialAction\":[{\"@type\":\"SearchAction\",\"target\":{\"@type\":\"EntryPoint\",\"urlTemplate\":\"https:\/\/themeholt.com\/?s={search_term_string}\"},\"query-input\":{\"@type\":\"PropertyValueSpecification\",\"valueRequired\":true,\"valueName\":\"search_term_string\"}}],\"inLanguage\":\"es\"},{\"@type\":\"Organization\",\"@id\":\"https:\/\/themeholt.com\/#organization\",\"name\":\"ThemeHolt\",\"alternateName\":\"ThemeHolt\",\"url\":\"https:\/\/themeholt.com\/\",\"logo\":{\"@type\":\"ImageObject\",\"inLanguage\":\"es\",\"@id\":\"https:\/\/themeholt.com\/#\/schema\/logo\/image\/\",\"url\":\"https:\/\/themeholt.com\/wp-content\/uploads\/2024\/10\/themeholt.png\",\"contentUrl\":\"https:\/\/themeholt.com\/wp-content\/uploads\/2024\/10\/themeholt.png\",\"width\":225,\"height\":225,\"caption\":\"ThemeHolt\"},\"image\":{\"@id\":\"https:\/\/themeholt.com\/#\/schema\/logo\/image\/\"},\"sameAs\":[\"https:\/\/www.facebook.com\/themeholtT\",\"https:\/\/x.com\/ThemeholtT\",\"https:\/\/www.linkedin.com\/company\/themeholt\",\"https:\/\/www.instagram.com\/themeholtt\/\"],\"description\":\"Themeholt is a website that offers high-quality WordPress themes that are easy to use and ready for just about everything. In Eindhoven, Netherlands, since 2020 offering simple, accessible WordPress themes by providing a variety of requirements. Themeholt focuses on practicality and efficiency, allowing faster project completion with its superior marketplace and easy-to-use templates.\",\"legalName\":\"ThemeHolt\",\"foundingDate\":\"2022-11-10\",\"numberOfEmployees\":{\"@type\":\"QuantitativeValue\",\"minValue\":\"51\",\"maxValue\":\"200\"}}]}<\/script>\n<!-- \/ Yoast SEO Premium plugin. -->","yoast_head_json":{"title":"Complemento Yoast SEO Premium - ThemeHolt","robots":{"index":"index","follow":"follow","max-snippet":"max-snippet:-1","max-image-preview":"max-image-preview:large","max-video-preview":"max-video-preview:-1"},"canonical":"https:\/\/themeholt.com\/es\/product\/complemento-yoast-seo-premium\/","og_locale":"es_ES","og_type":"article","og_title":"Complemento Yoast SEO Premium","og_description":"Acceso anticipado a funciones y herramientas modernas Posici\u00f3n m\u00e1s alta en los motores de b\u00fasqueda con palabras clave espec\u00edficas Optimizaci\u00f3n de palabras clave para una mayor participaci\u00f3n del usuario Genera datos de estructura de esquema compatibles con SEO Creaci\u00f3n autom\u00e1tica de enlaces de navegaci\u00f3n de t\u00edtulo Calidad de contenido y recomendaciones de contenido en tiempo real Eliminaci\u00f3n de enlaces rotos para una navegaci\u00f3n fluida en el sitio Gesti\u00f3n t\u00e9cnica automatizada de SEO para una optimizaci\u00f3n sin esfuerzo","og_url":"https:\/\/themeholt.com\/es\/product\/complemento-yoast-seo-premium\/","og_site_name":"ThemeHolt","article_publisher":"https:\/\/www.facebook.com\/themeholtT","article_modified_time":"2024-11-06T06:50:20+00:00","og_image":[{"width":2000,"height":1333,"url":"https:\/\/themeholt.com\/wp-content\/uploads\/2024\/02\/yoast-local-seo.jpg","type":"image\/jpeg"}],"twitter_card":"summary_large_image","twitter_site":"@ThemeholtT","twitter_misc":{"Tiempo de lectura":"1 minuto"},"schema":{"@context":"https:\/\/schema.org","@graph":[{"@type":"WebPage","@id":"https:\/\/themeholt.com\/es\/product\/complemento-yoast-seo-premium\/","url":"https:\/\/themeholt.com\/es\/product\/complemento-yoast-seo-premium\/","name":"Complemento Yoast SEO Premium - ThemeHolt","isPartOf":{"@id":"https:\/\/themeholt.com\/#website"},"primaryImageOfPage":{"@id":"https:\/\/themeholt.com\/es\/product\/complemento-yoast-seo-premium\/#primaryimage"},"image":{"@id":"https:\/\/themeholt.com\/es\/product\/complemento-yoast-seo-premium\/#primaryimage"},"thumbnailUrl":"https:\/\/themeholt.com\/wp-content\/uploads\/2024\/02\/yoast-local-seo.jpg","datePublished":"2024-02-09T10:24:22+00:00","dateModified":"2024-11-06T06:50:20+00:00","breadcrumb":{"@id":"https:\/\/themeholt.com\/es\/product\/complemento-yoast-seo-premium\/#breadcrumb"},"inLanguage":"es","potentialAction":[{"@type":"ReadAction","target":["https:\/\/themeholt.com\/es\/product\/complemento-yoast-seo-premium\/"]}]},{"@type":"ImageObject","inLanguage":"es","@id":"https:\/\/themeholt.com\/es\/product\/complemento-yoast-seo-premium\/#primaryimage","url":"https:\/\/themeholt.com\/wp-content\/uploads\/2024\/02\/yoast-local-seo.jpg","contentUrl":"https:\/\/themeholt.com\/wp-content\/uploads\/2024\/02\/yoast-local-seo.jpg","width":2000,"height":1333},{"@type":"BreadcrumbList","@id":"https:\/\/themeholt.com\/es\/product\/complemento-yoast-seo-premium\/#breadcrumb","itemListElement":[{"@type":"ListItem","position":1,"name":"Home","item":"https:\/\/themeholt.com\/es\/"},{"@type":"ListItem","position":2,"name":"Shop","item":"https:\/\/themeholt.com\/shop\/"},{"@type":"ListItem","position":3,"name":"Complemento Yoast SEO Premium"}]},{"@type":"WebSite","@id":"https:\/\/themeholt.com\/#website","url":"https:\/\/themeholt.com\/","name":"ThemeHolt","description":"Themeholt is a website that offers high-quality WordPress themes","publisher":{"@id":"https:\/\/themeholt.com\/#organization"},"potentialAction":[{"@type":"SearchAction","target":{"@type":"EntryPoint","urlTemplate":"https:\/\/themeholt.com\/?s={search_term_string}"},"query-input":{"@type":"PropertyValueSpecification","valueRequired":true,"valueName":"search_term_string"}}],"inLanguage":"es"},{"@type":"Organization","@id":"https:\/\/themeholt.com\/#organization","name":"ThemeHolt","alternateName":"ThemeHolt","url":"https:\/\/themeholt.com\/","logo":{"@type":"ImageObject","inLanguage":"es","@id":"https:\/\/themeholt.com\/#\/schema\/logo\/image\/","url":"https:\/\/themeholt.com\/wp-content\/uploads\/2024\/10\/themeholt.png","contentUrl":"https:\/\/themeholt.com\/wp-content\/uploads\/2024\/10\/themeholt.png","width":225,"height":225,"caption":"ThemeHolt"},"image":{"@id":"https:\/\/themeholt.com\/#\/schema\/logo\/image\/"},"sameAs":["https:\/\/www.facebook.com\/themeholtT","https:\/\/x.com\/ThemeholtT","https:\/\/www.linkedin.com\/company\/themeholt","https:\/\/www.instagram.com\/themeholtt\/"],"description":"Themeholt is a website that offers high-quality WordPress themes that are easy to use and ready for just about everything. In Eindhoven, Netherlands, since 2020 offering simple, accessible WordPress themes by providing a variety of requirements. Themeholt focuses on practicality and efficiency, allowing faster project completion with its superior marketplace and easy-to-use templates.","legalName":"ThemeHolt","foundingDate":"2022-11-10","numberOfEmployees":{"@type":"QuantitativeValue","minValue":"51","maxValue":"200"}}]}},"_links":{"self":[{"href":"https:\/\/themeholt.com\/es\/wp-json\/wp\/v2\/product\/18250","targetHints":{"allow":["GET"]}}],"collection":[{"href":"https:\/\/themeholt.com\/es\/wp-json\/wp\/v2\/product"}],"about":[{"href":"https:\/\/themeholt.com\/es\/wp-json\/wp\/v2\/types\/product"}],"wp:featuredmedia":[{"embeddable":true,"href":"https:\/\/themeholt.com\/es\/wp-json\/wp\/v2\/media\/18253"}],"wp:attachment":[{"href":"https:\/\/themeholt.com\/es\/wp-json\/wp\/v2\/media?parent=18250"}],"wp:term":[{"taxonomy":"product_brand","embeddable":true,"href":"https:\/\/themeholt.com\/es\/wp-json\/wp\/v2\/product_brand?post=18250"},{"taxonomy":"product_cat","embeddable":true,"href":"https:\/\/themeholt.com\/es\/wp-json\/wp\/v2\/product_cat?post=18250"},{"taxonomy":"product_tag","embeddable":true,"href":"https:\/\/themeholt.com\/es\/wp-json\/wp\/v2\/product_tag?post=18250"}],"curies":[{"name":"wp","href":"https:\/\/api.w.org\/{rel}","templated":true}]}}