{"id":18257,"date":"2024-02-09T10:31:05","date_gmt":"2024-02-09T10:31:05","guid":{"rendered":"https:\/\/themeholt.com\/product\/yoast-seo-premium-addons\/"},"modified":"2024-11-06T06:57:25","modified_gmt":"2024-11-06T06:57:25","slug":"complementos-premium-de-yoast-seo","status":"publish","type":"product","link":"https:\/\/themeholt.com\/es\/product\/complementos-premium-de-yoast-seo\/","title":{"rendered":"Complementos premium de Yoast Seo"},"content":{"rendered":"<p><span style=\"font-weight: 400\">Suscr\u00edbete a nuestra suscripci\u00f3n de complementos para acceder a 5 complementos de SEO y aumentar el rendimiento de tu sitio web sin esfuerzo. Obt\u00e9n un a\u00f1o completo de actualizaciones simples y soporte las 24 horas, lo que garantiza que tus complementos se mantengan avanzados. Este paquete todo incluido no solo ofrece comodidad, sino tambi\u00e9n grandes ahorros. Sin lujos, solo soluciones pr\u00e1cticas para mejorar tu presencia en l\u00ednea. Mantente a la vanguardia en el panorama digital con esta suscripci\u00f3n, dise\u00f1ada para la simplicidad y la eficacia. Desbloquea el poder de cinco complementos de SEO esenciales, respaldados por mejoras continuas y asistencia confiable. Mejora tu experiencia web con una suscripci\u00f3n sencilla que prioriza el \u00e9xito de tu sitio web.<\/span><\/p>\n","protected":false},"excerpt":{"rendered":"<ul>\n<li><span style=\"font-weight: 400\">Obt\u00e9n acceso a 5 complementos: es decir, local-seo, news-seo, video-seo, woocommerce-seo y el complemento de SEO<\/span><\/li>\n<li><span style=\"font-weight: 400\">1 a\u00f1o de actualizaciones y soporte integrales<\/span><\/li>\n<li><span style=\"font-weight: 400\">\u00a1Obt\u00e9n todo lo que necesitas a un precio m\u00e1s bajo!<\/span><\/li>\n<\/ul>\n","protected":false},"featured_media":18252,"template":"","meta":{"_acf_changed":false,"inline_featured_image":false},"product_brand":[],"product_cat":[1795],"product_tag":[],"class_list":{"0":"post-18257","1":"product","2":"type-product","3":"status-publish","4":"has-post-thumbnail","6":"product_cat-plugins-es","8":"first","9":"instock","10":"sale","11":"downloadable","12":"virtual","13":"taxable","14":"purchasable","15":"product-type-simple"},"acf":[],"yoast_head":"<!-- This site is optimized with the Yoast SEO Premium plugin v22.1 (Yoast SEO v26.0) - https:\/\/yoast.com\/wordpress\/plugins\/seo\/ -->\n<title>Complementos premium de Yoast Seo - ThemeHolt<\/title>\n<meta name=\"robots\" content=\"index, follow, max-snippet:-1, max-image-preview:large, max-video-preview:-1\" \/>\n<link rel=\"canonical\" href=\"https:\/\/themeholt.com\/es\/product\/complementos-premium-de-yoast-seo\/\" \/>\n<meta property=\"og:locale\" content=\"es_ES\" \/>\n<meta property=\"og:type\" content=\"article\" \/>\n<meta property=\"og:title\" content=\"Complementos premium de Yoast Seo\" \/>\n<meta property=\"og:description\" content=\"Obt\u00e9n acceso a 5 complementos: es decir, local-seo, news-seo, video-seo, woocommerce-seo y el complemento de SEO 1 a\u00f1o de actualizaciones y soporte integrales \u00a1Obt\u00e9n todo lo que necesitas a un precio m\u00e1s bajo!\" \/>\n<meta property=\"og:url\" content=\"https:\/\/themeholt.com\/es\/product\/complementos-premium-de-yoast-seo\/\" \/>\n<meta property=\"og:site_name\" content=\"ThemeHolt\" \/>\n<meta property=\"article:publisher\" content=\"https:\/\/www.facebook.com\/themeholtT\" \/>\n<meta property=\"article:modified_time\" content=\"2024-11-06T06:57:25+00:00\" \/>\n<meta property=\"og:image\" content=\"https:\/\/themeholt.com\/wp-content\/uploads\/2024\/02\/yoast-ecommerce-seo.jpg\" \/>\n\t<meta property=\"og:image:width\" content=\"2000\" \/>\n\t<meta property=\"og:image:height\" content=\"1333\" \/>\n\t<meta property=\"og:image:type\" content=\"image\/jpeg\" \/>\n<meta name=\"twitter:card\" content=\"summary_large_image\" \/>\n<meta name=\"twitter:site\" content=\"@ThemeholtT\" \/>\n<meta name=\"twitter:label1\" content=\"Tiempo de lectura\" \/>\n\t<meta name=\"twitter:data1\" content=\"1 minuto\" \/>\n<script type=\"application\/ld+json\" class=\"yoast-schema-graph\">{\"@context\":\"https:\/\/schema.org\",\"@graph\":[{\"@type\":\"WebPage\",\"@id\":\"https:\/\/themeholt.com\/es\/product\/complementos-premium-de-yoast-seo\/\",\"url\":\"https:\/\/themeholt.com\/es\/product\/complementos-premium-de-yoast-seo\/\",\"name\":\"Complementos premium de Yoast Seo - ThemeHolt\",\"isPartOf\":{\"@id\":\"https:\/\/themeholt.com\/#website\"},\"primaryImageOfPage\":{\"@id\":\"https:\/\/themeholt.com\/es\/product\/complementos-premium-de-yoast-seo\/#primaryimage\"},\"image\":{\"@id\":\"https:\/\/themeholt.com\/es\/product\/complementos-premium-de-yoast-seo\/#primaryimage\"},\"thumbnailUrl\":\"https:\/\/themeholt.com\/wp-content\/uploads\/2024\/02\/yoast-ecommerce-seo.jpg\",\"datePublished\":\"2024-02-09T10:31:05+00:00\",\"dateModified\":\"2024-11-06T06:57:25+00:00\",\"breadcrumb\":{\"@id\":\"https:\/\/themeholt.com\/es\/product\/complementos-premium-de-yoast-seo\/#breadcrumb\"},\"inLanguage\":\"es\",\"potentialAction\":[{\"@type\":\"ReadAction\",\"target\":[\"https:\/\/themeholt.com\/es\/product\/complementos-premium-de-yoast-seo\/\"]}]},{\"@type\":\"ImageObject\",\"inLanguage\":\"es\",\"@id\":\"https:\/\/themeholt.com\/es\/product\/complementos-premium-de-yoast-seo\/#primaryimage\",\"url\":\"https:\/\/themeholt.com\/wp-content\/uploads\/2024\/02\/yoast-ecommerce-seo.jpg\",\"contentUrl\":\"https:\/\/themeholt.com\/wp-content\/uploads\/2024\/02\/yoast-ecommerce-seo.jpg\",\"width\":2000,\"height\":1333},{\"@type\":\"BreadcrumbList\",\"@id\":\"https:\/\/themeholt.com\/es\/product\/complementos-premium-de-yoast-seo\/#breadcrumb\",\"itemListElement\":[{\"@type\":\"ListItem\",\"position\":1,\"name\":\"Home\",\"item\":\"https:\/\/themeholt.com\/es\/\"},{\"@type\":\"ListItem\",\"position\":2,\"name\":\"Shop\",\"item\":\"https:\/\/themeholt.com\/shop\/\"},{\"@type\":\"ListItem\",\"position\":3,\"name\":\"Complementos premium de Yoast Seo\"}]},{\"@type\":\"WebSite\",\"@id\":\"https:\/\/themeholt.com\/#website\",\"url\":\"https:\/\/themeholt.com\/\",\"name\":\"ThemeHolt\",\"description\":\"Themeholt is a website that offers high-quality WordPress themes\",\"publisher\":{\"@id\":\"https:\/\/themeholt.com\/#organization\"},\"potentialAction\":[{\"@type\":\"SearchAction\",\"target\":{\"@type\":\"EntryPoint\",\"urlTemplate\":\"https:\/\/themeholt.com\/?s={search_term_string}\"},\"query-input\":{\"@type\":\"PropertyValueSpecification\",\"valueRequired\":true,\"valueName\":\"search_term_string\"}}],\"inLanguage\":\"es\"},{\"@type\":\"Organization\",\"@id\":\"https:\/\/themeholt.com\/#organization\",\"name\":\"ThemeHolt\",\"alternateName\":\"ThemeHolt\",\"url\":\"https:\/\/themeholt.com\/\",\"logo\":{\"@type\":\"ImageObject\",\"inLanguage\":\"es\",\"@id\":\"https:\/\/themeholt.com\/#\/schema\/logo\/image\/\",\"url\":\"https:\/\/themeholt.com\/wp-content\/uploads\/2024\/10\/themeholt.png\",\"contentUrl\":\"https:\/\/themeholt.com\/wp-content\/uploads\/2024\/10\/themeholt.png\",\"width\":225,\"height\":225,\"caption\":\"ThemeHolt\"},\"image\":{\"@id\":\"https:\/\/themeholt.com\/#\/schema\/logo\/image\/\"},\"sameAs\":[\"https:\/\/www.facebook.com\/themeholtT\",\"https:\/\/x.com\/ThemeholtT\",\"https:\/\/www.linkedin.com\/company\/themeholt\",\"https:\/\/www.instagram.com\/themeholtt\/\"],\"description\":\"Themeholt is a website that offers high-quality WordPress themes that are easy to use and ready for just about everything. In Eindhoven, Netherlands, since 2020 offering simple, accessible WordPress themes by providing a variety of requirements. Themeholt focuses on practicality and efficiency, allowing faster project completion with its superior marketplace and easy-to-use templates.\",\"legalName\":\"ThemeHolt\",\"foundingDate\":\"2022-11-10\",\"numberOfEmployees\":{\"@type\":\"QuantitativeValue\",\"minValue\":\"51\",\"maxValue\":\"200\"}}]}<\/script>\n<!-- \/ Yoast SEO Premium plugin. -->","yoast_head_json":{"title":"Complementos premium de Yoast Seo - ThemeHolt","robots":{"index":"index","follow":"follow","max-snippet":"max-snippet:-1","max-image-preview":"max-image-preview:large","max-video-preview":"max-video-preview:-1"},"canonical":"https:\/\/themeholt.com\/es\/product\/complementos-premium-de-yoast-seo\/","og_locale":"es_ES","og_type":"article","og_title":"Complementos premium de Yoast Seo","og_description":"Obt\u00e9n acceso a 5 complementos: es decir, local-seo, news-seo, video-seo, woocommerce-seo y el complemento de SEO 1 a\u00f1o de actualizaciones y soporte integrales \u00a1Obt\u00e9n todo lo que necesitas a un precio m\u00e1s bajo!","og_url":"https:\/\/themeholt.com\/es\/product\/complementos-premium-de-yoast-seo\/","og_site_name":"ThemeHolt","article_publisher":"https:\/\/www.facebook.com\/themeholtT","article_modified_time":"2024-11-06T06:57:25+00:00","og_image":[{"width":2000,"height":1333,"url":"https:\/\/themeholt.com\/wp-content\/uploads\/2024\/02\/yoast-ecommerce-seo.jpg","type":"image\/jpeg"}],"twitter_card":"summary_large_image","twitter_site":"@ThemeholtT","twitter_misc":{"Tiempo de lectura":"1 minuto"},"schema":{"@context":"https:\/\/schema.org","@graph":[{"@type":"WebPage","@id":"https:\/\/themeholt.com\/es\/product\/complementos-premium-de-yoast-seo\/","url":"https:\/\/themeholt.com\/es\/product\/complementos-premium-de-yoast-seo\/","name":"Complementos premium de Yoast Seo - ThemeHolt","isPartOf":{"@id":"https:\/\/themeholt.com\/#website"},"primaryImageOfPage":{"@id":"https:\/\/themeholt.com\/es\/product\/complementos-premium-de-yoast-seo\/#primaryimage"},"image":{"@id":"https:\/\/themeholt.com\/es\/product\/complementos-premium-de-yoast-seo\/#primaryimage"},"thumbnailUrl":"https:\/\/themeholt.com\/wp-content\/uploads\/2024\/02\/yoast-ecommerce-seo.jpg","datePublished":"2024-02-09T10:31:05+00:00","dateModified":"2024-11-06T06:57:25+00:00","breadcrumb":{"@id":"https:\/\/themeholt.com\/es\/product\/complementos-premium-de-yoast-seo\/#breadcrumb"},"inLanguage":"es","potentialAction":[{"@type":"ReadAction","target":["https:\/\/themeholt.com\/es\/product\/complementos-premium-de-yoast-seo\/"]}]},{"@type":"ImageObject","inLanguage":"es","@id":"https:\/\/themeholt.com\/es\/product\/complementos-premium-de-yoast-seo\/#primaryimage","url":"https:\/\/themeholt.com\/wp-content\/uploads\/2024\/02\/yoast-ecommerce-seo.jpg","contentUrl":"https:\/\/themeholt.com\/wp-content\/uploads\/2024\/02\/yoast-ecommerce-seo.jpg","width":2000,"height":1333},{"@type":"BreadcrumbList","@id":"https:\/\/themeholt.com\/es\/product\/complementos-premium-de-yoast-seo\/#breadcrumb","itemListElement":[{"@type":"ListItem","position":1,"name":"Home","item":"https:\/\/themeholt.com\/es\/"},{"@type":"ListItem","position":2,"name":"Shop","item":"https:\/\/themeholt.com\/shop\/"},{"@type":"ListItem","position":3,"name":"Complementos premium de Yoast Seo"}]},{"@type":"WebSite","@id":"https:\/\/themeholt.com\/#website","url":"https:\/\/themeholt.com\/","name":"ThemeHolt","description":"Themeholt is a website that offers high-quality WordPress themes","publisher":{"@id":"https:\/\/themeholt.com\/#organization"},"potentialAction":[{"@type":"SearchAction","target":{"@type":"EntryPoint","urlTemplate":"https:\/\/themeholt.com\/?s={search_term_string}"},"query-input":{"@type":"PropertyValueSpecification","valueRequired":true,"valueName":"search_term_string"}}],"inLanguage":"es"},{"@type":"Organization","@id":"https:\/\/themeholt.com\/#organization","name":"ThemeHolt","alternateName":"ThemeHolt","url":"https:\/\/themeholt.com\/","logo":{"@type":"ImageObject","inLanguage":"es","@id":"https:\/\/themeholt.com\/#\/schema\/logo\/image\/","url":"https:\/\/themeholt.com\/wp-content\/uploads\/2024\/10\/themeholt.png","contentUrl":"https:\/\/themeholt.com\/wp-content\/uploads\/2024\/10\/themeholt.png","width":225,"height":225,"caption":"ThemeHolt"},"image":{"@id":"https:\/\/themeholt.com\/#\/schema\/logo\/image\/"},"sameAs":["https:\/\/www.facebook.com\/themeholtT","https:\/\/x.com\/ThemeholtT","https:\/\/www.linkedin.com\/company\/themeholt","https:\/\/www.instagram.com\/themeholtt\/"],"description":"Themeholt is a website that offers high-quality WordPress themes that are easy to use and ready for just about everything. In Eindhoven, Netherlands, since 2020 offering simple, accessible WordPress themes by providing a variety of requirements. Themeholt focuses on practicality and efficiency, allowing faster project completion with its superior marketplace and easy-to-use templates.","legalName":"ThemeHolt","foundingDate":"2022-11-10","numberOfEmployees":{"@type":"QuantitativeValue","minValue":"51","maxValue":"200"}}]}},"_links":{"self":[{"href":"https:\/\/themeholt.com\/es\/wp-json\/wp\/v2\/product\/18257","targetHints":{"allow":["GET"]}}],"collection":[{"href":"https:\/\/themeholt.com\/es\/wp-json\/wp\/v2\/product"}],"about":[{"href":"https:\/\/themeholt.com\/es\/wp-json\/wp\/v2\/types\/product"}],"wp:featuredmedia":[{"embeddable":true,"href":"https:\/\/themeholt.com\/es\/wp-json\/wp\/v2\/media\/18252"}],"wp:attachment":[{"href":"https:\/\/themeholt.com\/es\/wp-json\/wp\/v2\/media?parent=18257"}],"wp:term":[{"taxonomy":"product_brand","embeddable":true,"href":"https:\/\/themeholt.com\/es\/wp-json\/wp\/v2\/product_brand?post=18257"},{"taxonomy":"product_cat","embeddable":true,"href":"https:\/\/themeholt.com\/es\/wp-json\/wp\/v2\/product_cat?post=18257"},{"taxonomy":"product_tag","embeddable":true,"href":"https:\/\/themeholt.com\/es\/wp-json\/wp\/v2\/product_tag?post=18257"}],"curies":[{"name":"wp","href":"https:\/\/api.w.org\/{rel}","templated":true}]}}