{"id":18281,"date":"2023-10-11T04:56:47","date_gmt":"2023-10-11T04:56:47","guid":{"rendered":"https:\/\/themeholt.com\/product\/inusti-industrial-factory-business\/"},"modified":"2024-11-06T07:25:36","modified_gmt":"2024-11-06T07:25:36","slug":"negocio-de-la-fabrica-industrial-inusti","status":"publish","type":"product","link":"https:\/\/themeholt.com\/es\/product\/negocio-de-la-fabrica-industrial-inusti\/","title":{"rendered":"Negocio de la f\u00e1brica industrial Inusti"},"content":{"rendered":"<p>Experimente el ep\u00edtome del \u00e9xito digital para su negocio de f\u00e1brica industrial con el tema de WordPress para empresas de f\u00e1brica industrial Inusti. Dise\u00f1ado espec\u00edficamente para f\u00e1bricas, plantas industriales, talleres y empresas manufactureras, este tema es una soluci\u00f3n integral para mejorar su presencia en l\u00ednea.<\/p>\n<p>El tema de WordPress para empresas de f\u00e1brica industrial Inusti es la soluci\u00f3n definitiva tanto para l\u00edderes de la industria establecidos como para empresas emergentes de fabricaci\u00f3n en expansi\u00f3n. Genere una impresi\u00f3n indeleble en sus clientes, gane su confianza y lleve su negocio a nuevas alturas. Inicie su transformaci\u00f3n digital hoy y sea testigo del notable impacto en su presencia en l\u00ednea.<\/p>\n","protected":false},"excerpt":{"rendered":"<ul>\n<li>Dise\u00f1o limpio<\/li>\n<li>Apariencia profesional<\/li>\n<li>Dise\u00f1o adaptable<\/li>\n<li>Optimizado para SEO<\/li>\n<li>Tema totalmente personalizable<\/li>\n<li>Creador de p\u00e1ginas Elementor<\/li>\n<li>Listo para WooCommerce<\/li>\n<li>Seguridad y cumplimiento<\/li>\n<\/ul>\n","protected":false},"featured_media":18283,"template":"","meta":{"_acf_changed":false,"inline_featured_image":false},"product_brand":[],"product_cat":[1772],"product_tag":[1802],"class_list":{"0":"post-18281","1":"product","2":"type-product","3":"status-publish","4":"has-post-thumbnail","6":"product_cat-corporate-business-ru","7":"product_tag-business-wordpress-theme-ru","9":"first","10":"instock","11":"sale","12":"downloadable","13":"taxable","14":"shipping-taxable","15":"purchasable","16":"product-type-simple"},"acf":[],"yoast_head":"<!-- This site is optimized with the Yoast SEO Premium plugin v22.1 (Yoast SEO v26.0) - https:\/\/yoast.com\/wordpress\/plugins\/seo\/ -->\n<title>Negocios en la f\u00e1brica industrial Inusti | Temas premium de WordPress<\/title>\n<meta name=\"description\" content=\"Transforme el sitio web de su f\u00e1brica industrial con los temas premium de WordPress para empresas de f\u00e1bricas industriales de Inusti. Mejore su negocio f\u00e1cilmente. \u00a1Compre ahora!\" \/>\n<meta name=\"robots\" content=\"index, follow, max-snippet:-1, max-image-preview:large, max-video-preview:-1\" \/>\n<link rel=\"canonical\" href=\"https:\/\/themeholt.com\/es\/product\/negocio-de-la-fabrica-industrial-inusti\/\" \/>\n<meta property=\"og:locale\" content=\"es_ES\" \/>\n<meta property=\"og:type\" content=\"article\" \/>\n<meta property=\"og:title\" content=\"Negocio de la f\u00e1brica industrial Inusti\" \/>\n<meta property=\"og:description\" content=\"Transforme el sitio web de su f\u00e1brica industrial con los temas premium de WordPress para empresas de f\u00e1bricas industriales de Inusti. Mejore su negocio f\u00e1cilmente. \u00a1Compre ahora!\" \/>\n<meta property=\"og:url\" content=\"https:\/\/themeholt.com\/es\/product\/negocio-de-la-fabrica-industrial-inusti\/\" \/>\n<meta property=\"og:site_name\" content=\"ThemeHolt\" \/>\n<meta property=\"article:publisher\" content=\"https:\/\/www.facebook.com\/themeholtT\" \/>\n<meta property=\"article:modified_time\" content=\"2024-11-06T07:25:36+00:00\" \/>\n<meta property=\"og:image\" content=\"https:\/\/themeholt.com\/wp-content\/uploads\/2023\/10\/356.png\" \/>\n\t<meta property=\"og:image:width\" content=\"1365\" \/>\n\t<meta property=\"og:image:height\" content=\"1202\" \/>\n\t<meta property=\"og:image:type\" content=\"image\/png\" \/>\n<meta name=\"twitter:card\" content=\"summary_large_image\" \/>\n<meta name=\"twitter:site\" content=\"@ThemeholtT\" \/>\n<meta name=\"twitter:label1\" content=\"Tiempo de lectura\" \/>\n\t<meta name=\"twitter:data1\" content=\"1 minuto\" \/>\n<script type=\"application\/ld+json\" class=\"yoast-schema-graph\">{\"@context\":\"https:\/\/schema.org\",\"@graph\":[{\"@type\":\"WebPage\",\"@id\":\"https:\/\/themeholt.com\/es\/product\/negocio-de-la-fabrica-industrial-inusti\/\",\"url\":\"https:\/\/themeholt.com\/es\/product\/negocio-de-la-fabrica-industrial-inusti\/\",\"name\":\"Negocios en la f\u00e1brica industrial Inusti | Temas premium de WordPress\",\"isPartOf\":{\"@id\":\"https:\/\/themeholt.com\/#website\"},\"primaryImageOfPage\":{\"@id\":\"https:\/\/themeholt.com\/es\/product\/negocio-de-la-fabrica-industrial-inusti\/#primaryimage\"},\"image\":{\"@id\":\"https:\/\/themeholt.com\/es\/product\/negocio-de-la-fabrica-industrial-inusti\/#primaryimage\"},\"thumbnailUrl\":\"https:\/\/themeholt.com\/wp-content\/uploads\/2023\/10\/356.png\",\"datePublished\":\"2023-10-11T04:56:47+00:00\",\"dateModified\":\"2024-11-06T07:25:36+00:00\",\"description\":\"Transforme el sitio web de su f\u00e1brica industrial con los temas premium de WordPress para empresas de f\u00e1bricas industriales de Inusti. Mejore su negocio f\u00e1cilmente. \u00a1Compre ahora!\",\"breadcrumb\":{\"@id\":\"https:\/\/themeholt.com\/es\/product\/negocio-de-la-fabrica-industrial-inusti\/#breadcrumb\"},\"inLanguage\":\"es\",\"potentialAction\":[{\"@type\":\"ReadAction\",\"target\":[\"https:\/\/themeholt.com\/es\/product\/negocio-de-la-fabrica-industrial-inusti\/\"]}]},{\"@type\":\"ImageObject\",\"inLanguage\":\"es\",\"@id\":\"https:\/\/themeholt.com\/es\/product\/negocio-de-la-fabrica-industrial-inusti\/#primaryimage\",\"url\":\"https:\/\/themeholt.com\/wp-content\/uploads\/2023\/10\/356.png\",\"contentUrl\":\"https:\/\/themeholt.com\/wp-content\/uploads\/2023\/10\/356.png\",\"width\":1365,\"height\":1202},{\"@type\":\"BreadcrumbList\",\"@id\":\"https:\/\/themeholt.com\/es\/product\/negocio-de-la-fabrica-industrial-inusti\/#breadcrumb\",\"itemListElement\":[{\"@type\":\"ListItem\",\"position\":1,\"name\":\"Home\",\"item\":\"https:\/\/themeholt.com\/es\/\"},{\"@type\":\"ListItem\",\"position\":2,\"name\":\"Shop\",\"item\":\"https:\/\/themeholt.com\/shop\/\"},{\"@type\":\"ListItem\",\"position\":3,\"name\":\"Negocio de la f\u00e1brica industrial Inusti\"}]},{\"@type\":\"WebSite\",\"@id\":\"https:\/\/themeholt.com\/#website\",\"url\":\"https:\/\/themeholt.com\/\",\"name\":\"ThemeHolt\",\"description\":\"Themeholt is a website that offers high-quality WordPress themes\",\"publisher\":{\"@id\":\"https:\/\/themeholt.com\/#organization\"},\"potentialAction\":[{\"@type\":\"SearchAction\",\"target\":{\"@type\":\"EntryPoint\",\"urlTemplate\":\"https:\/\/themeholt.com\/?s={search_term_string}\"},\"query-input\":{\"@type\":\"PropertyValueSpecification\",\"valueRequired\":true,\"valueName\":\"search_term_string\"}}],\"inLanguage\":\"es\"},{\"@type\":\"Organization\",\"@id\":\"https:\/\/themeholt.com\/#organization\",\"name\":\"ThemeHolt\",\"alternateName\":\"ThemeHolt\",\"url\":\"https:\/\/themeholt.com\/\",\"logo\":{\"@type\":\"ImageObject\",\"inLanguage\":\"es\",\"@id\":\"https:\/\/themeholt.com\/#\/schema\/logo\/image\/\",\"url\":\"https:\/\/themeholt.com\/wp-content\/uploads\/2024\/10\/themeholt.png\",\"contentUrl\":\"https:\/\/themeholt.com\/wp-content\/uploads\/2024\/10\/themeholt.png\",\"width\":225,\"height\":225,\"caption\":\"ThemeHolt\"},\"image\":{\"@id\":\"https:\/\/themeholt.com\/#\/schema\/logo\/image\/\"},\"sameAs\":[\"https:\/\/www.facebook.com\/themeholtT\",\"https:\/\/x.com\/ThemeholtT\",\"https:\/\/www.linkedin.com\/company\/themeholt\",\"https:\/\/www.instagram.com\/themeholtt\/\"],\"description\":\"Themeholt is a website that offers high-quality WordPress themes that are easy to use and ready for just about everything. In Eindhoven, Netherlands, since 2020 offering simple, accessible WordPress themes by providing a variety of requirements. Themeholt focuses on practicality and efficiency, allowing faster project completion with its superior marketplace and easy-to-use templates.\",\"legalName\":\"ThemeHolt\",\"foundingDate\":\"2022-11-10\",\"numberOfEmployees\":{\"@type\":\"QuantitativeValue\",\"minValue\":\"51\",\"maxValue\":\"200\"}}]}<\/script>\n<!-- \/ Yoast SEO Premium plugin. -->","yoast_head_json":{"title":"Negocios en la f\u00e1brica industrial Inusti | Temas premium de WordPress","description":"Transforme el sitio web de su f\u00e1brica industrial con los temas premium de WordPress para empresas de f\u00e1bricas industriales de Inusti. Mejore su negocio f\u00e1cilmente. \u00a1Compre ahora!","robots":{"index":"index","follow":"follow","max-snippet":"max-snippet:-1","max-image-preview":"max-image-preview:large","max-video-preview":"max-video-preview:-1"},"canonical":"https:\/\/themeholt.com\/es\/product\/negocio-de-la-fabrica-industrial-inusti\/","og_locale":"es_ES","og_type":"article","og_title":"Negocio de la f\u00e1brica industrial Inusti","og_description":"Transforme el sitio web de su f\u00e1brica industrial con los temas premium de WordPress para empresas de f\u00e1bricas industriales de Inusti. Mejore su negocio f\u00e1cilmente. \u00a1Compre ahora!","og_url":"https:\/\/themeholt.com\/es\/product\/negocio-de-la-fabrica-industrial-inusti\/","og_site_name":"ThemeHolt","article_publisher":"https:\/\/www.facebook.com\/themeholtT","article_modified_time":"2024-11-06T07:25:36+00:00","og_image":[{"width":1365,"height":1202,"url":"https:\/\/themeholt.com\/wp-content\/uploads\/2023\/10\/356.png","type":"image\/png"}],"twitter_card":"summary_large_image","twitter_site":"@ThemeholtT","twitter_misc":{"Tiempo de lectura":"1 minuto"},"schema":{"@context":"https:\/\/schema.org","@graph":[{"@type":"WebPage","@id":"https:\/\/themeholt.com\/es\/product\/negocio-de-la-fabrica-industrial-inusti\/","url":"https:\/\/themeholt.com\/es\/product\/negocio-de-la-fabrica-industrial-inusti\/","name":"Negocios en la f\u00e1brica industrial Inusti | Temas premium de WordPress","isPartOf":{"@id":"https:\/\/themeholt.com\/#website"},"primaryImageOfPage":{"@id":"https:\/\/themeholt.com\/es\/product\/negocio-de-la-fabrica-industrial-inusti\/#primaryimage"},"image":{"@id":"https:\/\/themeholt.com\/es\/product\/negocio-de-la-fabrica-industrial-inusti\/#primaryimage"},"thumbnailUrl":"https:\/\/themeholt.com\/wp-content\/uploads\/2023\/10\/356.png","datePublished":"2023-10-11T04:56:47+00:00","dateModified":"2024-11-06T07:25:36+00:00","description":"Transforme el sitio web de su f\u00e1brica industrial con los temas premium de WordPress para empresas de f\u00e1bricas industriales de Inusti. Mejore su negocio f\u00e1cilmente. \u00a1Compre ahora!","breadcrumb":{"@id":"https:\/\/themeholt.com\/es\/product\/negocio-de-la-fabrica-industrial-inusti\/#breadcrumb"},"inLanguage":"es","potentialAction":[{"@type":"ReadAction","target":["https:\/\/themeholt.com\/es\/product\/negocio-de-la-fabrica-industrial-inusti\/"]}]},{"@type":"ImageObject","inLanguage":"es","@id":"https:\/\/themeholt.com\/es\/product\/negocio-de-la-fabrica-industrial-inusti\/#primaryimage","url":"https:\/\/themeholt.com\/wp-content\/uploads\/2023\/10\/356.png","contentUrl":"https:\/\/themeholt.com\/wp-content\/uploads\/2023\/10\/356.png","width":1365,"height":1202},{"@type":"BreadcrumbList","@id":"https:\/\/themeholt.com\/es\/product\/negocio-de-la-fabrica-industrial-inusti\/#breadcrumb","itemListElement":[{"@type":"ListItem","position":1,"name":"Home","item":"https:\/\/themeholt.com\/es\/"},{"@type":"ListItem","position":2,"name":"Shop","item":"https:\/\/themeholt.com\/shop\/"},{"@type":"ListItem","position":3,"name":"Negocio de la f\u00e1brica industrial Inusti"}]},{"@type":"WebSite","@id":"https:\/\/themeholt.com\/#website","url":"https:\/\/themeholt.com\/","name":"ThemeHolt","description":"Themeholt is a website that offers high-quality WordPress themes","publisher":{"@id":"https:\/\/themeholt.com\/#organization"},"potentialAction":[{"@type":"SearchAction","target":{"@type":"EntryPoint","urlTemplate":"https:\/\/themeholt.com\/?s={search_term_string}"},"query-input":{"@type":"PropertyValueSpecification","valueRequired":true,"valueName":"search_term_string"}}],"inLanguage":"es"},{"@type":"Organization","@id":"https:\/\/themeholt.com\/#organization","name":"ThemeHolt","alternateName":"ThemeHolt","url":"https:\/\/themeholt.com\/","logo":{"@type":"ImageObject","inLanguage":"es","@id":"https:\/\/themeholt.com\/#\/schema\/logo\/image\/","url":"https:\/\/themeholt.com\/wp-content\/uploads\/2024\/10\/themeholt.png","contentUrl":"https:\/\/themeholt.com\/wp-content\/uploads\/2024\/10\/themeholt.png","width":225,"height":225,"caption":"ThemeHolt"},"image":{"@id":"https:\/\/themeholt.com\/#\/schema\/logo\/image\/"},"sameAs":["https:\/\/www.facebook.com\/themeholtT","https:\/\/x.com\/ThemeholtT","https:\/\/www.linkedin.com\/company\/themeholt","https:\/\/www.instagram.com\/themeholtt\/"],"description":"Themeholt is a website that offers high-quality WordPress themes that are easy to use and ready for just about everything. In Eindhoven, Netherlands, since 2020 offering simple, accessible WordPress themes by providing a variety of requirements. Themeholt focuses on practicality and efficiency, allowing faster project completion with its superior marketplace and easy-to-use templates.","legalName":"ThemeHolt","foundingDate":"2022-11-10","numberOfEmployees":{"@type":"QuantitativeValue","minValue":"51","maxValue":"200"}}]}},"_links":{"self":[{"href":"https:\/\/themeholt.com\/es\/wp-json\/wp\/v2\/product\/18281","targetHints":{"allow":["GET"]}}],"collection":[{"href":"https:\/\/themeholt.com\/es\/wp-json\/wp\/v2\/product"}],"about":[{"href":"https:\/\/themeholt.com\/es\/wp-json\/wp\/v2\/types\/product"}],"wp:featuredmedia":[{"embeddable":true,"href":"https:\/\/themeholt.com\/es\/wp-json\/wp\/v2\/media\/18283"}],"wp:attachment":[{"href":"https:\/\/themeholt.com\/es\/wp-json\/wp\/v2\/media?parent=18281"}],"wp:term":[{"taxonomy":"product_brand","embeddable":true,"href":"https:\/\/themeholt.com\/es\/wp-json\/wp\/v2\/product_brand?post=18281"},{"taxonomy":"product_cat","embeddable":true,"href":"https:\/\/themeholt.com\/es\/wp-json\/wp\/v2\/product_cat?post=18281"},{"taxonomy":"product_tag","embeddable":true,"href":"https:\/\/themeholt.com\/es\/wp-json\/wp\/v2\/product_tag?post=18281"}],"curies":[{"name":"wp","href":"https:\/\/api.w.org\/{rel}","templated":true}]}}