{"id":18680,"date":"2023-10-10T06:09:10","date_gmt":"2023-10-10T06:09:10","guid":{"rendered":"https:\/\/themeholt.com\/product\/boxen-boxing-school-martial\/"},"modified":"2024-11-06T11:08:38","modified_gmt":"2024-11-06T11:08:38","slug":"escuela-de-boxeo-boxen-marcial","status":"publish","type":"product","link":"https:\/\/themeholt.com\/es\/product\/escuela-de-boxeo-boxen-marcial\/","title":{"rendered":"Escuela de Boxeo Boxen Marcial"},"content":{"rendered":"<p><span style=\"font-weight: 400\">Adopte la era digital y eleve su escuela de artes marciales a nuevas alturas con nuestro <\/span><b>tema de WordPress para artes marciales de la escuela de boxeo<\/b><span style=\"font-weight: 400\">. Con sus funciones intuitivas y su dise\u00f1o cautivador, puede inspirar, involucrar e inscribir a los estudiantes de manera m\u00e1s efectiva que nunca. \u00a1\u00danase a nosotros en este viaje hacia la excelencia en las artes marciales!<\/span><\/p>\n<p><span style=\"font-weight: 400\">Desate el poder de nuestro tema de WordPress para artes marciales de la escuela de boxeo hoy mismo. Transforme su sitio web en un centro vibrante para los entusiastas de las artes marciales y observe c\u00f3mo crece la comunidad y el \u00e9xito de su escuela. \u00a1Comience ahora!<\/span><\/p>\n","protected":false},"excerpt":{"rendered":"<ul>\n<li><span style=\"font-weight: 400\">Dise\u00f1o profesional<\/span><\/li>\n<li><span style=\"font-weight: 400\">Dise\u00f1o adaptable<\/span><\/li>\n<li><span style=\"font-weight: 400\">Optimizado para SEO<\/span><\/li>\n<li><span style=\"font-weight: 400\">Totalmente personalizable<\/span><\/li>\n<li><span style=\"font-weight: 400\">Generador de p\u00e1ginas Elementor<\/span><\/li>\n<li><span style=\"font-weight: 400\">Compatible con WooCommerce<\/span><\/li>\n<li><span style=\"font-weight: 400\">Integraci\u00f3n con herramientas empresariales<\/span><\/li>\n<\/ul>\n","protected":false},"featured_media":18681,"template":"","meta":{"_acf_changed":false,"inline_featured_image":false},"product_brand":[],"product_cat":[1827],"product_tag":[1830],"class_list":{"0":"post-18680","1":"product","2":"type-product","3":"status-publish","4":"has-post-thumbnail","6":"product_cat-sports-ru","7":"product_tag-sports-wordpress-theme-ru","9":"first","10":"instock","11":"sale","12":"downloadable","13":"taxable","14":"shipping-taxable","15":"purchasable","16":"product-type-simple"},"acf":[],"yoast_head":"<!-- This site is optimized with the Yoast SEO Premium plugin v22.1 (Yoast SEO v26.0) - https:\/\/yoast.com\/wordpress\/plugins\/seo\/ -->\n<title>El mejor tema deportivo | Tema de WordPress sobre boxeo<\/title>\n<meta name=\"description\" content=\"\u00a1Compre el mejor tema de boxeo para WordPress! Dise\u00f1os din\u00e1micos, funciones potentes y dise\u00f1o f\u00e1cil de usar para exhibir su gimnasio o club de boxeo. \u00a1Cont\u00e1ctenos ahora!\" \/>\n<meta name=\"robots\" content=\"index, follow, max-snippet:-1, max-image-preview:large, max-video-preview:-1\" \/>\n<link rel=\"canonical\" href=\"https:\/\/themeholt.com\/es\/product\/escuela-de-boxeo-boxen-marcial\/\" \/>\n<meta property=\"og:locale\" content=\"es_ES\" \/>\n<meta property=\"og:type\" content=\"article\" \/>\n<meta property=\"og:title\" content=\"Escuela de Boxeo Boxen Marcial\" \/>\n<meta property=\"og:description\" content=\"\u00a1Compre el mejor tema de boxeo para WordPress! Dise\u00f1os din\u00e1micos, funciones potentes y dise\u00f1o f\u00e1cil de usar para exhibir su gimnasio o club de boxeo. \u00a1Cont\u00e1ctenos ahora!\" \/>\n<meta property=\"og:url\" content=\"https:\/\/themeholt.com\/es\/product\/escuela-de-boxeo-boxen-marcial\/\" \/>\n<meta property=\"og:site_name\" content=\"ThemeHolt\" \/>\n<meta property=\"article:publisher\" content=\"https:\/\/www.facebook.com\/themeholtT\" \/>\n<meta property=\"article:modified_time\" content=\"2024-11-06T11:08:38+00:00\" \/>\n<meta property=\"og:image\" content=\"https:\/\/themeholt.com\/wp-content\/uploads\/2023\/10\/326.png\" \/>\n\t<meta property=\"og:image:width\" content=\"1350\" \/>\n\t<meta property=\"og:image:height\" content=\"1113\" \/>\n\t<meta property=\"og:image:type\" content=\"image\/png\" \/>\n<meta name=\"twitter:card\" content=\"summary_large_image\" \/>\n<meta name=\"twitter:site\" content=\"@ThemeholtT\" \/>\n<meta name=\"twitter:label1\" content=\"Tiempo de lectura\" \/>\n\t<meta name=\"twitter:data1\" content=\"1 minuto\" \/>\n<script type=\"application\/ld+json\" class=\"yoast-schema-graph\">{\"@context\":\"https:\/\/schema.org\",\"@graph\":[{\"@type\":\"WebPage\",\"@id\":\"https:\/\/themeholt.com\/es\/product\/escuela-de-boxeo-boxen-marcial\/\",\"url\":\"https:\/\/themeholt.com\/es\/product\/escuela-de-boxeo-boxen-marcial\/\",\"name\":\"El mejor tema deportivo | Tema de WordPress sobre boxeo\",\"isPartOf\":{\"@id\":\"https:\/\/themeholt.com\/#website\"},\"primaryImageOfPage\":{\"@id\":\"https:\/\/themeholt.com\/es\/product\/escuela-de-boxeo-boxen-marcial\/#primaryimage\"},\"image\":{\"@id\":\"https:\/\/themeholt.com\/es\/product\/escuela-de-boxeo-boxen-marcial\/#primaryimage\"},\"thumbnailUrl\":\"https:\/\/themeholt.com\/wp-content\/uploads\/2023\/10\/326.png\",\"datePublished\":\"2023-10-10T06:09:10+00:00\",\"dateModified\":\"2024-11-06T11:08:38+00:00\",\"description\":\"\u00a1Compre el mejor tema de boxeo para WordPress! Dise\u00f1os din\u00e1micos, funciones potentes y dise\u00f1o f\u00e1cil de usar para exhibir su gimnasio o club de boxeo. \u00a1Cont\u00e1ctenos ahora!\",\"breadcrumb\":{\"@id\":\"https:\/\/themeholt.com\/es\/product\/escuela-de-boxeo-boxen-marcial\/#breadcrumb\"},\"inLanguage\":\"es\",\"potentialAction\":[{\"@type\":\"ReadAction\",\"target\":[\"https:\/\/themeholt.com\/es\/product\/escuela-de-boxeo-boxen-marcial\/\"]}]},{\"@type\":\"ImageObject\",\"inLanguage\":\"es\",\"@id\":\"https:\/\/themeholt.com\/es\/product\/escuela-de-boxeo-boxen-marcial\/#primaryimage\",\"url\":\"https:\/\/themeholt.com\/wp-content\/uploads\/2023\/10\/326.png\",\"contentUrl\":\"https:\/\/themeholt.com\/wp-content\/uploads\/2023\/10\/326.png\",\"width\":1350,\"height\":1113},{\"@type\":\"BreadcrumbList\",\"@id\":\"https:\/\/themeholt.com\/es\/product\/escuela-de-boxeo-boxen-marcial\/#breadcrumb\",\"itemListElement\":[{\"@type\":\"ListItem\",\"position\":1,\"name\":\"Home\",\"item\":\"https:\/\/themeholt.com\/es\/\"},{\"@type\":\"ListItem\",\"position\":2,\"name\":\"Shop\",\"item\":\"https:\/\/themeholt.com\/shop\/\"},{\"@type\":\"ListItem\",\"position\":3,\"name\":\"Escuela de Boxeo Boxen Marcial\"}]},{\"@type\":\"WebSite\",\"@id\":\"https:\/\/themeholt.com\/#website\",\"url\":\"https:\/\/themeholt.com\/\",\"name\":\"ThemeHolt\",\"description\":\"Themeholt is a website that offers high-quality WordPress themes\",\"publisher\":{\"@id\":\"https:\/\/themeholt.com\/#organization\"},\"potentialAction\":[{\"@type\":\"SearchAction\",\"target\":{\"@type\":\"EntryPoint\",\"urlTemplate\":\"https:\/\/themeholt.com\/?s={search_term_string}\"},\"query-input\":{\"@type\":\"PropertyValueSpecification\",\"valueRequired\":true,\"valueName\":\"search_term_string\"}}],\"inLanguage\":\"es\"},{\"@type\":\"Organization\",\"@id\":\"https:\/\/themeholt.com\/#organization\",\"name\":\"ThemeHolt\",\"alternateName\":\"ThemeHolt\",\"url\":\"https:\/\/themeholt.com\/\",\"logo\":{\"@type\":\"ImageObject\",\"inLanguage\":\"es\",\"@id\":\"https:\/\/themeholt.com\/#\/schema\/logo\/image\/\",\"url\":\"https:\/\/themeholt.com\/wp-content\/uploads\/2024\/10\/themeholt.png\",\"contentUrl\":\"https:\/\/themeholt.com\/wp-content\/uploads\/2024\/10\/themeholt.png\",\"width\":225,\"height\":225,\"caption\":\"ThemeHolt\"},\"image\":{\"@id\":\"https:\/\/themeholt.com\/#\/schema\/logo\/image\/\"},\"sameAs\":[\"https:\/\/www.facebook.com\/themeholtT\",\"https:\/\/x.com\/ThemeholtT\",\"https:\/\/www.linkedin.com\/company\/themeholt\",\"https:\/\/www.instagram.com\/themeholtt\/\"],\"description\":\"Themeholt is a website that offers high-quality WordPress themes that are easy to use and ready for just about everything. In Eindhoven, Netherlands, since 2020 offering simple, accessible WordPress themes by providing a variety of requirements. Themeholt focuses on practicality and efficiency, allowing faster project completion with its superior marketplace and easy-to-use templates.\",\"legalName\":\"ThemeHolt\",\"foundingDate\":\"2022-11-10\",\"numberOfEmployees\":{\"@type\":\"QuantitativeValue\",\"minValue\":\"51\",\"maxValue\":\"200\"}}]}<\/script>\n<!-- \/ Yoast SEO Premium plugin. -->","yoast_head_json":{"title":"El mejor tema deportivo | Tema de WordPress sobre boxeo","description":"\u00a1Compre el mejor tema de boxeo para WordPress! Dise\u00f1os din\u00e1micos, funciones potentes y dise\u00f1o f\u00e1cil de usar para exhibir su gimnasio o club de boxeo. \u00a1Cont\u00e1ctenos ahora!","robots":{"index":"index","follow":"follow","max-snippet":"max-snippet:-1","max-image-preview":"max-image-preview:large","max-video-preview":"max-video-preview:-1"},"canonical":"https:\/\/themeholt.com\/es\/product\/escuela-de-boxeo-boxen-marcial\/","og_locale":"es_ES","og_type":"article","og_title":"Escuela de Boxeo Boxen Marcial","og_description":"\u00a1Compre el mejor tema de boxeo para WordPress! Dise\u00f1os din\u00e1micos, funciones potentes y dise\u00f1o f\u00e1cil de usar para exhibir su gimnasio o club de boxeo. \u00a1Cont\u00e1ctenos ahora!","og_url":"https:\/\/themeholt.com\/es\/product\/escuela-de-boxeo-boxen-marcial\/","og_site_name":"ThemeHolt","article_publisher":"https:\/\/www.facebook.com\/themeholtT","article_modified_time":"2024-11-06T11:08:38+00:00","og_image":[{"width":1350,"height":1113,"url":"https:\/\/themeholt.com\/wp-content\/uploads\/2023\/10\/326.png","type":"image\/png"}],"twitter_card":"summary_large_image","twitter_site":"@ThemeholtT","twitter_misc":{"Tiempo de lectura":"1 minuto"},"schema":{"@context":"https:\/\/schema.org","@graph":[{"@type":"WebPage","@id":"https:\/\/themeholt.com\/es\/product\/escuela-de-boxeo-boxen-marcial\/","url":"https:\/\/themeholt.com\/es\/product\/escuela-de-boxeo-boxen-marcial\/","name":"El mejor tema deportivo | Tema de WordPress sobre boxeo","isPartOf":{"@id":"https:\/\/themeholt.com\/#website"},"primaryImageOfPage":{"@id":"https:\/\/themeholt.com\/es\/product\/escuela-de-boxeo-boxen-marcial\/#primaryimage"},"image":{"@id":"https:\/\/themeholt.com\/es\/product\/escuela-de-boxeo-boxen-marcial\/#primaryimage"},"thumbnailUrl":"https:\/\/themeholt.com\/wp-content\/uploads\/2023\/10\/326.png","datePublished":"2023-10-10T06:09:10+00:00","dateModified":"2024-11-06T11:08:38+00:00","description":"\u00a1Compre el mejor tema de boxeo para WordPress! Dise\u00f1os din\u00e1micos, funciones potentes y dise\u00f1o f\u00e1cil de usar para exhibir su gimnasio o club de boxeo. \u00a1Cont\u00e1ctenos ahora!","breadcrumb":{"@id":"https:\/\/themeholt.com\/es\/product\/escuela-de-boxeo-boxen-marcial\/#breadcrumb"},"inLanguage":"es","potentialAction":[{"@type":"ReadAction","target":["https:\/\/themeholt.com\/es\/product\/escuela-de-boxeo-boxen-marcial\/"]}]},{"@type":"ImageObject","inLanguage":"es","@id":"https:\/\/themeholt.com\/es\/product\/escuela-de-boxeo-boxen-marcial\/#primaryimage","url":"https:\/\/themeholt.com\/wp-content\/uploads\/2023\/10\/326.png","contentUrl":"https:\/\/themeholt.com\/wp-content\/uploads\/2023\/10\/326.png","width":1350,"height":1113},{"@type":"BreadcrumbList","@id":"https:\/\/themeholt.com\/es\/product\/escuela-de-boxeo-boxen-marcial\/#breadcrumb","itemListElement":[{"@type":"ListItem","position":1,"name":"Home","item":"https:\/\/themeholt.com\/es\/"},{"@type":"ListItem","position":2,"name":"Shop","item":"https:\/\/themeholt.com\/shop\/"},{"@type":"ListItem","position":3,"name":"Escuela de Boxeo Boxen Marcial"}]},{"@type":"WebSite","@id":"https:\/\/themeholt.com\/#website","url":"https:\/\/themeholt.com\/","name":"ThemeHolt","description":"Themeholt is a website that offers high-quality WordPress themes","publisher":{"@id":"https:\/\/themeholt.com\/#organization"},"potentialAction":[{"@type":"SearchAction","target":{"@type":"EntryPoint","urlTemplate":"https:\/\/themeholt.com\/?s={search_term_string}"},"query-input":{"@type":"PropertyValueSpecification","valueRequired":true,"valueName":"search_term_string"}}],"inLanguage":"es"},{"@type":"Organization","@id":"https:\/\/themeholt.com\/#organization","name":"ThemeHolt","alternateName":"ThemeHolt","url":"https:\/\/themeholt.com\/","logo":{"@type":"ImageObject","inLanguage":"es","@id":"https:\/\/themeholt.com\/#\/schema\/logo\/image\/","url":"https:\/\/themeholt.com\/wp-content\/uploads\/2024\/10\/themeholt.png","contentUrl":"https:\/\/themeholt.com\/wp-content\/uploads\/2024\/10\/themeholt.png","width":225,"height":225,"caption":"ThemeHolt"},"image":{"@id":"https:\/\/themeholt.com\/#\/schema\/logo\/image\/"},"sameAs":["https:\/\/www.facebook.com\/themeholtT","https:\/\/x.com\/ThemeholtT","https:\/\/www.linkedin.com\/company\/themeholt","https:\/\/www.instagram.com\/themeholtt\/"],"description":"Themeholt is a website that offers high-quality WordPress themes that are easy to use and ready for just about everything. In Eindhoven, Netherlands, since 2020 offering simple, accessible WordPress themes by providing a variety of requirements. Themeholt focuses on practicality and efficiency, allowing faster project completion with its superior marketplace and easy-to-use templates.","legalName":"ThemeHolt","foundingDate":"2022-11-10","numberOfEmployees":{"@type":"QuantitativeValue","minValue":"51","maxValue":"200"}}]}},"_links":{"self":[{"href":"https:\/\/themeholt.com\/es\/wp-json\/wp\/v2\/product\/18680","targetHints":{"allow":["GET"]}}],"collection":[{"href":"https:\/\/themeholt.com\/es\/wp-json\/wp\/v2\/product"}],"about":[{"href":"https:\/\/themeholt.com\/es\/wp-json\/wp\/v2\/types\/product"}],"wp:featuredmedia":[{"embeddable":true,"href":"https:\/\/themeholt.com\/es\/wp-json\/wp\/v2\/media\/18681"}],"wp:attachment":[{"href":"https:\/\/themeholt.com\/es\/wp-json\/wp\/v2\/media?parent=18680"}],"wp:term":[{"taxonomy":"product_brand","embeddable":true,"href":"https:\/\/themeholt.com\/es\/wp-json\/wp\/v2\/product_brand?post=18680"},{"taxonomy":"product_cat","embeddable":true,"href":"https:\/\/themeholt.com\/es\/wp-json\/wp\/v2\/product_cat?post=18680"},{"taxonomy":"product_tag","embeddable":true,"href":"https:\/\/themeholt.com\/es\/wp-json\/wp\/v2\/product_tag?post=18680"}],"curies":[{"name":"wp","href":"https:\/\/api.w.org\/{rel}","templated":true}]}}