{"id":18722,"date":"2023-10-09T10:32:25","date_gmt":"2023-10-09T10:32:25","guid":{"rendered":"https:\/\/themeholt.com\/product\/netric-proxy-vpn-services\/"},"modified":"2024-11-07T03:14:51","modified_gmt":"2024-11-07T03:14:51","slug":"servicios-de-vpn-con-proxy-netric","status":"publish","type":"product","link":"https:\/\/themeholt.com\/es\/product\/servicios-de-vpn-con-proxy-netric\/","title":{"rendered":"Servicios de VPN con proxy Netric"},"content":{"rendered":"<p><span style=\"font-weight: 400\">El <\/span><b>tema de WordPress para servicios VPN proxy<\/b><span style=\"font-weight: 400\"> es una plantilla de sitio web vers\u00e1til y f\u00e1cil de usar dise\u00f1ada para crear una plataforma en l\u00ednea din\u00e1mica para proveedores de servicios VPN. En respuesta a los crecientes requisitos de privacidad y seguridad en l\u00ednea, este tema ofrece una combinaci\u00f3n perfecta de funcionalidad y est\u00e9tica. Su apariencia elegante y moderna irradia profesionalismo y confiabilidad, dos cualidades que son importantes en el sector de VPN. <\/span><\/p>\n<p><span style=\"font-weight: 400\">El tema ofrece funciones esenciales como ubicaciones de servidores, planes de suscripci\u00f3n y comparaciones de precios, lo que facilita a los usuarios la investigaci\u00f3n y selecci\u00f3n del mejor proveedor de VPN. Su dise\u00f1o responsivo lo hace compatible con una amplia gama de dispositivos, lo que mejora la experiencia del usuario. Personalice este tema para ayudar a que su empresa de VPN se destaque en l\u00ednea y atraiga a clientes que buscan soluciones de privacidad y seguridad en l\u00ednea.<\/span><\/p>\n","protected":false},"excerpt":{"rendered":"<ul>\n<li><span style=\"font-weight: 400\">Dise\u00f1o moderno y experiencia centrada en el usuario<\/span><\/li>\n<li><span style=\"font-weight: 400\">Rico en funciones y personalizable<\/span><\/li>\n<li><span style=\"font-weight: 400\">Presentaci\u00f3n de portafolios<\/span><\/li>\n<li><span style=\"font-weight: 400\">Servicios y soluciones<\/span><\/li>\n<li><span style=\"font-weight: 400\">Testimonios y casos pr\u00e1cticos<\/span><\/li>\n<li><span style=\"font-weight: 400\">Integraci\u00f3n de blogs<\/span><\/li>\n<\/ul>\n","protected":false},"featured_media":18723,"template":"","meta":{"_acf_changed":false,"inline_featured_image":false},"product_brand":[],"product_cat":[1820],"product_tag":[1825],"class_list":{"0":"post-18722","1":"product","2":"type-product","3":"status-publish","4":"has-post-thumbnail","6":"product_cat-technology-apps-ru","7":"product_tag-best-mobile-applications-themes-ru","9":"first","10":"instock","11":"sale","12":"downloadable","13":"taxable","14":"shipping-taxable","15":"purchasable","16":"product-type-simple"},"acf":[],"yoast_head":"<!-- This site is optimized with the Yoast SEO Premium plugin v22.1 (Yoast SEO v26.0) - https:\/\/yoast.com\/wordpress\/plugins\/seo\/ -->\n<title>Tema de WordPress para servicios de VPN proxy | Plantillas de sitios web proxy<\/title>\n<meta name=\"description\" content=\"Obt\u00e9n el mejor tema de WordPress para servicios VPN proxy para una navegaci\u00f3n segura. F\u00e1cil configuraci\u00f3n y funciones de seguridad de primer nivel. \u00a1Perfecto para proveedores de VPN!\" \/>\n<meta name=\"robots\" content=\"index, follow, max-snippet:-1, max-image-preview:large, max-video-preview:-1\" \/>\n<link rel=\"canonical\" href=\"https:\/\/themeholt.com\/es\/product\/servicios-de-vpn-con-proxy-netric\/\" \/>\n<meta property=\"og:locale\" content=\"es_ES\" \/>\n<meta property=\"og:type\" content=\"article\" \/>\n<meta property=\"og:title\" content=\"Servicios de VPN con proxy Netric\" \/>\n<meta property=\"og:description\" content=\"Obt\u00e9n el mejor tema de WordPress para servicios VPN proxy para una navegaci\u00f3n segura. F\u00e1cil configuraci\u00f3n y funciones de seguridad de primer nivel. \u00a1Perfecto para proveedores de VPN!\" \/>\n<meta property=\"og:url\" content=\"https:\/\/themeholt.com\/es\/product\/servicios-de-vpn-con-proxy-netric\/\" \/>\n<meta property=\"og:site_name\" content=\"ThemeHolt\" \/>\n<meta property=\"article:publisher\" content=\"https:\/\/www.facebook.com\/themeholtT\" \/>\n<meta property=\"article:modified_time\" content=\"2024-11-07T03:14:51+00:00\" \/>\n<meta property=\"og:image\" content=\"https:\/\/themeholt.com\/wp-content\/uploads\/2023\/10\/26-4.png\" \/>\n\t<meta property=\"og:image:width\" content=\"1358\" \/>\n\t<meta property=\"og:image:height\" content=\"1504\" \/>\n\t<meta property=\"og:image:type\" content=\"image\/png\" \/>\n<meta name=\"twitter:card\" content=\"summary_large_image\" \/>\n<meta name=\"twitter:site\" content=\"@ThemeholtT\" \/>\n<meta name=\"twitter:label1\" content=\"Tiempo de lectura\" \/>\n\t<meta name=\"twitter:data1\" content=\"1 minuto\" \/>\n<script type=\"application\/ld+json\" class=\"yoast-schema-graph\">{\"@context\":\"https:\/\/schema.org\",\"@graph\":[{\"@type\":\"WebPage\",\"@id\":\"https:\/\/themeholt.com\/es\/product\/servicios-de-vpn-con-proxy-netric\/\",\"url\":\"https:\/\/themeholt.com\/es\/product\/servicios-de-vpn-con-proxy-netric\/\",\"name\":\"Tema de WordPress para servicios de VPN proxy | Plantillas de sitios web proxy\",\"isPartOf\":{\"@id\":\"https:\/\/www.cyan-dolphin-864669.hostingersite.com\/de\/#website\"},\"primaryImageOfPage\":{\"@id\":\"https:\/\/themeholt.com\/es\/product\/servicios-de-vpn-con-proxy-netric\/#primaryimage\"},\"image\":{\"@id\":\"https:\/\/themeholt.com\/es\/product\/servicios-de-vpn-con-proxy-netric\/#primaryimage\"},\"thumbnailUrl\":\"https:\/\/themeholt.com\/wp-content\/uploads\/2023\/10\/26-4.png\",\"datePublished\":\"2023-10-09T10:32:25+00:00\",\"dateModified\":\"2024-11-07T03:14:51+00:00\",\"description\":\"Obt\u00e9n el mejor tema de WordPress para servicios VPN proxy para una navegaci\u00f3n segura. F\u00e1cil configuraci\u00f3n y funciones de seguridad de primer nivel. \u00a1Perfecto para proveedores de VPN!\",\"breadcrumb\":{\"@id\":\"https:\/\/themeholt.com\/es\/product\/servicios-de-vpn-con-proxy-netric\/#breadcrumb\"},\"inLanguage\":\"es\",\"potentialAction\":[{\"@type\":\"ReadAction\",\"target\":[\"https:\/\/themeholt.com\/es\/product\/servicios-de-vpn-con-proxy-netric\/\"]}]},{\"@type\":\"ImageObject\",\"inLanguage\":\"es\",\"@id\":\"https:\/\/themeholt.com\/es\/product\/servicios-de-vpn-con-proxy-netric\/#primaryimage\",\"url\":\"https:\/\/themeholt.com\/wp-content\/uploads\/2023\/10\/26-4.png\",\"contentUrl\":\"https:\/\/themeholt.com\/wp-content\/uploads\/2023\/10\/26-4.png\",\"width\":1358,\"height\":1504},{\"@type\":\"BreadcrumbList\",\"@id\":\"https:\/\/themeholt.com\/es\/product\/servicios-de-vpn-con-proxy-netric\/#breadcrumb\",\"itemListElement\":[{\"@type\":\"ListItem\",\"position\":1,\"name\":\"Home\",\"item\":\"https:\/\/themeholt.com\/es\/\"},{\"@type\":\"ListItem\",\"position\":2,\"name\":\"Shop\",\"item\":\"https:\/\/themeholt.com\/shop\/\"},{\"@type\":\"ListItem\",\"position\":3,\"name\":\"Servicios de VPN con proxy Netric\"}]},{\"@type\":\"WebSite\",\"@id\":\"https:\/\/www.cyan-dolphin-864669.hostingersite.com\/de\/#website\",\"url\":\"https:\/\/www.cyan-dolphin-864669.hostingersite.com\/de\/\",\"name\":\"ThemeHolt\",\"description\":\"Themeholt is a website that offers high-quality WordPress themes\",\"publisher\":{\"@id\":\"https:\/\/www.cyan-dolphin-864669.hostingersite.com\/de\/#organization\"},\"potentialAction\":[{\"@type\":\"SearchAction\",\"target\":{\"@type\":\"EntryPoint\",\"urlTemplate\":\"https:\/\/www.cyan-dolphin-864669.hostingersite.com\/de\/?s={search_term_string}\"},\"query-input\":{\"@type\":\"PropertyValueSpecification\",\"valueRequired\":true,\"valueName\":\"search_term_string\"}}],\"inLanguage\":\"es\"},{\"@type\":\"Organization\",\"@id\":\"https:\/\/www.cyan-dolphin-864669.hostingersite.com\/de\/#organization\",\"name\":\"ThemeHolt\",\"alternateName\":\"ThemeHolt\",\"url\":\"https:\/\/www.cyan-dolphin-864669.hostingersite.com\/de\/\",\"logo\":{\"@type\":\"ImageObject\",\"inLanguage\":\"es\",\"@id\":\"https:\/\/www.cyan-dolphin-864669.hostingersite.com\/de\/#\/schema\/logo\/image\/\",\"url\":\"https:\/\/themeholt.com\/wp-content\/uploads\/2024\/10\/themeholt.png\",\"contentUrl\":\"https:\/\/themeholt.com\/wp-content\/uploads\/2024\/10\/themeholt.png\",\"width\":225,\"height\":225,\"caption\":\"ThemeHolt\"},\"image\":{\"@id\":\"https:\/\/www.cyan-dolphin-864669.hostingersite.com\/de\/#\/schema\/logo\/image\/\"},\"sameAs\":[\"https:\/\/www.facebook.com\/themeholtT\",\"https:\/\/x.com\/ThemeholtT\",\"https:\/\/www.linkedin.com\/company\/themeholt\",\"https:\/\/www.instagram.com\/themeholtt\/\"],\"description\":\"Themeholt is a website that offers high-quality WordPress themes that are easy to use and ready for just about everything. In Eindhoven, Netherlands, since 2020 offering simple, accessible WordPress themes by providing a variety of requirements. Themeholt focuses on practicality and efficiency, allowing faster project completion with its superior marketplace and easy-to-use templates.\",\"legalName\":\"ThemeHolt\",\"foundingDate\":\"2022-11-10\",\"numberOfEmployees\":{\"@type\":\"QuantitativeValue\",\"minValue\":\"51\",\"maxValue\":\"200\"}}]}<\/script>\n<!-- \/ Yoast SEO Premium plugin. -->","yoast_head_json":{"title":"Tema de WordPress para servicios de VPN proxy | Plantillas de sitios web proxy","description":"Obt\u00e9n el mejor tema de WordPress para servicios VPN proxy para una navegaci\u00f3n segura. F\u00e1cil configuraci\u00f3n y funciones de seguridad de primer nivel. \u00a1Perfecto para proveedores de VPN!","robots":{"index":"index","follow":"follow","max-snippet":"max-snippet:-1","max-image-preview":"max-image-preview:large","max-video-preview":"max-video-preview:-1"},"canonical":"https:\/\/themeholt.com\/es\/product\/servicios-de-vpn-con-proxy-netric\/","og_locale":"es_ES","og_type":"article","og_title":"Servicios de VPN con proxy Netric","og_description":"Obt\u00e9n el mejor tema de WordPress para servicios VPN proxy para una navegaci\u00f3n segura. F\u00e1cil configuraci\u00f3n y funciones de seguridad de primer nivel. \u00a1Perfecto para proveedores de VPN!","og_url":"https:\/\/themeholt.com\/es\/product\/servicios-de-vpn-con-proxy-netric\/","og_site_name":"ThemeHolt","article_publisher":"https:\/\/www.facebook.com\/themeholtT","article_modified_time":"2024-11-07T03:14:51+00:00","og_image":[{"width":1358,"height":1504,"url":"https:\/\/themeholt.com\/wp-content\/uploads\/2023\/10\/26-4.png","type":"image\/png"}],"twitter_card":"summary_large_image","twitter_site":"@ThemeholtT","twitter_misc":{"Tiempo de lectura":"1 minuto"},"schema":{"@context":"https:\/\/schema.org","@graph":[{"@type":"WebPage","@id":"https:\/\/themeholt.com\/es\/product\/servicios-de-vpn-con-proxy-netric\/","url":"https:\/\/themeholt.com\/es\/product\/servicios-de-vpn-con-proxy-netric\/","name":"Tema de WordPress para servicios de VPN proxy | Plantillas de sitios web proxy","isPartOf":{"@id":"https:\/\/www.cyan-dolphin-864669.hostingersite.com\/de\/#website"},"primaryImageOfPage":{"@id":"https:\/\/themeholt.com\/es\/product\/servicios-de-vpn-con-proxy-netric\/#primaryimage"},"image":{"@id":"https:\/\/themeholt.com\/es\/product\/servicios-de-vpn-con-proxy-netric\/#primaryimage"},"thumbnailUrl":"https:\/\/themeholt.com\/wp-content\/uploads\/2023\/10\/26-4.png","datePublished":"2023-10-09T10:32:25+00:00","dateModified":"2024-11-07T03:14:51+00:00","description":"Obt\u00e9n el mejor tema de WordPress para servicios VPN proxy para una navegaci\u00f3n segura. F\u00e1cil configuraci\u00f3n y funciones de seguridad de primer nivel. \u00a1Perfecto para proveedores de VPN!","breadcrumb":{"@id":"https:\/\/themeholt.com\/es\/product\/servicios-de-vpn-con-proxy-netric\/#breadcrumb"},"inLanguage":"es","potentialAction":[{"@type":"ReadAction","target":["https:\/\/themeholt.com\/es\/product\/servicios-de-vpn-con-proxy-netric\/"]}]},{"@type":"ImageObject","inLanguage":"es","@id":"https:\/\/themeholt.com\/es\/product\/servicios-de-vpn-con-proxy-netric\/#primaryimage","url":"https:\/\/themeholt.com\/wp-content\/uploads\/2023\/10\/26-4.png","contentUrl":"https:\/\/themeholt.com\/wp-content\/uploads\/2023\/10\/26-4.png","width":1358,"height":1504},{"@type":"BreadcrumbList","@id":"https:\/\/themeholt.com\/es\/product\/servicios-de-vpn-con-proxy-netric\/#breadcrumb","itemListElement":[{"@type":"ListItem","position":1,"name":"Home","item":"https:\/\/themeholt.com\/es\/"},{"@type":"ListItem","position":2,"name":"Shop","item":"https:\/\/themeholt.com\/shop\/"},{"@type":"ListItem","position":3,"name":"Servicios de VPN con proxy Netric"}]},{"@type":"WebSite","@id":"https:\/\/www.cyan-dolphin-864669.hostingersite.com\/de\/#website","url":"https:\/\/www.cyan-dolphin-864669.hostingersite.com\/de\/","name":"ThemeHolt","description":"Themeholt is a website that offers high-quality WordPress themes","publisher":{"@id":"https:\/\/www.cyan-dolphin-864669.hostingersite.com\/de\/#organization"},"potentialAction":[{"@type":"SearchAction","target":{"@type":"EntryPoint","urlTemplate":"https:\/\/www.cyan-dolphin-864669.hostingersite.com\/de\/?s={search_term_string}"},"query-input":{"@type":"PropertyValueSpecification","valueRequired":true,"valueName":"search_term_string"}}],"inLanguage":"es"},{"@type":"Organization","@id":"https:\/\/www.cyan-dolphin-864669.hostingersite.com\/de\/#organization","name":"ThemeHolt","alternateName":"ThemeHolt","url":"https:\/\/www.cyan-dolphin-864669.hostingersite.com\/de\/","logo":{"@type":"ImageObject","inLanguage":"es","@id":"https:\/\/www.cyan-dolphin-864669.hostingersite.com\/de\/#\/schema\/logo\/image\/","url":"https:\/\/themeholt.com\/wp-content\/uploads\/2024\/10\/themeholt.png","contentUrl":"https:\/\/themeholt.com\/wp-content\/uploads\/2024\/10\/themeholt.png","width":225,"height":225,"caption":"ThemeHolt"},"image":{"@id":"https:\/\/www.cyan-dolphin-864669.hostingersite.com\/de\/#\/schema\/logo\/image\/"},"sameAs":["https:\/\/www.facebook.com\/themeholtT","https:\/\/x.com\/ThemeholtT","https:\/\/www.linkedin.com\/company\/themeholt","https:\/\/www.instagram.com\/themeholtt\/"],"description":"Themeholt is a website that offers high-quality WordPress themes that are easy to use and ready for just about everything. In Eindhoven, Netherlands, since 2020 offering simple, accessible WordPress themes by providing a variety of requirements. Themeholt focuses on practicality and efficiency, allowing faster project completion with its superior marketplace and easy-to-use templates.","legalName":"ThemeHolt","foundingDate":"2022-11-10","numberOfEmployees":{"@type":"QuantitativeValue","minValue":"51","maxValue":"200"}}]}},"_links":{"self":[{"href":"https:\/\/themeholt.com\/es\/wp-json\/wp\/v2\/product\/18722","targetHints":{"allow":["GET"]}}],"collection":[{"href":"https:\/\/themeholt.com\/es\/wp-json\/wp\/v2\/product"}],"about":[{"href":"https:\/\/themeholt.com\/es\/wp-json\/wp\/v2\/types\/product"}],"wp:featuredmedia":[{"embeddable":true,"href":"https:\/\/themeholt.com\/es\/wp-json\/wp\/v2\/media\/18723"}],"wp:attachment":[{"href":"https:\/\/themeholt.com\/es\/wp-json\/wp\/v2\/media?parent=18722"}],"wp:term":[{"taxonomy":"product_brand","embeddable":true,"href":"https:\/\/themeholt.com\/es\/wp-json\/wp\/v2\/product_brand?post=18722"},{"taxonomy":"product_cat","embeddable":true,"href":"https:\/\/themeholt.com\/es\/wp-json\/wp\/v2\/product_cat?post=18722"},{"taxonomy":"product_tag","embeddable":true,"href":"https:\/\/themeholt.com\/es\/wp-json\/wp\/v2\/product_tag?post=18722"}],"curies":[{"name":"wp","href":"https:\/\/api.w.org\/{rel}","templated":true}]}}