{"id":18734,"date":"2023-10-09T10:07:49","date_gmt":"2023-10-09T10:07:49","guid":{"rendered":"https:\/\/themeholt.com\/product\/cryptodax-cryptocurrency\/"},"modified":"2024-11-07T03:32:34","modified_gmt":"2024-11-07T03:32:34","slug":"criptomoneda-cryptodax","status":"publish","type":"product","link":"https:\/\/themeholt.com\/es\/product\/criptomoneda-cryptodax\/","title":{"rendered":"Criptomoneda Cryptodax"},"content":{"rendered":"<p><span style=\"font-weight: 400\">Un <\/span><b>tema de WordPress sobre criptomonedas<\/b><span style=\"font-weight: 400\"> es un dise\u00f1o vers\u00e1til y moderno dise\u00f1ado para sitios web relacionados con monedas digitales, tecnolog\u00eda blockchain y servicios financieros. Este tema es ideal para presentar las noticias m\u00e1s recientes, datos de mercado e informaci\u00f3n comercial sobre criptomonedas porque tiene una interfaz llamativa y clara. Los usuarios pueden realizar un seguimiento de las actualizaciones de precios en tiempo real y administrar sus carteras con sus dise\u00f1os personalizables, gr\u00e1ficos modernos y elementos interactivos.<\/span><\/p>\n<p><span style=\"font-weight: 400\">Tambi\u00e9n incluye con frecuencia complementos importantes para transacciones seguras, publicidad de ICO y participaci\u00f3n de la comunidad. Los propietarios de sitios web pueden crear una presencia en l\u00ednea pulida en el mundo en constante cambio de las finanzas digitales con un tema de WordPress sobre criptomonedas.<\/span><\/p>\n","protected":false},"excerpt":{"rendered":"<ul>\n<li><span style=\"font-weight: 400\">Testimonios y casos pr\u00e1cticos<\/span><\/li>\n<li><span style=\"font-weight: 400\">Integraci\u00f3n de blogs<\/span><\/li>\n<li><span style=\"font-weight: 400\">Formularios de contacto y consultas<\/span><\/li>\n<li><span style=\"font-weight: 400\">Optimizaci\u00f3n SEO<\/span><\/li>\n<li><span style=\"font-weight: 400\">Atenci\u00f3n al cliente y actualizaciones<\/span><\/li>\n<li><span style=\"font-weight: 400\">Responsivo y compatible con dispositivos m\u00f3viles<\/span><\/li>\n<\/ul>\n","protected":false},"featured_media":18735,"template":"","meta":{"_acf_changed":false,"inline_featured_image":false},"product_brand":[],"product_cat":[1820],"product_tag":[1825],"class_list":{"0":"post-18734","1":"product","2":"type-product","3":"status-publish","4":"has-post-thumbnail","6":"product_cat-technology-apps-ru","7":"product_tag-best-mobile-applications-themes-ru","9":"first","10":"instock","11":"sale","12":"downloadable","13":"taxable","14":"shipping-taxable","15":"purchasable","16":"product-type-simple"},"acf":[],"yoast_head":"<!-- This site is optimized with the Yoast SEO Premium plugin v22.1 (Yoast SEO v26.0) - https:\/\/yoast.com\/wordpress\/plugins\/seo\/ -->\n<title>Tema de WordPress para criptomonedas | Tema de WordPress para criptomonedas<\/title>\n<meta name=\"description\" content=\"Consigue el tema de WordPress sobre criptomonedas perfecto para tu sitio web. F\u00e1cil configuraci\u00f3n y opciones de personalizaci\u00f3n. Impulsa tu negocio de criptomonedas hoy mismo. \u00a1Pru\u00e9balo ahora!\" \/>\n<meta name=\"robots\" content=\"index, follow, max-snippet:-1, max-image-preview:large, max-video-preview:-1\" \/>\n<link rel=\"canonical\" href=\"https:\/\/themeholt.com\/es\/product\/criptomoneda-cryptodax\/\" \/>\n<meta property=\"og:locale\" content=\"es_ES\" \/>\n<meta property=\"og:type\" content=\"article\" \/>\n<meta property=\"og:title\" content=\"Criptomoneda Cryptodax\" \/>\n<meta property=\"og:description\" content=\"Consigue el tema de WordPress sobre criptomonedas perfecto para tu sitio web. F\u00e1cil configuraci\u00f3n y opciones de personalizaci\u00f3n. Impulsa tu negocio de criptomonedas hoy mismo. \u00a1Pru\u00e9balo ahora!\" \/>\n<meta property=\"og:url\" content=\"https:\/\/themeholt.com\/es\/product\/criptomoneda-cryptodax\/\" \/>\n<meta property=\"og:site_name\" content=\"ThemeHolt\" \/>\n<meta property=\"article:publisher\" content=\"https:\/\/www.facebook.com\/themeholtT\" \/>\n<meta property=\"article:modified_time\" content=\"2024-11-07T03:32:34+00:00\" \/>\n<meta property=\"og:image\" content=\"https:\/\/themeholt.com\/wp-content\/uploads\/2023\/10\/11-3.png\" \/>\n\t<meta property=\"og:image:width\" content=\"1363\" \/>\n\t<meta property=\"og:image:height\" content=\"1517\" \/>\n\t<meta property=\"og:image:type\" content=\"image\/png\" \/>\n<meta name=\"twitter:card\" content=\"summary_large_image\" \/>\n<meta name=\"twitter:site\" content=\"@ThemeholtT\" \/>\n<meta name=\"twitter:label1\" content=\"Tiempo de lectura\" \/>\n\t<meta name=\"twitter:data1\" content=\"1 minuto\" \/>\n<script type=\"application\/ld+json\" class=\"yoast-schema-graph\">{\"@context\":\"https:\/\/schema.org\",\"@graph\":[{\"@type\":\"WebPage\",\"@id\":\"https:\/\/themeholt.com\/es\/product\/criptomoneda-cryptodax\/\",\"url\":\"https:\/\/themeholt.com\/es\/product\/criptomoneda-cryptodax\/\",\"name\":\"Tema de WordPress para criptomonedas | Tema de WordPress para criptomonedas\",\"isPartOf\":{\"@id\":\"https:\/\/themeholt.com\/#website\"},\"primaryImageOfPage\":{\"@id\":\"https:\/\/themeholt.com\/es\/product\/criptomoneda-cryptodax\/#primaryimage\"},\"image\":{\"@id\":\"https:\/\/themeholt.com\/es\/product\/criptomoneda-cryptodax\/#primaryimage\"},\"thumbnailUrl\":\"https:\/\/themeholt.com\/wp-content\/uploads\/2023\/10\/11-3.png\",\"datePublished\":\"2023-10-09T10:07:49+00:00\",\"dateModified\":\"2024-11-07T03:32:34+00:00\",\"description\":\"Consigue el tema de WordPress sobre criptomonedas perfecto para tu sitio web. F\u00e1cil configuraci\u00f3n y opciones de personalizaci\u00f3n. Impulsa tu negocio de criptomonedas hoy mismo. \u00a1Pru\u00e9balo ahora!\",\"breadcrumb\":{\"@id\":\"https:\/\/themeholt.com\/es\/product\/criptomoneda-cryptodax\/#breadcrumb\"},\"inLanguage\":\"es\",\"potentialAction\":[{\"@type\":\"ReadAction\",\"target\":[\"https:\/\/themeholt.com\/es\/product\/criptomoneda-cryptodax\/\"]}]},{\"@type\":\"ImageObject\",\"inLanguage\":\"es\",\"@id\":\"https:\/\/themeholt.com\/es\/product\/criptomoneda-cryptodax\/#primaryimage\",\"url\":\"https:\/\/themeholt.com\/wp-content\/uploads\/2023\/10\/11-3.png\",\"contentUrl\":\"https:\/\/themeholt.com\/wp-content\/uploads\/2023\/10\/11-3.png\",\"width\":1363,\"height\":1517},{\"@type\":\"BreadcrumbList\",\"@id\":\"https:\/\/themeholt.com\/es\/product\/criptomoneda-cryptodax\/#breadcrumb\",\"itemListElement\":[{\"@type\":\"ListItem\",\"position\":1,\"name\":\"Home\",\"item\":\"https:\/\/themeholt.com\/es\/\"},{\"@type\":\"ListItem\",\"position\":2,\"name\":\"Shop\",\"item\":\"https:\/\/themeholt.com\/shop\/\"},{\"@type\":\"ListItem\",\"position\":3,\"name\":\"Criptomoneda Cryptodax\"}]},{\"@type\":\"WebSite\",\"@id\":\"https:\/\/themeholt.com\/#website\",\"url\":\"https:\/\/themeholt.com\/\",\"name\":\"ThemeHolt\",\"description\":\"Themeholt is a website that offers high-quality WordPress themes\",\"publisher\":{\"@id\":\"https:\/\/themeholt.com\/#organization\"},\"potentialAction\":[{\"@type\":\"SearchAction\",\"target\":{\"@type\":\"EntryPoint\",\"urlTemplate\":\"https:\/\/themeholt.com\/?s={search_term_string}\"},\"query-input\":{\"@type\":\"PropertyValueSpecification\",\"valueRequired\":true,\"valueName\":\"search_term_string\"}}],\"inLanguage\":\"es\"},{\"@type\":\"Organization\",\"@id\":\"https:\/\/themeholt.com\/#organization\",\"name\":\"ThemeHolt\",\"alternateName\":\"ThemeHolt\",\"url\":\"https:\/\/themeholt.com\/\",\"logo\":{\"@type\":\"ImageObject\",\"inLanguage\":\"es\",\"@id\":\"https:\/\/themeholt.com\/#\/schema\/logo\/image\/\",\"url\":\"https:\/\/themeholt.com\/wp-content\/uploads\/2024\/10\/themeholt.png\",\"contentUrl\":\"https:\/\/themeholt.com\/wp-content\/uploads\/2024\/10\/themeholt.png\",\"width\":225,\"height\":225,\"caption\":\"ThemeHolt\"},\"image\":{\"@id\":\"https:\/\/themeholt.com\/#\/schema\/logo\/image\/\"},\"sameAs\":[\"https:\/\/www.facebook.com\/themeholtT\",\"https:\/\/x.com\/ThemeholtT\",\"https:\/\/www.linkedin.com\/company\/themeholt\",\"https:\/\/www.instagram.com\/themeholtt\/\"],\"description\":\"Themeholt is a website that offers high-quality WordPress themes that are easy to use and ready for just about everything. In Eindhoven, Netherlands, since 2020 offering simple, accessible WordPress themes by providing a variety of requirements. Themeholt focuses on practicality and efficiency, allowing faster project completion with its superior marketplace and easy-to-use templates.\",\"legalName\":\"ThemeHolt\",\"foundingDate\":\"2022-11-10\",\"numberOfEmployees\":{\"@type\":\"QuantitativeValue\",\"minValue\":\"51\",\"maxValue\":\"200\"}}]}<\/script>\n<!-- \/ Yoast SEO Premium plugin. -->","yoast_head_json":{"title":"Tema de WordPress para criptomonedas | Tema de WordPress para criptomonedas","description":"Consigue el tema de WordPress sobre criptomonedas perfecto para tu sitio web. F\u00e1cil configuraci\u00f3n y opciones de personalizaci\u00f3n. Impulsa tu negocio de criptomonedas hoy mismo. \u00a1Pru\u00e9balo ahora!","robots":{"index":"index","follow":"follow","max-snippet":"max-snippet:-1","max-image-preview":"max-image-preview:large","max-video-preview":"max-video-preview:-1"},"canonical":"https:\/\/themeholt.com\/es\/product\/criptomoneda-cryptodax\/","og_locale":"es_ES","og_type":"article","og_title":"Criptomoneda Cryptodax","og_description":"Consigue el tema de WordPress sobre criptomonedas perfecto para tu sitio web. F\u00e1cil configuraci\u00f3n y opciones de personalizaci\u00f3n. Impulsa tu negocio de criptomonedas hoy mismo. \u00a1Pru\u00e9balo ahora!","og_url":"https:\/\/themeholt.com\/es\/product\/criptomoneda-cryptodax\/","og_site_name":"ThemeHolt","article_publisher":"https:\/\/www.facebook.com\/themeholtT","article_modified_time":"2024-11-07T03:32:34+00:00","og_image":[{"width":1363,"height":1517,"url":"https:\/\/themeholt.com\/wp-content\/uploads\/2023\/10\/11-3.png","type":"image\/png"}],"twitter_card":"summary_large_image","twitter_site":"@ThemeholtT","twitter_misc":{"Tiempo de lectura":"1 minuto"},"schema":{"@context":"https:\/\/schema.org","@graph":[{"@type":"WebPage","@id":"https:\/\/themeholt.com\/es\/product\/criptomoneda-cryptodax\/","url":"https:\/\/themeholt.com\/es\/product\/criptomoneda-cryptodax\/","name":"Tema de WordPress para criptomonedas | Tema de WordPress para criptomonedas","isPartOf":{"@id":"https:\/\/themeholt.com\/#website"},"primaryImageOfPage":{"@id":"https:\/\/themeholt.com\/es\/product\/criptomoneda-cryptodax\/#primaryimage"},"image":{"@id":"https:\/\/themeholt.com\/es\/product\/criptomoneda-cryptodax\/#primaryimage"},"thumbnailUrl":"https:\/\/themeholt.com\/wp-content\/uploads\/2023\/10\/11-3.png","datePublished":"2023-10-09T10:07:49+00:00","dateModified":"2024-11-07T03:32:34+00:00","description":"Consigue el tema de WordPress sobre criptomonedas perfecto para tu sitio web. F\u00e1cil configuraci\u00f3n y opciones de personalizaci\u00f3n. Impulsa tu negocio de criptomonedas hoy mismo. \u00a1Pru\u00e9balo ahora!","breadcrumb":{"@id":"https:\/\/themeholt.com\/es\/product\/criptomoneda-cryptodax\/#breadcrumb"},"inLanguage":"es","potentialAction":[{"@type":"ReadAction","target":["https:\/\/themeholt.com\/es\/product\/criptomoneda-cryptodax\/"]}]},{"@type":"ImageObject","inLanguage":"es","@id":"https:\/\/themeholt.com\/es\/product\/criptomoneda-cryptodax\/#primaryimage","url":"https:\/\/themeholt.com\/wp-content\/uploads\/2023\/10\/11-3.png","contentUrl":"https:\/\/themeholt.com\/wp-content\/uploads\/2023\/10\/11-3.png","width":1363,"height":1517},{"@type":"BreadcrumbList","@id":"https:\/\/themeholt.com\/es\/product\/criptomoneda-cryptodax\/#breadcrumb","itemListElement":[{"@type":"ListItem","position":1,"name":"Home","item":"https:\/\/themeholt.com\/es\/"},{"@type":"ListItem","position":2,"name":"Shop","item":"https:\/\/themeholt.com\/shop\/"},{"@type":"ListItem","position":3,"name":"Criptomoneda Cryptodax"}]},{"@type":"WebSite","@id":"https:\/\/themeholt.com\/#website","url":"https:\/\/themeholt.com\/","name":"ThemeHolt","description":"Themeholt is a website that offers high-quality WordPress themes","publisher":{"@id":"https:\/\/themeholt.com\/#organization"},"potentialAction":[{"@type":"SearchAction","target":{"@type":"EntryPoint","urlTemplate":"https:\/\/themeholt.com\/?s={search_term_string}"},"query-input":{"@type":"PropertyValueSpecification","valueRequired":true,"valueName":"search_term_string"}}],"inLanguage":"es"},{"@type":"Organization","@id":"https:\/\/themeholt.com\/#organization","name":"ThemeHolt","alternateName":"ThemeHolt","url":"https:\/\/themeholt.com\/","logo":{"@type":"ImageObject","inLanguage":"es","@id":"https:\/\/themeholt.com\/#\/schema\/logo\/image\/","url":"https:\/\/themeholt.com\/wp-content\/uploads\/2024\/10\/themeholt.png","contentUrl":"https:\/\/themeholt.com\/wp-content\/uploads\/2024\/10\/themeholt.png","width":225,"height":225,"caption":"ThemeHolt"},"image":{"@id":"https:\/\/themeholt.com\/#\/schema\/logo\/image\/"},"sameAs":["https:\/\/www.facebook.com\/themeholtT","https:\/\/x.com\/ThemeholtT","https:\/\/www.linkedin.com\/company\/themeholt","https:\/\/www.instagram.com\/themeholtt\/"],"description":"Themeholt is a website that offers high-quality WordPress themes that are easy to use and ready for just about everything. In Eindhoven, Netherlands, since 2020 offering simple, accessible WordPress themes by providing a variety of requirements. Themeholt focuses on practicality and efficiency, allowing faster project completion with its superior marketplace and easy-to-use templates.","legalName":"ThemeHolt","foundingDate":"2022-11-10","numberOfEmployees":{"@type":"QuantitativeValue","minValue":"51","maxValue":"200"}}]}},"_links":{"self":[{"href":"https:\/\/themeholt.com\/es\/wp-json\/wp\/v2\/product\/18734","targetHints":{"allow":["GET"]}}],"collection":[{"href":"https:\/\/themeholt.com\/es\/wp-json\/wp\/v2\/product"}],"about":[{"href":"https:\/\/themeholt.com\/es\/wp-json\/wp\/v2\/types\/product"}],"wp:featuredmedia":[{"embeddable":true,"href":"https:\/\/themeholt.com\/es\/wp-json\/wp\/v2\/media\/18735"}],"wp:attachment":[{"href":"https:\/\/themeholt.com\/es\/wp-json\/wp\/v2\/media?parent=18734"}],"wp:term":[{"taxonomy":"product_brand","embeddable":true,"href":"https:\/\/themeholt.com\/es\/wp-json\/wp\/v2\/product_brand?post=18734"},{"taxonomy":"product_cat","embeddable":true,"href":"https:\/\/themeholt.com\/es\/wp-json\/wp\/v2\/product_cat?post=18734"},{"taxonomy":"product_tag","embeddable":true,"href":"https:\/\/themeholt.com\/es\/wp-json\/wp\/v2\/product_tag?post=18734"}],"curies":[{"name":"wp","href":"https:\/\/api.w.org\/{rel}","templated":true}]}}