{"id":18743,"date":"2023-10-09T09:58:47","date_gmt":"2023-10-09T09:58:47","guid":{"rendered":"https:\/\/themeholt.com\/product\/techno-xpert-software-agency\/"},"modified":"2024-11-07T04:11:59","modified_gmt":"2024-11-07T04:11:59","slug":"agencia-de-software-techno-xpert","status":"publish","type":"product","link":"https:\/\/themeholt.com\/es\/product\/agencia-de-software-techno-xpert\/","title":{"rendered":"Agencia de software Techno Xpert"},"content":{"rendered":"<p><span style=\"font-weight: 400\">El tema de WordPress Xpert Software Agency es una opci\u00f3n de dise\u00f1o web din\u00e1mica y adaptable dise\u00f1ada espec\u00edficamente para empresas de TI y software. Este tema ofrece una excelente manera de mostrar sus productos y servicios gracias a su dise\u00f1o moderno y f\u00e1cil de usar. Debido a su dise\u00f1o responsivo, su sitio web se ver\u00e1 genial en todos los dispositivos. Muchas funciones integradas, como dise\u00f1os de p\u00e1ginas m\u00faltiples, widgets personalizables y un panel de administraci\u00f3n f\u00e1cil de usar, hacen que sea f\u00e1cil personalizar su sitio web. <\/span><\/p>\n<p><span style=\"font-weight: 400\">El tema proporciona funcionalidad de comercio electr\u00f3nico, as\u00ed como una integraci\u00f3n fluida con complementos conocidos. Este tema le brinda la capacidad de crear una presencia en l\u00ednea pulida que exprese perfectamente los valores fundamentales de su negocio, independientemente de cu\u00e1nto tiempo haya estado en el negocio.<\/span><\/p>\n","protected":false},"excerpt":{"rendered":"<ul>\n<li><span style=\"font-weight: 400\">Dise\u00f1o moderno y experiencia centrada en el usuario<\/span><\/li>\n<li><span style=\"font-weight: 400\">Rico en funciones y personalizable<\/span><\/li>\n<li><span style=\"font-weight: 400\">Presentaci\u00f3n de portafolios<\/span><\/li>\n<li><span style=\"font-weight: 400\">Servicios y soluciones<\/span><\/li>\n<li><span style=\"font-weight: 400\">Testimonios y casos pr\u00e1cticos<\/span><\/li>\n<li><span style=\"font-weight: 400\">Integraci\u00f3n de blogs<\/span><\/li>\n<\/ul>\n","protected":false},"featured_media":18744,"template":"","meta":{"_acf_changed":false,"inline_featured_image":false},"product_brand":[],"product_cat":[1820],"product_tag":[1825],"class_list":{"0":"post-18743","1":"product","2":"type-product","3":"status-publish","4":"has-post-thumbnail","6":"product_cat-technology-apps-ru","7":"product_tag-best-mobile-applications-themes-ru","9":"first","10":"instock","11":"sale","12":"downloadable","13":"taxable","14":"shipping-taxable","15":"purchasable","16":"product-type-simple"},"acf":[],"yoast_head":"<!-- This site is optimized with the Yoast SEO Premium plugin v22.1 (Yoast SEO v26.0) - https:\/\/yoast.com\/wordpress\/plugins\/seo\/ -->\n<title>Tema de WordPress para Xpert Software Agency: optimice su presencia digital<\/title>\n<meta name=\"description\" content=\"Descubra el tema de WordPress definitivo para su agencia de software con Xpert Software Agency WordPress Theme. Mejore su presencia en l\u00ednea y muestre su experiencia con un dise\u00f1o elegante y funciones potentes. \u00a1Comience hoy mismo!\" \/>\n<meta name=\"robots\" content=\"index, follow, max-snippet:-1, max-image-preview:large, max-video-preview:-1\" \/>\n<link rel=\"canonical\" href=\"https:\/\/themeholt.com\/es\/product\/agencia-de-software-techno-xpert\/\" \/>\n<meta property=\"og:locale\" content=\"es_ES\" \/>\n<meta property=\"og:type\" content=\"article\" \/>\n<meta property=\"og:title\" content=\"Agencia de software Techno Xpert\" \/>\n<meta property=\"og:description\" content=\"Descubra el tema de WordPress definitivo para su agencia de software con Xpert Software Agency WordPress Theme. Mejore su presencia en l\u00ednea y muestre su experiencia con un dise\u00f1o elegante y funciones potentes. \u00a1Comience hoy mismo!\" \/>\n<meta property=\"og:url\" content=\"https:\/\/themeholt.com\/es\/product\/agencia-de-software-techno-xpert\/\" \/>\n<meta property=\"og:site_name\" content=\"ThemeHolt\" \/>\n<meta property=\"article:publisher\" content=\"https:\/\/www.facebook.com\/themeholtT\" \/>\n<meta property=\"article:modified_time\" content=\"2024-11-07T04:11:59+00:00\" \/>\n<meta property=\"og:image\" content=\"https:\/\/themeholt.com\/wp-content\/uploads\/2023\/10\/6-2.png\" \/>\n\t<meta property=\"og:image:width\" content=\"1367\" \/>\n\t<meta property=\"og:image:height\" content=\"1034\" \/>\n\t<meta property=\"og:image:type\" content=\"image\/png\" \/>\n<meta name=\"twitter:card\" content=\"summary_large_image\" \/>\n<meta name=\"twitter:site\" content=\"@ThemeholtT\" \/>\n<meta name=\"twitter:label1\" content=\"Tiempo de lectura\" \/>\n\t<meta name=\"twitter:data1\" content=\"1 minuto\" \/>\n<script type=\"application\/ld+json\" class=\"yoast-schema-graph\">{\"@context\":\"https:\/\/schema.org\",\"@graph\":[{\"@type\":\"WebPage\",\"@id\":\"https:\/\/themeholt.com\/es\/product\/agencia-de-software-techno-xpert\/\",\"url\":\"https:\/\/themeholt.com\/es\/product\/agencia-de-software-techno-xpert\/\",\"name\":\"Tema de WordPress para Xpert Software Agency: optimice su presencia digital\",\"isPartOf\":{\"@id\":\"https:\/\/www.cyan-dolphin-864669.hostingersite.com\/de\/#website\"},\"primaryImageOfPage\":{\"@id\":\"https:\/\/themeholt.com\/es\/product\/agencia-de-software-techno-xpert\/#primaryimage\"},\"image\":{\"@id\":\"https:\/\/themeholt.com\/es\/product\/agencia-de-software-techno-xpert\/#primaryimage\"},\"thumbnailUrl\":\"https:\/\/themeholt.com\/wp-content\/uploads\/2023\/10\/6-2.png\",\"datePublished\":\"2023-10-09T09:58:47+00:00\",\"dateModified\":\"2024-11-07T04:11:59+00:00\",\"description\":\"Descubra el tema de WordPress definitivo para su agencia de software con Xpert Software Agency WordPress Theme. Mejore su presencia en l\u00ednea y muestre su experiencia con un dise\u00f1o elegante y funciones potentes. \u00a1Comience hoy mismo!\",\"breadcrumb\":{\"@id\":\"https:\/\/themeholt.com\/es\/product\/agencia-de-software-techno-xpert\/#breadcrumb\"},\"inLanguage\":\"es\",\"potentialAction\":[{\"@type\":\"ReadAction\",\"target\":[\"https:\/\/themeholt.com\/es\/product\/agencia-de-software-techno-xpert\/\"]}]},{\"@type\":\"ImageObject\",\"inLanguage\":\"es\",\"@id\":\"https:\/\/themeholt.com\/es\/product\/agencia-de-software-techno-xpert\/#primaryimage\",\"url\":\"https:\/\/themeholt.com\/wp-content\/uploads\/2023\/10\/6-2.png\",\"contentUrl\":\"https:\/\/themeholt.com\/wp-content\/uploads\/2023\/10\/6-2.png\",\"width\":1367,\"height\":1034},{\"@type\":\"BreadcrumbList\",\"@id\":\"https:\/\/themeholt.com\/es\/product\/agencia-de-software-techno-xpert\/#breadcrumb\",\"itemListElement\":[{\"@type\":\"ListItem\",\"position\":1,\"name\":\"Home\",\"item\":\"https:\/\/themeholt.com\/es\/\"},{\"@type\":\"ListItem\",\"position\":2,\"name\":\"Shop\",\"item\":\"https:\/\/themeholt.com\/shop\/\"},{\"@type\":\"ListItem\",\"position\":3,\"name\":\"Agencia de software Techno Xpert\"}]},{\"@type\":\"WebSite\",\"@id\":\"https:\/\/www.cyan-dolphin-864669.hostingersite.com\/de\/#website\",\"url\":\"https:\/\/www.cyan-dolphin-864669.hostingersite.com\/de\/\",\"name\":\"ThemeHolt\",\"description\":\"Themeholt is a website that offers high-quality WordPress themes\",\"publisher\":{\"@id\":\"https:\/\/www.cyan-dolphin-864669.hostingersite.com\/de\/#organization\"},\"potentialAction\":[{\"@type\":\"SearchAction\",\"target\":{\"@type\":\"EntryPoint\",\"urlTemplate\":\"https:\/\/www.cyan-dolphin-864669.hostingersite.com\/de\/?s={search_term_string}\"},\"query-input\":{\"@type\":\"PropertyValueSpecification\",\"valueRequired\":true,\"valueName\":\"search_term_string\"}}],\"inLanguage\":\"es\"},{\"@type\":\"Organization\",\"@id\":\"https:\/\/www.cyan-dolphin-864669.hostingersite.com\/de\/#organization\",\"name\":\"ThemeHolt\",\"alternateName\":\"ThemeHolt\",\"url\":\"https:\/\/www.cyan-dolphin-864669.hostingersite.com\/de\/\",\"logo\":{\"@type\":\"ImageObject\",\"inLanguage\":\"es\",\"@id\":\"https:\/\/www.cyan-dolphin-864669.hostingersite.com\/de\/#\/schema\/logo\/image\/\",\"url\":\"https:\/\/themeholt.com\/wp-content\/uploads\/2024\/10\/themeholt.png\",\"contentUrl\":\"https:\/\/themeholt.com\/wp-content\/uploads\/2024\/10\/themeholt.png\",\"width\":225,\"height\":225,\"caption\":\"ThemeHolt\"},\"image\":{\"@id\":\"https:\/\/www.cyan-dolphin-864669.hostingersite.com\/de\/#\/schema\/logo\/image\/\"},\"sameAs\":[\"https:\/\/www.facebook.com\/themeholtT\",\"https:\/\/x.com\/ThemeholtT\",\"https:\/\/www.linkedin.com\/company\/themeholt\",\"https:\/\/www.instagram.com\/themeholtt\/\"],\"description\":\"Themeholt is a website that offers high-quality WordPress themes that are easy to use and ready for just about everything. In Eindhoven, Netherlands, since 2020 offering simple, accessible WordPress themes by providing a variety of requirements. Themeholt focuses on practicality and efficiency, allowing faster project completion with its superior marketplace and easy-to-use templates.\",\"legalName\":\"ThemeHolt\",\"foundingDate\":\"2022-11-10\",\"numberOfEmployees\":{\"@type\":\"QuantitativeValue\",\"minValue\":\"51\",\"maxValue\":\"200\"}}]}<\/script>\n<!-- \/ Yoast SEO Premium plugin. -->","yoast_head_json":{"title":"Tema de WordPress para Xpert Software Agency: optimice su presencia digital","description":"Descubra el tema de WordPress definitivo para su agencia de software con Xpert Software Agency WordPress Theme. Mejore su presencia en l\u00ednea y muestre su experiencia con un dise\u00f1o elegante y funciones potentes. \u00a1Comience hoy mismo!","robots":{"index":"index","follow":"follow","max-snippet":"max-snippet:-1","max-image-preview":"max-image-preview:large","max-video-preview":"max-video-preview:-1"},"canonical":"https:\/\/themeholt.com\/es\/product\/agencia-de-software-techno-xpert\/","og_locale":"es_ES","og_type":"article","og_title":"Agencia de software Techno Xpert","og_description":"Descubra el tema de WordPress definitivo para su agencia de software con Xpert Software Agency WordPress Theme. Mejore su presencia en l\u00ednea y muestre su experiencia con un dise\u00f1o elegante y funciones potentes. \u00a1Comience hoy mismo!","og_url":"https:\/\/themeholt.com\/es\/product\/agencia-de-software-techno-xpert\/","og_site_name":"ThemeHolt","article_publisher":"https:\/\/www.facebook.com\/themeholtT","article_modified_time":"2024-11-07T04:11:59+00:00","og_image":[{"width":1367,"height":1034,"url":"https:\/\/themeholt.com\/wp-content\/uploads\/2023\/10\/6-2.png","type":"image\/png"}],"twitter_card":"summary_large_image","twitter_site":"@ThemeholtT","twitter_misc":{"Tiempo de lectura":"1 minuto"},"schema":{"@context":"https:\/\/schema.org","@graph":[{"@type":"WebPage","@id":"https:\/\/themeholt.com\/es\/product\/agencia-de-software-techno-xpert\/","url":"https:\/\/themeholt.com\/es\/product\/agencia-de-software-techno-xpert\/","name":"Tema de WordPress para Xpert Software Agency: optimice su presencia digital","isPartOf":{"@id":"https:\/\/www.cyan-dolphin-864669.hostingersite.com\/de\/#website"},"primaryImageOfPage":{"@id":"https:\/\/themeholt.com\/es\/product\/agencia-de-software-techno-xpert\/#primaryimage"},"image":{"@id":"https:\/\/themeholt.com\/es\/product\/agencia-de-software-techno-xpert\/#primaryimage"},"thumbnailUrl":"https:\/\/themeholt.com\/wp-content\/uploads\/2023\/10\/6-2.png","datePublished":"2023-10-09T09:58:47+00:00","dateModified":"2024-11-07T04:11:59+00:00","description":"Descubra el tema de WordPress definitivo para su agencia de software con Xpert Software Agency WordPress Theme. Mejore su presencia en l\u00ednea y muestre su experiencia con un dise\u00f1o elegante y funciones potentes. \u00a1Comience hoy mismo!","breadcrumb":{"@id":"https:\/\/themeholt.com\/es\/product\/agencia-de-software-techno-xpert\/#breadcrumb"},"inLanguage":"es","potentialAction":[{"@type":"ReadAction","target":["https:\/\/themeholt.com\/es\/product\/agencia-de-software-techno-xpert\/"]}]},{"@type":"ImageObject","inLanguage":"es","@id":"https:\/\/themeholt.com\/es\/product\/agencia-de-software-techno-xpert\/#primaryimage","url":"https:\/\/themeholt.com\/wp-content\/uploads\/2023\/10\/6-2.png","contentUrl":"https:\/\/themeholt.com\/wp-content\/uploads\/2023\/10\/6-2.png","width":1367,"height":1034},{"@type":"BreadcrumbList","@id":"https:\/\/themeholt.com\/es\/product\/agencia-de-software-techno-xpert\/#breadcrumb","itemListElement":[{"@type":"ListItem","position":1,"name":"Home","item":"https:\/\/themeholt.com\/es\/"},{"@type":"ListItem","position":2,"name":"Shop","item":"https:\/\/themeholt.com\/shop\/"},{"@type":"ListItem","position":3,"name":"Agencia de software Techno Xpert"}]},{"@type":"WebSite","@id":"https:\/\/www.cyan-dolphin-864669.hostingersite.com\/de\/#website","url":"https:\/\/www.cyan-dolphin-864669.hostingersite.com\/de\/","name":"ThemeHolt","description":"Themeholt is a website that offers high-quality WordPress themes","publisher":{"@id":"https:\/\/www.cyan-dolphin-864669.hostingersite.com\/de\/#organization"},"potentialAction":[{"@type":"SearchAction","target":{"@type":"EntryPoint","urlTemplate":"https:\/\/www.cyan-dolphin-864669.hostingersite.com\/de\/?s={search_term_string}"},"query-input":{"@type":"PropertyValueSpecification","valueRequired":true,"valueName":"search_term_string"}}],"inLanguage":"es"},{"@type":"Organization","@id":"https:\/\/www.cyan-dolphin-864669.hostingersite.com\/de\/#organization","name":"ThemeHolt","alternateName":"ThemeHolt","url":"https:\/\/www.cyan-dolphin-864669.hostingersite.com\/de\/","logo":{"@type":"ImageObject","inLanguage":"es","@id":"https:\/\/www.cyan-dolphin-864669.hostingersite.com\/de\/#\/schema\/logo\/image\/","url":"https:\/\/themeholt.com\/wp-content\/uploads\/2024\/10\/themeholt.png","contentUrl":"https:\/\/themeholt.com\/wp-content\/uploads\/2024\/10\/themeholt.png","width":225,"height":225,"caption":"ThemeHolt"},"image":{"@id":"https:\/\/www.cyan-dolphin-864669.hostingersite.com\/de\/#\/schema\/logo\/image\/"},"sameAs":["https:\/\/www.facebook.com\/themeholtT","https:\/\/x.com\/ThemeholtT","https:\/\/www.linkedin.com\/company\/themeholt","https:\/\/www.instagram.com\/themeholtt\/"],"description":"Themeholt is a website that offers high-quality WordPress themes that are easy to use and ready for just about everything. In Eindhoven, Netherlands, since 2020 offering simple, accessible WordPress themes by providing a variety of requirements. Themeholt focuses on practicality and efficiency, allowing faster project completion with its superior marketplace and easy-to-use templates.","legalName":"ThemeHolt","foundingDate":"2022-11-10","numberOfEmployees":{"@type":"QuantitativeValue","minValue":"51","maxValue":"200"}}]}},"_links":{"self":[{"href":"https:\/\/themeholt.com\/es\/wp-json\/wp\/v2\/product\/18743","targetHints":{"allow":["GET"]}}],"collection":[{"href":"https:\/\/themeholt.com\/es\/wp-json\/wp\/v2\/product"}],"about":[{"href":"https:\/\/themeholt.com\/es\/wp-json\/wp\/v2\/types\/product"}],"wp:featuredmedia":[{"embeddable":true,"href":"https:\/\/themeholt.com\/es\/wp-json\/wp\/v2\/media\/18744"}],"wp:attachment":[{"href":"https:\/\/themeholt.com\/es\/wp-json\/wp\/v2\/media?parent=18743"}],"wp:term":[{"taxonomy":"product_brand","embeddable":true,"href":"https:\/\/themeholt.com\/es\/wp-json\/wp\/v2\/product_brand?post=18743"},{"taxonomy":"product_cat","embeddable":true,"href":"https:\/\/themeholt.com\/es\/wp-json\/wp\/v2\/product_cat?post=18743"},{"taxonomy":"product_tag","embeddable":true,"href":"https:\/\/themeholt.com\/es\/wp-json\/wp\/v2\/product_tag?post=18743"}],"curies":[{"name":"wp","href":"https:\/\/api.w.org\/{rel}","templated":true}]}}