{"id":18745,"date":"2023-10-09T09:50:27","date_gmt":"2023-10-09T09:50:27","guid":{"rendered":"https:\/\/themeholt.com\/product\/deroly-digital-bank-credit-card\/"},"modified":"2024-11-07T03:53:08","modified_gmt":"2024-11-07T03:53:08","slug":"tarjeta-de-credito-del-banco-digital-deroly","status":"publish","type":"product","link":"https:\/\/themeholt.com\/es\/product\/tarjeta-de-credito-del-banco-digital-deroly\/","title":{"rendered":"Tarjeta de cr\u00e9dito del banco digital Deroly"},"content":{"rendered":"<p><span style=\"font-weight: 400\">Presentamos nuestro innovador <\/span><b>tema de WordPress para tarjetas de cr\u00e9dito de bancos digitales<\/b><span style=\"font-weight: 400\">, dise\u00f1ado para dotar a su instituci\u00f3n financiera de una presencia en l\u00ednea elegante y profesional. El dise\u00f1o responsivo y f\u00e1cil de usar de este tema garantiza un f\u00e1cil acceso en todos los dispositivos. Con una serie de funciones integradas, puede personalizar f\u00e1cilmente su sitio web y destacar sus servicios de banca digital y tarjetas de cr\u00e9dito. Con gr\u00e1ficos llamativos, contenido educativo y navegaci\u00f3n f\u00e1cil de usar, puede captar su audiencia y aumentar la satisfacci\u00f3n y la confianza del cliente.<\/span><\/p>\n<p><span style=\"font-weight: 400\">Nuestro tema ha sido creado para satisfacer las necesidades de las nuevas empresas de tecnolog\u00eda financiera, as\u00ed como de los bancos establecidos. Obtendr\u00e1 una mejor clasificaci\u00f3n en los resultados de b\u00fasqueda y mantendr\u00e1 la confianza de sus clientes si su sitio web tiene elementos seguros y compatibles con SEO. Deje una impresi\u00f3n duradera en sus visitantes mejorando su presencia bancaria en l\u00ednea de inmediato con nuestro tema de WordPress para tarjetas de cr\u00e9dito de bancos digitales.<\/span><\/p>\n<p>&nbsp;<\/p>\n","protected":false},"excerpt":{"rendered":"<ul>\n<li><span style=\"font-weight: 400\">Dise\u00f1o moderno y experiencia centrada en el usuario<\/span><\/li>\n<li><span style=\"font-weight: 400\">Rico en funciones y personalizable<\/span><\/li>\n<li><span style=\"font-weight: 400\">Presentaci\u00f3n de portafolios<\/span><\/li>\n<li><span style=\"font-weight: 400\">Servicios y soluciones<\/span><\/li>\n<li><span style=\"font-weight: 400\">Testimonios y casos pr\u00e1cticos<\/span><\/li>\n<li><span style=\"font-weight: 400\">Integraci\u00f3n de blogs<\/span><\/li>\n<\/ul>\n","protected":false},"featured_media":18746,"template":"","meta":{"_acf_changed":false,"inline_featured_image":false},"product_brand":[],"product_cat":[1561],"product_tag":[1564],"class_list":{"0":"post-18745","1":"product","2":"type-product","3":"status-publish","4":"has-post-thumbnail","6":"product_cat-technology-apps-ro","7":"product_tag-tech-innovations-wordpresss-themes-ro","9":"first","10":"instock","11":"sale","12":"downloadable","13":"taxable","14":"shipping-taxable","15":"purchasable","16":"product-type-simple"},"acf":[],"yoast_head":"<!-- This site is optimized with the Yoast SEO Premium plugin v22.1 (Yoast SEO v26.0) - https:\/\/yoast.com\/wordpress\/plugins\/seo\/ -->\n<title>Temas de WordPress para tarjetas bancarias | Temas de WordPress para tarjetas de cr\u00e9dito<\/title>\n<meta name=\"description\" content=\"Explora temas de tarjetas bancarias de WordPress modernos para tu sitio. Perfectos para mostrar servicios, f\u00e1ciles de instalar y con dise\u00f1o responsivo. \u00a1C\u00f3mpralos ahora para lograr un aspecto profesional!\" \/>\n<meta name=\"robots\" content=\"index, follow, max-snippet:-1, max-image-preview:large, max-video-preview:-1\" \/>\n<link rel=\"canonical\" href=\"https:\/\/themeholt.com\/es\/product\/tarjeta-de-credito-del-banco-digital-deroly\/\" \/>\n<meta property=\"og:locale\" content=\"es_ES\" \/>\n<meta property=\"og:type\" content=\"article\" \/>\n<meta property=\"og:title\" content=\"Tarjeta de cr\u00e9dito del banco digital Deroly\" \/>\n<meta property=\"og:description\" content=\"Explora temas de tarjetas bancarias de WordPress modernos para tu sitio. Perfectos para mostrar servicios, f\u00e1ciles de instalar y con dise\u00f1o responsivo. \u00a1C\u00f3mpralos ahora para lograr un aspecto profesional!\" \/>\n<meta property=\"og:url\" content=\"https:\/\/themeholt.com\/es\/product\/tarjeta-de-credito-del-banco-digital-deroly\/\" \/>\n<meta property=\"og:site_name\" content=\"ThemeHolt\" \/>\n<meta property=\"article:publisher\" content=\"https:\/\/www.facebook.com\/themeholtT\" \/>\n<meta property=\"article:modified_time\" content=\"2024-11-07T03:53:08+00:00\" \/>\n<meta property=\"og:image\" content=\"https:\/\/themeholt.com\/wp-content\/uploads\/2023\/10\/1-2.png\" \/>\n\t<meta property=\"og:image:width\" content=\"1359\" \/>\n\t<meta property=\"og:image:height\" content=\"1093\" \/>\n\t<meta property=\"og:image:type\" content=\"image\/png\" \/>\n<meta name=\"twitter:card\" content=\"summary_large_image\" \/>\n<meta name=\"twitter:site\" content=\"@ThemeholtT\" \/>\n<meta name=\"twitter:label1\" content=\"Tiempo de lectura\" \/>\n\t<meta name=\"twitter:data1\" content=\"1 minuto\" \/>\n<script type=\"application\/ld+json\" class=\"yoast-schema-graph\">{\"@context\":\"https:\/\/schema.org\",\"@graph\":[{\"@type\":\"WebPage\",\"@id\":\"https:\/\/themeholt.com\/es\/product\/tarjeta-de-credito-del-banco-digital-deroly\/\",\"url\":\"https:\/\/themeholt.com\/es\/product\/tarjeta-de-credito-del-banco-digital-deroly\/\",\"name\":\"Temas de WordPress para tarjetas bancarias | Temas de WordPress para tarjetas de cr\u00e9dito\",\"isPartOf\":{\"@id\":\"https:\/\/themeholt.com\/#website\"},\"primaryImageOfPage\":{\"@id\":\"https:\/\/themeholt.com\/es\/product\/tarjeta-de-credito-del-banco-digital-deroly\/#primaryimage\"},\"image\":{\"@id\":\"https:\/\/themeholt.com\/es\/product\/tarjeta-de-credito-del-banco-digital-deroly\/#primaryimage\"},\"thumbnailUrl\":\"https:\/\/themeholt.com\/wp-content\/uploads\/2023\/10\/1-2.png\",\"datePublished\":\"2023-10-09T09:50:27+00:00\",\"dateModified\":\"2024-11-07T03:53:08+00:00\",\"description\":\"Explora temas de tarjetas bancarias de WordPress modernos para tu sitio. Perfectos para mostrar servicios, f\u00e1ciles de instalar y con dise\u00f1o responsivo. \u00a1C\u00f3mpralos ahora para lograr un aspecto profesional!\",\"breadcrumb\":{\"@id\":\"https:\/\/themeholt.com\/es\/product\/tarjeta-de-credito-del-banco-digital-deroly\/#breadcrumb\"},\"inLanguage\":\"es\",\"potentialAction\":[{\"@type\":\"ReadAction\",\"target\":[\"https:\/\/themeholt.com\/es\/product\/tarjeta-de-credito-del-banco-digital-deroly\/\"]}]},{\"@type\":\"ImageObject\",\"inLanguage\":\"es\",\"@id\":\"https:\/\/themeholt.com\/es\/product\/tarjeta-de-credito-del-banco-digital-deroly\/#primaryimage\",\"url\":\"https:\/\/themeholt.com\/wp-content\/uploads\/2023\/10\/1-2.png\",\"contentUrl\":\"https:\/\/themeholt.com\/wp-content\/uploads\/2023\/10\/1-2.png\",\"width\":1359,\"height\":1093},{\"@type\":\"BreadcrumbList\",\"@id\":\"https:\/\/themeholt.com\/es\/product\/tarjeta-de-credito-del-banco-digital-deroly\/#breadcrumb\",\"itemListElement\":[{\"@type\":\"ListItem\",\"position\":1,\"name\":\"Home\",\"item\":\"https:\/\/themeholt.com\/es\/\"},{\"@type\":\"ListItem\",\"position\":2,\"name\":\"Shop\",\"item\":\"https:\/\/themeholt.com\/shop\/\"},{\"@type\":\"ListItem\",\"position\":3,\"name\":\"Tarjeta de cr\u00e9dito del banco digital Deroly\"}]},{\"@type\":\"WebSite\",\"@id\":\"https:\/\/themeholt.com\/#website\",\"url\":\"https:\/\/themeholt.com\/\",\"name\":\"ThemeHolt\",\"description\":\"Themeholt is a website that offers high-quality WordPress themes\",\"publisher\":{\"@id\":\"https:\/\/themeholt.com\/#organization\"},\"potentialAction\":[{\"@type\":\"SearchAction\",\"target\":{\"@type\":\"EntryPoint\",\"urlTemplate\":\"https:\/\/themeholt.com\/?s={search_term_string}\"},\"query-input\":{\"@type\":\"PropertyValueSpecification\",\"valueRequired\":true,\"valueName\":\"search_term_string\"}}],\"inLanguage\":\"es\"},{\"@type\":\"Organization\",\"@id\":\"https:\/\/themeholt.com\/#organization\",\"name\":\"ThemeHolt\",\"alternateName\":\"ThemeHolt\",\"url\":\"https:\/\/themeholt.com\/\",\"logo\":{\"@type\":\"ImageObject\",\"inLanguage\":\"es\",\"@id\":\"https:\/\/themeholt.com\/#\/schema\/logo\/image\/\",\"url\":\"https:\/\/themeholt.com\/wp-content\/uploads\/2024\/10\/themeholt.png\",\"contentUrl\":\"https:\/\/themeholt.com\/wp-content\/uploads\/2024\/10\/themeholt.png\",\"width\":225,\"height\":225,\"caption\":\"ThemeHolt\"},\"image\":{\"@id\":\"https:\/\/themeholt.com\/#\/schema\/logo\/image\/\"},\"sameAs\":[\"https:\/\/www.facebook.com\/themeholtT\",\"https:\/\/x.com\/ThemeholtT\",\"https:\/\/www.linkedin.com\/company\/themeholt\",\"https:\/\/www.instagram.com\/themeholtt\/\"],\"description\":\"Themeholt is a website that offers high-quality WordPress themes that are easy to use and ready for just about everything. In Eindhoven, Netherlands, since 2020 offering simple, accessible WordPress themes by providing a variety of requirements. Themeholt focuses on practicality and efficiency, allowing faster project completion with its superior marketplace and easy-to-use templates.\",\"legalName\":\"ThemeHolt\",\"foundingDate\":\"2022-11-10\",\"numberOfEmployees\":{\"@type\":\"QuantitativeValue\",\"minValue\":\"51\",\"maxValue\":\"200\"}}]}<\/script>\n<!-- \/ Yoast SEO Premium plugin. -->","yoast_head_json":{"title":"Temas de WordPress para tarjetas bancarias | Temas de WordPress para tarjetas de cr\u00e9dito","description":"Explora temas de tarjetas bancarias de WordPress modernos para tu sitio. Perfectos para mostrar servicios, f\u00e1ciles de instalar y con dise\u00f1o responsivo. \u00a1C\u00f3mpralos ahora para lograr un aspecto profesional!","robots":{"index":"index","follow":"follow","max-snippet":"max-snippet:-1","max-image-preview":"max-image-preview:large","max-video-preview":"max-video-preview:-1"},"canonical":"https:\/\/themeholt.com\/es\/product\/tarjeta-de-credito-del-banco-digital-deroly\/","og_locale":"es_ES","og_type":"article","og_title":"Tarjeta de cr\u00e9dito del banco digital Deroly","og_description":"Explora temas de tarjetas bancarias de WordPress modernos para tu sitio. Perfectos para mostrar servicios, f\u00e1ciles de instalar y con dise\u00f1o responsivo. \u00a1C\u00f3mpralos ahora para lograr un aspecto profesional!","og_url":"https:\/\/themeholt.com\/es\/product\/tarjeta-de-credito-del-banco-digital-deroly\/","og_site_name":"ThemeHolt","article_publisher":"https:\/\/www.facebook.com\/themeholtT","article_modified_time":"2024-11-07T03:53:08+00:00","og_image":[{"width":1359,"height":1093,"url":"https:\/\/themeholt.com\/wp-content\/uploads\/2023\/10\/1-2.png","type":"image\/png"}],"twitter_card":"summary_large_image","twitter_site":"@ThemeholtT","twitter_misc":{"Tiempo de lectura":"1 minuto"},"schema":{"@context":"https:\/\/schema.org","@graph":[{"@type":"WebPage","@id":"https:\/\/themeholt.com\/es\/product\/tarjeta-de-credito-del-banco-digital-deroly\/","url":"https:\/\/themeholt.com\/es\/product\/tarjeta-de-credito-del-banco-digital-deroly\/","name":"Temas de WordPress para tarjetas bancarias | Temas de WordPress para tarjetas de cr\u00e9dito","isPartOf":{"@id":"https:\/\/themeholt.com\/#website"},"primaryImageOfPage":{"@id":"https:\/\/themeholt.com\/es\/product\/tarjeta-de-credito-del-banco-digital-deroly\/#primaryimage"},"image":{"@id":"https:\/\/themeholt.com\/es\/product\/tarjeta-de-credito-del-banco-digital-deroly\/#primaryimage"},"thumbnailUrl":"https:\/\/themeholt.com\/wp-content\/uploads\/2023\/10\/1-2.png","datePublished":"2023-10-09T09:50:27+00:00","dateModified":"2024-11-07T03:53:08+00:00","description":"Explora temas de tarjetas bancarias de WordPress modernos para tu sitio. Perfectos para mostrar servicios, f\u00e1ciles de instalar y con dise\u00f1o responsivo. \u00a1C\u00f3mpralos ahora para lograr un aspecto profesional!","breadcrumb":{"@id":"https:\/\/themeholt.com\/es\/product\/tarjeta-de-credito-del-banco-digital-deroly\/#breadcrumb"},"inLanguage":"es","potentialAction":[{"@type":"ReadAction","target":["https:\/\/themeholt.com\/es\/product\/tarjeta-de-credito-del-banco-digital-deroly\/"]}]},{"@type":"ImageObject","inLanguage":"es","@id":"https:\/\/themeholt.com\/es\/product\/tarjeta-de-credito-del-banco-digital-deroly\/#primaryimage","url":"https:\/\/themeholt.com\/wp-content\/uploads\/2023\/10\/1-2.png","contentUrl":"https:\/\/themeholt.com\/wp-content\/uploads\/2023\/10\/1-2.png","width":1359,"height":1093},{"@type":"BreadcrumbList","@id":"https:\/\/themeholt.com\/es\/product\/tarjeta-de-credito-del-banco-digital-deroly\/#breadcrumb","itemListElement":[{"@type":"ListItem","position":1,"name":"Home","item":"https:\/\/themeholt.com\/es\/"},{"@type":"ListItem","position":2,"name":"Shop","item":"https:\/\/themeholt.com\/shop\/"},{"@type":"ListItem","position":3,"name":"Tarjeta de cr\u00e9dito del banco digital Deroly"}]},{"@type":"WebSite","@id":"https:\/\/themeholt.com\/#website","url":"https:\/\/themeholt.com\/","name":"ThemeHolt","description":"Themeholt is a website that offers high-quality WordPress themes","publisher":{"@id":"https:\/\/themeholt.com\/#organization"},"potentialAction":[{"@type":"SearchAction","target":{"@type":"EntryPoint","urlTemplate":"https:\/\/themeholt.com\/?s={search_term_string}"},"query-input":{"@type":"PropertyValueSpecification","valueRequired":true,"valueName":"search_term_string"}}],"inLanguage":"es"},{"@type":"Organization","@id":"https:\/\/themeholt.com\/#organization","name":"ThemeHolt","alternateName":"ThemeHolt","url":"https:\/\/themeholt.com\/","logo":{"@type":"ImageObject","inLanguage":"es","@id":"https:\/\/themeholt.com\/#\/schema\/logo\/image\/","url":"https:\/\/themeholt.com\/wp-content\/uploads\/2024\/10\/themeholt.png","contentUrl":"https:\/\/themeholt.com\/wp-content\/uploads\/2024\/10\/themeholt.png","width":225,"height":225,"caption":"ThemeHolt"},"image":{"@id":"https:\/\/themeholt.com\/#\/schema\/logo\/image\/"},"sameAs":["https:\/\/www.facebook.com\/themeholtT","https:\/\/x.com\/ThemeholtT","https:\/\/www.linkedin.com\/company\/themeholt","https:\/\/www.instagram.com\/themeholtt\/"],"description":"Themeholt is a website that offers high-quality WordPress themes that are easy to use and ready for just about everything. In Eindhoven, Netherlands, since 2020 offering simple, accessible WordPress themes by providing a variety of requirements. Themeholt focuses on practicality and efficiency, allowing faster project completion with its superior marketplace and easy-to-use templates.","legalName":"ThemeHolt","foundingDate":"2022-11-10","numberOfEmployees":{"@type":"QuantitativeValue","minValue":"51","maxValue":"200"}}]}},"_links":{"self":[{"href":"https:\/\/themeholt.com\/es\/wp-json\/wp\/v2\/product\/18745","targetHints":{"allow":["GET"]}}],"collection":[{"href":"https:\/\/themeholt.com\/es\/wp-json\/wp\/v2\/product"}],"about":[{"href":"https:\/\/themeholt.com\/es\/wp-json\/wp\/v2\/types\/product"}],"wp:featuredmedia":[{"embeddable":true,"href":"https:\/\/themeholt.com\/es\/wp-json\/wp\/v2\/media\/18746"}],"wp:attachment":[{"href":"https:\/\/themeholt.com\/es\/wp-json\/wp\/v2\/media?parent=18745"}],"wp:term":[{"taxonomy":"product_brand","embeddable":true,"href":"https:\/\/themeholt.com\/es\/wp-json\/wp\/v2\/product_brand?post=18745"},{"taxonomy":"product_cat","embeddable":true,"href":"https:\/\/themeholt.com\/es\/wp-json\/wp\/v2\/product_cat?post=18745"},{"taxonomy":"product_tag","embeddable":true,"href":"https:\/\/themeholt.com\/es\/wp-json\/wp\/v2\/product_tag?post=18745"}],"curies":[{"name":"wp","href":"https:\/\/api.w.org\/{rel}","templated":true}]}}